{"id":124540,"date":"2024-05-14T13:31:45","date_gmt":"2024-05-14T13:31:45","guid":{"rendered":"https:\/\/nailknowledge.org\/?page_id=124540"},"modified":"2026-03-11T14:16:16","modified_gmt":"2026-03-11T14:16:16","slug":"nailknowledge-network-comunidad-de-artistas-de-unas","status":"publish","type":"page","link":"https:\/\/nailknowledge.org\/es\/nailknowledge-network-nail-artist-community","title":{"rendered":"NailKnowledge Network - Comunidad de artistas de u\u00f1as"},"content":{"rendered":"<section style=\"background-color:#dfbec1;padding-top:30px;padding-bottom:0px;--hero-pb:0px;box-shadow:0 4px 20px rgba(0,0,0,0.40);z-index:10;\" class=\"nk-hero nk-hero-5525e762 alignfull wp-block-nk-hero\">\r\n\t<div class=\"nk-hero__inner\">\r\n\t\t\t\t<div class=\"nk-hero__content\">\r\n\t\t\t\t\t\t\t<h1 class=\"nk-hero__title\"><strong><strong>Red NailKnowledge<\/strong><\/strong><\/h1>\r\n\t\t\t\t\t\t\t\t\t\t\t\t\t<div class=\"nk-hero__text\">\n\n<p>Al unirse a NailKnowledge Network, usted no se limita a suscribirse a una lista de t\u00e9cnicos de u\u00f1as.<\/p>\n\n\n\n<p>Se convertir\u00e1 en miembro del principal y m\u00e1s autorizado centro de conocimientos sobre u\u00f1as, gestionado por expertos l\u00edderes mundiales en este campo.<\/p>\n\n<\/div>\r\n\t\t\t\t\t\t\t\t\t\t<a href=\"https:\/\/nailknowledge.org\/es\/inscripcion-de-artistas\/\" class=\"nk-hero__button nk-cta-pill\">\r\n\t\t\t\t\t\u00danase a la \u00e9lite, \u00a1inscr\u00edbase ya!\t\t\t\t<\/a>\r\n\t\t\t\t\t<\/div>\r\n\t\t\t\t\t<div class=\"nk-hero__image\" style=\"align-self:flex-end;flex:none;width:35%;\">\r\n\t\t\t\t<img loading=\"eager\" fetchpriority=\"high\" width=\"620\" height=\"600\" src=\"https:\/\/nailknowledge.org\/wp-content\/uploads\/2026\/03\/NailKnowledge-Network-1.webp\" class=\"nk-hero__img\" alt=\"\" srcset=\"https:\/\/nailknowledge.org\/wp-content\/uploads\/2026\/03\/NailKnowledge-Network-1.webp 620w, https:\/\/nailknowledge.org\/wp-content\/uploads\/2026\/03\/NailKnowledge-Network-1-300x290.webp 300w, https:\/\/nailknowledge.org\/wp-content\/uploads\/2026\/03\/NailKnowledge-Network-1-12x12.webp 12w, https:\/\/nailknowledge.org\/wp-content\/uploads\/2026\/03\/NailKnowledge-Network-1-600x581.webp 600w, https:\/\/nailknowledge.org\/wp-content\/uploads\/2026\/03\/NailKnowledge-Network-1-50x48.webp 50w, https:\/\/nailknowledge.org\/wp-content\/uploads\/2026\/03\/NailKnowledge-Network-1-200x194.webp 200w, https:\/\/nailknowledge.org\/wp-content\/uploads\/2026\/03\/NailKnowledge-Network-1-100x97.webp 100w\" sizes=\"auto, (max-width: 683px) calc(100vw - 100px), 651px\" decoding=\"async\" \/>\t\t\t<\/div>\r\n\t\t\t<\/div>\r\n<\/section>\r\n\n\n\n<div class=\"wp-block-group mx-auto container-max-width-1200 mb-0 quiz-grid\"><div class=\"wp-block-group__inner-container is-layout-constrained wp-block-group-is-layout-constrained\">\n<div style=\"height:45px\" aria-hidden=\"true\" class=\"wp-block-spacer\"><\/div>\n\n\n\n<h2 class=\"wp-block-heading has-text-align-center\">Desbloquea el poder de <strong>Gratis<\/strong> \u00a1Inscripci\u00f3n!<\/h2>\n\n\n\n<p>Descubra las principales razones para inscribirse gratuitamente y mejorar su trayectoria profesional en el sector de las u\u00f1as:<\/p>\n\n\n\n<p>\ud83c\udf0d <strong>Visibilidad mundial&nbsp;<\/strong><br>Muestre sus habilidades en una plataforma de primer orden, ganando exposici\u00f3n ante una audiencia mundial.<\/p>\n\n\n\n<p>\ud83c\udfc6 <strong>Plataforma de reconocimiento&nbsp;<\/strong><br>Destaca tus logros y tu estilo \u00fanico en la p\u00e1gina dedicada a tu perfil.<\/p>\n\n\n\n<p>\ud83e\udde0 <strong>Acceso a la opini\u00f3n de expertos<\/strong>&nbsp;<br>Acceda directamente a la investigaci\u00f3n avanzada y la experiencia de los l\u00edderes del sector.<\/p>\n\n\n\n<p>\ud83e\udd1d <strong>F\u00e1cil conexi\u00f3n de clientes&nbsp;<\/strong><br>Opciones de contacto sencillas y enlaces a empresas para agilizar las reservas.<\/p>\n\n\n\n<p>\u2705 <strong>Mayor credibilidad&nbsp;<\/strong><\/p>\n\n\n\n<p>Aumente la confianza asoci\u00e1ndose a la respetada marca NailKnowledge.<\/p>\n\n\n\n<p>\ud83d\udd17 <strong>Redes profesionales<\/strong>&nbsp;<br>Con\u00e9ctese, aprenda y crezca con los mejores t\u00e9cnicos de u\u00f1as y pioneros del sector.<\/p>\n\n\n\n<p>\ud83c\udf1f <strong>Marca personal<\/strong>&nbsp;<br>Cree y muestre una marca personal s\u00f3lida que refleje su profesionalidad.<\/p>\n\n\n\n<p>\ud83d\udca1 <strong>Marketing rentable&nbsp;<\/strong><br>Aproveche el alcance y la reputaci\u00f3n de NailKnowledge para promocionar sus servicios de forma asequible.<\/p>\n\n\n\n<p>\ud83d\udcda <strong>Educaci\u00f3n avanzada<\/strong><br>Acceda a completos tutoriales, art\u00edculos y estudios sobre lo \u00faltimo en cuidado de u\u00f1as.<\/p>\n\n\n\n<p>\ud83d\udcc8 <strong>Desarrollo continuo&nbsp;<\/strong><br>Mant\u00e9ngase al d\u00eda con los seminarios web y talleres formativos.<\/p>\n\n\n\n<p>\u00danase hoy mismo a NailKnowledge  Eleva tu carrera en una comunidad dedicada a la excelencia y la innovaci\u00f3n<\/p>\n\n\n\n<h2 class=\"wp-block-heading\"><strong>Reg\u00edstrese y brille con nosotros<\/strong><\/h2>\n\n\n\n<p>\u00bfEst\u00e1s lista para elevar tu arte de u\u00f1as? \u00danete a una vibrante comunidad de talentosas artistas de u\u00f1as de todo el mundo. Crea tu propia p\u00e1gina profesional, comparte tu biograf\u00eda, muestra tus servicios \u00fanicos y conecta con clientes potenciales. Deja que tu creatividad brille y que tu negocio florezca.<\/p>\n\n\n\n<div class=\"wp-block-buttons is-content-justification-center is-layout-flex wp-container-core-buttons-is-layout-16018d1d wp-block-buttons-is-layout-flex\">\n<div class=\"wp-block-button is-style-cta-pill\"><a class=\"wp-block-button__link has-custom-font-size wp-element-button\" href=\"https:\/\/nailknowledge.org\/es\/inscripcion-de-artistas\/\" style=\"font-size:24px\"><strong>Cree hoy mismo su perfil de artista <\/strong><\/a><\/div>\n<\/div>\n\n\n\n<div style=\"height:41px\" aria-hidden=\"true\" class=\"wp-block-spacer\"><\/div>\n\n\n\n<p>Imagen de portada de Adrienn Barta - Cortes\u00eda de Nailympia<\/p>\n<\/div><\/div>","protected":false},"excerpt":{"rendered":"<p>Unlock the Power of Free Registration! Explore the top reasons to register for free and enhance your professional journey in the nail industry: \ud83c\udf0d Global Visibility&nbsp;Showcase your skills on a premier platform, gaining exposure to a worldwide audience. \ud83c\udfc6 Recognition Platform&nbsp;Highlight your achievements and unique style on your dedicated profile page. \ud83e\udde0 Access Expert Insights&nbsp;Directly [&hellip;]<\/p>\n","protected":false},"author":2,"featured_media":0,"parent":0,"menu_order":0,"comment_status":"closed","ping_status":"closed","template":"","meta":{"_yoast_wpseo_focuskw":"","_yoast_wpseo_metadesc":"","_genesis_hide_title":false,"_genesis_hide_breadcrumbs":false,"_genesis_hide_singular_image":false,"_genesis_hide_footer_widgets":false,"_genesis_custom_body_class":"","_genesis_custom_post_class":"","_genesis_layout":"","footnotes":""},"class_list":{"0":"post-124540","1":"page","2":"type-page","3":"status-publish","5":"entry"},"yoast_head":"<!-- This site is optimized with the Yoast SEO plugin v27.4 - https:\/\/yoast.com\/product\/yoast-seo-wordpress\/ -->\n<title>NailKnowledge Network - Nail Artist Community - NailKnowledge<\/title>\n<meta name=\"robots\" content=\"index, follow, max-snippet:-1, max-image-preview:large, max-video-preview:-1\" \/>\n<link rel=\"canonical\" href=\"https:\/\/nailknowledge.org\/es\/nailknowledge-network-comunidad-de-artistas-de-unas\/\" \/>\n<meta property=\"og:locale\" content=\"es_ES\" \/>\n<meta property=\"og:type\" content=\"article\" \/>\n<meta property=\"og:title\" content=\"NailKnowledge Network - Nail Artist Community - NailKnowledge\" \/>\n<meta property=\"og:description\" content=\"Unlock the Power of Free Registration! Explore the top reasons to register for free and enhance your professional journey in the nail industry: \ud83c\udf0d Global Visibility&nbsp;Showcase your skills on a premier platform, gaining exposure to a worldwide audience. \ud83c\udfc6 Recognition Platform&nbsp;Highlight your achievements and unique style on your dedicated profile page. \ud83e\udde0 Access Expert Insights&nbsp;Directly [&hellip;]\" \/>\n<meta property=\"og:url\" content=\"https:\/\/nailknowledge.org\/es\/nailknowledge-network-comunidad-de-artistas-de-unas\/\" \/>\n<meta property=\"og:site_name\" content=\"NailKnowledge\" \/>\n<meta property=\"article:modified_time\" content=\"2026-03-11T14:16:16+00:00\" \/>\n<meta name=\"twitter:card\" content=\"summary_large_image\" \/>\n<meta name=\"twitter:label1\" content=\"Tiempo de lectura\" \/>\n\t<meta name=\"twitter:data1\" content=\"2 minutos\" \/>\n<script type=\"application\/ld+json\" class=\"yoast-schema-graph\">{\"@context\":\"https:\\\/\\\/schema.org\",\"@graph\":[{\"@type\":\"WebPage\",\"@id\":\"https:\\\/\\\/nailknowledge.org\\\/nailknowledge-network-nail-artist-community\",\"url\":\"https:\\\/\\\/nailknowledge.org\\\/nailknowledge-network-nail-artist-community\",\"name\":\"NailKnowledge Network - Nail Artist Community - NailKnowledge\",\"isPartOf\":{\"@id\":\"https:\\\/\\\/new.nailknowledge.org\\\/#website\"},\"datePublished\":\"2024-05-14T13:31:45+00:00\",\"dateModified\":\"2026-03-11T14:16:16+00:00\",\"breadcrumb\":{\"@id\":\"https:\\\/\\\/nailknowledge.org\\\/nailknowledge-network-nail-artist-community#breadcrumb\"},\"inLanguage\":\"es\",\"potentialAction\":[{\"@type\":\"ReadAction\",\"target\":[\"https:\\\/\\\/nailknowledge.org\\\/nailknowledge-network-nail-artist-community\"]}]},{\"@type\":\"BreadcrumbList\",\"@id\":\"https:\\\/\\\/nailknowledge.org\\\/nailknowledge-network-nail-artist-community#breadcrumb\",\"itemListElement\":[{\"@type\":\"ListItem\",\"position\":1,\"name\":\"Home\",\"item\":\"https:\\\/\\\/nailknowledge.org\\\/\"},{\"@type\":\"ListItem\",\"position\":2,\"name\":\"NailKnowledge Network &#8211; Nail Artist Community\"}]},{\"@type\":\"WebSite\",\"@id\":\"https:\\\/\\\/new.nailknowledge.org\\\/#website\",\"url\":\"https:\\\/\\\/new.nailknowledge.org\\\/\",\"name\":\"NailKnowledge\",\"description\":\"\",\"publisher\":{\"@id\":\"https:\\\/\\\/new.nailknowledge.org\\\/#organization\"},\"potentialAction\":[{\"@type\":\"SearchAction\",\"target\":{\"@type\":\"EntryPoint\",\"urlTemplate\":\"https:\\\/\\\/new.nailknowledge.org\\\/?s={search_term_string}\"},\"query-input\":{\"@type\":\"PropertyValueSpecification\",\"valueRequired\":true,\"valueName\":\"search_term_string\"}}],\"inLanguage\":\"es\"},{\"@type\":\"Organization\",\"@id\":\"https:\\\/\\\/new.nailknowledge.org\\\/#organization\",\"name\":\"NailKnowledge\",\"url\":\"https:\\\/\\\/new.nailknowledge.org\\\/\",\"logo\":{\"@type\":\"ImageObject\",\"inLanguage\":\"es\",\"@id\":\"https:\\\/\\\/new.nailknowledge.org\\\/#\\\/schema\\\/logo\\\/image\\\/\",\"url\":\"https:\\\/\\\/nailknowledge.org\\\/wp-content\\\/uploads\\\/2026\\\/03\\\/KN-Logo-1.webp\",\"contentUrl\":\"https:\\\/\\\/nailknowledge.org\\\/wp-content\\\/uploads\\\/2026\\\/03\\\/KN-Logo-1.webp\",\"width\":542,\"height\":100,\"caption\":\"NailKnowledge\"},\"image\":{\"@id\":\"https:\\\/\\\/new.nailknowledge.org\\\/#\\\/schema\\\/logo\\\/image\\\/\"}}]}<\/script>\n<!-- \/ Yoast SEO plugin. -->","yoast_head_json":{"title":"NailKnowledge Network - Comunidad de artistas de u\u00f1as - NailKnowledge","robots":{"index":"index","follow":"follow","max-snippet":"max-snippet:-1","max-image-preview":"max-image-preview:large","max-video-preview":"max-video-preview:-1"},"canonical":"https:\/\/nailknowledge.org\/es\/nailknowledge-network-comunidad-de-artistas-de-unas\/","og_locale":"es_ES","og_type":"article","og_title":"NailKnowledge Network - Nail Artist Community - NailKnowledge","og_description":"Unlock the Power of Free Registration! Explore the top reasons to register for free and enhance your professional journey in the nail industry: \ud83c\udf0d Global Visibility&nbsp;Showcase your skills on a premier platform, gaining exposure to a worldwide audience. \ud83c\udfc6 Recognition Platform&nbsp;Highlight your achievements and unique style on your dedicated profile page. \ud83e\udde0 Access Expert Insights&nbsp;Directly [&hellip;]","og_url":"https:\/\/nailknowledge.org\/es\/nailknowledge-network-comunidad-de-artistas-de-unas\/","og_site_name":"NailKnowledge","article_modified_time":"2026-03-11T14:16:16+00:00","twitter_card":"summary_large_image","twitter_misc":{"Tiempo de lectura":"2 minutos"},"schema":{"@context":"https:\/\/schema.org","@graph":[{"@type":"WebPage","@id":"https:\/\/nailknowledge.org\/nailknowledge-network-nail-artist-community","url":"https:\/\/nailknowledge.org\/nailknowledge-network-nail-artist-community","name":"NailKnowledge Network - Comunidad de artistas de u\u00f1as - NailKnowledge","isPartOf":{"@id":"https:\/\/new.nailknowledge.org\/#website"},"datePublished":"2024-05-14T13:31:45+00:00","dateModified":"2026-03-11T14:16:16+00:00","breadcrumb":{"@id":"https:\/\/nailknowledge.org\/nailknowledge-network-nail-artist-community#breadcrumb"},"inLanguage":"es","potentialAction":[{"@type":"ReadAction","target":["https:\/\/nailknowledge.org\/nailknowledge-network-nail-artist-community"]}]},{"@type":"BreadcrumbList","@id":"https:\/\/nailknowledge.org\/nailknowledge-network-nail-artist-community#breadcrumb","itemListElement":[{"@type":"ListItem","position":1,"name":"Home","item":"https:\/\/nailknowledge.org\/"},{"@type":"ListItem","position":2,"name":"NailKnowledge Network &#8211; Nail Artist Community"}]},{"@type":"WebSite","@id":"https:\/\/new.nailknowledge.org\/#website","url":"https:\/\/new.nailknowledge.org\/","name":"Conocimientos de u\u00f1as","description":"","publisher":{"@id":"https:\/\/new.nailknowledge.org\/#organization"},"potentialAction":[{"@type":"SearchAction","target":{"@type":"EntryPoint","urlTemplate":"https:\/\/new.nailknowledge.org\/?s={search_term_string}"},"query-input":{"@type":"PropertyValueSpecification","valueRequired":true,"valueName":"search_term_string"}}],"inLanguage":"es"},{"@type":"Organization","@id":"https:\/\/new.nailknowledge.org\/#organization","name":"Conocimientos de u\u00f1as","url":"https:\/\/new.nailknowledge.org\/","logo":{"@type":"ImageObject","inLanguage":"es","@id":"https:\/\/new.nailknowledge.org\/#\/schema\/logo\/image\/","url":"https:\/\/nailknowledge.org\/wp-content\/uploads\/2026\/03\/KN-Logo-1.webp","contentUrl":"https:\/\/nailknowledge.org\/wp-content\/uploads\/2026\/03\/KN-Logo-1.webp","width":542,"height":100,"caption":"NailKnowledge"},"image":{"@id":"https:\/\/new.nailknowledge.org\/#\/schema\/logo\/image\/"}}]}},"_links":{"self":[{"href":"https:\/\/nailknowledge.org\/es\/wp-json\/wp\/v2\/pages\/124540","targetHints":{"allow":["GET"]}}],"collection":[{"href":"https:\/\/nailknowledge.org\/es\/wp-json\/wp\/v2\/pages"}],"about":[{"href":"https:\/\/nailknowledge.org\/es\/wp-json\/wp\/v2\/types\/page"}],"author":[{"embeddable":true,"href":"https:\/\/nailknowledge.org\/es\/wp-json\/wp\/v2\/users\/2"}],"replies":[{"embeddable":true,"href":"https:\/\/nailknowledge.org\/es\/wp-json\/wp\/v2\/comments?post=124540"}],"version-history":[{"count":2,"href":"https:\/\/nailknowledge.org\/es\/wp-json\/wp\/v2\/pages\/124540\/revisions"}],"predecessor-version":[{"id":164150,"href":"https:\/\/nailknowledge.org\/es\/wp-json\/wp\/v2\/pages\/124540\/revisions\/164150"}],"wp:attachment":[{"href":"https:\/\/nailknowledge.org\/es\/wp-json\/wp\/v2\/media?parent=124540"}],"curies":[{"name":"wp","href":"https:\/\/api.w.org\/{rel}","templated":true}]}}