{"id":163975,"date":"2026-03-11T13:03:41","date_gmt":"2026-03-11T13:03:41","guid":{"rendered":"https:\/\/nailknowledge.org\/?page_id=163975"},"modified":"2026-03-11T15:08:56","modified_gmt":"2026-03-11T15:08:56","slug":"soporte-del-sistema","status":"publish","type":"page","link":"https:\/\/nailknowledge.org\/es\/system-support","title":{"rendered":"Soporte del sistema"},"content":{"rendered":"<section style=\"background-color:#dfbec1;padding-top:30px;padding-bottom:0px;--hero-pb:0px;box-shadow:0 4px 20px rgba(0,0,0,0.40);z-index:10;\" class=\"nk-hero nk-hero-9b065b77 alignfull wp-block-nk-hero\">\r\n\t<div class=\"nk-hero__inner\">\r\n\t\t\t\t<div class=\"nk-hero__content\">\r\n\t\t\t<img loading=\"eager\" fetchpriority=\"high\" width=\"1024\" height=\"306\" src=\"https:\/\/nailknowledge.org\/wp-content\/uploads\/2026\/03\/how-can-we-help-1024x306.webp\" class=\"nk-hero__title-image\" alt=\"\" style=\"max-width:min(360px,100%);display:block;margin-left:auto;margin-right:auto;\" srcset=\"https:\/\/nailknowledge.org\/wp-content\/uploads\/2026\/03\/how-can-we-help-1024x306.webp 1024w, https:\/\/nailknowledge.org\/wp-content\/uploads\/2026\/03\/how-can-we-help-300x90.webp 300w, https:\/\/nailknowledge.org\/wp-content\/uploads\/2026\/03\/how-can-we-help-768x230.webp 768w, https:\/\/nailknowledge.org\/wp-content\/uploads\/2026\/03\/how-can-we-help-1536x459.webp 1536w, https:\/\/nailknowledge.org\/wp-content\/uploads\/2026\/03\/how-can-we-help-18x5.webp 18w, https:\/\/nailknowledge.org\/wp-content\/uploads\/2026\/03\/how-can-we-help-651x195.webp 651w, https:\/\/nailknowledge.org\/wp-content\/uploads\/2026\/03\/how-can-we-help-600x179.webp 600w, https:\/\/nailknowledge.org\/wp-content\/uploads\/2026\/03\/how-can-we-help-50x15.webp 50w, https:\/\/nailknowledge.org\/wp-content\/uploads\/2026\/03\/how-can-we-help-200x60.webp 200w, https:\/\/nailknowledge.org\/wp-content\/uploads\/2026\/03\/how-can-we-help-100x30.webp 100w, https:\/\/nailknowledge.org\/wp-content\/uploads\/2026\/03\/how-can-we-help.webp 2011w\" sizes=\"auto, (max-width: 683px) calc(100vw - 100px), 651px\" decoding=\"async\" \/>\t\t\t\t\t\t\t\t\t\t<div class=\"nk-hero__text\">\n\n<p><\/p>\n\n<\/div>\r\n\t\t\t\t\t\t\t\t<\/div>\r\n\t\t\t\t\t<div class=\"nk-hero__image\" style=\"align-self:flex-end;flex:none;width:35%;\">\r\n\t\t\t\t<img width=\"880\" height=\"1024\" src=\"https:\/\/nailknowledge.org\/wp-content\/uploads\/2026\/03\/how-can-we-help-hands-880x1024.webp\" class=\"nk-hero__img\" alt=\"\" srcset=\"https:\/\/nailknowledge.org\/wp-content\/uploads\/2026\/03\/how-can-we-help-hands-880x1024.webp 880w, https:\/\/nailknowledge.org\/wp-content\/uploads\/2026\/03\/how-can-we-help-hands-258x300.webp 258w, https:\/\/nailknowledge.org\/wp-content\/uploads\/2026\/03\/how-can-we-help-hands-768x894.webp 768w, https:\/\/nailknowledge.org\/wp-content\/uploads\/2026\/03\/how-can-we-help-hands-1320x1536.webp 1320w, https:\/\/nailknowledge.org\/wp-content\/uploads\/2026\/03\/how-can-we-help-hands-10x12.webp 10w, https:\/\/nailknowledge.org\/wp-content\/uploads\/2026\/03\/how-can-we-help-hands-651x758.webp 651w, https:\/\/nailknowledge.org\/wp-content\/uploads\/2026\/03\/how-can-we-help-hands-600x698.webp 600w, https:\/\/nailknowledge.org\/wp-content\/uploads\/2026\/03\/how-can-we-help-hands-43x50.webp 43w, https:\/\/nailknowledge.org\/wp-content\/uploads\/2026\/03\/how-can-we-help-hands-172x200.webp 172w, https:\/\/nailknowledge.org\/wp-content\/uploads\/2026\/03\/how-can-we-help-hands-86x100.webp 86w, https:\/\/nailknowledge.org\/wp-content\/uploads\/2026\/03\/how-can-we-help-hands.webp 1403w\" sizes=\"auto, (max-width: 683px) calc(100vw - 100px), 651px\" loading=\"lazy\" decoding=\"async\" \/>\t\t\t<\/div>\r\n\t\t\t<\/div>\r\n<\/section>\r\n\n\n\n<div style=\"height:40px\" aria-hidden=\"true\" class=\"wp-block-spacer\"><\/div>\n\n\n\n<h2 class=\"wp-block-heading\">Problemas de reproducci\u00f3n de lecciones<\/h2>\n\n\n\n<p>Si se encuentra con problemas de audio o de lecciones al intentar ver un curso en un navegador, este art\u00edculo explica varias formas de solucionar estos problemas. Nuestro equipo de asistencia tambi\u00e9n seguir\u00e1 esta gu\u00eda cuando responda a consultas sobre la reproducci\u00f3n de lecciones.&nbsp;<\/p>\n\n\n\n<p>Tenga en cuenta que se requiere una conexi\u00f3n de banda ancha con una velocidad m\u00ednima de 5Mbit u 800kbps para ver un curso de Nail Knowledge en su dispositivo. El resto de nuestros requisitos del sistema se enumeran<a rel=\"noreferrer noopener\" href=\"https:\/\/ufbsupport.udemy.com\/hc\/articles\/115005533888-System-Requirements\" target=\"_blank\">&nbsp;<\/a><a href=\"https:\/\/nailknowledge.org\/es\/nail-professional-knowledge-base\/requisitos-del-sistema\/\" target=\"_blank\" rel=\"noreferrer noopener\">aqu\u00ed<\/a><a rel=\"noreferrer noopener\" href=\"https:\/\/ufbsupport.udemy.com\/hc\/articles\/115005533888-System-Requirements\" target=\"_blank\">.<\/a>&nbsp;<\/p>\n\n\n\n<p><strong>Resoluci\u00f3n de problemas con el entorno de juego de su campo<\/strong><\/p>\n\n\n\n<p>Por favor, intente lo siguiente:<\/p>\n\n\n\n<ol class=\"wp-block-list\">\n<li>Intente ver la lecci\u00f3n en un&nbsp;<a href=\"https:\/\/support.google.com\/chrome\/answer\/95464?hl=en\" target=\"_blank\" rel=\"noreferrer noopener\">ventana de inc\u00f3gnito<\/a>.\n<ul class=\"wp-block-list\">\n<li>Si la lecci\u00f3n se reproduce sin problemas, prueba a comprobar la extensi\u00f3n, el plugin o el programa cortafuegos de tu dispositivo para ver si es necesario reconfigurarlo o desactivarlo.&nbsp;&nbsp;<\/li>\n<\/ul>\n<\/li>\n\n\n\n<li>Si encuentras el problema mientras ves la lecci\u00f3n en la red de tu colegio o academia, intenta ver la lecci\u00f3n en una red que no sea de la empresa o academia. Si puedes ver la lecci\u00f3n sin problemas, informa al equipo de TI.<\/li>\n\n\n\n<li>Pruebe con otro navegador. Si a\u00fan no utiliza&nbsp;<a href=\"https:\/\/www.google.com\/chrome\/\" target=\"_blank\" rel=\"noreferrer noopener\">Google Chrome<\/a>, recomendamos utilizarlo, ya que hemos comprobado que funciona mejor para ver los cursos de NailKnowledge.&nbsp;<\/li>\n\n\n\n<li>Despeja tu&nbsp;<a href=\"https:\/\/www.wikihow.com\/Clear-Your-Browser's-Cache\" target=\"_blank\" rel=\"noreferrer noopener\">cookies y cach\u00e9 del navegador&nbsp;<\/a>y rein\u00edcielo antes de volver a intentarlo.\n<ul class=\"wp-block-list\">\n<li>Si tienes muchas pesta\u00f1as del navegador abiertas, cierra la mayor\u00eda de ellas excepto la que est\u00e9s utilizando para ver el curso.<\/li>\n\n\n\n<li>Compruebe su&nbsp;<a href=\"https:\/\/www.whatsmybrowser.org\/\" target=\"_blank\" rel=\"noreferrer noopener\">versi\u00f3n del navegador<\/a>&nbsp;y&nbsp;<a href=\"https:\/\/www.whatsmybrowser.org\/\" target=\"_blank\" rel=\"noreferrer noopener\">actual\u00edcelo si es necesario<\/a>.&nbsp;<\/li>\n<\/ul>\n<\/li>\n\n\n\n<li>Se requiere una velocidad m\u00ednima de Internet de 5Mbit o 800kbps para ver un curso de NailKnowledge en tu dispositivo.&nbsp;<a href=\"https:\/\/www.speedtest.net\/\" target=\"_blank\" rel=\"noreferrer noopener\">Pruebe su conexi\u00f3n a Internet<\/a>&nbsp;velocidad para asegurarse de que su entorno cumple esto y que su sistema cumple&nbsp;<a href=\"https:\/\/nailknowledge.org\/es\/nail-professional-knowledge-base\/requisitos-del-sistema\/\" target=\"_blank\" rel=\"noreferrer noopener\">nuestros requisitos<\/a>.  Si su velocidad de Internet es baja, intente ver el curso durante las horas de menor tr\u00e1fico, cuando su conexi\u00f3n a Internet es m\u00e1s fuerte.<\/li>\n\n\n\n<li>Si no puedes o\u00edr nada de audio, comprueba que el volumen del reproductor de la lecci\u00f3n est\u00e9 alto y que la lecci\u00f3n no est\u00e9 silenciada. Comprueba los ajustes de sonido de tu dispositivo.<\/li>\n\n\n\n<li>Reinicie el ordenador y los dispositivos de red (m\u00f3dems\/conmutadores\/routers).<\/li>\n<\/ol>\n\n\n\n<div style=\"height:40px\" aria-hidden=\"true\" class=\"wp-block-spacer\"><\/div>\n\n\n\n<h2 class=\"wp-block-heading\">Requisitos del sistema<\/h2>\n\n\n\n<p>Puedes acceder a los cursos de NailKnowledge desde varios dispositivos y plataformas, tanto en ordenadores de sobremesa\/port\u00e1tiles PC y Mac, como en dispositivos m\u00f3viles Android e iOS. Nuestros requisitos de sistema para estos se enumeran a continuaci\u00f3n.<\/p>\n\n\n\n<p><strong>Requisitos m\u00ednimos del sistema<\/strong><\/p>\n\n\n\n<ul class=\"wp-block-list\">\n<li>Lo \u00faltimo&nbsp;<a href=\"https:\/\/www.google.com\/intl\/en-US\/chrome\/browser\/\" target=\"_blank\" rel=\"noreferrer noopener\">Cromo<\/a>,&nbsp;<a href=\"http:\/\/www.mozilla.org\/en-US\/firefox\/new\/\" target=\"_blank\" rel=\"noreferrer noopener\">Firefox<\/a>,&nbsp;<a href=\"http:\/\/www.apple.com\/safari\/\" target=\"_blank\" rel=\"noreferrer noopener\">Safari<\/a>,&nbsp;<a href=\"https:\/\/www.microsoft.com\/en-us\/windows\/microsoft-edge\" target=\"_blank\" rel=\"noreferrer noopener\">Borde<\/a>,&nbsp;<a href=\"https:\/\/www.opera.com\/\" target=\"_blank\" rel=\"noreferrer noopener\">\u00d3pera<\/a>&nbsp;o&nbsp;<a href=\"http:\/\/windows.microsoft.com\/en-us\/internet-explorer\/ie-11-worldwide-languages\" target=\"_blank\" rel=\"noreferrer noopener\">IE11<\/a>&nbsp;para ordenador de sobremesa\/port\u00e1til<\/li>\n\n\n\n<li>Una conexi\u00f3n de banda ancha con una velocidad m\u00ednima de 5Mbit u 800kbps<\/li>\n\n\n\n<li>Tenga en cuenta que Flash Player no es necesario&nbsp;<\/li>\n<\/ul>\n\n\n\n<p><strong>Requisitos espec\u00edficos del PC<\/strong><\/p>\n\n\n\n<ul class=\"wp-block-list\">\n<li>Plataforma: Windows 7 o superior con las \u00faltimas actualizaciones instaladas<\/li>\n\n\n\n<li>RAM: 4 GB o m\u00e1s<\/li>\n\n\n\n<li>V\u00eddeo: Capacidad de salida de gr\u00e1ficos<\/li>\n\n\n\n<li>Sonido: Capacidad de salida de sonido<\/li>\n<\/ul>\n\n\n\n<p><strong>Requisitos espec\u00edficos de Mac<\/strong><\/p>\n\n\n\n<ul class=\"wp-block-list\">\n<li>Plataforma: Mac OS X 10.12 o superior con las \u00faltimas actualizaciones instaladas.<\/li>\n\n\n\n<li>RAM: 4 GB o m\u00e1s<\/li>\n\n\n\n<li>V\u00eddeo: Capacidad de salida de gr\u00e1ficos<\/li>\n\n\n\n<li>Sonido: Capacidad de salida de sonido<\/li>\n<\/ul>\n\n\n\n<p><strong>Requisitos para m\u00f3viles<\/strong><\/p>\n\n\n\n<p>iOS 12.0 y superior<br>Android 6.0 y superior<\/p>\n\n\n\n<p>Navegadores m\u00f3viles: Safari o Chrome en iOS y Chrome en Android.&nbsp;&nbsp;<\/p>\n\n\n\n<p><strong>\u00bfQu\u00e9 navegador utilizo?<\/strong><\/p>\n\n\n\n<p>Para saber m\u00e1s sobre su sistema espec\u00edfico,&nbsp;<a href=\"http:\/\/www.thismachine.info\/\" target=\"_blank\" rel=\"noreferrer noopener\">este sitio<\/a>&nbsp;le dir\u00e1 qu\u00e9 navegador y sistema operativo est\u00e1 utilizando actualmente.&nbsp;<\/p>\n\n\n\n<p>Para ver los cursos, le recomendamos que utilice Google Chrome. Puede descargar Chrome gratuitamente&nbsp;<a href=\"https:\/\/www.google.com\/intl\/en-US\/chrome\/browser\/desktop\/index.html\" target=\"_blank\" rel=\"noreferrer noopener\">aqu\u00ed<\/a>.<\/p>\n\n\n\n<p><\/p>","protected":false},"excerpt":{"rendered":"<p>Lesson Playback Issues If you\u2019re encountering audio or lesson issues while attempting to watch a course on a browser, this article explains various ways to troubleshoot these problems. Our support team will also follow this guide when responding to inquiries regarding lesson playback.&nbsp; Please note that a broadband connection with a minimum speed of 5Mbit [&hellip;]<\/p>\n","protected":false},"author":35,"featured_media":0,"parent":0,"menu_order":0,"comment_status":"closed","ping_status":"closed","template":"","meta":{"_yoast_wpseo_focuskw":"","_yoast_wpseo_metadesc":"","_genesis_hide_title":false,"_genesis_hide_breadcrumbs":false,"_genesis_hide_singular_image":false,"_genesis_hide_footer_widgets":false,"_genesis_custom_body_class":"","_genesis_custom_post_class":"","_genesis_layout":"","footnotes":""},"class_list":{"0":"post-163975","1":"page","2":"type-page","3":"status-publish","5":"entry"},"yoast_head":"<!-- This site is optimized with the Yoast SEO plugin v27.4 - https:\/\/yoast.com\/product\/yoast-seo-wordpress\/ -->\n<title>System Support - NailKnowledge<\/title>\n<meta name=\"robots\" content=\"index, follow, max-snippet:-1, max-image-preview:large, max-video-preview:-1\" \/>\n<link rel=\"canonical\" href=\"https:\/\/nailknowledge.org\/es\/soporte-del-sistema\/\" \/>\n<meta property=\"og:locale\" content=\"es_ES\" \/>\n<meta property=\"og:type\" content=\"article\" \/>\n<meta property=\"og:title\" content=\"System Support - NailKnowledge\" \/>\n<meta property=\"og:description\" content=\"Lesson Playback Issues If you\u2019re encountering audio or lesson issues while attempting to watch a course on a browser, this article explains various ways to troubleshoot these problems. Our support team will also follow this guide when responding to inquiries regarding lesson playback.&nbsp; Please note that a broadband connection with a minimum speed of 5Mbit [&hellip;]\" \/>\n<meta property=\"og:url\" content=\"https:\/\/nailknowledge.org\/es\/soporte-del-sistema\/\" \/>\n<meta property=\"og:site_name\" content=\"NailKnowledge\" \/>\n<meta property=\"article:modified_time\" content=\"2026-03-11T15:08:56+00:00\" \/>\n<meta name=\"twitter:card\" content=\"summary_large_image\" \/>\n<meta name=\"twitter:label1\" content=\"Tiempo de lectura\" \/>\n\t<meta name=\"twitter:data1\" content=\"3 minutos\" \/>\n<script type=\"application\/ld+json\" class=\"yoast-schema-graph\">{\"@context\":\"https:\\\/\\\/schema.org\",\"@graph\":[{\"@type\":\"WebPage\",\"@id\":\"https:\\\/\\\/nailknowledge.org\\\/system-support\",\"url\":\"https:\\\/\\\/nailknowledge.org\\\/system-support\",\"name\":\"System Support - NailKnowledge\",\"isPartOf\":{\"@id\":\"https:\\\/\\\/new.nailknowledge.org\\\/#website\"},\"datePublished\":\"2026-03-11T13:03:41+00:00\",\"dateModified\":\"2026-03-11T15:08:56+00:00\",\"breadcrumb\":{\"@id\":\"https:\\\/\\\/nailknowledge.org\\\/system-support#breadcrumb\"},\"inLanguage\":\"es\",\"potentialAction\":[{\"@type\":\"ReadAction\",\"target\":[\"https:\\\/\\\/nailknowledge.org\\\/system-support\"]}]},{\"@type\":\"BreadcrumbList\",\"@id\":\"https:\\\/\\\/nailknowledge.org\\\/system-support#breadcrumb\",\"itemListElement\":[{\"@type\":\"ListItem\",\"position\":1,\"name\":\"Home\",\"item\":\"https:\\\/\\\/nailknowledge.org\\\/\"},{\"@type\":\"ListItem\",\"position\":2,\"name\":\"System Support\"}]},{\"@type\":\"WebSite\",\"@id\":\"https:\\\/\\\/new.nailknowledge.org\\\/#website\",\"url\":\"https:\\\/\\\/new.nailknowledge.org\\\/\",\"name\":\"NailKnowledge\",\"description\":\"\",\"publisher\":{\"@id\":\"https:\\\/\\\/new.nailknowledge.org\\\/#organization\"},\"potentialAction\":[{\"@type\":\"SearchAction\",\"target\":{\"@type\":\"EntryPoint\",\"urlTemplate\":\"https:\\\/\\\/new.nailknowledge.org\\\/?s={search_term_string}\"},\"query-input\":{\"@type\":\"PropertyValueSpecification\",\"valueRequired\":true,\"valueName\":\"search_term_string\"}}],\"inLanguage\":\"es\"},{\"@type\":\"Organization\",\"@id\":\"https:\\\/\\\/new.nailknowledge.org\\\/#organization\",\"name\":\"NailKnowledge\",\"url\":\"https:\\\/\\\/new.nailknowledge.org\\\/\",\"logo\":{\"@type\":\"ImageObject\",\"inLanguage\":\"es\",\"@id\":\"https:\\\/\\\/new.nailknowledge.org\\\/#\\\/schema\\\/logo\\\/image\\\/\",\"url\":\"https:\\\/\\\/nailknowledge.org\\\/wp-content\\\/uploads\\\/2026\\\/03\\\/KN-Logo-1.webp\",\"contentUrl\":\"https:\\\/\\\/nailknowledge.org\\\/wp-content\\\/uploads\\\/2026\\\/03\\\/KN-Logo-1.webp\",\"width\":542,\"height\":100,\"caption\":\"NailKnowledge\"},\"image\":{\"@id\":\"https:\\\/\\\/new.nailknowledge.org\\\/#\\\/schema\\\/logo\\\/image\\\/\"}}]}<\/script>\n<!-- \/ Yoast SEO plugin. -->","yoast_head_json":{"title":"Soporte del sistema - NailKnowledge","robots":{"index":"index","follow":"follow","max-snippet":"max-snippet:-1","max-image-preview":"max-image-preview:large","max-video-preview":"max-video-preview:-1"},"canonical":"https:\/\/nailknowledge.org\/es\/soporte-del-sistema\/","og_locale":"es_ES","og_type":"article","og_title":"System Support - NailKnowledge","og_description":"Lesson Playback Issues If you\u2019re encountering audio or lesson issues while attempting to watch a course on a browser, this article explains various ways to troubleshoot these problems. Our support team will also follow this guide when responding to inquiries regarding lesson playback.&nbsp; Please note that a broadband connection with a minimum speed of 5Mbit [&hellip;]","og_url":"https:\/\/nailknowledge.org\/es\/soporte-del-sistema\/","og_site_name":"NailKnowledge","article_modified_time":"2026-03-11T15:08:56+00:00","twitter_card":"summary_large_image","twitter_misc":{"Tiempo de lectura":"3 minutos"},"schema":{"@context":"https:\/\/schema.org","@graph":[{"@type":"WebPage","@id":"https:\/\/nailknowledge.org\/system-support","url":"https:\/\/nailknowledge.org\/system-support","name":"Soporte del sistema - NailKnowledge","isPartOf":{"@id":"https:\/\/new.nailknowledge.org\/#website"},"datePublished":"2026-03-11T13:03:41+00:00","dateModified":"2026-03-11T15:08:56+00:00","breadcrumb":{"@id":"https:\/\/nailknowledge.org\/system-support#breadcrumb"},"inLanguage":"es","potentialAction":[{"@type":"ReadAction","target":["https:\/\/nailknowledge.org\/system-support"]}]},{"@type":"BreadcrumbList","@id":"https:\/\/nailknowledge.org\/system-support#breadcrumb","itemListElement":[{"@type":"ListItem","position":1,"name":"Home","item":"https:\/\/nailknowledge.org\/"},{"@type":"ListItem","position":2,"name":"System Support"}]},{"@type":"WebSite","@id":"https:\/\/new.nailknowledge.org\/#website","url":"https:\/\/new.nailknowledge.org\/","name":"Conocimientos de u\u00f1as","description":"","publisher":{"@id":"https:\/\/new.nailknowledge.org\/#organization"},"potentialAction":[{"@type":"SearchAction","target":{"@type":"EntryPoint","urlTemplate":"https:\/\/new.nailknowledge.org\/?s={search_term_string}"},"query-input":{"@type":"PropertyValueSpecification","valueRequired":true,"valueName":"search_term_string"}}],"inLanguage":"es"},{"@type":"Organization","@id":"https:\/\/new.nailknowledge.org\/#organization","name":"Conocimientos de u\u00f1as","url":"https:\/\/new.nailknowledge.org\/","logo":{"@type":"ImageObject","inLanguage":"es","@id":"https:\/\/new.nailknowledge.org\/#\/schema\/logo\/image\/","url":"https:\/\/nailknowledge.org\/wp-content\/uploads\/2026\/03\/KN-Logo-1.webp","contentUrl":"https:\/\/nailknowledge.org\/wp-content\/uploads\/2026\/03\/KN-Logo-1.webp","width":542,"height":100,"caption":"NailKnowledge"},"image":{"@id":"https:\/\/new.nailknowledge.org\/#\/schema\/logo\/image\/"}}]}},"_links":{"self":[{"href":"https:\/\/nailknowledge.org\/es\/wp-json\/wp\/v2\/pages\/163975","targetHints":{"allow":["GET"]}}],"collection":[{"href":"https:\/\/nailknowledge.org\/es\/wp-json\/wp\/v2\/pages"}],"about":[{"href":"https:\/\/nailknowledge.org\/es\/wp-json\/wp\/v2\/types\/page"}],"author":[{"embeddable":true,"href":"https:\/\/nailknowledge.org\/es\/wp-json\/wp\/v2\/users\/35"}],"replies":[{"embeddable":true,"href":"https:\/\/nailknowledge.org\/es\/wp-json\/wp\/v2\/comments?post=163975"}],"version-history":[{"count":2,"href":"https:\/\/nailknowledge.org\/es\/wp-json\/wp\/v2\/pages\/163975\/revisions"}],"predecessor-version":[{"id":164192,"href":"https:\/\/nailknowledge.org\/es\/wp-json\/wp\/v2\/pages\/163975\/revisions\/164192"}],"wp:attachment":[{"href":"https:\/\/nailknowledge.org\/es\/wp-json\/wp\/v2\/media?parent=163975"}],"curies":[{"name":"wp","href":"https:\/\/api.w.org\/{rel}","templated":true}]}}