{"id":29276,"date":"2020-09-24T08:40:27","date_gmt":"2020-09-24T08:40:27","guid":{"rendered":"https:\/\/nailpedia.org\/?page_id=29276"},"modified":"2023-01-10T12:23:44","modified_gmt":"2023-01-10T12:23:44","slug":"ethos-de-la-formacion-nailknowledge","status":"publish","type":"page","link":"https:\/\/nailknowledge.org\/es\/nailknowledge-training-ethos","title":{"rendered":"Formaci\u00f3n a su medida"},"content":{"rendered":"<h2>Formaci\u00f3n a su medida<\/h2>\n<p>Dise\u00f1amos la \u00e9tica de NailKnowledge en torno a tres valores clave. <b>aprendizaje flexible<\/b> que era<b> f\u00e1cil de entender<\/b> y <b>dirigido por expertos<\/b> - con el alumno en el centro de todo lo que hacemos.\u00a0<\/p>\n<p>\t\t\t\t\t\t\t\t\t\t\t\t<img loading=\"eager\" fetchpriority=\"high\" decoding=\"async\" width=\"301\" height=\"301\" src=\"https:\/\/nailknowledge.org\/wp-content\/uploads\/2020\/10\/Flexible-Learning.png\" alt=\"\" \/>\t\t\t\t\t\t\t\t\t\t\t\t\t\t<\/p>\n<h2>Aprendizaje flexible<\/h2>\n<p>Sabemos lo ajetreada que es la vida, y la dificultad de encontrar tiempo para concentrarse en los recursos de aprendizaje. Para ayudarte, hemos dise\u00f1ado los cursos de NailKnowledge para que sean del tama\u00f1o de un bocado, con una lecci\u00f3n media de 15 minutos.\u00a0<\/p>\n<p>No hay l\u00edmite de tiempo ni tiempos establecidos para responder o avanzar en el curso, por lo que puedes aprender a tu propio ritmo, en el momento que elijas, y como los cursos son accesibles en todas las plataformas, puedes disfrutar de nuestras lecciones est\u00e9s donde est\u00e9s y en cualquier dispositivo que tengas disponible.\u00a0<\/p>\n<p>\t\t\t<a href=\"https:\/\/nailknowledge.org\/es\/una-conocimiento-aprendizaje-flexible\/\" role=\"button\"><br \/>\n\t\t\t\t\t\tM\u00e1s informaci\u00f3n<br \/>\n\t\t\t\t\t<\/a><\/p>\n<h2>Lecciones f\u00e1ciles de entender<\/h2>\n<p>Parte de la informaci\u00f3n clave que los t\u00e9cnicos de u\u00f1as han necesitado aprender en el pasado -anatom\u00eda, qu\u00edmica de los productos y salud y seguridad- ha sido a trav\u00e9s de contenidos est\u00e1ticos y en papel.\u00a0<\/p>\n<p>Cuando se trata de comprender c\u00f3mo encaja, por ejemplo, la unidad de clavos, muchos alumnos necesitan algo m\u00e1s que una hoja de papel con un diagrama mal dibujado.\u00a0<\/p>\n<p>Para facilitar al m\u00e1ximo la comprensi\u00f3n y visualizaci\u00f3n de estos temas, hemos invertido en un enfoque muy visual de la formaci\u00f3n, con m\u00e1s de 3 horas de contenido animado original que ofrece una visualizaci\u00f3n en 3D de los temas clave.\u00a0<\/p>\n<p>Nuestro objetivo es simplificar lo complejo y reforzar el aprendizaje clave con interactividad.<\/p>\n<p>\t\t\t\t\t\t\t\t\t\t\t\t<img decoding=\"async\" width=\"301\" height=\"301\" src=\"https:\/\/nailknowledge.org\/wp-content\/uploads\/2020\/10\/Easy-to-Understand.png\" alt=\"\" loading=\"lazy\" \/><br \/>\n\t\t\t<a href=\"https:\/\/nailknowledge.org\/es\/conocimiento-de-las-unas-facil-de-entender\/\" role=\"button\"><br \/>\n\t\t\t\t\t\tM\u00e1s informaci\u00f3n<br \/>\n\t\t\t\t\t<\/a><br \/>\n\t\t\t\t\t\t\t\t\t\t\t\t<img decoding=\"async\" width=\"301\" height=\"301\" src=\"https:\/\/nailknowledge.org\/wp-content\/uploads\/2020\/10\/Expert-Led.png\" alt=\"\" loading=\"lazy\" \/>\t\t\t\t\t\t\t\t\t\t\t\t\t\t<\/p>\n<h2>Formaci\u00f3n dirigida por expertos<\/h2>\n<p>Queremos que la formaci\u00f3n impartida por NailKnowledge revolucione la formaci\u00f3n de los t\u00e9cnicos de u\u00f1as y cree una nueva generaci\u00f3n de t\u00e9cnicos de u\u00f1as con una comprensi\u00f3n m\u00e1s profunda de la unidad de u\u00f1as y conocimientos de temas cient\u00edficos clave y de seguridad.&nbsp;<\/p>\n<p>Para ello reunimos a tres expertos en la materia muy respetados y con profundos conocimientos del sector, que juntos pod\u00edan ser la autoridad en materia de clavos y garantizar que nuestras lecciones ofrecieran la informaci\u00f3n m\u00e1s reciente.<\/p>\n<p>\t\t\t<a href=\"https:\/\/nailknowledge.org\/es\/expertos-en-unas\/\" role=\"button\"><br \/>\n\t\t\t\t\t\tM\u00e1s informaci\u00f3n<br \/>\n\t\t\t\t\t<\/a><\/p>\n<h2>Nuestros objetivos de formaci\u00f3n<\/h2>\n<p>Our mission is to ensure we deliver\u00a0industry-leading training, full of\u00a0high quality content\u00a0that provides you with a\u00a0better learning experience.\u00a0<\/p>\n<p>\t\t\t\t\t\t\t\t\t\t\t\t<img decoding=\"async\" width=\"600\" height=\"601\" src=\"https:\/\/nailknowledge.org\/wp-content\/uploads\/2020\/10\/nailpedia-infographic-3.png\" alt=\"\" loading=\"lazy\" \/>\t\t\t\t\t\t\t\t\t\t\t\t\t\t<\/p>\n<h2>Estructura del Diploma<\/h2>\n<h3>La Unidad de U\u00f1as <\/h3>\n<p>\t\t\t\t\t\t\t\t\t\t\t\t<img decoding=\"async\" width=\"300\" height=\"300\" src=\"https:\/\/nailknowledge.org\/wp-content\/uploads\/2020\/11\/nail-anatomy.png\" alt=\"Anatom\u00eda de las u\u00f1as\" loading=\"lazy\" \/>\t\t\t\t\t\t\t\t\t\t\t\t\t\t<\/p>\n<p>Conozca las estructuras de la u\u00f1a, c\u00f3mo crece la l\u00e1mina ungueal y su estructura, y las afecciones m\u00e1s comunes de las u\u00f1as.<\/p>\n<h4 style=\"margin-top: 0px;\">La Unidad de U\u00f1as:<\/h4>\n<p>Lecci\u00f3n 1 - Anatom\u00eda de la unidad ungueal\u00a0<br \/>Lecci\u00f3n 2 - Crecimiento de la l\u00e1mina ungueal<br \/>Lecci\u00f3n 3 - Estructura de la placa ungueal<br \/>Lecci\u00f3n 4 - Lecho ungueal y l\u00fanula<br \/>Lecci\u00f3n 5 - Sellos de la u\u00f1a<br \/>Lecci\u00f3n 6 - Condiciones de las u\u00f1as<\/p>\n<h3>Qu\u00edmica del producto<\/h3>\n<p>\t\t\t\t\t\t\t\t\t\t\t\t<img decoding=\"async\" width=\"300\" height=\"300\" src=\"https:\/\/nailknowledge.org\/wp-content\/uploads\/2020\/11\/product-chemistry.png\" alt=\"\" loading=\"lazy\" \/>\t\t\t\t\t\t\t\t\t\t\t\t\t\t<\/p>\n<p>Aprenda la qu\u00edmica b\u00e1sica de los productos y comprenda el proceso de polimerizaci\u00f3n que se encuentra en el coraz\u00f3n de la industria de las u\u00f1as.<\/p>\n<h4 style=\"margin-top: 0px;\">Qu\u00edmica del producto:<\/h4>\n<p>Lecci\u00f3n 1 - \u00bfQu\u00e9 es una sustancia qu\u00edmica?\u00a0<br \/>Lecci\u00f3n 2 - Lociones, pociones y abrillantadores<br \/>Lecci\u00f3n 3 - Los acr\u00edlicos y su lugar en la industria<br \/>Lecci\u00f3n 4 - L\u00edquido y polvo<br \/>Lecci\u00f3n 5 - Geles UV y otros sistemas<\/p>\n<p>\t\t\t<a href=\"https:\/\/nailknowledge.org\/es\/cursos-profesionales-de-unas\/el-diploma-esencial-de-profesional-de-unas\/\" role=\"button\"><br \/>\n\t\t\t\t\t\tM\u00e1s informaci\u00f3n<br \/>\n\t\t\t\t\t<\/a><\/p>\n<h3>Salud y seguridad<\/h3>\n<p>\t\t\t\t\t\t\t\t\t\t\t\t<img decoding=\"async\" width=\"300\" height=\"300\" src=\"https:\/\/nailknowledge.org\/wp-content\/uploads\/2020\/11\/nail-conditions.png\" alt=\"\" loading=\"lazy\" \/>\t\t\t\t\t\t\t\t\t\t\t\t\t\t<\/p>\n<p>Salud y seguridad esenciales para su seguridad y la de sus clientes, con estrategias para minimizar los riesgos derivados del polvo, los vapores y los productos.<\/p>\n<h4 style=\"margin-top: 0px;\">Salud y seguridad:<\/h4>\n<p>Lecci\u00f3n 1 - Su entorno de trabajo\u00a0<br \/>Lecci\u00f3n 2 - Higiene<br \/>Lecci\u00f3n 3 - Uso seguro de los productos<br \/>Lecci\u00f3n 4 - Alergias e irritaciones<br \/>Lecci\u00f3n 5 - Trabajar de forma segura con los clientes<\/p>","protected":false},"excerpt":{"rendered":"<p>Training that is built around you We designed NailKnowledge&#8217;s ethos around three key values &#8211; flexible learning that was easy to understand and expert-led &#8211;\u00a0with the learner at the heart of everything we do.\u00a0 Flexible Learning We know how busy life is, and the difficulty of finding the time to focus on learning resources. To [&hellip;]<\/p>\n","protected":false},"author":2,"featured_media":0,"parent":0,"menu_order":0,"comment_status":"closed","ping_status":"closed","template":"","meta":{"_yoast_wpseo_focuskw":"","_yoast_wpseo_metadesc":"","_genesis_hide_title":false,"_genesis_hide_breadcrumbs":false,"_genesis_hide_singular_image":false,"_genesis_hide_footer_widgets":false,"_genesis_custom_body_class":"","_genesis_custom_post_class":"","_genesis_layout":"","footnotes":""},"class_list":{"0":"post-29276","1":"page","2":"type-page","3":"status-publish","5":"entry"},"yoast_head":"<!-- This site is optimized with the Yoast SEO plugin v27.4 - https:\/\/yoast.com\/product\/yoast-seo-wordpress\/ -->\n<title>Training Built Around You - NailKnowledge<\/title>\n<meta name=\"robots\" content=\"index, follow, max-snippet:-1, max-image-preview:large, max-video-preview:-1\" \/>\n<link rel=\"canonical\" href=\"https:\/\/nailknowledge.org\/es\/ethos-de-la-formacion-nailknowledge\/\" \/>\n<meta property=\"og:locale\" content=\"es_ES\" \/>\n<meta property=\"og:type\" content=\"article\" \/>\n<meta property=\"og:title\" content=\"Training Built Around You - NailKnowledge\" \/>\n<meta property=\"og:description\" content=\"Training that is built around you We designed NailKnowledge&#8217;s ethos around three key values &#8211; flexible learning that was easy to understand and expert-led &#8211;\u00a0with the learner at the heart of everything we do.\u00a0 Flexible Learning We know how busy life is, and the difficulty of finding the time to focus on learning resources. To [&hellip;]\" \/>\n<meta property=\"og:url\" content=\"https:\/\/nailknowledge.org\/es\/ethos-de-la-formacion-nailknowledge\/\" \/>\n<meta property=\"og:site_name\" content=\"NailKnowledge\" \/>\n<meta property=\"article:modified_time\" content=\"2023-01-10T12:23:44+00:00\" \/>\n<meta property=\"og:image\" content=\"https:\/\/nailknowledge.org\/wp-content\/uploads\/2023\/03\/image002.jpg\" \/>\n\t<meta property=\"og:image:width\" content=\"545\" \/>\n\t<meta property=\"og:image:height\" content=\"295\" \/>\n\t<meta property=\"og:image:type\" content=\"image\/jpeg\" \/>\n<meta name=\"twitter:card\" content=\"summary_large_image\" \/>\n<meta name=\"twitter:label1\" content=\"Tiempo de lectura\" \/>\n\t<meta name=\"twitter:data1\" content=\"4 minutos\" \/>\n<script type=\"application\/ld+json\" class=\"yoast-schema-graph\">{\"@context\":\"https:\\\/\\\/schema.org\",\"@graph\":[{\"@type\":\"WebPage\",\"@id\":\"https:\\\/\\\/nailknowledge.org\\\/nailknowledge-training-ethos\",\"url\":\"https:\\\/\\\/nailknowledge.org\\\/nailknowledge-training-ethos\",\"name\":\"Training Built Around You - NailKnowledge\",\"isPartOf\":{\"@id\":\"https:\\\/\\\/new.nailknowledge.org\\\/#website\"},\"primaryImageOfPage\":{\"@id\":\"https:\\\/\\\/nailknowledge.org\\\/nailknowledge-training-ethos#primaryimage\"},\"image\":{\"@id\":\"https:\\\/\\\/nailknowledge.org\\\/nailknowledge-training-ethos#primaryimage\"},\"thumbnailUrl\":\"https:\\\/\\\/nailknowledge.org\\\/wp-content\\\/uploads\\\/2020\\\/10\\\/Flexible-Learning.png\",\"datePublished\":\"2020-09-24T08:40:27+00:00\",\"dateModified\":\"2023-01-10T12:23:44+00:00\",\"breadcrumb\":{\"@id\":\"https:\\\/\\\/nailknowledge.org\\\/nailknowledge-training-ethos#breadcrumb\"},\"inLanguage\":\"es\",\"potentialAction\":[{\"@type\":\"ReadAction\",\"target\":[\"https:\\\/\\\/nailknowledge.org\\\/nailknowledge-training-ethos\"]}]},{\"@type\":\"ImageObject\",\"inLanguage\":\"es\",\"@id\":\"https:\\\/\\\/nailknowledge.org\\\/nailknowledge-training-ethos#primaryimage\",\"url\":\"https:\\\/\\\/nailknowledge.org\\\/wp-content\\\/uploads\\\/2020\\\/10\\\/Flexible-Learning.png\",\"contentUrl\":\"https:\\\/\\\/nailknowledge.org\\\/wp-content\\\/uploads\\\/2020\\\/10\\\/Flexible-Learning.png\"},{\"@type\":\"BreadcrumbList\",\"@id\":\"https:\\\/\\\/nailknowledge.org\\\/nailknowledge-training-ethos#breadcrumb\",\"itemListElement\":[{\"@type\":\"ListItem\",\"position\":1,\"name\":\"Home\",\"item\":\"https:\\\/\\\/nailknowledge.org\\\/\"},{\"@type\":\"ListItem\",\"position\":2,\"name\":\"Training Built Around You\"}]},{\"@type\":\"WebSite\",\"@id\":\"https:\\\/\\\/new.nailknowledge.org\\\/#website\",\"url\":\"https:\\\/\\\/new.nailknowledge.org\\\/\",\"name\":\"NailKnowledge\",\"description\":\"\",\"publisher\":{\"@id\":\"https:\\\/\\\/new.nailknowledge.org\\\/#organization\"},\"potentialAction\":[{\"@type\":\"SearchAction\",\"target\":{\"@type\":\"EntryPoint\",\"urlTemplate\":\"https:\\\/\\\/new.nailknowledge.org\\\/?s={search_term_string}\"},\"query-input\":{\"@type\":\"PropertyValueSpecification\",\"valueRequired\":true,\"valueName\":\"search_term_string\"}}],\"inLanguage\":\"es\"},{\"@type\":\"Organization\",\"@id\":\"https:\\\/\\\/new.nailknowledge.org\\\/#organization\",\"name\":\"NailKnowledge\",\"url\":\"https:\\\/\\\/new.nailknowledge.org\\\/\",\"logo\":{\"@type\":\"ImageObject\",\"inLanguage\":\"es\",\"@id\":\"https:\\\/\\\/new.nailknowledge.org\\\/#\\\/schema\\\/logo\\\/image\\\/\",\"url\":\"https:\\\/\\\/nailknowledge.org\\\/wp-content\\\/uploads\\\/2026\\\/03\\\/KN-Logo-1.webp\",\"contentUrl\":\"https:\\\/\\\/nailknowledge.org\\\/wp-content\\\/uploads\\\/2026\\\/03\\\/KN-Logo-1.webp\",\"width\":542,\"height\":100,\"caption\":\"NailKnowledge\"},\"image\":{\"@id\":\"https:\\\/\\\/new.nailknowledge.org\\\/#\\\/schema\\\/logo\\\/image\\\/\"}}]}<\/script>\n<!-- \/ Yoast SEO plugin. -->","yoast_head_json":{"title":"Formaci\u00f3n a tu medida - NailKnowledge","robots":{"index":"index","follow":"follow","max-snippet":"max-snippet:-1","max-image-preview":"max-image-preview:large","max-video-preview":"max-video-preview:-1"},"canonical":"https:\/\/nailknowledge.org\/es\/ethos-de-la-formacion-nailknowledge\/","og_locale":"es_ES","og_type":"article","og_title":"Training Built Around You - NailKnowledge","og_description":"Training that is built around you We designed NailKnowledge&#8217;s ethos around three key values &#8211; flexible learning that was easy to understand and expert-led &#8211;\u00a0with the learner at the heart of everything we do.\u00a0 Flexible Learning We know how busy life is, and the difficulty of finding the time to focus on learning resources. To [&hellip;]","og_url":"https:\/\/nailknowledge.org\/es\/ethos-de-la-formacion-nailknowledge\/","og_site_name":"NailKnowledge","article_modified_time":"2023-01-10T12:23:44+00:00","og_image":[{"width":545,"height":295,"url":"https:\/\/nailknowledge.org\/wp-content\/uploads\/2023\/03\/image002.jpg","type":"image\/jpeg"}],"twitter_card":"summary_large_image","twitter_misc":{"Tiempo de lectura":"4 minutos"},"schema":{"@context":"https:\/\/schema.org","@graph":[{"@type":"WebPage","@id":"https:\/\/nailknowledge.org\/nailknowledge-training-ethos","url":"https:\/\/nailknowledge.org\/nailknowledge-training-ethos","name":"Formaci\u00f3n a tu medida - NailKnowledge","isPartOf":{"@id":"https:\/\/new.nailknowledge.org\/#website"},"primaryImageOfPage":{"@id":"https:\/\/nailknowledge.org\/nailknowledge-training-ethos#primaryimage"},"image":{"@id":"https:\/\/nailknowledge.org\/nailknowledge-training-ethos#primaryimage"},"thumbnailUrl":"https:\/\/nailknowledge.org\/wp-content\/uploads\/2020\/10\/Flexible-Learning.png","datePublished":"2020-09-24T08:40:27+00:00","dateModified":"2023-01-10T12:23:44+00:00","breadcrumb":{"@id":"https:\/\/nailknowledge.org\/nailknowledge-training-ethos#breadcrumb"},"inLanguage":"es","potentialAction":[{"@type":"ReadAction","target":["https:\/\/nailknowledge.org\/nailknowledge-training-ethos"]}]},{"@type":"ImageObject","inLanguage":"es","@id":"https:\/\/nailknowledge.org\/nailknowledge-training-ethos#primaryimage","url":"https:\/\/nailknowledge.org\/wp-content\/uploads\/2020\/10\/Flexible-Learning.png","contentUrl":"https:\/\/nailknowledge.org\/wp-content\/uploads\/2020\/10\/Flexible-Learning.png"},{"@type":"BreadcrumbList","@id":"https:\/\/nailknowledge.org\/nailknowledge-training-ethos#breadcrumb","itemListElement":[{"@type":"ListItem","position":1,"name":"Home","item":"https:\/\/nailknowledge.org\/"},{"@type":"ListItem","position":2,"name":"Training Built Around You"}]},{"@type":"WebSite","@id":"https:\/\/new.nailknowledge.org\/#website","url":"https:\/\/new.nailknowledge.org\/","name":"Conocimientos de u\u00f1as","description":"","publisher":{"@id":"https:\/\/new.nailknowledge.org\/#organization"},"potentialAction":[{"@type":"SearchAction","target":{"@type":"EntryPoint","urlTemplate":"https:\/\/new.nailknowledge.org\/?s={search_term_string}"},"query-input":{"@type":"PropertyValueSpecification","valueRequired":true,"valueName":"search_term_string"}}],"inLanguage":"es"},{"@type":"Organization","@id":"https:\/\/new.nailknowledge.org\/#organization","name":"Conocimientos de u\u00f1as","url":"https:\/\/new.nailknowledge.org\/","logo":{"@type":"ImageObject","inLanguage":"es","@id":"https:\/\/new.nailknowledge.org\/#\/schema\/logo\/image\/","url":"https:\/\/nailknowledge.org\/wp-content\/uploads\/2026\/03\/KN-Logo-1.webp","contentUrl":"https:\/\/nailknowledge.org\/wp-content\/uploads\/2026\/03\/KN-Logo-1.webp","width":542,"height":100,"caption":"NailKnowledge"},"image":{"@id":"https:\/\/new.nailknowledge.org\/#\/schema\/logo\/image\/"}}]}},"_links":{"self":[{"href":"https:\/\/nailknowledge.org\/es\/wp-json\/wp\/v2\/pages\/29276","targetHints":{"allow":["GET"]}}],"collection":[{"href":"https:\/\/nailknowledge.org\/es\/wp-json\/wp\/v2\/pages"}],"about":[{"href":"https:\/\/nailknowledge.org\/es\/wp-json\/wp\/v2\/types\/page"}],"author":[{"embeddable":true,"href":"https:\/\/nailknowledge.org\/es\/wp-json\/wp\/v2\/users\/2"}],"replies":[{"embeddable":true,"href":"https:\/\/nailknowledge.org\/es\/wp-json\/wp\/v2\/comments?post=29276"}],"version-history":[{"count":0,"href":"https:\/\/nailknowledge.org\/es\/wp-json\/wp\/v2\/pages\/29276\/revisions"}],"wp:attachment":[{"href":"https:\/\/nailknowledge.org\/es\/wp-json\/wp\/v2\/media?parent=29276"}],"curies":[{"name":"wp","href":"https:\/\/api.w.org\/{rel}","templated":true}]}}