{"id":29406,"date":"2020-10-21T08:08:36","date_gmt":"2020-10-21T08:08:36","guid":{"rendered":"https:\/\/nailpedia.org\/?page_id=29406"},"modified":"2026-04-21T10:46:01","modified_gmt":"2026-04-21T10:46:01","slug":"una-conocimiento-aprendizaje-flexible","status":"publish","type":"page","link":"https:\/\/nailknowledge.org\/es\/nail-knowledge-flexible-learning","title":{"rendered":"Aprendizaje flexible"},"content":{"rendered":"<div style=\"height:40px\" aria-hidden=\"true\" class=\"wp-block-spacer\"><\/div>\n\n\n\n<h1 class=\"wp-block-heading has-text-align-center\">Aprendizaje flexible<\/h1>\n\n\n\n<div style=\"height:40px\" aria-hidden=\"true\" class=\"wp-block-spacer\"><\/div>\n\n\n\n<h3 class=\"wp-block-heading has-text-align-center\">Dise\u00f1ado pensando en la vida moderna.<\/h3>\n\n\n\n<p>Nuestro Diploma Essential Nail Professional se imparte en 16 lecciones de tama\u00f1o reducido, que puedes ver y disfrutar a tu propio ritmo, en cualquier lugar, en cualquier sitio y en cualquier dispositivo.<\/p>\n\n\n<div class=\"nk-columns alignwide wp-block-nk-columns\">\r\n\t<div class=\"nk-columns__inner\" style=\"gap:20px;margin-top:40px;\">\r\n\t\t\t\t\t\t<div class=\"nk-columns__card\" style=\"border-radius:50px 50px 50px 50px;padding:0px 0px 0px 0px;background-color:#E6DED9;\">\r\n\t\t\t\t\t\t\t<div class=\"nk-columns__image\">\r\n\t\t\t\t\t<img loading=\"eager\" fetchpriority=\"high\" width=\"301\" height=\"301\" src=\"https:\/\/nailknowledge.org\/wp-content\/uploads\/2026\/04\/Anywhere-Anytime-copy.webp\" class=\"attachment-large size-large\" alt=\"\" style=\"max-height:600px;object-fit:contain;\" srcset=\"https:\/\/nailknowledge.org\/wp-content\/uploads\/2026\/04\/Anywhere-Anytime-copy.webp 301w, https:\/\/nailknowledge.org\/wp-content\/uploads\/2026\/04\/Anywhere-Anytime-copy-300x300.webp 300w, https:\/\/nailknowledge.org\/wp-content\/uploads\/2026\/04\/Anywhere-Anytime-copy-150x150.webp 150w, https:\/\/nailknowledge.org\/wp-content\/uploads\/2026\/04\/Anywhere-Anytime-copy-12x12.webp 12w, https:\/\/nailknowledge.org\/wp-content\/uploads\/2026\/04\/Anywhere-Anytime-copy-75x75.webp 75w, https:\/\/nailknowledge.org\/wp-content\/uploads\/2026\/04\/Anywhere-Anytime-copy-100x100.webp 100w\" sizes=\"auto, (max-width: 683px) calc(100vw - 100px), 651px\" decoding=\"async\" \/>\t\t\t\t<\/div>\r\n\t\t\t\r\n\t\t\t\t\t\t<div class=\"nk-columns__content\" style=\"max-width:300px;width:100%;\">\r\n\t\t\t\t\t\t\t\t\t<h3 class=\"nk-columns__title\">En cualquier momento y lugar<\/h3>\r\n\t\t\t\t\r\n\t\t\t\t\t\t\t\t\t<p class=\"nk-columns__text\">Complete nuestras lecciones en el horario que m\u00e1s le convenga, con la posibilidad de conectarse al sistema y ver el contenido desde cualquier lugar y en cualquier momento.<\/p>\r\n\t\t\t\t\t\t\t<\/div>\r\n\t\t\t\t\t<\/div>\r\n\t\t\t\t\t\t<div class=\"nk-columns__card\" style=\"border-radius:50px 50px 50px 50px;padding:0px 0px 0px 0px;background-color:#dfbec1;\">\r\n\t\t\t\t\t\t\t<div class=\"nk-columns__image\">\r\n\t\t\t\t\t<img width=\"301\" height=\"301\" src=\"https:\/\/nailknowledge.org\/wp-content\/uploads\/2026\/04\/Bite-sized-Content.webp\" class=\"attachment-large size-large\" alt=\"\" style=\"max-height:600px;object-fit:contain;\" srcset=\"https:\/\/nailknowledge.org\/wp-content\/uploads\/2026\/04\/Bite-sized-Content.webp 301w, https:\/\/nailknowledge.org\/wp-content\/uploads\/2026\/04\/Bite-sized-Content-300x300.webp 300w, https:\/\/nailknowledge.org\/wp-content\/uploads\/2026\/04\/Bite-sized-Content-150x150.webp 150w, https:\/\/nailknowledge.org\/wp-content\/uploads\/2026\/04\/Bite-sized-Content-12x12.webp 12w, https:\/\/nailknowledge.org\/wp-content\/uploads\/2026\/04\/Bite-sized-Content-75x75.webp 75w, https:\/\/nailknowledge.org\/wp-content\/uploads\/2026\/04\/Bite-sized-Content-100x100.webp 100w\" sizes=\"auto, (max-width: 683px) calc(100vw - 100px), 651px\" loading=\"lazy\" decoding=\"async\" \/>\t\t\t\t<\/div>\r\n\t\t\t\r\n\t\t\t\t\t\t<div class=\"nk-columns__content\" style=\"max-width:300px;width:100%;\">\r\n\t\t\t\t\t\t\t\t\t<h3 class=\"nk-columns__title\">Contenido en bocaditos<\/h3>\r\n\t\t\t\t\r\n\t\t\t\t\t\t\t\t\t<p class=\"nk-columns__text\">Hemos dise\u00f1ado los cursos de NailKnowledge para que sean del tama\u00f1o de un bocado, con una lecci\u00f3n media de 15 minutos.<\/p>\r\n\t\t\t\t\t\t\t<\/div>\r\n\t\t\t\t\t<\/div>\r\n\t\t\t\t\t\t<div class=\"nk-columns__card\" style=\"border-radius:50px 50px 50px 50px;padding:0px 0px 0px 0px;background-color:#9FB7A1;\">\r\n\t\t\t\t\t\t\t<div class=\"nk-columns__image\">\r\n\t\t\t\t\t<img width=\"301\" height=\"301\" src=\"https:\/\/nailknowledge.org\/wp-content\/uploads\/2026\/04\/Multiplatform-copy.webp\" class=\"attachment-large size-large\" alt=\"\" style=\"max-height:600px;object-fit:contain;\" srcset=\"https:\/\/nailknowledge.org\/wp-content\/uploads\/2026\/04\/Multiplatform-copy.webp 301w, https:\/\/nailknowledge.org\/wp-content\/uploads\/2026\/04\/Multiplatform-copy-300x300.webp 300w, https:\/\/nailknowledge.org\/wp-content\/uploads\/2026\/04\/Multiplatform-copy-150x150.webp 150w, https:\/\/nailknowledge.org\/wp-content\/uploads\/2026\/04\/Multiplatform-copy-12x12.webp 12w, https:\/\/nailknowledge.org\/wp-content\/uploads\/2026\/04\/Multiplatform-copy-75x75.webp 75w, https:\/\/nailknowledge.org\/wp-content\/uploads\/2026\/04\/Multiplatform-copy-100x100.webp 100w\" sizes=\"auto, (max-width: 683px) calc(100vw - 100px), 651px\" loading=\"lazy\" decoding=\"async\" \/>\t\t\t\t<\/div>\r\n\t\t\t\r\n\t\t\t\t\t\t<div class=\"nk-columns__content\" style=\"max-width:300px;width:100%;\">\r\n\t\t\t\t\t\t\t\t\t<h3 class=\"nk-columns__title\">Multiplataforma<\/h3>\r\n\t\t\t\t\r\n\t\t\t\t\t\t\t\t\t<p class=\"nk-columns__text\">NailKnowledge est\u00e1 disponible en todos los dispositivos para que puedas aprender en la plataforma que m\u00e1s te convenga.\u00a0<\/p>\r\n\t\t\t\t\t\t\t<\/div>\r\n\t\t\t\t\t<\/div>\r\n\t\t\t<\/div>\r\n<\/div>\r\n\n\n\n<div style=\"height:40px\" aria-hidden=\"true\" class=\"wp-block-spacer\"><\/div>\n\n\n\n<h2 class=\"wp-block-heading has-text-align-center\">Profundice en nuestra \u00e9tica de la formaci\u00f3n<\/h2>\n\n\n\n<h3 class=\"wp-block-heading has-text-align-center\">F\u00e1cil de entender<\/h3>\n\n\n\n<p class=\"has-text-align-center\">We have&nbsp;designed our NailKnowledge courses to be accessible for everyone, with animated and highly visual lessons to help you understand.&nbsp;<\/p>\n\n\n\n<div class=\"wp-block-buttons is-content-justification-center is-layout-flex wp-container-core-buttons-is-layout-16018d1d wp-block-buttons-is-layout-flex\">\n<div class=\"wp-block-button is-style-cta-pill-colourful\"><a class=\"wp-block-button__link wp-element-button\" href=\"https:\/\/nailknowledge.org\/es\/conocimiento-de-las-unas-facil-de-entender\/\">What&#8217;s it like?<\/a><\/div>\n<\/div>\n\n\n\n<div style=\"height:40px\" aria-hidden=\"true\" class=\"wp-block-spacer\"><\/div>\n\n\n\n<h3 class=\"wp-block-heading has-text-align-center\">Formaci\u00f3n dirigida por expertos<\/h3>\n\n\n\n<p class=\"has-text-align-center\">Hemos reunido a tres expertos en la materia muy respetados y con profundos conocimientos del sector para redactar los cursos NailKnowledge, presentados por Marian Newman, gur\u00fa del sector y galardonada formadora.<\/p>\n\n\n\n<div class=\"wp-block-buttons is-content-justification-center is-layout-flex wp-container-core-buttons-is-layout-16018d1d wp-block-buttons-is-layout-flex\">\n<div class=\"wp-block-button is-style-cta-pill-colourful\"><a class=\"wp-block-button__link wp-element-button\" href=\"https:\/\/nailknowledge.org\/es\/expertos-en-unas\/\">Conozca a los expertos<\/a><\/div>\n<\/div>\n\n\n\n<div style=\"height:40px\" aria-hidden=\"true\" class=\"wp-block-spacer\"><\/div>","protected":false},"excerpt":{"rendered":"<p>Flexible Learning Designed with modern life in mind.\u200b Our Essential Nail Professional Diploma is delivered in 16 bite-sized lessons, that you can watch and enjoy at your own pace, anyplace, anywhere and on any device. Further explore our Training Ethos Easy to Understand We have&nbsp;designed our NailKnowledge courses to be accessible for everyone, with animated [&hellip;]<\/p>\n","protected":false},"author":2,"featured_media":0,"parent":0,"menu_order":0,"comment_status":"closed","ping_status":"closed","template":"","meta":{"_yoast_wpseo_focuskw":"","_yoast_wpseo_metadesc":"","_genesis_hide_title":false,"_genesis_hide_breadcrumbs":false,"_genesis_hide_singular_image":false,"_genesis_hide_footer_widgets":false,"_genesis_custom_body_class":"","_genesis_custom_post_class":"","_genesis_layout":"","footnotes":""},"class_list":{"0":"post-29406","1":"page","2":"type-page","3":"status-publish","5":"entry"},"yoast_head":"<!-- This site is optimized with the Yoast SEO plugin v27.4 - https:\/\/yoast.com\/product\/yoast-seo-wordpress\/ -->\n<title>Flexible Learning - NailKnowledge<\/title>\n<meta name=\"robots\" content=\"index, follow, max-snippet:-1, max-image-preview:large, max-video-preview:-1\" \/>\n<link rel=\"canonical\" href=\"https:\/\/nailknowledge.org\/es\/una-conocimiento-aprendizaje-flexible\/\" \/>\n<meta property=\"og:locale\" content=\"es_ES\" \/>\n<meta property=\"og:type\" content=\"article\" \/>\n<meta property=\"og:title\" content=\"Flexible Learning - NailKnowledge\" \/>\n<meta property=\"og:description\" content=\"Flexible Learning Designed with modern life in mind.\u200b Our Essential Nail Professional Diploma is delivered in 16 bite-sized lessons, that you can watch and enjoy at your own pace, anyplace, anywhere and on any device. Further explore our Training Ethos Easy to Understand We have&nbsp;designed our NailKnowledge courses to be accessible for everyone, with animated [&hellip;]\" \/>\n<meta property=\"og:url\" content=\"https:\/\/nailknowledge.org\/es\/una-conocimiento-aprendizaje-flexible\/\" \/>\n<meta property=\"og:site_name\" content=\"NailKnowledge\" \/>\n<meta property=\"article:modified_time\" content=\"2026-04-21T10:46:01+00:00\" \/>\n<meta name=\"twitter:card\" content=\"summary_large_image\" \/>\n<meta name=\"twitter:label1\" content=\"Tiempo de lectura\" \/>\n\t<meta name=\"twitter:data1\" content=\"1 minuto\" \/>\n<script type=\"application\/ld+json\" class=\"yoast-schema-graph\">{\"@context\":\"https:\\\/\\\/schema.org\",\"@graph\":[{\"@type\":\"WebPage\",\"@id\":\"https:\\\/\\\/nailknowledge.org\\\/nail-knowledge-flexible-learning\",\"url\":\"https:\\\/\\\/nailknowledge.org\\\/nail-knowledge-flexible-learning\",\"name\":\"Flexible Learning - NailKnowledge\",\"isPartOf\":{\"@id\":\"https:\\\/\\\/new.nailknowledge.org\\\/#website\"},\"datePublished\":\"2020-10-21T08:08:36+00:00\",\"dateModified\":\"2026-04-21T10:46:01+00:00\",\"breadcrumb\":{\"@id\":\"https:\\\/\\\/nailknowledge.org\\\/nail-knowledge-flexible-learning#breadcrumb\"},\"inLanguage\":\"es\",\"potentialAction\":[{\"@type\":\"ReadAction\",\"target\":[\"https:\\\/\\\/nailknowledge.org\\\/nail-knowledge-flexible-learning\"]}]},{\"@type\":\"BreadcrumbList\",\"@id\":\"https:\\\/\\\/nailknowledge.org\\\/nail-knowledge-flexible-learning#breadcrumb\",\"itemListElement\":[{\"@type\":\"ListItem\",\"position\":1,\"name\":\"Home\",\"item\":\"https:\\\/\\\/nailknowledge.org\\\/\"},{\"@type\":\"ListItem\",\"position\":2,\"name\":\"Flexible Learning\"}]},{\"@type\":\"WebSite\",\"@id\":\"https:\\\/\\\/new.nailknowledge.org\\\/#website\",\"url\":\"https:\\\/\\\/new.nailknowledge.org\\\/\",\"name\":\"NailKnowledge\",\"description\":\"\",\"publisher\":{\"@id\":\"https:\\\/\\\/new.nailknowledge.org\\\/#organization\"},\"potentialAction\":[{\"@type\":\"SearchAction\",\"target\":{\"@type\":\"EntryPoint\",\"urlTemplate\":\"https:\\\/\\\/new.nailknowledge.org\\\/?s={search_term_string}\"},\"query-input\":{\"@type\":\"PropertyValueSpecification\",\"valueRequired\":true,\"valueName\":\"search_term_string\"}}],\"inLanguage\":\"es\"},{\"@type\":\"Organization\",\"@id\":\"https:\\\/\\\/new.nailknowledge.org\\\/#organization\",\"name\":\"NailKnowledge\",\"url\":\"https:\\\/\\\/new.nailknowledge.org\\\/\",\"logo\":{\"@type\":\"ImageObject\",\"inLanguage\":\"es\",\"@id\":\"https:\\\/\\\/new.nailknowledge.org\\\/#\\\/schema\\\/logo\\\/image\\\/\",\"url\":\"https:\\\/\\\/nailknowledge.org\\\/wp-content\\\/uploads\\\/2026\\\/03\\\/KN-Logo-1.webp\",\"contentUrl\":\"https:\\\/\\\/nailknowledge.org\\\/wp-content\\\/uploads\\\/2026\\\/03\\\/KN-Logo-1.webp\",\"width\":542,\"height\":100,\"caption\":\"NailKnowledge\"},\"image\":{\"@id\":\"https:\\\/\\\/new.nailknowledge.org\\\/#\\\/schema\\\/logo\\\/image\\\/\"}}]}<\/script>\n<!-- \/ Yoast SEO plugin. -->","yoast_head_json":{"title":"Aprendizaje flexible - NailKnowledge","robots":{"index":"index","follow":"follow","max-snippet":"max-snippet:-1","max-image-preview":"max-image-preview:large","max-video-preview":"max-video-preview:-1"},"canonical":"https:\/\/nailknowledge.org\/es\/una-conocimiento-aprendizaje-flexible\/","og_locale":"es_ES","og_type":"article","og_title":"Flexible Learning - NailKnowledge","og_description":"Flexible Learning Designed with modern life in mind.\u200b Our Essential Nail Professional Diploma is delivered in 16 bite-sized lessons, that you can watch and enjoy at your own pace, anyplace, anywhere and on any device. Further explore our Training Ethos Easy to Understand We have&nbsp;designed our NailKnowledge courses to be accessible for everyone, with animated [&hellip;]","og_url":"https:\/\/nailknowledge.org\/es\/una-conocimiento-aprendizaje-flexible\/","og_site_name":"NailKnowledge","article_modified_time":"2026-04-21T10:46:01+00:00","twitter_card":"summary_large_image","twitter_misc":{"Tiempo de lectura":"1 minuto"},"schema":{"@context":"https:\/\/schema.org","@graph":[{"@type":"WebPage","@id":"https:\/\/nailknowledge.org\/nail-knowledge-flexible-learning","url":"https:\/\/nailknowledge.org\/nail-knowledge-flexible-learning","name":"Aprendizaje flexible - NailKnowledge","isPartOf":{"@id":"https:\/\/new.nailknowledge.org\/#website"},"datePublished":"2020-10-21T08:08:36+00:00","dateModified":"2026-04-21T10:46:01+00:00","breadcrumb":{"@id":"https:\/\/nailknowledge.org\/nail-knowledge-flexible-learning#breadcrumb"},"inLanguage":"es","potentialAction":[{"@type":"ReadAction","target":["https:\/\/nailknowledge.org\/nail-knowledge-flexible-learning"]}]},{"@type":"BreadcrumbList","@id":"https:\/\/nailknowledge.org\/nail-knowledge-flexible-learning#breadcrumb","itemListElement":[{"@type":"ListItem","position":1,"name":"Home","item":"https:\/\/nailknowledge.org\/"},{"@type":"ListItem","position":2,"name":"Flexible Learning"}]},{"@type":"WebSite","@id":"https:\/\/new.nailknowledge.org\/#website","url":"https:\/\/new.nailknowledge.org\/","name":"Conocimientos de u\u00f1as","description":"","publisher":{"@id":"https:\/\/new.nailknowledge.org\/#organization"},"potentialAction":[{"@type":"SearchAction","target":{"@type":"EntryPoint","urlTemplate":"https:\/\/new.nailknowledge.org\/?s={search_term_string}"},"query-input":{"@type":"PropertyValueSpecification","valueRequired":true,"valueName":"search_term_string"}}],"inLanguage":"es"},{"@type":"Organization","@id":"https:\/\/new.nailknowledge.org\/#organization","name":"Conocimientos de u\u00f1as","url":"https:\/\/new.nailknowledge.org\/","logo":{"@type":"ImageObject","inLanguage":"es","@id":"https:\/\/new.nailknowledge.org\/#\/schema\/logo\/image\/","url":"https:\/\/nailknowledge.org\/wp-content\/uploads\/2026\/03\/KN-Logo-1.webp","contentUrl":"https:\/\/nailknowledge.org\/wp-content\/uploads\/2026\/03\/KN-Logo-1.webp","width":542,"height":100,"caption":"NailKnowledge"},"image":{"@id":"https:\/\/new.nailknowledge.org\/#\/schema\/logo\/image\/"}}]}},"_links":{"self":[{"href":"https:\/\/nailknowledge.org\/es\/wp-json\/wp\/v2\/pages\/29406","targetHints":{"allow":["GET"]}}],"collection":[{"href":"https:\/\/nailknowledge.org\/es\/wp-json\/wp\/v2\/pages"}],"about":[{"href":"https:\/\/nailknowledge.org\/es\/wp-json\/wp\/v2\/types\/page"}],"author":[{"embeddable":true,"href":"https:\/\/nailknowledge.org\/es\/wp-json\/wp\/v2\/users\/2"}],"replies":[{"embeddable":true,"href":"https:\/\/nailknowledge.org\/es\/wp-json\/wp\/v2\/comments?post=29406"}],"version-history":[{"count":2,"href":"https:\/\/nailknowledge.org\/es\/wp-json\/wp\/v2\/pages\/29406\/revisions"}],"predecessor-version":[{"id":168706,"href":"https:\/\/nailknowledge.org\/es\/wp-json\/wp\/v2\/pages\/29406\/revisions\/168706"}],"wp:attachment":[{"href":"https:\/\/nailknowledge.org\/es\/wp-json\/wp\/v2\/media?parent=29406"}],"curies":[{"name":"wp","href":"https:\/\/api.w.org\/{rel}","templated":true}]}}