{"id":29407,"date":"2020-10-21T08:08:42","date_gmt":"2020-10-21T08:08:42","guid":{"rendered":"https:\/\/nailpedia.org\/?page_id=29407"},"modified":"2020-12-30T13:51:24","modified_gmt":"2020-12-30T13:51:24","slug":"conocimiento-de-las-unas-facil-de-entender","status":"publish","type":"page","link":"https:\/\/nailknowledge.org\/es\/easy-to-understand-nail-knowledge","title":{"rendered":"F\u00e1cil de entender"},"content":{"rendered":"<h1>F\u00e1cil de entender<\/h1>\n<h3> Dise\u00f1ado para ser accesible a todo el mundo, con lecciones animadas y muy visuales para ayudarle a comprender.<\/h3>\n<p>Animadas, llenas de exploraciones en 3D de los temas y con un estilo de aprendizaje muy visual, hemos dise\u00f1ado cada lecci\u00f3n para ayudarle a comprender realmente los temas de Anatom\u00eda de las u\u00f1as, Qu\u00edmica de los productos y Salud y seguridad.<\/p>\n<p><img loading=\"eager\" fetchpriority=\"high\" decoding=\"async\" width=\"301\" height=\"301\" src=\"https:\/\/nailknowledge.org\/wp-content\/uploads\/2020\/10\/Visual-Learning.png\" alt=\"\" srcset=\"https:\/\/nailknowledge.org\/wp-content\/uploads\/2020\/10\/Visual-Learning.png 301w, https:\/\/nailknowledge.org\/wp-content\/uploads\/2020\/10\/Visual-Learning-150x150.png 150w, https:\/\/nailknowledge.org\/wp-content\/uploads\/2020\/10\/Visual-Learning-100x100.png 100w\" sizes=\"auto, (max-width: 301px) 100vw, 301px\"><\/p>\n<h3>Aprendizaje visual<\/h3>\n<p style=\"text-align: center;\">En asignaturas como Anatom\u00eda y Qu\u00edmica de Productos, ser capaz de visualizar las reacciones qu\u00edmicas o c\u00f3mo se desliza la l\u00e1mina ungueal por el lecho ungueal puede transformar tu comprensi\u00f3n de estas complejas materias.&nbsp;<\/p>\n<p>\t\t\t\t\t\t\t\t\t\t<img loading=\"lazy\" decoding=\"async\" width=\"301\" height=\"301\" src=\"https:\/\/nailknowledge.org\/wp-content\/uploads\/2020\/10\/Complex-made-simple.png\" alt=\"\" srcset=\"https:\/\/nailknowledge.org\/wp-content\/uploads\/2020\/10\/Complex-made-simple.png 301w, https:\/\/nailknowledge.org\/wp-content\/uploads\/2020\/10\/Complex-made-simple-150x150.png 150w, https:\/\/nailknowledge.org\/wp-content\/uploads\/2020\/10\/Complex-made-simple-100x100.png 100w\" sizes=\"auto, (max-width: 301px) 100vw, 301px\"><\/p>\n<h3>Lo complejo simplificado<\/h3>\n<p style=\"text-align: center;\">En cada lecci\u00f3n hemos intentado traducir las complejidades de la teor\u00eda a un lenguaje sencillo, para hacer estos temas lo m\u00e1s digeribles y accesibles posible.&nbsp;&nbsp;<\/p>\n<p>\t\t\t\t\t\t\t\t\t\t<img loading=\"lazy\" decoding=\"async\" width=\"301\" height=\"301\" src=\"https:\/\/nailknowledge.org\/wp-content\/uploads\/2020\/10\/Interactive.png\" alt=\"\" srcset=\"https:\/\/nailknowledge.org\/wp-content\/uploads\/2020\/10\/Interactive.png 301w, https:\/\/nailknowledge.org\/wp-content\/uploads\/2020\/10\/Interactive-150x150.png 150w, https:\/\/nailknowledge.org\/wp-content\/uploads\/2020\/10\/Interactive-100x100.png 100w\" sizes=\"auto, (max-width: 301px) 100vw, 301px\"><\/p>\n<h3>Interactivo<\/h3>\n<p style=\"text-align: center;\">A lo largo de cada lecci\u00f3n, se realizan comprobaciones interactivas de conocimientos para asegurarse de que comprende los temas y plantearle retos.&nbsp;<\/p>\n<h2>Profundice en nuestra \u00e9tica de la formaci\u00f3n<\/h2>\n<h3>Aprendizaje flexible<\/h3>\n<p style=\"text-align: center;\">Sabemos lo ajetreada que es la vida y lo dif\u00edcil que resulta encontrar tiempo para centrarse en los recursos de aprendizaje, por lo que tambi\u00e9n hemos dise\u00f1ado nuestros recursos para que se consuman cuando y donde mejor le convenga.<\/p>\n<p>\t\t\t<a href=\"https:\/\/nailknowledge.org\/es\/una-conocimiento-aprendizaje-flexible\/\" role=\"button\"><br \/>\nM\u00e1s informaci\u00f3n<br \/>\n<\/a><\/p>\n<h3>Formaci\u00f3n dirigida por expertos<\/h3>\n<p style=\"text-align: center;\">Hemos reunido a tres expertos en la materia muy respetados y con profundos conocimientos del sector para redactar los cursos NailKnowledge, presentados por Marian Newman, gur\u00fa del sector y galardonada formadora.<\/p>\n<p>\t\t\t<a href=\"https:\/\/nailknowledge.org\/es\/expertos-en-unas\/\" role=\"button\"><br \/>\nConozca a los expertos<br \/>\n<\/a><\/p>","protected":false},"excerpt":{"rendered":"<p>Easy to Understand Designed to be accessible for everyone, with animated and highly visual lessons to help you understand. Animated, full of 3D explorations of the subjects and a highly visual style of learning, we have designed each lesson to help you really understand the subjects of Nail Anatomy, Product Chemistry, and Health and Safety. [&hellip;]<\/p>\n","protected":false},"author":2,"featured_media":0,"parent":0,"menu_order":0,"comment_status":"closed","ping_status":"closed","template":"","meta":{"_genesis_hide_title":false,"_genesis_hide_breadcrumbs":false,"_genesis_hide_singular_image":false,"_genesis_hide_footer_widgets":false,"_genesis_custom_body_class":"","_genesis_custom_post_class":"","_genesis_layout":"","footnotes":""},"class_list":{"0":"post-29407","1":"page","2":"type-page","3":"status-publish","5":"entry"},"yoast_head":"<!-- This site is optimized with the Yoast SEO plugin v27.3 - https:\/\/yoast.com\/product\/yoast-seo-wordpress\/ -->\n<title>Easy to Understand - NailKnowledge<\/title>\n<meta name=\"robots\" content=\"index, follow, max-snippet:-1, max-image-preview:large, max-video-preview:-1\" \/>\n<link rel=\"canonical\" href=\"https:\/\/nailknowledge.org\/es\/conocimiento-de-las-unas-facil-de-entender\/\" \/>\n<meta property=\"og:locale\" content=\"es_ES\" \/>\n<meta property=\"og:type\" content=\"article\" \/>\n<meta property=\"og:title\" content=\"Easy to Understand - NailKnowledge\" \/>\n<meta property=\"og:description\" content=\"Easy to Understand Designed to be accessible for everyone, with animated and highly visual lessons to help you understand. Animated, full of 3D explorations of the subjects and a highly visual style of learning, we have designed each lesson to help you really understand the subjects of Nail Anatomy, Product Chemistry, and Health and Safety. [&hellip;]\" \/>\n<meta property=\"og:url\" content=\"https:\/\/nailknowledge.org\/es\/conocimiento-de-las-unas-facil-de-entender\/\" \/>\n<meta property=\"og:site_name\" content=\"NailKnowledge\" \/>\n<meta property=\"article:modified_time\" content=\"2020-12-30T13:51:24+00:00\" \/>\n<meta property=\"og:image\" content=\"https:\/\/nailknowledge.org\/wp-content\/uploads\/2023\/03\/image002.jpg\" \/>\n\t<meta property=\"og:image:width\" content=\"545\" \/>\n\t<meta property=\"og:image:height\" content=\"295\" \/>\n\t<meta property=\"og:image:type\" content=\"image\/jpeg\" \/>\n<meta name=\"twitter:card\" content=\"summary_large_image\" \/>\n<meta name=\"twitter:label1\" content=\"Tiempo de lectura\" \/>\n\t<meta name=\"twitter:data1\" content=\"1 minuto\" \/>\n<script type=\"application\/ld+json\" class=\"yoast-schema-graph\">{\"@context\":\"https:\\\/\\\/schema.org\",\"@graph\":[{\"@type\":\"WebPage\",\"@id\":\"https:\\\/\\\/nailknowledge.org\\\/easy-to-understand-nail-knowledge\",\"url\":\"https:\\\/\\\/nailknowledge.org\\\/easy-to-understand-nail-knowledge\",\"name\":\"Easy to Understand - NailKnowledge\",\"isPartOf\":{\"@id\":\"https:\\\/\\\/new.nailknowledge.org\\\/#website\"},\"primaryImageOfPage\":{\"@id\":\"https:\\\/\\\/nailknowledge.org\\\/easy-to-understand-nail-knowledge#primaryimage\"},\"image\":{\"@id\":\"https:\\\/\\\/nailknowledge.org\\\/easy-to-understand-nail-knowledge#primaryimage\"},\"thumbnailUrl\":\"https:\\\/\\\/nailknowledge.org\\\/wp-content\\\/uploads\\\/2020\\\/10\\\/Visual-Learning.png\",\"datePublished\":\"2020-10-21T08:08:42+00:00\",\"dateModified\":\"2020-12-30T13:51:24+00:00\",\"breadcrumb\":{\"@id\":\"https:\\\/\\\/nailknowledge.org\\\/easy-to-understand-nail-knowledge#breadcrumb\"},\"inLanguage\":\"es\",\"potentialAction\":[{\"@type\":\"ReadAction\",\"target\":[\"https:\\\/\\\/nailknowledge.org\\\/easy-to-understand-nail-knowledge\"]}]},{\"@type\":\"ImageObject\",\"inLanguage\":\"es\",\"@id\":\"https:\\\/\\\/nailknowledge.org\\\/easy-to-understand-nail-knowledge#primaryimage\",\"url\":\"https:\\\/\\\/nailknowledge.org\\\/wp-content\\\/uploads\\\/2020\\\/10\\\/Visual-Learning.png\",\"contentUrl\":\"https:\\\/\\\/nailknowledge.org\\\/wp-content\\\/uploads\\\/2020\\\/10\\\/Visual-Learning.png\"},{\"@type\":\"BreadcrumbList\",\"@id\":\"https:\\\/\\\/nailknowledge.org\\\/easy-to-understand-nail-knowledge#breadcrumb\",\"itemListElement\":[{\"@type\":\"ListItem\",\"position\":1,\"name\":\"Home\",\"item\":\"https:\\\/\\\/nailknowledge.org\\\/\"},{\"@type\":\"ListItem\",\"position\":2,\"name\":\"Easy to Understand\"}]},{\"@type\":\"WebSite\",\"@id\":\"https:\\\/\\\/new.nailknowledge.org\\\/#website\",\"url\":\"https:\\\/\\\/new.nailknowledge.org\\\/\",\"name\":\"NailKnowledge\",\"description\":\"\",\"publisher\":{\"@id\":\"https:\\\/\\\/new.nailknowledge.org\\\/#organization\"},\"potentialAction\":[{\"@type\":\"SearchAction\",\"target\":{\"@type\":\"EntryPoint\",\"urlTemplate\":\"https:\\\/\\\/new.nailknowledge.org\\\/?s={search_term_string}\"},\"query-input\":{\"@type\":\"PropertyValueSpecification\",\"valueRequired\":true,\"valueName\":\"search_term_string\"}}],\"inLanguage\":\"es\"},{\"@type\":\"Organization\",\"@id\":\"https:\\\/\\\/new.nailknowledge.org\\\/#organization\",\"name\":\"NailKnowledge\",\"url\":\"https:\\\/\\\/new.nailknowledge.org\\\/\",\"logo\":{\"@type\":\"ImageObject\",\"inLanguage\":\"es\",\"@id\":\"https:\\\/\\\/new.nailknowledge.org\\\/#\\\/schema\\\/logo\\\/image\\\/\",\"url\":\"https:\\\/\\\/nailknowledge.org\\\/wp-content\\\/uploads\\\/2026\\\/03\\\/KN-Logo-1.webp\",\"contentUrl\":\"https:\\\/\\\/nailknowledge.org\\\/wp-content\\\/uploads\\\/2026\\\/03\\\/KN-Logo-1.webp\",\"width\":542,\"height\":100,\"caption\":\"NailKnowledge\"},\"image\":{\"@id\":\"https:\\\/\\\/new.nailknowledge.org\\\/#\\\/schema\\\/logo\\\/image\\\/\"}}]}<\/script>\n<!-- \/ Yoast SEO plugin. -->","yoast_head_json":{"title":"F\u00e1cil de entender - NailKnowledge","robots":{"index":"index","follow":"follow","max-snippet":"max-snippet:-1","max-image-preview":"max-image-preview:large","max-video-preview":"max-video-preview:-1"},"canonical":"https:\/\/nailknowledge.org\/es\/conocimiento-de-las-unas-facil-de-entender\/","og_locale":"es_ES","og_type":"article","og_title":"Easy to Understand - NailKnowledge","og_description":"Easy to Understand Designed to be accessible for everyone, with animated and highly visual lessons to help you understand. Animated, full of 3D explorations of the subjects and a highly visual style of learning, we have designed each lesson to help you really understand the subjects of Nail Anatomy, Product Chemistry, and Health and Safety. [&hellip;]","og_url":"https:\/\/nailknowledge.org\/es\/conocimiento-de-las-unas-facil-de-entender\/","og_site_name":"NailKnowledge","article_modified_time":"2020-12-30T13:51:24+00:00","og_image":[{"width":545,"height":295,"url":"https:\/\/nailknowledge.org\/wp-content\/uploads\/2023\/03\/image002.jpg","type":"image\/jpeg"}],"twitter_card":"summary_large_image","twitter_misc":{"Tiempo de lectura":"1 minuto"},"schema":{"@context":"https:\/\/schema.org","@graph":[{"@type":"WebPage","@id":"https:\/\/nailknowledge.org\/easy-to-understand-nail-knowledge","url":"https:\/\/nailknowledge.org\/easy-to-understand-nail-knowledge","name":"F\u00e1cil de entender - NailKnowledge","isPartOf":{"@id":"https:\/\/new.nailknowledge.org\/#website"},"primaryImageOfPage":{"@id":"https:\/\/nailknowledge.org\/easy-to-understand-nail-knowledge#primaryimage"},"image":{"@id":"https:\/\/nailknowledge.org\/easy-to-understand-nail-knowledge#primaryimage"},"thumbnailUrl":"https:\/\/nailknowledge.org\/wp-content\/uploads\/2020\/10\/Visual-Learning.png","datePublished":"2020-10-21T08:08:42+00:00","dateModified":"2020-12-30T13:51:24+00:00","breadcrumb":{"@id":"https:\/\/nailknowledge.org\/easy-to-understand-nail-knowledge#breadcrumb"},"inLanguage":"es","potentialAction":[{"@type":"ReadAction","target":["https:\/\/nailknowledge.org\/easy-to-understand-nail-knowledge"]}]},{"@type":"ImageObject","inLanguage":"es","@id":"https:\/\/nailknowledge.org\/easy-to-understand-nail-knowledge#primaryimage","url":"https:\/\/nailknowledge.org\/wp-content\/uploads\/2020\/10\/Visual-Learning.png","contentUrl":"https:\/\/nailknowledge.org\/wp-content\/uploads\/2020\/10\/Visual-Learning.png"},{"@type":"BreadcrumbList","@id":"https:\/\/nailknowledge.org\/easy-to-understand-nail-knowledge#breadcrumb","itemListElement":[{"@type":"ListItem","position":1,"name":"Home","item":"https:\/\/nailknowledge.org\/"},{"@type":"ListItem","position":2,"name":"Easy to Understand"}]},{"@type":"WebSite","@id":"https:\/\/new.nailknowledge.org\/#website","url":"https:\/\/new.nailknowledge.org\/","name":"Conocimientos de u\u00f1as","description":"","publisher":{"@id":"https:\/\/new.nailknowledge.org\/#organization"},"potentialAction":[{"@type":"SearchAction","target":{"@type":"EntryPoint","urlTemplate":"https:\/\/new.nailknowledge.org\/?s={search_term_string}"},"query-input":{"@type":"PropertyValueSpecification","valueRequired":true,"valueName":"search_term_string"}}],"inLanguage":"es"},{"@type":"Organization","@id":"https:\/\/new.nailknowledge.org\/#organization","name":"Conocimientos de u\u00f1as","url":"https:\/\/new.nailknowledge.org\/","logo":{"@type":"ImageObject","inLanguage":"es","@id":"https:\/\/new.nailknowledge.org\/#\/schema\/logo\/image\/","url":"https:\/\/nailknowledge.org\/wp-content\/uploads\/2026\/03\/KN-Logo-1.webp","contentUrl":"https:\/\/nailknowledge.org\/wp-content\/uploads\/2026\/03\/KN-Logo-1.webp","width":542,"height":100,"caption":"NailKnowledge"},"image":{"@id":"https:\/\/new.nailknowledge.org\/#\/schema\/logo\/image\/"}}]}},"_links":{"self":[{"href":"https:\/\/nailknowledge.org\/es\/wp-json\/wp\/v2\/pages\/29407","targetHints":{"allow":["GET"]}}],"collection":[{"href":"https:\/\/nailknowledge.org\/es\/wp-json\/wp\/v2\/pages"}],"about":[{"href":"https:\/\/nailknowledge.org\/es\/wp-json\/wp\/v2\/types\/page"}],"author":[{"embeddable":true,"href":"https:\/\/nailknowledge.org\/es\/wp-json\/wp\/v2\/users\/2"}],"replies":[{"embeddable":true,"href":"https:\/\/nailknowledge.org\/es\/wp-json\/wp\/v2\/comments?post=29407"}],"version-history":[{"count":0,"href":"https:\/\/nailknowledge.org\/es\/wp-json\/wp\/v2\/pages\/29407\/revisions"}],"wp:attachment":[{"href":"https:\/\/nailknowledge.org\/es\/wp-json\/wp\/v2\/media?parent=29407"}],"curies":[{"name":"wp","href":"https:\/\/api.w.org\/{rel}","templated":true}]}}