{"id":29586,"date":"2020-10-27T21:31:03","date_gmt":"2020-10-27T21:31:03","guid":{"rendered":"https:\/\/nailpedia.org\/?page_id=29586"},"modified":"2021-04-10T12:09:14","modified_gmt":"2021-04-10T12:09:14","slug":"bookyourcall","status":"publish","type":"page","link":"https:\/\/nailknowledge.org\/es\/bookyourcall","title":{"rendered":"Reserve su convocatoria de formaci\u00f3n"},"content":{"rendered":"<p><img loading=\"eager\" fetchpriority=\"high\" decoding=\"async\" width=\"3209\" height=\"1128\" src=\"https:\/\/nailknowledge.org\/wp-content\/uploads\/2021\/04\/Group-Package-Prices-banner-v4.png\" alt=\"\" loading=\"lazy\" srcset=\"https:\/\/nailknowledge.org\/wp-content\/uploads\/2021\/04\/Group-Package-Prices-banner-v4.png 3209w, https:\/\/nailknowledge.org\/wp-content\/uploads\/2021\/04\/Group-Package-Prices-banner-v4-300x105.png 300w, https:\/\/nailknowledge.org\/wp-content\/uploads\/2021\/04\/Group-Package-Prices-banner-v4-1024x360.png 1024w, https:\/\/nailknowledge.org\/wp-content\/uploads\/2021\/04\/Group-Package-Prices-banner-v4-768x270.png 768w, https:\/\/nailknowledge.org\/wp-content\/uploads\/2021\/04\/Group-Package-Prices-banner-v4-1536x540.png 1536w, https:\/\/nailknowledge.org\/wp-content\/uploads\/2021\/04\/Group-Package-Prices-banner-v4-2048x720.png 2048w, https:\/\/nailknowledge.org\/wp-content\/uploads\/2021\/04\/Group-Package-Prices-banner-v4-400x141.png 400w, https:\/\/nailknowledge.org\/wp-content\/uploads\/2021\/04\/Group-Package-Prices-banner-v4-600x211.png 600w\" sizes=\"auto, (max-width: 3209px) 100vw, 3209px\"><br \/>\n<img decoding=\"async\" width=\"1024\" height=\"1024\" src=\"https:\/\/nailknowledge.org\/wp-content\/uploads\/2021\/04\/Group-Packages-Banner-Mobile-SQR-V4-01-1024x1024.png\" alt=\"\" loading=\"lazy\" srcset=\"https:\/\/nailknowledge.org\/wp-content\/uploads\/2021\/04\/Group-Packages-Banner-Mobile-SQR-V4-01-1024x1024.png 1024w, https:\/\/nailknowledge.org\/wp-content\/uploads\/2021\/04\/Group-Packages-Banner-Mobile-SQR-V4-01-300x300.png 300w, https:\/\/nailknowledge.org\/wp-content\/uploads\/2021\/04\/Group-Packages-Banner-Mobile-SQR-V4-01-150x150.png 150w, https:\/\/nailknowledge.org\/wp-content\/uploads\/2021\/04\/Group-Packages-Banner-Mobile-SQR-V4-01-768x768.png 768w, https:\/\/nailknowledge.org\/wp-content\/uploads\/2021\/04\/Group-Packages-Banner-Mobile-SQR-V4-01-1536x1536.png 1536w, https:\/\/nailknowledge.org\/wp-content\/uploads\/2021\/04\/Group-Packages-Banner-Mobile-SQR-V4-01-2048x2048.png 2048w, https:\/\/nailknowledge.org\/wp-content\/uploads\/2021\/04\/Group-Packages-Banner-Mobile-SQR-V4-01-600x600.png 600w, https:\/\/nailknowledge.org\/wp-content\/uploads\/2021\/04\/Group-Packages-Banner-Mobile-SQR-V4-01-100x100.png 100w\" sizes=\"auto, (max-width: 1024px) 100vw, 1024px\"><\/p>\n<p>We have a range of discounted packages available for Colleges, Institutes, Academies, Salon Teams and Brand Education who are interested in providing NailKnowledge courses for their students.<\/p>\n<p>Please fill in the form below for a call back from our team.<\/p>\n<p><!--[if lte IE 8]>\n<![endif]--><\/p>\n","protected":false},"excerpt":{"rendered":"<p>Tenemos una gama de paquetes de descuento disponibles para Colegios, Institutos, Academias, Equipos de Sal\u00f3n y Educaci\u00f3n de Marca que est\u00e1n interesados en ofrecer cursos de NailKnowledge para sus estudiantes. Por favor, rellene el siguiente formulario para recibir una llamada de nuestro equipo.<\/p>","protected":false},"author":2,"featured_media":0,"parent":0,"menu_order":0,"comment_status":"closed","ping_status":"closed","template":"","meta":{"_yoast_wpseo_focuskw":"","_yoast_wpseo_metadesc":"","_genesis_hide_title":false,"_genesis_hide_breadcrumbs":false,"_genesis_hide_singular_image":false,"_genesis_hide_footer_widgets":false,"_genesis_custom_body_class":"","_genesis_custom_post_class":"","_genesis_layout":"","footnotes":""},"class_list":{"0":"post-29586","1":"page","2":"type-page","3":"status-publish","5":"entry"},"yoast_head":"<!-- This site is optimized with the Yoast SEO plugin v27.4 - https:\/\/yoast.com\/product\/yoast-seo-wordpress\/ -->\n<title>Book your education call - NailKnowledge<\/title>\n<meta name=\"robots\" content=\"index, follow, max-snippet:-1, max-image-preview:large, max-video-preview:-1\" \/>\n<link rel=\"canonical\" href=\"https:\/\/nailknowledge.org\/es\/bookyourcall\/\" \/>\n<meta property=\"og:locale\" content=\"es_ES\" \/>\n<meta property=\"og:type\" content=\"article\" \/>\n<meta property=\"og:title\" content=\"Book your education call - NailKnowledge\" \/>\n<meta property=\"og:description\" content=\"We have a range of discounted packages available for Colleges, Institutes, Academies, Salon Teams and Brand Education who are interested in providing NailKnowledge courses for their students. Please fill in the form below for a call back from our team.\" \/>\n<meta property=\"og:url\" content=\"https:\/\/nailknowledge.org\/es\/bookyourcall\/\" \/>\n<meta property=\"og:site_name\" content=\"NailKnowledge\" \/>\n<meta property=\"article:modified_time\" content=\"2021-04-10T12:09:14+00:00\" \/>\n<meta property=\"og:image\" content=\"https:\/\/nailknowledge.org\/wp-content\/uploads\/2023\/03\/image002.jpg\" \/>\n\t<meta property=\"og:image:width\" content=\"545\" \/>\n\t<meta property=\"og:image:height\" content=\"295\" \/>\n\t<meta property=\"og:image:type\" content=\"image\/jpeg\" \/>\n<meta name=\"twitter:card\" content=\"summary_large_image\" \/>\n<meta name=\"twitter:label1\" content=\"Tiempo de lectura\" \/>\n\t<meta name=\"twitter:data1\" content=\"1 minuto\" \/>\n<script type=\"application\/ld+json\" class=\"yoast-schema-graph\">{\"@context\":\"https:\\\/\\\/schema.org\",\"@graph\":[{\"@type\":\"WebPage\",\"@id\":\"https:\\\/\\\/nailknowledge.org\\\/bookyourcall\",\"url\":\"https:\\\/\\\/nailknowledge.org\\\/bookyourcall\",\"name\":\"Book your education call - NailKnowledge\",\"isPartOf\":{\"@id\":\"https:\\\/\\\/new.nailknowledge.org\\\/#website\"},\"primaryImageOfPage\":{\"@id\":\"https:\\\/\\\/nailknowledge.org\\\/bookyourcall#primaryimage\"},\"image\":{\"@id\":\"https:\\\/\\\/nailknowledge.org\\\/bookyourcall#primaryimage\"},\"thumbnailUrl\":\"https:\\\/\\\/nailknowledge.org\\\/wp-content\\\/uploads\\\/2021\\\/04\\\/Group-Package-Prices-banner-v4.png\",\"datePublished\":\"2020-10-27T21:31:03+00:00\",\"dateModified\":\"2021-04-10T12:09:14+00:00\",\"breadcrumb\":{\"@id\":\"https:\\\/\\\/nailknowledge.org\\\/bookyourcall#breadcrumb\"},\"inLanguage\":\"es\",\"potentialAction\":[{\"@type\":\"ReadAction\",\"target\":[\"https:\\\/\\\/nailknowledge.org\\\/bookyourcall\"]}]},{\"@type\":\"ImageObject\",\"inLanguage\":\"es\",\"@id\":\"https:\\\/\\\/nailknowledge.org\\\/bookyourcall#primaryimage\",\"url\":\"https:\\\/\\\/nailknowledge.org\\\/wp-content\\\/uploads\\\/2021\\\/04\\\/Group-Package-Prices-banner-v4.png\",\"contentUrl\":\"https:\\\/\\\/nailknowledge.org\\\/wp-content\\\/uploads\\\/2021\\\/04\\\/Group-Package-Prices-banner-v4.png\"},{\"@type\":\"BreadcrumbList\",\"@id\":\"https:\\\/\\\/nailknowledge.org\\\/bookyourcall#breadcrumb\",\"itemListElement\":[{\"@type\":\"ListItem\",\"position\":1,\"name\":\"Home\",\"item\":\"https:\\\/\\\/nailknowledge.org\\\/\"},{\"@type\":\"ListItem\",\"position\":2,\"name\":\"Book your education call\"}]},{\"@type\":\"WebSite\",\"@id\":\"https:\\\/\\\/new.nailknowledge.org\\\/#website\",\"url\":\"https:\\\/\\\/new.nailknowledge.org\\\/\",\"name\":\"NailKnowledge\",\"description\":\"\",\"publisher\":{\"@id\":\"https:\\\/\\\/new.nailknowledge.org\\\/#organization\"},\"potentialAction\":[{\"@type\":\"SearchAction\",\"target\":{\"@type\":\"EntryPoint\",\"urlTemplate\":\"https:\\\/\\\/new.nailknowledge.org\\\/?s={search_term_string}\"},\"query-input\":{\"@type\":\"PropertyValueSpecification\",\"valueRequired\":true,\"valueName\":\"search_term_string\"}}],\"inLanguage\":\"es\"},{\"@type\":\"Organization\",\"@id\":\"https:\\\/\\\/new.nailknowledge.org\\\/#organization\",\"name\":\"NailKnowledge\",\"url\":\"https:\\\/\\\/new.nailknowledge.org\\\/\",\"logo\":{\"@type\":\"ImageObject\",\"inLanguage\":\"es\",\"@id\":\"https:\\\/\\\/new.nailknowledge.org\\\/#\\\/schema\\\/logo\\\/image\\\/\",\"url\":\"https:\\\/\\\/nailknowledge.org\\\/wp-content\\\/uploads\\\/2026\\\/03\\\/KN-Logo-1.webp\",\"contentUrl\":\"https:\\\/\\\/nailknowledge.org\\\/wp-content\\\/uploads\\\/2026\\\/03\\\/KN-Logo-1.webp\",\"width\":542,\"height\":100,\"caption\":\"NailKnowledge\"},\"image\":{\"@id\":\"https:\\\/\\\/new.nailknowledge.org\\\/#\\\/schema\\\/logo\\\/image\\\/\"}}]}<\/script>\n<!-- \/ Yoast SEO plugin. -->","yoast_head_json":{"title":"Concierte su curso de formaci\u00f3n - NailKnowledge","robots":{"index":"index","follow":"follow","max-snippet":"max-snippet:-1","max-image-preview":"max-image-preview:large","max-video-preview":"max-video-preview:-1"},"canonical":"https:\/\/nailknowledge.org\/es\/bookyourcall\/","og_locale":"es_ES","og_type":"article","og_title":"Book your education call - NailKnowledge","og_description":"We have a range of discounted packages available for Colleges, Institutes, Academies, Salon Teams and Brand Education who are interested in providing NailKnowledge courses for their students. Please fill in the form below for a call back from our team.","og_url":"https:\/\/nailknowledge.org\/es\/bookyourcall\/","og_site_name":"NailKnowledge","article_modified_time":"2021-04-10T12:09:14+00:00","og_image":[{"width":545,"height":295,"url":"https:\/\/nailknowledge.org\/wp-content\/uploads\/2023\/03\/image002.jpg","type":"image\/jpeg"}],"twitter_card":"summary_large_image","twitter_misc":{"Tiempo de lectura":"1 minuto"},"schema":{"@context":"https:\/\/schema.org","@graph":[{"@type":"WebPage","@id":"https:\/\/nailknowledge.org\/bookyourcall","url":"https:\/\/nailknowledge.org\/bookyourcall","name":"Concierte su curso de formaci\u00f3n - NailKnowledge","isPartOf":{"@id":"https:\/\/new.nailknowledge.org\/#website"},"primaryImageOfPage":{"@id":"https:\/\/nailknowledge.org\/bookyourcall#primaryimage"},"image":{"@id":"https:\/\/nailknowledge.org\/bookyourcall#primaryimage"},"thumbnailUrl":"https:\/\/nailknowledge.org\/wp-content\/uploads\/2021\/04\/Group-Package-Prices-banner-v4.png","datePublished":"2020-10-27T21:31:03+00:00","dateModified":"2021-04-10T12:09:14+00:00","breadcrumb":{"@id":"https:\/\/nailknowledge.org\/bookyourcall#breadcrumb"},"inLanguage":"es","potentialAction":[{"@type":"ReadAction","target":["https:\/\/nailknowledge.org\/bookyourcall"]}]},{"@type":"ImageObject","inLanguage":"es","@id":"https:\/\/nailknowledge.org\/bookyourcall#primaryimage","url":"https:\/\/nailknowledge.org\/wp-content\/uploads\/2021\/04\/Group-Package-Prices-banner-v4.png","contentUrl":"https:\/\/nailknowledge.org\/wp-content\/uploads\/2021\/04\/Group-Package-Prices-banner-v4.png"},{"@type":"BreadcrumbList","@id":"https:\/\/nailknowledge.org\/bookyourcall#breadcrumb","itemListElement":[{"@type":"ListItem","position":1,"name":"Home","item":"https:\/\/nailknowledge.org\/"},{"@type":"ListItem","position":2,"name":"Book your education call"}]},{"@type":"WebSite","@id":"https:\/\/new.nailknowledge.org\/#website","url":"https:\/\/new.nailknowledge.org\/","name":"Conocimientos de u\u00f1as","description":"","publisher":{"@id":"https:\/\/new.nailknowledge.org\/#organization"},"potentialAction":[{"@type":"SearchAction","target":{"@type":"EntryPoint","urlTemplate":"https:\/\/new.nailknowledge.org\/?s={search_term_string}"},"query-input":{"@type":"PropertyValueSpecification","valueRequired":true,"valueName":"search_term_string"}}],"inLanguage":"es"},{"@type":"Organization","@id":"https:\/\/new.nailknowledge.org\/#organization","name":"Conocimientos de u\u00f1as","url":"https:\/\/new.nailknowledge.org\/","logo":{"@type":"ImageObject","inLanguage":"es","@id":"https:\/\/new.nailknowledge.org\/#\/schema\/logo\/image\/","url":"https:\/\/nailknowledge.org\/wp-content\/uploads\/2026\/03\/KN-Logo-1.webp","contentUrl":"https:\/\/nailknowledge.org\/wp-content\/uploads\/2026\/03\/KN-Logo-1.webp","width":542,"height":100,"caption":"NailKnowledge"},"image":{"@id":"https:\/\/new.nailknowledge.org\/#\/schema\/logo\/image\/"}}]}},"_links":{"self":[{"href":"https:\/\/nailknowledge.org\/es\/wp-json\/wp\/v2\/pages\/29586","targetHints":{"allow":["GET"]}}],"collection":[{"href":"https:\/\/nailknowledge.org\/es\/wp-json\/wp\/v2\/pages"}],"about":[{"href":"https:\/\/nailknowledge.org\/es\/wp-json\/wp\/v2\/types\/page"}],"author":[{"embeddable":true,"href":"https:\/\/nailknowledge.org\/es\/wp-json\/wp\/v2\/users\/2"}],"replies":[{"embeddable":true,"href":"https:\/\/nailknowledge.org\/es\/wp-json\/wp\/v2\/comments?post=29586"}],"version-history":[{"count":0,"href":"https:\/\/nailknowledge.org\/es\/wp-json\/wp\/v2\/pages\/29586\/revisions"}],"wp:attachment":[{"href":"https:\/\/nailknowledge.org\/es\/wp-json\/wp\/v2\/media?parent=29586"}],"curies":[{"name":"wp","href":"https:\/\/api.w.org\/{rel}","templated":true}]}}