{"id":29594,"date":"2020-10-27T21:46:50","date_gmt":"2020-10-27T21:46:50","guid":{"rendered":"https:\/\/nailpedia.org\/?page_id=29594"},"modified":"2025-10-27T17:48:14","modified_gmt":"2025-10-27T17:48:14","slug":"politica-de-cookies","status":"publish","type":"page","link":"https:\/\/nailknowledge.org\/es\/cookie-policy","title":{"rendered":"Pol\u00edtica de cookies"},"content":{"rendered":"<div class=\"wp-block-group container-max-width-1200\"><div class=\"wp-block-group__inner-container is-layout-constrained wp-block-group-is-layout-constrained\">\n<h2 class=\"wp-block-heading\">Pol\u00edtica de cookies<\/h2>\n\n\n\n<p>Esta Pol\u00edtica de Cookies explica c\u00f3mo NailKnowledge utiliza cookies y tecnolog\u00edas similares para reconocerle cuando visita nuestro sitio web. Explica qu\u00e9 son estas tecnolog\u00edas y por qu\u00e9 las utilizamos, as\u00ed como sus derechos para controlar el uso que hacemos de ellas.<\/p>\n\n\n\n<p><b>\u00bfQu\u00e9 son las cookies?<\/b><\/p>\n\n\n\n<p>Una cookie es un peque\u00f1o archivo que contiene una cadena de caracteres que se env\u00eda a su ordenador cuando visita un sitio web. Cuando vuelve a visitar el sitio, la cookie permite que ese sitio reconozca su navegador. Las cookies pueden almacenar las preferencias del usuario y otra informaci\u00f3n.<br>Las cookies le permiten ahorrar tiempo o indicar al servidor Web que ha regresado a una p\u00e1gina concreta. Por ejemplo, si personaliza p\u00e1ginas en nuestros Sitios Web o se registra en el Servicio de Suscripci\u00f3n, una cookie nos ayuda a recordar su informaci\u00f3n espec\u00edfica en visitas posteriores. Cuando vuelva al mismo sitio web, podr\u00e1 recuperar la informaci\u00f3n que nos proporcion\u00f3 anteriormente, de modo que podr\u00e1 utilizar f\u00e1cilmente las funciones personalizadas.<br>Las cookies establecidas por el propietario del sitio web se denominan \"cookies de origen\". Las cookies establecidas por terceros distintos del propietario del sitio web se denominan \"cookies de terceros\". Las cookies de terceros permiten ofrecer caracter\u00edsticas o funciones de terceros en el sitio web o a trav\u00e9s de \u00e9l (por ejemplo, publicidad, contenido interactivo y an\u00e1lisis). Las partes que establecen estas cookies de terceros pueden reconocer su ordenador tanto cuando visita el sitio web en cuesti\u00f3n como cuando visita otros sitios web.<\/p>\n\n\n\n<p><b>\u00bfPor qu\u00e9 utilizamos cookies?<\/b><\/p>\n\n\n\n<p>Utilizamos cookies propias y de terceros por varias razones. Algunas cookies son necesarias por razones t\u00e9cnicas para que nuestros sitios web funcionen, y nos referimos a ellas como cookies \"esenciales\" o \"estrictamente necesarias\". Otras cookies tambi\u00e9n nos permiten rastrear y orientar los intereses de nuestros usuarios para mejorar la experiencia en nuestros sitios web y el Servicio de Suscripci\u00f3n. Por ejemplo, hacemos un seguimiento de los sitios web y las p\u00e1ginas que visita dentro de klood.com, para determinar qu\u00e9 parte del sitio web es la m\u00e1s popular o la m\u00e1s utilizada. Estos datos se utilizan para ofrecer contenidos y promociones personalizados dentro del sitio web a los visitantes cuyo comportamiento indica que est\u00e1n interesados en un \u00e1rea tem\u00e1tica concreta. Terceros utilizan cookies en nuestros sitios web con fines publicitarios, anal\u00edticos y de otro tipo. Esto se describe con m\u00e1s detalle a continuaci\u00f3n.<br>\u00bfQu\u00e9 tipos de cookies utilizamos y c\u00f3mo las utilizamos?<br>Los tipos espec\u00edficos de cookies de origen y de terceros que se sirven a trav\u00e9s de nuestros sitios web y los fines que persiguen incluyen:<br>Cookies esenciales del sitio web: Estas cookies son estrictamente necesarias para prestarle los servicios disponibles a trav\u00e9s de nuestros Sitios Web, Servicio de Suscripci\u00f3n y Apps M\u00f3viles y para utilizar algunas de sus funciones, como el acceso a \u00e1reas seguras.<br>Cookies de rendimiento y funcionalidad: Estas cookies se utilizan para mejorar el rendimiento y la funcionalidad de nuestros sitios web, servicio de suscripci\u00f3n y aplicaciones m\u00f3viles, pero no son esenciales para su uso. Sin embargo, sin estas cookies, algunas funciones pueden dejar de estar disponibles.<br>Cookies anal\u00edticas y de personalizaci\u00f3n: Estas cookies recopilan informaci\u00f3n que se utiliza de forma agregada para ayudarnos a comprender c\u00f3mo se utilizan nuestros Sitios web, el Servicio de suscripci\u00f3n y las Aplicaciones m\u00f3viles o la eficacia de nuestras campa\u00f1as de marketing, o para ayudarnos a personalizar nuestros Sitios web para usted.<br>Cookies publicitarias: Estas cookies se utilizan para que los mensajes publicitarios sean m\u00e1s relevantes para usted. Realizan funciones como evitar que reaparezca continuamente el mismo anuncio, garantizar que los anuncios se muestren correctamente para los anunciantes y, en algunos casos, seleccionar anuncios que se basen en sus intereses.<br>Cookies de redes sociales: Estas cookies se utilizan para permitirle compartir p\u00e1ginas y contenidos que le resulten interesantes en nuestros Sitios web, Servicio de suscripci\u00f3n o Aplicaciones m\u00f3viles a trav\u00e9s de redes sociales de terceros y otros sitios web. Estas cookies tambi\u00e9n pueden utilizarse con fines publicitarios.<\/p>\n\n\n\n<p><b style=\"font-style: inherit;\">\u00bfC\u00f3mo puedo controlar las cookies?<\/b><\/p>\n\n\n\n<p>Usted tiene derecho a decidir si acepta o rechaza las cookies. Puede ejercer sus preferencias de cookies haciendo clic en los enlaces de exclusi\u00f3n correspondientes que se proporcionan a continuaci\u00f3n.<br>Puede configurar o modificar los controles de su navegador web para aceptar o rechazar las cookies. Si decide rechazar las cookies, podr\u00e1 seguir utilizando nuestro sitio web, aunque su acceso a algunas funciones y \u00e1reas de nuestro sitio web puede estar restringido. Dado que los medios por los que puede rechazar las cookies a trav\u00e9s de los controles de su navegador web var\u00edan de un navegador a otro, debe visitar el men\u00fa de ayuda de su navegador para obtener m\u00e1s informaci\u00f3n.<br>Adem\u00e1s, la mayor\u00eda de las redes publicitarias le ofrecen la posibilidad de rechazar la publicidad dirigida. Si desea obtener m\u00e1s informaci\u00f3n, visite http:\/\/www.aboutads.info\/choices\/ o http:\/\/www.youronlinechoices.com. Puede darse de baja haciendo clic aqu\u00ed: http:\/\/preferences.truste.com\/ (o si se encuentra en la Uni\u00f3n Europea, haciendo clic aqu\u00ed: http:\/\/www.youronlinechoices.eu\/). Tenga en cuenta que esto no le impide recibir publicidad. Seguir\u00e1 recibiendo anuncios gen\u00e9ricos.<br>Cookies esenciales del sitio web: Dado que estas cookies son estrictamente necesarias para ofrecerle los sitios web, no puede rechazarlas. No obstante, puede bloquearlas o eliminarlas modificando la configuraci\u00f3n de su navegador, como se ha descrito anteriormente.<\/p>\n\n\n\n<p><b>\u00bfSirven publicidad dirigida?<\/b><\/p>\n\n\n\n<p>Terceros pueden servir cookies en su ordenador o dispositivo m\u00f3vil para servir publicidad a trav\u00e9s de nuestros sitios web. Estas empresas pueden utilizar informaci\u00f3n sobre sus visitas a este y otros sitios web con el fin de proporcionar anuncios relevantes sobre bienes y servicios en los que pueda estar interesado. Tambi\u00e9n pueden emplear tecnolog\u00eda para medir la eficacia de los anuncios. Para ello, pueden utilizar cookies o balizas web para recopilar informaci\u00f3n sobre sus visitas a este y otros sitios con el fin de proporcionar anuncios relevantes sobre bienes y servicios que puedan interesarle. La informaci\u00f3n recopilada a trav\u00e9s de este proceso no nos permite a nosotros ni a ellos identificar su nombre, datos de contacto u otros datos de identificaci\u00f3n personal, a menos que usted decida proporcionarlos.<\/p>\n\n\n\n<p><b>Con qu\u00e9 frecuencia actualizar\u00e1n esta Pol\u00edtica de Cookies?<\/b><\/p>\n\n\n\n<p>Podemos actualizar esta Pol\u00edtica de Cookies de vez en cuando para reflejar, por ejemplo, los cambios en las cookies que utilizamos o por otras razones operativas, legales o reglamentarias. Por lo tanto, vuelva a visitar esta Pol\u00edtica de Cookies con regularidad para mantenerse informado sobre nuestro uso de cookies y tecnolog\u00edas relacionadas.<\/p>\n\n\n\n<p><b>\u00bfD\u00f3nde puedo obtener m\u00e1s informaci\u00f3n?<\/b><\/p>\n\n\n\n<p>Si tiene alguna pregunta sobre nuestro uso de cookies u otras tecnolog\u00edas, env\u00edenos un correo electr\u00f3nico a info@nailknowledge.org.<\/p>\n<\/div><\/div>","protected":false},"excerpt":{"rendered":"<p>Cookie Policy This Cookie Policy explains how NailKnowledge uses cookies and similar technologies to recognise you when you visit our Website. It explains what these technologies are and why we use them, as well as your rights to control our use of them. What are cookies? A cookie is a small file containing a string [&hellip;]<\/p>\n","protected":false},"author":2,"featured_media":0,"parent":0,"menu_order":0,"comment_status":"closed","ping_status":"closed","template":"","meta":{"_yoast_wpseo_focuskw":"","_yoast_wpseo_metadesc":"","_genesis_hide_title":false,"_genesis_hide_breadcrumbs":false,"_genesis_hide_singular_image":false,"_genesis_hide_footer_widgets":false,"_genesis_custom_body_class":"","_genesis_custom_post_class":"","_genesis_layout":"","footnotes":""},"class_list":{"0":"post-29594","1":"page","2":"type-page","3":"status-publish","5":"entry"},"yoast_head":"<!-- This site is optimized with the Yoast SEO plugin v27.4 - https:\/\/yoast.com\/product\/yoast-seo-wordpress\/ -->\n<title>Cookie Policy - NailKnowledge<\/title>\n<meta name=\"robots\" content=\"index, follow, max-snippet:-1, max-image-preview:large, max-video-preview:-1\" \/>\n<link rel=\"canonical\" href=\"https:\/\/nailknowledge.org\/es\/politica-de-cookies\/\" \/>\n<meta property=\"og:locale\" content=\"es_ES\" \/>\n<meta property=\"og:type\" content=\"article\" \/>\n<meta property=\"og:title\" content=\"Cookie Policy - NailKnowledge\" \/>\n<meta property=\"og:description\" content=\"Cookie Policy This Cookie Policy explains how NailKnowledge uses cookies and similar technologies to recognise you when you visit our Website. It explains what these technologies are and why we use them, as well as your rights to control our use of them. What are cookies? A cookie is a small file containing a string [&hellip;]\" \/>\n<meta property=\"og:url\" content=\"https:\/\/nailknowledge.org\/es\/politica-de-cookies\/\" \/>\n<meta property=\"og:site_name\" content=\"NailKnowledge\" \/>\n<meta property=\"article:modified_time\" content=\"2025-10-27T17:48:14+00:00\" \/>\n<meta name=\"twitter:card\" content=\"summary_large_image\" \/>\n<meta name=\"twitter:label1\" content=\"Tiempo de lectura\" \/>\n\t<meta name=\"twitter:data1\" content=\"5 minutos\" \/>\n<script type=\"application\/ld+json\" class=\"yoast-schema-graph\">{\"@context\":\"https:\\\/\\\/schema.org\",\"@graph\":[{\"@type\":\"WebPage\",\"@id\":\"https:\\\/\\\/nailknowledge.org\\\/cookie-policy\",\"url\":\"https:\\\/\\\/nailknowledge.org\\\/cookie-policy\",\"name\":\"Cookie Policy - NailKnowledge\",\"isPartOf\":{\"@id\":\"https:\\\/\\\/new.nailknowledge.org\\\/#website\"},\"datePublished\":\"2020-10-27T21:46:50+00:00\",\"dateModified\":\"2025-10-27T17:48:14+00:00\",\"breadcrumb\":{\"@id\":\"https:\\\/\\\/nailknowledge.org\\\/cookie-policy#breadcrumb\"},\"inLanguage\":\"es\",\"potentialAction\":[{\"@type\":\"ReadAction\",\"target\":[\"https:\\\/\\\/nailknowledge.org\\\/cookie-policy\"]}]},{\"@type\":\"BreadcrumbList\",\"@id\":\"https:\\\/\\\/nailknowledge.org\\\/cookie-policy#breadcrumb\",\"itemListElement\":[{\"@type\":\"ListItem\",\"position\":1,\"name\":\"Home\",\"item\":\"https:\\\/\\\/nailknowledge.org\\\/\"},{\"@type\":\"ListItem\",\"position\":2,\"name\":\"Cookie Policy\"}]},{\"@type\":\"WebSite\",\"@id\":\"https:\\\/\\\/new.nailknowledge.org\\\/#website\",\"url\":\"https:\\\/\\\/new.nailknowledge.org\\\/\",\"name\":\"NailKnowledge\",\"description\":\"\",\"publisher\":{\"@id\":\"https:\\\/\\\/new.nailknowledge.org\\\/#organization\"},\"potentialAction\":[{\"@type\":\"SearchAction\",\"target\":{\"@type\":\"EntryPoint\",\"urlTemplate\":\"https:\\\/\\\/new.nailknowledge.org\\\/?s={search_term_string}\"},\"query-input\":{\"@type\":\"PropertyValueSpecification\",\"valueRequired\":true,\"valueName\":\"search_term_string\"}}],\"inLanguage\":\"es\"},{\"@type\":\"Organization\",\"@id\":\"https:\\\/\\\/new.nailknowledge.org\\\/#organization\",\"name\":\"NailKnowledge\",\"url\":\"https:\\\/\\\/new.nailknowledge.org\\\/\",\"logo\":{\"@type\":\"ImageObject\",\"inLanguage\":\"es\",\"@id\":\"https:\\\/\\\/new.nailknowledge.org\\\/#\\\/schema\\\/logo\\\/image\\\/\",\"url\":\"https:\\\/\\\/nailknowledge.org\\\/wp-content\\\/uploads\\\/2026\\\/03\\\/KN-Logo-1.webp\",\"contentUrl\":\"https:\\\/\\\/nailknowledge.org\\\/wp-content\\\/uploads\\\/2026\\\/03\\\/KN-Logo-1.webp\",\"width\":542,\"height\":100,\"caption\":\"NailKnowledge\"},\"image\":{\"@id\":\"https:\\\/\\\/new.nailknowledge.org\\\/#\\\/schema\\\/logo\\\/image\\\/\"}}]}<\/script>\n<!-- \/ Yoast SEO plugin. -->","yoast_head_json":{"title":"Pol\u00edtica de cookies - NailKnowledge","robots":{"index":"index","follow":"follow","max-snippet":"max-snippet:-1","max-image-preview":"max-image-preview:large","max-video-preview":"max-video-preview:-1"},"canonical":"https:\/\/nailknowledge.org\/es\/politica-de-cookies\/","og_locale":"es_ES","og_type":"article","og_title":"Cookie Policy - NailKnowledge","og_description":"Cookie Policy This Cookie Policy explains how NailKnowledge uses cookies and similar technologies to recognise you when you visit our Website. It explains what these technologies are and why we use them, as well as your rights to control our use of them. What are cookies? A cookie is a small file containing a string [&hellip;]","og_url":"https:\/\/nailknowledge.org\/es\/politica-de-cookies\/","og_site_name":"NailKnowledge","article_modified_time":"2025-10-27T17:48:14+00:00","twitter_card":"summary_large_image","twitter_misc":{"Tiempo de lectura":"5 minutos"},"schema":{"@context":"https:\/\/schema.org","@graph":[{"@type":"WebPage","@id":"https:\/\/nailknowledge.org\/cookie-policy","url":"https:\/\/nailknowledge.org\/cookie-policy","name":"Pol\u00edtica de cookies - NailKnowledge","isPartOf":{"@id":"https:\/\/new.nailknowledge.org\/#website"},"datePublished":"2020-10-27T21:46:50+00:00","dateModified":"2025-10-27T17:48:14+00:00","breadcrumb":{"@id":"https:\/\/nailknowledge.org\/cookie-policy#breadcrumb"},"inLanguage":"es","potentialAction":[{"@type":"ReadAction","target":["https:\/\/nailknowledge.org\/cookie-policy"]}]},{"@type":"BreadcrumbList","@id":"https:\/\/nailknowledge.org\/cookie-policy#breadcrumb","itemListElement":[{"@type":"ListItem","position":1,"name":"Home","item":"https:\/\/nailknowledge.org\/"},{"@type":"ListItem","position":2,"name":"Cookie Policy"}]},{"@type":"WebSite","@id":"https:\/\/new.nailknowledge.org\/#website","url":"https:\/\/new.nailknowledge.org\/","name":"Conocimientos de u\u00f1as","description":"","publisher":{"@id":"https:\/\/new.nailknowledge.org\/#organization"},"potentialAction":[{"@type":"SearchAction","target":{"@type":"EntryPoint","urlTemplate":"https:\/\/new.nailknowledge.org\/?s={search_term_string}"},"query-input":{"@type":"PropertyValueSpecification","valueRequired":true,"valueName":"search_term_string"}}],"inLanguage":"es"},{"@type":"Organization","@id":"https:\/\/new.nailknowledge.org\/#organization","name":"Conocimientos de u\u00f1as","url":"https:\/\/new.nailknowledge.org\/","logo":{"@type":"ImageObject","inLanguage":"es","@id":"https:\/\/new.nailknowledge.org\/#\/schema\/logo\/image\/","url":"https:\/\/nailknowledge.org\/wp-content\/uploads\/2026\/03\/KN-Logo-1.webp","contentUrl":"https:\/\/nailknowledge.org\/wp-content\/uploads\/2026\/03\/KN-Logo-1.webp","width":542,"height":100,"caption":"NailKnowledge"},"image":{"@id":"https:\/\/new.nailknowledge.org\/#\/schema\/logo\/image\/"}}]}},"_links":{"self":[{"href":"https:\/\/nailknowledge.org\/es\/wp-json\/wp\/v2\/pages\/29594","targetHints":{"allow":["GET"]}}],"collection":[{"href":"https:\/\/nailknowledge.org\/es\/wp-json\/wp\/v2\/pages"}],"about":[{"href":"https:\/\/nailknowledge.org\/es\/wp-json\/wp\/v2\/types\/page"}],"author":[{"embeddable":true,"href":"https:\/\/nailknowledge.org\/es\/wp-json\/wp\/v2\/users\/2"}],"replies":[{"embeddable":true,"href":"https:\/\/nailknowledge.org\/es\/wp-json\/wp\/v2\/comments?post=29594"}],"version-history":[{"count":2,"href":"https:\/\/nailknowledge.org\/es\/wp-json\/wp\/v2\/pages\/29594\/revisions"}],"predecessor-version":[{"id":148110,"href":"https:\/\/nailknowledge.org\/es\/wp-json\/wp\/v2\/pages\/29594\/revisions\/148110"}],"wp:attachment":[{"href":"https:\/\/nailknowledge.org\/es\/wp-json\/wp\/v2\/media?parent=29594"}],"curies":[{"name":"wp","href":"https:\/\/api.w.org\/{rel}","templated":true}]}}