{"id":29601,"date":"2020-10-27T21:53:45","date_gmt":"2020-10-27T21:53:45","guid":{"rendered":"https:\/\/nailpedia.org\/?page_id=29601"},"modified":"2024-01-23T18:42:17","modified_gmt":"2024-01-23T18:42:17","slug":"experto-en-unas-marian-newman","status":"publish","type":"page","link":"https:\/\/nailknowledge.org\/es\/nailknowledge-expert-marian-newman","title":{"rendered":"Marian Newman"},"content":{"rendered":"<div style=\"height:39px\" aria-hidden=\"true\" class=\"wp-block-spacer\"><\/div>\n\n\n\n<h1 class=\"wp-block-heading has-text-align-center\">Marian Newman, BEM<\/h1>\n\n\n\n<h3 class=\"wp-block-heading has-text-align-center\">Experta en u\u00f1as, autora y educadora<\/h3>\n\n\n\n<div style=\"height:39px\" aria-hidden=\"true\" class=\"wp-block-spacer\"><\/div>\n\n\n\n<div class=\"wp-block-group\"><div class=\"wp-block-group__inner-container is-layout-constrained wp-block-group-is-layout-constrained\">\n<div class=\"wp-block-group mx-auto container-max-width-1200\"><div class=\"wp-block-group__inner-container is-layout-constrained wp-block-group-is-layout-constrained\"><div class=\"wp-block-image\">\n<figure class=\"alignleft size-woocommerce_single is-resized\"><img loading=\"eager\" fetchpriority=\"high\" decoding=\"async\" width=\"600\" height=\"801\" src=\"https:\/\/nailknowledge.org\/wp-content\/uploads\/2020\/01\/marian-newman-600x801.jpg\" alt=\"marian newman u\u00f1as\" class=\"wp-image-25182\" style=\"object-fit:cover;width:507px;height:auto\" srcset=\"https:\/\/nailknowledge.org\/wp-content\/uploads\/2020\/01\/marian-newman-600x801.jpg 600w, https:\/\/nailknowledge.org\/wp-content\/uploads\/2020\/01\/marian-newman-225x300.jpg 225w, https:\/\/nailknowledge.org\/wp-content\/uploads\/2020\/01\/marian-newman-75x100.jpg 75w, https:\/\/nailknowledge.org\/wp-content\/uploads\/2020\/01\/marian-newman.jpg 749w\" sizes=\"auto, (max-width: 600px) 100vw, 600px\" \/><\/figure>\n<\/div>\n\n\n<p>Marian ha trabajado en todos los aspectos de la industria de las u\u00f1as desde que abri\u00f3 un sal\u00f3n de \"s\u00f3lo u\u00f1as\" en 1987. Autora, profesora, educadora de marcas, est\u00e1 considerada una de las mejores profesionales de u\u00f1as del mundo, con un largo historial de colaboraciones con algunos de los principales dise\u00f1adores del mundo, as\u00ed como con los desfiles de moda de Londres, Nueva York, Mil\u00e1n y Par\u00eds.<\/p>\n\n\n\n<p>Con m\u00e1s de 70 portadas del Vogue brit\u00e1nico a sus espaldas, Marian es una de las pocas profesionales de las u\u00f1as cuyo trabajo puede verse pr\u00e1cticamente cada semana en las revistas de moda de todo el mundo.&nbsp;<\/p>\n\n\n\n<p>Como formadora y educadora, tiene una formidable reputaci\u00f3n de excelencia y calidad, lo que ha llevado a la revista Tatler a describirla como la \"Karl Lagerfield\" de las u\u00f1as.<\/p>\n\n\n\n<p>Colaboradora habitual de los medios de comunicaci\u00f3n, Marian fue Presidenta del Foro de Servicios de U\u00f1as y miembro del Comit\u00e9 de la Autoridad del Sector de Peluquer\u00eda y Est\u00e9tica (Habia) durante muchos a\u00f1os.<\/p>\n\n\n\n<p>Su libro \"The Complete Nail Technician\" es el libro de texto definitivo para el sector y ya est\u00e1 en su 4\u00aa edici\u00f3n.<\/p>\n\n\n\n<p>Por sus servicios a la industria de la belleza durante Covid-19, Marian recibi\u00f3 la Medalla del Imperio Brit\u00e1nico en la Lista de Honores del Cumplea\u00f1os 2020 de la Reina.<\/p>\n<\/div><\/div>\n<\/div><\/div>\n\n\n\n<div style=\"height:39px\" aria-hidden=\"true\" class=\"wp-block-spacer\"><\/div>\n\n\n\n<div class=\"wp-block-group mb-0 has-background\" style=\"background-color:#efefef\"><div class=\"wp-block-group__inner-container is-layout-constrained wp-block-group-is-layout-constrained\">\n<div style=\"height:39px\" aria-hidden=\"true\" class=\"wp-block-spacer\"><\/div>\n\n\n\n<div class=\"wp-block-columns mx-auto container-max-width-1200 py-2 is-layout-flex wp-container-core-columns-is-layout-9d6595d7 wp-block-columns-is-layout-flex\">\n<div class=\"wp-block-column is-layout-flow wp-block-column-is-layout-flow\">\n<h2 class=\"wp-block-heading\">Nuestros expertos escribieron literalmente los mejores libros sobre u\u00f1as<\/h2>\n\n\n\n<p>Nuestros expertos de todo el mundo, con m\u00e1s de 100 a\u00f1os de experiencia combinada, son las principales autoridades del sector asociadas a NailKnowledge. Juntos, han influido significativamente en la industria de la belleza a lo largo de sus extensas carreras. Sus contribuciones incluyen la autor\u00eda de numerosos libros, la creaci\u00f3n de programas de formaci\u00f3n de v\u00eddeo y audio, y la producci\u00f3n de docenas de art\u00edculos de revistas centradas en los productos de sal\u00f3n, la seguridad y las pr\u00e1cticas \u00f3ptimas para los profesionales del sal\u00f3n.<\/p>\n\n\n\n<p><\/p>\n\n\n\n<p>TODO lo que necesitas saber para convertirte en un aut\u00e9ntico maestro de las u\u00f1as. <\/p>\n\n\n\n<div class=\"wp-block-buttons is-layout-flex wp-block-buttons-is-layout-flex\">\n<div class=\"wp-block-button has-custom-width wp-block-button__width-100 has-custom-font-size\" style=\"font-size:24px\"><a class=\"wp-block-button__link has-background wp-element-button\" href=\"https:\/\/nailknowledge.org\/es\/tienda\/\" style=\"border-radius:10px;background:linear-gradient(320deg,rgb(4,130,180) 0%,rgb(4,86,180) 98%)\">Revise nuestros eBooks<\/a><\/div>\n<\/div>\n<\/div>\n\n\n\n<div class=\"wp-block-column is-layout-flow wp-block-column-is-layout-flow\">\n<figure class=\"wp-block-image size-full\"><a href=\"https:\/\/nailknowledge.org\/es\/tienda\/\"><img loading=\"lazy\" decoding=\"async\" width=\"1000\" height=\"1000\" src=\"https:\/\/nailknowledge.org\/wp-content\/uploads\/2023\/11\/Doug-Schoon-Face-to-Face.jpg\" alt=\"\" class=\"wp-image-94669\" srcset=\"https:\/\/nailknowledge.org\/wp-content\/uploads\/2023\/11\/Doug-Schoon-Face-to-Face.jpg 1000w, https:\/\/nailknowledge.org\/wp-content\/uploads\/2023\/11\/Doug-Schoon-Face-to-Face-300x300.jpg 300w, https:\/\/nailknowledge.org\/wp-content\/uploads\/2023\/11\/Doug-Schoon-Face-to-Face-180x180.jpg 180w, https:\/\/nailknowledge.org\/wp-content\/uploads\/2023\/11\/Doug-Schoon-Face-to-Face-600x600.jpg 600w, https:\/\/nailknowledge.org\/wp-content\/uploads\/2023\/11\/Doug-Schoon-Face-to-Face-150x150.jpg 150w, https:\/\/nailknowledge.org\/wp-content\/uploads\/2023\/11\/Doug-Schoon-Face-to-Face-768x768.jpg 768w, https:\/\/nailknowledge.org\/wp-content\/uploads\/2023\/11\/Doug-Schoon-Face-to-Face-12x12.jpg 12w\" sizes=\"auto, (max-width: 1000px) 100vw, 1000px\" \/><\/a><\/figure>\n<\/div>\n<\/div>\n\n\n<div class=\"wp-block-image\">\n<figure class=\"aligncenter size-large\"><img loading=\"lazy\" decoding=\"async\" width=\"1024\" height=\"360\" src=\"https:\/\/nailknowledge.org\/wp-content\/uploads\/2021\/01\/ask-the-experts-rectangle-1024x360.png\" alt=\"\" class=\"wp-image-73558\" srcset=\"https:\/\/nailknowledge.org\/wp-content\/uploads\/2021\/01\/ask-the-experts-rectangle-1024x360.png 1024w, https:\/\/nailknowledge.org\/wp-content\/uploads\/2021\/01\/ask-the-experts-rectangle-600x211.png 600w, https:\/\/nailknowledge.org\/wp-content\/uploads\/2021\/01\/ask-the-experts-rectangle-300x106.png 300w, https:\/\/nailknowledge.org\/wp-content\/uploads\/2021\/01\/ask-the-experts-rectangle-768x270.png 768w, https:\/\/nailknowledge.org\/wp-content\/uploads\/2021\/01\/ask-the-experts-rectangle-1536x540.png 1536w, https:\/\/nailknowledge.org\/wp-content\/uploads\/2021\/01\/ask-the-experts-rectangle.png 1541w\" sizes=\"auto, (max-width: 1024px) 100vw, 1024px\" \/><\/figure>\n<\/div>\n\n\n<div style=\"height:39px\" aria-hidden=\"true\" class=\"wp-block-spacer\"><\/div>\n<\/div><\/div>","protected":false},"excerpt":{"rendered":"<p>Marian Newman, BEM Nail Expert, Author and Educator Marian has worked in every aspect of the nail industry since opening a \u2018nails only\u2019 salon in 1987. Author, teacher, brand educator, she is regarded as one of the top nail practitioners in the world, with a long history of working with some of the world\u2019s leading [&hellip;]<\/p>\n","protected":false},"author":2,"featured_media":0,"parent":0,"menu_order":0,"comment_status":"closed","ping_status":"closed","template":"","meta":{"_yoast_wpseo_focuskw":"","_yoast_wpseo_metadesc":"","_genesis_hide_title":false,"_genesis_hide_breadcrumbs":false,"_genesis_hide_singular_image":false,"_genesis_hide_footer_widgets":false,"_genesis_custom_body_class":"","_genesis_custom_post_class":"","_genesis_layout":"","footnotes":""},"class_list":{"0":"post-29601","1":"page","2":"type-page","3":"status-publish","5":"entry"},"yoast_head":"<!-- This site is optimized with the Yoast SEO plugin v27.4 - https:\/\/yoast.com\/product\/yoast-seo-wordpress\/ -->\n<title>Marian Newman - NailKnowledge<\/title>\n<meta name=\"robots\" content=\"index, follow, max-snippet:-1, max-image-preview:large, max-video-preview:-1\" \/>\n<link rel=\"canonical\" href=\"https:\/\/nailknowledge.org\/es\/experto-en-unas-marian-newman\/\" \/>\n<meta property=\"og:locale\" content=\"es_ES\" \/>\n<meta property=\"og:type\" content=\"article\" \/>\n<meta property=\"og:title\" content=\"Marian Newman - NailKnowledge\" \/>\n<meta property=\"og:description\" content=\"Marian Newman, BEM Nail Expert, Author and Educator Marian has worked in every aspect of the nail industry since opening a \u2018nails only\u2019 salon in 1987. Author, teacher, brand educator, she is regarded as one of the top nail practitioners in the world, with a long history of working with some of the world\u2019s leading [&hellip;]\" \/>\n<meta property=\"og:url\" content=\"https:\/\/nailknowledge.org\/es\/experto-en-unas-marian-newman\/\" \/>\n<meta property=\"og:site_name\" content=\"NailKnowledge\" \/>\n<meta property=\"article:modified_time\" content=\"2024-01-23T18:42:17+00:00\" \/>\n<meta property=\"og:image\" content=\"https:\/\/nailknowledge.org\/wp-content\/uploads\/2023\/03\/image002.jpg\" \/>\n\t<meta property=\"og:image:width\" content=\"545\" \/>\n\t<meta property=\"og:image:height\" content=\"295\" \/>\n\t<meta property=\"og:image:type\" content=\"image\/jpeg\" \/>\n<meta name=\"twitter:card\" content=\"summary_large_image\" \/>\n<meta name=\"twitter:label1\" content=\"Tiempo de lectura\" \/>\n\t<meta name=\"twitter:data1\" content=\"2 minutos\" \/>\n<script type=\"application\/ld+json\" class=\"yoast-schema-graph\">{\"@context\":\"https:\\\/\\\/schema.org\",\"@graph\":[{\"@type\":\"WebPage\",\"@id\":\"https:\\\/\\\/nailknowledge.org\\\/nailknowledge-expert-marian-newman\",\"url\":\"https:\\\/\\\/nailknowledge.org\\\/nailknowledge-expert-marian-newman\",\"name\":\"Marian Newman - NailKnowledge\",\"isPartOf\":{\"@id\":\"https:\\\/\\\/new.nailknowledge.org\\\/#website\"},\"primaryImageOfPage\":{\"@id\":\"https:\\\/\\\/nailknowledge.org\\\/nailknowledge-expert-marian-newman#primaryimage\"},\"image\":{\"@id\":\"https:\\\/\\\/nailknowledge.org\\\/nailknowledge-expert-marian-newman#primaryimage\"},\"thumbnailUrl\":\"https:\\\/\\\/nailknowledge.org\\\/wp-content\\\/uploads\\\/2020\\\/01\\\/marian-newman-600x801.jpg\",\"datePublished\":\"2020-10-27T21:53:45+00:00\",\"dateModified\":\"2024-01-23T18:42:17+00:00\",\"breadcrumb\":{\"@id\":\"https:\\\/\\\/nailknowledge.org\\\/nailknowledge-expert-marian-newman#breadcrumb\"},\"inLanguage\":\"es\",\"potentialAction\":[{\"@type\":\"ReadAction\",\"target\":[\"https:\\\/\\\/nailknowledge.org\\\/nailknowledge-expert-marian-newman\"]}]},{\"@type\":\"ImageObject\",\"inLanguage\":\"es\",\"@id\":\"https:\\\/\\\/nailknowledge.org\\\/nailknowledge-expert-marian-newman#primaryimage\",\"url\":\"https:\\\/\\\/nailknowledge.org\\\/wp-content\\\/uploads\\\/2020\\\/01\\\/marian-newman-600x801.jpg\",\"contentUrl\":\"https:\\\/\\\/nailknowledge.org\\\/wp-content\\\/uploads\\\/2020\\\/01\\\/marian-newman-600x801.jpg\"},{\"@type\":\"BreadcrumbList\",\"@id\":\"https:\\\/\\\/nailknowledge.org\\\/nailknowledge-expert-marian-newman#breadcrumb\",\"itemListElement\":[{\"@type\":\"ListItem\",\"position\":1,\"name\":\"Home\",\"item\":\"https:\\\/\\\/nailknowledge.org\\\/\"},{\"@type\":\"ListItem\",\"position\":2,\"name\":\"Marian Newman\"}]},{\"@type\":\"WebSite\",\"@id\":\"https:\\\/\\\/new.nailknowledge.org\\\/#website\",\"url\":\"https:\\\/\\\/new.nailknowledge.org\\\/\",\"name\":\"NailKnowledge\",\"description\":\"\",\"publisher\":{\"@id\":\"https:\\\/\\\/new.nailknowledge.org\\\/#organization\"},\"potentialAction\":[{\"@type\":\"SearchAction\",\"target\":{\"@type\":\"EntryPoint\",\"urlTemplate\":\"https:\\\/\\\/new.nailknowledge.org\\\/?s={search_term_string}\"},\"query-input\":{\"@type\":\"PropertyValueSpecification\",\"valueRequired\":true,\"valueName\":\"search_term_string\"}}],\"inLanguage\":\"es\"},{\"@type\":\"Organization\",\"@id\":\"https:\\\/\\\/new.nailknowledge.org\\\/#organization\",\"name\":\"NailKnowledge\",\"url\":\"https:\\\/\\\/new.nailknowledge.org\\\/\",\"logo\":{\"@type\":\"ImageObject\",\"inLanguage\":\"es\",\"@id\":\"https:\\\/\\\/new.nailknowledge.org\\\/#\\\/schema\\\/logo\\\/image\\\/\",\"url\":\"https:\\\/\\\/nailknowledge.org\\\/wp-content\\\/uploads\\\/2026\\\/03\\\/KN-Logo-1.webp\",\"contentUrl\":\"https:\\\/\\\/nailknowledge.org\\\/wp-content\\\/uploads\\\/2026\\\/03\\\/KN-Logo-1.webp\",\"width\":542,\"height\":100,\"caption\":\"NailKnowledge\"},\"image\":{\"@id\":\"https:\\\/\\\/new.nailknowledge.org\\\/#\\\/schema\\\/logo\\\/image\\\/\"}}]}<\/script>\n<!-- \/ Yoast SEO plugin. -->","yoast_head_json":{"title":"Marian Newman - NailKnowledge","robots":{"index":"index","follow":"follow","max-snippet":"max-snippet:-1","max-image-preview":"max-image-preview:large","max-video-preview":"max-video-preview:-1"},"canonical":"https:\/\/nailknowledge.org\/es\/experto-en-unas-marian-newman\/","og_locale":"es_ES","og_type":"article","og_title":"Marian Newman - NailKnowledge","og_description":"Marian Newman, BEM Nail Expert, Author and Educator Marian has worked in every aspect of the nail industry since opening a \u2018nails only\u2019 salon in 1987. Author, teacher, brand educator, she is regarded as one of the top nail practitioners in the world, with a long history of working with some of the world\u2019s leading [&hellip;]","og_url":"https:\/\/nailknowledge.org\/es\/experto-en-unas-marian-newman\/","og_site_name":"NailKnowledge","article_modified_time":"2024-01-23T18:42:17+00:00","og_image":[{"width":545,"height":295,"url":"https:\/\/nailknowledge.org\/wp-content\/uploads\/2023\/03\/image002.jpg","type":"image\/jpeg"}],"twitter_card":"summary_large_image","twitter_misc":{"Tiempo de lectura":"2 minutos"},"schema":{"@context":"https:\/\/schema.org","@graph":[{"@type":"WebPage","@id":"https:\/\/nailknowledge.org\/nailknowledge-expert-marian-newman","url":"https:\/\/nailknowledge.org\/nailknowledge-expert-marian-newman","name":"Marian Newman - NailKnowledge","isPartOf":{"@id":"https:\/\/new.nailknowledge.org\/#website"},"primaryImageOfPage":{"@id":"https:\/\/nailknowledge.org\/nailknowledge-expert-marian-newman#primaryimage"},"image":{"@id":"https:\/\/nailknowledge.org\/nailknowledge-expert-marian-newman#primaryimage"},"thumbnailUrl":"https:\/\/nailknowledge.org\/wp-content\/uploads\/2020\/01\/marian-newman-600x801.jpg","datePublished":"2020-10-27T21:53:45+00:00","dateModified":"2024-01-23T18:42:17+00:00","breadcrumb":{"@id":"https:\/\/nailknowledge.org\/nailknowledge-expert-marian-newman#breadcrumb"},"inLanguage":"es","potentialAction":[{"@type":"ReadAction","target":["https:\/\/nailknowledge.org\/nailknowledge-expert-marian-newman"]}]},{"@type":"ImageObject","inLanguage":"es","@id":"https:\/\/nailknowledge.org\/nailknowledge-expert-marian-newman#primaryimage","url":"https:\/\/nailknowledge.org\/wp-content\/uploads\/2020\/01\/marian-newman-600x801.jpg","contentUrl":"https:\/\/nailknowledge.org\/wp-content\/uploads\/2020\/01\/marian-newman-600x801.jpg"},{"@type":"BreadcrumbList","@id":"https:\/\/nailknowledge.org\/nailknowledge-expert-marian-newman#breadcrumb","itemListElement":[{"@type":"ListItem","position":1,"name":"Home","item":"https:\/\/nailknowledge.org\/"},{"@type":"ListItem","position":2,"name":"Marian Newman"}]},{"@type":"WebSite","@id":"https:\/\/new.nailknowledge.org\/#website","url":"https:\/\/new.nailknowledge.org\/","name":"Conocimientos de u\u00f1as","description":"","publisher":{"@id":"https:\/\/new.nailknowledge.org\/#organization"},"potentialAction":[{"@type":"SearchAction","target":{"@type":"EntryPoint","urlTemplate":"https:\/\/new.nailknowledge.org\/?s={search_term_string}"},"query-input":{"@type":"PropertyValueSpecification","valueRequired":true,"valueName":"search_term_string"}}],"inLanguage":"es"},{"@type":"Organization","@id":"https:\/\/new.nailknowledge.org\/#organization","name":"Conocimientos de u\u00f1as","url":"https:\/\/new.nailknowledge.org\/","logo":{"@type":"ImageObject","inLanguage":"es","@id":"https:\/\/new.nailknowledge.org\/#\/schema\/logo\/image\/","url":"https:\/\/nailknowledge.org\/wp-content\/uploads\/2026\/03\/KN-Logo-1.webp","contentUrl":"https:\/\/nailknowledge.org\/wp-content\/uploads\/2026\/03\/KN-Logo-1.webp","width":542,"height":100,"caption":"NailKnowledge"},"image":{"@id":"https:\/\/new.nailknowledge.org\/#\/schema\/logo\/image\/"}}]}},"_links":{"self":[{"href":"https:\/\/nailknowledge.org\/es\/wp-json\/wp\/v2\/pages\/29601","targetHints":{"allow":["GET"]}}],"collection":[{"href":"https:\/\/nailknowledge.org\/es\/wp-json\/wp\/v2\/pages"}],"about":[{"href":"https:\/\/nailknowledge.org\/es\/wp-json\/wp\/v2\/types\/page"}],"author":[{"embeddable":true,"href":"https:\/\/nailknowledge.org\/es\/wp-json\/wp\/v2\/users\/2"}],"replies":[{"embeddable":true,"href":"https:\/\/nailknowledge.org\/es\/wp-json\/wp\/v2\/comments?post=29601"}],"version-history":[{"count":0,"href":"https:\/\/nailknowledge.org\/es\/wp-json\/wp\/v2\/pages\/29601\/revisions"}],"wp:attachment":[{"href":"https:\/\/nailknowledge.org\/es\/wp-json\/wp\/v2\/media?parent=29601"}],"curies":[{"name":"wp","href":"https:\/\/api.w.org\/{rel}","templated":true}]}}