{"id":32604,"date":"2021-01-18T16:33:25","date_gmt":"2021-01-18T16:33:25","guid":{"rendered":"https:\/\/nailknowledge.org\/?page_id=32604"},"modified":"2021-01-18T16:33:25","modified_gmt":"2021-01-18T16:33:25","slug":"politica-de-privacidad-de-la-licencia-de-grupo","status":"publish","type":"page","link":"https:\/\/nailknowledge.org\/es\/group-license-privacy-policy","title":{"rendered":"Pol\u00edtica de privacidad de las licencias de grupo"},"content":{"rendered":"<p><\/p>\n\n\n\n<h3 class=\"wp-block-heading\"><strong>Introducci\u00f3n<\/strong><\/h3>\n\n\n\n<p>Bienvenido al Aviso de Privacidad para clientes del Grupo relativo a los Cursos Online de NailKnowledge. NailKnowledge es un servicio prestado por Professional Animated Learning Limited.<\/p>\n\n\n\n<p>Este aviso de privacidad proporciona m\u00e1s informaci\u00f3n sobre c\u00f3mo Professional Animated Learning Limited (\"<strong>PAL<\/strong>\") recoge y trata datos personales en relaci\u00f3n con las reservas y la compra de cursos en l\u00ednea de PAL por parte de intermediarios (<strong>Reserva de cursos para grupos de clientes<\/strong>) en nombre de sus empleados, afiliados y clientes (<strong>Candidatos<\/strong>) y debe leerse junto con nuestro Aviso General de Privacidad. Si va a reservar un curso directamente para su propio uso, consulte nuestro Aviso General de Privacidad que puede encontrar aqu\u00ed - https:\/\/nailknowledge.org\/privacy-page<\/p>\n\n\n\n<p><strong>Datos personales del candidato <\/strong>los datos personales relativos a un Candidato.<\/p>\n\n\n\n<p><strong>Grupo Cliente <\/strong>se refiere a usted, el comprador de un curso impartido por PAL para sus Candidatos y que est\u00e1 sujeto a este Aviso de Privacidad del Cliente del Grupo.<\/p>\n\n\n\n<p><strong>Datos personales de clientes del grupo <\/strong>los datos personales relativos al Cliente del Grupo.<\/p>\n\n\n\n<p>Es importante que lea este Aviso de privacidad del cliente del Grupo junto con el Aviso general de privacidad de PAL (<strong>Aviso general sobre protecci\u00f3n de datos<\/strong>) que se puede encontrar aqu\u00ed - <a href=\"https:\/\/nailknowledge.org\/es\/pagina-de-privacidad\/\"><em>https:\/\/nailknowledge.org\/privacy-page<\/em><\/a> que contiene informaci\u00f3n m\u00e1s detallada sobre el tratamiento de datos por parte de PAL. El Aviso General de Privacidad est\u00e1 sujeto a las modificaciones previstas en el presente aviso. Para evitar cualquier duda, en caso de conflicto entre el Aviso General de Privacidad y este Aviso de Privacidad del Cliente del Grupo, prevalecer\u00e1 el Aviso de Privacidad del Cliente del Grupo.<\/p>\n\n\n\n<p>Las modificaciones y adiciones al Aviso general de confidencialidad previstas en el presente Aviso de confidencialidad para los clientes del grupo se refieren al tratamiento de los Datos personales de los candidatos por parte de PAL. El tratamiento de los Datos Personales de los Clientes del Grupo se establece en el Aviso General de Privacidad.<\/p>\n\n\n\n<h3 class=\"wp-block-heading\"><strong>1. Marketing<\/strong><\/h3>\n\n\n\n<p>La secci\u00f3n 4 de la Notificaci\u00f3n general de confidencialidad se modifica como sigue: al comprar plazas para un candidato y proporcionar a PAL los datos de contacto de un candidato, el cliente del grupo confirma que PAL tiene derecho a ponerse en contacto con el candidato utilizando sus datos personales con fines de marketing.  Esto incluye ponerse en contacto directamente con el candidato para proporcionarle informaci\u00f3n sobre otros cursos de PAL que PAL considere que puedan interesarle.  Si el cliente del grupo no puede dar tal confirmaci\u00f3n o no desea que PAL se ponga en contacto con los candidatos del cliente del grupo con fines de marketing, puede notificar este hecho a PAL en cualquier momento y PAL cesar\u00e1 inmediatamente el uso de los datos personales del candidato, a menos que el candidato d\u00e9 su consentimiento expreso. El consentimiento del Candidato podr\u00e1 ser revocado en cualquier momento.<\/p>\n\n\n\n<h3 class=\"wp-block-heading\"><strong>2. Gesti\u00f3n de las relaciones<\/strong><\/h3>\n\n\n\n<p>La secci\u00f3n 4 de la Notificaci\u00f3n general de confidencialidad se modifica como sigue: al comprar plazas para un candidato y proporcionar a PAL los datos de contacto de un candidato, el cliente del grupo confirma que PAL tiene derecho a ponerse en contacto con el candidato utilizando sus datos personales, con el fin de gestionar la relaci\u00f3n.  Esto incluye ponerse en contacto directamente con el candidato para informarle de cualquier cambio en el curso o en el material did\u00e1ctico.  Si el cliente del grupo no puede dar tal confirmaci\u00f3n o no desea que PAL se ponga en contacto con los candidatos del cliente del grupo con fines de gesti\u00f3n de la relaci\u00f3n, puede notificar este hecho a PAL en cualquier momento y PAL cesar\u00e1 inmediatamente el uso de los datos personales del candidato, a menos que el candidato d\u00e9 su consentimiento expreso. El consentimiento del candidato podr\u00e1 ser revocado en cualquier momento.<\/p>\n\n\n\n<h3 class=\"wp-block-heading\"><strong>3. Otros fines\/actividades<\/strong><\/h3>\n\n\n\n<p>Sin perjuicio de los descritos en las secciones 1 y 2 del presente Aviso de Privacidad del Cliente del Grupo, tambi\u00e9n se aplicar\u00e1n a los datos personales del Candidato los dem\u00e1s fines\/actividades durante los cuales pueden tratarse los datos, tal como se establece en la tabla de la Secci\u00f3n 4 del Aviso de Privacidad General. La base legal de los mismos se establece en la misma tabla.<\/p>\n\n\n\n<p>Las secciones 2, 3, 5-9 del Aviso General de Privacidad se aplican a los Datos Personales del Candidato en la medida en que sean aplicables.<\/p>\n\n\n\n<h3 class=\"wp-block-heading\"><strong>4. Informaci\u00f3n importante y qui\u00e9nes somos<\/strong><\/h3>\n\n\n\n<p>PAL Limited es el controlador y responsable de sus datos personales.<\/p>\n\n\n\n<p>Hemos nombrado a un responsable de la protecci\u00f3n de datos. Si tiene alguna pregunta sobre este Aviso de privacidad del cliente del Grupo o sobre nuestras pr\u00e1cticas de protecci\u00f3n de datos, p\u00f3ngase en contacto con el responsable de privacidad de datos.<\/p>\n\n\n\n<h3 class=\"wp-block-heading\"><strong>DATOS DE CONTACTO<\/strong><\/h3>\n\n\n\n<p>Nuestros datos completos son:<\/p>\n\n\n\n<p>Nombre completo de la entidad jur\u00eddica: PAL Limited<\/p>\n\n\n\n<p>Registrada en Inglaterra y Gales: N\u00famero de empresa 12633217, domicilio social c\/o Francis Clark LLP, North Quay House, Sutton Harbour, Plymouth, PL4 0RA<\/p>\n\n\n\n<p>Nombre o cargo del responsable de la protecci\u00f3n de datos Kevin Nicholls<\/p>\n\n\n\n<p>Direcci\u00f3n de correo electr\u00f3nico: <a href=\"mailto:info@nailknowledge.org\">info@nailknowledge.org<\/a><\/p>\n\n\n\n<p>Direcci\u00f3n para correspondencia: Unidad 50, Faraday Business Park, Faraday Road, Plymouth, PL4 0ST<\/p>\n\n\n\n<h3 class=\"wp-block-heading\"><strong>5. Los datos que recopilamos sobre usted<\/strong><\/h3>\n\n\n\n<p>Podemos recopilar, utilizar, almacenar y transferir diferentes tipos de datos personales sobre usted de la siguiente manera:<\/p>\n\n\n\n<ul class=\"wp-block-list\"><li>Datos de identidad y datos de contacto.<\/li><li>Datos de transacciones y llamadas telef\u00f3nicas.<\/li><li>Datos t\u00e9cnicos.<\/li><li>Datos del perfil.<\/li><li>Datos de uso.<\/li><li>Datos de marketing y comunicaci\u00f3n.&nbsp;<\/li><\/ul>\n\n\n\n<p>Explicamos estas categor\u00edas de datos en la secci\u00f3n 2 de nuestro Aviso General de Privacidad<em>.<\/em><\/p>\n\n\n\n<p>Utilizamos diferentes m\u00e9todos para recopilar datos sobre usted, que se explican en la secci\u00f3n 3 de nuestro Aviso general de privacidad<em>. <\/em>&nbsp;<\/p>\n\n\n\n<h3 class=\"wp-block-heading\"><strong>6. C\u00f3mo utilizamos sus datos personales<\/strong><\/h3>\n\n\n\n<p>S\u00f3lo utilizaremos sus datos personales y los del Candidato para los fines para los que los recogimos y tal y como se describe en la secci\u00f3n 4 de nuestro Aviso General de Privacidad.<\/p>\n\n\n\n<h3 class=\"wp-block-heading\"><strong>7. C\u00f3mo compartimos sus datos personales<\/strong><\/h3>\n\n\n\n<p>Podemos compartir sus datos personales con terceros externos. Encontrar\u00e1 m\u00e1s informaci\u00f3n al respecto en la secci\u00f3n 4 de nuestro Aviso general de privacidad.<\/p>\n\n\n\n<h3 class=\"wp-block-heading\"><strong>8. 8. Transferencias internacionales<\/strong><\/h3>\n\n\n\n<p>Podemos transferir, almacenar y tratar sus datos personales fuera del Reino Unido. Encontrar\u00e1 m\u00e1s informaci\u00f3n al respecto en la secci\u00f3n 5 de nuestro Aviso general de privacidad.<\/p>\n\n\n\n<h3 class=\"wp-block-heading\"><strong>9. Sus derechos legales<\/strong><\/h3>\n\n\n\n<p>En determinadas circunstancias, usted tiene derechos en virtud de la legislaci\u00f3n de protecci\u00f3n de datos en relaci\u00f3n con sus datos personales, incluido el derecho a recibir una copia de los datos personales que tenemos sobre usted y el derecho a presentar una reclamaci\u00f3n en cualquier momento ante la Oficina del Comisario de Informaci\u00f3n, el organismo regulador del Reino Unido en materia de protecci\u00f3n de datos (www.ico.org.uk).<\/p>\n\n\n\n<p>Encontrar\u00e1 m\u00e1s detalles en la secci\u00f3n 8 de nuestro Aviso general de privacidad.<\/p>\n\n\n\n<h3 class=\"wp-block-heading\"><strong>10. Para m\u00e1s informaci\u00f3n<\/strong><\/h3>\n\n\n\n<p>Si desea m\u00e1s informaci\u00f3n sobre c\u00f3mo tratamos sus datos personales, incluida la seguridad de los datos, su conservaci\u00f3n y las bases legales del tratamiento, acceda a nuestro Aviso general de privacidad.<\/p>","protected":false},"excerpt":{"rendered":"<p>Introduction Welcome to the Privacy Notice for Group customers relating to the NailKnowledge Online Courses. NailKnowledge is a service provided by Professional Animated Learning Limited. This privacy notice provides further information on how Professional Animated Learning Limited (\u201cPAL\u201d) collects and processes personal data in relation to bookings and the purchase of PAL\u2019s online courses by [&hellip;]<\/p>\n","protected":false},"author":35,"featured_media":0,"parent":0,"menu_order":0,"comment_status":"closed","ping_status":"closed","template":"","meta":{"_yoast_wpseo_focuskw":"","_yoast_wpseo_metadesc":"","_genesis_hide_title":false,"_genesis_hide_breadcrumbs":false,"_genesis_hide_singular_image":false,"_genesis_hide_footer_widgets":false,"_genesis_custom_body_class":"","_genesis_custom_post_class":"","_genesis_layout":"","footnotes":""},"class_list":{"0":"post-32604","1":"page","2":"type-page","3":"status-publish","5":"entry"},"yoast_head":"<!-- This site is optimized with the Yoast SEO plugin v27.4 - https:\/\/yoast.com\/product\/yoast-seo-wordpress\/ -->\n<title>Group License Privacy Policy - NailKnowledge<\/title>\n<meta name=\"robots\" content=\"index, follow, max-snippet:-1, max-image-preview:large, max-video-preview:-1\" \/>\n<link rel=\"canonical\" href=\"https:\/\/nailknowledge.org\/es\/politica-de-privacidad-de-la-licencia-de-grupo\/\" \/>\n<meta property=\"og:locale\" content=\"es_ES\" \/>\n<meta property=\"og:type\" content=\"article\" \/>\n<meta property=\"og:title\" content=\"Group License Privacy Policy - NailKnowledge\" \/>\n<meta property=\"og:description\" content=\"Introduction Welcome to the Privacy Notice for Group customers relating to the NailKnowledge Online Courses. NailKnowledge is a service provided by Professional Animated Learning Limited. This privacy notice provides further information on how Professional Animated Learning Limited (\u201cPAL\u201d) collects and processes personal data in relation to bookings and the purchase of PAL\u2019s online courses by [&hellip;]\" \/>\n<meta property=\"og:url\" content=\"https:\/\/nailknowledge.org\/es\/politica-de-privacidad-de-la-licencia-de-grupo\/\" \/>\n<meta property=\"og:site_name\" content=\"NailKnowledge\" \/>\n<meta property=\"og:image\" content=\"https:\/\/nailknowledge.org\/wp-content\/uploads\/2023\/03\/image002.jpg\" \/>\n\t<meta property=\"og:image:width\" content=\"545\" \/>\n\t<meta property=\"og:image:height\" content=\"295\" \/>\n\t<meta property=\"og:image:type\" content=\"image\/jpeg\" \/>\n<meta name=\"twitter:card\" content=\"summary_large_image\" \/>\n<meta name=\"twitter:label1\" content=\"Tiempo de lectura\" \/>\n\t<meta name=\"twitter:data1\" content=\"5 minutos\" \/>\n<script type=\"application\/ld+json\" class=\"yoast-schema-graph\">{\"@context\":\"https:\\\/\\\/schema.org\",\"@graph\":[{\"@type\":\"WebPage\",\"@id\":\"https:\\\/\\\/nailknowledge.org\\\/group-license-privacy-policy\",\"url\":\"https:\\\/\\\/nailknowledge.org\\\/group-license-privacy-policy\",\"name\":\"Group License Privacy Policy - NailKnowledge\",\"isPartOf\":{\"@id\":\"https:\\\/\\\/new.nailknowledge.org\\\/#website\"},\"datePublished\":\"2021-01-18T16:33:25+00:00\",\"breadcrumb\":{\"@id\":\"https:\\\/\\\/nailknowledge.org\\\/group-license-privacy-policy#breadcrumb\"},\"inLanguage\":\"es\",\"potentialAction\":[{\"@type\":\"ReadAction\",\"target\":[\"https:\\\/\\\/nailknowledge.org\\\/group-license-privacy-policy\"]}]},{\"@type\":\"BreadcrumbList\",\"@id\":\"https:\\\/\\\/nailknowledge.org\\\/group-license-privacy-policy#breadcrumb\",\"itemListElement\":[{\"@type\":\"ListItem\",\"position\":1,\"name\":\"Home\",\"item\":\"https:\\\/\\\/nailknowledge.org\\\/\"},{\"@type\":\"ListItem\",\"position\":2,\"name\":\"Group License Privacy Policy\"}]},{\"@type\":\"WebSite\",\"@id\":\"https:\\\/\\\/new.nailknowledge.org\\\/#website\",\"url\":\"https:\\\/\\\/new.nailknowledge.org\\\/\",\"name\":\"NailKnowledge\",\"description\":\"\",\"publisher\":{\"@id\":\"https:\\\/\\\/new.nailknowledge.org\\\/#organization\"},\"potentialAction\":[{\"@type\":\"SearchAction\",\"target\":{\"@type\":\"EntryPoint\",\"urlTemplate\":\"https:\\\/\\\/new.nailknowledge.org\\\/?s={search_term_string}\"},\"query-input\":{\"@type\":\"PropertyValueSpecification\",\"valueRequired\":true,\"valueName\":\"search_term_string\"}}],\"inLanguage\":\"es\"},{\"@type\":\"Organization\",\"@id\":\"https:\\\/\\\/new.nailknowledge.org\\\/#organization\",\"name\":\"NailKnowledge\",\"url\":\"https:\\\/\\\/new.nailknowledge.org\\\/\",\"logo\":{\"@type\":\"ImageObject\",\"inLanguage\":\"es\",\"@id\":\"https:\\\/\\\/new.nailknowledge.org\\\/#\\\/schema\\\/logo\\\/image\\\/\",\"url\":\"https:\\\/\\\/nailknowledge.org\\\/wp-content\\\/uploads\\\/2026\\\/03\\\/KN-Logo-1.webp\",\"contentUrl\":\"https:\\\/\\\/nailknowledge.org\\\/wp-content\\\/uploads\\\/2026\\\/03\\\/KN-Logo-1.webp\",\"width\":542,\"height\":100,\"caption\":\"NailKnowledge\"},\"image\":{\"@id\":\"https:\\\/\\\/new.nailknowledge.org\\\/#\\\/schema\\\/logo\\\/image\\\/\"}}]}<\/script>\n<!-- \/ Yoast SEO plugin. -->","yoast_head_json":{"title":"Pol\u00edtica de privacidad de la licencia de grupo - NailKnowledge","robots":{"index":"index","follow":"follow","max-snippet":"max-snippet:-1","max-image-preview":"max-image-preview:large","max-video-preview":"max-video-preview:-1"},"canonical":"https:\/\/nailknowledge.org\/es\/politica-de-privacidad-de-la-licencia-de-grupo\/","og_locale":"es_ES","og_type":"article","og_title":"Group License Privacy Policy - NailKnowledge","og_description":"Introduction Welcome to the Privacy Notice for Group customers relating to the NailKnowledge Online Courses. NailKnowledge is a service provided by Professional Animated Learning Limited. This privacy notice provides further information on how Professional Animated Learning Limited (\u201cPAL\u201d) collects and processes personal data in relation to bookings and the purchase of PAL\u2019s online courses by [&hellip;]","og_url":"https:\/\/nailknowledge.org\/es\/politica-de-privacidad-de-la-licencia-de-grupo\/","og_site_name":"NailKnowledge","og_image":[{"width":545,"height":295,"url":"https:\/\/nailknowledge.org\/wp-content\/uploads\/2023\/03\/image002.jpg","type":"image\/jpeg"}],"twitter_card":"summary_large_image","twitter_misc":{"Tiempo de lectura":"5 minutos"},"schema":{"@context":"https:\/\/schema.org","@graph":[{"@type":"WebPage","@id":"https:\/\/nailknowledge.org\/group-license-privacy-policy","url":"https:\/\/nailknowledge.org\/group-license-privacy-policy","name":"Pol\u00edtica de privacidad de la licencia de grupo - NailKnowledge","isPartOf":{"@id":"https:\/\/new.nailknowledge.org\/#website"},"datePublished":"2021-01-18T16:33:25+00:00","breadcrumb":{"@id":"https:\/\/nailknowledge.org\/group-license-privacy-policy#breadcrumb"},"inLanguage":"es","potentialAction":[{"@type":"ReadAction","target":["https:\/\/nailknowledge.org\/group-license-privacy-policy"]}]},{"@type":"BreadcrumbList","@id":"https:\/\/nailknowledge.org\/group-license-privacy-policy#breadcrumb","itemListElement":[{"@type":"ListItem","position":1,"name":"Home","item":"https:\/\/nailknowledge.org\/"},{"@type":"ListItem","position":2,"name":"Group License Privacy Policy"}]},{"@type":"WebSite","@id":"https:\/\/new.nailknowledge.org\/#website","url":"https:\/\/new.nailknowledge.org\/","name":"Conocimientos de u\u00f1as","description":"","publisher":{"@id":"https:\/\/new.nailknowledge.org\/#organization"},"potentialAction":[{"@type":"SearchAction","target":{"@type":"EntryPoint","urlTemplate":"https:\/\/new.nailknowledge.org\/?s={search_term_string}"},"query-input":{"@type":"PropertyValueSpecification","valueRequired":true,"valueName":"search_term_string"}}],"inLanguage":"es"},{"@type":"Organization","@id":"https:\/\/new.nailknowledge.org\/#organization","name":"Conocimientos de u\u00f1as","url":"https:\/\/new.nailknowledge.org\/","logo":{"@type":"ImageObject","inLanguage":"es","@id":"https:\/\/new.nailknowledge.org\/#\/schema\/logo\/image\/","url":"https:\/\/nailknowledge.org\/wp-content\/uploads\/2026\/03\/KN-Logo-1.webp","contentUrl":"https:\/\/nailknowledge.org\/wp-content\/uploads\/2026\/03\/KN-Logo-1.webp","width":542,"height":100,"caption":"NailKnowledge"},"image":{"@id":"https:\/\/new.nailknowledge.org\/#\/schema\/logo\/image\/"}}]}},"_links":{"self":[{"href":"https:\/\/nailknowledge.org\/es\/wp-json\/wp\/v2\/pages\/32604","targetHints":{"allow":["GET"]}}],"collection":[{"href":"https:\/\/nailknowledge.org\/es\/wp-json\/wp\/v2\/pages"}],"about":[{"href":"https:\/\/nailknowledge.org\/es\/wp-json\/wp\/v2\/types\/page"}],"author":[{"embeddable":true,"href":"https:\/\/nailknowledge.org\/es\/wp-json\/wp\/v2\/users\/35"}],"replies":[{"embeddable":true,"href":"https:\/\/nailknowledge.org\/es\/wp-json\/wp\/v2\/comments?post=32604"}],"version-history":[{"count":0,"href":"https:\/\/nailknowledge.org\/es\/wp-json\/wp\/v2\/pages\/32604\/revisions"}],"wp:attachment":[{"href":"https:\/\/nailknowledge.org\/es\/wp-json\/wp\/v2\/media?parent=32604"}],"curies":[{"name":"wp","href":"https:\/\/api.w.org\/{rel}","templated":true}]}}