{"id":33039,"date":"2021-01-21T15:18:42","date_gmt":"2021-01-21T15:18:42","guid":{"rendered":"https:\/\/nailknowledge.org\/?page_id=33039"},"modified":"2026-03-11T15:07:35","modified_gmt":"2026-03-11T15:07:35","slug":"preguntas-mas-frecuentes","status":"publish","type":"page","link":"https:\/\/nailknowledge.org\/es\/frequently-asked-questions","title":{"rendered":"Preguntas frecuentes"},"content":{"rendered":"<div class=\"wp-block-group alignfull has-dark-purple-background-color has-text-color has-background has-link-color wp-elements-db8a7e2d9f72b3d39a7e9b1d074380a8\" style=\"color:#ffffff\"><div class=\"wp-block-group__inner-container is-layout-constrained wp-block-group-is-layout-constrained\">\n<div style=\"height:40px\" aria-hidden=\"true\" class=\"wp-block-spacer\"><\/div>\n\n\n\n<div class=\"wp-block-group container-max-width-1200 mx-auto\"><div class=\"wp-block-group__inner-container is-layout-constrained wp-block-group-is-layout-constrained\">\n<h1 class=\"wp-block-heading has-text-align-center\">Preguntas frecuentes<\/h1>\n\n\n\n<h3 class=\"wp-block-heading has-text-align-center\">Here are answers to the most commonly asked questions about our course.<\/h3>\n<\/div><\/div>\n\n\n\n<div style=\"height:40px\" aria-hidden=\"true\" class=\"wp-block-spacer\"><\/div>\n<\/div><\/div>\n\n\n\n<div style=\"height:40px\" aria-hidden=\"true\" class=\"wp-block-spacer\"><\/div>\n\n\n\n<div class=\"wp-block-group container-max-width-1200\"><div class=\"wp-block-group__inner-container is-layout-constrained wp-block-group-is-layout-constrained\">\n<h2 class=\"wp-block-heading\">\u00bfCu\u00e1nto tiempo puedo ver el curso NailKnowledge?<\/h2>\n\n\n\n<p>Tienes acceso de por vida al curso y puedes volver a \u00e9l tantas veces como quieras.<\/p>\n\n\n\n<h2 class=\"wp-block-heading\">\u00bfEst\u00e1 acreditado este curso?<\/h2>\n\n\n\n<p>No.<br>Los cursos regulados y no regulados (acreditados) son Cualificaciones. NailKnowledge es un SOPORTE o recurso de aprendizaje para una cualificaci\u00f3n. Se trata de conocimiento y comprensi\u00f3n y no incluye ninguna pr\u00e1ctica ni aplicaci\u00f3n.<br>habilidades necesarias para cualquier cualificaci\u00f3n en el sector profesional de las u\u00f1as.<br>NailKnowledge expide su propio diploma, en el que se indica claramente lo que se ha conseguido. Los temas tratados por NailKnowledge siguen de cerca los Est\u00e1ndares Ocupacionales Nacionales, si no mucho m\u00e1s. No hay ninguna raz\u00f3n por la que la garant\u00eda de calidad de las cualificaciones reguladas y no reguladas no acepte el Diploma NK como prueba del conocimiento requerido de estos temas.<\/p>\n\n\n\n<h2 class=\"wp-block-heading\">\u00bfCu\u00e1l es la mejor manera de aprender de NailKnowledge<\/h2>\n\n\n\n<p>El curso est\u00e1 dise\u00f1ado para abordar todos los estilos de aprendizaje: la palabra escrita, el trabajo oral y animaciones para dar vida a los temas. Le sugerimos que NO lo recorra lo m\u00e1s r\u00e1pidamente posible.  Esto no es aprovecharlo al m\u00e1ximo. T\u00f3matelo con calma y toma notas, dibuja diagramas y no sigas adelante hasta que creas que has comprendido bien el tema tratado. Los Puntos de Conocimiento y las Comprobaciones de Conocimientos te ayudar\u00e1n en esta tarea.<br>Puede repasar las lecciones y los segmentos tantas veces como desee. Le sugerimos que vuelva a realizar el curso completo al cabo de un par de meses para asegurarse de que ha asimilado bien los conocimientos.<\/p>\n\n\n\n<h2 class=\"wp-block-heading\">Duraci\u00f3n del curso<\/h2>\n\n\n\n<p>Hay 3 clases magistrales, cada una con 5 \u00f3 6 lecciones, 16 en total. Las lecciones son de 10 minutos a m\u00e1s de 30 minutos. Depende del tiempo que quieras dedicar al aprendizaje.<br>Hay m\u00e1s de 5 horas de v\u00eddeo para disfrutar, pero hay muchos puntos de conocimiento y comprobaciones de conocimientos que superar antes de poder avanzar.<br>Le recomendamos que se tome su tiempo y vea las Lecciones un par de veces para aprovechar al m\u00e1ximo el Curso.<\/p>\n\n\n\n<h2 class=\"wp-block-heading\">\u00bfQu\u00e9 ocurre si pierdo alguna de las lecciones?<\/h2>\n\n\n\n<p>En la parte inferior de cada segmento hay una barra de desplazamiento. Esto le permite avanzar y retroceder en cada segmento. Sin embargo, no le permitir\u00e1 desplazarse m\u00e1s all\u00e1 de los Puntos de Conocimiento ni de la Comprobaci\u00f3n de Conocimientos si a\u00fan no la ha superado.<\/p>\n\n\n\n<h2 class=\"wp-block-heading\">\u00bfQu\u00e9 son los puntos de conocimiento?<\/h2>\n\n\n\n<p>Se trata de breves controles de aprendizaje interactivos relacionados con el segmento que acaba de ver. Deben superarse con un porcentaje de aprobados del 100% para poder pasar al siguiente segmento.<\/p>\n\n\n\n<h2 class=\"wp-block-heading\">\u00bfQu\u00e9 ocurre si no apruebo el Punto de Conocimiento?<\/h2>\n\n\n\n<p>Tienes 2 intentos en el punto de conocimiento. Si fallas los dos, volver\u00e1s al principio del segmento para aprenderlo de nuevo.<\/p>\n\n\n\n<h2 class=\"wp-block-heading\">\u00bfQu\u00e9 son las comprobaciones de conocimientos?<\/h2>\n\n\n\n<p>Se trata de un test de 5 preguntas al final de cada Lecci\u00f3n. Se marcan como \"correctas\" o \"incorrectas\" a medida que se responden. Debe superarse con 100% antes de pasar a la siguiente lecci\u00f3n o Masterclass.<\/p>\n\n\n\n<h2 class=\"wp-block-heading\">\u00bfQu\u00e9 ocurre si no apruebo el control de conocimientos?<\/h2>\n\n\n\n<p>Puedes intentarlo tantas veces como necesites.<\/p>\n\n\n\n<h2 class=\"wp-block-heading\">\u00bfQu\u00e9 es el examen para la obtenci\u00f3n del diploma?<\/h2>\n\n\n\n<p>Se trata de un examen de 30 preguntas sobre cada una de las clases magistrales. Para aprobarlo es necesario alcanzar el 80%. Se elaborar\u00e1 una tabla en la que se le informar\u00e1 de sus resultados en cada tema.<\/p>\n\n\n\n<h2 class=\"wp-block-heading\">\u00bfQu\u00e9 ocurre si suspendo el examen para la obtenci\u00f3n del diploma?<\/h2>\n\n\n\n<p>Se le ofrecer\u00e1 otro intento y la tabla elaborada le mostrar\u00e1 en qu\u00e9 \u00e1reas ha fallado. Le sugerimos que repase las lecciones espec\u00edficas para asegurarse de que comprende el tema. Si suspende en el segundo intento, no podr\u00e1 volver a examinarse durante 2 semanas, as\u00ed que aproveche ese tiempo para retomar el curso.<\/p>\n\n\n\n<h2 class=\"wp-block-heading\">\u00bfQu\u00e9 ocurre cuando apruebo el examen para la obtenci\u00f3n del diploma?<\/h2>\n\n\n\n<p>Se generar\u00e1 su certificado de diploma que podr\u00e1 descargar e imprimir.<\/p>\n\n\n\n<h2 class=\"wp-block-heading\">\u00bfPuedo seguir el curso en mi tel\u00e9fono o tableta?<\/h2>\n\n\n\n<p>S\u00ed, pero le sugerimos que utilice una tableta u ordenador y la funci\u00f3n \"pantalla completa\" para obtener la mejor experiencia de aprendizaje.<\/p>\n\n\n\n<h2 class=\"wp-block-heading\">El programa no se ejecuta correctamente y sigue saltando.<\/h2>\n\n\n\n<p>Este programa se ve mejor utilizando el navegador Chrome. Si todav\u00eda no funciona correctamente, le sugerimos que borre la memoria cach\u00e9, ya que puede estar causando un problema.  Hay instrucciones m\u00e1s detalladas&nbsp;<a href=\"https:\/\/nailknowledge.org\/es\/base-de-conocimientos-sobre-unas\/?top-category=support\" target=\"_blank\" rel=\"noopener\">aqu\u00ed<\/a>&nbsp;para ayudarle con este asunto.<\/p>\n\n\n\n<h2 class=\"wp-block-heading\">\u00bfPuedo enviar este curso a un amigo?<\/h2>\n\n\n\n<p>No, no puedes. Se trata de un \u00fanico usuario. El sistema detectar\u00e1 que hay otro usuario conectado, no podr\u00e1 hacer uso de todas las comprobaciones de conocimientos ni conseguir su propio Diploma.<\/p>\n\n\n\n<h2 class=\"wp-block-heading\">\u00bfQu\u00e9 pasa si me quedo atascado durante el programa?<\/h2>\n\n\n\n<p>Si formas parte de un grupo de estudiantes con un Educador ponte en contacto con \u00e9l y te ayudar\u00e1. O, si eres un usuario individual hay un bot\u00f3n de contacto para pedir ayuda. Alguien de NailKnowledge podr\u00e1 ayudarte.<\/p>\n\n\n\n<h2 class=\"wp-block-heading\">Dificultades de aprendizaje<\/h2>\n\n\n\n<p>Si un estudiante de NailKnowledge no tiene el apoyo de su Educador personal, NailKnowledge proporcionar\u00e1 ayuda y asistencia espec\u00edfica para aquellos con dificultades de aprendizaje. P\u00f3ngase en contacto con nosotros a trav\u00e9s del enlace de correo electr\u00f3nico en el sitio web.<\/p>\n<\/div><\/div>","protected":false},"excerpt":{"rendered":"<p>Frequently Asked Questions Here are answers to the most commonly asked questions about our course. How long can I see the NailKnowledge course? You have a lifetime access to the course and can revisit it as often as you like. Is this course accredited? No.Regulated and unregulated (accredited) courses are Qualifications. NailKnowledge is a SUPPORT [&hellip;]<\/p>\n","protected":false},"author":35,"featured_media":0,"parent":0,"menu_order":0,"comment_status":"closed","ping_status":"closed","template":"","meta":{"_yoast_wpseo_focuskw":"","_yoast_wpseo_metadesc":"","_genesis_hide_title":false,"_genesis_hide_breadcrumbs":false,"_genesis_hide_singular_image":false,"_genesis_hide_footer_widgets":false,"_genesis_custom_body_class":"","_genesis_custom_post_class":"","_genesis_layout":"","footnotes":""},"class_list":{"0":"post-33039","1":"page","2":"type-page","3":"status-publish","5":"entry"},"yoast_head":"<!-- This site is optimized with the Yoast SEO plugin v27.4 - https:\/\/yoast.com\/product\/yoast-seo-wordpress\/ -->\n<title>Frequently Asked Questions - NailKnowledge<\/title>\n<meta name=\"robots\" content=\"index, follow, max-snippet:-1, max-image-preview:large, max-video-preview:-1\" \/>\n<link rel=\"canonical\" href=\"https:\/\/nailknowledge.org\/es\/preguntas-mas-frecuentes\/\" \/>\n<meta property=\"og:locale\" content=\"es_ES\" \/>\n<meta property=\"og:type\" content=\"article\" \/>\n<meta property=\"og:title\" content=\"Frequently Asked Questions - NailKnowledge\" \/>\n<meta property=\"og:description\" content=\"Frequently Asked Questions Here are answers to the most commonly asked questions about our course. How long can I see the NailKnowledge course? You have a lifetime access to the course and can revisit it as often as you like. Is this course accredited? No.Regulated and unregulated (accredited) courses are Qualifications. NailKnowledge is a SUPPORT [&hellip;]\" \/>\n<meta property=\"og:url\" content=\"https:\/\/nailknowledge.org\/es\/preguntas-mas-frecuentes\/\" \/>\n<meta property=\"og:site_name\" content=\"NailKnowledge\" \/>\n<meta property=\"article:modified_time\" content=\"2026-03-11T15:07:35+00:00\" \/>\n<meta name=\"twitter:card\" content=\"summary_large_image\" \/>\n<meta name=\"twitter:label1\" content=\"Tiempo de lectura\" \/>\n\t<meta name=\"twitter:data1\" content=\"4 minutos\" \/>\n<script type=\"application\/ld+json\" class=\"yoast-schema-graph\">{\"@context\":\"https:\\\/\\\/schema.org\",\"@graph\":[{\"@type\":\"WebPage\",\"@id\":\"https:\\\/\\\/nailknowledge.org\\\/frequently-asked-questions\",\"url\":\"https:\\\/\\\/nailknowledge.org\\\/frequently-asked-questions\",\"name\":\"Frequently Asked Questions - NailKnowledge\",\"isPartOf\":{\"@id\":\"https:\\\/\\\/new.nailknowledge.org\\\/#website\"},\"datePublished\":\"2021-01-21T15:18:42+00:00\",\"dateModified\":\"2026-03-11T15:07:35+00:00\",\"breadcrumb\":{\"@id\":\"https:\\\/\\\/nailknowledge.org\\\/frequently-asked-questions#breadcrumb\"},\"inLanguage\":\"es\",\"potentialAction\":[{\"@type\":\"ReadAction\",\"target\":[\"https:\\\/\\\/nailknowledge.org\\\/frequently-asked-questions\"]}]},{\"@type\":\"BreadcrumbList\",\"@id\":\"https:\\\/\\\/nailknowledge.org\\\/frequently-asked-questions#breadcrumb\",\"itemListElement\":[{\"@type\":\"ListItem\",\"position\":1,\"name\":\"Home\",\"item\":\"https:\\\/\\\/nailknowledge.org\\\/\"},{\"@type\":\"ListItem\",\"position\":2,\"name\":\"Frequently Asked Questions\"}]},{\"@type\":\"WebSite\",\"@id\":\"https:\\\/\\\/new.nailknowledge.org\\\/#website\",\"url\":\"https:\\\/\\\/new.nailknowledge.org\\\/\",\"name\":\"NailKnowledge\",\"description\":\"\",\"publisher\":{\"@id\":\"https:\\\/\\\/new.nailknowledge.org\\\/#organization\"},\"potentialAction\":[{\"@type\":\"SearchAction\",\"target\":{\"@type\":\"EntryPoint\",\"urlTemplate\":\"https:\\\/\\\/new.nailknowledge.org\\\/?s={search_term_string}\"},\"query-input\":{\"@type\":\"PropertyValueSpecification\",\"valueRequired\":true,\"valueName\":\"search_term_string\"}}],\"inLanguage\":\"es\"},{\"@type\":\"Organization\",\"@id\":\"https:\\\/\\\/new.nailknowledge.org\\\/#organization\",\"name\":\"NailKnowledge\",\"url\":\"https:\\\/\\\/new.nailknowledge.org\\\/\",\"logo\":{\"@type\":\"ImageObject\",\"inLanguage\":\"es\",\"@id\":\"https:\\\/\\\/new.nailknowledge.org\\\/#\\\/schema\\\/logo\\\/image\\\/\",\"url\":\"https:\\\/\\\/nailknowledge.org\\\/wp-content\\\/uploads\\\/2026\\\/03\\\/KN-Logo-1.webp\",\"contentUrl\":\"https:\\\/\\\/nailknowledge.org\\\/wp-content\\\/uploads\\\/2026\\\/03\\\/KN-Logo-1.webp\",\"width\":542,\"height\":100,\"caption\":\"NailKnowledge\"},\"image\":{\"@id\":\"https:\\\/\\\/new.nailknowledge.org\\\/#\\\/schema\\\/logo\\\/image\\\/\"}}]}<\/script>\n<!-- \/ Yoast SEO plugin. -->","yoast_head_json":{"title":"Preguntas frecuentes - NailKnowledge","robots":{"index":"index","follow":"follow","max-snippet":"max-snippet:-1","max-image-preview":"max-image-preview:large","max-video-preview":"max-video-preview:-1"},"canonical":"https:\/\/nailknowledge.org\/es\/preguntas-mas-frecuentes\/","og_locale":"es_ES","og_type":"article","og_title":"Frequently Asked Questions - NailKnowledge","og_description":"Frequently Asked Questions Here are answers to the most commonly asked questions about our course. How long can I see the NailKnowledge course? You have a lifetime access to the course and can revisit it as often as you like. Is this course accredited? No.Regulated and unregulated (accredited) courses are Qualifications. NailKnowledge is a SUPPORT [&hellip;]","og_url":"https:\/\/nailknowledge.org\/es\/preguntas-mas-frecuentes\/","og_site_name":"NailKnowledge","article_modified_time":"2026-03-11T15:07:35+00:00","twitter_card":"summary_large_image","twitter_misc":{"Tiempo de lectura":"4 minutos"},"schema":{"@context":"https:\/\/schema.org","@graph":[{"@type":"WebPage","@id":"https:\/\/nailknowledge.org\/frequently-asked-questions","url":"https:\/\/nailknowledge.org\/frequently-asked-questions","name":"Preguntas frecuentes - NailKnowledge","isPartOf":{"@id":"https:\/\/new.nailknowledge.org\/#website"},"datePublished":"2021-01-21T15:18:42+00:00","dateModified":"2026-03-11T15:07:35+00:00","breadcrumb":{"@id":"https:\/\/nailknowledge.org\/frequently-asked-questions#breadcrumb"},"inLanguage":"es","potentialAction":[{"@type":"ReadAction","target":["https:\/\/nailknowledge.org\/frequently-asked-questions"]}]},{"@type":"BreadcrumbList","@id":"https:\/\/nailknowledge.org\/frequently-asked-questions#breadcrumb","itemListElement":[{"@type":"ListItem","position":1,"name":"Home","item":"https:\/\/nailknowledge.org\/"},{"@type":"ListItem","position":2,"name":"Frequently Asked Questions"}]},{"@type":"WebSite","@id":"https:\/\/new.nailknowledge.org\/#website","url":"https:\/\/new.nailknowledge.org\/","name":"Conocimientos de u\u00f1as","description":"","publisher":{"@id":"https:\/\/new.nailknowledge.org\/#organization"},"potentialAction":[{"@type":"SearchAction","target":{"@type":"EntryPoint","urlTemplate":"https:\/\/new.nailknowledge.org\/?s={search_term_string}"},"query-input":{"@type":"PropertyValueSpecification","valueRequired":true,"valueName":"search_term_string"}}],"inLanguage":"es"},{"@type":"Organization","@id":"https:\/\/new.nailknowledge.org\/#organization","name":"Conocimientos de u\u00f1as","url":"https:\/\/new.nailknowledge.org\/","logo":{"@type":"ImageObject","inLanguage":"es","@id":"https:\/\/new.nailknowledge.org\/#\/schema\/logo\/image\/","url":"https:\/\/nailknowledge.org\/wp-content\/uploads\/2026\/03\/KN-Logo-1.webp","contentUrl":"https:\/\/nailknowledge.org\/wp-content\/uploads\/2026\/03\/KN-Logo-1.webp","width":542,"height":100,"caption":"NailKnowledge"},"image":{"@id":"https:\/\/new.nailknowledge.org\/#\/schema\/logo\/image\/"}}]}},"_links":{"self":[{"href":"https:\/\/nailknowledge.org\/es\/wp-json\/wp\/v2\/pages\/33039","targetHints":{"allow":["GET"]}}],"collection":[{"href":"https:\/\/nailknowledge.org\/es\/wp-json\/wp\/v2\/pages"}],"about":[{"href":"https:\/\/nailknowledge.org\/es\/wp-json\/wp\/v2\/types\/page"}],"author":[{"embeddable":true,"href":"https:\/\/nailknowledge.org\/es\/wp-json\/wp\/v2\/users\/35"}],"replies":[{"embeddable":true,"href":"https:\/\/nailknowledge.org\/es\/wp-json\/wp\/v2\/comments?post=33039"}],"version-history":[{"count":5,"href":"https:\/\/nailknowledge.org\/es\/wp-json\/wp\/v2\/pages\/33039\/revisions"}],"predecessor-version":[{"id":164191,"href":"https:\/\/nailknowledge.org\/es\/wp-json\/wp\/v2\/pages\/33039\/revisions\/164191"}],"wp:attachment":[{"href":"https:\/\/nailknowledge.org\/es\/wp-json\/wp\/v2\/media?parent=33039"}],"curies":[{"name":"wp","href":"https:\/\/api.w.org\/{rel}","templated":true}]}}