{"id":36417,"date":"2021-05-26T15:05:15","date_gmt":"2021-05-26T15:05:15","guid":{"rendered":"https:\/\/nailknowledge.org\/?page_id=36417"},"modified":"2024-01-23T18:43:51","modified_gmt":"2024-01-23T18:43:51","slug":"tracy-anne-shelverton","status":"publish","type":"page","link":"https:\/\/nailknowledge.org\/es\/tracy-anne-shelverton","title":{"rendered":"Tracy Anne Shelverton"},"content":{"rendered":"<div style=\"height:39px\" aria-hidden=\"true\" class=\"wp-block-spacer\"><\/div>\n\n\n\n<h1 class=\"wp-block-heading has-text-align-center\">Tracy Anne Shelverton<\/h1>\n\n\n\n<h3 class=\"wp-block-heading has-text-align-center\">Especialista en el cuidado de la salud de las manos, columnista y educadora<\/h3>\n\n\n\n<div style=\"height:39px\" aria-hidden=\"true\" class=\"wp-block-spacer\"><\/div>\n\n\n\n<div class=\"wp-block-group\"><div class=\"wp-block-group__inner-container is-layout-constrained wp-block-group-is-layout-constrained\">\n<div class=\"wp-block-group mx-auto container-max-width-1200\"><div class=\"wp-block-group__inner-container is-layout-constrained wp-block-group-is-layout-constrained\"><div class=\"wp-block-image\">\n<figure class=\"alignleft size-large is-resized\"><img loading=\"eager\" fetchpriority=\"high\" decoding=\"async\" width=\"819\" height=\"1024\" src=\"https:\/\/nailknowledge.org\/wp-content\/uploads\/2021\/05\/tracy-anne-shelverton-819x1024.jpg\" alt=\"Tracy Anne Shelverton\" class=\"wp-image-36419\" style=\"width:503px;height:auto\" srcset=\"https:\/\/nailknowledge.org\/wp-content\/uploads\/2021\/05\/tracy-anne-shelverton-819x1024.jpg 819w, https:\/\/nailknowledge.org\/wp-content\/uploads\/2021\/05\/tracy-anne-shelverton-600x750.jpg 600w, https:\/\/nailknowledge.org\/wp-content\/uploads\/2021\/05\/tracy-anne-shelverton-240x300.jpg 240w, https:\/\/nailknowledge.org\/wp-content\/uploads\/2021\/05\/tracy-anne-shelverton-768x960.jpg 768w, https:\/\/nailknowledge.org\/wp-content\/uploads\/2021\/05\/tracy-anne-shelverton.jpg 1175w\" sizes=\"auto, (max-width: 819px) 100vw, 819px\" \/><\/figure>\n<\/div>\n\n\n<p>Tracy es especialista en el cuidado de la mano*** y est\u00e1 especializada en la anatom\u00eda y patolog\u00eda de las manos y la unidad ungueal.<\/p>\n\n\n\n<p>Tracy es profesora de Oncology Hand Care y OHV'r registrada en IKNL y Kanker.nl<\/p>\n\n\n\n<p>Columnista de la revista Nail Design Magazine en los Pa\u00edses Bajos, B\u00e9lgica, Francia y Dinamarca.<\/p>\n\n\n\n<p>Propietaria de Gorge Natural Nail Academy.<\/p>\n\n\n\n<p>Desarrollador de herramientas y limas destinadas exclusivamente a la u\u00f1a natural.<\/p>\n\n\n\n<p>Importador orgulloso de productos Famous Names en el Benelux.<\/p>\n\n\n\n<p>Juez Internacional INJA.<\/p>\n\n\n\n<p>Doug Schoon dijo: \"En mi opini\u00f3n, Tracy Anne Shelverton es una de las principales educadoras de u\u00f1as del mundo actual, posee un rasgo importante que todos los educadores deber\u00edan aspirar a alcanzar. NO se trata de tener raz\u00f3n, sino de acertar\".<\/p>\n\n\n\n<p>***En el Benelux, un especialista sanitario es alguien que observa que faltan cuidados o que \u00e9stos no est\u00e1n normalizados en el caso de una enfermedad, proporcionando y\/o dise\u00f1ando cuidados de manos adecuados e implant\u00e1ndolos en el sistema sanitario.<\/p>\n<\/div><\/div>\n<\/div><\/div>\n\n\n\n<div style=\"height:39px\" aria-hidden=\"true\" class=\"wp-block-spacer\"><\/div>\n\n\n\n<div class=\"wp-block-group mb-0 has-background\" style=\"background-color:#efefef\"><div class=\"wp-block-group__inner-container is-layout-constrained wp-block-group-is-layout-constrained\">\n<div style=\"height:39px\" aria-hidden=\"true\" class=\"wp-block-spacer\"><\/div>\n\n\n\n<div class=\"wp-block-columns mx-auto container-max-width-1200 py-2 is-layout-flex wp-container-core-columns-is-layout-9d6595d7 wp-block-columns-is-layout-flex\">\n<div class=\"wp-block-column is-layout-flow wp-block-column-is-layout-flow\">\n<h2 class=\"wp-block-heading\">Nuestros expertos escribieron literalmente los mejores libros sobre u\u00f1as<\/h2>\n\n\n\n<p>Nuestros expertos de todo el mundo, con m\u00e1s de 100 a\u00f1os de experiencia combinada, son las principales autoridades del sector asociadas a NailKnowledge. Juntos, han influido significativamente en la industria de la belleza a lo largo de sus extensas carreras. Sus contribuciones incluyen la autor\u00eda de numerosos libros, la creaci\u00f3n de programas de formaci\u00f3n de v\u00eddeo y audio, y la producci\u00f3n de docenas de art\u00edculos de revistas centradas en los productos de sal\u00f3n, la seguridad y las pr\u00e1cticas \u00f3ptimas para los profesionales del sal\u00f3n.<\/p>\n\n\n\n<p><\/p>\n\n\n\n<p>TODO lo que necesitas saber para convertirte en un aut\u00e9ntico maestro de las u\u00f1as. <\/p>\n\n\n\n<div class=\"wp-block-buttons is-layout-flex wp-block-buttons-is-layout-flex\">\n<div class=\"wp-block-button has-custom-width wp-block-button__width-100 has-custom-font-size\" style=\"font-size:24px\"><a class=\"wp-block-button__link has-background wp-element-button\" href=\"https:\/\/nailknowledge.org\/es\/tienda\/\" style=\"border-radius:10px;background:linear-gradient(320deg,rgb(4,130,180) 0%,rgb(4,86,180) 98%)\">Revise nuestros eBooks<\/a><\/div>\n<\/div>\n<\/div>\n\n\n\n<div class=\"wp-block-column is-layout-flow wp-block-column-is-layout-flow\">\n<figure class=\"wp-block-image size-full\"><a href=\"https:\/\/nailknowledge.org\/es\/tienda\/\"><img loading=\"lazy\" decoding=\"async\" width=\"1000\" height=\"1000\" src=\"https:\/\/nailknowledge.org\/wp-content\/uploads\/2023\/11\/Doug-Schoon-Face-to-Face.jpg\" alt=\"\" class=\"wp-image-94669\" srcset=\"https:\/\/nailknowledge.org\/wp-content\/uploads\/2023\/11\/Doug-Schoon-Face-to-Face.jpg 1000w, https:\/\/nailknowledge.org\/wp-content\/uploads\/2023\/11\/Doug-Schoon-Face-to-Face-300x300.jpg 300w, https:\/\/nailknowledge.org\/wp-content\/uploads\/2023\/11\/Doug-Schoon-Face-to-Face-180x180.jpg 180w, https:\/\/nailknowledge.org\/wp-content\/uploads\/2023\/11\/Doug-Schoon-Face-to-Face-600x600.jpg 600w, https:\/\/nailknowledge.org\/wp-content\/uploads\/2023\/11\/Doug-Schoon-Face-to-Face-150x150.jpg 150w, https:\/\/nailknowledge.org\/wp-content\/uploads\/2023\/11\/Doug-Schoon-Face-to-Face-768x768.jpg 768w, https:\/\/nailknowledge.org\/wp-content\/uploads\/2023\/11\/Doug-Schoon-Face-to-Face-12x12.jpg 12w\" sizes=\"auto, (max-width: 1000px) 100vw, 1000px\" \/><\/a><\/figure>\n<\/div>\n<\/div>\n\n\n<div class=\"wp-block-image\">\n<figure class=\"aligncenter size-large\"><img loading=\"lazy\" decoding=\"async\" width=\"1024\" height=\"360\" src=\"https:\/\/nailknowledge.org\/wp-content\/uploads\/2021\/01\/ask-the-experts-rectangle-1024x360.png\" alt=\"\" class=\"wp-image-73558\" srcset=\"https:\/\/nailknowledge.org\/wp-content\/uploads\/2021\/01\/ask-the-experts-rectangle-1024x360.png 1024w, https:\/\/nailknowledge.org\/wp-content\/uploads\/2021\/01\/ask-the-experts-rectangle-600x211.png 600w, https:\/\/nailknowledge.org\/wp-content\/uploads\/2021\/01\/ask-the-experts-rectangle-300x106.png 300w, https:\/\/nailknowledge.org\/wp-content\/uploads\/2021\/01\/ask-the-experts-rectangle-768x270.png 768w, https:\/\/nailknowledge.org\/wp-content\/uploads\/2021\/01\/ask-the-experts-rectangle-1536x540.png 1536w, https:\/\/nailknowledge.org\/wp-content\/uploads\/2021\/01\/ask-the-experts-rectangle.png 1541w\" sizes=\"auto, (max-width: 1024px) 100vw, 1024px\" \/><\/figure>\n<\/div>\n\n\n<div style=\"height:39px\" aria-hidden=\"true\" class=\"wp-block-spacer\"><\/div>\n<\/div><\/div>","protected":false},"excerpt":{"rendered":"<p>Tracy Anne Shelverton Hand Health Care Specialist, Columnist and Educator Tracy is a hand healthcare specialist*** specialized in the anatomy and pathology of the hands and nail unit. Tracy is a teacher for Oncology Hand Care and registered OHV\u2019r at IKNL and Kanker.nl Columnist for Nail Design Magazine in The Netherlands, Belgium, France and Denmark. [&hellip;]<\/p>\n","protected":false},"author":2,"featured_media":0,"parent":0,"menu_order":0,"comment_status":"closed","ping_status":"closed","template":"","meta":{"_genesis_hide_title":false,"_genesis_hide_breadcrumbs":false,"_genesis_hide_singular_image":false,"_genesis_hide_footer_widgets":false,"_genesis_custom_body_class":"","_genesis_custom_post_class":"","_genesis_layout":"","footnotes":""},"class_list":{"0":"post-36417","1":"page","2":"type-page","3":"status-publish","5":"entry"},"yoast_head":"<!-- This site is optimized with the Yoast SEO plugin v27.3 - https:\/\/yoast.com\/product\/yoast-seo-wordpress\/ -->\n<title>Tracy Anne Shelverton - NailKnowledge<\/title>\n<meta name=\"robots\" content=\"index, follow, max-snippet:-1, max-image-preview:large, max-video-preview:-1\" \/>\n<link rel=\"canonical\" href=\"https:\/\/nailknowledge.org\/es\/tracy-anne-shelverton\/\" \/>\n<meta property=\"og:locale\" content=\"es_ES\" \/>\n<meta property=\"og:type\" content=\"article\" \/>\n<meta property=\"og:title\" content=\"Tracy Anne Shelverton - NailKnowledge\" \/>\n<meta property=\"og:description\" content=\"Tracy Anne Shelverton Hand Health Care Specialist, Columnist and Educator Tracy is a hand healthcare specialist*** specialized in the anatomy and pathology of the hands and nail unit. Tracy is a teacher for Oncology Hand Care and registered OHV\u2019r at IKNL and Kanker.nl Columnist for Nail Design Magazine in The Netherlands, Belgium, France and Denmark. [&hellip;]\" \/>\n<meta property=\"og:url\" content=\"https:\/\/nailknowledge.org\/es\/tracy-anne-shelverton\/\" \/>\n<meta property=\"og:site_name\" content=\"NailKnowledge\" \/>\n<meta property=\"article:modified_time\" content=\"2024-01-23T18:43:51+00:00\" \/>\n<meta property=\"og:image\" content=\"https:\/\/nailknowledge.org\/wp-content\/uploads\/2023\/03\/image002.jpg\" \/>\n\t<meta property=\"og:image:width\" content=\"545\" \/>\n\t<meta property=\"og:image:height\" content=\"295\" \/>\n\t<meta property=\"og:image:type\" content=\"image\/jpeg\" \/>\n<meta name=\"twitter:card\" content=\"summary_large_image\" \/>\n<meta name=\"twitter:label1\" content=\"Tiempo de lectura\" \/>\n\t<meta name=\"twitter:data1\" content=\"2 minutos\" \/>\n<script type=\"application\/ld+json\" class=\"yoast-schema-graph\">{\"@context\":\"https:\\\/\\\/schema.org\",\"@graph\":[{\"@type\":\"WebPage\",\"@id\":\"https:\\\/\\\/nailknowledge.org\\\/tracy-anne-shelverton\",\"url\":\"https:\\\/\\\/nailknowledge.org\\\/tracy-anne-shelverton\",\"name\":\"Tracy Anne Shelverton - NailKnowledge\",\"isPartOf\":{\"@id\":\"https:\\\/\\\/new.nailknowledge.org\\\/#website\"},\"primaryImageOfPage\":{\"@id\":\"https:\\\/\\\/nailknowledge.org\\\/tracy-anne-shelverton#primaryimage\"},\"image\":{\"@id\":\"https:\\\/\\\/nailknowledge.org\\\/tracy-anne-shelverton#primaryimage\"},\"thumbnailUrl\":\"https:\\\/\\\/nailknowledge.org\\\/wp-content\\\/uploads\\\/2021\\\/05\\\/tracy-anne-shelverton-819x1024.jpg\",\"datePublished\":\"2021-05-26T15:05:15+00:00\",\"dateModified\":\"2024-01-23T18:43:51+00:00\",\"breadcrumb\":{\"@id\":\"https:\\\/\\\/nailknowledge.org\\\/tracy-anne-shelverton#breadcrumb\"},\"inLanguage\":\"es\",\"potentialAction\":[{\"@type\":\"ReadAction\",\"target\":[\"https:\\\/\\\/nailknowledge.org\\\/tracy-anne-shelverton\"]}]},{\"@type\":\"ImageObject\",\"inLanguage\":\"es\",\"@id\":\"https:\\\/\\\/nailknowledge.org\\\/tracy-anne-shelverton#primaryimage\",\"url\":\"https:\\\/\\\/nailknowledge.org\\\/wp-content\\\/uploads\\\/2021\\\/05\\\/tracy-anne-shelverton-819x1024.jpg\",\"contentUrl\":\"https:\\\/\\\/nailknowledge.org\\\/wp-content\\\/uploads\\\/2021\\\/05\\\/tracy-anne-shelverton-819x1024.jpg\"},{\"@type\":\"BreadcrumbList\",\"@id\":\"https:\\\/\\\/nailknowledge.org\\\/tracy-anne-shelverton#breadcrumb\",\"itemListElement\":[{\"@type\":\"ListItem\",\"position\":1,\"name\":\"Home\",\"item\":\"https:\\\/\\\/nailknowledge.org\\\/\"},{\"@type\":\"ListItem\",\"position\":2,\"name\":\"Tracy Anne Shelverton\"}]},{\"@type\":\"WebSite\",\"@id\":\"https:\\\/\\\/new.nailknowledge.org\\\/#website\",\"url\":\"https:\\\/\\\/new.nailknowledge.org\\\/\",\"name\":\"NailKnowledge\",\"description\":\"\",\"publisher\":{\"@id\":\"https:\\\/\\\/new.nailknowledge.org\\\/#organization\"},\"potentialAction\":[{\"@type\":\"SearchAction\",\"target\":{\"@type\":\"EntryPoint\",\"urlTemplate\":\"https:\\\/\\\/new.nailknowledge.org\\\/?s={search_term_string}\"},\"query-input\":{\"@type\":\"PropertyValueSpecification\",\"valueRequired\":true,\"valueName\":\"search_term_string\"}}],\"inLanguage\":\"es\"},{\"@type\":\"Organization\",\"@id\":\"https:\\\/\\\/new.nailknowledge.org\\\/#organization\",\"name\":\"NailKnowledge\",\"url\":\"https:\\\/\\\/new.nailknowledge.org\\\/\",\"logo\":{\"@type\":\"ImageObject\",\"inLanguage\":\"es\",\"@id\":\"https:\\\/\\\/new.nailknowledge.org\\\/#\\\/schema\\\/logo\\\/image\\\/\",\"url\":\"https:\\\/\\\/nailknowledge.org\\\/wp-content\\\/uploads\\\/2026\\\/03\\\/KN-Logo-1.webp\",\"contentUrl\":\"https:\\\/\\\/nailknowledge.org\\\/wp-content\\\/uploads\\\/2026\\\/03\\\/KN-Logo-1.webp\",\"width\":542,\"height\":100,\"caption\":\"NailKnowledge\"},\"image\":{\"@id\":\"https:\\\/\\\/new.nailknowledge.org\\\/#\\\/schema\\\/logo\\\/image\\\/\"}}]}<\/script>\n<!-- \/ Yoast SEO plugin. -->","yoast_head_json":{"title":"Tracy Anne Shelverton - Conocimientos de u\u00f1as","robots":{"index":"index","follow":"follow","max-snippet":"max-snippet:-1","max-image-preview":"max-image-preview:large","max-video-preview":"max-video-preview:-1"},"canonical":"https:\/\/nailknowledge.org\/es\/tracy-anne-shelverton\/","og_locale":"es_ES","og_type":"article","og_title":"Tracy Anne Shelverton - NailKnowledge","og_description":"Tracy Anne Shelverton Hand Health Care Specialist, Columnist and Educator Tracy is a hand healthcare specialist*** specialized in the anatomy and pathology of the hands and nail unit. Tracy is a teacher for Oncology Hand Care and registered OHV\u2019r at IKNL and Kanker.nl Columnist for Nail Design Magazine in The Netherlands, Belgium, France and Denmark. [&hellip;]","og_url":"https:\/\/nailknowledge.org\/es\/tracy-anne-shelverton\/","og_site_name":"NailKnowledge","article_modified_time":"2024-01-23T18:43:51+00:00","og_image":[{"width":545,"height":295,"url":"https:\/\/nailknowledge.org\/wp-content\/uploads\/2023\/03\/image002.jpg","type":"image\/jpeg"}],"twitter_card":"summary_large_image","twitter_misc":{"Tiempo de lectura":"2 minutos"},"schema":{"@context":"https:\/\/schema.org","@graph":[{"@type":"WebPage","@id":"https:\/\/nailknowledge.org\/tracy-anne-shelverton","url":"https:\/\/nailknowledge.org\/tracy-anne-shelverton","name":"Tracy Anne Shelverton - Conocimientos de u\u00f1as","isPartOf":{"@id":"https:\/\/new.nailknowledge.org\/#website"},"primaryImageOfPage":{"@id":"https:\/\/nailknowledge.org\/tracy-anne-shelverton#primaryimage"},"image":{"@id":"https:\/\/nailknowledge.org\/tracy-anne-shelverton#primaryimage"},"thumbnailUrl":"https:\/\/nailknowledge.org\/wp-content\/uploads\/2021\/05\/tracy-anne-shelverton-819x1024.jpg","datePublished":"2021-05-26T15:05:15+00:00","dateModified":"2024-01-23T18:43:51+00:00","breadcrumb":{"@id":"https:\/\/nailknowledge.org\/tracy-anne-shelverton#breadcrumb"},"inLanguage":"es","potentialAction":[{"@type":"ReadAction","target":["https:\/\/nailknowledge.org\/tracy-anne-shelverton"]}]},{"@type":"ImageObject","inLanguage":"es","@id":"https:\/\/nailknowledge.org\/tracy-anne-shelverton#primaryimage","url":"https:\/\/nailknowledge.org\/wp-content\/uploads\/2021\/05\/tracy-anne-shelverton-819x1024.jpg","contentUrl":"https:\/\/nailknowledge.org\/wp-content\/uploads\/2021\/05\/tracy-anne-shelverton-819x1024.jpg"},{"@type":"BreadcrumbList","@id":"https:\/\/nailknowledge.org\/tracy-anne-shelverton#breadcrumb","itemListElement":[{"@type":"ListItem","position":1,"name":"Home","item":"https:\/\/nailknowledge.org\/"},{"@type":"ListItem","position":2,"name":"Tracy Anne Shelverton"}]},{"@type":"WebSite","@id":"https:\/\/new.nailknowledge.org\/#website","url":"https:\/\/new.nailknowledge.org\/","name":"Conocimientos de u\u00f1as","description":"","publisher":{"@id":"https:\/\/new.nailknowledge.org\/#organization"},"potentialAction":[{"@type":"SearchAction","target":{"@type":"EntryPoint","urlTemplate":"https:\/\/new.nailknowledge.org\/?s={search_term_string}"},"query-input":{"@type":"PropertyValueSpecification","valueRequired":true,"valueName":"search_term_string"}}],"inLanguage":"es"},{"@type":"Organization","@id":"https:\/\/new.nailknowledge.org\/#organization","name":"Conocimientos de u\u00f1as","url":"https:\/\/new.nailknowledge.org\/","logo":{"@type":"ImageObject","inLanguage":"es","@id":"https:\/\/new.nailknowledge.org\/#\/schema\/logo\/image\/","url":"https:\/\/nailknowledge.org\/wp-content\/uploads\/2026\/03\/KN-Logo-1.webp","contentUrl":"https:\/\/nailknowledge.org\/wp-content\/uploads\/2026\/03\/KN-Logo-1.webp","width":542,"height":100,"caption":"NailKnowledge"},"image":{"@id":"https:\/\/new.nailknowledge.org\/#\/schema\/logo\/image\/"}}]}},"_links":{"self":[{"href":"https:\/\/nailknowledge.org\/es\/wp-json\/wp\/v2\/pages\/36417","targetHints":{"allow":["GET"]}}],"collection":[{"href":"https:\/\/nailknowledge.org\/es\/wp-json\/wp\/v2\/pages"}],"about":[{"href":"https:\/\/nailknowledge.org\/es\/wp-json\/wp\/v2\/types\/page"}],"author":[{"embeddable":true,"href":"https:\/\/nailknowledge.org\/es\/wp-json\/wp\/v2\/users\/2"}],"replies":[{"embeddable":true,"href":"https:\/\/nailknowledge.org\/es\/wp-json\/wp\/v2\/comments?post=36417"}],"version-history":[{"count":0,"href":"https:\/\/nailknowledge.org\/es\/wp-json\/wp\/v2\/pages\/36417\/revisions"}],"wp:attachment":[{"href":"https:\/\/nailknowledge.org\/es\/wp-json\/wp\/v2\/media?parent=36417"}],"curies":[{"name":"wp","href":"https:\/\/api.w.org\/{rel}","templated":true}]}}