{"id":36542,"date":"2021-06-02T09:55:11","date_gmt":"2021-06-02T09:55:11","guid":{"rendered":"https:\/\/nailknowledge.org\/?page_id=36542"},"modified":"2023-11-27T21:20:24","modified_gmt":"2023-11-27T21:20:24","slug":"expertos-invitados","status":"publish","type":"page","link":"https:\/\/nailknowledge.org\/es\/guest-experts","title":{"rendered":"Expertos invitados"},"content":{"rendered":"<h1>Aprendizaje de expertos invitados<\/h1>\n<p><h3>NailKnowledge se complace en dar la bienvenida a expertos como invitados a nuestro sitio web.<\/h3>\n<\/p>\n<p style=\"text-align: center;\">Quer\u00edamos asegurarnos de que nuestros contenidos de formaci\u00f3n estuvieran actualizados, llenos de la ciencia y la informaci\u00f3n m\u00e1s recientes, y escritos por expertos l\u00edderes, muy respetados en sus campos. Cada uno de ellos a\u00f1adir\u00e1 contenido curado para ayudar a adquirir m\u00e1s conocimientos y comprensi\u00f3n para mejorar el conjunto de Nail Knowledge.<\/p>\n<p>\t\t\t\t\t\t\t\t\t\t\t\t\t\t\t<img loading=\"eager\" fetchpriority=\"high\" decoding=\"async\" width=\"301\" height=\"301\" src=\"https:\/\/nailknowledge.org\/wp-content\/uploads\/2020\/10\/Subject-Matter-Expert.png\" alt=\"\" srcset=\"https:\/\/nailknowledge.org\/wp-content\/uploads\/2020\/10\/Subject-Matter-Expert.png 301w, https:\/\/nailknowledge.org\/wp-content\/uploads\/2020\/10\/Subject-Matter-Expert-300x300.png 300w, https:\/\/nailknowledge.org\/wp-content\/uploads\/2020\/10\/Subject-Matter-Expert-100x100.png 100w, https:\/\/nailknowledge.org\/wp-content\/uploads\/2020\/10\/Subject-Matter-Expert-150x150.png 150w\" sizes=\"auto, (max-width: 301px) 100vw, 301px\" \/>\t\t\t\t\t\t\t\t\t\t\t\t\t\t\t<\/p>\n<h3>Expertos en la materia<\/h3>\n<p style=\"text-align: center;\">El Diploma Profesional Esencial de U\u00f1as de NailKnowledge ha sido escrito por nuestros tres expertos altamente respetados, Marian Newman, Doug Shoon y Vitaly Solomanoff - cada uno experto en sus respectivos campos.<\/p>\n<p>\t\t\t\t\t\t\t\t\t\t\t\t\t\t\t<img decoding=\"async\" width=\"301\" height=\"301\" src=\"https:\/\/nailknowledge.org\/wp-content\/uploads\/2020\/10\/Authority-on-Nails.png\" alt=\"\" loading=\"lazy\" srcset=\"https:\/\/nailknowledge.org\/wp-content\/uploads\/2020\/10\/Authority-on-Nails.png 301w, https:\/\/nailknowledge.org\/wp-content\/uploads\/2020\/10\/Authority-on-Nails-300x300.png 300w, https:\/\/nailknowledge.org\/wp-content\/uploads\/2020\/10\/Authority-on-Nails-100x100.png 100w, https:\/\/nailknowledge.org\/wp-content\/uploads\/2020\/10\/Authority-on-Nails-150x150.png 150w\" sizes=\"auto, (max-width: 301px) 100vw, 301px\" \/>\t\t\t\t\t\t\t\t\t\t\t\t\t\t\t<\/p>\n<h3>La autoridad en u\u00f1as<br \/><\/h3>\n<p style=\"text-align: center;\">Marian Newman es considerada una autoridad mundial en el sector de las u\u00f1as. Es autora del libro The Complete Nail Technician, que ha guiado la formaci\u00f3n de los t\u00e9cnicos de u\u00f1as durante las dos \u00faltimas d\u00e9cadas. Tambi\u00e9n es Presidenta de la Federaci\u00f3n de Profesionales de U\u00f1as.<\/p>\n<p>\t\t\t\t\t\t\t\t\t\t\t\t\t\t\t<img decoding=\"async\" width=\"301\" height=\"301\" src=\"https:\/\/nailknowledge.org\/wp-content\/uploads\/2020\/10\/Industry-Knowledge.png\" alt=\"\" loading=\"lazy\" srcset=\"https:\/\/nailknowledge.org\/wp-content\/uploads\/2020\/10\/Industry-Knowledge.png 301w, https:\/\/nailknowledge.org\/wp-content\/uploads\/2020\/10\/Industry-Knowledge-300x300.png 300w, https:\/\/nailknowledge.org\/wp-content\/uploads\/2020\/10\/Industry-Knowledge-100x100.png 100w, https:\/\/nailknowledge.org\/wp-content\/uploads\/2020\/10\/Industry-Knowledge-150x150.png 150w\" sizes=\"auto, (max-width: 301px) 100vw, 301px\" \/>\t\t\t\t\t\t\t\t\t\t\t\t\t\t\t<\/p>\n<h3>Profundo conocimiento del sector<\/h3>\n<p style=\"text-align: center;\">Cada uno de nuestros expertos cuenta con profundos conocimientos y experiencia en el sector, lo que ha guiado el contenido seleccionado para el Diploma Essential Nail Professional para garantizar que se ajusta a la formaci\u00f3n actual de las marcas y a las necesidades del sector en su conjunto.\u00a0\u00a0<\/p>\n<h2>Conozca a nuestros expertos invitados<\/h2>\n<p style=\"text-align: center;\">Estos expertos est\u00e1n bien informados y capacitados en sus campos espec\u00edficos, e iremos a\u00f1adiendo m\u00e1s con el tiempo.<\/p>\n<h3>Kelly Melanitou <br \/>(Educadora y entrenadora internacional)<\/h3>\n<p>\t\t\t\t\t\t\t\t\t\t\t\t\t\t\t<img decoding=\"async\" width=\"240\" height=\"300\" src=\"https:\/\/nailknowledge.org\/wp-content\/uploads\/2021\/11\/Kelly Melanitou-240x300.jpeg\" alt=\"kelly melanitou\" loading=\"lazy\" srcset=\"https:\/\/nailknowledge.org\/wp-content\/uploads\/2021\/11\/Kelly%20Melanitou-240x300.jpeg 240w, https:\/\/nailknowledge.org\/wp-content\/uploads\/2021\/11\/Kelly%20Melanitou-600x750.jpeg 600w, https:\/\/nailknowledge.org\/wp-content\/uploads\/2021\/11\/Kelly%20Melanitou-819x1024.jpeg 819w, https:\/\/nailknowledge.org\/wp-content\/uploads\/2021\/11\/Kelly%20Melanitou-768x960.jpeg 768w, https:\/\/nailknowledge.org\/wp-content\/uploads\/2021\/11\/Kelly%20Melanitou-1229x1536.jpeg 1229w, https:\/\/nailknowledge.org\/wp-content\/uploads\/2021\/11\/Kelly%20Melanitou-1639x2048.jpeg 1639w, https:\/\/nailknowledge.org\/wp-content\/uploads\/2021\/11\/Kelly%20Melanitou-120x150.jpeg 120w, https:\/\/nailknowledge.org\/wp-content\/uploads\/2021\/11\/Kelly%20Melanitou.jpeg 1882w\" sizes=\"auto, (max-width: 240px) 100vw, 240px\" \/><br \/>\n\t\t\t<a href=\"https:\/\/nailknowledge.org\/es\/kelly-melanitou\/\"><br \/>\n\t\t\t\t\t\tConoce a Kelly<br \/>\n\t\t\t\t\t<\/a><\/p>\n<h3>Dani Bailey<br \/>(Profesional de u\u00f1as galardonada)<\/h3>\n<p>\t\t\t\t\t\t\t\t\t\t\t\t\t\t\t<img decoding=\"async\" width=\"300\" height=\"300\" src=\"https:\/\/nailknowledge.org\/wp-content\/uploads\/2023\/04\/BLOG-8-300x300.jpg\" alt=\"Dani Bailey Profesional de u\u00f1as galardonada\" loading=\"lazy\" srcset=\"https:\/\/nailknowledge.org\/wp-content\/uploads\/2023\/04\/BLOG-8-300x300.jpg 300w, https:\/\/nailknowledge.org\/wp-content\/uploads\/2023\/04\/BLOG-8-100x100.jpg 100w, https:\/\/nailknowledge.org\/wp-content\/uploads\/2023\/04\/BLOG-8-600x600.jpg 600w, https:\/\/nailknowledge.org\/wp-content\/uploads\/2023\/04\/BLOG-8-1024x1024.jpg 1024w, https:\/\/nailknowledge.org\/wp-content\/uploads\/2023\/04\/BLOG-8-150x150.jpg 150w, https:\/\/nailknowledge.org\/wp-content\/uploads\/2023\/04\/BLOG-8-768x768.jpg 768w, https:\/\/nailknowledge.org\/wp-content\/uploads\/2023\/04\/BLOG-8.jpg 1080w\" sizes=\"auto, (max-width: 300px) 100vw, 300px\" \/><br \/>\n\t\t\t<a href=\"https:\/\/nailknowledge.org\/es\/dani-bailey-nail-professional\/\"><br \/>\n\t\t\t\t\t\tConoce a Dani<br \/>\n\t\t\t\t\t<\/a><br \/>\n\t\t\t\t\t\t\t\t\t\t\t\t\t\t\t\t<a href=\"https:\/\/nailknowledge.org\/es\/pregunte-a-los-expertos\/\"><br \/>\n\t\t\t\t\t\t\t<img decoding=\"async\" width=\"1024\" height=\"360\" src=\"https:\/\/nailknowledge.org\/wp-content\/uploads\/2021\/01\/ask-the-experts-rectangle-1024x360.png\" alt=\"\" loading=\"lazy\" srcset=\"https:\/\/nailknowledge.org\/wp-content\/uploads\/2021\/01\/ask-the-experts-rectangle-1024x360.png 1024w, https:\/\/nailknowledge.org\/wp-content\/uploads\/2021\/01\/ask-the-experts-rectangle-600x211.png 600w, https:\/\/nailknowledge.org\/wp-content\/uploads\/2021\/01\/ask-the-experts-rectangle-300x106.png 300w, https:\/\/nailknowledge.org\/wp-content\/uploads\/2021\/01\/ask-the-experts-rectangle-768x270.png 768w, https:\/\/nailknowledge.org\/wp-content\/uploads\/2021\/01\/ask-the-experts-rectangle-1536x540.png 1536w, https:\/\/nailknowledge.org\/wp-content\/uploads\/2021\/01\/ask-the-experts-rectangle.png 1541w\" sizes=\"auto, (max-width: 1024px) 100vw, 1024px\" \/>\t\t\t\t\t\t\t\t<\/a><br \/>\n\t\t\t\t\t\t\t\t\t\t\t\t\t\t\t\t<a href=\"https:\/\/nailknowledge.org\/es\/pregunte-a-los-expertos\/\"><br \/>\n\t\t\t\t\t\t\t<img decoding=\"async\" width=\"485\" height=\"1024\" src=\"https:\/\/nailknowledge.org\/wp-content\/uploads\/2023\/09\/f04b73af-cff3-4c2f-8aa3-10acb41570a8-485x1024.png\" alt=\"\" loading=\"lazy\" srcset=\"https:\/\/nailknowledge.org\/wp-content\/uploads\/2023\/09\/f04b73af-cff3-4c2f-8aa3-10acb41570a8-485x1024.png 485w, https:\/\/nailknowledge.org\/wp-content\/uploads\/2023\/09\/f04b73af-cff3-4c2f-8aa3-10acb41570a8-142x300.png 142w, https:\/\/nailknowledge.org\/wp-content\/uploads\/2023\/09\/f04b73af-cff3-4c2f-8aa3-10acb41570a8.png 494w\" sizes=\"auto, (max-width: 485px) 100vw, 485px\" \/>\t\t\t\t\t\t\t\t<\/a><\/p>\n<h2>Profundice en nuestra \u00e9tica de la formaci\u00f3n<\/h2>\n<h3>F\u00e1cil de entender<\/h3>\n<p style=\"text-align: center;\">Hemos dise\u00f1ado nuestros cursos NailKnowledge para que sean accesibles a todo el mundo, con lecciones animadas y muy visuales para ayudarle a comprender.\u00a0<\/p>\n<p>\t\t\t<a href=\"https:\/\/nailknowledge.org\/es\/conocimiento-de-las-unas-facil-de-entender\/\"><br \/>\n\t\t\t\t\t\tWhat&#8217;s it like?<br \/>\n\t\t\t\t\t<\/a><\/p>\n<h3>Aprendizaje flexible<\/h3>\n<p style=\"text-align: center;\">Sabemos lo ajetreada que es la vida y lo dif\u00edcil que resulta encontrar tiempo para centrarse en los recursos de aprendizaje, por lo que tambi\u00e9n hemos dise\u00f1ado nuestros recursos para que se consuman cuando y donde mejor le convenga.<\/p>\n<p>\t\t\t<a href=\"https:\/\/nailknowledge.org\/es\/una-conocimiento-aprendizaje-flexible\/\"><br \/>\n\t\t\t\t\t\tM\u00e1s informaci\u00f3n<br \/>\n\t\t\t\t\t<\/a><\/p>","protected":false},"excerpt":{"rendered":"<p>Guest Expert Learning NailKnowledge are pleased to welcome experts as guests to our website.\u200b\u200b We wanted to ensure our training content was up-to-date, full of the latest science and information, and authored by leading experts, highly respected in their fields. Each\u00a0will add curated content to assist with more knowledge and understanding to enhance the whole [&hellip;]<\/p>\n","protected":false},"author":2,"featured_media":0,"parent":0,"menu_order":0,"comment_status":"closed","ping_status":"closed","template":"","meta":{"_yoast_wpseo_focuskw":"","_yoast_wpseo_metadesc":"","_genesis_hide_title":false,"_genesis_hide_breadcrumbs":false,"_genesis_hide_singular_image":false,"_genesis_hide_footer_widgets":false,"_genesis_custom_body_class":"","_genesis_custom_post_class":"","_genesis_layout":"","footnotes":""},"class_list":{"0":"post-36542","1":"page","2":"type-page","3":"status-publish","5":"entry"},"yoast_head":"<!-- This site is optimized with the Yoast SEO plugin v27.4 - https:\/\/yoast.com\/product\/yoast-seo-wordpress\/ -->\n<title>Guest Experts - NailKnowledge<\/title>\n<meta name=\"robots\" content=\"index, follow, max-snippet:-1, max-image-preview:large, max-video-preview:-1\" \/>\n<link rel=\"canonical\" href=\"https:\/\/nailknowledge.org\/es\/expertos-invitados\/\" \/>\n<meta property=\"og:locale\" content=\"es_ES\" \/>\n<meta property=\"og:type\" content=\"article\" \/>\n<meta property=\"og:title\" content=\"Guest Experts - NailKnowledge\" \/>\n<meta property=\"og:description\" content=\"Guest Expert Learning NailKnowledge are pleased to welcome experts as guests to our website.\u200b\u200b We wanted to ensure our training content was up-to-date, full of the latest science and information, and authored by leading experts, highly respected in their fields. Each\u00a0will add curated content to assist with more knowledge and understanding to enhance the whole [&hellip;]\" \/>\n<meta property=\"og:url\" content=\"https:\/\/nailknowledge.org\/es\/expertos-invitados\/\" \/>\n<meta property=\"og:site_name\" content=\"NailKnowledge\" \/>\n<meta property=\"article:modified_time\" content=\"2023-11-27T21:20:24+00:00\" \/>\n<meta property=\"og:image\" content=\"https:\/\/nailknowledge.org\/wp-content\/uploads\/2023\/03\/image002.jpg\" \/>\n\t<meta property=\"og:image:width\" content=\"545\" \/>\n\t<meta property=\"og:image:height\" content=\"295\" \/>\n\t<meta property=\"og:image:type\" content=\"image\/jpeg\" \/>\n<meta name=\"twitter:card\" content=\"summary_large_image\" \/>\n<meta name=\"twitter:label1\" content=\"Tiempo de lectura\" \/>\n\t<meta name=\"twitter:data1\" content=\"3 minutos\" \/>\n<script type=\"application\/ld+json\" class=\"yoast-schema-graph\">{\"@context\":\"https:\\\/\\\/schema.org\",\"@graph\":[{\"@type\":\"WebPage\",\"@id\":\"https:\\\/\\\/nailknowledge.org\\\/guest-experts\",\"url\":\"https:\\\/\\\/nailknowledge.org\\\/guest-experts\",\"name\":\"Guest Experts - NailKnowledge\",\"isPartOf\":{\"@id\":\"https:\\\/\\\/new.nailknowledge.org\\\/#website\"},\"primaryImageOfPage\":{\"@id\":\"https:\\\/\\\/nailknowledge.org\\\/guest-experts#primaryimage\"},\"image\":{\"@id\":\"https:\\\/\\\/nailknowledge.org\\\/guest-experts#primaryimage\"},\"thumbnailUrl\":\"https:\\\/\\\/nailknowledge.org\\\/wp-content\\\/uploads\\\/2020\\\/10\\\/Subject-Matter-Expert.png\",\"datePublished\":\"2021-06-02T09:55:11+00:00\",\"dateModified\":\"2023-11-27T21:20:24+00:00\",\"breadcrumb\":{\"@id\":\"https:\\\/\\\/nailknowledge.org\\\/guest-experts#breadcrumb\"},\"inLanguage\":\"es\",\"potentialAction\":[{\"@type\":\"ReadAction\",\"target\":[\"https:\\\/\\\/nailknowledge.org\\\/guest-experts\"]}]},{\"@type\":\"ImageObject\",\"inLanguage\":\"es\",\"@id\":\"https:\\\/\\\/nailknowledge.org\\\/guest-experts#primaryimage\",\"url\":\"https:\\\/\\\/nailknowledge.org\\\/wp-content\\\/uploads\\\/2020\\\/10\\\/Subject-Matter-Expert.png\",\"contentUrl\":\"https:\\\/\\\/nailknowledge.org\\\/wp-content\\\/uploads\\\/2020\\\/10\\\/Subject-Matter-Expert.png\"},{\"@type\":\"BreadcrumbList\",\"@id\":\"https:\\\/\\\/nailknowledge.org\\\/guest-experts#breadcrumb\",\"itemListElement\":[{\"@type\":\"ListItem\",\"position\":1,\"name\":\"Home\",\"item\":\"https:\\\/\\\/nailknowledge.org\\\/\"},{\"@type\":\"ListItem\",\"position\":2,\"name\":\"Guest Experts\"}]},{\"@type\":\"WebSite\",\"@id\":\"https:\\\/\\\/new.nailknowledge.org\\\/#website\",\"url\":\"https:\\\/\\\/new.nailknowledge.org\\\/\",\"name\":\"NailKnowledge\",\"description\":\"\",\"publisher\":{\"@id\":\"https:\\\/\\\/new.nailknowledge.org\\\/#organization\"},\"potentialAction\":[{\"@type\":\"SearchAction\",\"target\":{\"@type\":\"EntryPoint\",\"urlTemplate\":\"https:\\\/\\\/new.nailknowledge.org\\\/?s={search_term_string}\"},\"query-input\":{\"@type\":\"PropertyValueSpecification\",\"valueRequired\":true,\"valueName\":\"search_term_string\"}}],\"inLanguage\":\"es\"},{\"@type\":\"Organization\",\"@id\":\"https:\\\/\\\/new.nailknowledge.org\\\/#organization\",\"name\":\"NailKnowledge\",\"url\":\"https:\\\/\\\/new.nailknowledge.org\\\/\",\"logo\":{\"@type\":\"ImageObject\",\"inLanguage\":\"es\",\"@id\":\"https:\\\/\\\/new.nailknowledge.org\\\/#\\\/schema\\\/logo\\\/image\\\/\",\"url\":\"https:\\\/\\\/nailknowledge.org\\\/wp-content\\\/uploads\\\/2026\\\/03\\\/KN-Logo-1.webp\",\"contentUrl\":\"https:\\\/\\\/nailknowledge.org\\\/wp-content\\\/uploads\\\/2026\\\/03\\\/KN-Logo-1.webp\",\"width\":542,\"height\":100,\"caption\":\"NailKnowledge\"},\"image\":{\"@id\":\"https:\\\/\\\/new.nailknowledge.org\\\/#\\\/schema\\\/logo\\\/image\\\/\"}}]}<\/script>\n<!-- \/ Yoast SEO plugin. -->","yoast_head_json":{"title":"Expertos Invitados - NailKnowledge","robots":{"index":"index","follow":"follow","max-snippet":"max-snippet:-1","max-image-preview":"max-image-preview:large","max-video-preview":"max-video-preview:-1"},"canonical":"https:\/\/nailknowledge.org\/es\/expertos-invitados\/","og_locale":"es_ES","og_type":"article","og_title":"Guest Experts - NailKnowledge","og_description":"Guest Expert Learning NailKnowledge are pleased to welcome experts as guests to our website.\u200b\u200b We wanted to ensure our training content was up-to-date, full of the latest science and information, and authored by leading experts, highly respected in their fields. Each\u00a0will add curated content to assist with more knowledge and understanding to enhance the whole [&hellip;]","og_url":"https:\/\/nailknowledge.org\/es\/expertos-invitados\/","og_site_name":"NailKnowledge","article_modified_time":"2023-11-27T21:20:24+00:00","og_image":[{"width":545,"height":295,"url":"https:\/\/nailknowledge.org\/wp-content\/uploads\/2023\/03\/image002.jpg","type":"image\/jpeg"}],"twitter_card":"summary_large_image","twitter_misc":{"Tiempo de lectura":"3 minutos"},"schema":{"@context":"https:\/\/schema.org","@graph":[{"@type":"WebPage","@id":"https:\/\/nailknowledge.org\/guest-experts","url":"https:\/\/nailknowledge.org\/guest-experts","name":"Expertos Invitados - NailKnowledge","isPartOf":{"@id":"https:\/\/new.nailknowledge.org\/#website"},"primaryImageOfPage":{"@id":"https:\/\/nailknowledge.org\/guest-experts#primaryimage"},"image":{"@id":"https:\/\/nailknowledge.org\/guest-experts#primaryimage"},"thumbnailUrl":"https:\/\/nailknowledge.org\/wp-content\/uploads\/2020\/10\/Subject-Matter-Expert.png","datePublished":"2021-06-02T09:55:11+00:00","dateModified":"2023-11-27T21:20:24+00:00","breadcrumb":{"@id":"https:\/\/nailknowledge.org\/guest-experts#breadcrumb"},"inLanguage":"es","potentialAction":[{"@type":"ReadAction","target":["https:\/\/nailknowledge.org\/guest-experts"]}]},{"@type":"ImageObject","inLanguage":"es","@id":"https:\/\/nailknowledge.org\/guest-experts#primaryimage","url":"https:\/\/nailknowledge.org\/wp-content\/uploads\/2020\/10\/Subject-Matter-Expert.png","contentUrl":"https:\/\/nailknowledge.org\/wp-content\/uploads\/2020\/10\/Subject-Matter-Expert.png"},{"@type":"BreadcrumbList","@id":"https:\/\/nailknowledge.org\/guest-experts#breadcrumb","itemListElement":[{"@type":"ListItem","position":1,"name":"Home","item":"https:\/\/nailknowledge.org\/"},{"@type":"ListItem","position":2,"name":"Guest Experts"}]},{"@type":"WebSite","@id":"https:\/\/new.nailknowledge.org\/#website","url":"https:\/\/new.nailknowledge.org\/","name":"Conocimientos de u\u00f1as","description":"","publisher":{"@id":"https:\/\/new.nailknowledge.org\/#organization"},"potentialAction":[{"@type":"SearchAction","target":{"@type":"EntryPoint","urlTemplate":"https:\/\/new.nailknowledge.org\/?s={search_term_string}"},"query-input":{"@type":"PropertyValueSpecification","valueRequired":true,"valueName":"search_term_string"}}],"inLanguage":"es"},{"@type":"Organization","@id":"https:\/\/new.nailknowledge.org\/#organization","name":"Conocimientos de u\u00f1as","url":"https:\/\/new.nailknowledge.org\/","logo":{"@type":"ImageObject","inLanguage":"es","@id":"https:\/\/new.nailknowledge.org\/#\/schema\/logo\/image\/","url":"https:\/\/nailknowledge.org\/wp-content\/uploads\/2026\/03\/KN-Logo-1.webp","contentUrl":"https:\/\/nailknowledge.org\/wp-content\/uploads\/2026\/03\/KN-Logo-1.webp","width":542,"height":100,"caption":"NailKnowledge"},"image":{"@id":"https:\/\/new.nailknowledge.org\/#\/schema\/logo\/image\/"}}]}},"_links":{"self":[{"href":"https:\/\/nailknowledge.org\/es\/wp-json\/wp\/v2\/pages\/36542","targetHints":{"allow":["GET"]}}],"collection":[{"href":"https:\/\/nailknowledge.org\/es\/wp-json\/wp\/v2\/pages"}],"about":[{"href":"https:\/\/nailknowledge.org\/es\/wp-json\/wp\/v2\/types\/page"}],"author":[{"embeddable":true,"href":"https:\/\/nailknowledge.org\/es\/wp-json\/wp\/v2\/users\/2"}],"replies":[{"embeddable":true,"href":"https:\/\/nailknowledge.org\/es\/wp-json\/wp\/v2\/comments?post=36542"}],"version-history":[{"count":0,"href":"https:\/\/nailknowledge.org\/es\/wp-json\/wp\/v2\/pages\/36542\/revisions"}],"wp:attachment":[{"href":"https:\/\/nailknowledge.org\/es\/wp-json\/wp\/v2\/media?parent=36542"}],"curies":[{"name":"wp","href":"https:\/\/api.w.org\/{rel}","templated":true}]}}