{"id":36612,"date":"2021-06-03T12:56:57","date_gmt":"2021-06-03T12:56:57","guid":{"rendered":"https:\/\/nailknowledge.org\/?page_id=36612"},"modified":"2021-06-03T13:03:21","modified_gmt":"2021-06-03T13:03:21","slug":"nos-aprobados","status":"publish","type":"page","link":"https:\/\/nailknowledge.org\/es\/nos-approved","title":{"rendered":"Las Normas Nacionales de Ocupaci\u00f3n est\u00e1n aprobadas para U\u00f1as"},"content":{"rendered":"<figure class=\"wp-block-image size-large is-resized\"><img loading=\"eager\" fetchpriority=\"high\" decoding=\"async\" src=\"https:\/\/nailknowledge.org\/wp-content\/uploads\/2021\/06\/rsw_1400cg_true-1024x514.jpeg\" alt=\"\" class=\"wp-image-36613\" width=\"410\" height=\"205\" srcset=\"https:\/\/nailknowledge.org\/wp-content\/uploads\/2021\/06\/rsw_1400cg_true-1024x514.jpeg 1024w, https:\/\/nailknowledge.org\/wp-content\/uploads\/2021\/06\/rsw_1400cg_true-600x301.jpeg 600w, https:\/\/nailknowledge.org\/wp-content\/uploads\/2021\/06\/rsw_1400cg_true-300x151.jpeg 300w, https:\/\/nailknowledge.org\/wp-content\/uploads\/2021\/06\/rsw_1400cg_true-768x386.jpeg 768w, https:\/\/nailknowledge.org\/wp-content\/uploads\/2021\/06\/rsw_1400cg_true-400x201.jpeg 400w, https:\/\/nailknowledge.org\/wp-content\/uploads\/2021\/06\/rsw_1400cg_true.jpeg 1400w\" sizes=\"auto, (max-width: 410px) 100vw, 410px\" \/><\/figure>\n\n\n\n<p>COMUNICADO DE PRENSA<\/p>\n\n\n\n<p>Atenci\u00f3n: Redactores de noticias - Para publicaci\u00f3n inmediata<\/p>\n\n\n\n<p>Fecha: 24 de mayo de 2021<\/p>\n\n\n\n<p>T\u00edtulo; Se aprueban las Normas Nacionales de Ocupaci\u00f3n (NOS) para U\u00f1as<\/p>\n\n\n\n<p>Habia se complace en anunciar que la reciente revisi\u00f3n de las Normas Nacionales Ocupacionales (NOS) para U\u00f1as ha sido aprobada y publicada por el Gobierno. Como parte de su funci\u00f3n de establecimiento de normas, Habia trabaj\u00f3 con empresarios del sector para formar el grupo de trabajo de expertos, cuyo cometido es revisar las NOS existentes, actualizar y acordar los cambios necesarios para garantizar que las NOS reflejen los cambios del sector para mantener y mejorar los est\u00e1ndares de la pr\u00e1ctica.<\/p>\n\n\n\n<p>Las nuevas NOS, publicadas esta semana, han sido redactadas por nuestros expertos empleadores profesionales para garantizar que responden a la evoluci\u00f3n del sector de las u\u00f1as, en r\u00e1pido crecimiento. El borrador de las NOS se someti\u00f3 a consulta p\u00fablica en diciembre, de modo que se recogieron las opiniones del sector y de la industria y se incorporaron a la revisi\u00f3n de las normas sobre u\u00f1as.<\/p>\n\n\n\n<p>En relaci\u00f3n con la revisi\u00f3n de las normas, Joan Scott, presidenta de Habia, afirm\u00f3: \"A pesar de que el sector ha atravesado un a\u00f1o muy dif\u00edcil, estamos encantados de que no se haya retrasado la revisi\u00f3n de las normas nacionales. Los empleadores han actualizado las normas para garantizar que reflejan los cambios recientes en la industria de las u\u00f1as. Queremos dar las gracias especialmente a todos los empresarios que han aportado su valioso tiempo y sus conocimientos para participar en este importante proyecto, tanto como parte de los grupos de trabajo de expertos (EWG) como a todos aquellos que han proporcionado informaci\u00f3n durante el proceso de consulta\".<\/p>\n\n\n\n<p>Diane Hey, Empresaria y Presidenta del Grupo Director de las NOS, ha declarado: \"Estamos encantados con la aprobaci\u00f3n y publicaci\u00f3n de las 7 series de Normas Nacionales de Ocupaci\u00f3n (NOS); ha sido un privilegio presidir el proceso. Me gustar\u00eda dar las gracias a todos nuestros colegas, expertos y presidentes de los EWG por su diligencia y compromiso para garantizar que estas NOS sean completas y reflejen los avances en cada uno de los aspectos clave del sector. Estas suites han aportado nuevas modalidades, han establecido el nivel de pr\u00e1ctica est\u00e1ndar esperado, son totalmente inclusivas y \u00a1han sido un logro monumental! Gracias a todos los implicados. '<\/p>\n\n\n\n<p>Marion Newman, BEM, presidi\u00f3 el Grupo de Trabajo de Expertos para la Suite de U\u00f1as 'Estoy encantada de que las NOS para los Servicios de U\u00f1as hayan sido revisadas y aprobadas este a\u00f1o. Pondr\u00e1n este sector al d\u00eda para 2021 y m\u00e1s all\u00e1. Me siento muy honrada de haber formado parte de este largo y cuidadoso proceso y me gustar\u00eda dar las gracias a Habia y al equipo de NOS por haberlo hecho posible de forma tan eficiente'.<\/p>\n\n\n\n<p>.......................................................................................................................................................................<\/p>\n\n\n\n<p>La Hair and Beauty Industry Authority (Habia ) es el organismo de normalizaci\u00f3n reconocido por el Gobierno para los sectores de peluquer\u00eda, barber\u00eda, belleza, u\u00f1as, est\u00e9tica, bienestar y hol\u00edstico.<\/p>\n\n\n\n<p>para formar el Sector. Durante m\u00e1s de treinta a\u00f1os han estado desarrollando normas nacionales que reflejan el papel del trabajo y forman la base de las cualificaciones basadas en competencias en todo el Reino Unido. Habia es una organizaci\u00f3n independiente sin \u00e1nimo de lucro que trabaja con todas las partes interesadas del sector, organizaciones, empleadores individuales, proveedores de formaci\u00f3n, organismos de certificaci\u00f3n y el Gobierno y sus agencias en todo el Reino Unido. El logotipo de Habia es un signo reconocido desde hace mucho tiempo de normas de alta calidad, excelencia y profesionalidad.<\/p>\n\n\n\n<p>Los Est\u00e1ndares Ocupacionales Nacionales (NOS) son desarrollados por Organizaciones de Establecimiento de Est\u00e1ndares (SSO) como Habia, que consultan con empresarios y otras partes interesadas en cada una de las naciones del Reino Unido (Escocia, Gales, Irlanda del Norte e Inglaterra). Este proceso de consulta permite tener en cuenta los requisitos espec\u00edficos de cada pa\u00eds y el resultado es un conjunto de NOS que pueden utilizarse en todo el Reino Unido. Las NOS, que se presentan en un formato com\u00fan, se aprueban en los cuatro pa\u00edses y su contenido es examinado por SQA Accreditation. Cada NOS tiene una fecha de publicaci\u00f3n que indica cu\u00e1ndo fue aprobado, y los NOS m\u00e1s actuales se enumeran en esta base de datos. Tambi\u00e9n hay una fecha de revisi\u00f3n prevista, que se utilizar\u00e1 como gu\u00eda para determinar cu\u00e1ndo es necesario revisarlas y se tendr\u00e1 en cuenta la opini\u00f3n de las partes interesadas para influir en el momento en que se encargue la revisi\u00f3n.<\/p>\n\n\n\n<p>Aunque las NOS se desarrollan como medidas individuales de competencia, se agrupan en suites que identifican el sector al que se refieren y en la actualidad hay unas 900 suites, con casi 23.000 NOS independientes. Abarcan una amplia gama de sectores.<\/p>\n\n\n\n<p>Cuando se haya detectado la necesidad de traducir las NOS a la lengua galesa, se llevar\u00e1 a cabo, y en la base de datos hay unas 1 900 NOS que se han traducido a la lengua galesa.<\/p>\n\n\n\n<p>Las NOS pueden utilizarse para desarrollar capacidades y conocimientos, y entre ellas se incluyen la transferencia directa a cualificaciones profesionales y de otro tipo, el marco para programas de formaci\u00f3n, las medidas de competencia en el lugar de trabajo y la influencia en las descripciones de los puestos de trabajo.<\/p>\n\n\n\n<p>A modo de ejemplo, 1 NOS se correlaciona directamente con 1 unidad de una cualificaci\u00f3n profesional escocesa\/nacional, y \u00e9stas se utilizan para desarrollar cualificaciones que a su vez pueden ofrecerse a trav\u00e9s de organismos de adjudicaci\u00f3n. V\u00e9ase el enlace https:\/\/www.ukstandards.org.uk\/About-nos<\/p>","protected":false},"excerpt":{"rendered":"<p>PRESS RELEASE Attention: News Editors \u2013 For immediate release Date: 24th May 2021 Title; National Occupational Standards (NOS) are approved for Nails Habia is delighted to announce that the recent review of the National Occupational Standards (NOS) for Nails has been appoved and publised by Government. As part of the Habia\u2019s standard setting role it [&hellip;]<\/p>\n","protected":false},"author":2,"featured_media":0,"parent":0,"menu_order":0,"comment_status":"closed","ping_status":"closed","template":"","meta":{"_yoast_wpseo_focuskw":"","_yoast_wpseo_metadesc":"","_genesis_hide_title":false,"_genesis_hide_breadcrumbs":false,"_genesis_hide_singular_image":false,"_genesis_hide_footer_widgets":false,"_genesis_custom_body_class":"","_genesis_custom_post_class":"","_genesis_layout":"","footnotes":""},"class_list":{"0":"post-36612","1":"page","2":"type-page","3":"status-publish","5":"entry"},"yoast_head":"<!-- This site is optimized with the Yoast SEO plugin v27.5 - https:\/\/yoast.com\/product\/yoast-seo-wordpress\/ -->\n<title>National Occupational Standards are approved for Nails - NailKnowledge<\/title>\n<meta name=\"robots\" content=\"index, follow, max-snippet:-1, max-image-preview:large, max-video-preview:-1\" \/>\n<link rel=\"canonical\" href=\"https:\/\/nailknowledge.org\/es\/nos-aprobados\/\" \/>\n<meta property=\"og:locale\" content=\"es_ES\" \/>\n<meta property=\"og:type\" content=\"article\" \/>\n<meta property=\"og:title\" content=\"National Occupational Standards are approved for Nails - NailKnowledge\" \/>\n<meta property=\"og:description\" content=\"PRESS RELEASE Attention: News Editors \u2013 For immediate release Date: 24th May 2021 Title; National Occupational Standards (NOS) are approved for Nails Habia is delighted to announce that the recent review of the National Occupational Standards (NOS) for Nails has been appoved and publised by Government. As part of the Habia\u2019s standard setting role it [&hellip;]\" \/>\n<meta property=\"og:url\" content=\"https:\/\/nailknowledge.org\/es\/nos-aprobados\/\" \/>\n<meta property=\"og:site_name\" content=\"NailKnowledge\" \/>\n<meta property=\"article:modified_time\" content=\"2021-06-03T13:03:21+00:00\" \/>\n<meta property=\"og:image\" content=\"https:\/\/nailknowledge.org\/wp-content\/uploads\/2023\/03\/image002.jpg\" \/>\n\t<meta property=\"og:image:width\" content=\"545\" \/>\n\t<meta property=\"og:image:height\" content=\"295\" \/>\n\t<meta property=\"og:image:type\" content=\"image\/jpeg\" \/>\n<meta name=\"twitter:card\" content=\"summary_large_image\" \/>\n<meta name=\"twitter:label1\" content=\"Tiempo de lectura\" \/>\n\t<meta name=\"twitter:data1\" content=\"4 minutos\" \/>\n<script type=\"application\/ld+json\" class=\"yoast-schema-graph\">{\"@context\":\"https:\\\/\\\/schema.org\",\"@graph\":[{\"@type\":\"WebPage\",\"@id\":\"https:\\\/\\\/nailknowledge.org\\\/nos-approved\",\"url\":\"https:\\\/\\\/nailknowledge.org\\\/nos-approved\",\"name\":\"National Occupational Standards are approved for Nails - NailKnowledge\",\"isPartOf\":{\"@id\":\"https:\\\/\\\/new.nailknowledge.org\\\/#website\"},\"primaryImageOfPage\":{\"@id\":\"https:\\\/\\\/nailknowledge.org\\\/nos-approved#primaryimage\"},\"image\":{\"@id\":\"https:\\\/\\\/nailknowledge.org\\\/nos-approved#primaryimage\"},\"thumbnailUrl\":\"https:\\\/\\\/nailknowledge.org\\\/wp-content\\\/uploads\\\/2021\\\/06\\\/rsw_1400cg_true-1024x514.jpeg\",\"datePublished\":\"2021-06-03T12:56:57+00:00\",\"dateModified\":\"2021-06-03T13:03:21+00:00\",\"breadcrumb\":{\"@id\":\"https:\\\/\\\/nailknowledge.org\\\/nos-approved#breadcrumb\"},\"inLanguage\":\"es\",\"potentialAction\":[{\"@type\":\"ReadAction\",\"target\":[\"https:\\\/\\\/nailknowledge.org\\\/nos-approved\"]}]},{\"@type\":\"ImageObject\",\"inLanguage\":\"es\",\"@id\":\"https:\\\/\\\/nailknowledge.org\\\/nos-approved#primaryimage\",\"url\":\"https:\\\/\\\/nailknowledge.org\\\/wp-content\\\/uploads\\\/2021\\\/06\\\/rsw_1400cg_true-1024x514.jpeg\",\"contentUrl\":\"https:\\\/\\\/nailknowledge.org\\\/wp-content\\\/uploads\\\/2021\\\/06\\\/rsw_1400cg_true-1024x514.jpeg\"},{\"@type\":\"BreadcrumbList\",\"@id\":\"https:\\\/\\\/nailknowledge.org\\\/nos-approved#breadcrumb\",\"itemListElement\":[{\"@type\":\"ListItem\",\"position\":1,\"name\":\"Home\",\"item\":\"https:\\\/\\\/nailknowledge.org\\\/\"},{\"@type\":\"ListItem\",\"position\":2,\"name\":\"National Occupational Standards are approved for Nails\"}]},{\"@type\":\"WebSite\",\"@id\":\"https:\\\/\\\/new.nailknowledge.org\\\/#website\",\"url\":\"https:\\\/\\\/new.nailknowledge.org\\\/\",\"name\":\"NailKnowledge\",\"description\":\"\",\"publisher\":{\"@id\":\"https:\\\/\\\/new.nailknowledge.org\\\/#organization\"},\"potentialAction\":[{\"@type\":\"SearchAction\",\"target\":{\"@type\":\"EntryPoint\",\"urlTemplate\":\"https:\\\/\\\/new.nailknowledge.org\\\/?s={search_term_string}\"},\"query-input\":{\"@type\":\"PropertyValueSpecification\",\"valueRequired\":true,\"valueName\":\"search_term_string\"}}],\"inLanguage\":\"es\"},{\"@type\":\"Organization\",\"@id\":\"https:\\\/\\\/new.nailknowledge.org\\\/#organization\",\"name\":\"NailKnowledge\",\"url\":\"https:\\\/\\\/new.nailknowledge.org\\\/\",\"logo\":{\"@type\":\"ImageObject\",\"inLanguage\":\"es\",\"@id\":\"https:\\\/\\\/new.nailknowledge.org\\\/#\\\/schema\\\/logo\\\/image\\\/\",\"url\":\"https:\\\/\\\/nailknowledge.org\\\/wp-content\\\/uploads\\\/2026\\\/03\\\/KN-Logo-1.webp\",\"contentUrl\":\"https:\\\/\\\/nailknowledge.org\\\/wp-content\\\/uploads\\\/2026\\\/03\\\/KN-Logo-1.webp\",\"width\":542,\"height\":100,\"caption\":\"NailKnowledge\"},\"image\":{\"@id\":\"https:\\\/\\\/new.nailknowledge.org\\\/#\\\/schema\\\/logo\\\/image\\\/\"}}]}<\/script>\n<!-- \/ Yoast SEO plugin. -->","yoast_head_json":{"title":"Las Normas Nacionales de Ocupaci\u00f3n est\u00e1n aprobadas para Nails - NailKnowledge","robots":{"index":"index","follow":"follow","max-snippet":"max-snippet:-1","max-image-preview":"max-image-preview:large","max-video-preview":"max-video-preview:-1"},"canonical":"https:\/\/nailknowledge.org\/es\/nos-aprobados\/","og_locale":"es_ES","og_type":"article","og_title":"National Occupational Standards are approved for Nails - NailKnowledge","og_description":"PRESS RELEASE Attention: News Editors \u2013 For immediate release Date: 24th May 2021 Title; National Occupational Standards (NOS) are approved for Nails Habia is delighted to announce that the recent review of the National Occupational Standards (NOS) for Nails has been appoved and publised by Government. As part of the Habia\u2019s standard setting role it [&hellip;]","og_url":"https:\/\/nailknowledge.org\/es\/nos-aprobados\/","og_site_name":"NailKnowledge","article_modified_time":"2021-06-03T13:03:21+00:00","og_image":[{"width":545,"height":295,"url":"https:\/\/nailknowledge.org\/wp-content\/uploads\/2023\/03\/image002.jpg","type":"image\/jpeg"}],"twitter_card":"summary_large_image","twitter_misc":{"Tiempo de lectura":"4 minutos"},"schema":{"@context":"https:\/\/schema.org","@graph":[{"@type":"WebPage","@id":"https:\/\/nailknowledge.org\/nos-approved","url":"https:\/\/nailknowledge.org\/nos-approved","name":"Las Normas Nacionales de Ocupaci\u00f3n est\u00e1n aprobadas para Nails - NailKnowledge","isPartOf":{"@id":"https:\/\/new.nailknowledge.org\/#website"},"primaryImageOfPage":{"@id":"https:\/\/nailknowledge.org\/nos-approved#primaryimage"},"image":{"@id":"https:\/\/nailknowledge.org\/nos-approved#primaryimage"},"thumbnailUrl":"https:\/\/nailknowledge.org\/wp-content\/uploads\/2021\/06\/rsw_1400cg_true-1024x514.jpeg","datePublished":"2021-06-03T12:56:57+00:00","dateModified":"2021-06-03T13:03:21+00:00","breadcrumb":{"@id":"https:\/\/nailknowledge.org\/nos-approved#breadcrumb"},"inLanguage":"es","potentialAction":[{"@type":"ReadAction","target":["https:\/\/nailknowledge.org\/nos-approved"]}]},{"@type":"ImageObject","inLanguage":"es","@id":"https:\/\/nailknowledge.org\/nos-approved#primaryimage","url":"https:\/\/nailknowledge.org\/wp-content\/uploads\/2021\/06\/rsw_1400cg_true-1024x514.jpeg","contentUrl":"https:\/\/nailknowledge.org\/wp-content\/uploads\/2021\/06\/rsw_1400cg_true-1024x514.jpeg"},{"@type":"BreadcrumbList","@id":"https:\/\/nailknowledge.org\/nos-approved#breadcrumb","itemListElement":[{"@type":"ListItem","position":1,"name":"Home","item":"https:\/\/nailknowledge.org\/"},{"@type":"ListItem","position":2,"name":"National Occupational Standards are approved for Nails"}]},{"@type":"WebSite","@id":"https:\/\/new.nailknowledge.org\/#website","url":"https:\/\/new.nailknowledge.org\/","name":"Conocimientos de u\u00f1as","description":"","publisher":{"@id":"https:\/\/new.nailknowledge.org\/#organization"},"potentialAction":[{"@type":"SearchAction","target":{"@type":"EntryPoint","urlTemplate":"https:\/\/new.nailknowledge.org\/?s={search_term_string}"},"query-input":{"@type":"PropertyValueSpecification","valueRequired":true,"valueName":"search_term_string"}}],"inLanguage":"es"},{"@type":"Organization","@id":"https:\/\/new.nailknowledge.org\/#organization","name":"Conocimientos de u\u00f1as","url":"https:\/\/new.nailknowledge.org\/","logo":{"@type":"ImageObject","inLanguage":"es","@id":"https:\/\/new.nailknowledge.org\/#\/schema\/logo\/image\/","url":"https:\/\/nailknowledge.org\/wp-content\/uploads\/2026\/03\/KN-Logo-1.webp","contentUrl":"https:\/\/nailknowledge.org\/wp-content\/uploads\/2026\/03\/KN-Logo-1.webp","width":542,"height":100,"caption":"NailKnowledge"},"image":{"@id":"https:\/\/new.nailknowledge.org\/#\/schema\/logo\/image\/"}}]}},"_links":{"self":[{"href":"https:\/\/nailknowledge.org\/es\/wp-json\/wp\/v2\/pages\/36612","targetHints":{"allow":["GET"]}}],"collection":[{"href":"https:\/\/nailknowledge.org\/es\/wp-json\/wp\/v2\/pages"}],"about":[{"href":"https:\/\/nailknowledge.org\/es\/wp-json\/wp\/v2\/types\/page"}],"author":[{"embeddable":true,"href":"https:\/\/nailknowledge.org\/es\/wp-json\/wp\/v2\/users\/2"}],"replies":[{"embeddable":true,"href":"https:\/\/nailknowledge.org\/es\/wp-json\/wp\/v2\/comments?post=36612"}],"version-history":[{"count":0,"href":"https:\/\/nailknowledge.org\/es\/wp-json\/wp\/v2\/pages\/36612\/revisions"}],"wp:attachment":[{"href":"https:\/\/nailknowledge.org\/es\/wp-json\/wp\/v2\/media?parent=36612"}],"curies":[{"name":"wp","href":"https:\/\/api.w.org\/{rel}","templated":true}]}}