{"id":40569,"date":"2021-09-16T12:36:07","date_gmt":"2021-09-16T12:36:07","guid":{"rendered":"https:\/\/nailknowledge.org\/?page_id=40569"},"modified":"2025-10-27T17:36:14","modified_gmt":"2025-10-27T17:36:14","slug":"insignias-nailknowledge","status":"publish","type":"page","link":"https:\/\/nailknowledge.org\/es\/nailknowledge-badges","title":{"rendered":"Insignias"},"content":{"rendered":"<div style=\"height:40px\" aria-hidden=\"true\" class=\"wp-block-spacer\"><\/div>\n\n\n\n<h1 class=\"wp-block-heading has-text-align-center\">Insignias digitales NailKnowledge<\/h1>\n\n\n\n<div class=\"wp-block-group containter-max-width-1200\"><div class=\"wp-block-group__inner-container is-layout-constrained wp-block-group-is-layout-constrained\">\n<p>Cuando superes con \u00e9xito un curso de NailKnowledge, podr\u00e1s mostrar tus logros mostrando tu&nbsp;<strong>Insignia digital NailKnowledge<\/strong>una representaci\u00f3n visual \u00fanica y verificable de la consecuci\u00f3n del nivel necesario de destreza y conocimientos en la materia.&nbsp;<\/p>\n\n\n\n<div class=\"wp-block-columns is-layout-flex wp-container-core-columns-is-layout-9d6595d7 wp-block-columns-is-layout-flex\">\n<div class=\"wp-block-column is-layout-flow wp-block-column-is-layout-flow\"><div class=\"wp-block-image\">\n<figure class=\"aligncenter\"><a href=\"https:\/\/nailknowledge.org\/es\/insignias-nailknowledge\/la-insignia-de-la-unidad-de-unas\/\"><img loading=\"eager\" fetchpriority=\"high\" decoding=\"async\" src=\"https:\/\/nailknowledge.org\/wp-content\/uploads\/2021\/09\/NailKnowledge_badge_The-Nail-Unit-300x300.png\" alt=\"\"\/><\/a><figcaption class=\"wp-element-caption\">La Unidad de U\u00f1as<\/figcaption><\/figure>\n<\/div><\/div>\n\n\n\n<div class=\"wp-block-column is-layout-flow wp-block-column-is-layout-flow\"><div class=\"wp-block-image\">\n<figure class=\"aligncenter\"><a href=\"https:\/\/nailknowledge.org\/es\/insignias-nailknowledge\/quimica-del-producto\/\"><img loading=\"lazy\" decoding=\"async\" src=\"https:\/\/nailknowledge.org\/wp-content\/uploads\/2021\/09\/NailKnowledge_badge_Product-Chemistry-1-300x300.png\" alt=\"\"\/><\/a><figcaption class=\"wp-element-caption\">Qu\u00edmica del producto<\/figcaption><\/figure>\n<\/div><\/div>\n\n\n\n<div class=\"wp-block-column is-layout-flow wp-block-column-is-layout-flow\"><div class=\"wp-block-image\">\n<figure class=\"aligncenter\"><a href=\"https:\/\/nailknowledge.org\/es\/insignias-nailknowledge\/salud-y-seguridad\/\"><img loading=\"lazy\" decoding=\"async\" src=\"https:\/\/nailknowledge.org\/wp-content\/uploads\/2021\/09\/NailKnowledge_badge_Health-Safety-2-300x300.png\" alt=\"\"\/><\/a><figcaption class=\"wp-element-caption\">Salud y seguridad<\/figcaption><\/figure>\n<\/div><\/div>\n\n\n\n<div class=\"wp-block-column is-layout-flow wp-block-column-is-layout-flow\"><div class=\"wp-block-image\">\n<figure class=\"aligncenter\"><a href=\"https:\/\/nailknowledge.org\/es\/insignias-nailknowledge\/profesional-certificado-en-conocimiento-de-unas\/\"><img loading=\"lazy\" decoding=\"async\" src=\"https:\/\/nailknowledge.org\/wp-content\/uploads\/2021\/09\/CERTIFIED-NAIL-KNOWLEDGE-PROFESSIONAL-BADGES-1-300x300.png\" alt=\"\"\/><\/a><figcaption class=\"wp-element-caption\">Profesional certificado de NailKnowledge<\/figcaption><\/figure>\n<\/div><\/div>\n<\/div>\n\n\n\n<div class=\"wp-block-columns is-layout-flex wp-container-core-columns-is-layout-9d6595d7 wp-block-columns-is-layout-flex\">\n<div class=\"wp-block-column is-layout-flow wp-block-column-is-layout-flow\"><\/div>\n\n\n\n<div class=\"wp-block-column is-layout-flow wp-block-column-is-layout-flow\"><div class=\"wp-block-image\">\n<figure class=\"aligncenter\"><a href=\"https:\/\/nailknowledge.org\/es\/insignias-nailknowledge\/energia-uv-y-geles-uv-2\/\"><img loading=\"lazy\" decoding=\"async\" src=\"https:\/\/nailknowledge.org\/wp-content\/uploads\/2022\/04\/NailKnowledge_badge_UV-Energy-Gels-512.png\" alt=\"\"\/><\/a><figcaption class=\"wp-element-caption\">Energ\u00eda UV y geles<\/figcaption><\/figure>\n<\/div><\/div>\n\n\n\n<div class=\"wp-block-column is-layout-flow wp-block-column-is-layout-flow\"><div class=\"wp-block-image\">\n<figure class=\"aligncenter\"><a href=\"https:\/\/nailknowledge.org\/es\/insignias-nailknowledge\/alergias-y-como-se-producen-insignia-digital\/\"><img loading=\"lazy\" decoding=\"async\" src=\"https:\/\/nailknowledge.org\/wp-content\/uploads\/2022\/06\/NailKnowledge_badge_Nail-Allergies-1.png\" alt=\"\"\/><\/a><figcaption class=\"wp-element-caption\">Las alergias y c\u00f3mo se producen<\/figcaption><\/figure>\n<\/div><\/div>\n\n\n\n<div class=\"wp-block-column is-layout-flow wp-block-column-is-layout-flow\"><\/div>\n<\/div>\n\n\n\n<p>Actualmente contamos con seis insignias digitales que representan cada una de nuestras tres clases magistrales (la Unidad de U\u00f1as, Qu\u00edmica de Productos y Salud y Seguridad), nuestro diploma profesional NailKnowledge, Alergias y c\u00f3mo se producen y nuestro curso corto Energ\u00eda UV y Geles UV.<\/p>\n\n\n\n<p>Estas insignias est\u00e1n dise\u00f1adas para su uso en l\u00ednea, ya que pueden verificarse con un clic del rat\u00f3n, y se han creado para que puedan compartirse f\u00e1cilmente en las redes sociales, pero tambi\u00e9n puede imprimirlas y exponerlas, o incluirlas en su CV.<\/p>\n<\/div><\/div>\n\n\n\n<p><\/p>","protected":false},"excerpt":{"rendered":"<p>NailKnowledge Digital Badges When you successfully pass a NailKnowledge course, your achievement can be shown by displaying your&nbsp;NailKnowledge Digital Badge, a unique and verifiable visual representation of achieving the necessary level of skill and knowledge in the subject matter.&nbsp; We currently have six digital badges representing each of our three masterclasses (the Nail Unit, Product [&hellip;]<\/p>\n","protected":false},"author":35,"featured_media":0,"parent":0,"menu_order":0,"comment_status":"closed","ping_status":"closed","template":"","meta":{"_yoast_wpseo_focuskw":"","_yoast_wpseo_metadesc":"","_genesis_hide_title":false,"_genesis_hide_breadcrumbs":false,"_genesis_hide_singular_image":false,"_genesis_hide_footer_widgets":false,"_genesis_custom_body_class":"","_genesis_custom_post_class":"","_genesis_layout":"","footnotes":""},"class_list":{"0":"post-40569","1":"page","2":"type-page","3":"status-publish","5":"entry"},"yoast_head":"<!-- This site is optimized with the Yoast SEO plugin v27.4 - https:\/\/yoast.com\/product\/yoast-seo-wordpress\/ -->\n<title>Badges - NailKnowledge<\/title>\n<meta name=\"robots\" content=\"index, follow, max-snippet:-1, max-image-preview:large, max-video-preview:-1\" \/>\n<link rel=\"canonical\" href=\"https:\/\/nailknowledge.org\/es\/insignias-nailknowledge\/\" \/>\n<meta property=\"og:locale\" content=\"es_ES\" \/>\n<meta property=\"og:type\" content=\"article\" \/>\n<meta property=\"og:title\" content=\"Badges - NailKnowledge\" \/>\n<meta property=\"og:description\" content=\"NailKnowledge Digital Badges When you successfully pass a NailKnowledge course, your achievement can be shown by displaying your&nbsp;NailKnowledge Digital Badge, a unique and verifiable visual representation of achieving the necessary level of skill and knowledge in the subject matter.&nbsp; We currently have six digital badges representing each of our three masterclasses (the Nail Unit, Product [&hellip;]\" \/>\n<meta property=\"og:url\" content=\"https:\/\/nailknowledge.org\/es\/insignias-nailknowledge\/\" \/>\n<meta property=\"og:site_name\" content=\"NailKnowledge\" \/>\n<meta property=\"article:modified_time\" content=\"2025-10-27T17:36:14+00:00\" \/>\n<meta property=\"og:image\" content=\"https:\/\/nailknowledge.org\/wp-content\/uploads\/2021\/09\/NailKnowledge_badge_The-Nail-Unit-300x300.png\" \/>\n<meta name=\"twitter:card\" content=\"summary_large_image\" \/>\n<meta name=\"twitter:label1\" content=\"Tiempo de lectura\" \/>\n\t<meta name=\"twitter:data1\" content=\"2 minutos\" \/>\n<script type=\"application\/ld+json\" class=\"yoast-schema-graph\">{\"@context\":\"https:\\\/\\\/schema.org\",\"@graph\":[{\"@type\":\"WebPage\",\"@id\":\"https:\\\/\\\/nailknowledge.org\\\/nailknowledge-badges\",\"url\":\"https:\\\/\\\/nailknowledge.org\\\/nailknowledge-badges\",\"name\":\"Badges - NailKnowledge\",\"isPartOf\":{\"@id\":\"https:\\\/\\\/new.nailknowledge.org\\\/#website\"},\"primaryImageOfPage\":{\"@id\":\"https:\\\/\\\/nailknowledge.org\\\/nailknowledge-badges#primaryimage\"},\"image\":{\"@id\":\"https:\\\/\\\/nailknowledge.org\\\/nailknowledge-badges#primaryimage\"},\"thumbnailUrl\":\"https:\\\/\\\/nailknowledge.org\\\/wp-content\\\/uploads\\\/2021\\\/09\\\/NailKnowledge_badge_The-Nail-Unit-300x300.png\",\"datePublished\":\"2021-09-16T12:36:07+00:00\",\"dateModified\":\"2025-10-27T17:36:14+00:00\",\"breadcrumb\":{\"@id\":\"https:\\\/\\\/nailknowledge.org\\\/nailknowledge-badges#breadcrumb\"},\"inLanguage\":\"es\",\"potentialAction\":[{\"@type\":\"ReadAction\",\"target\":[\"https:\\\/\\\/nailknowledge.org\\\/nailknowledge-badges\"]}]},{\"@type\":\"ImageObject\",\"inLanguage\":\"es\",\"@id\":\"https:\\\/\\\/nailknowledge.org\\\/nailknowledge-badges#primaryimage\",\"url\":\"https:\\\/\\\/nailknowledge.org\\\/wp-content\\\/uploads\\\/2021\\\/09\\\/NailKnowledge_badge_The-Nail-Unit-300x300.png\",\"contentUrl\":\"https:\\\/\\\/nailknowledge.org\\\/wp-content\\\/uploads\\\/2021\\\/09\\\/NailKnowledge_badge_The-Nail-Unit-300x300.png\"},{\"@type\":\"BreadcrumbList\",\"@id\":\"https:\\\/\\\/nailknowledge.org\\\/nailknowledge-badges#breadcrumb\",\"itemListElement\":[{\"@type\":\"ListItem\",\"position\":1,\"name\":\"Home\",\"item\":\"https:\\\/\\\/nailknowledge.org\\\/\"},{\"@type\":\"ListItem\",\"position\":2,\"name\":\"Badges\"}]},{\"@type\":\"WebSite\",\"@id\":\"https:\\\/\\\/new.nailknowledge.org\\\/#website\",\"url\":\"https:\\\/\\\/new.nailknowledge.org\\\/\",\"name\":\"NailKnowledge\",\"description\":\"\",\"publisher\":{\"@id\":\"https:\\\/\\\/new.nailknowledge.org\\\/#organization\"},\"potentialAction\":[{\"@type\":\"SearchAction\",\"target\":{\"@type\":\"EntryPoint\",\"urlTemplate\":\"https:\\\/\\\/new.nailknowledge.org\\\/?s={search_term_string}\"},\"query-input\":{\"@type\":\"PropertyValueSpecification\",\"valueRequired\":true,\"valueName\":\"search_term_string\"}}],\"inLanguage\":\"es\"},{\"@type\":\"Organization\",\"@id\":\"https:\\\/\\\/new.nailknowledge.org\\\/#organization\",\"name\":\"NailKnowledge\",\"url\":\"https:\\\/\\\/new.nailknowledge.org\\\/\",\"logo\":{\"@type\":\"ImageObject\",\"inLanguage\":\"es\",\"@id\":\"https:\\\/\\\/new.nailknowledge.org\\\/#\\\/schema\\\/logo\\\/image\\\/\",\"url\":\"https:\\\/\\\/nailknowledge.org\\\/wp-content\\\/uploads\\\/2026\\\/03\\\/KN-Logo-1.webp\",\"contentUrl\":\"https:\\\/\\\/nailknowledge.org\\\/wp-content\\\/uploads\\\/2026\\\/03\\\/KN-Logo-1.webp\",\"width\":542,\"height\":100,\"caption\":\"NailKnowledge\"},\"image\":{\"@id\":\"https:\\\/\\\/new.nailknowledge.org\\\/#\\\/schema\\\/logo\\\/image\\\/\"}}]}<\/script>\n<!-- \/ Yoast SEO plugin. -->","yoast_head_json":{"title":"Insignias - NailKnowledge","robots":{"index":"index","follow":"follow","max-snippet":"max-snippet:-1","max-image-preview":"max-image-preview:large","max-video-preview":"max-video-preview:-1"},"canonical":"https:\/\/nailknowledge.org\/es\/insignias-nailknowledge\/","og_locale":"es_ES","og_type":"article","og_title":"Badges - NailKnowledge","og_description":"NailKnowledge Digital Badges When you successfully pass a NailKnowledge course, your achievement can be shown by displaying your&nbsp;NailKnowledge Digital Badge, a unique and verifiable visual representation of achieving the necessary level of skill and knowledge in the subject matter.&nbsp; We currently have six digital badges representing each of our three masterclasses (the Nail Unit, Product [&hellip;]","og_url":"https:\/\/nailknowledge.org\/es\/insignias-nailknowledge\/","og_site_name":"NailKnowledge","article_modified_time":"2025-10-27T17:36:14+00:00","og_image":[{"url":"https:\/\/nailknowledge.org\/wp-content\/uploads\/2021\/09\/NailKnowledge_badge_The-Nail-Unit-300x300.png","type":"","width":"","height":""}],"twitter_card":"summary_large_image","twitter_misc":{"Tiempo de lectura":"2 minutos"},"schema":{"@context":"https:\/\/schema.org","@graph":[{"@type":"WebPage","@id":"https:\/\/nailknowledge.org\/nailknowledge-badges","url":"https:\/\/nailknowledge.org\/nailknowledge-badges","name":"Insignias - NailKnowledge","isPartOf":{"@id":"https:\/\/new.nailknowledge.org\/#website"},"primaryImageOfPage":{"@id":"https:\/\/nailknowledge.org\/nailknowledge-badges#primaryimage"},"image":{"@id":"https:\/\/nailknowledge.org\/nailknowledge-badges#primaryimage"},"thumbnailUrl":"https:\/\/nailknowledge.org\/wp-content\/uploads\/2021\/09\/NailKnowledge_badge_The-Nail-Unit-300x300.png","datePublished":"2021-09-16T12:36:07+00:00","dateModified":"2025-10-27T17:36:14+00:00","breadcrumb":{"@id":"https:\/\/nailknowledge.org\/nailknowledge-badges#breadcrumb"},"inLanguage":"es","potentialAction":[{"@type":"ReadAction","target":["https:\/\/nailknowledge.org\/nailknowledge-badges"]}]},{"@type":"ImageObject","inLanguage":"es","@id":"https:\/\/nailknowledge.org\/nailknowledge-badges#primaryimage","url":"https:\/\/nailknowledge.org\/wp-content\/uploads\/2021\/09\/NailKnowledge_badge_The-Nail-Unit-300x300.png","contentUrl":"https:\/\/nailknowledge.org\/wp-content\/uploads\/2021\/09\/NailKnowledge_badge_The-Nail-Unit-300x300.png"},{"@type":"BreadcrumbList","@id":"https:\/\/nailknowledge.org\/nailknowledge-badges#breadcrumb","itemListElement":[{"@type":"ListItem","position":1,"name":"Home","item":"https:\/\/nailknowledge.org\/"},{"@type":"ListItem","position":2,"name":"Badges"}]},{"@type":"WebSite","@id":"https:\/\/new.nailknowledge.org\/#website","url":"https:\/\/new.nailknowledge.org\/","name":"Conocimientos de u\u00f1as","description":"","publisher":{"@id":"https:\/\/new.nailknowledge.org\/#organization"},"potentialAction":[{"@type":"SearchAction","target":{"@type":"EntryPoint","urlTemplate":"https:\/\/new.nailknowledge.org\/?s={search_term_string}"},"query-input":{"@type":"PropertyValueSpecification","valueRequired":true,"valueName":"search_term_string"}}],"inLanguage":"es"},{"@type":"Organization","@id":"https:\/\/new.nailknowledge.org\/#organization","name":"Conocimientos de u\u00f1as","url":"https:\/\/new.nailknowledge.org\/","logo":{"@type":"ImageObject","inLanguage":"es","@id":"https:\/\/new.nailknowledge.org\/#\/schema\/logo\/image\/","url":"https:\/\/nailknowledge.org\/wp-content\/uploads\/2026\/03\/KN-Logo-1.webp","contentUrl":"https:\/\/nailknowledge.org\/wp-content\/uploads\/2026\/03\/KN-Logo-1.webp","width":542,"height":100,"caption":"NailKnowledge"},"image":{"@id":"https:\/\/new.nailknowledge.org\/#\/schema\/logo\/image\/"}}]}},"_links":{"self":[{"href":"https:\/\/nailknowledge.org\/es\/wp-json\/wp\/v2\/pages\/40569","targetHints":{"allow":["GET"]}}],"collection":[{"href":"https:\/\/nailknowledge.org\/es\/wp-json\/wp\/v2\/pages"}],"about":[{"href":"https:\/\/nailknowledge.org\/es\/wp-json\/wp\/v2\/types\/page"}],"author":[{"embeddable":true,"href":"https:\/\/nailknowledge.org\/es\/wp-json\/wp\/v2\/users\/35"}],"replies":[{"embeddable":true,"href":"https:\/\/nailknowledge.org\/es\/wp-json\/wp\/v2\/comments?post=40569"}],"version-history":[{"count":5,"href":"https:\/\/nailknowledge.org\/es\/wp-json\/wp\/v2\/pages\/40569\/revisions"}],"predecessor-version":[{"id":148094,"href":"https:\/\/nailknowledge.org\/es\/wp-json\/wp\/v2\/pages\/40569\/revisions\/148094"}],"wp:attachment":[{"href":"https:\/\/nailknowledge.org\/es\/wp-json\/wp\/v2\/media?parent=40569"}],"curies":[{"name":"wp","href":"https:\/\/api.w.org\/{rel}","templated":true}]}}