{"id":40603,"date":"2021-09-16T12:42:53","date_gmt":"2021-09-16T12:42:53","guid":{"rendered":"https:\/\/nailknowledge.org\/?page_id=40603"},"modified":"2022-05-10T15:47:38","modified_gmt":"2022-05-10T15:47:38","slug":"quimica-del-producto","status":"publish","type":"page","link":"https:\/\/nailknowledge.org\/es\/nailknowledge-badges\/product-chemistry","title":{"rendered":"Qu\u00edmica del producto"},"content":{"rendered":"<p><img loading=\"eager\" fetchpriority=\"high\" decoding=\"async\" width=\"1024\" height=\"1024\" src=\"https:\/\/nailknowledge.org\/wp-content\/uploads\/2021\/09\/NailKnowledge_badge_Product-Chemistry-1-1024x1024.png\" alt=\"\" \/>\t\t\t\t\t\t\t\t\t\t\t\t\t\t<\/p>\n<h1>Insignia digital de qu\u00edmica de productos<\/h1>\n<h3>Emitido por NailKnowledge<\/h3>\n<p>La Insignia Digital de Qu\u00edmica de Productos de NailKnowledge indica que el receptor ha superado con \u00e9xito la Masterclass de Qu\u00edmica de Productos y ha alcanzado un nivel adecuado de competencia en la ciencia que hay detr\u00e1s de los productos utilizados en la industria de las u\u00f1as.<\/p>\n<h3>Criterios de aprobaci\u00f3n:<\/h3>\n<ul>\n<li>Completar m\u00e1s de dos horas de formaci\u00f3n a distancia impartidas en cinco lecciones<\/li>\n<li>Superar con \u00e9xito 10 puntos de conocimiento, 5 ex\u00e1menes de comprobaci\u00f3n de conocimientos, alcanzando el 100%.<\/li>\n<\/ul>\n<h3>Temas tratados:<\/h3>\n<ul>\n<li>\u00bfQu\u00e9 es una sustancia qu\u00edmica?<\/li>\n<li>Lociones, pociones y abrillantadores<\/li>\n<li>Los acr\u00edlicos y su lugar en la industria<\/li>\n<li>L\u00edquido y polvo<\/li>\n<li>Geles UV y otros sistemas<\/li>\n<\/ul>\n<h3>Sobre el curso: <\/h3>\n<p>La Masterclass de Qu\u00edmica de Productos de NailKnowledge explora la qu\u00edmica de los productos para u\u00f1as y lo que ocurre en la u\u00f1a, explicando el proceso de polimerizaci\u00f3n, los acr\u00edlicos, los geles UV y los l\u00edquidos y polvos, utilizando animaciones en 3D potentes y atractivas para desmenuzar la compleja ciencia, para que entiendas las reacciones qu\u00edmicas que se encuentran en el coraz\u00f3n de la industria de las u\u00f1as. M\u00e1s informaci\u00f3n\u00a0<a href=\"https:\/\/nailknowledge.org\/es\/cursos\/product-chemistry-masterclass\/\">aqu\u00ed<\/a><\/p>","protected":false},"excerpt":{"rendered":"<p>Product Chemistry Digital Badge Issued by NailKnowledge NailKnowledge\u2019s Product Chemistry Digital Badge indicates the recipient has successfully passed the Product Chemistry Masterclass and attained a suitable level of subject competence in the science behind the products used in the nail industry. Pass Criteria: Complete over two hours of distance learning taught over five lessons Successfully [&hellip;]<\/p>\n","protected":false},"author":35,"featured_media":0,"parent":40569,"menu_order":0,"comment_status":"closed","ping_status":"closed","template":"","meta":{"_yoast_wpseo_focuskw":"","_yoast_wpseo_metadesc":"","_genesis_hide_title":false,"_genesis_hide_breadcrumbs":false,"_genesis_hide_singular_image":false,"_genesis_hide_footer_widgets":false,"_genesis_custom_body_class":"","_genesis_custom_post_class":"","_genesis_layout":"","footnotes":""},"class_list":{"0":"post-40603","1":"page","2":"type-page","3":"status-publish","5":"entry"},"yoast_head":"<!-- This site is optimized with the Yoast SEO plugin v27.4 - https:\/\/yoast.com\/product\/yoast-seo-wordpress\/ -->\n<title>Product Chemistry - NailKnowledge<\/title>\n<meta name=\"robots\" content=\"index, follow, max-snippet:-1, max-image-preview:large, max-video-preview:-1\" \/>\n<link rel=\"canonical\" href=\"https:\/\/nailknowledge.org\/es\/insignias-nailknowledge\/quimica-del-producto\/\" \/>\n<meta property=\"og:locale\" content=\"es_ES\" \/>\n<meta property=\"og:type\" content=\"article\" \/>\n<meta property=\"og:title\" content=\"Product Chemistry - NailKnowledge\" \/>\n<meta property=\"og:description\" content=\"Product Chemistry Digital Badge Issued by NailKnowledge NailKnowledge\u2019s Product Chemistry Digital Badge indicates the recipient has successfully passed the Product Chemistry Masterclass and attained a suitable level of subject competence in the science behind the products used in the nail industry. Pass Criteria: Complete over two hours of distance learning taught over five lessons Successfully [&hellip;]\" \/>\n<meta property=\"og:url\" content=\"https:\/\/nailknowledge.org\/es\/insignias-nailknowledge\/quimica-del-producto\/\" \/>\n<meta property=\"og:site_name\" content=\"NailKnowledge\" \/>\n<meta property=\"article:modified_time\" content=\"2022-05-10T15:47:38+00:00\" \/>\n<meta property=\"og:image\" content=\"https:\/\/nailknowledge.org\/wp-content\/uploads\/2023\/03\/image002.jpg\" \/>\n\t<meta property=\"og:image:width\" content=\"545\" \/>\n\t<meta property=\"og:image:height\" content=\"295\" \/>\n\t<meta property=\"og:image:type\" content=\"image\/jpeg\" \/>\n<meta name=\"twitter:card\" content=\"summary_large_image\" \/>\n<meta name=\"twitter:label1\" content=\"Tiempo de lectura\" \/>\n\t<meta name=\"twitter:data1\" content=\"1 minuto\" \/>\n<script type=\"application\/ld+json\" class=\"yoast-schema-graph\">{\"@context\":\"https:\\\/\\\/schema.org\",\"@graph\":[{\"@type\":\"WebPage\",\"@id\":\"https:\\\/\\\/nailknowledge.org\\\/nailknowledge-badges\\\/product-chemistry\",\"url\":\"https:\\\/\\\/nailknowledge.org\\\/nailknowledge-badges\\\/product-chemistry\",\"name\":\"Product Chemistry - NailKnowledge\",\"isPartOf\":{\"@id\":\"https:\\\/\\\/new.nailknowledge.org\\\/#website\"},\"primaryImageOfPage\":{\"@id\":\"https:\\\/\\\/nailknowledge.org\\\/nailknowledge-badges\\\/product-chemistry#primaryimage\"},\"image\":{\"@id\":\"https:\\\/\\\/nailknowledge.org\\\/nailknowledge-badges\\\/product-chemistry#primaryimage\"},\"thumbnailUrl\":\"https:\\\/\\\/nailknowledge.org\\\/wp-content\\\/uploads\\\/2021\\\/09\\\/NailKnowledge_badge_Product-Chemistry-1-1024x1024.png\",\"datePublished\":\"2021-09-16T12:42:53+00:00\",\"dateModified\":\"2022-05-10T15:47:38+00:00\",\"breadcrumb\":{\"@id\":\"https:\\\/\\\/nailknowledge.org\\\/nailknowledge-badges\\\/product-chemistry#breadcrumb\"},\"inLanguage\":\"es\",\"potentialAction\":[{\"@type\":\"ReadAction\",\"target\":[\"https:\\\/\\\/nailknowledge.org\\\/nailknowledge-badges\\\/product-chemistry\"]}]},{\"@type\":\"ImageObject\",\"inLanguage\":\"es\",\"@id\":\"https:\\\/\\\/nailknowledge.org\\\/nailknowledge-badges\\\/product-chemistry#primaryimage\",\"url\":\"https:\\\/\\\/nailknowledge.org\\\/wp-content\\\/uploads\\\/2021\\\/09\\\/NailKnowledge_badge_Product-Chemistry-1-1024x1024.png\",\"contentUrl\":\"https:\\\/\\\/nailknowledge.org\\\/wp-content\\\/uploads\\\/2021\\\/09\\\/NailKnowledge_badge_Product-Chemistry-1-1024x1024.png\"},{\"@type\":\"BreadcrumbList\",\"@id\":\"https:\\\/\\\/nailknowledge.org\\\/nailknowledge-badges\\\/product-chemistry#breadcrumb\",\"itemListElement\":[{\"@type\":\"ListItem\",\"position\":1,\"name\":\"Home\",\"item\":\"https:\\\/\\\/nailknowledge.org\\\/\"},{\"@type\":\"ListItem\",\"position\":2,\"name\":\"Badges\",\"item\":\"https:\\\/\\\/nailknowledge.org\\\/nailknowledge-badges\"},{\"@type\":\"ListItem\",\"position\":3,\"name\":\"Product Chemistry\"}]},{\"@type\":\"WebSite\",\"@id\":\"https:\\\/\\\/new.nailknowledge.org\\\/#website\",\"url\":\"https:\\\/\\\/new.nailknowledge.org\\\/\",\"name\":\"NailKnowledge\",\"description\":\"\",\"publisher\":{\"@id\":\"https:\\\/\\\/new.nailknowledge.org\\\/#organization\"},\"potentialAction\":[{\"@type\":\"SearchAction\",\"target\":{\"@type\":\"EntryPoint\",\"urlTemplate\":\"https:\\\/\\\/new.nailknowledge.org\\\/?s={search_term_string}\"},\"query-input\":{\"@type\":\"PropertyValueSpecification\",\"valueRequired\":true,\"valueName\":\"search_term_string\"}}],\"inLanguage\":\"es\"},{\"@type\":\"Organization\",\"@id\":\"https:\\\/\\\/new.nailknowledge.org\\\/#organization\",\"name\":\"NailKnowledge\",\"url\":\"https:\\\/\\\/new.nailknowledge.org\\\/\",\"logo\":{\"@type\":\"ImageObject\",\"inLanguage\":\"es\",\"@id\":\"https:\\\/\\\/new.nailknowledge.org\\\/#\\\/schema\\\/logo\\\/image\\\/\",\"url\":\"https:\\\/\\\/nailknowledge.org\\\/wp-content\\\/uploads\\\/2026\\\/03\\\/KN-Logo-1.webp\",\"contentUrl\":\"https:\\\/\\\/nailknowledge.org\\\/wp-content\\\/uploads\\\/2026\\\/03\\\/KN-Logo-1.webp\",\"width\":542,\"height\":100,\"caption\":\"NailKnowledge\"},\"image\":{\"@id\":\"https:\\\/\\\/new.nailknowledge.org\\\/#\\\/schema\\\/logo\\\/image\\\/\"}}]}<\/script>\n<!-- \/ Yoast SEO plugin. -->","yoast_head_json":{"title":"Qu\u00edmica del producto - NailKnowledge","robots":{"index":"index","follow":"follow","max-snippet":"max-snippet:-1","max-image-preview":"max-image-preview:large","max-video-preview":"max-video-preview:-1"},"canonical":"https:\/\/nailknowledge.org\/es\/insignias-nailknowledge\/quimica-del-producto\/","og_locale":"es_ES","og_type":"article","og_title":"Product Chemistry - NailKnowledge","og_description":"Product Chemistry Digital Badge Issued by NailKnowledge NailKnowledge\u2019s Product Chemistry Digital Badge indicates the recipient has successfully passed the Product Chemistry Masterclass and attained a suitable level of subject competence in the science behind the products used in the nail industry. Pass Criteria: Complete over two hours of distance learning taught over five lessons Successfully [&hellip;]","og_url":"https:\/\/nailknowledge.org\/es\/insignias-nailknowledge\/quimica-del-producto\/","og_site_name":"NailKnowledge","article_modified_time":"2022-05-10T15:47:38+00:00","og_image":[{"width":545,"height":295,"url":"https:\/\/nailknowledge.org\/wp-content\/uploads\/2023\/03\/image002.jpg","type":"image\/jpeg"}],"twitter_card":"summary_large_image","twitter_misc":{"Tiempo de lectura":"1 minuto"},"schema":{"@context":"https:\/\/schema.org","@graph":[{"@type":"WebPage","@id":"https:\/\/nailknowledge.org\/nailknowledge-badges\/product-chemistry","url":"https:\/\/nailknowledge.org\/nailknowledge-badges\/product-chemistry","name":"Qu\u00edmica del producto - NailKnowledge","isPartOf":{"@id":"https:\/\/new.nailknowledge.org\/#website"},"primaryImageOfPage":{"@id":"https:\/\/nailknowledge.org\/nailknowledge-badges\/product-chemistry#primaryimage"},"image":{"@id":"https:\/\/nailknowledge.org\/nailknowledge-badges\/product-chemistry#primaryimage"},"thumbnailUrl":"https:\/\/nailknowledge.org\/wp-content\/uploads\/2021\/09\/NailKnowledge_badge_Product-Chemistry-1-1024x1024.png","datePublished":"2021-09-16T12:42:53+00:00","dateModified":"2022-05-10T15:47:38+00:00","breadcrumb":{"@id":"https:\/\/nailknowledge.org\/nailknowledge-badges\/product-chemistry#breadcrumb"},"inLanguage":"es","potentialAction":[{"@type":"ReadAction","target":["https:\/\/nailknowledge.org\/nailknowledge-badges\/product-chemistry"]}]},{"@type":"ImageObject","inLanguage":"es","@id":"https:\/\/nailknowledge.org\/nailknowledge-badges\/product-chemistry#primaryimage","url":"https:\/\/nailknowledge.org\/wp-content\/uploads\/2021\/09\/NailKnowledge_badge_Product-Chemistry-1-1024x1024.png","contentUrl":"https:\/\/nailknowledge.org\/wp-content\/uploads\/2021\/09\/NailKnowledge_badge_Product-Chemistry-1-1024x1024.png"},{"@type":"BreadcrumbList","@id":"https:\/\/nailknowledge.org\/nailknowledge-badges\/product-chemistry#breadcrumb","itemListElement":[{"@type":"ListItem","position":1,"name":"Home","item":"https:\/\/nailknowledge.org\/"},{"@type":"ListItem","position":2,"name":"Badges","item":"https:\/\/nailknowledge.org\/nailknowledge-badges"},{"@type":"ListItem","position":3,"name":"Product Chemistry"}]},{"@type":"WebSite","@id":"https:\/\/new.nailknowledge.org\/#website","url":"https:\/\/new.nailknowledge.org\/","name":"Conocimientos de u\u00f1as","description":"","publisher":{"@id":"https:\/\/new.nailknowledge.org\/#organization"},"potentialAction":[{"@type":"SearchAction","target":{"@type":"EntryPoint","urlTemplate":"https:\/\/new.nailknowledge.org\/?s={search_term_string}"},"query-input":{"@type":"PropertyValueSpecification","valueRequired":true,"valueName":"search_term_string"}}],"inLanguage":"es"},{"@type":"Organization","@id":"https:\/\/new.nailknowledge.org\/#organization","name":"Conocimientos de u\u00f1as","url":"https:\/\/new.nailknowledge.org\/","logo":{"@type":"ImageObject","inLanguage":"es","@id":"https:\/\/new.nailknowledge.org\/#\/schema\/logo\/image\/","url":"https:\/\/nailknowledge.org\/wp-content\/uploads\/2026\/03\/KN-Logo-1.webp","contentUrl":"https:\/\/nailknowledge.org\/wp-content\/uploads\/2026\/03\/KN-Logo-1.webp","width":542,"height":100,"caption":"NailKnowledge"},"image":{"@id":"https:\/\/new.nailknowledge.org\/#\/schema\/logo\/image\/"}}]}},"_links":{"self":[{"href":"https:\/\/nailknowledge.org\/es\/wp-json\/wp\/v2\/pages\/40603","targetHints":{"allow":["GET"]}}],"collection":[{"href":"https:\/\/nailknowledge.org\/es\/wp-json\/wp\/v2\/pages"}],"about":[{"href":"https:\/\/nailknowledge.org\/es\/wp-json\/wp\/v2\/types\/page"}],"author":[{"embeddable":true,"href":"https:\/\/nailknowledge.org\/es\/wp-json\/wp\/v2\/users\/35"}],"replies":[{"embeddable":true,"href":"https:\/\/nailknowledge.org\/es\/wp-json\/wp\/v2\/comments?post=40603"}],"version-history":[{"count":0,"href":"https:\/\/nailknowledge.org\/es\/wp-json\/wp\/v2\/pages\/40603\/revisions"}],"up":[{"embeddable":true,"href":"https:\/\/nailknowledge.org\/es\/wp-json\/wp\/v2\/pages\/40569"}],"wp:attachment":[{"href":"https:\/\/nailknowledge.org\/es\/wp-json\/wp\/v2\/media?parent=40603"}],"curies":[{"name":"wp","href":"https:\/\/api.w.org\/{rel}","templated":true}]}}