{"id":40608,"date":"2021-09-16T12:43:44","date_gmt":"2021-09-16T12:43:44","guid":{"rendered":"https:\/\/nailknowledge.org\/?page_id=40608"},"modified":"2022-05-10T15:50:19","modified_gmt":"2022-05-10T15:50:19","slug":"salud-y-seguridad","status":"publish","type":"page","link":"https:\/\/nailknowledge.org\/es\/nailknowledge-badges\/health-and-safety","title":{"rendered":"Salud y seguridad"},"content":{"rendered":"<p><img loading=\"eager\" fetchpriority=\"high\" decoding=\"async\" width=\"1024\" height=\"1024\" src=\"https:\/\/nailknowledge.org\/wp-content\/uploads\/2021\/09\/NailKnowledge_badge_Health-Safety-2-1024x1024.png\" alt=\"\" \/>\t\t\t\t\t\t\t\t\t\t\t\t\t\t<\/p>\n<h1>Insignia Digital de Salud y Seguridad<\/h1>\n<h3>Emitido por NailKnowledge<\/h3>\n<p>La Insignia Digital de Salud y Seguridad de NailKnowledge indica que el destinatario ha superado con \u00e9xito la Masterclass de Salud y Seguridad y ha alcanzado un nivel adecuado de competencia tem\u00e1tica en este tema esencial.<\/p>\n<h3>Criterios de aprobaci\u00f3n:<\/h3>\n<ul>\n<li>Completar dos horas de formaci\u00f3n a distancia impartidas en cinco lecciones<\/li>\n<li>Superar con \u00e9xito 10 puntos de conocimiento, 5 ex\u00e1menes de comprobaci\u00f3n de conocimientos, alcanzando el 100%.<\/li>\n<\/ul>\n<h3>Temas tratados:<\/h3>\n<ul>\n<li>Su entorno de trabajo<\/li>\n<li>Higiene<\/li>\n<li>Uso seguro de los productos<\/li>\n<li>Alergias e irritaciones<\/li>\n<li>Trabajar con los clientes<\/li>\n<\/ul>\n<h3>Sobre el curso: <\/h3>\n<p>La Masterclass de Salud y Seguridad de NailKnowledge proporciona consejos esenciales de salud y seguridad para mantenerte a ti y a tus clientes seguros. Incluye estrategias para minimizar los riesgos derivados del entorno de trabajo, el polvo, los vapores y los productos, adem\u00e1s de explorar el creciente problema de las alergias y las irritaciones. M\u00e1s informaci\u00f3n\u00a0<a href=\"https:\/\/nailknowledge.org\/es\/cursos\/health-safety-masterclass\/\">aqu\u00ed<\/a><\/p>","protected":false},"excerpt":{"rendered":"<p>Health and Safety Digital Badge Issued by NailKnowledge NailKnowledge&#8217;s Health and Safety Digital Badge indicates the recipient has successfully passed the Health and Safety Masterclass and attained a suitable level of subject competence in this essential topic. Pass Criteria: Complete two hours of distance learning taught over five lessons Successfully pass 10 knowledge points, 5 [&hellip;]<\/p>\n","protected":false},"author":35,"featured_media":0,"parent":40569,"menu_order":0,"comment_status":"closed","ping_status":"closed","template":"","meta":{"_yoast_wpseo_focuskw":"","_yoast_wpseo_metadesc":"","_genesis_hide_title":false,"_genesis_hide_breadcrumbs":false,"_genesis_hide_singular_image":false,"_genesis_hide_footer_widgets":false,"_genesis_custom_body_class":"","_genesis_custom_post_class":"","_genesis_layout":"","footnotes":""},"class_list":{"0":"post-40608","1":"page","2":"type-page","3":"status-publish","5":"entry"},"yoast_head":"<!-- This site is optimized with the Yoast SEO plugin v27.5 - https:\/\/yoast.com\/product\/yoast-seo-wordpress\/ -->\n<title>Health &amp; Safety - NailKnowledge<\/title>\n<meta name=\"robots\" content=\"index, follow, max-snippet:-1, max-image-preview:large, max-video-preview:-1\" \/>\n<link rel=\"canonical\" href=\"https:\/\/nailknowledge.org\/es\/insignias-nailknowledge\/salud-y-seguridad\/\" \/>\n<meta property=\"og:locale\" content=\"es_ES\" \/>\n<meta property=\"og:type\" content=\"article\" \/>\n<meta property=\"og:title\" content=\"Health &amp; Safety - NailKnowledge\" \/>\n<meta property=\"og:description\" content=\"Health and Safety Digital Badge Issued by NailKnowledge NailKnowledge&#8217;s Health and Safety Digital Badge indicates the recipient has successfully passed the Health and Safety Masterclass and attained a suitable level of subject competence in this essential topic. Pass Criteria: Complete two hours of distance learning taught over five lessons Successfully pass 10 knowledge points, 5 [&hellip;]\" \/>\n<meta property=\"og:url\" content=\"https:\/\/nailknowledge.org\/es\/insignias-nailknowledge\/salud-y-seguridad\/\" \/>\n<meta property=\"og:site_name\" content=\"NailKnowledge\" \/>\n<meta property=\"article:modified_time\" content=\"2022-05-10T15:50:19+00:00\" \/>\n<meta property=\"og:image\" content=\"https:\/\/nailknowledge.org\/wp-content\/uploads\/2023\/03\/image002.jpg\" \/>\n\t<meta property=\"og:image:width\" content=\"545\" \/>\n\t<meta property=\"og:image:height\" content=\"295\" \/>\n\t<meta property=\"og:image:type\" content=\"image\/jpeg\" \/>\n<meta name=\"twitter:card\" content=\"summary_large_image\" \/>\n<meta name=\"twitter:label1\" content=\"Tiempo de lectura\" \/>\n\t<meta name=\"twitter:data1\" content=\"1 minuto\" \/>\n<script type=\"application\/ld+json\" class=\"yoast-schema-graph\">{\"@context\":\"https:\\\/\\\/schema.org\",\"@graph\":[{\"@type\":\"WebPage\",\"@id\":\"https:\\\/\\\/nailknowledge.org\\\/nailknowledge-badges\\\/health-and-safety\",\"url\":\"https:\\\/\\\/nailknowledge.org\\\/nailknowledge-badges\\\/health-and-safety\",\"name\":\"Health & Safety - NailKnowledge\",\"isPartOf\":{\"@id\":\"https:\\\/\\\/new.nailknowledge.org\\\/#website\"},\"primaryImageOfPage\":{\"@id\":\"https:\\\/\\\/nailknowledge.org\\\/nailknowledge-badges\\\/health-and-safety#primaryimage\"},\"image\":{\"@id\":\"https:\\\/\\\/nailknowledge.org\\\/nailknowledge-badges\\\/health-and-safety#primaryimage\"},\"thumbnailUrl\":\"https:\\\/\\\/nailknowledge.org\\\/wp-content\\\/uploads\\\/2021\\\/09\\\/NailKnowledge_badge_Health-Safety-2-1024x1024.png\",\"datePublished\":\"2021-09-16T12:43:44+00:00\",\"dateModified\":\"2022-05-10T15:50:19+00:00\",\"breadcrumb\":{\"@id\":\"https:\\\/\\\/nailknowledge.org\\\/nailknowledge-badges\\\/health-and-safety#breadcrumb\"},\"inLanguage\":\"es\",\"potentialAction\":[{\"@type\":\"ReadAction\",\"target\":[\"https:\\\/\\\/nailknowledge.org\\\/nailknowledge-badges\\\/health-and-safety\"]}]},{\"@type\":\"ImageObject\",\"inLanguage\":\"es\",\"@id\":\"https:\\\/\\\/nailknowledge.org\\\/nailknowledge-badges\\\/health-and-safety#primaryimage\",\"url\":\"https:\\\/\\\/nailknowledge.org\\\/wp-content\\\/uploads\\\/2021\\\/09\\\/NailKnowledge_badge_Health-Safety-2-1024x1024.png\",\"contentUrl\":\"https:\\\/\\\/nailknowledge.org\\\/wp-content\\\/uploads\\\/2021\\\/09\\\/NailKnowledge_badge_Health-Safety-2-1024x1024.png\"},{\"@type\":\"BreadcrumbList\",\"@id\":\"https:\\\/\\\/nailknowledge.org\\\/nailknowledge-badges\\\/health-and-safety#breadcrumb\",\"itemListElement\":[{\"@type\":\"ListItem\",\"position\":1,\"name\":\"Home\",\"item\":\"https:\\\/\\\/nailknowledge.org\\\/\"},{\"@type\":\"ListItem\",\"position\":2,\"name\":\"Badges\",\"item\":\"https:\\\/\\\/nailknowledge.org\\\/nailknowledge-badges\"},{\"@type\":\"ListItem\",\"position\":3,\"name\":\"Health &#038; Safety\"}]},{\"@type\":\"WebSite\",\"@id\":\"https:\\\/\\\/new.nailknowledge.org\\\/#website\",\"url\":\"https:\\\/\\\/new.nailknowledge.org\\\/\",\"name\":\"NailKnowledge\",\"description\":\"\",\"publisher\":{\"@id\":\"https:\\\/\\\/new.nailknowledge.org\\\/#organization\"},\"potentialAction\":[{\"@type\":\"SearchAction\",\"target\":{\"@type\":\"EntryPoint\",\"urlTemplate\":\"https:\\\/\\\/new.nailknowledge.org\\\/?s={search_term_string}\"},\"query-input\":{\"@type\":\"PropertyValueSpecification\",\"valueRequired\":true,\"valueName\":\"search_term_string\"}}],\"inLanguage\":\"es\"},{\"@type\":\"Organization\",\"@id\":\"https:\\\/\\\/new.nailknowledge.org\\\/#organization\",\"name\":\"NailKnowledge\",\"url\":\"https:\\\/\\\/new.nailknowledge.org\\\/\",\"logo\":{\"@type\":\"ImageObject\",\"inLanguage\":\"es\",\"@id\":\"https:\\\/\\\/new.nailknowledge.org\\\/#\\\/schema\\\/logo\\\/image\\\/\",\"url\":\"https:\\\/\\\/nailknowledge.org\\\/wp-content\\\/uploads\\\/2026\\\/03\\\/KN-Logo-1.webp\",\"contentUrl\":\"https:\\\/\\\/nailknowledge.org\\\/wp-content\\\/uploads\\\/2026\\\/03\\\/KN-Logo-1.webp\",\"width\":542,\"height\":100,\"caption\":\"NailKnowledge\"},\"image\":{\"@id\":\"https:\\\/\\\/new.nailknowledge.org\\\/#\\\/schema\\\/logo\\\/image\\\/\"}}]}<\/script>\n<!-- \/ Yoast SEO plugin. -->","yoast_head_json":{"title":"Salud y seguridad - NailKnowledge","robots":{"index":"index","follow":"follow","max-snippet":"max-snippet:-1","max-image-preview":"max-image-preview:large","max-video-preview":"max-video-preview:-1"},"canonical":"https:\/\/nailknowledge.org\/es\/insignias-nailknowledge\/salud-y-seguridad\/","og_locale":"es_ES","og_type":"article","og_title":"Health & Safety - NailKnowledge","og_description":"Health and Safety Digital Badge Issued by NailKnowledge NailKnowledge&#8217;s Health and Safety Digital Badge indicates the recipient has successfully passed the Health and Safety Masterclass and attained a suitable level of subject competence in this essential topic. Pass Criteria: Complete two hours of distance learning taught over five lessons Successfully pass 10 knowledge points, 5 [&hellip;]","og_url":"https:\/\/nailknowledge.org\/es\/insignias-nailknowledge\/salud-y-seguridad\/","og_site_name":"NailKnowledge","article_modified_time":"2022-05-10T15:50:19+00:00","og_image":[{"width":545,"height":295,"url":"https:\/\/nailknowledge.org\/wp-content\/uploads\/2023\/03\/image002.jpg","type":"image\/jpeg"}],"twitter_card":"summary_large_image","twitter_misc":{"Tiempo de lectura":"1 minuto"},"schema":{"@context":"https:\/\/schema.org","@graph":[{"@type":"WebPage","@id":"https:\/\/nailknowledge.org\/nailknowledge-badges\/health-and-safety","url":"https:\/\/nailknowledge.org\/nailknowledge-badges\/health-and-safety","name":"Salud y seguridad - NailKnowledge","isPartOf":{"@id":"https:\/\/new.nailknowledge.org\/#website"},"primaryImageOfPage":{"@id":"https:\/\/nailknowledge.org\/nailknowledge-badges\/health-and-safety#primaryimage"},"image":{"@id":"https:\/\/nailknowledge.org\/nailknowledge-badges\/health-and-safety#primaryimage"},"thumbnailUrl":"https:\/\/nailknowledge.org\/wp-content\/uploads\/2021\/09\/NailKnowledge_badge_Health-Safety-2-1024x1024.png","datePublished":"2021-09-16T12:43:44+00:00","dateModified":"2022-05-10T15:50:19+00:00","breadcrumb":{"@id":"https:\/\/nailknowledge.org\/nailknowledge-badges\/health-and-safety#breadcrumb"},"inLanguage":"es","potentialAction":[{"@type":"ReadAction","target":["https:\/\/nailknowledge.org\/nailknowledge-badges\/health-and-safety"]}]},{"@type":"ImageObject","inLanguage":"es","@id":"https:\/\/nailknowledge.org\/nailknowledge-badges\/health-and-safety#primaryimage","url":"https:\/\/nailknowledge.org\/wp-content\/uploads\/2021\/09\/NailKnowledge_badge_Health-Safety-2-1024x1024.png","contentUrl":"https:\/\/nailknowledge.org\/wp-content\/uploads\/2021\/09\/NailKnowledge_badge_Health-Safety-2-1024x1024.png"},{"@type":"BreadcrumbList","@id":"https:\/\/nailknowledge.org\/nailknowledge-badges\/health-and-safety#breadcrumb","itemListElement":[{"@type":"ListItem","position":1,"name":"Home","item":"https:\/\/nailknowledge.org\/"},{"@type":"ListItem","position":2,"name":"Badges","item":"https:\/\/nailknowledge.org\/nailknowledge-badges"},{"@type":"ListItem","position":3,"name":"Health &#038; Safety"}]},{"@type":"WebSite","@id":"https:\/\/new.nailknowledge.org\/#website","url":"https:\/\/new.nailknowledge.org\/","name":"Conocimientos de u\u00f1as","description":"","publisher":{"@id":"https:\/\/new.nailknowledge.org\/#organization"},"potentialAction":[{"@type":"SearchAction","target":{"@type":"EntryPoint","urlTemplate":"https:\/\/new.nailknowledge.org\/?s={search_term_string}"},"query-input":{"@type":"PropertyValueSpecification","valueRequired":true,"valueName":"search_term_string"}}],"inLanguage":"es"},{"@type":"Organization","@id":"https:\/\/new.nailknowledge.org\/#organization","name":"Conocimientos de u\u00f1as","url":"https:\/\/new.nailknowledge.org\/","logo":{"@type":"ImageObject","inLanguage":"es","@id":"https:\/\/new.nailknowledge.org\/#\/schema\/logo\/image\/","url":"https:\/\/nailknowledge.org\/wp-content\/uploads\/2026\/03\/KN-Logo-1.webp","contentUrl":"https:\/\/nailknowledge.org\/wp-content\/uploads\/2026\/03\/KN-Logo-1.webp","width":542,"height":100,"caption":"NailKnowledge"},"image":{"@id":"https:\/\/new.nailknowledge.org\/#\/schema\/logo\/image\/"}}]}},"_links":{"self":[{"href":"https:\/\/nailknowledge.org\/es\/wp-json\/wp\/v2\/pages\/40608","targetHints":{"allow":["GET"]}}],"collection":[{"href":"https:\/\/nailknowledge.org\/es\/wp-json\/wp\/v2\/pages"}],"about":[{"href":"https:\/\/nailknowledge.org\/es\/wp-json\/wp\/v2\/types\/page"}],"author":[{"embeddable":true,"href":"https:\/\/nailknowledge.org\/es\/wp-json\/wp\/v2\/users\/35"}],"replies":[{"embeddable":true,"href":"https:\/\/nailknowledge.org\/es\/wp-json\/wp\/v2\/comments?post=40608"}],"version-history":[{"count":0,"href":"https:\/\/nailknowledge.org\/es\/wp-json\/wp\/v2\/pages\/40608\/revisions"}],"up":[{"embeddable":true,"href":"https:\/\/nailknowledge.org\/es\/wp-json\/wp\/v2\/pages\/40569"}],"wp:attachment":[{"href":"https:\/\/nailknowledge.org\/es\/wp-json\/wp\/v2\/media?parent=40608"}],"curies":[{"name":"wp","href":"https:\/\/api.w.org\/{rel}","templated":true}]}}