{"id":40613,"date":"2021-09-16T12:44:31","date_gmt":"2021-09-16T12:44:31","guid":{"rendered":"https:\/\/nailknowledge.org\/?page_id=40613"},"modified":"2022-05-10T15:52:49","modified_gmt":"2022-05-10T15:52:49","slug":"profesional-certificado-en-conocimiento-de-unas","status":"publish","type":"page","link":"https:\/\/nailknowledge.org\/es\/nailknowledge-badges\/certified-nail-knowledge-professional","title":{"rendered":"Profesional certificado en conocimientos de u\u00f1as"},"content":{"rendered":"<p><img loading=\"eager\" fetchpriority=\"high\" decoding=\"async\" width=\"1000\" height=\"1000\" src=\"https:\/\/nailknowledge.org\/wp-content\/uploads\/2021\/09\/CERTIFIED-NAIL-KNOWLEDGE-PROFESSIONAL-BADGES-1.png\" alt=\"\" \/>\t\t\t\t\t\t\t\t\t\t\t\t\t\t<\/p>\n<h1>Insignia digital Essential Nail Professional<\/h1>\n<h3>Emitido por NailKnowledge<\/h3>\n<p>La insignia digital NailKnowledge's Essential Nail Professional Digital Badge demuestra que el titular ha aprobado la teor\u00eda esencial necesaria para una carrera como profesional de las u\u00f1as, y ha alcanzado un nivel adecuado de competencia en las tres materias te\u00f3ricas de la Masterclass.<\/p>\n<h3>Criterios de aprobaci\u00f3n:<\/h3>\n<ul>\n<li>Completa seis horas de formaci\u00f3n a distancia impartidas en diecis\u00e9is lecciones que cubren los tres temas te\u00f3ricos: la unidad de la u\u00f1a, la qu\u00edmica del producto y la salud y seguridad.<\/li>\n<li>Superar con \u00e9xito 32 puntos de conocimientos, 16 ex\u00e1menes de comprobaci\u00f3n de conocimientos y un examen especializado de 30 preguntas tipo test, obteniendo un 100%.<\/li>\n<\/ul>\n<h3>Temas tratados:<\/h3>\n<ul>\n<li><strong>La Unidad de U\u00f1as<\/strong> - estudiar las estructuras de la u\u00f1a, c\u00f3mo crece la l\u00e1mina ungueal y las afecciones comunes de las u\u00f1as<\/li>\n<li><strong>Qu\u00edmica del producto<\/strong> - completar la clase magistral sobre la qu\u00edmica b\u00e1sica de los productos y el proceso de polimerizaci\u00f3n que constituye el n\u00facleo de la industria de las u\u00f1as<\/li>\n<li><strong>Salud y seguridad<\/strong> - aprender las t\u00e9cnicas de salud y seguridad que le mantendr\u00e1n seguro a usted y a sus clientes, con estrategias para minimizar los riesgos derivados del polvo, los vapores y los productos<\/li>\n<\/ul>\n<h3>Sobre el curso:<\/h3>\n<p>El Diploma Profesional Esencial de U\u00f1as de NailKnowledge cubre los tres temas te\u00f3ricos esenciales de las u\u00f1as - la unidad de la u\u00f1a, la qu\u00edmica del producto, y la salud y la seguridad - para complementar su formaci\u00f3n pr\u00e1ctica, utilizando animaciones atractivas de expertos para desglosar la ciencia. Para saber m\u00e1s\u00a0<a href=\"https:\/\/nailknowledge.org\/es\/cursos\/el-diploma-esencial-de-profesional-de-unas\/\">aqu\u00ed<\/a><\/p>","protected":false},"excerpt":{"rendered":"<p>Essential Nail Professional Digital Badge Issued by NailKnowledge NailKnowledge\u2019s Essential Nail Professional Digital Badge demonstrates the holder has passed the essential theory necessary for a career as a nail professional, and attained a suitable level of subject competence across the three Masterclass theory subjects. Pass Criteria: Complete six hours of distance learning taught over sixteen [&hellip;]<\/p>\n","protected":false},"author":35,"featured_media":0,"parent":40569,"menu_order":0,"comment_status":"closed","ping_status":"closed","template":"","meta":{"_yoast_wpseo_focuskw":"","_yoast_wpseo_metadesc":"","_genesis_hide_title":false,"_genesis_hide_breadcrumbs":false,"_genesis_hide_singular_image":false,"_genesis_hide_footer_widgets":false,"_genesis_custom_body_class":"","_genesis_custom_post_class":"","_genesis_layout":"","footnotes":""},"class_list":{"0":"post-40613","1":"page","2":"type-page","3":"status-publish","5":"entry"},"yoast_head":"<!-- This site is optimized with the Yoast SEO plugin v27.4 - https:\/\/yoast.com\/product\/yoast-seo-wordpress\/ -->\n<title>Certified Nail Knowledge Professional - NailKnowledge<\/title>\n<meta name=\"robots\" content=\"index, follow, max-snippet:-1, max-image-preview:large, max-video-preview:-1\" \/>\n<link rel=\"canonical\" href=\"https:\/\/nailknowledge.org\/es\/insignias-nailknowledge\/profesional-certificado-en-conocimiento-de-unas\/\" \/>\n<meta property=\"og:locale\" content=\"es_ES\" \/>\n<meta property=\"og:type\" content=\"article\" \/>\n<meta property=\"og:title\" content=\"Certified Nail Knowledge Professional - NailKnowledge\" \/>\n<meta property=\"og:description\" content=\"Essential Nail Professional Digital Badge Issued by NailKnowledge NailKnowledge\u2019s Essential Nail Professional Digital Badge demonstrates the holder has passed the essential theory necessary for a career as a nail professional, and attained a suitable level of subject competence across the three Masterclass theory subjects. Pass Criteria: Complete six hours of distance learning taught over sixteen [&hellip;]\" \/>\n<meta property=\"og:url\" content=\"https:\/\/nailknowledge.org\/es\/insignias-nailknowledge\/profesional-certificado-en-conocimiento-de-unas\/\" \/>\n<meta property=\"og:site_name\" content=\"NailKnowledge\" \/>\n<meta property=\"article:modified_time\" content=\"2022-05-10T15:52:49+00:00\" \/>\n<meta property=\"og:image\" content=\"https:\/\/nailknowledge.org\/wp-content\/uploads\/2023\/03\/image002.jpg\" \/>\n\t<meta property=\"og:image:width\" content=\"545\" \/>\n\t<meta property=\"og:image:height\" content=\"295\" \/>\n\t<meta property=\"og:image:type\" content=\"image\/jpeg\" \/>\n<meta name=\"twitter:card\" content=\"summary_large_image\" \/>\n<meta name=\"twitter:label1\" content=\"Tiempo de lectura\" \/>\n\t<meta name=\"twitter:data1\" content=\"2 minutos\" \/>\n<script type=\"application\/ld+json\" class=\"yoast-schema-graph\">{\"@context\":\"https:\\\/\\\/schema.org\",\"@graph\":[{\"@type\":\"WebPage\",\"@id\":\"https:\\\/\\\/nailknowledge.org\\\/nailknowledge-badges\\\/certified-nail-knowledge-professional\",\"url\":\"https:\\\/\\\/nailknowledge.org\\\/nailknowledge-badges\\\/certified-nail-knowledge-professional\",\"name\":\"Certified Nail Knowledge Professional - NailKnowledge\",\"isPartOf\":{\"@id\":\"https:\\\/\\\/new.nailknowledge.org\\\/#website\"},\"primaryImageOfPage\":{\"@id\":\"https:\\\/\\\/nailknowledge.org\\\/nailknowledge-badges\\\/certified-nail-knowledge-professional#primaryimage\"},\"image\":{\"@id\":\"https:\\\/\\\/nailknowledge.org\\\/nailknowledge-badges\\\/certified-nail-knowledge-professional#primaryimage\"},\"thumbnailUrl\":\"https:\\\/\\\/nailknowledge.org\\\/wp-content\\\/uploads\\\/2021\\\/09\\\/CERTIFIED-NAIL-KNOWLEDGE-PROFESSIONAL-BADGES-1.png\",\"datePublished\":\"2021-09-16T12:44:31+00:00\",\"dateModified\":\"2022-05-10T15:52:49+00:00\",\"breadcrumb\":{\"@id\":\"https:\\\/\\\/nailknowledge.org\\\/nailknowledge-badges\\\/certified-nail-knowledge-professional#breadcrumb\"},\"inLanguage\":\"es\",\"potentialAction\":[{\"@type\":\"ReadAction\",\"target\":[\"https:\\\/\\\/nailknowledge.org\\\/nailknowledge-badges\\\/certified-nail-knowledge-professional\"]}]},{\"@type\":\"ImageObject\",\"inLanguage\":\"es\",\"@id\":\"https:\\\/\\\/nailknowledge.org\\\/nailknowledge-badges\\\/certified-nail-knowledge-professional#primaryimage\",\"url\":\"https:\\\/\\\/nailknowledge.org\\\/wp-content\\\/uploads\\\/2021\\\/09\\\/CERTIFIED-NAIL-KNOWLEDGE-PROFESSIONAL-BADGES-1.png\",\"contentUrl\":\"https:\\\/\\\/nailknowledge.org\\\/wp-content\\\/uploads\\\/2021\\\/09\\\/CERTIFIED-NAIL-KNOWLEDGE-PROFESSIONAL-BADGES-1.png\"},{\"@type\":\"BreadcrumbList\",\"@id\":\"https:\\\/\\\/nailknowledge.org\\\/nailknowledge-badges\\\/certified-nail-knowledge-professional#breadcrumb\",\"itemListElement\":[{\"@type\":\"ListItem\",\"position\":1,\"name\":\"Home\",\"item\":\"https:\\\/\\\/nailknowledge.org\\\/\"},{\"@type\":\"ListItem\",\"position\":2,\"name\":\"Badges\",\"item\":\"https:\\\/\\\/nailknowledge.org\\\/nailknowledge-badges\"},{\"@type\":\"ListItem\",\"position\":3,\"name\":\"Certified Nail Knowledge Professional\"}]},{\"@type\":\"WebSite\",\"@id\":\"https:\\\/\\\/new.nailknowledge.org\\\/#website\",\"url\":\"https:\\\/\\\/new.nailknowledge.org\\\/\",\"name\":\"NailKnowledge\",\"description\":\"\",\"publisher\":{\"@id\":\"https:\\\/\\\/new.nailknowledge.org\\\/#organization\"},\"potentialAction\":[{\"@type\":\"SearchAction\",\"target\":{\"@type\":\"EntryPoint\",\"urlTemplate\":\"https:\\\/\\\/new.nailknowledge.org\\\/?s={search_term_string}\"},\"query-input\":{\"@type\":\"PropertyValueSpecification\",\"valueRequired\":true,\"valueName\":\"search_term_string\"}}],\"inLanguage\":\"es\"},{\"@type\":\"Organization\",\"@id\":\"https:\\\/\\\/new.nailknowledge.org\\\/#organization\",\"name\":\"NailKnowledge\",\"url\":\"https:\\\/\\\/new.nailknowledge.org\\\/\",\"logo\":{\"@type\":\"ImageObject\",\"inLanguage\":\"es\",\"@id\":\"https:\\\/\\\/new.nailknowledge.org\\\/#\\\/schema\\\/logo\\\/image\\\/\",\"url\":\"https:\\\/\\\/nailknowledge.org\\\/wp-content\\\/uploads\\\/2026\\\/03\\\/KN-Logo-1.webp\",\"contentUrl\":\"https:\\\/\\\/nailknowledge.org\\\/wp-content\\\/uploads\\\/2026\\\/03\\\/KN-Logo-1.webp\",\"width\":542,\"height\":100,\"caption\":\"NailKnowledge\"},\"image\":{\"@id\":\"https:\\\/\\\/new.nailknowledge.org\\\/#\\\/schema\\\/logo\\\/image\\\/\"}}]}<\/script>\n<!-- \/ Yoast SEO plugin. -->","yoast_head_json":{"title":"Profesional certificado - NailKnowledge","robots":{"index":"index","follow":"follow","max-snippet":"max-snippet:-1","max-image-preview":"max-image-preview:large","max-video-preview":"max-video-preview:-1"},"canonical":"https:\/\/nailknowledge.org\/es\/insignias-nailknowledge\/profesional-certificado-en-conocimiento-de-unas\/","og_locale":"es_ES","og_type":"article","og_title":"Certified Nail Knowledge Professional - NailKnowledge","og_description":"Essential Nail Professional Digital Badge Issued by NailKnowledge NailKnowledge\u2019s Essential Nail Professional Digital Badge demonstrates the holder has passed the essential theory necessary for a career as a nail professional, and attained a suitable level of subject competence across the three Masterclass theory subjects. Pass Criteria: Complete six hours of distance learning taught over sixteen [&hellip;]","og_url":"https:\/\/nailknowledge.org\/es\/insignias-nailknowledge\/profesional-certificado-en-conocimiento-de-unas\/","og_site_name":"NailKnowledge","article_modified_time":"2022-05-10T15:52:49+00:00","og_image":[{"width":545,"height":295,"url":"https:\/\/nailknowledge.org\/wp-content\/uploads\/2023\/03\/image002.jpg","type":"image\/jpeg"}],"twitter_card":"summary_large_image","twitter_misc":{"Tiempo de lectura":"2 minutos"},"schema":{"@context":"https:\/\/schema.org","@graph":[{"@type":"WebPage","@id":"https:\/\/nailknowledge.org\/nailknowledge-badges\/certified-nail-knowledge-professional","url":"https:\/\/nailknowledge.org\/nailknowledge-badges\/certified-nail-knowledge-professional","name":"Profesional certificado - NailKnowledge","isPartOf":{"@id":"https:\/\/new.nailknowledge.org\/#website"},"primaryImageOfPage":{"@id":"https:\/\/nailknowledge.org\/nailknowledge-badges\/certified-nail-knowledge-professional#primaryimage"},"image":{"@id":"https:\/\/nailknowledge.org\/nailknowledge-badges\/certified-nail-knowledge-professional#primaryimage"},"thumbnailUrl":"https:\/\/nailknowledge.org\/wp-content\/uploads\/2021\/09\/CERTIFIED-NAIL-KNOWLEDGE-PROFESSIONAL-BADGES-1.png","datePublished":"2021-09-16T12:44:31+00:00","dateModified":"2022-05-10T15:52:49+00:00","breadcrumb":{"@id":"https:\/\/nailknowledge.org\/nailknowledge-badges\/certified-nail-knowledge-professional#breadcrumb"},"inLanguage":"es","potentialAction":[{"@type":"ReadAction","target":["https:\/\/nailknowledge.org\/nailknowledge-badges\/certified-nail-knowledge-professional"]}]},{"@type":"ImageObject","inLanguage":"es","@id":"https:\/\/nailknowledge.org\/nailknowledge-badges\/certified-nail-knowledge-professional#primaryimage","url":"https:\/\/nailknowledge.org\/wp-content\/uploads\/2021\/09\/CERTIFIED-NAIL-KNOWLEDGE-PROFESSIONAL-BADGES-1.png","contentUrl":"https:\/\/nailknowledge.org\/wp-content\/uploads\/2021\/09\/CERTIFIED-NAIL-KNOWLEDGE-PROFESSIONAL-BADGES-1.png"},{"@type":"BreadcrumbList","@id":"https:\/\/nailknowledge.org\/nailknowledge-badges\/certified-nail-knowledge-professional#breadcrumb","itemListElement":[{"@type":"ListItem","position":1,"name":"Home","item":"https:\/\/nailknowledge.org\/"},{"@type":"ListItem","position":2,"name":"Badges","item":"https:\/\/nailknowledge.org\/nailknowledge-badges"},{"@type":"ListItem","position":3,"name":"Certified Nail Knowledge Professional"}]},{"@type":"WebSite","@id":"https:\/\/new.nailknowledge.org\/#website","url":"https:\/\/new.nailknowledge.org\/","name":"Conocimientos de u\u00f1as","description":"","publisher":{"@id":"https:\/\/new.nailknowledge.org\/#organization"},"potentialAction":[{"@type":"SearchAction","target":{"@type":"EntryPoint","urlTemplate":"https:\/\/new.nailknowledge.org\/?s={search_term_string}"},"query-input":{"@type":"PropertyValueSpecification","valueRequired":true,"valueName":"search_term_string"}}],"inLanguage":"es"},{"@type":"Organization","@id":"https:\/\/new.nailknowledge.org\/#organization","name":"Conocimientos de u\u00f1as","url":"https:\/\/new.nailknowledge.org\/","logo":{"@type":"ImageObject","inLanguage":"es","@id":"https:\/\/new.nailknowledge.org\/#\/schema\/logo\/image\/","url":"https:\/\/nailknowledge.org\/wp-content\/uploads\/2026\/03\/KN-Logo-1.webp","contentUrl":"https:\/\/nailknowledge.org\/wp-content\/uploads\/2026\/03\/KN-Logo-1.webp","width":542,"height":100,"caption":"NailKnowledge"},"image":{"@id":"https:\/\/new.nailknowledge.org\/#\/schema\/logo\/image\/"}}]}},"_links":{"self":[{"href":"https:\/\/nailknowledge.org\/es\/wp-json\/wp\/v2\/pages\/40613","targetHints":{"allow":["GET"]}}],"collection":[{"href":"https:\/\/nailknowledge.org\/es\/wp-json\/wp\/v2\/pages"}],"about":[{"href":"https:\/\/nailknowledge.org\/es\/wp-json\/wp\/v2\/types\/page"}],"author":[{"embeddable":true,"href":"https:\/\/nailknowledge.org\/es\/wp-json\/wp\/v2\/users\/35"}],"replies":[{"embeddable":true,"href":"https:\/\/nailknowledge.org\/es\/wp-json\/wp\/v2\/comments?post=40613"}],"version-history":[{"count":0,"href":"https:\/\/nailknowledge.org\/es\/wp-json\/wp\/v2\/pages\/40613\/revisions"}],"up":[{"embeddable":true,"href":"https:\/\/nailknowledge.org\/es\/wp-json\/wp\/v2\/pages\/40569"}],"wp:attachment":[{"href":"https:\/\/nailknowledge.org\/es\/wp-json\/wp\/v2\/media?parent=40613"}],"curies":[{"name":"wp","href":"https:\/\/api.w.org\/{rel}","templated":true}]}}