{"id":42726,"date":"2021-11-29T18:05:35","date_gmt":"2021-11-29T18:05:35","guid":{"rendered":"https:\/\/nailknowledge.org\/?page_id=42726"},"modified":"2024-01-23T18:44:51","modified_gmt":"2024-01-23T18:44:51","slug":"kelly-melanitou","status":"publish","type":"page","link":"https:\/\/nailknowledge.org\/es\/kelly-melanitou","title":{"rendered":"Kelly Melanitou"},"content":{"rendered":"<div style=\"height:39px\" aria-hidden=\"true\" class=\"wp-block-spacer\"><\/div>\n\n\n\n<h1 class=\"wp-block-heading has-text-align-center\">Kelly Melanitou<\/h1>\n\n\n\n<h3 class=\"wp-block-heading has-text-align-center\">Educadora y entrenadora internacional<\/h3>\n\n\n\n<div style=\"height:39px\" aria-hidden=\"true\" class=\"wp-block-spacer\"><\/div>\n\n\n\n<div class=\"wp-block-group\"><div class=\"wp-block-group__inner-container is-layout-constrained wp-block-group-is-layout-constrained\">\n<div class=\"wp-block-group mx-auto container-max-width-1200\"><div class=\"wp-block-group__inner-container is-layout-constrained wp-block-group-is-layout-constrained\"><div class=\"wp-block-image\">\n<figure class=\"alignleft size-large is-resized\"><img loading=\"eager\" fetchpriority=\"high\" decoding=\"async\" width=\"819\" height=\"1024\" src=\"https:\/\/nailknowledge.org\/wp-content\/uploads\/2021\/11\/Kelly Melanitou-819x1024.jpeg\" alt=\"kelly melanitou\" class=\"wp-image-42727\" style=\"width:528px;height:auto\" srcset=\"https:\/\/nailknowledge.org\/wp-content\/uploads\/2021\/11\/Kelly%20Melanitou-819x1024.jpeg 819w, https:\/\/nailknowledge.org\/wp-content\/uploads\/2021\/11\/Kelly%20Melanitou-600x750.jpeg 600w, https:\/\/nailknowledge.org\/wp-content\/uploads\/2021\/11\/Kelly%20Melanitou-240x300.jpeg 240w, https:\/\/nailknowledge.org\/wp-content\/uploads\/2021\/11\/Kelly%20Melanitou-768x960.jpeg 768w, https:\/\/nailknowledge.org\/wp-content\/uploads\/2021\/11\/Kelly%20Melanitou-1229x1536.jpeg 1229w, https:\/\/nailknowledge.org\/wp-content\/uploads\/2021\/11\/Kelly%20Melanitou-1639x2048.jpeg 1639w, https:\/\/nailknowledge.org\/wp-content\/uploads\/2021\/11\/Kelly%20Melanitou-120x150.jpeg 120w, https:\/\/nailknowledge.org\/wp-content\/uploads\/2021\/11\/Kelly%20Melanitou.jpeg 1882w\" sizes=\"auto, (max-width: 819px) 100vw, 819px\" \/><\/figure>\n<\/div>\n\n\n<p>Kelly trabaja en el sector de las u\u00f1as desde 2005. Como educadora internacional, ha impartido clases y ha sido mentora de profesionales y educadoras de u\u00f1as en m\u00e1s de 40 pa\u00edses de todo el mundo.<\/p>\n\n\n\n<p>Certificada en Educaci\u00f3n de Adultos y coaching, Kelly es ex Directora Internacional de Educaci\u00f3n para CND\u2122, y Educadora del Equipo Global CND\u2122 desde 2009. Tambi\u00e9n trabaja como Consultora de Educaci\u00f3n para empresas en varios pa\u00edses.<\/p>\n\n\n\n<p>Dise\u00f1adora principal y jefa del equipo de u\u00f1as del espect\u00e1culo Revlon Professional Style Masters durante 4 a\u00f1os, Kelly tambi\u00e9n ha trabajado entre bastidores en la Semana de la Moda de Nueva York, Mil\u00e1n, Londres y Par\u00eds.<\/p>\n\n\n\n<p>Juez internacional para concursos de u\u00f1as en Europa y Asia.<\/p>\n\n\n\n<p>Galardonado dos veces con los premios \"Educador Internacional del A\u00f1o\" y \"Profesional Audaz\".<\/p>\n\n\n\n<p>Kelly habla cinco idiomas.<\/p>\n<\/div><\/div>\n<\/div><\/div>\n\n\n\n<div style=\"height:39px\" aria-hidden=\"true\" class=\"wp-block-spacer\"><\/div>\n\n\n\n<div class=\"wp-block-group mb-0 has-background\" style=\"background-color:#efefef\"><div class=\"wp-block-group__inner-container is-layout-constrained wp-block-group-is-layout-constrained\">\n<div style=\"height:39px\" aria-hidden=\"true\" class=\"wp-block-spacer\"><\/div>\n\n\n\n<div class=\"wp-block-columns mx-auto container-max-width-1200 py-2 is-layout-flex wp-container-core-columns-is-layout-9d6595d7 wp-block-columns-is-layout-flex\">\n<div class=\"wp-block-column is-layout-flow wp-block-column-is-layout-flow\">\n<h2 class=\"wp-block-heading\">Nuestros expertos escribieron literalmente los mejores libros sobre u\u00f1as<\/h2>\n\n\n\n<p>Nuestros expertos de todo el mundo, con m\u00e1s de 100 a\u00f1os de experiencia combinada, son las principales autoridades del sector asociadas a NailKnowledge. Juntos, han influido significativamente en la industria de la belleza a lo largo de sus extensas carreras. Sus contribuciones incluyen la autor\u00eda de numerosos libros, la creaci\u00f3n de programas de formaci\u00f3n de v\u00eddeo y audio, y la producci\u00f3n de docenas de art\u00edculos de revistas centradas en los productos de sal\u00f3n, la seguridad y las pr\u00e1cticas \u00f3ptimas para los profesionales del sal\u00f3n.<\/p>\n\n\n\n<p><\/p>\n\n\n\n<p>TODO lo que necesitas saber para convertirte en un aut\u00e9ntico maestro de las u\u00f1as. <\/p>\n\n\n\n<div class=\"wp-block-buttons is-layout-flex wp-block-buttons-is-layout-flex\">\n<div class=\"wp-block-button has-custom-width wp-block-button__width-100 has-custom-font-size\" style=\"font-size:24px\"><a class=\"wp-block-button__link has-background wp-element-button\" href=\"https:\/\/nailknowledge.org\/es\/tienda\/\" style=\"border-radius:10px;background:linear-gradient(320deg,rgb(4,130,180) 0%,rgb(4,86,180) 98%)\">Revise nuestros eBooks<\/a><\/div>\n<\/div>\n<\/div>\n\n\n\n<div class=\"wp-block-column is-layout-flow wp-block-column-is-layout-flow\">\n<figure class=\"wp-block-image size-full\"><a href=\"https:\/\/nailknowledge.org\/es\/tienda\/\"><img loading=\"lazy\" decoding=\"async\" width=\"1000\" height=\"1000\" src=\"https:\/\/nailknowledge.org\/wp-content\/uploads\/2023\/11\/Doug-Schoon-Face-to-Face.jpg\" alt=\"\" class=\"wp-image-94669\" srcset=\"https:\/\/nailknowledge.org\/wp-content\/uploads\/2023\/11\/Doug-Schoon-Face-to-Face.jpg 1000w, https:\/\/nailknowledge.org\/wp-content\/uploads\/2023\/11\/Doug-Schoon-Face-to-Face-300x300.jpg 300w, https:\/\/nailknowledge.org\/wp-content\/uploads\/2023\/11\/Doug-Schoon-Face-to-Face-180x180.jpg 180w, https:\/\/nailknowledge.org\/wp-content\/uploads\/2023\/11\/Doug-Schoon-Face-to-Face-600x600.jpg 600w, https:\/\/nailknowledge.org\/wp-content\/uploads\/2023\/11\/Doug-Schoon-Face-to-Face-150x150.jpg 150w, https:\/\/nailknowledge.org\/wp-content\/uploads\/2023\/11\/Doug-Schoon-Face-to-Face-768x768.jpg 768w, https:\/\/nailknowledge.org\/wp-content\/uploads\/2023\/11\/Doug-Schoon-Face-to-Face-12x12.jpg 12w\" sizes=\"auto, (max-width: 1000px) 100vw, 1000px\" \/><\/a><\/figure>\n<\/div>\n<\/div>\n\n\n<div class=\"wp-block-image\">\n<figure class=\"aligncenter size-large\"><img loading=\"lazy\" decoding=\"async\" width=\"1024\" height=\"360\" src=\"https:\/\/nailknowledge.org\/wp-content\/uploads\/2021\/01\/ask-the-experts-rectangle-1024x360.png\" alt=\"\" class=\"wp-image-73558\" srcset=\"https:\/\/nailknowledge.org\/wp-content\/uploads\/2021\/01\/ask-the-experts-rectangle-1024x360.png 1024w, https:\/\/nailknowledge.org\/wp-content\/uploads\/2021\/01\/ask-the-experts-rectangle-600x211.png 600w, https:\/\/nailknowledge.org\/wp-content\/uploads\/2021\/01\/ask-the-experts-rectangle-300x106.png 300w, https:\/\/nailknowledge.org\/wp-content\/uploads\/2021\/01\/ask-the-experts-rectangle-768x270.png 768w, https:\/\/nailknowledge.org\/wp-content\/uploads\/2021\/01\/ask-the-experts-rectangle-1536x540.png 1536w, https:\/\/nailknowledge.org\/wp-content\/uploads\/2021\/01\/ask-the-experts-rectangle.png 1541w\" sizes=\"auto, (max-width: 1024px) 100vw, 1024px\" \/><\/figure>\n<\/div>\n\n\n<div style=\"height:39px\" aria-hidden=\"true\" class=\"wp-block-spacer\"><\/div>\n<\/div><\/div>","protected":false},"excerpt":{"rendered":"<p>Kelly Melanitou International Educator and Coach Kelly has worked in the nail industry since 2005. As an international educator, she has taught classes and mentored nail professionals and educators in over 40 countries around the world. Certified in Adult Education and coaching, Kelly is a former International Education Manager for CND\u2122, and a Global Team [&hellip;]<\/p>\n","protected":false},"author":2405,"featured_media":0,"parent":0,"menu_order":0,"comment_status":"closed","ping_status":"closed","template":"","meta":{"_yoast_wpseo_focuskw":"","_yoast_wpseo_metadesc":"","_genesis_hide_title":false,"_genesis_hide_breadcrumbs":false,"_genesis_hide_singular_image":false,"_genesis_hide_footer_widgets":false,"_genesis_custom_body_class":"","_genesis_custom_post_class":"","_genesis_layout":"","footnotes":""},"class_list":{"0":"post-42726","1":"page","2":"type-page","3":"status-publish","5":"entry"},"yoast_head":"<!-- This site is optimized with the Yoast SEO plugin v27.4 - https:\/\/yoast.com\/product\/yoast-seo-wordpress\/ -->\n<title>Kelly Melanitou - NailKnowledge<\/title>\n<meta name=\"robots\" content=\"index, follow, max-snippet:-1, max-image-preview:large, max-video-preview:-1\" \/>\n<link rel=\"canonical\" href=\"https:\/\/nailknowledge.org\/es\/kelly-melanitou\/\" \/>\n<meta property=\"og:locale\" content=\"es_ES\" \/>\n<meta property=\"og:type\" content=\"article\" \/>\n<meta property=\"og:title\" content=\"Kelly Melanitou - NailKnowledge\" \/>\n<meta property=\"og:description\" content=\"Kelly Melanitou International Educator and Coach Kelly has worked in the nail industry since 2005. As an international educator, she has taught classes and mentored nail professionals and educators in over 40 countries around the world. Certified in Adult Education and coaching, Kelly is a former International Education Manager for CND\u2122, and a Global Team [&hellip;]\" \/>\n<meta property=\"og:url\" content=\"https:\/\/nailknowledge.org\/es\/kelly-melanitou\/\" \/>\n<meta property=\"og:site_name\" content=\"NailKnowledge\" \/>\n<meta property=\"article:modified_time\" content=\"2024-01-23T18:44:51+00:00\" \/>\n<meta property=\"og:image\" content=\"https:\/\/nailknowledge.org\/wp-content\/uploads\/2023\/03\/image002.jpg\" \/>\n\t<meta property=\"og:image:width\" content=\"545\" \/>\n\t<meta property=\"og:image:height\" content=\"295\" \/>\n\t<meta property=\"og:image:type\" content=\"image\/jpeg\" \/>\n<meta name=\"twitter:card\" content=\"summary_large_image\" \/>\n<meta name=\"twitter:label1\" content=\"Tiempo de lectura\" \/>\n\t<meta name=\"twitter:data1\" content=\"2 minutos\" \/>\n<script type=\"application\/ld+json\" class=\"yoast-schema-graph\">{\"@context\":\"https:\\\/\\\/schema.org\",\"@graph\":[{\"@type\":\"WebPage\",\"@id\":\"https:\\\/\\\/nailknowledge.org\\\/kelly-melanitou\",\"url\":\"https:\\\/\\\/nailknowledge.org\\\/kelly-melanitou\",\"name\":\"Kelly Melanitou - NailKnowledge\",\"isPartOf\":{\"@id\":\"https:\\\/\\\/new.nailknowledge.org\\\/#website\"},\"primaryImageOfPage\":{\"@id\":\"https:\\\/\\\/nailknowledge.org\\\/kelly-melanitou#primaryimage\"},\"image\":{\"@id\":\"https:\\\/\\\/nailknowledge.org\\\/kelly-melanitou#primaryimage\"},\"thumbnailUrl\":\"https:\\\/\\\/nailknowledge.org\\\/wp-content\\\/uploads\\\/2023\\\/11\\\/Doug-Schoon-Face-to-Face.jpg\",\"datePublished\":\"2021-11-29T18:05:35+00:00\",\"dateModified\":\"2024-01-23T18:44:51+00:00\",\"breadcrumb\":{\"@id\":\"https:\\\/\\\/nailknowledge.org\\\/kelly-melanitou#breadcrumb\"},\"inLanguage\":\"es\",\"potentialAction\":[{\"@type\":\"ReadAction\",\"target\":[\"https:\\\/\\\/nailknowledge.org\\\/kelly-melanitou\"]}]},{\"@type\":\"ImageObject\",\"inLanguage\":\"es\",\"@id\":\"https:\\\/\\\/nailknowledge.org\\\/kelly-melanitou#primaryimage\",\"url\":\"https:\\\/\\\/nailknowledge.org\\\/wp-content\\\/uploads\\\/2023\\\/11\\\/Doug-Schoon-Face-to-Face.jpg\",\"contentUrl\":\"https:\\\/\\\/nailknowledge.org\\\/wp-content\\\/uploads\\\/2023\\\/11\\\/Doug-Schoon-Face-to-Face.jpg\"},{\"@type\":\"BreadcrumbList\",\"@id\":\"https:\\\/\\\/nailknowledge.org\\\/kelly-melanitou#breadcrumb\",\"itemListElement\":[{\"@type\":\"ListItem\",\"position\":1,\"name\":\"Home\",\"item\":\"https:\\\/\\\/nailknowledge.org\\\/\"},{\"@type\":\"ListItem\",\"position\":2,\"name\":\"Kelly Melanitou\"}]},{\"@type\":\"WebSite\",\"@id\":\"https:\\\/\\\/new.nailknowledge.org\\\/#website\",\"url\":\"https:\\\/\\\/new.nailknowledge.org\\\/\",\"name\":\"NailKnowledge\",\"description\":\"\",\"publisher\":{\"@id\":\"https:\\\/\\\/new.nailknowledge.org\\\/#organization\"},\"potentialAction\":[{\"@type\":\"SearchAction\",\"target\":{\"@type\":\"EntryPoint\",\"urlTemplate\":\"https:\\\/\\\/new.nailknowledge.org\\\/?s={search_term_string}\"},\"query-input\":{\"@type\":\"PropertyValueSpecification\",\"valueRequired\":true,\"valueName\":\"search_term_string\"}}],\"inLanguage\":\"es\"},{\"@type\":\"Organization\",\"@id\":\"https:\\\/\\\/new.nailknowledge.org\\\/#organization\",\"name\":\"NailKnowledge\",\"url\":\"https:\\\/\\\/new.nailknowledge.org\\\/\",\"logo\":{\"@type\":\"ImageObject\",\"inLanguage\":\"es\",\"@id\":\"https:\\\/\\\/new.nailknowledge.org\\\/#\\\/schema\\\/logo\\\/image\\\/\",\"url\":\"https:\\\/\\\/nailknowledge.org\\\/wp-content\\\/uploads\\\/2026\\\/03\\\/KN-Logo-1.webp\",\"contentUrl\":\"https:\\\/\\\/nailknowledge.org\\\/wp-content\\\/uploads\\\/2026\\\/03\\\/KN-Logo-1.webp\",\"width\":542,\"height\":100,\"caption\":\"NailKnowledge\"},\"image\":{\"@id\":\"https:\\\/\\\/new.nailknowledge.org\\\/#\\\/schema\\\/logo\\\/image\\\/\"}}]}<\/script>\n<!-- \/ Yoast SEO plugin. -->","yoast_head_json":{"title":"Kelly Melanitou - Conocimientos de u\u00f1as","robots":{"index":"index","follow":"follow","max-snippet":"max-snippet:-1","max-image-preview":"max-image-preview:large","max-video-preview":"max-video-preview:-1"},"canonical":"https:\/\/nailknowledge.org\/es\/kelly-melanitou\/","og_locale":"es_ES","og_type":"article","og_title":"Kelly Melanitou - NailKnowledge","og_description":"Kelly Melanitou International Educator and Coach Kelly has worked in the nail industry since 2005. As an international educator, she has taught classes and mentored nail professionals and educators in over 40 countries around the world. Certified in Adult Education and coaching, Kelly is a former International Education Manager for CND\u2122, and a Global Team [&hellip;]","og_url":"https:\/\/nailknowledge.org\/es\/kelly-melanitou\/","og_site_name":"NailKnowledge","article_modified_time":"2024-01-23T18:44:51+00:00","og_image":[{"width":545,"height":295,"url":"https:\/\/nailknowledge.org\/wp-content\/uploads\/2023\/03\/image002.jpg","type":"image\/jpeg"}],"twitter_card":"summary_large_image","twitter_misc":{"Tiempo de lectura":"2 minutos"},"schema":{"@context":"https:\/\/schema.org","@graph":[{"@type":"WebPage","@id":"https:\/\/nailknowledge.org\/kelly-melanitou","url":"https:\/\/nailknowledge.org\/kelly-melanitou","name":"Kelly Melanitou - Conocimientos de u\u00f1as","isPartOf":{"@id":"https:\/\/new.nailknowledge.org\/#website"},"primaryImageOfPage":{"@id":"https:\/\/nailknowledge.org\/kelly-melanitou#primaryimage"},"image":{"@id":"https:\/\/nailknowledge.org\/kelly-melanitou#primaryimage"},"thumbnailUrl":"https:\/\/nailknowledge.org\/wp-content\/uploads\/2023\/11\/Doug-Schoon-Face-to-Face.jpg","datePublished":"2021-11-29T18:05:35+00:00","dateModified":"2024-01-23T18:44:51+00:00","breadcrumb":{"@id":"https:\/\/nailknowledge.org\/kelly-melanitou#breadcrumb"},"inLanguage":"es","potentialAction":[{"@type":"ReadAction","target":["https:\/\/nailknowledge.org\/kelly-melanitou"]}]},{"@type":"ImageObject","inLanguage":"es","@id":"https:\/\/nailknowledge.org\/kelly-melanitou#primaryimage","url":"https:\/\/nailknowledge.org\/wp-content\/uploads\/2023\/11\/Doug-Schoon-Face-to-Face.jpg","contentUrl":"https:\/\/nailknowledge.org\/wp-content\/uploads\/2023\/11\/Doug-Schoon-Face-to-Face.jpg"},{"@type":"BreadcrumbList","@id":"https:\/\/nailknowledge.org\/kelly-melanitou#breadcrumb","itemListElement":[{"@type":"ListItem","position":1,"name":"Home","item":"https:\/\/nailknowledge.org\/"},{"@type":"ListItem","position":2,"name":"Kelly Melanitou"}]},{"@type":"WebSite","@id":"https:\/\/new.nailknowledge.org\/#website","url":"https:\/\/new.nailknowledge.org\/","name":"Conocimientos de u\u00f1as","description":"","publisher":{"@id":"https:\/\/new.nailknowledge.org\/#organization"},"potentialAction":[{"@type":"SearchAction","target":{"@type":"EntryPoint","urlTemplate":"https:\/\/new.nailknowledge.org\/?s={search_term_string}"},"query-input":{"@type":"PropertyValueSpecification","valueRequired":true,"valueName":"search_term_string"}}],"inLanguage":"es"},{"@type":"Organization","@id":"https:\/\/new.nailknowledge.org\/#organization","name":"Conocimientos de u\u00f1as","url":"https:\/\/new.nailknowledge.org\/","logo":{"@type":"ImageObject","inLanguage":"es","@id":"https:\/\/new.nailknowledge.org\/#\/schema\/logo\/image\/","url":"https:\/\/nailknowledge.org\/wp-content\/uploads\/2026\/03\/KN-Logo-1.webp","contentUrl":"https:\/\/nailknowledge.org\/wp-content\/uploads\/2026\/03\/KN-Logo-1.webp","width":542,"height":100,"caption":"NailKnowledge"},"image":{"@id":"https:\/\/new.nailknowledge.org\/#\/schema\/logo\/image\/"}}]}},"_links":{"self":[{"href":"https:\/\/nailknowledge.org\/es\/wp-json\/wp\/v2\/pages\/42726","targetHints":{"allow":["GET"]}}],"collection":[{"href":"https:\/\/nailknowledge.org\/es\/wp-json\/wp\/v2\/pages"}],"about":[{"href":"https:\/\/nailknowledge.org\/es\/wp-json\/wp\/v2\/types\/page"}],"author":[{"embeddable":true,"href":"https:\/\/nailknowledge.org\/es\/wp-json\/wp\/v2\/users\/2405"}],"replies":[{"embeddable":true,"href":"https:\/\/nailknowledge.org\/es\/wp-json\/wp\/v2\/comments?post=42726"}],"version-history":[{"count":0,"href":"https:\/\/nailknowledge.org\/es\/wp-json\/wp\/v2\/pages\/42726\/revisions"}],"wp:attachment":[{"href":"https:\/\/nailknowledge.org\/es\/wp-json\/wp\/v2\/media?parent=42726"}],"curies":[{"name":"wp","href":"https:\/\/api.w.org\/{rel}","templated":true}]}}