{"id":42950,"date":"2021-12-02T13:49:38","date_gmt":"2021-12-02T13:49:38","guid":{"rendered":"https:\/\/nailknowledge.org\/?page_id=42950"},"modified":"2023-08-01T13:52:12","modified_gmt":"2023-08-01T13:52:12","slug":"alergias-en-las-unas","status":"publish","type":"page","link":"https:\/\/nailknowledge.org\/es\/nailknowledge-badges\/nail-allergies","title":{"rendered":"Alergias ungueales"},"content":{"rendered":"<h1>Theory Certified &#8211; Nail Allergies  <\/h1>\n<h3>Emitido por NailKnowledge<\/h3>\n<p>\t\t\t\t\t\t\t\t\t\t\t\t<img loading=\"eager\" fetchpriority=\"high\" decoding=\"async\" width=\"1024\" height=\"1024\" src=\"https:\/\/nailknowledge.org\/wp-content\/uploads\/2021\/12\/NailKnowledge_badge_Nail-Allergies-1-1024x1024.png\" alt=\"Insignia de alergia a las u\u00f1as\" srcset=\"https:\/\/nailknowledge.org\/wp-content\/uploads\/2021\/12\/NailKnowledge_badge_Nail-Allergies-1-1024x1024.png 1024w, https:\/\/nailknowledge.org\/wp-content\/uploads\/2021\/12\/NailKnowledge_badge_Nail-Allergies-1-300x300.png 300w, https:\/\/nailknowledge.org\/wp-content\/uploads\/2021\/12\/NailKnowledge_badge_Nail-Allergies-1-150x150.png 150w, https:\/\/nailknowledge.org\/wp-content\/uploads\/2021\/12\/NailKnowledge_badge_Nail-Allergies-1-768x768.png 768w, https:\/\/nailknowledge.org\/wp-content\/uploads\/2021\/12\/NailKnowledge_badge_Nail-Allergies-1-1536x1536.png 1536w, https:\/\/nailknowledge.org\/wp-content\/uploads\/2021\/12\/NailKnowledge_badge_Nail-Allergies-1-600x600.png 600w, https:\/\/nailknowledge.org\/wp-content\/uploads\/2021\/12\/NailKnowledge_badge_Nail-Allergies-1-100x100.png 100w, https:\/\/nailknowledge.org\/wp-content\/uploads\/2021\/12\/NailKnowledge_badge_Nail-Allergies-1.png 1876w\" sizes=\"auto, (max-width: 1024px) 100vw, 1024px\" \/>\t\t\t\t\t\t\t\t\t\t\t\t\t\t<\/p>\n<p>Esta clase magistral sobre las alergias en las u\u00f1as le pondr\u00e1 al d\u00eda sobre las investigaciones recientes y los distintos mecanismos que pueden crear reacciones al\u00e9rgicas a algunos productos para las u\u00f1as.<\/p>\n<p>Esta ense\u00f1anza sobre la comprensi\u00f3n de las alergias en XYZ va m\u00e1s all\u00e1 de la educaci\u00f3n habitual y demuestra, en un formato animado, c\u00f3mo la<\/p>\n<h3>Habilidades<\/h3>\n<p>Esta Masterclass explica la ciencia que hay detr\u00e1s de... y garantiza que el destinatario ha alcanzado un nivel adecuado de competencia en la comprensi\u00f3n de este tema. Los puntos de Conocimientos al final de la Lecci\u00f3n deben superarse con 100%.<\/p>\n<p>La superaci\u00f3n de esta Masterclass demuestra que el destinatario ha alcanzado un nivel de competencia que asegura la comprensi\u00f3n profesional para trabajar con conocimiento y \u00e9tica.<\/p>\n<h3>\n<h3 data-elementor-setting-key=\"title\" data-pen-placeholder=\"Type Here...\" style=\"font-style: normal;\">Criterios de retribuci\u00f3n<\/h3>\n<\/h3>\n<ul>\n<li>\u00a0El beneficiario ha alcanzado un nivel de competencia adecuado para la pr\u00e1ctica profesional.<\/li>\n<li>Completa un exhaustivo v\u00eddeo de formaci\u00f3n de 11 minutos distribuido en 1 lecci\u00f3n.<\/li>\n<li>Superar el examen de 5 puntos de conocimiento.<\/li>\n<\/ul>","protected":false},"excerpt":{"rendered":"<p>Theory Certified &#8211; Nail Allergies Issued by NailKnowledge This nail allergies masterclass brings you up to date with recent research and the various mechanisms that can create allergic reactions to some nail products. This teaching on understanding allergies in XYZ\u00a0 goes above and beyond usual education and demonstrates, in an animated format, how the XYZ [&hellip;]<\/p>\n","protected":false},"author":96,"featured_media":0,"parent":40569,"menu_order":0,"comment_status":"closed","ping_status":"closed","template":"","meta":{"_yoast_wpseo_focuskw":"","_yoast_wpseo_metadesc":"","_genesis_hide_title":false,"_genesis_hide_breadcrumbs":false,"_genesis_hide_singular_image":false,"_genesis_hide_footer_widgets":false,"_genesis_custom_body_class":"","_genesis_custom_post_class":"","_genesis_layout":"","footnotes":""},"class_list":{"0":"post-42950","1":"page","2":"type-page","3":"status-publish","5":"entry"},"yoast_head":"<!-- This site is optimized with the Yoast SEO plugin v27.5 - https:\/\/yoast.com\/product\/yoast-seo-wordpress\/ -->\n<title>Nail Allergies - NailKnowledge<\/title>\n<meta name=\"robots\" content=\"index, follow, max-snippet:-1, max-image-preview:large, max-video-preview:-1\" \/>\n<link rel=\"canonical\" href=\"https:\/\/nailknowledge.org\/es\/insignias-nailknowledge\/alergias-en-las-unas\/\" \/>\n<meta property=\"og:locale\" content=\"es_ES\" \/>\n<meta property=\"og:type\" content=\"article\" \/>\n<meta property=\"og:title\" content=\"Nail Allergies - NailKnowledge\" \/>\n<meta property=\"og:description\" content=\"Theory Certified &#8211; Nail Allergies Issued by NailKnowledge This nail allergies masterclass brings you up to date with recent research and the various mechanisms that can create allergic reactions to some nail products. This teaching on understanding allergies in XYZ\u00a0 goes above and beyond usual education and demonstrates, in an animated format, how the XYZ [&hellip;]\" \/>\n<meta property=\"og:url\" content=\"https:\/\/nailknowledge.org\/es\/insignias-nailknowledge\/alergias-en-las-unas\/\" \/>\n<meta property=\"og:site_name\" content=\"NailKnowledge\" \/>\n<meta property=\"article:modified_time\" content=\"2023-08-01T13:52:12+00:00\" \/>\n<meta property=\"og:image\" content=\"https:\/\/nailknowledge.org\/wp-content\/uploads\/2023\/03\/image002.jpg\" \/>\n\t<meta property=\"og:image:width\" content=\"545\" \/>\n\t<meta property=\"og:image:height\" content=\"295\" \/>\n\t<meta property=\"og:image:type\" content=\"image\/jpeg\" \/>\n<meta name=\"twitter:card\" content=\"summary_large_image\" \/>\n<meta name=\"twitter:label1\" content=\"Tiempo de lectura\" \/>\n\t<meta name=\"twitter:data1\" content=\"1 minuto\" \/>\n<script type=\"application\/ld+json\" class=\"yoast-schema-graph\">{\"@context\":\"https:\\\/\\\/schema.org\",\"@graph\":[{\"@type\":\"WebPage\",\"@id\":\"https:\\\/\\\/nailknowledge.org\\\/nailknowledge-badges\\\/nail-allergies\",\"url\":\"https:\\\/\\\/nailknowledge.org\\\/nailknowledge-badges\\\/nail-allergies\",\"name\":\"Nail Allergies - NailKnowledge\",\"isPartOf\":{\"@id\":\"https:\\\/\\\/new.nailknowledge.org\\\/#website\"},\"primaryImageOfPage\":{\"@id\":\"https:\\\/\\\/nailknowledge.org\\\/nailknowledge-badges\\\/nail-allergies#primaryimage\"},\"image\":{\"@id\":\"https:\\\/\\\/nailknowledge.org\\\/nailknowledge-badges\\\/nail-allergies#primaryimage\"},\"thumbnailUrl\":\"https:\\\/\\\/nailknowledge.org\\\/wp-content\\\/uploads\\\/2021\\\/12\\\/NailKnowledge_badge_Nail-Allergies-1-1024x1024.png\",\"datePublished\":\"2021-12-02T13:49:38+00:00\",\"dateModified\":\"2023-08-01T13:52:12+00:00\",\"breadcrumb\":{\"@id\":\"https:\\\/\\\/nailknowledge.org\\\/nailknowledge-badges\\\/nail-allergies#breadcrumb\"},\"inLanguage\":\"es\",\"potentialAction\":[{\"@type\":\"ReadAction\",\"target\":[\"https:\\\/\\\/nailknowledge.org\\\/nailknowledge-badges\\\/nail-allergies\"]}]},{\"@type\":\"ImageObject\",\"inLanguage\":\"es\",\"@id\":\"https:\\\/\\\/nailknowledge.org\\\/nailknowledge-badges\\\/nail-allergies#primaryimage\",\"url\":\"https:\\\/\\\/nailknowledge.org\\\/wp-content\\\/uploads\\\/2021\\\/12\\\/NailKnowledge_badge_Nail-Allergies-1-1024x1024.png\",\"contentUrl\":\"https:\\\/\\\/nailknowledge.org\\\/wp-content\\\/uploads\\\/2021\\\/12\\\/NailKnowledge_badge_Nail-Allergies-1-1024x1024.png\"},{\"@type\":\"BreadcrumbList\",\"@id\":\"https:\\\/\\\/nailknowledge.org\\\/nailknowledge-badges\\\/nail-allergies#breadcrumb\",\"itemListElement\":[{\"@type\":\"ListItem\",\"position\":1,\"name\":\"Home\",\"item\":\"https:\\\/\\\/nailknowledge.org\\\/\"},{\"@type\":\"ListItem\",\"position\":2,\"name\":\"Badges\",\"item\":\"https:\\\/\\\/nailknowledge.org\\\/nailknowledge-badges\"},{\"@type\":\"ListItem\",\"position\":3,\"name\":\"Nail Allergies\"}]},{\"@type\":\"WebSite\",\"@id\":\"https:\\\/\\\/new.nailknowledge.org\\\/#website\",\"url\":\"https:\\\/\\\/new.nailknowledge.org\\\/\",\"name\":\"NailKnowledge\",\"description\":\"\",\"publisher\":{\"@id\":\"https:\\\/\\\/new.nailknowledge.org\\\/#organization\"},\"potentialAction\":[{\"@type\":\"SearchAction\",\"target\":{\"@type\":\"EntryPoint\",\"urlTemplate\":\"https:\\\/\\\/new.nailknowledge.org\\\/?s={search_term_string}\"},\"query-input\":{\"@type\":\"PropertyValueSpecification\",\"valueRequired\":true,\"valueName\":\"search_term_string\"}}],\"inLanguage\":\"es\"},{\"@type\":\"Organization\",\"@id\":\"https:\\\/\\\/new.nailknowledge.org\\\/#organization\",\"name\":\"NailKnowledge\",\"url\":\"https:\\\/\\\/new.nailknowledge.org\\\/\",\"logo\":{\"@type\":\"ImageObject\",\"inLanguage\":\"es\",\"@id\":\"https:\\\/\\\/new.nailknowledge.org\\\/#\\\/schema\\\/logo\\\/image\\\/\",\"url\":\"https:\\\/\\\/nailknowledge.org\\\/wp-content\\\/uploads\\\/2026\\\/03\\\/KN-Logo-1.webp\",\"contentUrl\":\"https:\\\/\\\/nailknowledge.org\\\/wp-content\\\/uploads\\\/2026\\\/03\\\/KN-Logo-1.webp\",\"width\":542,\"height\":100,\"caption\":\"NailKnowledge\"},\"image\":{\"@id\":\"https:\\\/\\\/new.nailknowledge.org\\\/#\\\/schema\\\/logo\\\/image\\\/\"}}]}<\/script>\n<!-- \/ Yoast SEO plugin. -->","yoast_head_json":{"title":"Alergias en las u\u00f1as - NailKnowledge","robots":{"index":"index","follow":"follow","max-snippet":"max-snippet:-1","max-image-preview":"max-image-preview:large","max-video-preview":"max-video-preview:-1"},"canonical":"https:\/\/nailknowledge.org\/es\/insignias-nailknowledge\/alergias-en-las-unas\/","og_locale":"es_ES","og_type":"article","og_title":"Nail Allergies - NailKnowledge","og_description":"Theory Certified &#8211; Nail Allergies Issued by NailKnowledge This nail allergies masterclass brings you up to date with recent research and the various mechanisms that can create allergic reactions to some nail products. This teaching on understanding allergies in XYZ\u00a0 goes above and beyond usual education and demonstrates, in an animated format, how the XYZ [&hellip;]","og_url":"https:\/\/nailknowledge.org\/es\/insignias-nailknowledge\/alergias-en-las-unas\/","og_site_name":"NailKnowledge","article_modified_time":"2023-08-01T13:52:12+00:00","og_image":[{"width":545,"height":295,"url":"https:\/\/nailknowledge.org\/wp-content\/uploads\/2023\/03\/image002.jpg","type":"image\/jpeg"}],"twitter_card":"summary_large_image","twitter_misc":{"Tiempo de lectura":"1 minuto"},"schema":{"@context":"https:\/\/schema.org","@graph":[{"@type":"WebPage","@id":"https:\/\/nailknowledge.org\/nailknowledge-badges\/nail-allergies","url":"https:\/\/nailknowledge.org\/nailknowledge-badges\/nail-allergies","name":"Alergias en las u\u00f1as - NailKnowledge","isPartOf":{"@id":"https:\/\/new.nailknowledge.org\/#website"},"primaryImageOfPage":{"@id":"https:\/\/nailknowledge.org\/nailknowledge-badges\/nail-allergies#primaryimage"},"image":{"@id":"https:\/\/nailknowledge.org\/nailknowledge-badges\/nail-allergies#primaryimage"},"thumbnailUrl":"https:\/\/nailknowledge.org\/wp-content\/uploads\/2021\/12\/NailKnowledge_badge_Nail-Allergies-1-1024x1024.png","datePublished":"2021-12-02T13:49:38+00:00","dateModified":"2023-08-01T13:52:12+00:00","breadcrumb":{"@id":"https:\/\/nailknowledge.org\/nailknowledge-badges\/nail-allergies#breadcrumb"},"inLanguage":"es","potentialAction":[{"@type":"ReadAction","target":["https:\/\/nailknowledge.org\/nailknowledge-badges\/nail-allergies"]}]},{"@type":"ImageObject","inLanguage":"es","@id":"https:\/\/nailknowledge.org\/nailknowledge-badges\/nail-allergies#primaryimage","url":"https:\/\/nailknowledge.org\/wp-content\/uploads\/2021\/12\/NailKnowledge_badge_Nail-Allergies-1-1024x1024.png","contentUrl":"https:\/\/nailknowledge.org\/wp-content\/uploads\/2021\/12\/NailKnowledge_badge_Nail-Allergies-1-1024x1024.png"},{"@type":"BreadcrumbList","@id":"https:\/\/nailknowledge.org\/nailknowledge-badges\/nail-allergies#breadcrumb","itemListElement":[{"@type":"ListItem","position":1,"name":"Home","item":"https:\/\/nailknowledge.org\/"},{"@type":"ListItem","position":2,"name":"Badges","item":"https:\/\/nailknowledge.org\/nailknowledge-badges"},{"@type":"ListItem","position":3,"name":"Nail Allergies"}]},{"@type":"WebSite","@id":"https:\/\/new.nailknowledge.org\/#website","url":"https:\/\/new.nailknowledge.org\/","name":"Conocimientos de u\u00f1as","description":"","publisher":{"@id":"https:\/\/new.nailknowledge.org\/#organization"},"potentialAction":[{"@type":"SearchAction","target":{"@type":"EntryPoint","urlTemplate":"https:\/\/new.nailknowledge.org\/?s={search_term_string}"},"query-input":{"@type":"PropertyValueSpecification","valueRequired":true,"valueName":"search_term_string"}}],"inLanguage":"es"},{"@type":"Organization","@id":"https:\/\/new.nailknowledge.org\/#organization","name":"Conocimientos de u\u00f1as","url":"https:\/\/new.nailknowledge.org\/","logo":{"@type":"ImageObject","inLanguage":"es","@id":"https:\/\/new.nailknowledge.org\/#\/schema\/logo\/image\/","url":"https:\/\/nailknowledge.org\/wp-content\/uploads\/2026\/03\/KN-Logo-1.webp","contentUrl":"https:\/\/nailknowledge.org\/wp-content\/uploads\/2026\/03\/KN-Logo-1.webp","width":542,"height":100,"caption":"NailKnowledge"},"image":{"@id":"https:\/\/new.nailknowledge.org\/#\/schema\/logo\/image\/"}}]}},"_links":{"self":[{"href":"https:\/\/nailknowledge.org\/es\/wp-json\/wp\/v2\/pages\/42950","targetHints":{"allow":["GET"]}}],"collection":[{"href":"https:\/\/nailknowledge.org\/es\/wp-json\/wp\/v2\/pages"}],"about":[{"href":"https:\/\/nailknowledge.org\/es\/wp-json\/wp\/v2\/types\/page"}],"author":[{"embeddable":true,"href":"https:\/\/nailknowledge.org\/es\/wp-json\/wp\/v2\/users\/96"}],"replies":[{"embeddable":true,"href":"https:\/\/nailknowledge.org\/es\/wp-json\/wp\/v2\/comments?post=42950"}],"version-history":[{"count":0,"href":"https:\/\/nailknowledge.org\/es\/wp-json\/wp\/v2\/pages\/42950\/revisions"}],"up":[{"embeddable":true,"href":"https:\/\/nailknowledge.org\/es\/wp-json\/wp\/v2\/pages\/40569"}],"wp:attachment":[{"href":"https:\/\/nailknowledge.org\/es\/wp-json\/wp\/v2\/media?parent=42950"}],"curies":[{"name":"wp","href":"https:\/\/api.w.org\/{rel}","templated":true}]}}