{"id":46166,"date":"2022-05-06T12:15:55","date_gmt":"2022-05-06T12:15:55","guid":{"rendered":"https:\/\/nailknowledge.org\/?page_id=46166"},"modified":"2022-05-17T11:34:27","modified_gmt":"2022-05-17T11:34:27","slug":"energia-uv-y-geles-uv-2","status":"publish","type":"page","link":"https:\/\/nailknowledge.org\/es\/nailknowledge-badges\/uv-energy-and-uv-gels","title":{"rendered":"Energ\u00eda UV y geles UV Insignia digital"},"content":{"rendered":"<p><img loading=\"eager\" fetchpriority=\"high\" decoding=\"async\" width=\"512\" height=\"512\" src=\"https:\/\/nailknowledge.org\/wp-content\/uploads\/2022\/04\/NailKnowledge_badge_UV-Energy-Gels-512.png\" alt=\"\" \/>\t\t\t\t\t\t\t\t\t\t\t\t\t\t<\/p>\n<h1>Energ\u00eda UV y geles UV Insignia digital<\/h1>\n<h3>Emitido por NailKnowledge<\/h3>\n<p>Esta insignia digital certifica que el titular ha completado con \u00e9xito la Lecci\u00f3n Avanzada de Energ\u00eda UV y Geles UV de NailKnowledge, indicando que el destinatario ha alcanzado un nivel adecuado de competencia en la materia.<\/p>\n<h3>Criterios de aprobaci\u00f3n:<\/h3>\n<ul>\n<li>Completar un curso a distancia de una hora sobre energ\u00eda UV, geles UV y alergias<\/li>\n<li>Superar dos puntos de conocimiento interactivos que ponen a prueba la comprensi\u00f3n del tema<\/li>\n<li>Obtener una nota del 100% en un examen tipo test<\/li>\n<\/ul>\n<h3>Temas tratados:<\/h3>\n<ul>\n<li>El proceso de polimerizaci\u00f3n<\/li>\n<li>Geles y l\u00e1mparas UV<\/li>\n<li>Curado incorrecto \/ curado correcto<\/li>\n<li>Alergias<\/li>\n<\/ul>\n<h3>Sobre el curso:<\/h3>\n<p>La lecci\u00f3n de NailKnowledge sobre Energ\u00eda UV y Geles UV proporciona la ciencia detr\u00e1s de este popular sistema de u\u00f1as y muestra c\u00f3mo reducir el riesgo de alergias. Para saber m\u00e1s\u00a0<a href=\"https:\/\/nailknowledge.org\/es\/producto\/energia-uv-y-geles-uv-2\/\">aqu\u00ed<\/a><\/p>","protected":false},"excerpt":{"rendered":"<p>UV Energy and UV Gels Digital Badge Issued by NailKnowledge This digital badge certifies the holder\u2019s successful completion of NailKnowledge\u2019s UV Energy and UV Gels Advanced Lesson, indicating the recipient has attained a suitable level of subject competence. Pass Criteria: Complete a one-hour distance learning on UV energy, UV gels and allergies Pass two interactive [&hellip;]<\/p>\n","protected":false},"author":35,"featured_media":0,"parent":40569,"menu_order":0,"comment_status":"closed","ping_status":"closed","template":"","meta":{"_yoast_wpseo_focuskw":"","_yoast_wpseo_metadesc":"","_genesis_hide_title":false,"_genesis_hide_breadcrumbs":false,"_genesis_hide_singular_image":false,"_genesis_hide_footer_widgets":false,"_genesis_custom_body_class":"","_genesis_custom_post_class":"","_genesis_layout":"","footnotes":""},"class_list":{"0":"post-46166","1":"page","2":"type-page","3":"status-publish","5":"entry"},"yoast_head":"<!-- This site is optimized with the Yoast SEO plugin v27.4 - https:\/\/yoast.com\/product\/yoast-seo-wordpress\/ -->\n<title>UV Energy and UV Gels Digital Badge - NailKnowledge<\/title>\n<meta name=\"robots\" content=\"index, follow, max-snippet:-1, max-image-preview:large, max-video-preview:-1\" \/>\n<link rel=\"canonical\" href=\"https:\/\/nailknowledge.org\/es\/insignias-nailknowledge\/energia-uv-y-geles-uv-2\/\" \/>\n<meta property=\"og:locale\" content=\"es_ES\" \/>\n<meta property=\"og:type\" content=\"article\" \/>\n<meta property=\"og:title\" content=\"UV Energy and UV Gels Digital Badge - NailKnowledge\" \/>\n<meta property=\"og:description\" content=\"UV Energy and UV Gels Digital Badge Issued by NailKnowledge This digital badge certifies the holder\u2019s successful completion of NailKnowledge\u2019s UV Energy and UV Gels Advanced Lesson, indicating the recipient has attained a suitable level of subject competence. Pass Criteria: Complete a one-hour distance learning on UV energy, UV gels and allergies Pass two interactive [&hellip;]\" \/>\n<meta property=\"og:url\" content=\"https:\/\/nailknowledge.org\/es\/insignias-nailknowledge\/energia-uv-y-geles-uv-2\/\" \/>\n<meta property=\"og:site_name\" content=\"NailKnowledge\" \/>\n<meta property=\"article:modified_time\" content=\"2022-05-17T11:34:27+00:00\" \/>\n<meta property=\"og:image\" content=\"https:\/\/nailknowledge.org\/wp-content\/uploads\/2023\/03\/image002.jpg\" \/>\n\t<meta property=\"og:image:width\" content=\"545\" \/>\n\t<meta property=\"og:image:height\" content=\"295\" \/>\n\t<meta property=\"og:image:type\" content=\"image\/jpeg\" \/>\n<meta name=\"twitter:card\" content=\"summary_large_image\" \/>\n<meta name=\"twitter:label1\" content=\"Tiempo de lectura\" \/>\n\t<meta name=\"twitter:data1\" content=\"1 minuto\" \/>\n<script type=\"application\/ld+json\" class=\"yoast-schema-graph\">{\"@context\":\"https:\\\/\\\/schema.org\",\"@graph\":[{\"@type\":\"WebPage\",\"@id\":\"https:\\\/\\\/nailknowledge.org\\\/nailknowledge-badges\\\/uv-energy-and-uv-gels\",\"url\":\"https:\\\/\\\/nailknowledge.org\\\/nailknowledge-badges\\\/uv-energy-and-uv-gels\",\"name\":\"UV Energy and UV Gels Digital Badge - NailKnowledge\",\"isPartOf\":{\"@id\":\"https:\\\/\\\/new.nailknowledge.org\\\/#website\"},\"primaryImageOfPage\":{\"@id\":\"https:\\\/\\\/nailknowledge.org\\\/nailknowledge-badges\\\/uv-energy-and-uv-gels#primaryimage\"},\"image\":{\"@id\":\"https:\\\/\\\/nailknowledge.org\\\/nailknowledge-badges\\\/uv-energy-and-uv-gels#primaryimage\"},\"thumbnailUrl\":\"https:\\\/\\\/nailknowledge.org\\\/wp-content\\\/uploads\\\/2022\\\/04\\\/NailKnowledge_badge_UV-Energy-Gels-512.png\",\"datePublished\":\"2022-05-06T12:15:55+00:00\",\"dateModified\":\"2022-05-17T11:34:27+00:00\",\"breadcrumb\":{\"@id\":\"https:\\\/\\\/nailknowledge.org\\\/nailknowledge-badges\\\/uv-energy-and-uv-gels#breadcrumb\"},\"inLanguage\":\"es\",\"potentialAction\":[{\"@type\":\"ReadAction\",\"target\":[\"https:\\\/\\\/nailknowledge.org\\\/nailknowledge-badges\\\/uv-energy-and-uv-gels\"]}]},{\"@type\":\"ImageObject\",\"inLanguage\":\"es\",\"@id\":\"https:\\\/\\\/nailknowledge.org\\\/nailknowledge-badges\\\/uv-energy-and-uv-gels#primaryimage\",\"url\":\"https:\\\/\\\/nailknowledge.org\\\/wp-content\\\/uploads\\\/2022\\\/04\\\/NailKnowledge_badge_UV-Energy-Gels-512.png\",\"contentUrl\":\"https:\\\/\\\/nailknowledge.org\\\/wp-content\\\/uploads\\\/2022\\\/04\\\/NailKnowledge_badge_UV-Energy-Gels-512.png\"},{\"@type\":\"BreadcrumbList\",\"@id\":\"https:\\\/\\\/nailknowledge.org\\\/nailknowledge-badges\\\/uv-energy-and-uv-gels#breadcrumb\",\"itemListElement\":[{\"@type\":\"ListItem\",\"position\":1,\"name\":\"Home\",\"item\":\"https:\\\/\\\/nailknowledge.org\\\/\"},{\"@type\":\"ListItem\",\"position\":2,\"name\":\"Badges\",\"item\":\"https:\\\/\\\/nailknowledge.org\\\/nailknowledge-badges\"},{\"@type\":\"ListItem\",\"position\":3,\"name\":\"UV Energy and UV Gels Digital Badge\"}]},{\"@type\":\"WebSite\",\"@id\":\"https:\\\/\\\/new.nailknowledge.org\\\/#website\",\"url\":\"https:\\\/\\\/new.nailknowledge.org\\\/\",\"name\":\"NailKnowledge\",\"description\":\"\",\"publisher\":{\"@id\":\"https:\\\/\\\/new.nailknowledge.org\\\/#organization\"},\"potentialAction\":[{\"@type\":\"SearchAction\",\"target\":{\"@type\":\"EntryPoint\",\"urlTemplate\":\"https:\\\/\\\/new.nailknowledge.org\\\/?s={search_term_string}\"},\"query-input\":{\"@type\":\"PropertyValueSpecification\",\"valueRequired\":true,\"valueName\":\"search_term_string\"}}],\"inLanguage\":\"es\"},{\"@type\":\"Organization\",\"@id\":\"https:\\\/\\\/new.nailknowledge.org\\\/#organization\",\"name\":\"NailKnowledge\",\"url\":\"https:\\\/\\\/new.nailknowledge.org\\\/\",\"logo\":{\"@type\":\"ImageObject\",\"inLanguage\":\"es\",\"@id\":\"https:\\\/\\\/new.nailknowledge.org\\\/#\\\/schema\\\/logo\\\/image\\\/\",\"url\":\"https:\\\/\\\/nailknowledge.org\\\/wp-content\\\/uploads\\\/2026\\\/03\\\/KN-Logo-1.webp\",\"contentUrl\":\"https:\\\/\\\/nailknowledge.org\\\/wp-content\\\/uploads\\\/2026\\\/03\\\/KN-Logo-1.webp\",\"width\":542,\"height\":100,\"caption\":\"NailKnowledge\"},\"image\":{\"@id\":\"https:\\\/\\\/new.nailknowledge.org\\\/#\\\/schema\\\/logo\\\/image\\\/\"}}]}<\/script>\n<!-- \/ Yoast SEO plugin. -->","yoast_head_json":{"title":"Energ\u00eda UV y Geles UV Insignia Digital - NailKnowledge","robots":{"index":"index","follow":"follow","max-snippet":"max-snippet:-1","max-image-preview":"max-image-preview:large","max-video-preview":"max-video-preview:-1"},"canonical":"https:\/\/nailknowledge.org\/es\/insignias-nailknowledge\/energia-uv-y-geles-uv-2\/","og_locale":"es_ES","og_type":"article","og_title":"UV Energy and UV Gels Digital Badge - NailKnowledge","og_description":"UV Energy and UV Gels Digital Badge Issued by NailKnowledge This digital badge certifies the holder\u2019s successful completion of NailKnowledge\u2019s UV Energy and UV Gels Advanced Lesson, indicating the recipient has attained a suitable level of subject competence. Pass Criteria: Complete a one-hour distance learning on UV energy, UV gels and allergies Pass two interactive [&hellip;]","og_url":"https:\/\/nailknowledge.org\/es\/insignias-nailknowledge\/energia-uv-y-geles-uv-2\/","og_site_name":"NailKnowledge","article_modified_time":"2022-05-17T11:34:27+00:00","og_image":[{"width":545,"height":295,"url":"https:\/\/nailknowledge.org\/wp-content\/uploads\/2023\/03\/image002.jpg","type":"image\/jpeg"}],"twitter_card":"summary_large_image","twitter_misc":{"Tiempo de lectura":"1 minuto"},"schema":{"@context":"https:\/\/schema.org","@graph":[{"@type":"WebPage","@id":"https:\/\/nailknowledge.org\/nailknowledge-badges\/uv-energy-and-uv-gels","url":"https:\/\/nailknowledge.org\/nailknowledge-badges\/uv-energy-and-uv-gels","name":"Energ\u00eda UV y Geles UV Insignia Digital - NailKnowledge","isPartOf":{"@id":"https:\/\/new.nailknowledge.org\/#website"},"primaryImageOfPage":{"@id":"https:\/\/nailknowledge.org\/nailknowledge-badges\/uv-energy-and-uv-gels#primaryimage"},"image":{"@id":"https:\/\/nailknowledge.org\/nailknowledge-badges\/uv-energy-and-uv-gels#primaryimage"},"thumbnailUrl":"https:\/\/nailknowledge.org\/wp-content\/uploads\/2022\/04\/NailKnowledge_badge_UV-Energy-Gels-512.png","datePublished":"2022-05-06T12:15:55+00:00","dateModified":"2022-05-17T11:34:27+00:00","breadcrumb":{"@id":"https:\/\/nailknowledge.org\/nailknowledge-badges\/uv-energy-and-uv-gels#breadcrumb"},"inLanguage":"es","potentialAction":[{"@type":"ReadAction","target":["https:\/\/nailknowledge.org\/nailknowledge-badges\/uv-energy-and-uv-gels"]}]},{"@type":"ImageObject","inLanguage":"es","@id":"https:\/\/nailknowledge.org\/nailknowledge-badges\/uv-energy-and-uv-gels#primaryimage","url":"https:\/\/nailknowledge.org\/wp-content\/uploads\/2022\/04\/NailKnowledge_badge_UV-Energy-Gels-512.png","contentUrl":"https:\/\/nailknowledge.org\/wp-content\/uploads\/2022\/04\/NailKnowledge_badge_UV-Energy-Gels-512.png"},{"@type":"BreadcrumbList","@id":"https:\/\/nailknowledge.org\/nailknowledge-badges\/uv-energy-and-uv-gels#breadcrumb","itemListElement":[{"@type":"ListItem","position":1,"name":"Home","item":"https:\/\/nailknowledge.org\/"},{"@type":"ListItem","position":2,"name":"Badges","item":"https:\/\/nailknowledge.org\/nailknowledge-badges"},{"@type":"ListItem","position":3,"name":"UV Energy and UV Gels Digital Badge"}]},{"@type":"WebSite","@id":"https:\/\/new.nailknowledge.org\/#website","url":"https:\/\/new.nailknowledge.org\/","name":"Conocimientos de u\u00f1as","description":"","publisher":{"@id":"https:\/\/new.nailknowledge.org\/#organization"},"potentialAction":[{"@type":"SearchAction","target":{"@type":"EntryPoint","urlTemplate":"https:\/\/new.nailknowledge.org\/?s={search_term_string}"},"query-input":{"@type":"PropertyValueSpecification","valueRequired":true,"valueName":"search_term_string"}}],"inLanguage":"es"},{"@type":"Organization","@id":"https:\/\/new.nailknowledge.org\/#organization","name":"Conocimientos de u\u00f1as","url":"https:\/\/new.nailknowledge.org\/","logo":{"@type":"ImageObject","inLanguage":"es","@id":"https:\/\/new.nailknowledge.org\/#\/schema\/logo\/image\/","url":"https:\/\/nailknowledge.org\/wp-content\/uploads\/2026\/03\/KN-Logo-1.webp","contentUrl":"https:\/\/nailknowledge.org\/wp-content\/uploads\/2026\/03\/KN-Logo-1.webp","width":542,"height":100,"caption":"NailKnowledge"},"image":{"@id":"https:\/\/new.nailknowledge.org\/#\/schema\/logo\/image\/"}}]}},"_links":{"self":[{"href":"https:\/\/nailknowledge.org\/es\/wp-json\/wp\/v2\/pages\/46166","targetHints":{"allow":["GET"]}}],"collection":[{"href":"https:\/\/nailknowledge.org\/es\/wp-json\/wp\/v2\/pages"}],"about":[{"href":"https:\/\/nailknowledge.org\/es\/wp-json\/wp\/v2\/types\/page"}],"author":[{"embeddable":true,"href":"https:\/\/nailknowledge.org\/es\/wp-json\/wp\/v2\/users\/35"}],"replies":[{"embeddable":true,"href":"https:\/\/nailknowledge.org\/es\/wp-json\/wp\/v2\/comments?post=46166"}],"version-history":[{"count":0,"href":"https:\/\/nailknowledge.org\/es\/wp-json\/wp\/v2\/pages\/46166\/revisions"}],"up":[{"embeddable":true,"href":"https:\/\/nailknowledge.org\/es\/wp-json\/wp\/v2\/pages\/40569"}],"wp:attachment":[{"href":"https:\/\/nailknowledge.org\/es\/wp-json\/wp\/v2\/media?parent=46166"}],"curies":[{"name":"wp","href":"https:\/\/api.w.org\/{rel}","templated":true}]}}