{"id":52672,"date":"2022-12-22T09:40:59","date_gmt":"2022-12-22T09:40:59","guid":{"rendered":"https:\/\/nailknowledge.org\/?page_id=52672"},"modified":"2023-07-21T10:16:38","modified_gmt":"2023-07-21T10:16:38","slug":"diploma-profesional-de-unas","status":"publish","type":"page","link":"https:\/\/nailknowledge.org\/es\/professional-nail-courses\/nail-professional-diploma","title":{"rendered":"Diploma Profesional de U\u00f1as"},"content":{"rendered":"<div class=\"wp-block-columns is-layout-flex wp-container-core-columns-is-layout-9d6595d7 wp-block-columns-is-layout-flex\">\n<div class=\"wp-block-column is-layout-flow wp-block-column-is-layout-flow\" style=\"flex-basis:33.33%\">\n<figure class=\"wp-block-image size-full\"><img loading=\"eager\" fetchpriority=\"high\" decoding=\"async\" width=\"1024\" height=\"576\" src=\"https:\/\/nailknowledge.org\/wp-content\/uploads\/2021\/09\/Diploma.jpg\" alt=\"Diploma NailKnowledge\" class=\"wp-image-40405\" srcset=\"https:\/\/nailknowledge.org\/wp-content\/uploads\/2021\/09\/Diploma.jpg 1024w, https:\/\/nailknowledge.org\/wp-content\/uploads\/2021\/09\/Diploma-600x338.jpg 600w, https:\/\/nailknowledge.org\/wp-content\/uploads\/2021\/09\/Diploma-300x169.jpg 300w, https:\/\/nailknowledge.org\/wp-content\/uploads\/2021\/09\/Diploma-768x432.jpg 768w, https:\/\/nailknowledge.org\/wp-content\/uploads\/2021\/09\/Diploma-18x10.jpg 18w\" sizes=\"auto, (max-width: 1024px) 100vw, 1024px\" \/><\/figure>\n\n\n\n<p><\/p>\n<\/div>\n\n\n\n<div class=\"wp-block-column is-vertically-aligned-center is-layout-flow wp-block-column-is-layout-flow\" style=\"flex-basis:66.66%\">\n<h2 class=\"wp-block-heading has-text-align-center kn-course-section-title\">Diploma Profesional de U\u00f1as<\/h2>\n\n\n\n<div class=\"wp-block-columns is-layout-flex wp-container-core-columns-is-layout-9d6595d7 wp-block-columns-is-layout-flex\">\n<div class=\"wp-block-column is-vertically-aligned-top is-layout-flow wp-block-column-is-layout-flow\">\n<p class=\"has-text-align-center mb-0 has-text-color has-large-font-size\" style=\"color:#e93f9a\"><strong>GRATIS<\/strong><\/p>\n<\/div>\n\n\n\n<div class=\"wp-block-column is-vertically-aligned-center is-layout-flow wp-block-column-is-layout-flow\">\n<div class=\"wp-block-buttons alignfull is-horizontal is-content-justification-center is-layout-flex wp-container-core-buttons-is-layout-499968f5 wp-block-buttons-is-layout-flex\">\n<div class=\"wp-block-button\"><a class=\"wp-block-button__link wp-element-button\" href=\"https:\/\/learn.nailknowledge.org\/direct-customers\/?course=xb4VRe7m5g\">Reg\u00edstrese en<\/a><\/div>\n<\/div>\n<\/div>\n<\/div>\n<\/div>\n<\/div>\n\n\n\n<p><strong><em>TENGA EN CUENTA:- Debe haber aprobado las tres Masterclass Profesionales de U\u00f1as antes de intentar obtener el Diploma Profesional de U\u00f1as.  Simplemente inicie sesi\u00f3n para inscribirse.<\/em><\/strong><\/p>\n\n\n\n<p>Si ya has asistido a las tres Masterclass asociadas, espero que las hayas disfrutado, que hayas aprendido mucho y que hayas tenido muchos momentos de iluminaci\u00f3n.<\/p>\n\n\n\n<p>Ahora es el momento de obtener su Diploma Profesional de U\u00f1as. Como todos los Diplomas que merecen la pena, \u00e9ste demuestra tus logros. Es decir, su conocimiento de toda la comprensi\u00f3n esencial de la teor\u00eda que hay detr\u00e1s de su carrera como profesional de las u\u00f1as.<\/p>\n\n\n\n<p>Buena suerte con el examen final y disfruta de tu Diploma que podr\u00e1s poner en un lugar de honor en tu pared y, por supuesto, a\u00f1adirlo a tu CV.<\/p>\n\n\n\n<p>Recuerde que tendr\u00e1 acceso ilimitado a los Cursos, adem\u00e1s de que hay una enorme riqueza de informaci\u00f3n en nuestra Base de Conocimientos que estar\u00e1 creciendo todo el tiempo.<\/p>\n\n\n\n<p>Marian Newman BEM<\/p>\n\n\n\n<figure class=\"wp-block-embed aligncenter is-type-video is-provider-vimeo wp-block-embed-vimeo wp-embed-aspect-16-9 wp-has-aspect-ratio\"><div class=\"wp-block-embed__wrapper\">\n<iframe loading=\"lazy\" title=\"NailKnowledge Introducci\u00f3n\" src=\"https:\/\/player.vimeo.com\/video\/492205416?dnt=1&amp;app_id=122963\" width=\"500\" height=\"281\" frameborder=\"0\" allow=\"autoplay; fullscreen; picture-in-picture; clipboard-write\"><\/iframe>\n<\/div><\/figure>\n\n\n\n<h2 class=\"wp-block-heading has-text-align-center kn-course-section-title my-4\">Contenido del curso<\/h2>\n\n\n\n<h2 class=\"wp-block-heading has-text-align-center mt-4 kn-course-section-title text-pink\"><strong><strong><strong>EL EXAMEN PARA LA OBTENCI\u00d3N DEL DIPLOMA<\/strong><\/strong><\/strong><\/h2>\n\n\n\n<div class=\"wp-block-columns is-layout-flex wp-container-core-columns-is-layout-9d6595d7 wp-block-columns-is-layout-flex\">\n<div class=\"wp-block-column is-layout-flow wp-block-column-is-layout-flow\"><\/div>\n\n\n\n<div class=\"wp-block-column is-layout-flow wp-block-column-is-layout-flow\" style=\"flex-basis:50%\">\n<figure class=\"wp-block-image size-large\"><img loading=\"lazy\" decoding=\"async\" width=\"1725\" height=\"1078\" src=\"https:\/\/nailknowledge.org\/wp-content\/uploads\/2022\/12\/NAIL-KNOWLEDGE-INTRO-SQ-edited-1.jpg\" alt=\"\" class=\"wp-image-52496\" srcset=\"https:\/\/nailknowledge.org\/wp-content\/uploads\/2022\/12\/NAIL-KNOWLEDGE-INTRO-SQ-edited-1.jpg 1725w, https:\/\/nailknowledge.org\/wp-content\/uploads\/2022\/12\/NAIL-KNOWLEDGE-INTRO-SQ-edited-1-600x375.jpg 600w, https:\/\/nailknowledge.org\/wp-content\/uploads\/2022\/12\/NAIL-KNOWLEDGE-INTRO-SQ-edited-1-300x187.jpg 300w, https:\/\/nailknowledge.org\/wp-content\/uploads\/2022\/12\/NAIL-KNOWLEDGE-INTRO-SQ-edited-1-1024x640.jpg 1024w, https:\/\/nailknowledge.org\/wp-content\/uploads\/2022\/12\/NAIL-KNOWLEDGE-INTRO-SQ-edited-1-768x480.jpg 768w, https:\/\/nailknowledge.org\/wp-content\/uploads\/2022\/12\/NAIL-KNOWLEDGE-INTRO-SQ-edited-1-1536x960.jpg 1536w, https:\/\/nailknowledge.org\/wp-content\/uploads\/2022\/12\/NAIL-KNOWLEDGE-INTRO-SQ-edited-1-400x250.jpg 400w\" sizes=\"auto, (max-width: 1725px) 100vw, 1725px\" \/><\/figure>\n\n\n\n<h3 class=\"wp-block-heading mb-0 kn-course-title\">Examen para la obtenci\u00f3n del diploma<\/h3>\n\n\n\n<p class=\"text-pink my-0\"><strong>1  <strong><strong><strong><strong><strong><strong><strong>Comprobaci\u00f3n de conocimientos<\/strong><\/strong><\/strong><\/strong><\/strong><\/strong><\/strong> <\/strong><\/p>\n<\/div>\n\n\n\n<div class=\"wp-block-column is-layout-flow wp-block-column-is-layout-flow\"><\/div>\n<\/div>\n\n\n\n<div style=\"height:100px\" aria-hidden=\"true\" class=\"wp-block-spacer\"><\/div>\n\n\n\n<div class=\"wp-block-columns is-layout-flex wp-container-core-columns-is-layout-9d6595d7 wp-block-columns-is-layout-flex\">\n<div class=\"wp-block-column is-layout-flow wp-block-column-is-layout-flow\" style=\"flex-basis:33.33%\">\n<figure class=\"wp-block-image size-full\"><img loading=\"lazy\" decoding=\"async\" width=\"1024\" height=\"576\" src=\"https:\/\/nailknowledge.org\/wp-content\/uploads\/2021\/09\/Diploma.jpg\" alt=\"Diploma NailKnowledge\" class=\"wp-image-40405\" srcset=\"https:\/\/nailknowledge.org\/wp-content\/uploads\/2021\/09\/Diploma.jpg 1024w, https:\/\/nailknowledge.org\/wp-content\/uploads\/2021\/09\/Diploma-600x338.jpg 600w, https:\/\/nailknowledge.org\/wp-content\/uploads\/2021\/09\/Diploma-300x169.jpg 300w, https:\/\/nailknowledge.org\/wp-content\/uploads\/2021\/09\/Diploma-768x432.jpg 768w, https:\/\/nailknowledge.org\/wp-content\/uploads\/2021\/09\/Diploma-18x10.jpg 18w\" sizes=\"auto, (max-width: 1024px) 100vw, 1024px\" \/><\/figure>\n\n\n\n<p><\/p>\n<\/div>\n\n\n\n<div class=\"wp-block-column is-vertically-aligned-center is-layout-flow wp-block-column-is-layout-flow\" style=\"flex-basis:66.66%\">\n<h2 class=\"wp-block-heading has-text-align-center kn-course-section-title\">Diploma Profesional de U\u00f1as<\/h2>\n\n\n\n<div class=\"wp-block-columns is-layout-flex wp-container-core-columns-is-layout-9d6595d7 wp-block-columns-is-layout-flex\">\n<div class=\"wp-block-column is-vertically-aligned-top is-layout-flow wp-block-column-is-layout-flow\">\n<p class=\"has-text-align-center mb-0 has-text-color has-large-font-size\" style=\"color:#e93f9a\"><strong>GRATIS<\/strong><\/p>\n<\/div>\n\n\n\n<div class=\"wp-block-column is-vertically-aligned-center is-layout-flow wp-block-column-is-layout-flow\">\n<div class=\"wp-block-buttons alignfull is-horizontal is-content-justification-center is-layout-flex wp-container-core-buttons-is-layout-499968f5 wp-block-buttons-is-layout-flex\">\n<div class=\"wp-block-button\"><a class=\"wp-block-button__link wp-element-button\" href=\"https:\/\/learn.nailknowledge.org\/direct-customers\/?course=xb4VRe7m5g\">Reg\u00edstrese en<\/a><\/div>\n<\/div>\n<\/div>\n<\/div>\n<\/div>\n<\/div>","protected":false},"excerpt":{"rendered":"<p>Nail Professional Diploma FREE PLEASE NOTE:-&nbsp;You must have passed all three Nail Professional Masterclasses before you can attempt to take the Nail Professional Diploma.&nbsp; Simply login to enroll. If you have completed the three associated Masterclasses, then I really hope you have enjoyed them, learned loads, and had plenty of those \u2018light bulb\u2019 moments. Now [&hellip;]<\/p>\n","protected":false},"author":35,"featured_media":0,"parent":39235,"menu_order":0,"comment_status":"closed","ping_status":"closed","template":"","meta":{"_yoast_wpseo_focuskw":"","_yoast_wpseo_metadesc":"","_genesis_hide_title":false,"_genesis_hide_breadcrumbs":false,"_genesis_hide_singular_image":false,"_genesis_hide_footer_widgets":false,"_genesis_custom_body_class":"","_genesis_custom_post_class":"","_genesis_layout":"","footnotes":""},"class_list":{"0":"post-52672","1":"page","2":"type-page","3":"status-publish","5":"entry"},"yoast_head":"<!-- This site is optimized with the Yoast SEO plugin v27.3 - https:\/\/yoast.com\/product\/yoast-seo-wordpress\/ -->\n<title>Nail Professional Diploma - NailKnowledge<\/title>\n<meta name=\"robots\" content=\"index, follow, max-snippet:-1, max-image-preview:large, max-video-preview:-1\" \/>\n<link rel=\"canonical\" href=\"https:\/\/nailknowledge.org\/es\/cursos-profesionales-de-unas\/diploma-profesional-de-unas\/\" \/>\n<meta property=\"og:locale\" content=\"es_ES\" \/>\n<meta property=\"og:type\" content=\"article\" \/>\n<meta property=\"og:title\" content=\"Nail Professional Diploma - NailKnowledge\" \/>\n<meta property=\"og:description\" content=\"Nail Professional Diploma FREE PLEASE NOTE:-&nbsp;You must have passed all three Nail Professional Masterclasses before you can attempt to take the Nail Professional Diploma.&nbsp; Simply login to enroll. If you have completed the three associated Masterclasses, then I really hope you have enjoyed them, learned loads, and had plenty of those \u2018light bulb\u2019 moments. Now [&hellip;]\" \/>\n<meta property=\"og:url\" content=\"https:\/\/nailknowledge.org\/es\/cursos-profesionales-de-unas\/diploma-profesional-de-unas\/\" \/>\n<meta property=\"og:site_name\" content=\"NailKnowledge\" \/>\n<meta property=\"article:modified_time\" content=\"2023-07-21T10:16:38+00:00\" \/>\n<meta property=\"og:image\" content=\"https:\/\/nailknowledge.org\/wp-content\/uploads\/2023\/03\/image002.jpg\" \/>\n\t<meta property=\"og:image:width\" content=\"545\" \/>\n\t<meta property=\"og:image:height\" content=\"295\" \/>\n\t<meta property=\"og:image:type\" content=\"image\/jpeg\" \/>\n<meta name=\"twitter:card\" content=\"summary_large_image\" \/>\n<meta name=\"twitter:label1\" content=\"Tiempo de lectura\" \/>\n\t<meta name=\"twitter:data1\" content=\"2 minutos\" \/>\n<script type=\"application\/ld+json\" class=\"yoast-schema-graph\">{\"@context\":\"https:\\\/\\\/schema.org\",\"@graph\":[{\"@type\":\"WebPage\",\"@id\":\"https:\\\/\\\/nailknowledge.org\\\/professional-nail-courses\\\/nail-professional-diploma\",\"url\":\"https:\\\/\\\/nailknowledge.org\\\/professional-nail-courses\\\/nail-professional-diploma\",\"name\":\"Nail Professional Diploma - NailKnowledge\",\"isPartOf\":{\"@id\":\"https:\\\/\\\/new.nailknowledge.org\\\/#website\"},\"primaryImageOfPage\":{\"@id\":\"https:\\\/\\\/nailknowledge.org\\\/professional-nail-courses\\\/nail-professional-diploma#primaryimage\"},\"image\":{\"@id\":\"https:\\\/\\\/nailknowledge.org\\\/professional-nail-courses\\\/nail-professional-diploma#primaryimage\"},\"thumbnailUrl\":\"https:\\\/\\\/nailknowledge.org\\\/wp-content\\\/uploads\\\/2021\\\/09\\\/Diploma.jpg\",\"datePublished\":\"2022-12-22T09:40:59+00:00\",\"dateModified\":\"2023-07-21T10:16:38+00:00\",\"breadcrumb\":{\"@id\":\"https:\\\/\\\/nailknowledge.org\\\/professional-nail-courses\\\/nail-professional-diploma#breadcrumb\"},\"inLanguage\":\"es\",\"potentialAction\":[{\"@type\":\"ReadAction\",\"target\":[\"https:\\\/\\\/nailknowledge.org\\\/professional-nail-courses\\\/nail-professional-diploma\"]}]},{\"@type\":\"ImageObject\",\"inLanguage\":\"es\",\"@id\":\"https:\\\/\\\/nailknowledge.org\\\/professional-nail-courses\\\/nail-professional-diploma#primaryimage\",\"url\":\"https:\\\/\\\/nailknowledge.org\\\/wp-content\\\/uploads\\\/2021\\\/09\\\/Diploma.jpg\",\"contentUrl\":\"https:\\\/\\\/nailknowledge.org\\\/wp-content\\\/uploads\\\/2021\\\/09\\\/Diploma.jpg\"},{\"@type\":\"BreadcrumbList\",\"@id\":\"https:\\\/\\\/nailknowledge.org\\\/professional-nail-courses\\\/nail-professional-diploma#breadcrumb\",\"itemListElement\":[{\"@type\":\"ListItem\",\"position\":1,\"name\":\"Home\",\"item\":\"https:\\\/\\\/nailknowledge.org\\\/\"},{\"@type\":\"ListItem\",\"position\":2,\"name\":\"Professional Nail Courses\",\"item\":\"https:\\\/\\\/nailknowledge.org\\\/professional-nail-courses\"},{\"@type\":\"ListItem\",\"position\":3,\"name\":\"Nail Professional Diploma\"}]},{\"@type\":\"WebSite\",\"@id\":\"https:\\\/\\\/new.nailknowledge.org\\\/#website\",\"url\":\"https:\\\/\\\/new.nailknowledge.org\\\/\",\"name\":\"NailKnowledge\",\"description\":\"\",\"publisher\":{\"@id\":\"https:\\\/\\\/new.nailknowledge.org\\\/#organization\"},\"potentialAction\":[{\"@type\":\"SearchAction\",\"target\":{\"@type\":\"EntryPoint\",\"urlTemplate\":\"https:\\\/\\\/new.nailknowledge.org\\\/?s={search_term_string}\"},\"query-input\":{\"@type\":\"PropertyValueSpecification\",\"valueRequired\":true,\"valueName\":\"search_term_string\"}}],\"inLanguage\":\"es\"},{\"@type\":\"Organization\",\"@id\":\"https:\\\/\\\/new.nailknowledge.org\\\/#organization\",\"name\":\"NailKnowledge\",\"url\":\"https:\\\/\\\/new.nailknowledge.org\\\/\",\"logo\":{\"@type\":\"ImageObject\",\"inLanguage\":\"es\",\"@id\":\"https:\\\/\\\/new.nailknowledge.org\\\/#\\\/schema\\\/logo\\\/image\\\/\",\"url\":\"https:\\\/\\\/nailknowledge.org\\\/wp-content\\\/uploads\\\/2026\\\/03\\\/KN-Logo-1.webp\",\"contentUrl\":\"https:\\\/\\\/nailknowledge.org\\\/wp-content\\\/uploads\\\/2026\\\/03\\\/KN-Logo-1.webp\",\"width\":542,\"height\":100,\"caption\":\"NailKnowledge\"},\"image\":{\"@id\":\"https:\\\/\\\/new.nailknowledge.org\\\/#\\\/schema\\\/logo\\\/image\\\/\"}}]}<\/script>\n<!-- \/ Yoast SEO plugin. -->","yoast_head_json":{"title":"Diploma Profesional de U\u00f1as - NailKnowledge","robots":{"index":"index","follow":"follow","max-snippet":"max-snippet:-1","max-image-preview":"max-image-preview:large","max-video-preview":"max-video-preview:-1"},"canonical":"https:\/\/nailknowledge.org\/es\/cursos-profesionales-de-unas\/diploma-profesional-de-unas\/","og_locale":"es_ES","og_type":"article","og_title":"Nail Professional Diploma - NailKnowledge","og_description":"Nail Professional Diploma FREE PLEASE NOTE:-&nbsp;You must have passed all three Nail Professional Masterclasses before you can attempt to take the Nail Professional Diploma.&nbsp; Simply login to enroll. If you have completed the three associated Masterclasses, then I really hope you have enjoyed them, learned loads, and had plenty of those \u2018light bulb\u2019 moments. Now [&hellip;]","og_url":"https:\/\/nailknowledge.org\/es\/cursos-profesionales-de-unas\/diploma-profesional-de-unas\/","og_site_name":"NailKnowledge","article_modified_time":"2023-07-21T10:16:38+00:00","og_image":[{"width":545,"height":295,"url":"https:\/\/nailknowledge.org\/wp-content\/uploads\/2023\/03\/image002.jpg","type":"image\/jpeg"}],"twitter_card":"summary_large_image","twitter_misc":{"Tiempo de lectura":"2 minutos"},"schema":{"@context":"https:\/\/schema.org","@graph":[{"@type":"WebPage","@id":"https:\/\/nailknowledge.org\/professional-nail-courses\/nail-professional-diploma","url":"https:\/\/nailknowledge.org\/professional-nail-courses\/nail-professional-diploma","name":"Diploma Profesional de U\u00f1as - NailKnowledge","isPartOf":{"@id":"https:\/\/new.nailknowledge.org\/#website"},"primaryImageOfPage":{"@id":"https:\/\/nailknowledge.org\/professional-nail-courses\/nail-professional-diploma#primaryimage"},"image":{"@id":"https:\/\/nailknowledge.org\/professional-nail-courses\/nail-professional-diploma#primaryimage"},"thumbnailUrl":"https:\/\/nailknowledge.org\/wp-content\/uploads\/2021\/09\/Diploma.jpg","datePublished":"2022-12-22T09:40:59+00:00","dateModified":"2023-07-21T10:16:38+00:00","breadcrumb":{"@id":"https:\/\/nailknowledge.org\/professional-nail-courses\/nail-professional-diploma#breadcrumb"},"inLanguage":"es","potentialAction":[{"@type":"ReadAction","target":["https:\/\/nailknowledge.org\/professional-nail-courses\/nail-professional-diploma"]}]},{"@type":"ImageObject","inLanguage":"es","@id":"https:\/\/nailknowledge.org\/professional-nail-courses\/nail-professional-diploma#primaryimage","url":"https:\/\/nailknowledge.org\/wp-content\/uploads\/2021\/09\/Diploma.jpg","contentUrl":"https:\/\/nailknowledge.org\/wp-content\/uploads\/2021\/09\/Diploma.jpg"},{"@type":"BreadcrumbList","@id":"https:\/\/nailknowledge.org\/professional-nail-courses\/nail-professional-diploma#breadcrumb","itemListElement":[{"@type":"ListItem","position":1,"name":"Home","item":"https:\/\/nailknowledge.org\/"},{"@type":"ListItem","position":2,"name":"Professional Nail Courses","item":"https:\/\/nailknowledge.org\/professional-nail-courses"},{"@type":"ListItem","position":3,"name":"Nail Professional Diploma"}]},{"@type":"WebSite","@id":"https:\/\/new.nailknowledge.org\/#website","url":"https:\/\/new.nailknowledge.org\/","name":"Conocimientos de u\u00f1as","description":"","publisher":{"@id":"https:\/\/new.nailknowledge.org\/#organization"},"potentialAction":[{"@type":"SearchAction","target":{"@type":"EntryPoint","urlTemplate":"https:\/\/new.nailknowledge.org\/?s={search_term_string}"},"query-input":{"@type":"PropertyValueSpecification","valueRequired":true,"valueName":"search_term_string"}}],"inLanguage":"es"},{"@type":"Organization","@id":"https:\/\/new.nailknowledge.org\/#organization","name":"Conocimientos de u\u00f1as","url":"https:\/\/new.nailknowledge.org\/","logo":{"@type":"ImageObject","inLanguage":"es","@id":"https:\/\/new.nailknowledge.org\/#\/schema\/logo\/image\/","url":"https:\/\/nailknowledge.org\/wp-content\/uploads\/2026\/03\/KN-Logo-1.webp","contentUrl":"https:\/\/nailknowledge.org\/wp-content\/uploads\/2026\/03\/KN-Logo-1.webp","width":542,"height":100,"caption":"NailKnowledge"},"image":{"@id":"https:\/\/new.nailknowledge.org\/#\/schema\/logo\/image\/"}}]}},"_links":{"self":[{"href":"https:\/\/nailknowledge.org\/es\/wp-json\/wp\/v2\/pages\/52672","targetHints":{"allow":["GET"]}}],"collection":[{"href":"https:\/\/nailknowledge.org\/es\/wp-json\/wp\/v2\/pages"}],"about":[{"href":"https:\/\/nailknowledge.org\/es\/wp-json\/wp\/v2\/types\/page"}],"author":[{"embeddable":true,"href":"https:\/\/nailknowledge.org\/es\/wp-json\/wp\/v2\/users\/35"}],"replies":[{"embeddable":true,"href":"https:\/\/nailknowledge.org\/es\/wp-json\/wp\/v2\/comments?post=52672"}],"version-history":[{"count":0,"href":"https:\/\/nailknowledge.org\/es\/wp-json\/wp\/v2\/pages\/52672\/revisions"}],"up":[{"embeddable":true,"href":"https:\/\/nailknowledge.org\/es\/wp-json\/wp\/v2\/pages\/39235"}],"wp:attachment":[{"href":"https:\/\/nailknowledge.org\/es\/wp-json\/wp\/v2\/media?parent=52672"}],"curies":[{"name":"wp","href":"https:\/\/api.w.org\/{rel}","templated":true}]}}