{"id":62041,"date":"2023-03-30T12:53:48","date_gmt":"2023-03-30T12:53:48","guid":{"rendered":"https:\/\/nailknowledge.org\/?page_id=62041"},"modified":"2024-03-04T16:45:27","modified_gmt":"2024-03-04T16:45:27","slug":"suscripcion-para-particulares","status":"publish","type":"page","link":"https:\/\/nailknowledge.org\/es\/subsciption-for-individuals","title":{"rendered":"Suscripci\u00f3n para particulares"},"content":{"rendered":"<div class=\"wp-block-group mx-auto container-max-width-1200 py-2\"><div class=\"wp-block-group__inner-container is-layout-constrained wp-block-group-is-layout-constrained\">\n<h2 class=\"wp-block-heading has-text-align-center\">Mejore sus competencias y adel\u00e1ntese a los acontecimientos <\/h2>\n\n\n<div class=\"wp-block-image\">\n<figure class=\"aligncenter size-full\"><a href=\"https:\/\/learn.nailknowledge.org\/subscriptions\/oRZV31qzPN\"><img loading=\"eager\" fetchpriority=\"high\" decoding=\"async\" width=\"1024\" height=\"546\" src=\"https:\/\/nailknowledge.org\/wp-content\/uploads\/2024\/03\/Subscribe-Now-Subscription-2.jpg\" alt=\"\" class=\"wp-image-113080\" srcset=\"https:\/\/nailknowledge.org\/wp-content\/uploads\/2024\/03\/Subscribe-Now-Subscription-2.jpg 1024w, https:\/\/nailknowledge.org\/wp-content\/uploads\/2024\/03\/Subscribe-Now-Subscription-2-600x320.jpg 600w, https:\/\/nailknowledge.org\/wp-content\/uploads\/2024\/03\/Subscribe-Now-Subscription-2-300x160.jpg 300w, https:\/\/nailknowledge.org\/wp-content\/uploads\/2024\/03\/Subscribe-Now-Subscription-2-768x410.jpg 768w, https:\/\/nailknowledge.org\/wp-content\/uploads\/2024\/03\/Subscribe-Now-Subscription-2-18x10.jpg 18w, https:\/\/nailknowledge.org\/wp-content\/uploads\/2024\/03\/Subscribe-Now-Subscription-2-50x27.jpg 50w, https:\/\/nailknowledge.org\/wp-content\/uploads\/2024\/03\/Subscribe-Now-Subscription-2-200x107.jpg 200w, https:\/\/nailknowledge.org\/wp-content\/uploads\/2024\/03\/Subscribe-Now-Subscription-2-100x53.jpg 100w\" sizes=\"auto, (max-width: 1024px) 100vw, 1024px\" \/><\/a><\/figure>\n<\/div>\n\n\n<h4 class=\"wp-block-heading\">Mant\u00e9ngase al d\u00eda de las tendencias del sector con una suscripci\u00f3n de un a\u00f1o<\/h4>\n\n\n\n<p>Obtendr\u00e1 acceso instant\u00e1neo a todos los NailKnowledge <a href=\"https:\/\/nailknowledge.org\/es\/tienda\/\">Libros electr\u00f3nicos <\/a>y cursos, incluido el <a href=\"https:\/\/nailknowledge.org\/es\/cursos-profesionales-de-unas\/el-diploma-esencial-de-profesional-de-unas\/\">Diploma esencial de u\u00f1as<\/a>, <a href=\"https:\/\/nailknowledge.org\/es\/cursos-profesionales-de-unas\/energia-uv-y-geles-uv-2\/\">Energ\u00eda UV y geles UV<\/a> y <a href=\"https:\/\/nailknowledge.org\/es\/cursos-profesionales-de-unas\/alergias-y-como-se-producen\/\">Alergias y c\u00f3mo se producen.<\/a><\/p>\n\n\n\n<p>Esta formaci\u00f3n exhaustiva y avalada por expertos garantiza que siempre est\u00e9s bien informada y preparada para sobresalir en tus tareas de cuidado de u\u00f1as.<\/p>\n\n\n\n<h2 class=\"wp-block-heading has-text-align-center\">NailKnowledge eBooks<\/h2>\n\n\n\n<p>Todos estos <a href=\"https:\/\/nailknowledge.org\/es\/tienda\/\">Libros electr\u00f3nicos<\/a>La suscripci\u00f3n incluye la exitosa serie Cara a cara, escrita por Doug Schoon.<\/p>\n\n\n\n<figure class=\"wp-block-image size-large\"><a href=\"https:\/\/nailknowledge.org\/es\/tienda\/\"><img loading=\"lazy\" decoding=\"async\" width=\"1024\" height=\"546\" src=\"https:\/\/nailknowledge.org\/wp-content\/uploads\/2023\/11\/Face-to-Face-UK-1-1024x546.jpg\" alt=\"Nailknowledge eBooks\" class=\"wp-image-92676\" srcset=\"https:\/\/nailknowledge.org\/wp-content\/uploads\/2023\/11\/Face-to-Face-UK-1-1024x546.jpg 1024w, https:\/\/nailknowledge.org\/wp-content\/uploads\/2023\/11\/Face-to-Face-UK-1-600x320.jpg 600w, https:\/\/nailknowledge.org\/wp-content\/uploads\/2023\/11\/Face-to-Face-UK-1-300x160.jpg 300w, https:\/\/nailknowledge.org\/wp-content\/uploads\/2023\/11\/Face-to-Face-UK-1-768x409.jpg 768w, https:\/\/nailknowledge.org\/wp-content\/uploads\/2023\/11\/Face-to-Face-UK-1-18x10.jpg 18w, https:\/\/nailknowledge.org\/wp-content\/uploads\/2023\/11\/Face-to-Face-UK-1.jpg 1280w\" sizes=\"auto, (max-width: 1024px) 100vw, 1024px\" \/><\/a><\/figure>\n\n\n\n<h4 class=\"wp-block-heading\">Diploma Esencial de U\u00f1as NailKnowledge: M\u00e1s que un simple certificado<\/h4>\n\n\n\n<p>Puede que ya tengas tus cualificaciones, pero el sector de las u\u00f1as est\u00e1 en constante evoluci\u00f3n. En <strong>Diploma esencial de u\u00f1as NailKnowledge<\/strong> va m\u00e1s all\u00e1 de lo b\u00e1sico, ofreci\u00e9ndole una formaci\u00f3n te\u00f3rica avanzada en Anatom\u00eda de las u\u00f1as, Qu\u00edmica de los productos y Salud y seguridad. Mant\u00e9ngase al d\u00eda sobre las \u00faltimas tendencias y t\u00e9cnicas, convirti\u00e9ndose en un activo inestimable en la industria del cuidado de las u\u00f1as.<\/p>\n\n\n\n<h4 class=\"wp-block-heading\">Superar la meseta y alcanzar nuevas cotas<\/h4>\n\n\n\n<p>Incluso los t\u00e9cnicos de u\u00f1as cualificados pueden beneficiarse de un aprendizaje continuo. Los cursos ofrecidos por NailKnowledge est\u00e1n dise\u00f1ados para ayudarte a mejorar tus habilidades actuales, dominar nuevas t\u00e9cnicas y ofrecer una experiencia superior a tus clientes. Nunca dejes de crecer y observa c\u00f3mo florece tu carrera.<\/p>\n\n\n\n<h4 class=\"wp-block-heading\">T\u00e9cnicos de u\u00f1as reales, \u00e9xito real<\/h4>\n\n\n\n<p>No te quedes s\u00f3lo con nuestra palabra. Esto es lo que otros t\u00e9cnicos de u\u00f1as tienen que decir sobre el programa NailKnowledge:<\/p>\n\n\n\n<p>\"Cre\u00eda que lo sab\u00eda todo, pero NailKnowledge me ha abierto los ojos a nuevas t\u00e9cnicas y tendencias. Mis clientes han notado la mejora, \u00a1y mi agenda de citas est\u00e1 siempre llena!\". - <em>Sue Mcglashan, T\u00e9cnica de u\u00f1as<\/em><\/p>\n\n\n\n<p>\"NailKnowledge ha cambiado mi carrera profesional. Tengo m\u00e1s confianza y conocimientos, y los salones est\u00e1n deseando tenerme en su equipo.\" - Emily Geer<em>T\u00e9cnico de u\u00f1as<\/em> y Educador<\/p>\n\n\n\n<h4 class=\"wp-block-heading\">No se lo pierda<\/h4>\n\n\n\n<p>Aproveche esta oportunidad para mejorar sus conocimientos sobre u\u00f1as, ya sea profesional, estudiante o aficionado, y ofrezca la experiencia excepcional que se merecen las u\u00f1as.<\/p>\n\n\n\n<div class=\"wp-block-buttons is-layout-flex wp-block-buttons-is-layout-flex\">\n<div class=\"wp-block-button has-custom-width wp-block-button__width-100 has-custom-font-size\" style=\"font-size:24px\"><a class=\"wp-block-button__link has-background wp-element-button\" href=\"https:\/\/learn.nailknowledge.org\/subscriptions\/oRZV31qzPN\" style=\"border-radius:10px;background:linear-gradient(320deg,rgb(0,212,91) 0%,rgb(35,164,85) 100%)\"><strong>Suscr\u00edbase ahora y obtenga acceso instant\u00e1neo<\/strong><\/a><\/div>\n<\/div>\n\n\n\n<p>Aproveche esta oportunidad para invertir en su trayectoria en el cuidado de las u\u00f1as y elevar sus competencias, cumpliendo los est\u00e1ndares excepcionales que se merecen las u\u00f1as.<\/p>\n\n\n\n<p><\/p>\n<\/div><\/div>","protected":false},"excerpt":{"rendered":"<p>Elevate Your Skills and Stay Ahead of the Curve Stay on Top of Industry Trends with a 1-Year Subscription You&#8217;ll gain instant access to all NailKnowledge eBooks and courses, including the Essential Nail Diploma, UV Energy &amp; UV Gels and Allergies and how they Happen. This comprehensive and expert-endorsed training ensures that you&#8217;re always well-informed [&hellip;]<\/p>\n","protected":false},"author":2,"featured_media":0,"parent":0,"menu_order":0,"comment_status":"closed","ping_status":"closed","template":"","meta":{"_yoast_wpseo_focuskw":"","_yoast_wpseo_metadesc":"","_genesis_hide_title":false,"_genesis_hide_breadcrumbs":false,"_genesis_hide_singular_image":false,"_genesis_hide_footer_widgets":false,"_genesis_custom_body_class":"","_genesis_custom_post_class":"","_genesis_layout":"","footnotes":""},"class_list":{"0":"post-62041","1":"page","2":"type-page","3":"status-publish","5":"entry"},"yoast_head":"<!-- This site is optimized with the Yoast SEO plugin v27.4 - https:\/\/yoast.com\/product\/yoast-seo-wordpress\/ -->\n<title>Subscription for individuals - NailKnowledge<\/title>\n<meta name=\"robots\" content=\"index, follow, max-snippet:-1, max-image-preview:large, max-video-preview:-1\" \/>\n<link rel=\"canonical\" href=\"https:\/\/nailknowledge.org\/es\/suscripcion-para-particulares\/\" \/>\n<meta property=\"og:locale\" content=\"es_ES\" \/>\n<meta property=\"og:type\" content=\"article\" \/>\n<meta property=\"og:title\" content=\"Subscription for individuals - NailKnowledge\" \/>\n<meta property=\"og:description\" content=\"Elevate Your Skills and Stay Ahead of the Curve Stay on Top of Industry Trends with a 1-Year Subscription You&#8217;ll gain instant access to all NailKnowledge eBooks and courses, including the Essential Nail Diploma, UV Energy &amp; UV Gels and Allergies and how they Happen. This comprehensive and expert-endorsed training ensures that you&#8217;re always well-informed [&hellip;]\" \/>\n<meta property=\"og:url\" content=\"https:\/\/nailknowledge.org\/es\/suscripcion-para-particulares\/\" \/>\n<meta property=\"og:site_name\" content=\"NailKnowledge\" \/>\n<meta property=\"article:modified_time\" content=\"2024-03-04T16:45:27+00:00\" \/>\n<meta property=\"og:image\" content=\"https:\/\/nailknowledge.org\/wp-content\/uploads\/2024\/03\/Subscribe-Now-Subscription-2.jpg\" \/>\n<meta name=\"twitter:card\" content=\"summary_large_image\" \/>\n<meta name=\"twitter:label1\" content=\"Tiempo de lectura\" \/>\n\t<meta name=\"twitter:data1\" content=\"2 minutos\" \/>\n<script type=\"application\/ld+json\" class=\"yoast-schema-graph\">{\"@context\":\"https:\\\/\\\/schema.org\",\"@graph\":[{\"@type\":\"WebPage\",\"@id\":\"https:\\\/\\\/nailknowledge.org\\\/subsciption-for-individuals\",\"url\":\"https:\\\/\\\/nailknowledge.org\\\/subsciption-for-individuals\",\"name\":\"Subscription for individuals - NailKnowledge\",\"isPartOf\":{\"@id\":\"https:\\\/\\\/new.nailknowledge.org\\\/#website\"},\"primaryImageOfPage\":{\"@id\":\"https:\\\/\\\/nailknowledge.org\\\/subsciption-for-individuals#primaryimage\"},\"image\":{\"@id\":\"https:\\\/\\\/nailknowledge.org\\\/subsciption-for-individuals#primaryimage\"},\"thumbnailUrl\":\"https:\\\/\\\/nailknowledge.org\\\/wp-content\\\/uploads\\\/2024\\\/03\\\/Subscribe-Now-Subscription-2.jpg\",\"datePublished\":\"2023-03-30T12:53:48+00:00\",\"dateModified\":\"2024-03-04T16:45:27+00:00\",\"breadcrumb\":{\"@id\":\"https:\\\/\\\/nailknowledge.org\\\/subsciption-for-individuals#breadcrumb\"},\"inLanguage\":\"es\",\"potentialAction\":[{\"@type\":\"ReadAction\",\"target\":[\"https:\\\/\\\/nailknowledge.org\\\/subsciption-for-individuals\"]}]},{\"@type\":\"ImageObject\",\"inLanguage\":\"es\",\"@id\":\"https:\\\/\\\/nailknowledge.org\\\/subsciption-for-individuals#primaryimage\",\"url\":\"https:\\\/\\\/nailknowledge.org\\\/wp-content\\\/uploads\\\/2024\\\/03\\\/Subscribe-Now-Subscription-2.jpg\",\"contentUrl\":\"https:\\\/\\\/nailknowledge.org\\\/wp-content\\\/uploads\\\/2024\\\/03\\\/Subscribe-Now-Subscription-2.jpg\"},{\"@type\":\"BreadcrumbList\",\"@id\":\"https:\\\/\\\/nailknowledge.org\\\/subsciption-for-individuals#breadcrumb\",\"itemListElement\":[{\"@type\":\"ListItem\",\"position\":1,\"name\":\"Home\",\"item\":\"https:\\\/\\\/nailknowledge.org\\\/\"},{\"@type\":\"ListItem\",\"position\":2,\"name\":\"Subscription for individuals\"}]},{\"@type\":\"WebSite\",\"@id\":\"https:\\\/\\\/new.nailknowledge.org\\\/#website\",\"url\":\"https:\\\/\\\/new.nailknowledge.org\\\/\",\"name\":\"NailKnowledge\",\"description\":\"\",\"publisher\":{\"@id\":\"https:\\\/\\\/new.nailknowledge.org\\\/#organization\"},\"potentialAction\":[{\"@type\":\"SearchAction\",\"target\":{\"@type\":\"EntryPoint\",\"urlTemplate\":\"https:\\\/\\\/new.nailknowledge.org\\\/?s={search_term_string}\"},\"query-input\":{\"@type\":\"PropertyValueSpecification\",\"valueRequired\":true,\"valueName\":\"search_term_string\"}}],\"inLanguage\":\"es\"},{\"@type\":\"Organization\",\"@id\":\"https:\\\/\\\/new.nailknowledge.org\\\/#organization\",\"name\":\"NailKnowledge\",\"url\":\"https:\\\/\\\/new.nailknowledge.org\\\/\",\"logo\":{\"@type\":\"ImageObject\",\"inLanguage\":\"es\",\"@id\":\"https:\\\/\\\/new.nailknowledge.org\\\/#\\\/schema\\\/logo\\\/image\\\/\",\"url\":\"https:\\\/\\\/nailknowledge.org\\\/wp-content\\\/uploads\\\/2026\\\/03\\\/KN-Logo-1.webp\",\"contentUrl\":\"https:\\\/\\\/nailknowledge.org\\\/wp-content\\\/uploads\\\/2026\\\/03\\\/KN-Logo-1.webp\",\"width\":542,\"height\":100,\"caption\":\"NailKnowledge\"},\"image\":{\"@id\":\"https:\\\/\\\/new.nailknowledge.org\\\/#\\\/schema\\\/logo\\\/image\\\/\"}}]}<\/script>\n<!-- \/ Yoast SEO plugin. -->","yoast_head_json":{"title":"Suscripci\u00f3n para particulares - NailKnowledge","robots":{"index":"index","follow":"follow","max-snippet":"max-snippet:-1","max-image-preview":"max-image-preview:large","max-video-preview":"max-video-preview:-1"},"canonical":"https:\/\/nailknowledge.org\/es\/suscripcion-para-particulares\/","og_locale":"es_ES","og_type":"article","og_title":"Subscription for individuals - NailKnowledge","og_description":"Elevate Your Skills and Stay Ahead of the Curve Stay on Top of Industry Trends with a 1-Year Subscription You&#8217;ll gain instant access to all NailKnowledge eBooks and courses, including the Essential Nail Diploma, UV Energy &amp; UV Gels and Allergies and how they Happen. This comprehensive and expert-endorsed training ensures that you&#8217;re always well-informed [&hellip;]","og_url":"https:\/\/nailknowledge.org\/es\/suscripcion-para-particulares\/","og_site_name":"NailKnowledge","article_modified_time":"2024-03-04T16:45:27+00:00","og_image":[{"url":"https:\/\/nailknowledge.org\/wp-content\/uploads\/2024\/03\/Subscribe-Now-Subscription-2.jpg","type":"","width":"","height":""}],"twitter_card":"summary_large_image","twitter_misc":{"Tiempo de lectura":"2 minutos"},"schema":{"@context":"https:\/\/schema.org","@graph":[{"@type":"WebPage","@id":"https:\/\/nailknowledge.org\/subsciption-for-individuals","url":"https:\/\/nailknowledge.org\/subsciption-for-individuals","name":"Suscripci\u00f3n para particulares - NailKnowledge","isPartOf":{"@id":"https:\/\/new.nailknowledge.org\/#website"},"primaryImageOfPage":{"@id":"https:\/\/nailknowledge.org\/subsciption-for-individuals#primaryimage"},"image":{"@id":"https:\/\/nailknowledge.org\/subsciption-for-individuals#primaryimage"},"thumbnailUrl":"https:\/\/nailknowledge.org\/wp-content\/uploads\/2024\/03\/Subscribe-Now-Subscription-2.jpg","datePublished":"2023-03-30T12:53:48+00:00","dateModified":"2024-03-04T16:45:27+00:00","breadcrumb":{"@id":"https:\/\/nailknowledge.org\/subsciption-for-individuals#breadcrumb"},"inLanguage":"es","potentialAction":[{"@type":"ReadAction","target":["https:\/\/nailknowledge.org\/subsciption-for-individuals"]}]},{"@type":"ImageObject","inLanguage":"es","@id":"https:\/\/nailknowledge.org\/subsciption-for-individuals#primaryimage","url":"https:\/\/nailknowledge.org\/wp-content\/uploads\/2024\/03\/Subscribe-Now-Subscription-2.jpg","contentUrl":"https:\/\/nailknowledge.org\/wp-content\/uploads\/2024\/03\/Subscribe-Now-Subscription-2.jpg"},{"@type":"BreadcrumbList","@id":"https:\/\/nailknowledge.org\/subsciption-for-individuals#breadcrumb","itemListElement":[{"@type":"ListItem","position":1,"name":"Home","item":"https:\/\/nailknowledge.org\/"},{"@type":"ListItem","position":2,"name":"Subscription for individuals"}]},{"@type":"WebSite","@id":"https:\/\/new.nailknowledge.org\/#website","url":"https:\/\/new.nailknowledge.org\/","name":"Conocimientos de u\u00f1as","description":"","publisher":{"@id":"https:\/\/new.nailknowledge.org\/#organization"},"potentialAction":[{"@type":"SearchAction","target":{"@type":"EntryPoint","urlTemplate":"https:\/\/new.nailknowledge.org\/?s={search_term_string}"},"query-input":{"@type":"PropertyValueSpecification","valueRequired":true,"valueName":"search_term_string"}}],"inLanguage":"es"},{"@type":"Organization","@id":"https:\/\/new.nailknowledge.org\/#organization","name":"Conocimientos de u\u00f1as","url":"https:\/\/new.nailknowledge.org\/","logo":{"@type":"ImageObject","inLanguage":"es","@id":"https:\/\/new.nailknowledge.org\/#\/schema\/logo\/image\/","url":"https:\/\/nailknowledge.org\/wp-content\/uploads\/2026\/03\/KN-Logo-1.webp","contentUrl":"https:\/\/nailknowledge.org\/wp-content\/uploads\/2026\/03\/KN-Logo-1.webp","width":542,"height":100,"caption":"NailKnowledge"},"image":{"@id":"https:\/\/new.nailknowledge.org\/#\/schema\/logo\/image\/"}}]}},"_links":{"self":[{"href":"https:\/\/nailknowledge.org\/es\/wp-json\/wp\/v2\/pages\/62041","targetHints":{"allow":["GET"]}}],"collection":[{"href":"https:\/\/nailknowledge.org\/es\/wp-json\/wp\/v2\/pages"}],"about":[{"href":"https:\/\/nailknowledge.org\/es\/wp-json\/wp\/v2\/types\/page"}],"author":[{"embeddable":true,"href":"https:\/\/nailknowledge.org\/es\/wp-json\/wp\/v2\/users\/2"}],"replies":[{"embeddable":true,"href":"https:\/\/nailknowledge.org\/es\/wp-json\/wp\/v2\/comments?post=62041"}],"version-history":[{"count":0,"href":"https:\/\/nailknowledge.org\/es\/wp-json\/wp\/v2\/pages\/62041\/revisions"}],"wp:attachment":[{"href":"https:\/\/nailknowledge.org\/es\/wp-json\/wp\/v2\/media?parent=62041"}],"curies":[{"name":"wp","href":"https:\/\/api.w.org\/{rel}","templated":true}]}}