{"id":73827,"date":"2023-07-21T11:13:36","date_gmt":"2023-07-21T11:13:36","guid":{"rendered":"https:\/\/nailknowledge.org\/?page_id=73827"},"modified":"2023-07-21T14:10:22","modified_gmt":"2023-07-21T14:10:22","slug":"diploma-profissional-de-unhas","status":"publish","type":"page","link":"https:\/\/nailknowledge.org\/es\/professional-nail-courses\/diploma-profissional-de-unhas","title":{"rendered":"Diploma Profissional de Unhas"},"content":{"rendered":"<div class=\"wp-block-columns is-layout-flex wp-container-core-columns-is-layout-9d6595d7 wp-block-columns-is-layout-flex\">\n<div class=\"wp-block-column is-layout-flow wp-block-column-is-layout-flow\" style=\"flex-basis:33.33%\">\n<figure class=\"wp-block-image size-full\"><img loading=\"eager\" fetchpriority=\"high\" decoding=\"async\" width=\"1024\" height=\"576\" src=\"https:\/\/nailknowledge.org\/wp-content\/uploads\/2021\/09\/Diploma.jpg\" alt=\"Diploma NailKnowledge\" class=\"wp-image-40405\" srcset=\"https:\/\/nailknowledge.org\/wp-content\/uploads\/2021\/09\/Diploma.jpg 1024w, https:\/\/nailknowledge.org\/wp-content\/uploads\/2021\/09\/Diploma-600x338.jpg 600w, https:\/\/nailknowledge.org\/wp-content\/uploads\/2021\/09\/Diploma-300x169.jpg 300w, https:\/\/nailknowledge.org\/wp-content\/uploads\/2021\/09\/Diploma-768x432.jpg 768w, https:\/\/nailknowledge.org\/wp-content\/uploads\/2021\/09\/Diploma-18x10.jpg 18w\" sizes=\"auto, (max-width: 1024px) 100vw, 1024px\" \/><\/figure>\n\n\n\n<p><\/p>\n<\/div>\n\n\n\n<div class=\"wp-block-column is-vertically-aligned-center is-layout-flow wp-block-column-is-layout-flow\" style=\"flex-basis:66.66%\">\n<h2 class=\"wp-block-heading has-text-align-center kn-course-section-title\">Diploma Profissional de Unhas<\/h2>\n\n\n\n<div class=\"wp-block-columns is-layout-flex wp-container-core-columns-is-layout-9d6595d7 wp-block-columns-is-layout-flex\">\n<div class=\"wp-block-column is-vertically-aligned-top is-layout-flow wp-block-column-is-layout-flow\">\n<p class=\"has-text-align-center mb-0 has-text-color has-large-font-size\" style=\"color:#e93f9a\"><strong>LIVRE<\/strong><\/p>\n<\/div>\n\n\n\n<div class=\"wp-block-column is-vertically-aligned-center is-layout-flow wp-block-column-is-layout-flow\">\n<div class=\"wp-block-buttons alignfull is-horizontal is-content-justification-center is-layout-flex wp-container-core-buttons-is-layout-499968f5 wp-block-buttons-is-layout-flex\">\n<div class=\"wp-block-button\"><a class=\"wp-block-button__link wp-element-button\" href=\"https:\/\/learn.nailknowledge.org\/direct-customers\/?course=jxa7mvVW5w\">Registro<\/a><\/div>\n<\/div>\n<\/div>\n<\/div>\n<\/div>\n<\/div>\n\n\n\n<p><strong>OBSERVA:- Tienes que haber pasado por las tres Masterclass antes de intentar obtener el Diploma final. S\u00f3lo tienes que iniciar sesi\u00f3n para inscribirte.<\/strong><\/p>\n\n\n\n<p>Si has completado las tres Masterclasses asociadas, espero de verdad que te hayan gustado, que hayas aprendido mucho y que hayas disfrutado mucho de estos momentos 'cuando caiga la ficha'.<\/p>\n\n\n\n<p>Ahora es el momento de conseguir tu Diploma Profesional de Unhas. Como sucede con todos los diplomas que valen la pena, \u00e9ste demuestra su conquista. Es la prueba de su conocimiento de toda la comprensi\u00f3n esencial de la teor\u00eda a lo largo de su carrera como profesional de las Naciones Unidas.<\/p>\n\n\n\n<p>Buena suerte en el juego final y disfruta de tu Diploma que puedes colocar en la parte superior de tu pantalla y, por supuesto, a\u00f1adirlo a tu curr\u00edculum.<\/p>\n\n\n\n<p>Sepa que tendr\u00e1 acceso ilimitado a los Cursos, adem\u00e1s de una enorme riqueza de informaci\u00f3n en nuestra Base de Conocimientos que ir\u00e1 creciendo con el tiempo.<\/p>\n\n\n\n<p>Marian Newman BEM<\/p>\n\n\n\n<figure class=\"wp-block-embed aligncenter is-type-video is-provider-vimeo wp-block-embed-vimeo wp-embed-aspect-16-9 wp-has-aspect-ratio\"><div class=\"wp-block-embed__wrapper\">\n<iframe loading=\"lazy\" title=\"Presentaci\u00f3n de NailKnowledge - Brasil\" src=\"https:\/\/player.vimeo.com\/video\/836933339?dnt=1&amp;app_id=122963\" width=\"500\" height=\"281\" frameborder=\"0\" allow=\"autoplay; fullscreen; picture-in-picture; clipboard-write\"><\/iframe>\n<\/div><\/figure>\n\n\n\n<h2 class=\"wp-block-heading has-text-align-center kn-course-section-title my-4\">Contenido del curso<\/h2>\n\n\n\n<h2 class=\"wp-block-heading has-text-align-center mt-4 kn-course-section-title text-pink\"><strong><strong><strong><strong>Diploma Exame<\/strong><\/strong><\/strong><\/strong><\/h2>\n\n\n\n<div class=\"wp-block-columns is-layout-flex wp-container-core-columns-is-layout-9d6595d7 wp-block-columns-is-layout-flex\">\n<div class=\"wp-block-column is-layout-flow wp-block-column-is-layout-flow\"><\/div>\n\n\n\n<div class=\"wp-block-column is-layout-flow wp-block-column-is-layout-flow\" style=\"flex-basis:50%\">\n<figure class=\"wp-block-image size-large\"><img loading=\"lazy\" decoding=\"async\" width=\"1725\" height=\"1078\" src=\"https:\/\/nailknowledge.org\/wp-content\/uploads\/2022\/12\/NAIL-KNOWLEDGE-INTRO-SQ-edited-1.jpg\" alt=\"\" class=\"wp-image-52496\" srcset=\"https:\/\/nailknowledge.org\/wp-content\/uploads\/2022\/12\/NAIL-KNOWLEDGE-INTRO-SQ-edited-1.jpg 1725w, https:\/\/nailknowledge.org\/wp-content\/uploads\/2022\/12\/NAIL-KNOWLEDGE-INTRO-SQ-edited-1-600x375.jpg 600w, https:\/\/nailknowledge.org\/wp-content\/uploads\/2022\/12\/NAIL-KNOWLEDGE-INTRO-SQ-edited-1-300x187.jpg 300w, https:\/\/nailknowledge.org\/wp-content\/uploads\/2022\/12\/NAIL-KNOWLEDGE-INTRO-SQ-edited-1-1024x640.jpg 1024w, https:\/\/nailknowledge.org\/wp-content\/uploads\/2022\/12\/NAIL-KNOWLEDGE-INTRO-SQ-edited-1-768x480.jpg 768w, https:\/\/nailknowledge.org\/wp-content\/uploads\/2022\/12\/NAIL-KNOWLEDGE-INTRO-SQ-edited-1-1536x960.jpg 1536w, https:\/\/nailknowledge.org\/wp-content\/uploads\/2022\/12\/NAIL-KNOWLEDGE-INTRO-SQ-edited-1-400x250.jpg 400w\" sizes=\"auto, (max-width: 1725px) 100vw, 1725px\" \/><\/figure>\n\n\n\n<h3 class=\"wp-block-heading mb-0 kn-course-title\"><strong>Diploma Exame<\/strong><\/h3>\n\n\n\n<p class=\"text-pink my-0\"><strong>1  <strong><strong><strong><strong><strong><strong><strong><strong><strong><strong>Verificaci\u00f3n de conocimientos<\/strong><\/strong><\/strong><\/strong><\/strong><\/strong><\/strong><\/strong><\/strong><\/strong> <\/strong><\/p>\n<\/div>\n\n\n\n<div class=\"wp-block-column is-layout-flow wp-block-column-is-layout-flow\"><\/div>\n<\/div>\n\n\n\n<div style=\"height:100px\" aria-hidden=\"true\" class=\"wp-block-spacer\"><\/div>\n\n\n\n<div class=\"wp-block-columns is-layout-flex wp-container-core-columns-is-layout-9d6595d7 wp-block-columns-is-layout-flex\">\n<div class=\"wp-block-column is-layout-flow wp-block-column-is-layout-flow\" style=\"flex-basis:33.33%\">\n<figure class=\"wp-block-image size-full\"><img loading=\"lazy\" decoding=\"async\" width=\"1024\" height=\"576\" src=\"https:\/\/nailknowledge.org\/wp-content\/uploads\/2021\/09\/Diploma.jpg\" alt=\"Diploma NailKnowledge\" class=\"wp-image-40405\" srcset=\"https:\/\/nailknowledge.org\/wp-content\/uploads\/2021\/09\/Diploma.jpg 1024w, https:\/\/nailknowledge.org\/wp-content\/uploads\/2021\/09\/Diploma-600x338.jpg 600w, https:\/\/nailknowledge.org\/wp-content\/uploads\/2021\/09\/Diploma-300x169.jpg 300w, https:\/\/nailknowledge.org\/wp-content\/uploads\/2021\/09\/Diploma-768x432.jpg 768w, https:\/\/nailknowledge.org\/wp-content\/uploads\/2021\/09\/Diploma-18x10.jpg 18w\" sizes=\"auto, (max-width: 1024px) 100vw, 1024px\" \/><\/figure>\n\n\n\n<p><\/p>\n<\/div>\n\n\n\n<div class=\"wp-block-column is-vertically-aligned-center is-layout-flow wp-block-column-is-layout-flow\" style=\"flex-basis:66.66%\">\n<h2 class=\"wp-block-heading has-text-align-center kn-course-section-title\">Diploma Profissional de Unhas<\/h2>\n\n\n\n<div class=\"wp-block-columns is-layout-flex wp-container-core-columns-is-layout-9d6595d7 wp-block-columns-is-layout-flex\">\n<div class=\"wp-block-column is-vertically-aligned-top is-layout-flow wp-block-column-is-layout-flow\">\n<p class=\"has-text-align-center mb-0 has-text-color has-large-font-size\" style=\"color:#e93f9a\"><strong>LIVRE<\/strong><\/p>\n<\/div>\n\n\n\n<div class=\"wp-block-column is-vertically-aligned-center is-layout-flow wp-block-column-is-layout-flow\">\n<div class=\"wp-block-buttons alignfull is-horizontal is-content-justification-center is-layout-flex wp-container-core-buttons-is-layout-499968f5 wp-block-buttons-is-layout-flex\">\n<div class=\"wp-block-button\"><a class=\"wp-block-button__link wp-element-button\" href=\"https:\/\/learn.nailknowledge.org\/direct-customers\/?course=jxa7mvVW5w\">Registro<\/a><\/div>\n<\/div>\n<\/div>\n<\/div>\n<\/div>\n<\/div>","protected":false},"excerpt":{"rendered":"<p>Diploma Profissional de Unhas LIVRE OBSERVE:-&nbsp;Voc\u00ea deve ter passado em todas as tr\u00eas Masterclasses &nbsp;antes de tentar obter o Diploma final. Basta fazer o login para se inscrever. Se voc\u00ea completou as tr\u00eas Masterclasses associadas, ent\u00e3o eu realmente espero que voc\u00ea tenha gostado delas, aprendido muito e tido muitos desses momentos \u2018quando cai a ficha\u2019. [&hellip;]<\/p>\n","protected":false},"author":35,"featured_media":0,"parent":39235,"menu_order":0,"comment_status":"closed","ping_status":"closed","template":"","meta":{"_yoast_wpseo_focuskw":"","_yoast_wpseo_metadesc":"","_genesis_hide_title":false,"_genesis_hide_breadcrumbs":false,"_genesis_hide_singular_image":false,"_genesis_hide_footer_widgets":false,"_genesis_custom_body_class":"","_genesis_custom_post_class":"","_genesis_layout":"","footnotes":""},"class_list":{"0":"post-73827","1":"page","2":"type-page","3":"status-publish","5":"entry"},"yoast_head":"<!-- This site is optimized with the Yoast SEO plugin v27.4 - https:\/\/yoast.com\/product\/yoast-seo-wordpress\/ -->\n<title>Diploma Profissional de Unhas - NailKnowledge<\/title>\n<meta name=\"robots\" content=\"index, follow, max-snippet:-1, max-image-preview:large, max-video-preview:-1\" \/>\n<link rel=\"canonical\" href=\"https:\/\/nailknowledge.org\/es\/cursos-profesionales-de-unas\/diploma-profissional-de-unhas\/\" \/>\n<meta property=\"og:locale\" content=\"es_ES\" \/>\n<meta property=\"og:type\" content=\"article\" \/>\n<meta property=\"og:title\" content=\"Diploma Profissional de Unhas - NailKnowledge\" \/>\n<meta property=\"og:description\" content=\"Diploma Profissional de Unhas LIVRE OBSERVE:-&nbsp;Voc\u00ea deve ter passado em todas as tr\u00eas Masterclasses &nbsp;antes de tentar obter o Diploma final. Basta fazer o login para se inscrever. Se voc\u00ea completou as tr\u00eas Masterclasses associadas, ent\u00e3o eu realmente espero que voc\u00ea tenha gostado delas, aprendido muito e tido muitos desses momentos \u2018quando cai a ficha\u2019. [&hellip;]\" \/>\n<meta property=\"og:url\" content=\"https:\/\/nailknowledge.org\/es\/cursos-profesionales-de-unas\/diploma-profissional-de-unhas\/\" \/>\n<meta property=\"og:site_name\" content=\"NailKnowledge\" \/>\n<meta property=\"article:modified_time\" content=\"2023-07-21T14:10:22+00:00\" \/>\n<meta property=\"og:image\" content=\"https:\/\/nailknowledge.org\/wp-content\/uploads\/2023\/03\/image002.jpg\" \/>\n\t<meta property=\"og:image:width\" content=\"545\" \/>\n\t<meta property=\"og:image:height\" content=\"295\" \/>\n\t<meta property=\"og:image:type\" content=\"image\/jpeg\" \/>\n<meta name=\"twitter:card\" content=\"summary_large_image\" \/>\n<meta name=\"twitter:label1\" content=\"Tiempo de lectura\" \/>\n\t<meta name=\"twitter:data1\" content=\"2 minutos\" \/>\n<script type=\"application\/ld+json\" class=\"yoast-schema-graph\">{\"@context\":\"https:\\\/\\\/schema.org\",\"@graph\":[{\"@type\":\"WebPage\",\"@id\":\"https:\\\/\\\/nailknowledge.org\\\/professional-nail-courses\\\/diploma-profissional-de-unhas\",\"url\":\"https:\\\/\\\/nailknowledge.org\\\/professional-nail-courses\\\/diploma-profissional-de-unhas\",\"name\":\"Diploma Profissional de Unhas - NailKnowledge\",\"isPartOf\":{\"@id\":\"https:\\\/\\\/new.nailknowledge.org\\\/#website\"},\"primaryImageOfPage\":{\"@id\":\"https:\\\/\\\/nailknowledge.org\\\/professional-nail-courses\\\/diploma-profissional-de-unhas#primaryimage\"},\"image\":{\"@id\":\"https:\\\/\\\/nailknowledge.org\\\/professional-nail-courses\\\/diploma-profissional-de-unhas#primaryimage\"},\"thumbnailUrl\":\"https:\\\/\\\/nailknowledge.org\\\/wp-content\\\/uploads\\\/2021\\\/09\\\/Diploma.jpg\",\"datePublished\":\"2023-07-21T11:13:36+00:00\",\"dateModified\":\"2023-07-21T14:10:22+00:00\",\"breadcrumb\":{\"@id\":\"https:\\\/\\\/nailknowledge.org\\\/professional-nail-courses\\\/diploma-profissional-de-unhas#breadcrumb\"},\"inLanguage\":\"es\",\"potentialAction\":[{\"@type\":\"ReadAction\",\"target\":[\"https:\\\/\\\/nailknowledge.org\\\/professional-nail-courses\\\/diploma-profissional-de-unhas\"]}]},{\"@type\":\"ImageObject\",\"inLanguage\":\"es\",\"@id\":\"https:\\\/\\\/nailknowledge.org\\\/professional-nail-courses\\\/diploma-profissional-de-unhas#primaryimage\",\"url\":\"https:\\\/\\\/nailknowledge.org\\\/wp-content\\\/uploads\\\/2021\\\/09\\\/Diploma.jpg\",\"contentUrl\":\"https:\\\/\\\/nailknowledge.org\\\/wp-content\\\/uploads\\\/2021\\\/09\\\/Diploma.jpg\"},{\"@type\":\"BreadcrumbList\",\"@id\":\"https:\\\/\\\/nailknowledge.org\\\/professional-nail-courses\\\/diploma-profissional-de-unhas#breadcrumb\",\"itemListElement\":[{\"@type\":\"ListItem\",\"position\":1,\"name\":\"Home\",\"item\":\"https:\\\/\\\/nailknowledge.org\\\/\"},{\"@type\":\"ListItem\",\"position\":2,\"name\":\"Professional Nail Courses\",\"item\":\"https:\\\/\\\/nailknowledge.org\\\/professional-nail-courses\"},{\"@type\":\"ListItem\",\"position\":3,\"name\":\"Diploma Profissional de Unhas\"}]},{\"@type\":\"WebSite\",\"@id\":\"https:\\\/\\\/new.nailknowledge.org\\\/#website\",\"url\":\"https:\\\/\\\/new.nailknowledge.org\\\/\",\"name\":\"NailKnowledge\",\"description\":\"\",\"publisher\":{\"@id\":\"https:\\\/\\\/new.nailknowledge.org\\\/#organization\"},\"potentialAction\":[{\"@type\":\"SearchAction\",\"target\":{\"@type\":\"EntryPoint\",\"urlTemplate\":\"https:\\\/\\\/new.nailknowledge.org\\\/?s={search_term_string}\"},\"query-input\":{\"@type\":\"PropertyValueSpecification\",\"valueRequired\":true,\"valueName\":\"search_term_string\"}}],\"inLanguage\":\"es\"},{\"@type\":\"Organization\",\"@id\":\"https:\\\/\\\/new.nailknowledge.org\\\/#organization\",\"name\":\"NailKnowledge\",\"url\":\"https:\\\/\\\/new.nailknowledge.org\\\/\",\"logo\":{\"@type\":\"ImageObject\",\"inLanguage\":\"es\",\"@id\":\"https:\\\/\\\/new.nailknowledge.org\\\/#\\\/schema\\\/logo\\\/image\\\/\",\"url\":\"https:\\\/\\\/nailknowledge.org\\\/wp-content\\\/uploads\\\/2026\\\/03\\\/KN-Logo-1.webp\",\"contentUrl\":\"https:\\\/\\\/nailknowledge.org\\\/wp-content\\\/uploads\\\/2026\\\/03\\\/KN-Logo-1.webp\",\"width\":542,\"height\":100,\"caption\":\"NailKnowledge\"},\"image\":{\"@id\":\"https:\\\/\\\/new.nailknowledge.org\\\/#\\\/schema\\\/logo\\\/image\\\/\"}}]}<\/script>\n<!-- \/ Yoast SEO plugin. -->","yoast_head_json":{"title":"Diploma Profissional de Unhas - NailKnowledge","robots":{"index":"index","follow":"follow","max-snippet":"max-snippet:-1","max-image-preview":"max-image-preview:large","max-video-preview":"max-video-preview:-1"},"canonical":"https:\/\/nailknowledge.org\/es\/cursos-profesionales-de-unas\/diploma-profissional-de-unhas\/","og_locale":"es_ES","og_type":"article","og_title":"Diploma Profissional de Unhas - NailKnowledge","og_description":"Diploma Profissional de Unhas LIVRE OBSERVE:-&nbsp;Voc\u00ea deve ter passado em todas as tr\u00eas Masterclasses &nbsp;antes de tentar obter o Diploma final. Basta fazer o login para se inscrever. Se voc\u00ea completou as tr\u00eas Masterclasses associadas, ent\u00e3o eu realmente espero que voc\u00ea tenha gostado delas, aprendido muito e tido muitos desses momentos \u2018quando cai a ficha\u2019. [&hellip;]","og_url":"https:\/\/nailknowledge.org\/es\/cursos-profesionales-de-unas\/diploma-profissional-de-unhas\/","og_site_name":"NailKnowledge","article_modified_time":"2023-07-21T14:10:22+00:00","og_image":[{"width":545,"height":295,"url":"https:\/\/nailknowledge.org\/wp-content\/uploads\/2023\/03\/image002.jpg","type":"image\/jpeg"}],"twitter_card":"summary_large_image","twitter_misc":{"Tiempo de lectura":"2 minutos"},"schema":{"@context":"https:\/\/schema.org","@graph":[{"@type":"WebPage","@id":"https:\/\/nailknowledge.org\/professional-nail-courses\/diploma-profissional-de-unhas","url":"https:\/\/nailknowledge.org\/professional-nail-courses\/diploma-profissional-de-unhas","name":"Diploma Profissional de Unhas - NailKnowledge","isPartOf":{"@id":"https:\/\/new.nailknowledge.org\/#website"},"primaryImageOfPage":{"@id":"https:\/\/nailknowledge.org\/professional-nail-courses\/diploma-profissional-de-unhas#primaryimage"},"image":{"@id":"https:\/\/nailknowledge.org\/professional-nail-courses\/diploma-profissional-de-unhas#primaryimage"},"thumbnailUrl":"https:\/\/nailknowledge.org\/wp-content\/uploads\/2021\/09\/Diploma.jpg","datePublished":"2023-07-21T11:13:36+00:00","dateModified":"2023-07-21T14:10:22+00:00","breadcrumb":{"@id":"https:\/\/nailknowledge.org\/professional-nail-courses\/diploma-profissional-de-unhas#breadcrumb"},"inLanguage":"es","potentialAction":[{"@type":"ReadAction","target":["https:\/\/nailknowledge.org\/professional-nail-courses\/diploma-profissional-de-unhas"]}]},{"@type":"ImageObject","inLanguage":"es","@id":"https:\/\/nailknowledge.org\/professional-nail-courses\/diploma-profissional-de-unhas#primaryimage","url":"https:\/\/nailknowledge.org\/wp-content\/uploads\/2021\/09\/Diploma.jpg","contentUrl":"https:\/\/nailknowledge.org\/wp-content\/uploads\/2021\/09\/Diploma.jpg"},{"@type":"BreadcrumbList","@id":"https:\/\/nailknowledge.org\/professional-nail-courses\/diploma-profissional-de-unhas#breadcrumb","itemListElement":[{"@type":"ListItem","position":1,"name":"Home","item":"https:\/\/nailknowledge.org\/"},{"@type":"ListItem","position":2,"name":"Professional Nail Courses","item":"https:\/\/nailknowledge.org\/professional-nail-courses"},{"@type":"ListItem","position":3,"name":"Diploma Profissional de Unhas"}]},{"@type":"WebSite","@id":"https:\/\/new.nailknowledge.org\/#website","url":"https:\/\/new.nailknowledge.org\/","name":"Conocimientos de u\u00f1as","description":"","publisher":{"@id":"https:\/\/new.nailknowledge.org\/#organization"},"potentialAction":[{"@type":"SearchAction","target":{"@type":"EntryPoint","urlTemplate":"https:\/\/new.nailknowledge.org\/?s={search_term_string}"},"query-input":{"@type":"PropertyValueSpecification","valueRequired":true,"valueName":"search_term_string"}}],"inLanguage":"es"},{"@type":"Organization","@id":"https:\/\/new.nailknowledge.org\/#organization","name":"Conocimientos de u\u00f1as","url":"https:\/\/new.nailknowledge.org\/","logo":{"@type":"ImageObject","inLanguage":"es","@id":"https:\/\/new.nailknowledge.org\/#\/schema\/logo\/image\/","url":"https:\/\/nailknowledge.org\/wp-content\/uploads\/2026\/03\/KN-Logo-1.webp","contentUrl":"https:\/\/nailknowledge.org\/wp-content\/uploads\/2026\/03\/KN-Logo-1.webp","width":542,"height":100,"caption":"NailKnowledge"},"image":{"@id":"https:\/\/new.nailknowledge.org\/#\/schema\/logo\/image\/"}}]}},"_links":{"self":[{"href":"https:\/\/nailknowledge.org\/es\/wp-json\/wp\/v2\/pages\/73827","targetHints":{"allow":["GET"]}}],"collection":[{"href":"https:\/\/nailknowledge.org\/es\/wp-json\/wp\/v2\/pages"}],"about":[{"href":"https:\/\/nailknowledge.org\/es\/wp-json\/wp\/v2\/types\/page"}],"author":[{"embeddable":true,"href":"https:\/\/nailknowledge.org\/es\/wp-json\/wp\/v2\/users\/35"}],"replies":[{"embeddable":true,"href":"https:\/\/nailknowledge.org\/es\/wp-json\/wp\/v2\/comments?post=73827"}],"version-history":[{"count":0,"href":"https:\/\/nailknowledge.org\/es\/wp-json\/wp\/v2\/pages\/73827\/revisions"}],"up":[{"embeddable":true,"href":"https:\/\/nailknowledge.org\/es\/wp-json\/wp\/v2\/pages\/39235"}],"wp:attachment":[{"href":"https:\/\/nailknowledge.org\/es\/wp-json\/wp\/v2\/media?parent=73827"}],"curies":[{"name":"wp","href":"https:\/\/api.w.org\/{rel}","templated":true}]}}