{"id":124540,"date":"2024-05-14T13:31:45","date_gmt":"2024-05-14T13:31:45","guid":{"rendered":"https:\/\/nailknowledge.org\/?page_id=124540"},"modified":"2026-03-11T14:16:16","modified_gmt":"2026-03-11T14:16:16","slug":"rede-nailknowledge-comunidade-de-nail-artists","status":"publish","type":"page","link":"https:\/\/nailknowledge.org\/pt\/nailknowledge-network-nail-artist-community","title":{"rendered":"NailKnowledge Network - Comunidade de Nail Artists"},"content":{"rendered":"<section style=\"background-color:#dfbec1;padding-top:30px;padding-bottom:0px;--hero-pb:0px;box-shadow:0 4px 20px rgba(0,0,0,0.40);z-index:10;\" class=\"nk-hero nk-hero-5525e762 alignfull wp-block-nk-hero\">\r\n\t<div class=\"nk-hero__inner\">\r\n\t\t\t\t<div class=\"nk-hero__content\">\r\n\t\t\t\t\t\t\t<h1 class=\"nk-hero__title\"><strong><strong>Rede NailKnowledge<\/strong><\/strong><\/h1>\r\n\t\t\t\t\t\t\t\t\t\t\t\t\t<div class=\"nk-hero__text\">\n\n<p>Ao participar da NailKnowledge Network, voc\u00ea n\u00e3o est\u00e1 apenas se inscrevendo em uma lista de t\u00e9cnicos de unhas.<\/p>\n\n\n\n<p>Voc\u00ea est\u00e1 se tornando membro do principal e mais confi\u00e1vel centro de conhecimento sobre unhas, gerenciado por especialistas l\u00edderes mundiais na \u00e1rea.<\/p>\n\n<\/div>\r\n\t\t\t\t\t\t\t\t\t\t<a href=\"https:\/\/nailknowledge.org\/pt\/registro-de-artista\/\" class=\"nk-hero__button nk-cta-pill\">\r\n\t\t\t\t\tJunte-se \u00e0 elite, registre-se agora!\t\t\t\t<\/a>\r\n\t\t\t\t\t<\/div>\r\n\t\t\t\t\t<div class=\"nk-hero__image\" style=\"align-self:flex-end;flex:none;width:35%;\">\r\n\t\t\t\t<img loading=\"eager\" fetchpriority=\"high\" width=\"620\" height=\"600\" src=\"https:\/\/nailknowledge.org\/wp-content\/uploads\/2026\/03\/NailKnowledge-Network-1.webp\" class=\"nk-hero__img\" alt=\"\" srcset=\"https:\/\/nailknowledge.org\/wp-content\/uploads\/2026\/03\/NailKnowledge-Network-1.webp 620w, https:\/\/nailknowledge.org\/wp-content\/uploads\/2026\/03\/NailKnowledge-Network-1-300x290.webp 300w, https:\/\/nailknowledge.org\/wp-content\/uploads\/2026\/03\/NailKnowledge-Network-1-12x12.webp 12w, https:\/\/nailknowledge.org\/wp-content\/uploads\/2026\/03\/NailKnowledge-Network-1-600x581.webp 600w, https:\/\/nailknowledge.org\/wp-content\/uploads\/2026\/03\/NailKnowledge-Network-1-50x48.webp 50w, https:\/\/nailknowledge.org\/wp-content\/uploads\/2026\/03\/NailKnowledge-Network-1-200x194.webp 200w, https:\/\/nailknowledge.org\/wp-content\/uploads\/2026\/03\/NailKnowledge-Network-1-100x97.webp 100w\" sizes=\"auto, (max-width: 683px) calc(100vw - 100px), 651px\" decoding=\"async\" \/>\t\t\t<\/div>\r\n\t\t\t<\/div>\r\n<\/section>\r\n\n\n\n<div class=\"wp-block-group mx-auto container-max-width-1200 mb-0 quiz-grid\"><div class=\"wp-block-group__inner-container is-layout-constrained wp-block-group-is-layout-constrained\">\n<div style=\"height:45px\" aria-hidden=\"true\" class=\"wp-block-spacer\"><\/div>\n\n\n\n<h2 class=\"wp-block-heading has-text-align-center\">Desbloquear o poder do <strong>Gr\u00e1tis<\/strong> Registro!<\/h2>\n\n\n\n<p>Explore os principais motivos para se inscrever gratuitamente e aprimorar sua jornada profissional no setor de unhas:<\/p>\n\n\n\n<p>\ud83c\udf0d <strong>Visibilidade global&nbsp;<\/strong><br>Mostre suas habilidades em uma plataforma de primeira linha, ganhando exposi\u00e7\u00e3o para um p\u00fablico mundial.<\/p>\n\n\n\n<p>\ud83c\udfc6 <strong>Plataforma de reconhecimento&nbsp;<\/strong><br>Destaque suas realiza\u00e7\u00f5es e seu estilo \u00fanico em sua p\u00e1gina de perfil dedicada.<\/p>\n\n\n\n<p>\ud83e\udde0 <strong>Acesse as percep\u00e7\u00f5es dos especialistas<\/strong>&nbsp;<br>Aproveite diretamente a pesquisa avan\u00e7ada e o conhecimento especializado dos l\u00edderes do setor.<\/p>\n\n\n\n<p>\ud83e\udd1d <strong>Conex\u00f5es f\u00e1ceis com o cliente&nbsp;<\/strong><br>Op\u00e7\u00f5es simples de contato e links comerciais para agilizar as reservas.<\/p>\n\n\n\n<p>\u2705 <strong>Aumento da credibilidade&nbsp;<\/strong><\/p>\n\n\n\n<p>Aumente a confian\u00e7a associando-se \u00e0 respeitada marca NailKnowledge.<\/p>\n\n\n\n<p>\ud83d\udd17 <strong>Rede profissional<\/strong>&nbsp;<br>Conecte-se, aprenda e cres\u00e7a com os melhores t\u00e9cnicos de unhas e pioneiros do setor.<\/p>\n\n\n\n<p>\ud83c\udf1f <strong>Marca pessoal<\/strong>&nbsp;<br>Crie e exiba uma marca pessoal forte que reflita seu profissionalismo.<\/p>\n\n\n\n<p>\ud83d\udca1 <strong>Marketing com boa rela\u00e7\u00e3o custo-benef\u00edcio&nbsp;<\/strong><br>Utilize o alcance e a reputa\u00e7\u00e3o do NailKnowledge para promover seus servi\u00e7os de forma econ\u00f4mica.<\/p>\n\n\n\n<p>\ud83d\udcda <strong>Educa\u00e7\u00e3o Avan\u00e7ada<\/strong><br>Acesse tutoriais, artigos e estudos abrangentes sobre as \u00faltimas novidades em cuidados com as unhas.<\/p>\n\n\n\n<p>\ud83d\udcc8 <strong>Desenvolvimento cont\u00ednuo&nbsp;<\/strong><br>Mantenha-se atualizado com webinars e workshops educacionais cont\u00ednuos.<\/p>\n\n\n\n<p>Junte-se ao NailKnowledge hoje mesmo!  Eleve sua carreira em uma comunidade dedicada \u00e0 excel\u00eancia e \u00e0 inova\u00e7\u00e3o<\/p>\n\n\n\n<h2 class=\"wp-block-heading\"><strong>Registre-se e brilhe conosco!<\/strong><\/h2>\n\n\n\n<p>Est\u00e1 pronto para elevar sua arte com unhas? Participe de uma comunidade vibrante de talentosos artistas de unhas de todo o mundo. Crie sua pr\u00f3pria p\u00e1gina profissional, compartilhe sua biografia, mostre seus servi\u00e7os exclusivos e conecte-se com clientes em potencial. Deixe sua criatividade brilhar e seu neg\u00f3cio prosperar!<\/p>\n\n\n\n<div class=\"wp-block-buttons is-content-justification-center is-layout-flex wp-container-core-buttons-is-layout-16018d1d wp-block-buttons-is-layout-flex\">\n<div class=\"wp-block-button is-style-cta-pill\"><a class=\"wp-block-button__link has-custom-font-size wp-element-button\" href=\"https:\/\/nailknowledge.org\/pt\/registro-de-artista\/\" style=\"font-size:24px\"><strong>Crie seu perfil de artista hoje mesmo! <\/strong><\/a><\/div>\n<\/div>\n\n\n\n<div style=\"height:41px\" aria-hidden=\"true\" class=\"wp-block-spacer\"><\/div>\n\n\n\n<p>Imagem da capa por Adrienn Barta - Cortesia de Nailympia<\/p>\n<\/div><\/div>","protected":false},"excerpt":{"rendered":"<p>Unlock the Power of Free Registration! Explore the top reasons to register for free and enhance your professional journey in the nail industry: \ud83c\udf0d Global Visibility&nbsp;Showcase your skills on a premier platform, gaining exposure to a worldwide audience. \ud83c\udfc6 Recognition Platform&nbsp;Highlight your achievements and unique style on your dedicated profile page. \ud83e\udde0 Access Expert Insights&nbsp;Directly [&hellip;]<\/p>\n","protected":false},"author":2,"featured_media":0,"parent":0,"menu_order":0,"comment_status":"closed","ping_status":"closed","template":"","meta":{"_yoast_wpseo_focuskw":"","_yoast_wpseo_metadesc":"","_genesis_hide_title":false,"_genesis_hide_breadcrumbs":false,"_genesis_hide_singular_image":false,"_genesis_hide_footer_widgets":false,"_genesis_custom_body_class":"","_genesis_custom_post_class":"","_genesis_layout":"","footnotes":""},"class_list":{"0":"post-124540","1":"page","2":"type-page","3":"status-publish","5":"entry"},"yoast_head":"<!-- This site is optimized with the Yoast SEO plugin v27.4 - https:\/\/yoast.com\/product\/yoast-seo-wordpress\/ -->\n<title>NailKnowledge Network - Nail Artist Community - NailKnowledge<\/title>\n<meta name=\"robots\" content=\"index, follow, max-snippet:-1, max-image-preview:large, max-video-preview:-1\" \/>\n<link rel=\"canonical\" href=\"https:\/\/nailknowledge.org\/pt\/rede-nailknowledge-comunidade-de-nail-artists\/\" \/>\n<meta property=\"og:locale\" content=\"pt_BR\" \/>\n<meta property=\"og:type\" content=\"article\" \/>\n<meta property=\"og:title\" content=\"NailKnowledge Network - Nail Artist Community - NailKnowledge\" \/>\n<meta property=\"og:description\" content=\"Unlock the Power of Free Registration! Explore the top reasons to register for free and enhance your professional journey in the nail industry: \ud83c\udf0d Global Visibility&nbsp;Showcase your skills on a premier platform, gaining exposure to a worldwide audience. \ud83c\udfc6 Recognition Platform&nbsp;Highlight your achievements and unique style on your dedicated profile page. \ud83e\udde0 Access Expert Insights&nbsp;Directly [&hellip;]\" \/>\n<meta property=\"og:url\" content=\"https:\/\/nailknowledge.org\/pt\/rede-nailknowledge-comunidade-de-nail-artists\/\" \/>\n<meta property=\"og:site_name\" content=\"NailKnowledge\" \/>\n<meta property=\"article:modified_time\" content=\"2026-03-11T14:16:16+00:00\" \/>\n<meta name=\"twitter:card\" content=\"summary_large_image\" \/>\n<meta name=\"twitter:label1\" content=\"Est. tempo de leitura\" \/>\n\t<meta name=\"twitter:data1\" content=\"2 minutos\" \/>\n<script type=\"application\/ld+json\" class=\"yoast-schema-graph\">{\"@context\":\"https:\\\/\\\/schema.org\",\"@graph\":[{\"@type\":\"WebPage\",\"@id\":\"https:\\\/\\\/nailknowledge.org\\\/nailknowledge-network-nail-artist-community\",\"url\":\"https:\\\/\\\/nailknowledge.org\\\/nailknowledge-network-nail-artist-community\",\"name\":\"NailKnowledge Network - Nail Artist Community - NailKnowledge\",\"isPartOf\":{\"@id\":\"https:\\\/\\\/new.nailknowledge.org\\\/#website\"},\"datePublished\":\"2024-05-14T13:31:45+00:00\",\"dateModified\":\"2026-03-11T14:16:16+00:00\",\"breadcrumb\":{\"@id\":\"https:\\\/\\\/nailknowledge.org\\\/nailknowledge-network-nail-artist-community#breadcrumb\"},\"inLanguage\":\"pt-BR\",\"potentialAction\":[{\"@type\":\"ReadAction\",\"target\":[\"https:\\\/\\\/nailknowledge.org\\\/nailknowledge-network-nail-artist-community\"]}]},{\"@type\":\"BreadcrumbList\",\"@id\":\"https:\\\/\\\/nailknowledge.org\\\/nailknowledge-network-nail-artist-community#breadcrumb\",\"itemListElement\":[{\"@type\":\"ListItem\",\"position\":1,\"name\":\"Home\",\"item\":\"https:\\\/\\\/nailknowledge.org\\\/\"},{\"@type\":\"ListItem\",\"position\":2,\"name\":\"NailKnowledge Network &#8211; Nail Artist Community\"}]},{\"@type\":\"WebSite\",\"@id\":\"https:\\\/\\\/new.nailknowledge.org\\\/#website\",\"url\":\"https:\\\/\\\/new.nailknowledge.org\\\/\",\"name\":\"NailKnowledge\",\"description\":\"\",\"publisher\":{\"@id\":\"https:\\\/\\\/new.nailknowledge.org\\\/#organization\"},\"potentialAction\":[{\"@type\":\"SearchAction\",\"target\":{\"@type\":\"EntryPoint\",\"urlTemplate\":\"https:\\\/\\\/new.nailknowledge.org\\\/?s={search_term_string}\"},\"query-input\":{\"@type\":\"PropertyValueSpecification\",\"valueRequired\":true,\"valueName\":\"search_term_string\"}}],\"inLanguage\":\"pt-BR\"},{\"@type\":\"Organization\",\"@id\":\"https:\\\/\\\/new.nailknowledge.org\\\/#organization\",\"name\":\"NailKnowledge\",\"url\":\"https:\\\/\\\/new.nailknowledge.org\\\/\",\"logo\":{\"@type\":\"ImageObject\",\"inLanguage\":\"pt-BR\",\"@id\":\"https:\\\/\\\/new.nailknowledge.org\\\/#\\\/schema\\\/logo\\\/image\\\/\",\"url\":\"https:\\\/\\\/nailknowledge.org\\\/wp-content\\\/uploads\\\/2026\\\/03\\\/KN-Logo-1.webp\",\"contentUrl\":\"https:\\\/\\\/nailknowledge.org\\\/wp-content\\\/uploads\\\/2026\\\/03\\\/KN-Logo-1.webp\",\"width\":542,\"height\":100,\"caption\":\"NailKnowledge\"},\"image\":{\"@id\":\"https:\\\/\\\/new.nailknowledge.org\\\/#\\\/schema\\\/logo\\\/image\\\/\"}}]}<\/script>\n<!-- \/ Yoast SEO plugin. -->","yoast_head_json":{"title":"NailKnowledge Network - Comunidade de artistas de unhas - NailKnowledge","robots":{"index":"index","follow":"follow","max-snippet":"max-snippet:-1","max-image-preview":"max-image-preview:large","max-video-preview":"max-video-preview:-1"},"canonical":"https:\/\/nailknowledge.org\/pt\/rede-nailknowledge-comunidade-de-nail-artists\/","og_locale":"pt_BR","og_type":"article","og_title":"NailKnowledge Network - Nail Artist Community - NailKnowledge","og_description":"Unlock the Power of Free Registration! Explore the top reasons to register for free and enhance your professional journey in the nail industry: \ud83c\udf0d Global Visibility&nbsp;Showcase your skills on a premier platform, gaining exposure to a worldwide audience. \ud83c\udfc6 Recognition Platform&nbsp;Highlight your achievements and unique style on your dedicated profile page. \ud83e\udde0 Access Expert Insights&nbsp;Directly [&hellip;]","og_url":"https:\/\/nailknowledge.org\/pt\/rede-nailknowledge-comunidade-de-nail-artists\/","og_site_name":"NailKnowledge","article_modified_time":"2026-03-11T14:16:16+00:00","twitter_card":"summary_large_image","twitter_misc":{"Est. tempo de leitura":"2 minutos"},"schema":{"@context":"https:\/\/schema.org","@graph":[{"@type":"WebPage","@id":"https:\/\/nailknowledge.org\/nailknowledge-network-nail-artist-community","url":"https:\/\/nailknowledge.org\/nailknowledge-network-nail-artist-community","name":"NailKnowledge Network - Comunidade de artistas de unhas - NailKnowledge","isPartOf":{"@id":"https:\/\/new.nailknowledge.org\/#website"},"datePublished":"2024-05-14T13:31:45+00:00","dateModified":"2026-03-11T14:16:16+00:00","breadcrumb":{"@id":"https:\/\/nailknowledge.org\/nailknowledge-network-nail-artist-community#breadcrumb"},"inLanguage":"pt-BR","potentialAction":[{"@type":"ReadAction","target":["https:\/\/nailknowledge.org\/nailknowledge-network-nail-artist-community"]}]},{"@type":"BreadcrumbList","@id":"https:\/\/nailknowledge.org\/nailknowledge-network-nail-artist-community#breadcrumb","itemListElement":[{"@type":"ListItem","position":1,"name":"Home","item":"https:\/\/nailknowledge.org\/"},{"@type":"ListItem","position":2,"name":"NailKnowledge Network &#8211; Nail Artist Community"}]},{"@type":"WebSite","@id":"https:\/\/new.nailknowledge.org\/#website","url":"https:\/\/new.nailknowledge.org\/","name":"NailKnowledge","description":"","publisher":{"@id":"https:\/\/new.nailknowledge.org\/#organization"},"potentialAction":[{"@type":"SearchAction","target":{"@type":"EntryPoint","urlTemplate":"https:\/\/new.nailknowledge.org\/?s={search_term_string}"},"query-input":{"@type":"PropertyValueSpecification","valueRequired":true,"valueName":"search_term_string"}}],"inLanguage":"pt-BR"},{"@type":"Organization","@id":"https:\/\/new.nailknowledge.org\/#organization","name":"NailKnowledge","url":"https:\/\/new.nailknowledge.org\/","logo":{"@type":"ImageObject","inLanguage":"pt-BR","@id":"https:\/\/new.nailknowledge.org\/#\/schema\/logo\/image\/","url":"https:\/\/nailknowledge.org\/wp-content\/uploads\/2026\/03\/KN-Logo-1.webp","contentUrl":"https:\/\/nailknowledge.org\/wp-content\/uploads\/2026\/03\/KN-Logo-1.webp","width":542,"height":100,"caption":"NailKnowledge"},"image":{"@id":"https:\/\/new.nailknowledge.org\/#\/schema\/logo\/image\/"}}]}},"_links":{"self":[{"href":"https:\/\/nailknowledge.org\/pt\/wp-json\/wp\/v2\/pages\/124540","targetHints":{"allow":["GET"]}}],"collection":[{"href":"https:\/\/nailknowledge.org\/pt\/wp-json\/wp\/v2\/pages"}],"about":[{"href":"https:\/\/nailknowledge.org\/pt\/wp-json\/wp\/v2\/types\/page"}],"author":[{"embeddable":true,"href":"https:\/\/nailknowledge.org\/pt\/wp-json\/wp\/v2\/users\/2"}],"replies":[{"embeddable":true,"href":"https:\/\/nailknowledge.org\/pt\/wp-json\/wp\/v2\/comments?post=124540"}],"version-history":[{"count":2,"href":"https:\/\/nailknowledge.org\/pt\/wp-json\/wp\/v2\/pages\/124540\/revisions"}],"predecessor-version":[{"id":164150,"href":"https:\/\/nailknowledge.org\/pt\/wp-json\/wp\/v2\/pages\/124540\/revisions\/164150"}],"wp:attachment":[{"href":"https:\/\/nailknowledge.org\/pt\/wp-json\/wp\/v2\/media?parent=124540"}],"curies":[{"name":"wp","href":"https:\/\/api.w.org\/{rel}","templated":true}]}}