{"id":166195,"date":"2026-03-18T12:31:16","date_gmt":"2026-03-18T12:31:16","guid":{"rendered":"https:\/\/nailknowledge.org\/?page_id=166195"},"modified":"2026-03-18T13:24:13","modified_gmt":"2026-03-18T13:24:13","slug":"free-nailknowledge-ebooks","status":"publish","type":"page","link":"https:\/\/nailknowledge.org\/pt\/free-nailknowledge-ebooks","title":{"rendered":"Free NailKnowledge eBooks"},"content":{"rendered":"<section style=\"background-color:#897d9e;padding-top:40px;padding-bottom:0px;--hero-pb:0px;box-shadow:0 4px 20px rgba(0,0,0,0.40);z-index:10;\" class=\"nk-hero nk-hero-f1ed0712 alignfull wp-block-nk-hero\">\r\n\t<div class=\"nk-hero__inner\">\r\n\t\t\t\t<div class=\"nk-hero__content\">\r\n\t\t\t<img loading=\"eager\" fetchpriority=\"high\" width=\"1024\" height=\"247\" src=\"https:\/\/nailknowledge.org\/wp-content\/uploads\/2026\/03\/free-nailknowledge-ebooks-1024x247.webp\" class=\"nk-hero__title-image\" alt=\"\" style=\"\" srcset=\"https:\/\/nailknowledge.org\/wp-content\/uploads\/2026\/03\/free-nailknowledge-ebooks-1024x247.webp 1024w, https:\/\/nailknowledge.org\/wp-content\/uploads\/2026\/03\/free-nailknowledge-ebooks-300x72.webp 300w, https:\/\/nailknowledge.org\/wp-content\/uploads\/2026\/03\/free-nailknowledge-ebooks-768x185.webp 768w, https:\/\/nailknowledge.org\/wp-content\/uploads\/2026\/03\/free-nailknowledge-ebooks-18x4.webp 18w, https:\/\/nailknowledge.org\/wp-content\/uploads\/2026\/03\/free-nailknowledge-ebooks-651x157.webp 651w, https:\/\/nailknowledge.org\/wp-content\/uploads\/2026\/03\/free-nailknowledge-ebooks-600x145.webp 600w, https:\/\/nailknowledge.org\/wp-content\/uploads\/2026\/03\/free-nailknowledge-ebooks-50x12.webp 50w, https:\/\/nailknowledge.org\/wp-content\/uploads\/2026\/03\/free-nailknowledge-ebooks-200x48.webp 200w, https:\/\/nailknowledge.org\/wp-content\/uploads\/2026\/03\/free-nailknowledge-ebooks-100x24.webp 100w, https:\/\/nailknowledge.org\/wp-content\/uploads\/2026\/03\/free-nailknowledge-ebooks.webp 1218w\" sizes=\"auto, (max-width: 683px) calc(100vw - 100px), 651px\" decoding=\"async\" \/>\t\t\t\t\t\t\t\t\t\t<div class=\"nk-hero__text\" style=\"color:#ffffff;\">\n\n<p>Access three of NailKnowledge\u2019s most popular eBooks and expand your understanding of nail science.<\/p>\n\n\n\n<p>Download <strong>Introduction to Skin<\/strong>, <strong>a unidade das unhas<\/strong>e <strong>Gel UV<\/strong> to learn more about the structure of skin and nails, and the science behind modern nail products.<\/p>\n\n\n\n<p>These professional resources are available <strong>free to download<\/strong>, so you can read one or download all three.<\/p>\n\n<\/div>\r\n\t\t\t\t\t\t\t\t<\/div>\r\n\t\t\t\t\t<div class=\"nk-hero__image\" style=\"align-self:flex-end;\">\r\n\t\t\t\t<img width=\"1024\" height=\"839\" src=\"https:\/\/nailknowledge.org\/wp-content\/uploads\/2026\/03\/ebooks-page-1024x839.webp\" class=\"nk-hero__img\" alt=\"\" srcset=\"https:\/\/nailknowledge.org\/wp-content\/uploads\/2026\/03\/ebooks-page-1024x839.webp 1024w, https:\/\/nailknowledge.org\/wp-content\/uploads\/2026\/03\/ebooks-page-300x246.webp 300w, https:\/\/nailknowledge.org\/wp-content\/uploads\/2026\/03\/ebooks-page-768x629.webp 768w, https:\/\/nailknowledge.org\/wp-content\/uploads\/2026\/03\/ebooks-page-15x12.webp 15w, https:\/\/nailknowledge.org\/wp-content\/uploads\/2026\/03\/ebooks-page-651x534.webp 651w, https:\/\/nailknowledge.org\/wp-content\/uploads\/2026\/03\/ebooks-page-600x492.webp 600w, https:\/\/nailknowledge.org\/wp-content\/uploads\/2026\/03\/ebooks-page-50x41.webp 50w, https:\/\/nailknowledge.org\/wp-content\/uploads\/2026\/03\/ebooks-page-200x164.webp 200w, https:\/\/nailknowledge.org\/wp-content\/uploads\/2026\/03\/ebooks-page-100x82.webp 100w, https:\/\/nailknowledge.org\/wp-content\/uploads\/2026\/03\/ebooks-page.webp 1380w\" sizes=\"auto, (max-width: 683px) calc(100vw - 100px), 651px\" loading=\"lazy\" decoding=\"async\" \/>\t\t\t<\/div>\r\n\t\t\t<\/div>\r\n<\/section>\r\n\n\n<div class=\"nk-columns alignwide wp-block-nk-columns\">\r\n\t<div class=\"nk-columns__inner\" style=\"gap:20px;margin-top:40px;\">\r\n\t\t\t\t\t\t<div class=\"nk-columns__card\" style=\"border-radius:50px 50px 50px 50px;padding:0px 0px 0px 0px;background-color:#E6DED9;\">\r\n\t\t\t\t\t\t\t<div class=\"nk-columns__image\">\r\n\t\t\t\t\t<img width=\"694\" height=\"1024\" src=\"https:\/\/nailknowledge.org\/wp-content\/uploads\/2023\/11\/Anatomy-and-Physiology-Skin-694x1024.jpg\" class=\"attachment-large size-large\" alt=\"\" style=\"max-height:600px;object-fit:contain;\" srcset=\"https:\/\/nailknowledge.org\/wp-content\/uploads\/2023\/11\/Anatomy-and-Physiology-Skin-694x1024.jpg 694w, https:\/\/nailknowledge.org\/wp-content\/uploads\/2023\/11\/Anatomy-and-Physiology-Skin-600x885.jpg 600w, https:\/\/nailknowledge.org\/wp-content\/uploads\/2023\/11\/Anatomy-and-Physiology-Skin-203x300.jpg 203w, https:\/\/nailknowledge.org\/wp-content\/uploads\/2023\/11\/Anatomy-and-Physiology-Skin-768x1133.jpg 768w, https:\/\/nailknowledge.org\/wp-content\/uploads\/2023\/11\/Anatomy-and-Physiology-Skin-1041x1536.jpg 1041w, https:\/\/nailknowledge.org\/wp-content\/uploads\/2023\/11\/Anatomy-and-Physiology-Skin-8x12.jpg 8w, https:\/\/nailknowledge.org\/wp-content\/uploads\/2023\/11\/Anatomy-and-Physiology-Skin.jpg 1356w\" sizes=\"auto, (max-width: 683px) calc(100vw - 100px), 651px\" loading=\"lazy\" decoding=\"async\" \/>\t\t\t\t<\/div>\r\n\t\t\t\r\n\t\t\t\t\t\t<div class=\"nk-columns__content\" style=\"max-width:320px;width:100%;\">\r\n\t\t\t\t\t\t\t\t\t<h3 class=\"nk-columns__title\">Anatomy &amp; Physiology Skin<\/h3>\r\n\t\t\t\t\r\n\t\t\t\t\t\t\t\t\t<p class=\"nk-columns__text\">Este eBook explora o fascinante tema da pele, com o objetivo de capacitar profissionais de beleza,  unhas e qualquer pessoa interessada na sa\u00fade da pele, com conhecimento sobre sua estrutura, fun\u00e7\u00e3o e os m\u00faltiplos pap\u00e9is que ela desempenha em nosso bem-estar.<\/p>\r\n\t\t\t\t\t\t\t<\/div>\r\n\t\t\t\t\t\t\t<a href=\"https:\/\/nailknowledge.org\/wp-content\/uploads\/2026\/03\/portuguese-v10-anatomia-e-fisiologia-da-pele.pdf\" class=\"nk-columns__button nk-cta-pill\">\r\n\t\t\t\t\tDownload\t\t\t\t<\/a>\r\n\t\t\t\t\t<\/div>\r\n\t\t\t\t\t\t<div class=\"nk-columns__card\" style=\"border-radius:50px 50px 50px 50px;padding:0px 0px 0px 0px;background-color:#dfbec1;\">\r\n\t\t\t\t\t\t\t<div class=\"nk-columns__image\">\r\n\t\t\t\t\t<img width=\"694\" height=\"1024\" src=\"https:\/\/nailknowledge.org\/wp-content\/uploads\/2024\/01\/Anatomy-and-Physiology-The-Nail-694x1024.jpg\" class=\"attachment-large size-large\" alt=\"Anatomia e fisiologia da unha\" style=\"max-height:600px;object-fit:contain;\" srcset=\"https:\/\/nailknowledge.org\/wp-content\/uploads\/2024\/01\/Anatomy-and-Physiology-The-Nail-694x1024.jpg 694w, https:\/\/nailknowledge.org\/wp-content\/uploads\/2024\/01\/Anatomy-and-Physiology-The-Nail-600x885.jpg 600w, https:\/\/nailknowledge.org\/wp-content\/uploads\/2024\/01\/Anatomy-and-Physiology-The-Nail-203x300.jpg 203w, https:\/\/nailknowledge.org\/wp-content\/uploads\/2024\/01\/Anatomy-and-Physiology-The-Nail-768x1133.jpg 768w, https:\/\/nailknowledge.org\/wp-content\/uploads\/2024\/01\/Anatomy-and-Physiology-The-Nail-1041x1536.jpg 1041w, https:\/\/nailknowledge.org\/wp-content\/uploads\/2024\/01\/Anatomy-and-Physiology-The-Nail-8x12.jpg 8w, https:\/\/nailknowledge.org\/wp-content\/uploads\/2024\/01\/Anatomy-and-Physiology-The-Nail.jpg 1356w\" sizes=\"auto, (max-width: 683px) calc(100vw - 100px), 651px\" loading=\"lazy\" decoding=\"async\" \/>\t\t\t\t<\/div>\r\n\t\t\t\r\n\t\t\t\t\t\t<div class=\"nk-columns__content\" style=\"max-width:320px;width:100%;\">\r\n\t\t\t\t\t\t\t\t\t<h3 class=\"nk-columns__title\">Anatomy &amp; Physiology <br>a unidade das unhas<\/h3>\r\n\t\t\t\t\r\n\t\t\t\t\t\t\t\t\t<p class=\"nk-columns__text\">This eBook is designed for both professional nail technicians who are committed to the care and well-being of their client\u2019s fingernails and anyone interested in how the nail unit works and functions.<\/p>\r\n\t\t\t\t\t\t\t<\/div>\r\n\t\t\t\t\t\t\t<a href=\"https:\/\/nailknowledge.org\/wp-content\/uploads\/2026\/03\/portuguese-v14-anatomy-and-physiology-the-nail-unit.pdf\" class=\"nk-columns__button nk-cta-pill\">\r\n\t\t\t\t\tDownload\t\t\t\t<\/a>\r\n\t\t\t\t\t<\/div>\r\n\t\t\t\t\t\t<div class=\"nk-columns__card\" style=\"border-radius:50px 50px 50px 50px;padding:0px 0px 0px 0px;background-color:#9FB7A1;\">\r\n\t\t\t\t\t\t\t<div class=\"nk-columns__image\">\r\n\t\t\t\t\t<img width=\"694\" height=\"1024\" src=\"https:\/\/nailknowledge.org\/wp-content\/uploads\/2024\/03\/UV-Gel-Explained-cover-694x1024.jpg\" class=\"attachment-large size-large\" alt=\"\" style=\"max-height:600px;object-fit:contain;\" srcset=\"https:\/\/nailknowledge.org\/wp-content\/uploads\/2024\/03\/UV-Gel-Explained-cover-694x1024.jpg 694w, https:\/\/nailknowledge.org\/wp-content\/uploads\/2024\/03\/UV-Gel-Explained-cover-600x885.jpg 600w, https:\/\/nailknowledge.org\/wp-content\/uploads\/2024\/03\/UV-Gel-Explained-cover-203x300.jpg 203w, https:\/\/nailknowledge.org\/wp-content\/uploads\/2024\/03\/UV-Gel-Explained-cover-768x1133.jpg 768w, https:\/\/nailknowledge.org\/wp-content\/uploads\/2024\/03\/UV-Gel-Explained-cover-1041x1536.jpg 1041w, https:\/\/nailknowledge.org\/wp-content\/uploads\/2024\/03\/UV-Gel-Explained-cover-8x12.jpg 8w, https:\/\/nailknowledge.org\/wp-content\/uploads\/2024\/03\/UV-Gel-Explained-cover-34x50.jpg 34w, https:\/\/nailknowledge.org\/wp-content\/uploads\/2024\/03\/UV-Gel-Explained-cover-136x200.jpg 136w, https:\/\/nailknowledge.org\/wp-content\/uploads\/2024\/03\/UV-Gel-Explained-cover-68x100.jpg 68w, https:\/\/nailknowledge.org\/wp-content\/uploads\/2024\/03\/UV-Gel-Explained-cover.jpg 1356w\" sizes=\"auto, (max-width: 683px) calc(100vw - 100px), 651px\" loading=\"lazy\" decoding=\"async\" \/>\t\t\t\t<\/div>\r\n\t\t\t\r\n\t\t\t\t\t\t<div class=\"nk-columns__content\" style=\"max-width:320px;width:100%;\">\r\n\t\t\t\t\t\t\t\t\t<h3 class=\"nk-columns__title\">Explica\u00e7\u00e3o sobre o gel UV<\/h3>\r\n\t\t\t\t\r\n\t\t\t\t\t\t\t\t\t<p class=\"nk-columns__text\">From the chemical foundations of polymerisation to the intricate balance of UV curing, this book demystifies the scientific processes that create durable, hard nail coatings, emphasising safety throughout for both beauty professionals and enthusiasts.<\/p>\r\n\t\t\t\t\t\t\t<\/div>\r\n\t\t\t\t\t\t\t<a href=\"https:\/\/nailknowledge.org\/wp-content\/uploads\/2026\/03\/portuguese-v7-uv-gel-explained.pdf\" class=\"nk-columns__button nk-cta-pill\">\r\n\t\t\t\t\tDownload\t\t\t\t<\/a>\r\n\t\t\t\t\t<\/div>\r\n\t\t\t<\/div>\r\n<\/div>\r\n\n\n\n<p><\/p>","protected":false},"excerpt":{"rendered":"","protected":false},"author":35,"featured_media":0,"parent":0,"menu_order":0,"comment_status":"closed","ping_status":"closed","template":"","meta":{"_genesis_hide_title":false,"_genesis_hide_breadcrumbs":false,"_genesis_hide_singular_image":false,"_genesis_hide_footer_widgets":false,"_genesis_custom_body_class":"","_genesis_custom_post_class":"","_genesis_layout":"","footnotes":""},"class_list":{"0":"post-166195","1":"page","2":"type-page","3":"status-publish","5":"entry"},"yoast_head":"<!-- This site is optimized with the Yoast SEO plugin v27.3 - https:\/\/yoast.com\/product\/yoast-seo-wordpress\/ -->\n<title>Free NailKnowledge eBooks - NailKnowledge<\/title>\n<meta name=\"robots\" content=\"index, follow, max-snippet:-1, max-image-preview:large, max-video-preview:-1\" \/>\n<link rel=\"canonical\" href=\"https:\/\/nailknowledge.org\/pt\/free-nailknowledge-ebooks\/\" \/>\n<meta property=\"og:locale\" content=\"pt_BR\" \/>\n<meta property=\"og:type\" content=\"article\" \/>\n<meta property=\"og:title\" content=\"Free NailKnowledge eBooks - NailKnowledge\" \/>\n<meta property=\"og:url\" content=\"https:\/\/nailknowledge.org\/pt\/free-nailknowledge-ebooks\/\" \/>\n<meta property=\"og:site_name\" content=\"NailKnowledge\" \/>\n<meta property=\"article:modified_time\" content=\"2026-03-18T13:24:13+00:00\" \/>\n<meta name=\"twitter:card\" content=\"summary_large_image\" \/>\n<meta name=\"twitter:label1\" content=\"Est. tempo de leitura\" \/>\n\t<meta name=\"twitter:data1\" content=\"1 minuto\" \/>\n<script type=\"application\/ld+json\" class=\"yoast-schema-graph\">{\"@context\":\"https:\\\/\\\/schema.org\",\"@graph\":[{\"@type\":\"WebPage\",\"@id\":\"https:\\\/\\\/nailknowledge.org\\\/free-nailknowledge-ebooks\",\"url\":\"https:\\\/\\\/nailknowledge.org\\\/free-nailknowledge-ebooks\",\"name\":\"Free NailKnowledge eBooks - NailKnowledge\",\"isPartOf\":{\"@id\":\"https:\\\/\\\/new.nailknowledge.org\\\/#website\"},\"datePublished\":\"2026-03-18T12:31:16+00:00\",\"dateModified\":\"2026-03-18T13:24:13+00:00\",\"breadcrumb\":{\"@id\":\"https:\\\/\\\/nailknowledge.org\\\/free-nailknowledge-ebooks#breadcrumb\"},\"inLanguage\":\"pt-BR\",\"potentialAction\":[{\"@type\":\"ReadAction\",\"target\":[\"https:\\\/\\\/nailknowledge.org\\\/free-nailknowledge-ebooks\"]}]},{\"@type\":\"BreadcrumbList\",\"@id\":\"https:\\\/\\\/nailknowledge.org\\\/free-nailknowledge-ebooks#breadcrumb\",\"itemListElement\":[{\"@type\":\"ListItem\",\"position\":1,\"name\":\"Home\",\"item\":\"https:\\\/\\\/nailknowledge.org\\\/\"},{\"@type\":\"ListItem\",\"position\":2,\"name\":\"Free NailKnowledge eBooks\"}]},{\"@type\":\"WebSite\",\"@id\":\"https:\\\/\\\/new.nailknowledge.org\\\/#website\",\"url\":\"https:\\\/\\\/new.nailknowledge.org\\\/\",\"name\":\"NailKnowledge\",\"description\":\"\",\"publisher\":{\"@id\":\"https:\\\/\\\/new.nailknowledge.org\\\/#organization\"},\"potentialAction\":[{\"@type\":\"SearchAction\",\"target\":{\"@type\":\"EntryPoint\",\"urlTemplate\":\"https:\\\/\\\/new.nailknowledge.org\\\/?s={search_term_string}\"},\"query-input\":{\"@type\":\"PropertyValueSpecification\",\"valueRequired\":true,\"valueName\":\"search_term_string\"}}],\"inLanguage\":\"pt-BR\"},{\"@type\":\"Organization\",\"@id\":\"https:\\\/\\\/new.nailknowledge.org\\\/#organization\",\"name\":\"NailKnowledge\",\"url\":\"https:\\\/\\\/new.nailknowledge.org\\\/\",\"logo\":{\"@type\":\"ImageObject\",\"inLanguage\":\"pt-BR\",\"@id\":\"https:\\\/\\\/new.nailknowledge.org\\\/#\\\/schema\\\/logo\\\/image\\\/\",\"url\":\"https:\\\/\\\/nailknowledge.org\\\/wp-content\\\/uploads\\\/2026\\\/03\\\/KN-Logo-1.webp\",\"contentUrl\":\"https:\\\/\\\/nailknowledge.org\\\/wp-content\\\/uploads\\\/2026\\\/03\\\/KN-Logo-1.webp\",\"width\":542,\"height\":100,\"caption\":\"NailKnowledge\"},\"image\":{\"@id\":\"https:\\\/\\\/new.nailknowledge.org\\\/#\\\/schema\\\/logo\\\/image\\\/\"}}]}<\/script>\n<!-- \/ Yoast SEO plugin. -->","yoast_head_json":{"title":"Free NailKnowledge eBooks - NailKnowledge","robots":{"index":"index","follow":"follow","max-snippet":"max-snippet:-1","max-image-preview":"max-image-preview:large","max-video-preview":"max-video-preview:-1"},"canonical":"https:\/\/nailknowledge.org\/pt\/free-nailknowledge-ebooks\/","og_locale":"pt_BR","og_type":"article","og_title":"Free NailKnowledge eBooks - NailKnowledge","og_url":"https:\/\/nailknowledge.org\/pt\/free-nailknowledge-ebooks\/","og_site_name":"NailKnowledge","article_modified_time":"2026-03-18T13:24:13+00:00","twitter_card":"summary_large_image","twitter_misc":{"Est. tempo de leitura":"1 minuto"},"schema":{"@context":"https:\/\/schema.org","@graph":[{"@type":"WebPage","@id":"https:\/\/nailknowledge.org\/free-nailknowledge-ebooks","url":"https:\/\/nailknowledge.org\/free-nailknowledge-ebooks","name":"Free NailKnowledge eBooks - NailKnowledge","isPartOf":{"@id":"https:\/\/new.nailknowledge.org\/#website"},"datePublished":"2026-03-18T12:31:16+00:00","dateModified":"2026-03-18T13:24:13+00:00","breadcrumb":{"@id":"https:\/\/nailknowledge.org\/free-nailknowledge-ebooks#breadcrumb"},"inLanguage":"pt-BR","potentialAction":[{"@type":"ReadAction","target":["https:\/\/nailknowledge.org\/free-nailknowledge-ebooks"]}]},{"@type":"BreadcrumbList","@id":"https:\/\/nailknowledge.org\/free-nailknowledge-ebooks#breadcrumb","itemListElement":[{"@type":"ListItem","position":1,"name":"Home","item":"https:\/\/nailknowledge.org\/"},{"@type":"ListItem","position":2,"name":"Free NailKnowledge eBooks"}]},{"@type":"WebSite","@id":"https:\/\/new.nailknowledge.org\/#website","url":"https:\/\/new.nailknowledge.org\/","name":"NailKnowledge","description":"","publisher":{"@id":"https:\/\/new.nailknowledge.org\/#organization"},"potentialAction":[{"@type":"SearchAction","target":{"@type":"EntryPoint","urlTemplate":"https:\/\/new.nailknowledge.org\/?s={search_term_string}"},"query-input":{"@type":"PropertyValueSpecification","valueRequired":true,"valueName":"search_term_string"}}],"inLanguage":"pt-BR"},{"@type":"Organization","@id":"https:\/\/new.nailknowledge.org\/#organization","name":"NailKnowledge","url":"https:\/\/new.nailknowledge.org\/","logo":{"@type":"ImageObject","inLanguage":"pt-BR","@id":"https:\/\/new.nailknowledge.org\/#\/schema\/logo\/image\/","url":"https:\/\/nailknowledge.org\/wp-content\/uploads\/2026\/03\/KN-Logo-1.webp","contentUrl":"https:\/\/nailknowledge.org\/wp-content\/uploads\/2026\/03\/KN-Logo-1.webp","width":542,"height":100,"caption":"NailKnowledge"},"image":{"@id":"https:\/\/new.nailknowledge.org\/#\/schema\/logo\/image\/"}}]}},"_links":{"self":[{"href":"https:\/\/nailknowledge.org\/pt\/wp-json\/wp\/v2\/pages\/166195","targetHints":{"allow":["GET"]}}],"collection":[{"href":"https:\/\/nailknowledge.org\/pt\/wp-json\/wp\/v2\/pages"}],"about":[{"href":"https:\/\/nailknowledge.org\/pt\/wp-json\/wp\/v2\/types\/page"}],"author":[{"embeddable":true,"href":"https:\/\/nailknowledge.org\/pt\/wp-json\/wp\/v2\/users\/35"}],"replies":[{"embeddable":true,"href":"https:\/\/nailknowledge.org\/pt\/wp-json\/wp\/v2\/comments?post=166195"}],"version-history":[{"count":8,"href":"https:\/\/nailknowledge.org\/pt\/wp-json\/wp\/v2\/pages\/166195\/revisions"}],"predecessor-version":[{"id":166223,"href":"https:\/\/nailknowledge.org\/pt\/wp-json\/wp\/v2\/pages\/166195\/revisions\/166223"}],"wp:attachment":[{"href":"https:\/\/nailknowledge.org\/pt\/wp-json\/wp\/v2\/media?parent=166195"}],"curies":[{"name":"wp","href":"https:\/\/api.w.org\/{rel}","templated":true}]}}