{"id":29276,"date":"2020-09-24T08:40:27","date_gmt":"2020-09-24T08:40:27","guid":{"rendered":"https:\/\/nailpedia.org\/?page_id=29276"},"modified":"2023-01-10T12:23:44","modified_gmt":"2023-01-10T12:23:44","slug":"ethos-do-treinamento-da-nailknowledge","status":"publish","type":"page","link":"https:\/\/nailknowledge.org\/pt\/nailknowledge-training-ethos","title":{"rendered":"Treinamento criado para voc\u00ea"},"content":{"rendered":"<h2>Treinamento criado para voc\u00ea<\/h2>\n<p>Criamos o ethos do NailKnowledge com base em tr\u00eas valores principais <b>aprendizado flex\u00edvel<\/b> que era<b> f\u00e1cil de entender<\/b> e <b>liderado por especialistas<\/b> - com o aluno no centro de tudo o que fazemos.\u00a0<\/p>\n<p>\t\t\t\t\t\t\t\t\t\t\t\t<img loading=\"eager\" fetchpriority=\"high\" decoding=\"async\" width=\"301\" height=\"301\" src=\"https:\/\/nailknowledge.org\/wp-content\/uploads\/2020\/10\/Flexible-Learning.png\" alt=\"\" \/>\t\t\t\t\t\t\t\t\t\t\t\t\t\t<\/p>\n<h2>Aprendizagem flex\u00edvel<\/h2>\n<p>Sabemos o quanto a vida \u00e9 agitada e a dificuldade de encontrar tempo para se concentrar nos recursos de aprendizagem. Para apoi\u00e1-lo, criamos os cursos do NailKnowledge para que sejam pequenos, com uma li\u00e7\u00e3o m\u00e9dia de 15 minutos.\u00a0<\/p>\n<p>N\u00e3o h\u00e1 limite de tempo nem hor\u00e1rios definidos para responder ou progredir no curso, portanto, voc\u00ea pode aprender no seu pr\u00f3prio ritmo, no hor\u00e1rio que preferir e, como os cursos s\u00e3o acess\u00edveis em todas as plataformas, voc\u00ea pode aproveitar nossas li\u00e7\u00f5es onde quer que esteja e em qualquer dispositivo dispon\u00edvel.\u00a0<\/p>\n<p>\t\t\t<a href=\"https:\/\/nailknowledge.org\/pt\/conhecimento-de-unhas-aprendizado-flexivel\/\" role=\"button\"><br \/>\n\t\t\t\t\t\tSaiba mais<br \/>\n\t\t\t\t\t<\/a><\/p>\n<h2>Li\u00e7\u00f5es f\u00e1ceis de entender<\/h2>\n<p>Algumas das principais informa\u00e7\u00f5es que os t\u00e9cnicos de unhas precisavam aprender no passado - anatomia, qu\u00edmica de produtos e sa\u00fade e seguran\u00e7a - eram obtidas por meio de conte\u00fado est\u00e1tico e em papel.\u00a0<\/p>\n<p>Quando se trata desses assuntos desafiadores, para entender como, por exemplo, a unidade de pregos se encaixa, muitos alunos precisam de mais do que uma folha de papel com um diagrama mal desenhado.\u00a0<\/p>\n<p>Para facilitar ao m\u00e1ximo a compreens\u00e3o e a visualiza\u00e7\u00e3o desses t\u00f3picos, investimos em uma abordagem altamente visual do treinamento, com mais de 3 horas de conte\u00fado animado original que fornece uma visualiza\u00e7\u00e3o em 3D dos principais assuntos.\u00a0<\/p>\n<p>Nosso objetivo \u00e9 simplificar o complexo e refor\u00e7ar o aprendizado principal com interatividade.<\/p>\n<p>\t\t\t\t\t\t\t\t\t\t\t\t<img decoding=\"async\" width=\"301\" height=\"301\" src=\"https:\/\/nailknowledge.org\/wp-content\/uploads\/2020\/10\/Easy-to-Understand.png\" alt=\"\" loading=\"lazy\" \/><br \/>\n\t\t\t<a href=\"https:\/\/nailknowledge.org\/pt\/conhecimento-facil-de-entender-sobre-unhas\/\" role=\"button\"><br \/>\n\t\t\t\t\t\tSaiba mais<br \/>\n\t\t\t\t\t<\/a><br \/>\n\t\t\t\t\t\t\t\t\t\t\t\t<img decoding=\"async\" width=\"301\" height=\"301\" src=\"https:\/\/nailknowledge.org\/wp-content\/uploads\/2020\/10\/Expert-Led.png\" alt=\"\" loading=\"lazy\" \/>\t\t\t\t\t\t\t\t\t\t\t\t\t\t<\/p>\n<h2>Treinamento orientado por especialistas<\/h2>\n<p>Queremos que a educa\u00e7\u00e3o fornecida pelo NailKnowledge revolucione o treinamento de t\u00e9cnicos de unhas e crie uma nova gera\u00e7\u00e3o de t\u00e9cnicos de unhas com uma compreens\u00e3o mais profunda da unidade de unhas e conhecimento dos principais assuntos cient\u00edficos e de seguran\u00e7a.&nbsp;<\/p>\n<p>Para isso, reunimos tr\u00eas especialistas no assunto altamente respeitados, com profundo conhecimento do setor, que, juntos, poderiam ser a autoridade em pregos e garantir que nossas aulas fornecessem as informa\u00e7\u00f5es mais recentes.<\/p>\n<p>\t\t\t<a href=\"https:\/\/nailknowledge.org\/pt\/especialistas-em-conhecimento-de-unhas\/\" role=\"button\"><br \/>\n\t\t\t\t\t\tSaiba mais<br \/>\n\t\t\t\t\t<\/a><\/p>\n<h2>Nossas metas de treinamento<\/h2>\n<p>Our mission is to ensure we deliver\u00a0industry-leading training, full of\u00a0high quality content\u00a0that provides you with a\u00a0better learning experience.\u00a0<\/p>\n<p>\t\t\t\t\t\t\t\t\t\t\t\t<img decoding=\"async\" width=\"600\" height=\"601\" src=\"https:\/\/nailknowledge.org\/wp-content\/uploads\/2020\/10\/nailpedia-infographic-3.png\" alt=\"\" loading=\"lazy\" \/>\t\t\t\t\t\t\t\t\t\t\t\t\t\t<\/p>\n<h2>Estrutura do curso de diploma<\/h2>\n<h3>a unidade das unhas <\/h3>\n<p>\t\t\t\t\t\t\t\t\t\t\t\t<img decoding=\"async\" width=\"300\" height=\"300\" src=\"https:\/\/nailknowledge.org\/wp-content\/uploads\/2020\/11\/nail-anatomy.png\" alt=\"Anatomia das unhas\" loading=\"lazy\" \/>\t\t\t\t\t\t\t\t\t\t\t\t\t\t<\/p>\n<p>Aprenda sobre as estruturas da unha, como a placa ungueal cresce e sua estrutura e as condi\u00e7\u00f5es comuns das unhas.<\/p>\n<h4 style=\"margin-top: 0px;\">A Unidade de Unhas:<\/h4>\n<p>Li\u00e7\u00e3o 1 - Anatomia da unidade ungueal\u00a0<br \/>Li\u00e7\u00e3o 2 - Crescimento da placa ungueal<br \/>Li\u00e7\u00e3o 3 - Estrutura da placa ungueal<br \/>Li\u00e7\u00e3o 4 - Leito ungueal e l\u00fanula<br \/>Li\u00e7\u00e3o 5 - Selos da unha<br \/>Li\u00e7\u00e3o 6 - Condi\u00e7\u00f5es das unhas<\/p>\n<h3>Qu\u00edmica dos produtos<\/h3>\n<p>\t\t\t\t\t\t\t\t\t\t\t\t<img decoding=\"async\" width=\"300\" height=\"300\" src=\"https:\/\/nailknowledge.org\/wp-content\/uploads\/2020\/11\/product-chemistry.png\" alt=\"\" loading=\"lazy\" \/>\t\t\t\t\t\t\t\t\t\t\t\t\t\t<\/p>\n<p>Aprenda a qu\u00edmica b\u00e1sica dos produtos e entenda o processo de polimeriza\u00e7\u00e3o que est\u00e1 no centro do setor de unhas.<\/p>\n<h4 style=\"margin-top: 0px;\">Qu\u00edmica do produto:<\/h4>\n<p>Li\u00e7\u00e3o 1 - O que \u00e9 um produto qu\u00edmico\u00a0<br \/>Li\u00e7\u00e3o 2 - Lo\u00e7\u00f5es, po\u00e7\u00f5es e esmaltes<br \/>Li\u00e7\u00e3o 3 - Acr\u00edlicos e seu lugar no setor<br \/>Li\u00e7\u00e3o 4 - L\u00edquido e p\u00f3<br \/>Li\u00e7\u00e3o 5 - G\u00e9is UV e outros sistemas<\/p>\n<p>\t\t\t<a href=\"https:\/\/nailknowledge.org\/pt\/cursos-profissionais-de-unhas\/o-diploma-essencial-para-profissionais-de-unhas\/\" role=\"button\"><br \/>\n\t\t\t\t\t\tVeja mais<br \/>\n\t\t\t\t\t<\/a><\/p>\n<h3>Sa\u00fade e seguran\u00e7a<\/h3>\n<p>\t\t\t\t\t\t\t\t\t\t\t\t<img decoding=\"async\" width=\"300\" height=\"300\" src=\"https:\/\/nailknowledge.org\/wp-content\/uploads\/2020\/11\/nail-conditions.png\" alt=\"\" loading=\"lazy\" \/>\t\t\t\t\t\t\t\t\t\t\t\t\t\t<\/p>\n<p>Sa\u00fade e seguran\u00e7a essenciais para manter voc\u00ea e seus clientes seguros; com estrat\u00e9gias para minimizar os riscos de poeira, vapores e produtos.<\/p>\n<h4 style=\"margin-top: 0px;\">Sa\u00fade e seguran\u00e7a:<\/h4>\n<p>Li\u00e7\u00e3o 1 - Seu ambiente de trabalho\u00a0<br \/>Li\u00e7\u00e3o 2 - Higiene<br \/>Li\u00e7\u00e3o 3 - Uso seguro de produtos<br \/>Li\u00e7\u00e3o 4 - Alergias e irrita\u00e7\u00f5es<br \/>Li\u00e7\u00e3o 5 - Trabalhando com seguran\u00e7a com os clientes<\/p>","protected":false},"excerpt":{"rendered":"<p>Training that is built around you We designed NailKnowledge&#8217;s ethos around three key values &#8211; flexible learning that was easy to understand and expert-led &#8211;\u00a0with the learner at the heart of everything we do.\u00a0 Flexible Learning We know how busy life is, and the difficulty of finding the time to focus on learning resources. To [&hellip;]<\/p>\n","protected":false},"author":2,"featured_media":0,"parent":0,"menu_order":0,"comment_status":"closed","ping_status":"closed","template":"","meta":{"_yoast_wpseo_focuskw":"","_yoast_wpseo_metadesc":"","_genesis_hide_title":false,"_genesis_hide_breadcrumbs":false,"_genesis_hide_singular_image":false,"_genesis_hide_footer_widgets":false,"_genesis_custom_body_class":"","_genesis_custom_post_class":"","_genesis_layout":"","footnotes":""},"class_list":{"0":"post-29276","1":"page","2":"type-page","3":"status-publish","5":"entry"},"yoast_head":"<!-- This site is optimized with the Yoast SEO plugin v27.4 - https:\/\/yoast.com\/product\/yoast-seo-wordpress\/ -->\n<title>Training Built Around You - NailKnowledge<\/title>\n<meta name=\"robots\" content=\"index, follow, max-snippet:-1, max-image-preview:large, max-video-preview:-1\" \/>\n<link rel=\"canonical\" href=\"https:\/\/nailknowledge.org\/pt\/ethos-do-treinamento-da-nailknowledge\/\" \/>\n<meta property=\"og:locale\" content=\"pt_BR\" \/>\n<meta property=\"og:type\" content=\"article\" \/>\n<meta property=\"og:title\" content=\"Training Built Around You - NailKnowledge\" \/>\n<meta property=\"og:description\" content=\"Training that is built around you We designed NailKnowledge&#8217;s ethos around three key values &#8211; flexible learning that was easy to understand and expert-led &#8211;\u00a0with the learner at the heart of everything we do.\u00a0 Flexible Learning We know how busy life is, and the difficulty of finding the time to focus on learning resources. To [&hellip;]\" \/>\n<meta property=\"og:url\" content=\"https:\/\/nailknowledge.org\/pt\/ethos-do-treinamento-da-nailknowledge\/\" \/>\n<meta property=\"og:site_name\" content=\"NailKnowledge\" \/>\n<meta property=\"article:modified_time\" content=\"2023-01-10T12:23:44+00:00\" \/>\n<meta property=\"og:image\" content=\"https:\/\/nailknowledge.org\/wp-content\/uploads\/2023\/03\/image002.jpg\" \/>\n\t<meta property=\"og:image:width\" content=\"545\" \/>\n\t<meta property=\"og:image:height\" content=\"295\" \/>\n\t<meta property=\"og:image:type\" content=\"image\/jpeg\" \/>\n<meta name=\"twitter:card\" content=\"summary_large_image\" \/>\n<meta name=\"twitter:label1\" content=\"Est. tempo de leitura\" \/>\n\t<meta name=\"twitter:data1\" content=\"4 minutos\" \/>\n<script type=\"application\/ld+json\" class=\"yoast-schema-graph\">{\"@context\":\"https:\\\/\\\/schema.org\",\"@graph\":[{\"@type\":\"WebPage\",\"@id\":\"https:\\\/\\\/nailknowledge.org\\\/nailknowledge-training-ethos\",\"url\":\"https:\\\/\\\/nailknowledge.org\\\/nailknowledge-training-ethos\",\"name\":\"Training Built Around You - NailKnowledge\",\"isPartOf\":{\"@id\":\"https:\\\/\\\/new.nailknowledge.org\\\/#website\"},\"primaryImageOfPage\":{\"@id\":\"https:\\\/\\\/nailknowledge.org\\\/nailknowledge-training-ethos#primaryimage\"},\"image\":{\"@id\":\"https:\\\/\\\/nailknowledge.org\\\/nailknowledge-training-ethos#primaryimage\"},\"thumbnailUrl\":\"https:\\\/\\\/nailknowledge.org\\\/wp-content\\\/uploads\\\/2020\\\/10\\\/Flexible-Learning.png\",\"datePublished\":\"2020-09-24T08:40:27+00:00\",\"dateModified\":\"2023-01-10T12:23:44+00:00\",\"breadcrumb\":{\"@id\":\"https:\\\/\\\/nailknowledge.org\\\/nailknowledge-training-ethos#breadcrumb\"},\"inLanguage\":\"pt-BR\",\"potentialAction\":[{\"@type\":\"ReadAction\",\"target\":[\"https:\\\/\\\/nailknowledge.org\\\/nailknowledge-training-ethos\"]}]},{\"@type\":\"ImageObject\",\"inLanguage\":\"pt-BR\",\"@id\":\"https:\\\/\\\/nailknowledge.org\\\/nailknowledge-training-ethos#primaryimage\",\"url\":\"https:\\\/\\\/nailknowledge.org\\\/wp-content\\\/uploads\\\/2020\\\/10\\\/Flexible-Learning.png\",\"contentUrl\":\"https:\\\/\\\/nailknowledge.org\\\/wp-content\\\/uploads\\\/2020\\\/10\\\/Flexible-Learning.png\"},{\"@type\":\"BreadcrumbList\",\"@id\":\"https:\\\/\\\/nailknowledge.org\\\/nailknowledge-training-ethos#breadcrumb\",\"itemListElement\":[{\"@type\":\"ListItem\",\"position\":1,\"name\":\"Home\",\"item\":\"https:\\\/\\\/nailknowledge.org\\\/\"},{\"@type\":\"ListItem\",\"position\":2,\"name\":\"Training Built Around You\"}]},{\"@type\":\"WebSite\",\"@id\":\"https:\\\/\\\/new.nailknowledge.org\\\/#website\",\"url\":\"https:\\\/\\\/new.nailknowledge.org\\\/\",\"name\":\"NailKnowledge\",\"description\":\"\",\"publisher\":{\"@id\":\"https:\\\/\\\/new.nailknowledge.org\\\/#organization\"},\"potentialAction\":[{\"@type\":\"SearchAction\",\"target\":{\"@type\":\"EntryPoint\",\"urlTemplate\":\"https:\\\/\\\/new.nailknowledge.org\\\/?s={search_term_string}\"},\"query-input\":{\"@type\":\"PropertyValueSpecification\",\"valueRequired\":true,\"valueName\":\"search_term_string\"}}],\"inLanguage\":\"pt-BR\"},{\"@type\":\"Organization\",\"@id\":\"https:\\\/\\\/new.nailknowledge.org\\\/#organization\",\"name\":\"NailKnowledge\",\"url\":\"https:\\\/\\\/new.nailknowledge.org\\\/\",\"logo\":{\"@type\":\"ImageObject\",\"inLanguage\":\"pt-BR\",\"@id\":\"https:\\\/\\\/new.nailknowledge.org\\\/#\\\/schema\\\/logo\\\/image\\\/\",\"url\":\"https:\\\/\\\/nailknowledge.org\\\/wp-content\\\/uploads\\\/2026\\\/03\\\/KN-Logo-1.webp\",\"contentUrl\":\"https:\\\/\\\/nailknowledge.org\\\/wp-content\\\/uploads\\\/2026\\\/03\\\/KN-Logo-1.webp\",\"width\":542,\"height\":100,\"caption\":\"NailKnowledge\"},\"image\":{\"@id\":\"https:\\\/\\\/new.nailknowledge.org\\\/#\\\/schema\\\/logo\\\/image\\\/\"}}]}<\/script>\n<!-- \/ Yoast SEO plugin. -->","yoast_head_json":{"title":"Treinamento criado para voc\u00ea - NailKnowledge","robots":{"index":"index","follow":"follow","max-snippet":"max-snippet:-1","max-image-preview":"max-image-preview:large","max-video-preview":"max-video-preview:-1"},"canonical":"https:\/\/nailknowledge.org\/pt\/ethos-do-treinamento-da-nailknowledge\/","og_locale":"pt_BR","og_type":"article","og_title":"Training Built Around You - NailKnowledge","og_description":"Training that is built around you We designed NailKnowledge&#8217;s ethos around three key values &#8211; flexible learning that was easy to understand and expert-led &#8211;\u00a0with the learner at the heart of everything we do.\u00a0 Flexible Learning We know how busy life is, and the difficulty of finding the time to focus on learning resources. To [&hellip;]","og_url":"https:\/\/nailknowledge.org\/pt\/ethos-do-treinamento-da-nailknowledge\/","og_site_name":"NailKnowledge","article_modified_time":"2023-01-10T12:23:44+00:00","og_image":[{"width":545,"height":295,"url":"https:\/\/nailknowledge.org\/wp-content\/uploads\/2023\/03\/image002.jpg","type":"image\/jpeg"}],"twitter_card":"summary_large_image","twitter_misc":{"Est. tempo de leitura":"4 minutos"},"schema":{"@context":"https:\/\/schema.org","@graph":[{"@type":"WebPage","@id":"https:\/\/nailknowledge.org\/nailknowledge-training-ethos","url":"https:\/\/nailknowledge.org\/nailknowledge-training-ethos","name":"Treinamento criado para voc\u00ea - NailKnowledge","isPartOf":{"@id":"https:\/\/new.nailknowledge.org\/#website"},"primaryImageOfPage":{"@id":"https:\/\/nailknowledge.org\/nailknowledge-training-ethos#primaryimage"},"image":{"@id":"https:\/\/nailknowledge.org\/nailknowledge-training-ethos#primaryimage"},"thumbnailUrl":"https:\/\/nailknowledge.org\/wp-content\/uploads\/2020\/10\/Flexible-Learning.png","datePublished":"2020-09-24T08:40:27+00:00","dateModified":"2023-01-10T12:23:44+00:00","breadcrumb":{"@id":"https:\/\/nailknowledge.org\/nailknowledge-training-ethos#breadcrumb"},"inLanguage":"pt-BR","potentialAction":[{"@type":"ReadAction","target":["https:\/\/nailknowledge.org\/nailknowledge-training-ethos"]}]},{"@type":"ImageObject","inLanguage":"pt-BR","@id":"https:\/\/nailknowledge.org\/nailknowledge-training-ethos#primaryimage","url":"https:\/\/nailknowledge.org\/wp-content\/uploads\/2020\/10\/Flexible-Learning.png","contentUrl":"https:\/\/nailknowledge.org\/wp-content\/uploads\/2020\/10\/Flexible-Learning.png"},{"@type":"BreadcrumbList","@id":"https:\/\/nailknowledge.org\/nailknowledge-training-ethos#breadcrumb","itemListElement":[{"@type":"ListItem","position":1,"name":"Home","item":"https:\/\/nailknowledge.org\/"},{"@type":"ListItem","position":2,"name":"Training Built Around You"}]},{"@type":"WebSite","@id":"https:\/\/new.nailknowledge.org\/#website","url":"https:\/\/new.nailknowledge.org\/","name":"NailKnowledge","description":"","publisher":{"@id":"https:\/\/new.nailknowledge.org\/#organization"},"potentialAction":[{"@type":"SearchAction","target":{"@type":"EntryPoint","urlTemplate":"https:\/\/new.nailknowledge.org\/?s={search_term_string}"},"query-input":{"@type":"PropertyValueSpecification","valueRequired":true,"valueName":"search_term_string"}}],"inLanguage":"pt-BR"},{"@type":"Organization","@id":"https:\/\/new.nailknowledge.org\/#organization","name":"NailKnowledge","url":"https:\/\/new.nailknowledge.org\/","logo":{"@type":"ImageObject","inLanguage":"pt-BR","@id":"https:\/\/new.nailknowledge.org\/#\/schema\/logo\/image\/","url":"https:\/\/nailknowledge.org\/wp-content\/uploads\/2026\/03\/KN-Logo-1.webp","contentUrl":"https:\/\/nailknowledge.org\/wp-content\/uploads\/2026\/03\/KN-Logo-1.webp","width":542,"height":100,"caption":"NailKnowledge"},"image":{"@id":"https:\/\/new.nailknowledge.org\/#\/schema\/logo\/image\/"}}]}},"_links":{"self":[{"href":"https:\/\/nailknowledge.org\/pt\/wp-json\/wp\/v2\/pages\/29276","targetHints":{"allow":["GET"]}}],"collection":[{"href":"https:\/\/nailknowledge.org\/pt\/wp-json\/wp\/v2\/pages"}],"about":[{"href":"https:\/\/nailknowledge.org\/pt\/wp-json\/wp\/v2\/types\/page"}],"author":[{"embeddable":true,"href":"https:\/\/nailknowledge.org\/pt\/wp-json\/wp\/v2\/users\/2"}],"replies":[{"embeddable":true,"href":"https:\/\/nailknowledge.org\/pt\/wp-json\/wp\/v2\/comments?post=29276"}],"version-history":[{"count":0,"href":"https:\/\/nailknowledge.org\/pt\/wp-json\/wp\/v2\/pages\/29276\/revisions"}],"wp:attachment":[{"href":"https:\/\/nailknowledge.org\/pt\/wp-json\/wp\/v2\/media?parent=29276"}],"curies":[{"name":"wp","href":"https:\/\/api.w.org\/{rel}","templated":true}]}}