{"id":29406,"date":"2020-10-21T08:08:36","date_gmt":"2020-10-21T08:08:36","guid":{"rendered":"https:\/\/nailpedia.org\/?page_id=29406"},"modified":"2020-12-30T13:44:58","modified_gmt":"2020-12-30T13:44:58","slug":"conhecimento-de-unhas-aprendizado-flexivel","status":"publish","type":"page","link":"https:\/\/nailknowledge.org\/pt\/nail-knowledge-flexible-learning","title":{"rendered":"Aprendizagem flex\u00edvel"},"content":{"rendered":"<h1>Aprendizagem flex\u00edvel<\/h1>\n<p><h3>Projetado com a vida moderna em mente.<\/h3>\n<\/p>\n<p> Nosso Essential Nail Professional Diploma \u00e9 ministrado em 16 li\u00e7\u00f5es curtas, que voc\u00ea pode assistir e aproveitar no seu pr\u00f3prio ritmo, em qualquer lugar, em qualquer lugar e em qualquer dispositivo. <\/p>\n<p>\t\t\t\t\t\t\t\t\t\t<img loading=\"eager\" fetchpriority=\"high\" decoding=\"async\" width=\"301\" height=\"301\" src=\"https:\/\/nailknowledge.org\/wp-content\/uploads\/2020\/10\/Anywhere-Anytime.png\" alt=\"\" srcset=\"https:\/\/nailknowledge.org\/wp-content\/uploads\/2020\/10\/Anywhere-Anytime.png 301w, https:\/\/nailknowledge.org\/wp-content\/uploads\/2020\/10\/Anywhere-Anytime-150x150.png 150w, https:\/\/nailknowledge.org\/wp-content\/uploads\/2020\/10\/Anywhere-Anytime-100x100.png 100w\" sizes=\"auto, (max-width: 301px) 100vw, 301px\" \/>\t\t\t\t\t\t\t\t\t\t\t<\/p>\n<h3>A qualquer hora, em qualquer lugar<\/h3>\n<p style=\"text-align: center;\">Conclua nossas aulas no hor\u00e1rio que lhe for mais conveniente, com a possibilidade de fazer login no sistema e assistir ao conte\u00fado de qualquer lugar, a qualquer momento.<\/p>\n<p>\t\t\t\t\t\t\t\t\t\t<img loading=\"lazy\" decoding=\"async\" width=\"300\" height=\"300\" src=\"https:\/\/nailknowledge.org\/wp-content\/uploads\/2020\/10\/Bite-sized-Content.png\" alt=\"\" srcset=\"https:\/\/nailknowledge.org\/wp-content\/uploads\/2020\/10\/Bite-sized-Content.png 301w, https:\/\/nailknowledge.org\/wp-content\/uploads\/2020\/10\/Bite-sized-Content-150x150.png 150w, https:\/\/nailknowledge.org\/wp-content\/uploads\/2020\/10\/Bite-sized-Content-100x100.png 100w\" sizes=\"auto, (max-width: 300px) 100vw, 300px\" \/>\t\t\t\t\t\t\t\t\t\t\t<\/p>\n<h3>Conte\u00fado de tamanho reduzido<\/h3>\n<p style=\"text-align: center;\">Projetamos os cursos do NailKnowledge para que sejam pequenos, com uma li\u00e7\u00e3o m\u00e9dia de 15 minutos.<\/p>\n<p>\t\t\t\t\t\t\t\t\t\t<img loading=\"lazy\" decoding=\"async\" width=\"300\" height=\"300\" src=\"https:\/\/nailknowledge.org\/wp-content\/uploads\/2020\/10\/Multiplatform.png\" alt=\"\" srcset=\"https:\/\/nailknowledge.org\/wp-content\/uploads\/2020\/10\/Multiplatform.png 301w, https:\/\/nailknowledge.org\/wp-content\/uploads\/2020\/10\/Multiplatform-150x150.png 150w, https:\/\/nailknowledge.org\/wp-content\/uploads\/2020\/10\/Multiplatform-100x100.png 100w\" sizes=\"auto, (max-width: 300px) 100vw, 300px\" \/>\t\t\t\t\t\t\t\t\t\t\t<\/p>\n<h3>Multiplataforma<\/h3>\n<p style=\"text-align: center;\">Assista em um tablet, celular ou PC, o NailKnowledge est\u00e1 dispon\u00edvel em todos os dispositivos para que voc\u00ea possa aprender na plataforma que lhe for mais conveniente.\u00a0<\/p>\n<h2>Explore ainda mais nosso Ethos de Treinamento<\/h2>\n<h3>F\u00e1cil de entender<\/h3>\n<p style=\"text-align: center;\">Criamos nossos cursos NailKnowledge para serem acess\u00edveis a todos, com li\u00e7\u00f5es animadas e altamente visuais para ajud\u00e1-lo a entender.\u00a0<\/p>\n<p>\t\t\t<a href=\"https:\/\/nailknowledge.org\/pt\/conhecimento-facil-de-entender-sobre-unhas\/\" role=\"button\"><br \/>\n\t\t\t\t\t\tWhat&#8217;s it like?<br \/>\n\t\t\t\t\t<\/a><\/p>\n<h3>Treinamento orientado por especialistas<\/h3>\n<p style=\"text-align: center;\">Reunimos tr\u00eas especialistas no assunto altamente respeitados e com profundo conhecimento do setor para escrever os cursos do NailKnowledge, que s\u00e3o apresentados por Marian Newman, guru do setor e instrutora premiada.<\/p>\n<p>\t\t\t<a href=\"https:\/\/nailknowledge.org\/pt\/especialistas-em-conhecimento-de-unhas\/\" role=\"button\"><br \/>\n\t\t\t\t\t\tConhe\u00e7a os especialistas<br \/>\n\t\t\t\t\t<\/a><\/p>","protected":false},"excerpt":{"rendered":"<p>Flexible Learning Designed with modern life in mind.\u200b Our Essential Nail Professional Diploma is delivered in 16 bite-sized lessons, that you can watch and enjoy at your own pace, anyplace, anywhere and on any device. Anytime, Anywhere Complete our lessons on a schedule that suits you, with the ability to log on to the system [&hellip;]<\/p>\n","protected":false},"author":2,"featured_media":0,"parent":0,"menu_order":0,"comment_status":"closed","ping_status":"closed","template":"","meta":{"_yoast_wpseo_focuskw":"","_yoast_wpseo_metadesc":"","_genesis_hide_title":false,"_genesis_hide_breadcrumbs":false,"_genesis_hide_singular_image":false,"_genesis_hide_footer_widgets":false,"_genesis_custom_body_class":"","_genesis_custom_post_class":"","_genesis_layout":"","footnotes":""},"class_list":{"0":"post-29406","1":"page","2":"type-page","3":"status-publish","5":"entry"},"yoast_head":"<!-- This site is optimized with the Yoast SEO plugin v27.4 - https:\/\/yoast.com\/product\/yoast-seo-wordpress\/ -->\n<title>Flexible Learning - NailKnowledge<\/title>\n<meta name=\"robots\" content=\"index, follow, max-snippet:-1, max-image-preview:large, max-video-preview:-1\" \/>\n<link rel=\"canonical\" href=\"https:\/\/nailknowledge.org\/pt\/conhecimento-de-unhas-aprendizado-flexivel\/\" \/>\n<meta property=\"og:locale\" content=\"pt_BR\" \/>\n<meta property=\"og:type\" content=\"article\" \/>\n<meta property=\"og:title\" content=\"Flexible Learning - NailKnowledge\" \/>\n<meta property=\"og:description\" content=\"Flexible Learning Designed with modern life in mind.\u200b Our Essential Nail Professional Diploma is delivered in 16 bite-sized lessons, that you can watch and enjoy at your own pace, anyplace, anywhere and on any device. Anytime, Anywhere Complete our lessons on a schedule that suits you, with the ability to log on to the system [&hellip;]\" \/>\n<meta property=\"og:url\" content=\"https:\/\/nailknowledge.org\/pt\/conhecimento-de-unhas-aprendizado-flexivel\/\" \/>\n<meta property=\"og:site_name\" content=\"NailKnowledge\" \/>\n<meta property=\"article:modified_time\" content=\"2020-12-30T13:44:58+00:00\" \/>\n<meta property=\"og:image\" content=\"https:\/\/nailknowledge.org\/wp-content\/uploads\/2023\/03\/image002.jpg\" \/>\n\t<meta property=\"og:image:width\" content=\"545\" \/>\n\t<meta property=\"og:image:height\" content=\"295\" \/>\n\t<meta property=\"og:image:type\" content=\"image\/jpeg\" \/>\n<meta name=\"twitter:card\" content=\"summary_large_image\" \/>\n<meta name=\"twitter:label1\" content=\"Est. tempo de leitura\" \/>\n\t<meta name=\"twitter:data1\" content=\"1 minuto\" \/>\n<script type=\"application\/ld+json\" class=\"yoast-schema-graph\">{\"@context\":\"https:\\\/\\\/schema.org\",\"@graph\":[{\"@type\":\"WebPage\",\"@id\":\"https:\\\/\\\/nailknowledge.org\\\/nail-knowledge-flexible-learning\",\"url\":\"https:\\\/\\\/nailknowledge.org\\\/nail-knowledge-flexible-learning\",\"name\":\"Flexible Learning - NailKnowledge\",\"isPartOf\":{\"@id\":\"https:\\\/\\\/new.nailknowledge.org\\\/#website\"},\"primaryImageOfPage\":{\"@id\":\"https:\\\/\\\/nailknowledge.org\\\/nail-knowledge-flexible-learning#primaryimage\"},\"image\":{\"@id\":\"https:\\\/\\\/nailknowledge.org\\\/nail-knowledge-flexible-learning#primaryimage\"},\"thumbnailUrl\":\"https:\\\/\\\/nailknowledge.org\\\/wp-content\\\/uploads\\\/2020\\\/10\\\/Anywhere-Anytime.png\",\"datePublished\":\"2020-10-21T08:08:36+00:00\",\"dateModified\":\"2020-12-30T13:44:58+00:00\",\"breadcrumb\":{\"@id\":\"https:\\\/\\\/nailknowledge.org\\\/nail-knowledge-flexible-learning#breadcrumb\"},\"inLanguage\":\"pt-BR\",\"potentialAction\":[{\"@type\":\"ReadAction\",\"target\":[\"https:\\\/\\\/nailknowledge.org\\\/nail-knowledge-flexible-learning\"]}]},{\"@type\":\"ImageObject\",\"inLanguage\":\"pt-BR\",\"@id\":\"https:\\\/\\\/nailknowledge.org\\\/nail-knowledge-flexible-learning#primaryimage\",\"url\":\"https:\\\/\\\/nailknowledge.org\\\/wp-content\\\/uploads\\\/2020\\\/10\\\/Anywhere-Anytime.png\",\"contentUrl\":\"https:\\\/\\\/nailknowledge.org\\\/wp-content\\\/uploads\\\/2020\\\/10\\\/Anywhere-Anytime.png\"},{\"@type\":\"BreadcrumbList\",\"@id\":\"https:\\\/\\\/nailknowledge.org\\\/nail-knowledge-flexible-learning#breadcrumb\",\"itemListElement\":[{\"@type\":\"ListItem\",\"position\":1,\"name\":\"Home\",\"item\":\"https:\\\/\\\/nailknowledge.org\\\/\"},{\"@type\":\"ListItem\",\"position\":2,\"name\":\"Flexible Learning\"}]},{\"@type\":\"WebSite\",\"@id\":\"https:\\\/\\\/new.nailknowledge.org\\\/#website\",\"url\":\"https:\\\/\\\/new.nailknowledge.org\\\/\",\"name\":\"NailKnowledge\",\"description\":\"\",\"publisher\":{\"@id\":\"https:\\\/\\\/new.nailknowledge.org\\\/#organization\"},\"potentialAction\":[{\"@type\":\"SearchAction\",\"target\":{\"@type\":\"EntryPoint\",\"urlTemplate\":\"https:\\\/\\\/new.nailknowledge.org\\\/?s={search_term_string}\"},\"query-input\":{\"@type\":\"PropertyValueSpecification\",\"valueRequired\":true,\"valueName\":\"search_term_string\"}}],\"inLanguage\":\"pt-BR\"},{\"@type\":\"Organization\",\"@id\":\"https:\\\/\\\/new.nailknowledge.org\\\/#organization\",\"name\":\"NailKnowledge\",\"url\":\"https:\\\/\\\/new.nailknowledge.org\\\/\",\"logo\":{\"@type\":\"ImageObject\",\"inLanguage\":\"pt-BR\",\"@id\":\"https:\\\/\\\/new.nailknowledge.org\\\/#\\\/schema\\\/logo\\\/image\\\/\",\"url\":\"https:\\\/\\\/nailknowledge.org\\\/wp-content\\\/uploads\\\/2026\\\/03\\\/KN-Logo-1.webp\",\"contentUrl\":\"https:\\\/\\\/nailknowledge.org\\\/wp-content\\\/uploads\\\/2026\\\/03\\\/KN-Logo-1.webp\",\"width\":542,\"height\":100,\"caption\":\"NailKnowledge\"},\"image\":{\"@id\":\"https:\\\/\\\/new.nailknowledge.org\\\/#\\\/schema\\\/logo\\\/image\\\/\"}}]}<\/script>\n<!-- \/ Yoast SEO plugin. -->","yoast_head_json":{"title":"Aprendizagem flex\u00edvel - NailKnowledge","robots":{"index":"index","follow":"follow","max-snippet":"max-snippet:-1","max-image-preview":"max-image-preview:large","max-video-preview":"max-video-preview:-1"},"canonical":"https:\/\/nailknowledge.org\/pt\/conhecimento-de-unhas-aprendizado-flexivel\/","og_locale":"pt_BR","og_type":"article","og_title":"Flexible Learning - NailKnowledge","og_description":"Flexible Learning Designed with modern life in mind.\u200b Our Essential Nail Professional Diploma is delivered in 16 bite-sized lessons, that you can watch and enjoy at your own pace, anyplace, anywhere and on any device. Anytime, Anywhere Complete our lessons on a schedule that suits you, with the ability to log on to the system [&hellip;]","og_url":"https:\/\/nailknowledge.org\/pt\/conhecimento-de-unhas-aprendizado-flexivel\/","og_site_name":"NailKnowledge","article_modified_time":"2020-12-30T13:44:58+00:00","og_image":[{"width":545,"height":295,"url":"https:\/\/nailknowledge.org\/wp-content\/uploads\/2023\/03\/image002.jpg","type":"image\/jpeg"}],"twitter_card":"summary_large_image","twitter_misc":{"Est. tempo de leitura":"1 minuto"},"schema":{"@context":"https:\/\/schema.org","@graph":[{"@type":"WebPage","@id":"https:\/\/nailknowledge.org\/nail-knowledge-flexible-learning","url":"https:\/\/nailknowledge.org\/nail-knowledge-flexible-learning","name":"Aprendizagem flex\u00edvel - NailKnowledge","isPartOf":{"@id":"https:\/\/new.nailknowledge.org\/#website"},"primaryImageOfPage":{"@id":"https:\/\/nailknowledge.org\/nail-knowledge-flexible-learning#primaryimage"},"image":{"@id":"https:\/\/nailknowledge.org\/nail-knowledge-flexible-learning#primaryimage"},"thumbnailUrl":"https:\/\/nailknowledge.org\/wp-content\/uploads\/2020\/10\/Anywhere-Anytime.png","datePublished":"2020-10-21T08:08:36+00:00","dateModified":"2020-12-30T13:44:58+00:00","breadcrumb":{"@id":"https:\/\/nailknowledge.org\/nail-knowledge-flexible-learning#breadcrumb"},"inLanguage":"pt-BR","potentialAction":[{"@type":"ReadAction","target":["https:\/\/nailknowledge.org\/nail-knowledge-flexible-learning"]}]},{"@type":"ImageObject","inLanguage":"pt-BR","@id":"https:\/\/nailknowledge.org\/nail-knowledge-flexible-learning#primaryimage","url":"https:\/\/nailknowledge.org\/wp-content\/uploads\/2020\/10\/Anywhere-Anytime.png","contentUrl":"https:\/\/nailknowledge.org\/wp-content\/uploads\/2020\/10\/Anywhere-Anytime.png"},{"@type":"BreadcrumbList","@id":"https:\/\/nailknowledge.org\/nail-knowledge-flexible-learning#breadcrumb","itemListElement":[{"@type":"ListItem","position":1,"name":"Home","item":"https:\/\/nailknowledge.org\/"},{"@type":"ListItem","position":2,"name":"Flexible Learning"}]},{"@type":"WebSite","@id":"https:\/\/new.nailknowledge.org\/#website","url":"https:\/\/new.nailknowledge.org\/","name":"NailKnowledge","description":"","publisher":{"@id":"https:\/\/new.nailknowledge.org\/#organization"},"potentialAction":[{"@type":"SearchAction","target":{"@type":"EntryPoint","urlTemplate":"https:\/\/new.nailknowledge.org\/?s={search_term_string}"},"query-input":{"@type":"PropertyValueSpecification","valueRequired":true,"valueName":"search_term_string"}}],"inLanguage":"pt-BR"},{"@type":"Organization","@id":"https:\/\/new.nailknowledge.org\/#organization","name":"NailKnowledge","url":"https:\/\/new.nailknowledge.org\/","logo":{"@type":"ImageObject","inLanguage":"pt-BR","@id":"https:\/\/new.nailknowledge.org\/#\/schema\/logo\/image\/","url":"https:\/\/nailknowledge.org\/wp-content\/uploads\/2026\/03\/KN-Logo-1.webp","contentUrl":"https:\/\/nailknowledge.org\/wp-content\/uploads\/2026\/03\/KN-Logo-1.webp","width":542,"height":100,"caption":"NailKnowledge"},"image":{"@id":"https:\/\/new.nailknowledge.org\/#\/schema\/logo\/image\/"}}]}},"_links":{"self":[{"href":"https:\/\/nailknowledge.org\/pt\/wp-json\/wp\/v2\/pages\/29406","targetHints":{"allow":["GET"]}}],"collection":[{"href":"https:\/\/nailknowledge.org\/pt\/wp-json\/wp\/v2\/pages"}],"about":[{"href":"https:\/\/nailknowledge.org\/pt\/wp-json\/wp\/v2\/types\/page"}],"author":[{"embeddable":true,"href":"https:\/\/nailknowledge.org\/pt\/wp-json\/wp\/v2\/users\/2"}],"replies":[{"embeddable":true,"href":"https:\/\/nailknowledge.org\/pt\/wp-json\/wp\/v2\/comments?post=29406"}],"version-history":[{"count":0,"href":"https:\/\/nailknowledge.org\/pt\/wp-json\/wp\/v2\/pages\/29406\/revisions"}],"wp:attachment":[{"href":"https:\/\/nailknowledge.org\/pt\/wp-json\/wp\/v2\/media?parent=29406"}],"curies":[{"name":"wp","href":"https:\/\/api.w.org\/{rel}","templated":true}]}}