{"id":29407,"date":"2020-10-21T08:08:42","date_gmt":"2020-10-21T08:08:42","guid":{"rendered":"https:\/\/nailpedia.org\/?page_id=29407"},"modified":"2026-04-21T10:52:37","modified_gmt":"2026-04-21T10:52:37","slug":"conhecimento-facil-de-entender-sobre-unhas","status":"publish","type":"page","link":"https:\/\/nailknowledge.org\/pt\/easy-to-understand-nail-knowledge","title":{"rendered":"F\u00e1cil de entender"},"content":{"rendered":"<div style=\"height:40px\" aria-hidden=\"true\" class=\"wp-block-spacer\"><\/div>\n\n\n\n<h1 class=\"wp-block-heading has-text-align-center\">F\u00e1cil de entender<\/h1>\n\n\n\n<div style=\"height:40px\" aria-hidden=\"true\" class=\"wp-block-spacer\"><\/div>\n\n\n\n<h3 class=\"wp-block-heading\">Projetado para ser acess\u00edvel a todos, com li\u00e7\u00f5es animadas e altamente visuais para ajud\u00e1-lo a entender.<\/h3>\n\n\n\n<p>Animado, cheio de explora\u00e7\u00f5es em 3D dos assuntos e um estilo de aprendizado altamente visual, projetamos cada li\u00e7\u00e3o para ajud\u00e1-lo a realmente entender os assuntos de Anatomia das Unhas, Qu\u00edmica dos Produtos e Sa\u00fade e Seguran\u00e7a.<\/p>\n\n\n<div class=\"nk-columns alignwide wp-block-nk-columns\">\r\n\t<div class=\"nk-columns__inner\" style=\"gap:20px;margin-top:40px;\">\r\n\t\t\t\t\t\t<div class=\"nk-columns__card\" style=\"border-radius:50px 50px 50px 50px;padding:0px 0px 0px 0px;background-color:#E6DED9;\">\r\n\t\t\t\t\t\t\t<div class=\"nk-columns__image\">\r\n\t\t\t\t\t<img loading=\"eager\" fetchpriority=\"high\" width=\"301\" height=\"301\" src=\"https:\/\/nailknowledge.org\/wp-content\/uploads\/2026\/04\/Visual-Learning-copy.webp\" class=\"attachment-large size-large\" alt=\"\" style=\"max-height:600px;object-fit:contain;\" srcset=\"https:\/\/nailknowledge.org\/wp-content\/uploads\/2026\/04\/Visual-Learning-copy.webp 301w, https:\/\/nailknowledge.org\/wp-content\/uploads\/2026\/04\/Visual-Learning-copy-300x300.webp 300w, https:\/\/nailknowledge.org\/wp-content\/uploads\/2026\/04\/Visual-Learning-copy-150x150.webp 150w, https:\/\/nailknowledge.org\/wp-content\/uploads\/2026\/04\/Visual-Learning-copy-12x12.webp 12w, https:\/\/nailknowledge.org\/wp-content\/uploads\/2026\/04\/Visual-Learning-copy-75x75.webp 75w, https:\/\/nailknowledge.org\/wp-content\/uploads\/2026\/04\/Visual-Learning-copy-100x100.webp 100w\" sizes=\"auto, (max-width: 683px) calc(100vw - 100px), 651px\" decoding=\"async\" \/>\t\t\t\t<\/div>\r\n\t\t\t\r\n\t\t\t\t\t\t<div class=\"nk-columns__content\" style=\"max-width:300px;width:100%;\">\r\n\t\t\t\t\t\t\t\t\t<h3 class=\"nk-columns__title\">Aprendizagem visual<\/h3>\r\n\t\t\t\t\r\n\t\t\t\t\t\t\t\t\t<p class=\"nk-columns__text\">Em mat\u00e9rias como Anatomia e Qu\u00edmica de Produtos, a capacidade de visualizar rea\u00e7\u00f5es qu\u00edmicas ou como a l\u00e2mina ungueal desliza pelo leito ungueal pode transformar sua compreens\u00e3o desses assuntos complexos.\u00a0<\/p>\r\n\t\t\t\t\t\t\t<\/div>\r\n\t\t\t\t\t<\/div>\r\n\t\t\t\t\t\t<div class=\"nk-columns__card\" style=\"border-radius:50px 50px 50px 50px;padding:0px 0px 0px 0px;background-color:#dfbec1;\">\r\n\t\t\t\t\t\t\t<div class=\"nk-columns__image\">\r\n\t\t\t\t\t<img width=\"301\" height=\"301\" src=\"https:\/\/nailknowledge.org\/wp-content\/uploads\/2026\/04\/Complex-made-simple-copy.webp\" class=\"attachment-large size-large\" alt=\"\" style=\"max-height:600px;object-fit:contain;\" srcset=\"https:\/\/nailknowledge.org\/wp-content\/uploads\/2026\/04\/Complex-made-simple-copy.webp 301w, https:\/\/nailknowledge.org\/wp-content\/uploads\/2026\/04\/Complex-made-simple-copy-300x300.webp 300w, https:\/\/nailknowledge.org\/wp-content\/uploads\/2026\/04\/Complex-made-simple-copy-150x150.webp 150w, https:\/\/nailknowledge.org\/wp-content\/uploads\/2026\/04\/Complex-made-simple-copy-12x12.webp 12w, https:\/\/nailknowledge.org\/wp-content\/uploads\/2026\/04\/Complex-made-simple-copy-75x75.webp 75w, https:\/\/nailknowledge.org\/wp-content\/uploads\/2026\/04\/Complex-made-simple-copy-100x100.webp 100w\" sizes=\"auto, (max-width: 683px) calc(100vw - 100px), 651px\" loading=\"lazy\" decoding=\"async\" \/>\t\t\t\t<\/div>\r\n\t\t\t\r\n\t\t\t\t\t\t<div class=\"nk-columns__content\" style=\"max-width:300px;width:100%;\">\r\n\t\t\t\t\t\t\t\t\t<h3 class=\"nk-columns__title\">Complexo tornado simples<\/h3>\r\n\t\t\t\t\r\n\t\t\t\t\t\t\t\t\t<p class=\"nk-columns__text\">Em cada li\u00e7\u00e3o, tentamos traduzir as complexidades da teoria em uma linguagem simples, para tornar esses assuntos t\u00e3o diger\u00edveis e acess\u00edveis quanto poss\u00edvel.\u00a0\u00a0<\/p>\r\n\t\t\t\t\t\t\t<\/div>\r\n\t\t\t\t\t<\/div>\r\n\t\t\t\t\t\t<div class=\"nk-columns__card\" style=\"border-radius:50px 50px 50px 50px;padding:0px 0px 0px 0px;background-color:#9FB7A1;\">\r\n\t\t\t\t\t\t\t<div class=\"nk-columns__image\">\r\n\t\t\t\t\t<img width=\"301\" height=\"301\" src=\"https:\/\/nailknowledge.org\/wp-content\/uploads\/2026\/04\/Interactive-copy.webp\" class=\"attachment-large size-large\" alt=\"\" style=\"max-height:600px;object-fit:contain;\" srcset=\"https:\/\/nailknowledge.org\/wp-content\/uploads\/2026\/04\/Interactive-copy.webp 301w, https:\/\/nailknowledge.org\/wp-content\/uploads\/2026\/04\/Interactive-copy-300x300.webp 300w, https:\/\/nailknowledge.org\/wp-content\/uploads\/2026\/04\/Interactive-copy-150x150.webp 150w, https:\/\/nailknowledge.org\/wp-content\/uploads\/2026\/04\/Interactive-copy-12x12.webp 12w, https:\/\/nailknowledge.org\/wp-content\/uploads\/2026\/04\/Interactive-copy-75x75.webp 75w, https:\/\/nailknowledge.org\/wp-content\/uploads\/2026\/04\/Interactive-copy-100x100.webp 100w\" sizes=\"auto, (max-width: 683px) calc(100vw - 100px), 651px\" loading=\"lazy\" decoding=\"async\" \/>\t\t\t\t<\/div>\r\n\t\t\t\r\n\t\t\t\t\t\t<div class=\"nk-columns__content\" style=\"max-width:300px;width:100%;\">\r\n\t\t\t\t\t\t\t\t\t<h3 class=\"nk-columns__title\">Interativo<\/h3>\r\n\t\t\t\t\r\n\t\t\t\t\t\t\t\t\t<p class=\"nk-columns__text\">Ao longo de cada li\u00e7\u00e3o, h\u00e1 verifica\u00e7\u00f5es interativas de conhecimento para garantir que voc\u00ea entenda os t\u00f3picos e o desafie.\u00a0<\/p>\r\n\t\t\t\t\t\t\t<\/div>\r\n\t\t\t\t\t<\/div>\r\n\t\t\t<\/div>\r\n<\/div>\r\n\n\n\n<div style=\"height:40px\" aria-hidden=\"true\" class=\"wp-block-spacer\"><\/div>\n\n\n\n<h2 class=\"wp-block-heading has-text-align-center\">Explore ainda mais nosso Ethos de Treinamento<\/h2>\n\n\n\n<div style=\"height:40px\" aria-hidden=\"true\" class=\"wp-block-spacer\"><\/div>\n\n\n\n<h3 class=\"wp-block-heading has-text-align-center\">Aprendizagem flex\u00edvel<\/h3>\n\n\n\n<p class=\"has-text-align-center\">Sabemos como a vida \u00e9 agitada e a dificuldade de encontrar tempo para se concentrar em recursos de aprendizagem, por isso tamb\u00e9m projetamos nossos recursos para serem consumidos quando e onde for melhor para voc\u00ea.<\/p>\n\n\n\n<div class=\"wp-block-buttons is-content-justification-center is-layout-flex wp-container-core-buttons-is-layout-16018d1d wp-block-buttons-is-layout-flex\">\n<div class=\"wp-block-button is-style-cta-pill-colourful\"><a class=\"wp-block-button__link wp-element-button\" href=\"https:\/\/nailknowledge.org\/pt\/conhecimento-de-unhas-aprendizado-flexivel\/\">Conte-me mais<\/a><\/div>\n<\/div>\n\n\n\n<div style=\"height:40px\" aria-hidden=\"true\" class=\"wp-block-spacer\"><\/div>\n\n\n\n<h3 class=\"wp-block-heading has-text-align-center\">Treinamento orientado por especialistas<\/h3>\n\n\n\n<p class=\"has-text-align-center\">Reunimos tr\u00eas especialistas no assunto altamente respeitados e com profundo conhecimento do setor para escrever os cursos do NailKnowledge, que s\u00e3o apresentados por Marian Newman, guru do setor e instrutora premiada.<\/p>\n\n\n\n<div class=\"wp-block-buttons is-content-justification-center is-layout-flex wp-container-core-buttons-is-layout-16018d1d wp-block-buttons-is-layout-flex\">\n<div class=\"wp-block-button is-style-cta-pill-colourful\"><a class=\"wp-block-button__link wp-element-button\" href=\"https:\/\/nailknowledge.org\/pt\/especialistas-em-conhecimento-de-unhas\/\">Conhe\u00e7a os especialistas<\/a><\/div>\n<\/div>","protected":false},"excerpt":{"rendered":"<p>Easy to Understand Designed to be accessible for everyone, with animated and highly visual lessons to help you understand. Animated, full of 3D explorations of the subjects and a highly visual style of learning, we have designed each lesson to help you really understand the subjects of Nail Anatomy, Product Chemistry, and Health and Safety. [&hellip;]<\/p>\n","protected":false},"author":2,"featured_media":0,"parent":0,"menu_order":0,"comment_status":"closed","ping_status":"closed","template":"","meta":{"_yoast_wpseo_focuskw":"","_yoast_wpseo_metadesc":"","_genesis_hide_title":false,"_genesis_hide_breadcrumbs":false,"_genesis_hide_singular_image":false,"_genesis_hide_footer_widgets":false,"_genesis_custom_body_class":"","_genesis_custom_post_class":"","_genesis_layout":"","footnotes":""},"class_list":{"0":"post-29407","1":"page","2":"type-page","3":"status-publish","5":"entry"},"yoast_head":"<!-- This site is optimized with the Yoast SEO plugin v27.5 - https:\/\/yoast.com\/product\/yoast-seo-wordpress\/ -->\n<title>Easy to Understand - NailKnowledge<\/title>\n<meta name=\"robots\" content=\"index, follow, max-snippet:-1, max-image-preview:large, max-video-preview:-1\" \/>\n<link rel=\"canonical\" href=\"https:\/\/nailknowledge.org\/pt\/conhecimento-facil-de-entender-sobre-unhas\/\" \/>\n<meta property=\"og:locale\" content=\"pt_BR\" \/>\n<meta property=\"og:type\" content=\"article\" \/>\n<meta property=\"og:title\" content=\"Easy to Understand - NailKnowledge\" \/>\n<meta property=\"og:description\" content=\"Easy to Understand Designed to be accessible for everyone, with animated and highly visual lessons to help you understand. Animated, full of 3D explorations of the subjects and a highly visual style of learning, we have designed each lesson to help you really understand the subjects of Nail Anatomy, Product Chemistry, and Health and Safety. [&hellip;]\" \/>\n<meta property=\"og:url\" content=\"https:\/\/nailknowledge.org\/pt\/conhecimento-facil-de-entender-sobre-unhas\/\" \/>\n<meta property=\"og:site_name\" content=\"NailKnowledge\" \/>\n<meta property=\"article:modified_time\" content=\"2026-04-21T10:52:37+00:00\" \/>\n<meta name=\"twitter:card\" content=\"summary_large_image\" \/>\n<meta name=\"twitter:label1\" content=\"Est. tempo de leitura\" \/>\n\t<meta name=\"twitter:data1\" content=\"1 minuto\" \/>\n<script type=\"application\/ld+json\" class=\"yoast-schema-graph\">{\"@context\":\"https:\\\/\\\/schema.org\",\"@graph\":[{\"@type\":\"WebPage\",\"@id\":\"https:\\\/\\\/nailknowledge.org\\\/easy-to-understand-nail-knowledge\",\"url\":\"https:\\\/\\\/nailknowledge.org\\\/easy-to-understand-nail-knowledge\",\"name\":\"Easy to Understand - NailKnowledge\",\"isPartOf\":{\"@id\":\"https:\\\/\\\/new.nailknowledge.org\\\/#website\"},\"datePublished\":\"2020-10-21T08:08:42+00:00\",\"dateModified\":\"2026-04-21T10:52:37+00:00\",\"breadcrumb\":{\"@id\":\"https:\\\/\\\/nailknowledge.org\\\/easy-to-understand-nail-knowledge#breadcrumb\"},\"inLanguage\":\"pt-BR\",\"potentialAction\":[{\"@type\":\"ReadAction\",\"target\":[\"https:\\\/\\\/nailknowledge.org\\\/easy-to-understand-nail-knowledge\"]}]},{\"@type\":\"BreadcrumbList\",\"@id\":\"https:\\\/\\\/nailknowledge.org\\\/easy-to-understand-nail-knowledge#breadcrumb\",\"itemListElement\":[{\"@type\":\"ListItem\",\"position\":1,\"name\":\"Home\",\"item\":\"https:\\\/\\\/nailknowledge.org\\\/\"},{\"@type\":\"ListItem\",\"position\":2,\"name\":\"Easy to Understand\"}]},{\"@type\":\"WebSite\",\"@id\":\"https:\\\/\\\/new.nailknowledge.org\\\/#website\",\"url\":\"https:\\\/\\\/new.nailknowledge.org\\\/\",\"name\":\"NailKnowledge\",\"description\":\"\",\"publisher\":{\"@id\":\"https:\\\/\\\/new.nailknowledge.org\\\/#organization\"},\"potentialAction\":[{\"@type\":\"SearchAction\",\"target\":{\"@type\":\"EntryPoint\",\"urlTemplate\":\"https:\\\/\\\/new.nailknowledge.org\\\/?s={search_term_string}\"},\"query-input\":{\"@type\":\"PropertyValueSpecification\",\"valueRequired\":true,\"valueName\":\"search_term_string\"}}],\"inLanguage\":\"pt-BR\"},{\"@type\":\"Organization\",\"@id\":\"https:\\\/\\\/new.nailknowledge.org\\\/#organization\",\"name\":\"NailKnowledge\",\"url\":\"https:\\\/\\\/new.nailknowledge.org\\\/\",\"logo\":{\"@type\":\"ImageObject\",\"inLanguage\":\"pt-BR\",\"@id\":\"https:\\\/\\\/new.nailknowledge.org\\\/#\\\/schema\\\/logo\\\/image\\\/\",\"url\":\"https:\\\/\\\/nailknowledge.org\\\/wp-content\\\/uploads\\\/2026\\\/03\\\/KN-Logo-1.webp\",\"contentUrl\":\"https:\\\/\\\/nailknowledge.org\\\/wp-content\\\/uploads\\\/2026\\\/03\\\/KN-Logo-1.webp\",\"width\":542,\"height\":100,\"caption\":\"NailKnowledge\"},\"image\":{\"@id\":\"https:\\\/\\\/new.nailknowledge.org\\\/#\\\/schema\\\/logo\\\/image\\\/\"}}]}<\/script>\n<!-- \/ Yoast SEO plugin. -->","yoast_head_json":{"title":"F\u00e1cil de entender - NailKnowledge","robots":{"index":"index","follow":"follow","max-snippet":"max-snippet:-1","max-image-preview":"max-image-preview:large","max-video-preview":"max-video-preview:-1"},"canonical":"https:\/\/nailknowledge.org\/pt\/conhecimento-facil-de-entender-sobre-unhas\/","og_locale":"pt_BR","og_type":"article","og_title":"Easy to Understand - NailKnowledge","og_description":"Easy to Understand Designed to be accessible for everyone, with animated and highly visual lessons to help you understand. Animated, full of 3D explorations of the subjects and a highly visual style of learning, we have designed each lesson to help you really understand the subjects of Nail Anatomy, Product Chemistry, and Health and Safety. [&hellip;]","og_url":"https:\/\/nailknowledge.org\/pt\/conhecimento-facil-de-entender-sobre-unhas\/","og_site_name":"NailKnowledge","article_modified_time":"2026-04-21T10:52:37+00:00","twitter_card":"summary_large_image","twitter_misc":{"Est. tempo de leitura":"1 minuto"},"schema":{"@context":"https:\/\/schema.org","@graph":[{"@type":"WebPage","@id":"https:\/\/nailknowledge.org\/easy-to-understand-nail-knowledge","url":"https:\/\/nailknowledge.org\/easy-to-understand-nail-knowledge","name":"F\u00e1cil de entender - NailKnowledge","isPartOf":{"@id":"https:\/\/new.nailknowledge.org\/#website"},"datePublished":"2020-10-21T08:08:42+00:00","dateModified":"2026-04-21T10:52:37+00:00","breadcrumb":{"@id":"https:\/\/nailknowledge.org\/easy-to-understand-nail-knowledge#breadcrumb"},"inLanguage":"pt-BR","potentialAction":[{"@type":"ReadAction","target":["https:\/\/nailknowledge.org\/easy-to-understand-nail-knowledge"]}]},{"@type":"BreadcrumbList","@id":"https:\/\/nailknowledge.org\/easy-to-understand-nail-knowledge#breadcrumb","itemListElement":[{"@type":"ListItem","position":1,"name":"Home","item":"https:\/\/nailknowledge.org\/"},{"@type":"ListItem","position":2,"name":"Easy to Understand"}]},{"@type":"WebSite","@id":"https:\/\/new.nailknowledge.org\/#website","url":"https:\/\/new.nailknowledge.org\/","name":"NailKnowledge","description":"","publisher":{"@id":"https:\/\/new.nailknowledge.org\/#organization"},"potentialAction":[{"@type":"SearchAction","target":{"@type":"EntryPoint","urlTemplate":"https:\/\/new.nailknowledge.org\/?s={search_term_string}"},"query-input":{"@type":"PropertyValueSpecification","valueRequired":true,"valueName":"search_term_string"}}],"inLanguage":"pt-BR"},{"@type":"Organization","@id":"https:\/\/new.nailknowledge.org\/#organization","name":"NailKnowledge","url":"https:\/\/new.nailknowledge.org\/","logo":{"@type":"ImageObject","inLanguage":"pt-BR","@id":"https:\/\/new.nailknowledge.org\/#\/schema\/logo\/image\/","url":"https:\/\/nailknowledge.org\/wp-content\/uploads\/2026\/03\/KN-Logo-1.webp","contentUrl":"https:\/\/nailknowledge.org\/wp-content\/uploads\/2026\/03\/KN-Logo-1.webp","width":542,"height":100,"caption":"NailKnowledge"},"image":{"@id":"https:\/\/new.nailknowledge.org\/#\/schema\/logo\/image\/"}}]}},"_links":{"self":[{"href":"https:\/\/nailknowledge.org\/pt\/wp-json\/wp\/v2\/pages\/29407","targetHints":{"allow":["GET"]}}],"collection":[{"href":"https:\/\/nailknowledge.org\/pt\/wp-json\/wp\/v2\/pages"}],"about":[{"href":"https:\/\/nailknowledge.org\/pt\/wp-json\/wp\/v2\/types\/page"}],"author":[{"embeddable":true,"href":"https:\/\/nailknowledge.org\/pt\/wp-json\/wp\/v2\/users\/2"}],"replies":[{"embeddable":true,"href":"https:\/\/nailknowledge.org\/pt\/wp-json\/wp\/v2\/comments?post=29407"}],"version-history":[{"count":2,"href":"https:\/\/nailknowledge.org\/pt\/wp-json\/wp\/v2\/pages\/29407\/revisions"}],"predecessor-version":[{"id":168712,"href":"https:\/\/nailknowledge.org\/pt\/wp-json\/wp\/v2\/pages\/29407\/revisions\/168712"}],"wp:attachment":[{"href":"https:\/\/nailknowledge.org\/pt\/wp-json\/wp\/v2\/media?parent=29407"}],"curies":[{"name":"wp","href":"https:\/\/api.w.org\/{rel}","templated":true}]}}