{"id":29594,"date":"2020-10-27T21:46:50","date_gmt":"2020-10-27T21:46:50","guid":{"rendered":"https:\/\/nailpedia.org\/?page_id=29594"},"modified":"2025-10-27T17:48:14","modified_gmt":"2025-10-27T17:48:14","slug":"politica-de-cookies","status":"publish","type":"page","link":"https:\/\/nailknowledge.org\/pt\/cookie-policy","title":{"rendered":"Pol\u00edtica de cookies"},"content":{"rendered":"<div class=\"wp-block-group container-max-width-1200\"><div class=\"wp-block-group__inner-container is-layout-constrained wp-block-group-is-layout-constrained\">\n<h2 class=\"wp-block-heading\">Pol\u00edtica de cookies<\/h2>\n\n\n\n<p>Esta Pol\u00edtica de Cookies explica como a NailKnowledge utiliza cookies e tecnologias semelhantes para reconhec\u00ea-lo quando voc\u00ea visita o nosso Site. Ela explica o que s\u00e3o essas tecnologias e por que as usamos, bem como seus direitos de controlar o uso que fazemos delas.<\/p>\n\n\n\n<p><b>O que s\u00e3o cookies?<\/b><\/p>\n\n\n\n<p>Um cookie \u00e9 um pequeno arquivo contendo uma cadeia de caracteres que \u00e9 enviado ao seu computador quando voc\u00ea visita um site. Quando voc\u00ea visita o site novamente, o cookie permite que o site reconhe\u00e7a seu navegador. Os cookies podem armazenar as prefer\u00eancias do usu\u00e1rio e outras informa\u00e7\u00f5es.<br>Os cookies fornecem um recurso conveniente para economizar seu tempo ou informar ao servidor da Web que voc\u00ea retornou a uma p\u00e1gina espec\u00edfica. Por exemplo, se voc\u00ea personalizar p\u00e1ginas em nossos sites ou se registrar no Servi\u00e7o de assinatura, um cookie nos ajudar\u00e1 a recuperar suas informa\u00e7\u00f5es espec\u00edficas em visitas posteriores. Quando voc\u00ea retorna ao mesmo site, as informa\u00e7\u00f5es fornecidas anteriormente podem ser recuperadas, para que voc\u00ea possa usar facilmente os recursos personalizados.<br>Os cookies definidos pelo propriet\u00e1rio do site s\u00e3o chamados de \"cookies prim\u00e1rios\". Os cookies definidos por outras partes que n\u00e3o o propriet\u00e1rio do site s\u00e3o chamados de \"cookies de terceiros\". Os cookies de terceiros permitem que recursos ou funcionalidades de terceiros sejam fornecidos no site ou por meio dele (por exemplo, como publicidade, conte\u00fado interativo e an\u00e1lises). As partes que definem esses cookies de terceiros podem reconhecer seu computador quando ele visita o site em quest\u00e3o e tamb\u00e9m quando visita outros sites.<\/p>\n\n\n\n<p><b>Por que usamos cookies?<\/b><\/p>\n\n\n\n<p>Usamos cookies pr\u00f3prios e de terceiros por v\u00e1rios motivos. Alguns cookies s\u00e3o necess\u00e1rios por motivos t\u00e9cnicos para que nossos sites funcionem, e nos referimos a eles como cookies \"essenciais\" ou \"estritamente necess\u00e1rios\". Outros cookies tamb\u00e9m nos permitem rastrear e direcionar os interesses de nossos usu\u00e1rios para aprimorar a experi\u00eancia em nossos sites e no Servi\u00e7o de Assinatura. Por exemplo, acompanhamos os sites e as p\u00e1ginas que voc\u00ea visita no klood.com para determinar qual parte do site \u00e9 a mais popular ou mais usada. Esses dados s\u00e3o usados para fornecer conte\u00fado e promo\u00e7\u00f5es personalizados dentro do site para visitantes cujo comportamento indica que eles est\u00e3o interessados em uma \u00e1rea de assunto espec\u00edfica. Terceiros utilizam cookies em nossos sites para fins de publicidade, an\u00e1lise e outros. Isso \u00e9 descrito em mais detalhes abaixo.<br>Que tipos de cookies usamos e como os usamos?<br>Os tipos espec\u00edficos de cookies pr\u00f3prios e de terceiros utilizados em nossos sites e as finalidades que eles desempenham incluem:<br>Cookies essenciais do site: Esses cookies s\u00e3o estritamente necess\u00e1rios para fornecer a voc\u00ea os servi\u00e7os dispon\u00edveis em nossos sites, Servi\u00e7o de Assinatura e Aplicativos M\u00f3veis e para usar alguns de seus recursos, como acesso a \u00e1reas seguras.<br>Cookies de desempenho e funcionalidade: Esses cookies s\u00e3o usados para melhorar o desempenho e a funcionalidade de nossos sites, Servi\u00e7o de Assinatura e Aplicativos M\u00f3veis, mas n\u00e3o s\u00e3o essenciais para seu uso. Entretanto, sem esses cookies, determinadas funcionalidades podem ficar indispon\u00edveis.<br>Cookies anal\u00edticos e de personaliza\u00e7\u00e3o: Esses cookies coletam informa\u00e7\u00f5es que s\u00e3o usadas de forma agregada para nos ajudar a entender como os nossos sites, o Servi\u00e7o de Assinatura e os Aplicativos M\u00f3veis est\u00e3o sendo usados ou a efic\u00e1cia de nossas campanhas de marketing, ou para nos ajudar a personalizar nossos sites para voc\u00ea.<br>Cookies de publicidade: Esses cookies s\u00e3o usados para tornar as mensagens publicit\u00e1rias mais relevantes para voc\u00ea. Eles executam fun\u00e7\u00f5es como evitar que o mesmo an\u00fancio reapare\u00e7a continuamente, garantindo que os an\u00fancios sejam exibidos corretamente para os anunciantes e, em alguns casos, selecionando an\u00fancios com base em seus interesses.<br>Cookies de redes sociais: Esses cookies s\u00e3o usados para permitir que voc\u00ea compartilhe p\u00e1ginas e conte\u00fados que considera interessantes em nossos sites, Servi\u00e7o de Assinatura ou Aplicativos M\u00f3veis por meio de redes sociais de terceiros e outros sites. Esses cookies tamb\u00e9m podem ser usados para fins de publicidade.<\/p>\n\n\n\n<p><b style=\"font-style: inherit;\">Como posso controlar os cookies?<\/b><\/p>\n\n\n\n<p>Voc\u00ea tem o direito de decidir se aceita ou rejeita cookies. Voc\u00ea pode exercer suas prefer\u00eancias de cookies clicando nos links de desativa\u00e7\u00e3o apropriados fornecidos abaixo.<br>Voc\u00ea pode definir ou alterar os controles do seu navegador da Web para aceitar ou recusar cookies. Se optar por rejeitar cookies, ainda poder\u00e1 usar nosso site, embora seu acesso a algumas funcionalidades e \u00e1reas do nosso site possa ser restrito. Como os meios pelos quais voc\u00ea pode recusar cookies por meio dos controles do seu navegador da Web variam de navegador para navegador, consulte o menu de ajuda do seu navegador para obter mais informa\u00e7\u00f5es.<br>Al\u00e9m disso, a maioria das redes de publicidade oferece uma maneira de desativar a publicidade direcionada. Se quiser obter mais informa\u00e7\u00f5es, visite http:\/\/www.aboutads.info\/choices\/ ou http:\/\/www.youronlinechoices.com. Voc\u00ea pode optar por n\u00e3o participar clicando aqui: http:\/\/preferences.truste.com\/ (ou, se estiver localizado na Uni\u00e3o Europeia, clicando aqui: http:\/\/www.youronlinechoices.eu\/). Observe que isso n\u00e3o o impede de receber publicidade. Voc\u00ea continuar\u00e1 a receber an\u00fancios gen\u00e9ricos.<br>Cookies essenciais do site: Como esses cookies s\u00e3o estritamente necess\u00e1rios para fornecer os sites ao usu\u00e1rio, n\u00e3o \u00e9 poss\u00edvel recus\u00e1-los. No entanto, voc\u00ea pode bloque\u00e1-los ou exclu\u00ed-los alterando as configura\u00e7\u00f5es do seu navegador, conforme descrito acima.<\/p>\n\n\n\n<p><b>Voc\u00ea veicula publicidade direcionada?<\/b><\/p>\n\n\n\n<p>Terceiros podem instalar cookies em seu computador ou dispositivo m\u00f3vel para veicular publicidade em nossos sites. Essas empresas podem usar informa\u00e7\u00f5es sobre suas visitas a este e a outros sites para fornecer an\u00fancios relevantes sobre produtos e servi\u00e7os nos quais voc\u00ea possa estar interessado. Elas tamb\u00e9m podem empregar tecnologia que \u00e9 usada para medir a efic\u00e1cia dos an\u00fancios. Isso pode ser feito por meio do uso de cookies ou web beacons para coletar informa\u00e7\u00f5es sobre suas visitas a este e a outros sites, a fim de fornecer an\u00fancios relevantes sobre produtos e servi\u00e7os de seu poss\u00edvel interesse. As informa\u00e7\u00f5es coletadas por meio desse processo n\u00e3o permitem que n\u00f3s ou eles identifiquem seu nome, detalhes de contato ou outros detalhes de identifica\u00e7\u00e3o pessoal, a menos que voc\u00ea opte por fornec\u00ea-los.<\/p>\n\n\n\n<p><b>Com que frequ\u00eancia voc\u00eas atualizar\u00e3o esta Pol\u00edtica de Cookies?<\/b><\/p>\n\n\n\n<p>Podemos atualizar esta Pol\u00edtica de Cookies de tempos em tempos para refletir, por exemplo, altera\u00e7\u00f5es nos cookies que usamos ou por outros motivos operacionais, legais ou regulat\u00f3rios. Portanto, consulte esta Pol\u00edtica de Cookies regularmente para manter-se informado sobre o uso de cookies e tecnologias relacionadas.<\/p>\n\n\n\n<p><b>Onde posso obter mais informa\u00e7\u00f5es?<\/b><\/p>\n\n\n\n<p>Se tiver alguma d\u00favida sobre o uso de cookies ou outras tecnologias, envie um e-mail para info@nailknowledge.org<\/p>\n<\/div><\/div>","protected":false},"excerpt":{"rendered":"<p>Cookie Policy This Cookie Policy explains how NailKnowledge uses cookies and similar technologies to recognise you when you visit our Website. It explains what these technologies are and why we use them, as well as your rights to control our use of them. What are cookies? A cookie is a small file containing a string [&hellip;]<\/p>\n","protected":false},"author":2,"featured_media":0,"parent":0,"menu_order":0,"comment_status":"closed","ping_status":"closed","template":"","meta":{"_yoast_wpseo_focuskw":"","_yoast_wpseo_metadesc":"","_genesis_hide_title":false,"_genesis_hide_breadcrumbs":false,"_genesis_hide_singular_image":false,"_genesis_hide_footer_widgets":false,"_genesis_custom_body_class":"","_genesis_custom_post_class":"","_genesis_layout":"","footnotes":""},"class_list":{"0":"post-29594","1":"page","2":"type-page","3":"status-publish","5":"entry"},"yoast_head":"<!-- This site is optimized with the Yoast SEO plugin v27.4 - https:\/\/yoast.com\/product\/yoast-seo-wordpress\/ -->\n<title>Cookie Policy - NailKnowledge<\/title>\n<meta name=\"robots\" content=\"index, follow, max-snippet:-1, max-image-preview:large, max-video-preview:-1\" \/>\n<link rel=\"canonical\" href=\"https:\/\/nailknowledge.org\/pt\/politica-de-cookies\/\" \/>\n<meta property=\"og:locale\" content=\"pt_BR\" \/>\n<meta property=\"og:type\" content=\"article\" \/>\n<meta property=\"og:title\" content=\"Cookie Policy - NailKnowledge\" \/>\n<meta property=\"og:description\" content=\"Cookie Policy This Cookie Policy explains how NailKnowledge uses cookies and similar technologies to recognise you when you visit our Website. It explains what these technologies are and why we use them, as well as your rights to control our use of them. What are cookies? A cookie is a small file containing a string [&hellip;]\" \/>\n<meta property=\"og:url\" content=\"https:\/\/nailknowledge.org\/pt\/politica-de-cookies\/\" \/>\n<meta property=\"og:site_name\" content=\"NailKnowledge\" \/>\n<meta property=\"article:modified_time\" content=\"2025-10-27T17:48:14+00:00\" \/>\n<meta name=\"twitter:card\" content=\"summary_large_image\" \/>\n<meta name=\"twitter:label1\" content=\"Est. tempo de leitura\" \/>\n\t<meta name=\"twitter:data1\" content=\"5 minutos\" \/>\n<script type=\"application\/ld+json\" class=\"yoast-schema-graph\">{\"@context\":\"https:\\\/\\\/schema.org\",\"@graph\":[{\"@type\":\"WebPage\",\"@id\":\"https:\\\/\\\/nailknowledge.org\\\/cookie-policy\",\"url\":\"https:\\\/\\\/nailknowledge.org\\\/cookie-policy\",\"name\":\"Cookie Policy - NailKnowledge\",\"isPartOf\":{\"@id\":\"https:\\\/\\\/new.nailknowledge.org\\\/#website\"},\"datePublished\":\"2020-10-27T21:46:50+00:00\",\"dateModified\":\"2025-10-27T17:48:14+00:00\",\"breadcrumb\":{\"@id\":\"https:\\\/\\\/nailknowledge.org\\\/cookie-policy#breadcrumb\"},\"inLanguage\":\"pt-BR\",\"potentialAction\":[{\"@type\":\"ReadAction\",\"target\":[\"https:\\\/\\\/nailknowledge.org\\\/cookie-policy\"]}]},{\"@type\":\"BreadcrumbList\",\"@id\":\"https:\\\/\\\/nailknowledge.org\\\/cookie-policy#breadcrumb\",\"itemListElement\":[{\"@type\":\"ListItem\",\"position\":1,\"name\":\"Home\",\"item\":\"https:\\\/\\\/nailknowledge.org\\\/\"},{\"@type\":\"ListItem\",\"position\":2,\"name\":\"Cookie Policy\"}]},{\"@type\":\"WebSite\",\"@id\":\"https:\\\/\\\/new.nailknowledge.org\\\/#website\",\"url\":\"https:\\\/\\\/new.nailknowledge.org\\\/\",\"name\":\"NailKnowledge\",\"description\":\"\",\"publisher\":{\"@id\":\"https:\\\/\\\/new.nailknowledge.org\\\/#organization\"},\"potentialAction\":[{\"@type\":\"SearchAction\",\"target\":{\"@type\":\"EntryPoint\",\"urlTemplate\":\"https:\\\/\\\/new.nailknowledge.org\\\/?s={search_term_string}\"},\"query-input\":{\"@type\":\"PropertyValueSpecification\",\"valueRequired\":true,\"valueName\":\"search_term_string\"}}],\"inLanguage\":\"pt-BR\"},{\"@type\":\"Organization\",\"@id\":\"https:\\\/\\\/new.nailknowledge.org\\\/#organization\",\"name\":\"NailKnowledge\",\"url\":\"https:\\\/\\\/new.nailknowledge.org\\\/\",\"logo\":{\"@type\":\"ImageObject\",\"inLanguage\":\"pt-BR\",\"@id\":\"https:\\\/\\\/new.nailknowledge.org\\\/#\\\/schema\\\/logo\\\/image\\\/\",\"url\":\"https:\\\/\\\/nailknowledge.org\\\/wp-content\\\/uploads\\\/2026\\\/03\\\/KN-Logo-1.webp\",\"contentUrl\":\"https:\\\/\\\/nailknowledge.org\\\/wp-content\\\/uploads\\\/2026\\\/03\\\/KN-Logo-1.webp\",\"width\":542,\"height\":100,\"caption\":\"NailKnowledge\"},\"image\":{\"@id\":\"https:\\\/\\\/new.nailknowledge.org\\\/#\\\/schema\\\/logo\\\/image\\\/\"}}]}<\/script>\n<!-- \/ Yoast SEO plugin. -->","yoast_head_json":{"title":"Pol\u00edtica de cookies - NailKnowledge","robots":{"index":"index","follow":"follow","max-snippet":"max-snippet:-1","max-image-preview":"max-image-preview:large","max-video-preview":"max-video-preview:-1"},"canonical":"https:\/\/nailknowledge.org\/pt\/politica-de-cookies\/","og_locale":"pt_BR","og_type":"article","og_title":"Cookie Policy - NailKnowledge","og_description":"Cookie Policy This Cookie Policy explains how NailKnowledge uses cookies and similar technologies to recognise you when you visit our Website. It explains what these technologies are and why we use them, as well as your rights to control our use of them. What are cookies? A cookie is a small file containing a string [&hellip;]","og_url":"https:\/\/nailknowledge.org\/pt\/politica-de-cookies\/","og_site_name":"NailKnowledge","article_modified_time":"2025-10-27T17:48:14+00:00","twitter_card":"summary_large_image","twitter_misc":{"Est. tempo de leitura":"5 minutos"},"schema":{"@context":"https:\/\/schema.org","@graph":[{"@type":"WebPage","@id":"https:\/\/nailknowledge.org\/cookie-policy","url":"https:\/\/nailknowledge.org\/cookie-policy","name":"Pol\u00edtica de cookies - NailKnowledge","isPartOf":{"@id":"https:\/\/new.nailknowledge.org\/#website"},"datePublished":"2020-10-27T21:46:50+00:00","dateModified":"2025-10-27T17:48:14+00:00","breadcrumb":{"@id":"https:\/\/nailknowledge.org\/cookie-policy#breadcrumb"},"inLanguage":"pt-BR","potentialAction":[{"@type":"ReadAction","target":["https:\/\/nailknowledge.org\/cookie-policy"]}]},{"@type":"BreadcrumbList","@id":"https:\/\/nailknowledge.org\/cookie-policy#breadcrumb","itemListElement":[{"@type":"ListItem","position":1,"name":"Home","item":"https:\/\/nailknowledge.org\/"},{"@type":"ListItem","position":2,"name":"Cookie Policy"}]},{"@type":"WebSite","@id":"https:\/\/new.nailknowledge.org\/#website","url":"https:\/\/new.nailknowledge.org\/","name":"NailKnowledge","description":"","publisher":{"@id":"https:\/\/new.nailknowledge.org\/#organization"},"potentialAction":[{"@type":"SearchAction","target":{"@type":"EntryPoint","urlTemplate":"https:\/\/new.nailknowledge.org\/?s={search_term_string}"},"query-input":{"@type":"PropertyValueSpecification","valueRequired":true,"valueName":"search_term_string"}}],"inLanguage":"pt-BR"},{"@type":"Organization","@id":"https:\/\/new.nailknowledge.org\/#organization","name":"NailKnowledge","url":"https:\/\/new.nailknowledge.org\/","logo":{"@type":"ImageObject","inLanguage":"pt-BR","@id":"https:\/\/new.nailknowledge.org\/#\/schema\/logo\/image\/","url":"https:\/\/nailknowledge.org\/wp-content\/uploads\/2026\/03\/KN-Logo-1.webp","contentUrl":"https:\/\/nailknowledge.org\/wp-content\/uploads\/2026\/03\/KN-Logo-1.webp","width":542,"height":100,"caption":"NailKnowledge"},"image":{"@id":"https:\/\/new.nailknowledge.org\/#\/schema\/logo\/image\/"}}]}},"_links":{"self":[{"href":"https:\/\/nailknowledge.org\/pt\/wp-json\/wp\/v2\/pages\/29594","targetHints":{"allow":["GET"]}}],"collection":[{"href":"https:\/\/nailknowledge.org\/pt\/wp-json\/wp\/v2\/pages"}],"about":[{"href":"https:\/\/nailknowledge.org\/pt\/wp-json\/wp\/v2\/types\/page"}],"author":[{"embeddable":true,"href":"https:\/\/nailknowledge.org\/pt\/wp-json\/wp\/v2\/users\/2"}],"replies":[{"embeddable":true,"href":"https:\/\/nailknowledge.org\/pt\/wp-json\/wp\/v2\/comments?post=29594"}],"version-history":[{"count":2,"href":"https:\/\/nailknowledge.org\/pt\/wp-json\/wp\/v2\/pages\/29594\/revisions"}],"predecessor-version":[{"id":148110,"href":"https:\/\/nailknowledge.org\/pt\/wp-json\/wp\/v2\/pages\/29594\/revisions\/148110"}],"wp:attachment":[{"href":"https:\/\/nailknowledge.org\/pt\/wp-json\/wp\/v2\/media?parent=29594"}],"curies":[{"name":"wp","href":"https:\/\/api.w.org\/{rel}","templated":true}]}}