{"id":29601,"date":"2020-10-27T21:53:45","date_gmt":"2020-10-27T21:53:45","guid":{"rendered":"https:\/\/nailpedia.org\/?page_id=29601"},"modified":"2024-01-23T18:42:17","modified_gmt":"2024-01-23T18:42:17","slug":"especialista-em-conhecimento-de-unhas-marian-newman","status":"publish","type":"page","link":"https:\/\/nailknowledge.org\/pt\/nailknowledge-expert-marian-newman","title":{"rendered":"Marian Newman"},"content":{"rendered":"<div style=\"height:39px\" aria-hidden=\"true\" class=\"wp-block-spacer\"><\/div>\n\n\n\n<h1 class=\"wp-block-heading has-text-align-center\">Marian Newman, BEM<\/h1>\n\n\n\n<h3 class=\"wp-block-heading has-text-align-center\">Especialista em unhas, autora e educadora<\/h3>\n\n\n\n<div style=\"height:39px\" aria-hidden=\"true\" class=\"wp-block-spacer\"><\/div>\n\n\n\n<div class=\"wp-block-group\"><div class=\"wp-block-group__inner-container is-layout-constrained wp-block-group-is-layout-constrained\">\n<div class=\"wp-block-group mx-auto container-max-width-1200\"><div class=\"wp-block-group__inner-container is-layout-constrained wp-block-group-is-layout-constrained\"><div class=\"wp-block-image\">\n<figure class=\"alignleft size-woocommerce_single is-resized\"><img loading=\"eager\" fetchpriority=\"high\" decoding=\"async\" width=\"600\" height=\"801\" src=\"https:\/\/nailknowledge.org\/wp-content\/uploads\/2020\/01\/marian-newman-600x801.jpg\" alt=\"unhas marian newman\" class=\"wp-image-25182\" style=\"object-fit:cover;width:507px;height:auto\" srcset=\"https:\/\/nailknowledge.org\/wp-content\/uploads\/2020\/01\/marian-newman-600x801.jpg 600w, https:\/\/nailknowledge.org\/wp-content\/uploads\/2020\/01\/marian-newman-225x300.jpg 225w, https:\/\/nailknowledge.org\/wp-content\/uploads\/2020\/01\/marian-newman-75x100.jpg 75w, https:\/\/nailknowledge.org\/wp-content\/uploads\/2020\/01\/marian-newman.jpg 749w\" sizes=\"auto, (max-width: 600px) 100vw, 600px\" \/><\/figure>\n<\/div>\n\n\n<p>Marian trabalhou em todos os aspectos do setor de unhas desde que abriu um sal\u00e3o \"somente para unhas\" em 1987. Autora, professora, educadora de marcas, ela \u00e9 considerada uma das melhores profissionais de unhas do mundo, com um longo hist\u00f3rico de trabalho com alguns dos principais designers do mundo, bem como com os desfiles de moda de Londres, Nova York, Mil\u00e3o e Paris.<\/p>\n\n\n\n<p>Com mais de 70 capas da Vogue brit\u00e2nica em seu nome, Marian \u00e9 uma das poucas profissionais de unhas cujo trabalho pode ser visto praticamente toda semana em revistas de luxo do mundo todo.&nbsp;<\/p>\n\n\n\n<p>Como instrutora e educadora, ela tem uma reputa\u00e7\u00e3o formid\u00e1vel de excel\u00eancia e qualidade, o que levou a revista Tatler a descrev\u00ea-la como a \"Karl Lagerfield\" das unhas.<\/p>\n\n\n\n<p>Colaboradora frequente da m\u00eddia, Marian foi presidente do Nails Services Forum e membro do Comit\u00ea da Hairdressing and Beauty Industry Authority (Habia) por muitos anos.<\/p>\n\n\n\n<p>Seu livro \"The Complete Nail Technician\" \u00e9 o livro-texto definitivo para o setor e est\u00e1 agora em sua 4\u00aa edi\u00e7\u00e3o.<\/p>\n\n\n\n<p>Por seus servi\u00e7os prestados ao setor de beleza durante a Covid-19, Marian recebeu a Medalha do Imp\u00e9rio Brit\u00e2nico na Lista de Honras do Anivers\u00e1rio da Rainha de 2020.<\/p>\n<\/div><\/div>\n<\/div><\/div>\n\n\n\n<div style=\"height:39px\" aria-hidden=\"true\" class=\"wp-block-spacer\"><\/div>\n\n\n\n<div class=\"wp-block-group mb-0 has-background\" style=\"background-color:#efefef\"><div class=\"wp-block-group__inner-container is-layout-constrained wp-block-group-is-layout-constrained\">\n<div style=\"height:39px\" aria-hidden=\"true\" class=\"wp-block-spacer\"><\/div>\n\n\n\n<div class=\"wp-block-columns mx-auto container-max-width-1200 py-2 is-layout-flex wp-container-core-columns-is-layout-9d6595d7 wp-block-columns-is-layout-flex\">\n<div class=\"wp-block-column is-layout-flow wp-block-column-is-layout-flow\">\n<h2 class=\"wp-block-heading\">Nossos especialistas literalmente escreveram os melhores livros sobre unhas<\/h2>\n\n\n\n<p>Nossos especialistas mundiais, com mais de 100 anos de experi\u00eancia combinada, s\u00e3o as principais autoridades do setor associadas ao NailKnowledge. Juntos, eles influenciaram significativamente o setor de beleza ao longo de suas extensas carreiras. Suas contribui\u00e7\u00f5es incluem a autoria de v\u00e1rios livros, a cria\u00e7\u00e3o de programas de treinamento em v\u00eddeo e \u00e1udio e a produ\u00e7\u00e3o de dezenas de artigos de revistas com foco em produtos para sal\u00f5es de beleza, seguran\u00e7a e pr\u00e1ticas ideais para profissionais de sal\u00f5es de beleza.<\/p>\n\n\n\n<p><\/p>\n\n\n\n<p>Tudo o que voc\u00ea precisa saber para se tornar um verdadeiro mestre das unhas. <\/p>\n\n\n\n<div class=\"wp-block-buttons is-layout-flex wp-block-buttons-is-layout-flex\">\n<div class=\"wp-block-button has-custom-width wp-block-button__width-100 has-custom-font-size\" style=\"font-size:24px\"><a class=\"wp-block-button__link has-background wp-element-button\" href=\"https:\/\/nailknowledge.org\/pt\/loja\/\" style=\"border-radius:10px;background:linear-gradient(320deg,rgb(4,130,180) 0%,rgb(4,86,180) 98%)\">Analise nossos eBooks<\/a><\/div>\n<\/div>\n<\/div>\n\n\n\n<div class=\"wp-block-column is-layout-flow wp-block-column-is-layout-flow\">\n<figure class=\"wp-block-image size-full\"><a href=\"https:\/\/nailknowledge.org\/pt\/loja\/\"><img loading=\"lazy\" decoding=\"async\" width=\"1000\" height=\"1000\" src=\"https:\/\/nailknowledge.org\/wp-content\/uploads\/2023\/11\/Doug-Schoon-Face-to-Face.jpg\" alt=\"\" class=\"wp-image-94669\" srcset=\"https:\/\/nailknowledge.org\/wp-content\/uploads\/2023\/11\/Doug-Schoon-Face-to-Face.jpg 1000w, https:\/\/nailknowledge.org\/wp-content\/uploads\/2023\/11\/Doug-Schoon-Face-to-Face-300x300.jpg 300w, https:\/\/nailknowledge.org\/wp-content\/uploads\/2023\/11\/Doug-Schoon-Face-to-Face-180x180.jpg 180w, https:\/\/nailknowledge.org\/wp-content\/uploads\/2023\/11\/Doug-Schoon-Face-to-Face-600x600.jpg 600w, https:\/\/nailknowledge.org\/wp-content\/uploads\/2023\/11\/Doug-Schoon-Face-to-Face-150x150.jpg 150w, https:\/\/nailknowledge.org\/wp-content\/uploads\/2023\/11\/Doug-Schoon-Face-to-Face-768x768.jpg 768w, https:\/\/nailknowledge.org\/wp-content\/uploads\/2023\/11\/Doug-Schoon-Face-to-Face-12x12.jpg 12w\" sizes=\"auto, (max-width: 1000px) 100vw, 1000px\" \/><\/a><\/figure>\n<\/div>\n<\/div>\n\n\n<div class=\"wp-block-image\">\n<figure class=\"aligncenter size-large\"><img loading=\"lazy\" decoding=\"async\" width=\"1024\" height=\"360\" src=\"https:\/\/nailknowledge.org\/wp-content\/uploads\/2021\/01\/ask-the-experts-rectangle-1024x360.png\" alt=\"\" class=\"wp-image-73558\" srcset=\"https:\/\/nailknowledge.org\/wp-content\/uploads\/2021\/01\/ask-the-experts-rectangle-1024x360.png 1024w, https:\/\/nailknowledge.org\/wp-content\/uploads\/2021\/01\/ask-the-experts-rectangle-600x211.png 600w, https:\/\/nailknowledge.org\/wp-content\/uploads\/2021\/01\/ask-the-experts-rectangle-300x106.png 300w, https:\/\/nailknowledge.org\/wp-content\/uploads\/2021\/01\/ask-the-experts-rectangle-768x270.png 768w, https:\/\/nailknowledge.org\/wp-content\/uploads\/2021\/01\/ask-the-experts-rectangle-1536x540.png 1536w, https:\/\/nailknowledge.org\/wp-content\/uploads\/2021\/01\/ask-the-experts-rectangle.png 1541w\" sizes=\"auto, (max-width: 1024px) 100vw, 1024px\" \/><\/figure>\n<\/div>\n\n\n<div style=\"height:39px\" aria-hidden=\"true\" class=\"wp-block-spacer\"><\/div>\n<\/div><\/div>","protected":false},"excerpt":{"rendered":"<p>Marian Newman, BEM Nail Expert, Author and Educator Marian has worked in every aspect of the nail industry since opening a \u2018nails only\u2019 salon in 1987. Author, teacher, brand educator, she is regarded as one of the top nail practitioners in the world, with a long history of working with some of the world\u2019s leading [&hellip;]<\/p>\n","protected":false},"author":2,"featured_media":0,"parent":0,"menu_order":0,"comment_status":"closed","ping_status":"closed","template":"","meta":{"_yoast_wpseo_focuskw":"","_yoast_wpseo_metadesc":"","_genesis_hide_title":false,"_genesis_hide_breadcrumbs":false,"_genesis_hide_singular_image":false,"_genesis_hide_footer_widgets":false,"_genesis_custom_body_class":"","_genesis_custom_post_class":"","_genesis_layout":"","footnotes":""},"class_list":{"0":"post-29601","1":"page","2":"type-page","3":"status-publish","5":"entry"},"yoast_head":"<!-- This site is optimized with the Yoast SEO plugin v27.4 - https:\/\/yoast.com\/product\/yoast-seo-wordpress\/ -->\n<title>Marian Newman - NailKnowledge<\/title>\n<meta name=\"robots\" content=\"index, follow, max-snippet:-1, max-image-preview:large, max-video-preview:-1\" \/>\n<link rel=\"canonical\" href=\"https:\/\/nailknowledge.org\/pt\/especialista-em-conhecimento-de-unhas-marian-newman\/\" \/>\n<meta property=\"og:locale\" content=\"pt_BR\" \/>\n<meta property=\"og:type\" content=\"article\" \/>\n<meta property=\"og:title\" content=\"Marian Newman - NailKnowledge\" \/>\n<meta property=\"og:description\" content=\"Marian Newman, BEM Nail Expert, Author and Educator Marian has worked in every aspect of the nail industry since opening a \u2018nails only\u2019 salon in 1987. Author, teacher, brand educator, she is regarded as one of the top nail practitioners in the world, with a long history of working with some of the world\u2019s leading [&hellip;]\" \/>\n<meta property=\"og:url\" content=\"https:\/\/nailknowledge.org\/pt\/especialista-em-conhecimento-de-unhas-marian-newman\/\" \/>\n<meta property=\"og:site_name\" content=\"NailKnowledge\" \/>\n<meta property=\"article:modified_time\" content=\"2024-01-23T18:42:17+00:00\" \/>\n<meta property=\"og:image\" content=\"https:\/\/nailknowledge.org\/wp-content\/uploads\/2023\/03\/image002.jpg\" \/>\n\t<meta property=\"og:image:width\" content=\"545\" \/>\n\t<meta property=\"og:image:height\" content=\"295\" \/>\n\t<meta property=\"og:image:type\" content=\"image\/jpeg\" \/>\n<meta name=\"twitter:card\" content=\"summary_large_image\" \/>\n<meta name=\"twitter:label1\" content=\"Est. tempo de leitura\" \/>\n\t<meta name=\"twitter:data1\" content=\"2 minutos\" \/>\n<script type=\"application\/ld+json\" class=\"yoast-schema-graph\">{\"@context\":\"https:\\\/\\\/schema.org\",\"@graph\":[{\"@type\":\"WebPage\",\"@id\":\"https:\\\/\\\/nailknowledge.org\\\/nailknowledge-expert-marian-newman\",\"url\":\"https:\\\/\\\/nailknowledge.org\\\/nailknowledge-expert-marian-newman\",\"name\":\"Marian Newman - NailKnowledge\",\"isPartOf\":{\"@id\":\"https:\\\/\\\/new.nailknowledge.org\\\/#website\"},\"primaryImageOfPage\":{\"@id\":\"https:\\\/\\\/nailknowledge.org\\\/nailknowledge-expert-marian-newman#primaryimage\"},\"image\":{\"@id\":\"https:\\\/\\\/nailknowledge.org\\\/nailknowledge-expert-marian-newman#primaryimage\"},\"thumbnailUrl\":\"https:\\\/\\\/nailknowledge.org\\\/wp-content\\\/uploads\\\/2020\\\/01\\\/marian-newman-600x801.jpg\",\"datePublished\":\"2020-10-27T21:53:45+00:00\",\"dateModified\":\"2024-01-23T18:42:17+00:00\",\"breadcrumb\":{\"@id\":\"https:\\\/\\\/nailknowledge.org\\\/nailknowledge-expert-marian-newman#breadcrumb\"},\"inLanguage\":\"pt-BR\",\"potentialAction\":[{\"@type\":\"ReadAction\",\"target\":[\"https:\\\/\\\/nailknowledge.org\\\/nailknowledge-expert-marian-newman\"]}]},{\"@type\":\"ImageObject\",\"inLanguage\":\"pt-BR\",\"@id\":\"https:\\\/\\\/nailknowledge.org\\\/nailknowledge-expert-marian-newman#primaryimage\",\"url\":\"https:\\\/\\\/nailknowledge.org\\\/wp-content\\\/uploads\\\/2020\\\/01\\\/marian-newman-600x801.jpg\",\"contentUrl\":\"https:\\\/\\\/nailknowledge.org\\\/wp-content\\\/uploads\\\/2020\\\/01\\\/marian-newman-600x801.jpg\"},{\"@type\":\"BreadcrumbList\",\"@id\":\"https:\\\/\\\/nailknowledge.org\\\/nailknowledge-expert-marian-newman#breadcrumb\",\"itemListElement\":[{\"@type\":\"ListItem\",\"position\":1,\"name\":\"Home\",\"item\":\"https:\\\/\\\/nailknowledge.org\\\/\"},{\"@type\":\"ListItem\",\"position\":2,\"name\":\"Marian Newman\"}]},{\"@type\":\"WebSite\",\"@id\":\"https:\\\/\\\/new.nailknowledge.org\\\/#website\",\"url\":\"https:\\\/\\\/new.nailknowledge.org\\\/\",\"name\":\"NailKnowledge\",\"description\":\"\",\"publisher\":{\"@id\":\"https:\\\/\\\/new.nailknowledge.org\\\/#organization\"},\"potentialAction\":[{\"@type\":\"SearchAction\",\"target\":{\"@type\":\"EntryPoint\",\"urlTemplate\":\"https:\\\/\\\/new.nailknowledge.org\\\/?s={search_term_string}\"},\"query-input\":{\"@type\":\"PropertyValueSpecification\",\"valueRequired\":true,\"valueName\":\"search_term_string\"}}],\"inLanguage\":\"pt-BR\"},{\"@type\":\"Organization\",\"@id\":\"https:\\\/\\\/new.nailknowledge.org\\\/#organization\",\"name\":\"NailKnowledge\",\"url\":\"https:\\\/\\\/new.nailknowledge.org\\\/\",\"logo\":{\"@type\":\"ImageObject\",\"inLanguage\":\"pt-BR\",\"@id\":\"https:\\\/\\\/new.nailknowledge.org\\\/#\\\/schema\\\/logo\\\/image\\\/\",\"url\":\"https:\\\/\\\/nailknowledge.org\\\/wp-content\\\/uploads\\\/2026\\\/03\\\/KN-Logo-1.webp\",\"contentUrl\":\"https:\\\/\\\/nailknowledge.org\\\/wp-content\\\/uploads\\\/2026\\\/03\\\/KN-Logo-1.webp\",\"width\":542,\"height\":100,\"caption\":\"NailKnowledge\"},\"image\":{\"@id\":\"https:\\\/\\\/new.nailknowledge.org\\\/#\\\/schema\\\/logo\\\/image\\\/\"}}]}<\/script>\n<!-- \/ Yoast SEO plugin. -->","yoast_head_json":{"title":"Marian Newman - NailKnowledge","robots":{"index":"index","follow":"follow","max-snippet":"max-snippet:-1","max-image-preview":"max-image-preview:large","max-video-preview":"max-video-preview:-1"},"canonical":"https:\/\/nailknowledge.org\/pt\/especialista-em-conhecimento-de-unhas-marian-newman\/","og_locale":"pt_BR","og_type":"article","og_title":"Marian Newman - NailKnowledge","og_description":"Marian Newman, BEM Nail Expert, Author and Educator Marian has worked in every aspect of the nail industry since opening a \u2018nails only\u2019 salon in 1987. Author, teacher, brand educator, she is regarded as one of the top nail practitioners in the world, with a long history of working with some of the world\u2019s leading [&hellip;]","og_url":"https:\/\/nailknowledge.org\/pt\/especialista-em-conhecimento-de-unhas-marian-newman\/","og_site_name":"NailKnowledge","article_modified_time":"2024-01-23T18:42:17+00:00","og_image":[{"width":545,"height":295,"url":"https:\/\/nailknowledge.org\/wp-content\/uploads\/2023\/03\/image002.jpg","type":"image\/jpeg"}],"twitter_card":"summary_large_image","twitter_misc":{"Est. tempo de leitura":"2 minutos"},"schema":{"@context":"https:\/\/schema.org","@graph":[{"@type":"WebPage","@id":"https:\/\/nailknowledge.org\/nailknowledge-expert-marian-newman","url":"https:\/\/nailknowledge.org\/nailknowledge-expert-marian-newman","name":"Marian Newman - NailKnowledge","isPartOf":{"@id":"https:\/\/new.nailknowledge.org\/#website"},"primaryImageOfPage":{"@id":"https:\/\/nailknowledge.org\/nailknowledge-expert-marian-newman#primaryimage"},"image":{"@id":"https:\/\/nailknowledge.org\/nailknowledge-expert-marian-newman#primaryimage"},"thumbnailUrl":"https:\/\/nailknowledge.org\/wp-content\/uploads\/2020\/01\/marian-newman-600x801.jpg","datePublished":"2020-10-27T21:53:45+00:00","dateModified":"2024-01-23T18:42:17+00:00","breadcrumb":{"@id":"https:\/\/nailknowledge.org\/nailknowledge-expert-marian-newman#breadcrumb"},"inLanguage":"pt-BR","potentialAction":[{"@type":"ReadAction","target":["https:\/\/nailknowledge.org\/nailknowledge-expert-marian-newman"]}]},{"@type":"ImageObject","inLanguage":"pt-BR","@id":"https:\/\/nailknowledge.org\/nailknowledge-expert-marian-newman#primaryimage","url":"https:\/\/nailknowledge.org\/wp-content\/uploads\/2020\/01\/marian-newman-600x801.jpg","contentUrl":"https:\/\/nailknowledge.org\/wp-content\/uploads\/2020\/01\/marian-newman-600x801.jpg"},{"@type":"BreadcrumbList","@id":"https:\/\/nailknowledge.org\/nailknowledge-expert-marian-newman#breadcrumb","itemListElement":[{"@type":"ListItem","position":1,"name":"Home","item":"https:\/\/nailknowledge.org\/"},{"@type":"ListItem","position":2,"name":"Marian Newman"}]},{"@type":"WebSite","@id":"https:\/\/new.nailknowledge.org\/#website","url":"https:\/\/new.nailknowledge.org\/","name":"NailKnowledge","description":"","publisher":{"@id":"https:\/\/new.nailknowledge.org\/#organization"},"potentialAction":[{"@type":"SearchAction","target":{"@type":"EntryPoint","urlTemplate":"https:\/\/new.nailknowledge.org\/?s={search_term_string}"},"query-input":{"@type":"PropertyValueSpecification","valueRequired":true,"valueName":"search_term_string"}}],"inLanguage":"pt-BR"},{"@type":"Organization","@id":"https:\/\/new.nailknowledge.org\/#organization","name":"NailKnowledge","url":"https:\/\/new.nailknowledge.org\/","logo":{"@type":"ImageObject","inLanguage":"pt-BR","@id":"https:\/\/new.nailknowledge.org\/#\/schema\/logo\/image\/","url":"https:\/\/nailknowledge.org\/wp-content\/uploads\/2026\/03\/KN-Logo-1.webp","contentUrl":"https:\/\/nailknowledge.org\/wp-content\/uploads\/2026\/03\/KN-Logo-1.webp","width":542,"height":100,"caption":"NailKnowledge"},"image":{"@id":"https:\/\/new.nailknowledge.org\/#\/schema\/logo\/image\/"}}]}},"_links":{"self":[{"href":"https:\/\/nailknowledge.org\/pt\/wp-json\/wp\/v2\/pages\/29601","targetHints":{"allow":["GET"]}}],"collection":[{"href":"https:\/\/nailknowledge.org\/pt\/wp-json\/wp\/v2\/pages"}],"about":[{"href":"https:\/\/nailknowledge.org\/pt\/wp-json\/wp\/v2\/types\/page"}],"author":[{"embeddable":true,"href":"https:\/\/nailknowledge.org\/pt\/wp-json\/wp\/v2\/users\/2"}],"replies":[{"embeddable":true,"href":"https:\/\/nailknowledge.org\/pt\/wp-json\/wp\/v2\/comments?post=29601"}],"version-history":[{"count":0,"href":"https:\/\/nailknowledge.org\/pt\/wp-json\/wp\/v2\/pages\/29601\/revisions"}],"wp:attachment":[{"href":"https:\/\/nailknowledge.org\/pt\/wp-json\/wp\/v2\/media?parent=29601"}],"curies":[{"name":"wp","href":"https:\/\/api.w.org\/{rel}","templated":true}]}}