{"id":32604,"date":"2021-01-18T16:33:25","date_gmt":"2021-01-18T16:33:25","guid":{"rendered":"https:\/\/nailknowledge.org\/?page_id=32604"},"modified":"2021-01-18T16:33:25","modified_gmt":"2021-01-18T16:33:25","slug":"politica-de-privacidade-da-licenca-de-grupo","status":"publish","type":"page","link":"https:\/\/nailknowledge.org\/pt\/group-license-privacy-policy","title":{"rendered":"Pol\u00edtica de privacidade da licen\u00e7a de grupo"},"content":{"rendered":"<p><\/p>\n\n\n\n<h3 class=\"wp-block-heading\"><strong>Introdu\u00e7\u00e3o<\/strong><\/h3>\n\n\n\n<p>Bem-vindo ao Aviso de Privacidade para clientes do Grupo referente aos Cursos on-line do NailKnowledge. O NailKnowledge \u00e9 um servi\u00e7o fornecido pela Professional Animated Learning Limited.<\/p>\n\n\n\n<p>Este aviso de privacidade fornece mais informa\u00e7\u00f5es sobre como a Professional Animated Learning Limited (\"<strong>PAL<\/strong>\") coleta e processa dados pessoais em rela\u00e7\u00e3o a reservas e \u00e0 compra de cursos on-line da PAL por intermedi\u00e1rios (<strong>Reserva de cursos para grupos de clientes<\/strong>) em nome de seus funcion\u00e1rios, membros e clientes (<strong>Candidatos<\/strong>) e deve ser lido em conjunto com nosso Aviso Geral de Privacidade. Se estiver reservando um curso diretamente para seu pr\u00f3prio uso, consulte nosso Aviso Geral de Privacidade, que pode ser encontrado aqui - https:\/\/nailknowledge.org\/privacy-page<\/p>\n\n\n\n<p><strong>Dados pessoais do candidato <\/strong>significa os dados pessoais relacionados a um Candidato.<\/p>\n\n\n\n<p><strong>Cliente do grupo <\/strong>significa voc\u00ea, o comprador de um curso fornecido pela PAL para seus Candidatos e que est\u00e1 sujeito a este Aviso de Privacidade do Cliente do Grupo.<\/p>\n\n\n\n<p><strong>Dados pessoais de clientes do grupo <\/strong>significa os dados pessoais relacionados ao Cliente do Grupo.<\/p>\n\n\n\n<p>\u00c9 importante que voc\u00ea leia este Aviso de Privacidade do Cliente do Grupo juntamente com o Aviso Geral de Privacidade da PAL (<strong>Aviso geral de privacidade<\/strong>), que pode ser encontrado aqui - <a href=\"https:\/\/nailknowledge.org\/pt\/pagina-de-privacidade\/\"><em>https:\/\/nailknowledge.org\/privacy-page<\/em><\/a> que cont\u00e9m informa\u00e7\u00f5es mais detalhadas sobre o processamento de dados da PAL. O Aviso Geral de Privacidade est\u00e1 sujeito \u00e0s altera\u00e7\u00f5es fornecidas neste aviso. Para evitar d\u00favidas, no caso de qualquer conflito entre o Aviso Geral de Privacidade e este Aviso de Privacidade do Cliente do Grupo, o Aviso de Privacidade do Cliente do Grupo prevalecer\u00e1.<\/p>\n\n\n\n<p>As emendas e adi\u00e7\u00f5es ao Aviso Geral de Privacidade fornecidas por este Aviso de Privacidade do Cliente do Grupo referem-se ao processamento de Dados Pessoais de Candidatos pela PAL. Os Dados Pessoais de Clientes do Grupo ser\u00e3o processados de acordo com o estabelecido no Aviso Geral de Privacidade.<\/p>\n\n\n\n<h3 class=\"wp-block-heading\"><strong>1. Marketing<\/strong><\/h3>\n\n\n\n<p>A Se\u00e7\u00e3o 4 do Aviso Geral de Privacidade \u00e9 alterada da seguinte forma - ao comprar vagas para um Candidato e fornecer \u00e0 PAL os detalhes de contato de um Candidato, o Cliente do Grupo confirma que a PAL tem o direito de entrar em contato com o Candidato usando os Dados Pessoais do Candidato, para fins de marketing.  Isso inclui entrar em contato direto com o Candidato para fornecer informa\u00e7\u00f5es sobre outros cursos da PAL que a PAL considere que o Candidato possa estar interessado.  Se o Cliente do Grupo n\u00e3o for capaz de dar tal confirma\u00e7\u00e3o ou n\u00e3o desejar que a PAL entre em contato com os Candidatos do Cliente do Grupo para fins de marketing, ele poder\u00e1 notificar a PAL sobre esse fato a qualquer momento e a PAL cessar\u00e1 imediatamente o uso dos Dados Pessoais do Candidato, a menos que expressamente consentido pelo Candidato. Qualquer consentimento do Candidato ainda pode ser revogado a qualquer momento.<\/p>\n\n\n\n<h3 class=\"wp-block-heading\"><strong>2. Gerenciamento de relacionamento<\/strong><\/h3>\n\n\n\n<p>A Se\u00e7\u00e3o 4 do Aviso Geral de Privacidade \u00e9 alterada da seguinte forma - ao comprar Vagas para um Candidato e fornecer \u00e0 PAL os detalhes de contato de um Candidato, o Cliente do Grupo confirma que a PAL tem o direito de entrar em contato com o Candidato usando os Dados Pessoais do Candidato, para fins de gerenciamento de relacionamento.  Isso inclui entrar em contato direto com o Candidato para inform\u00e1-lo sobre quaisquer altera\u00e7\u00f5es no Curso ou nos materiais do curso.  Se o Cliente do Grupo n\u00e3o for capaz de dar tal confirma\u00e7\u00e3o ou n\u00e3o desejar que a PAL entre em contato com os Candidatos do Cliente do Grupo para fins de gerenciamento de relacionamento, ele poder\u00e1 notificar a PAL sobre esse fato a qualquer momento e a PAL cessar\u00e1 imediatamente o uso dos Dados Pessoais do Candidato, a menos que expressamente consentido pelo Candidato. Qualquer consentimento do Candidato ainda pode ser revogado a qualquer momento.<\/p>\n\n\n\n<h3 class=\"wp-block-heading\"><strong>3. Outros prop\u00f3sitos\/atividades<\/strong><\/h3>\n\n\n\n<p>N\u00e3o obstante os descritos nas se\u00e7\u00f5es 1 e 2 deste Aviso de Privacidade do Cliente do Grupo, as outras finalidades\/atividades durante as quais os dados podem ser processados, conforme estabelecido na tabela da Se\u00e7\u00e3o 4 do Aviso Geral de Privacidade, tamb\u00e9m se aplicar\u00e3o aos dados pessoais do Candidato. A base legal para isso est\u00e1 definida na mesma tabela.<\/p>\n\n\n\n<p>As se\u00e7\u00f5es 2, 3, 5-9 do Aviso Geral de Privacidade se aplicam aos Dados Pessoais do Candidato, na medida em que forem aplic\u00e1veis.<\/p>\n\n\n\n<h3 class=\"wp-block-heading\"><strong>4. Informa\u00e7\u00f5es importantes e quem somos<\/strong><\/h3>\n\n\n\n<p>A PAL Limited \u00e9 a controladora e respons\u00e1vel por seus dados pessoais.<\/p>\n\n\n\n<p>Nomeamos um gerente de privacidade de dados. Se tiver alguma d\u00favida sobre este Aviso de Privacidade do Cliente do Grupo ou sobre nossas pr\u00e1ticas de prote\u00e7\u00e3o de dados, entre em contato com o gerente de privacidade de dados.<\/p>\n\n\n\n<h3 class=\"wp-block-heading\"><strong>DETALHES DE CONTATO<\/strong><\/h3>\n\n\n\n<p>Nossos detalhes completos s\u00e3o:<\/p>\n\n\n\n<p>Nome completo da entidade legal: PAL Limited<\/p>\n\n\n\n<p>Registrada na Inglaterra e no Pa\u00eds de Gales: N\u00famero da empresa 12633217, endere\u00e7o do escrit\u00f3rio registrado c\/o Francis Clark LLP, North Quay House, Sutton Harbour, Plymouth, PL4 0RA<\/p>\n\n\n\n<p>Nome ou cargo do gerente de privacidade de dados: Kevin Nicholls<\/p>\n\n\n\n<p>Endere\u00e7o de e-mail: <a href=\"mailto:info@nailknowledge.org\">info@nailknowledge.org<\/a><\/p>\n\n\n\n<p>Endere\u00e7o para correspond\u00eancia: Unit 50, Faraday Business Park, Faraday Road, Plymouth, PL4 0ST<\/p>\n\n\n\n<h3 class=\"wp-block-heading\"><strong>5. Os dados que coletamos sobre voc\u00ea<\/strong><\/h3>\n\n\n\n<p>Podemos coletar, usar, armazenar e transferir diferentes tipos de dados pessoais sobre voc\u00ea da seguinte forma:<\/p>\n\n\n\n<ul class=\"wp-block-list\"><li>Dados de identidade e dados de contato.<\/li><li>Dados de transa\u00e7\u00f5es e chamadas telef\u00f4nicas.<\/li><li>Dados t\u00e9cnicos.<\/li><li>Dados do perfil.<\/li><li>Dados de uso.<\/li><li>Dados de marketing e comunica\u00e7\u00f5es.&nbsp;<\/li><\/ul>\n\n\n\n<p>Explicamos essas categorias de dados na se\u00e7\u00e3o 2 do nosso Aviso Geral de Privacidade<em>.<\/em><\/p>\n\n\n\n<p>Usamos diferentes m\u00e9todos para coletar dados sobre o usu\u00e1rio, que s\u00e3o explicados na se\u00e7\u00e3o 3 do nosso Aviso Geral de Privacidade<em>. <\/em>&nbsp;<\/p>\n\n\n\n<h3 class=\"wp-block-heading\"><strong>6. Como usamos seus dados pessoais<\/strong><\/h3>\n\n\n\n<p>Somente usaremos os seus dados pessoais e os do Candidato para a finalidade para a qual os coletamos e conforme descrito na se\u00e7\u00e3o 4 do nosso Aviso Geral de Privacidade.<\/p>\n\n\n\n<h3 class=\"wp-block-heading\"><strong>7. Como compartilhamos seus dados pessoais<\/strong><\/h3>\n\n\n\n<p>Podemos compartilhar seus dados pessoais com terceiros externos. Mais detalhes podem ser encontrados na se\u00e7\u00e3o 4 do nosso Aviso Geral de Privacidade.<\/p>\n\n\n\n<h3 class=\"wp-block-heading\"><strong>8. Transfer\u00eancias internacionais<\/strong><\/h3>\n\n\n\n<p>Podemos transferir, armazenar e processar seus dados pessoais fora do Reino Unido. Mais detalhes podem ser encontrados na se\u00e7\u00e3o 5 do nosso Aviso Geral de Privacidade.<\/p>\n\n\n\n<h3 class=\"wp-block-heading\"><strong>9. Seus direitos legais<\/strong><\/h3>\n\n\n\n<p>Em determinadas circunst\u00e2ncias, voc\u00ea tem direitos sob as leis de prote\u00e7\u00e3o de dados em rela\u00e7\u00e3o aos seus dados pessoais, incluindo o direito de receber uma c\u00f3pia dos dados pessoais que mantemos sobre voc\u00ea e o direito de fazer uma reclama\u00e7\u00e3o a qualquer momento ao Information Commissioner's Office, o \u00f3rg\u00e3o regulador do Reino Unido para quest\u00f5es de prote\u00e7\u00e3o de dados (www.ico.org.uk).<\/p>\n\n\n\n<p>Mais detalhes podem ser encontrados na se\u00e7\u00e3o 8 do nosso Aviso Geral de Privacidade.<\/p>\n\n\n\n<h3 class=\"wp-block-heading\"><strong>10. Mais detalhes<\/strong><\/h3>\n\n\n\n<p>Se quiser obter mais informa\u00e7\u00f5es sobre como processamos seus dados pessoais, inclusive sobre seguran\u00e7a de dados, reten\u00e7\u00e3o de dados e bases legais de processamento, acesse nosso Aviso Geral de Privacidade.<\/p>","protected":false},"excerpt":{"rendered":"<p>Introduction Welcome to the Privacy Notice for Group customers relating to the NailKnowledge Online Courses. NailKnowledge is a service provided by Professional Animated Learning Limited. This privacy notice provides further information on how Professional Animated Learning Limited (\u201cPAL\u201d) collects and processes personal data in relation to bookings and the purchase of PAL\u2019s online courses by [&hellip;]<\/p>\n","protected":false},"author":35,"featured_media":0,"parent":0,"menu_order":0,"comment_status":"closed","ping_status":"closed","template":"","meta":{"_yoast_wpseo_focuskw":"","_yoast_wpseo_metadesc":"","_genesis_hide_title":false,"_genesis_hide_breadcrumbs":false,"_genesis_hide_singular_image":false,"_genesis_hide_footer_widgets":false,"_genesis_custom_body_class":"","_genesis_custom_post_class":"","_genesis_layout":"","footnotes":""},"class_list":{"0":"post-32604","1":"page","2":"type-page","3":"status-publish","5":"entry"},"yoast_head":"<!-- This site is optimized with the Yoast SEO plugin v27.4 - https:\/\/yoast.com\/product\/yoast-seo-wordpress\/ -->\n<title>Group License Privacy Policy - NailKnowledge<\/title>\n<meta name=\"robots\" content=\"index, follow, max-snippet:-1, max-image-preview:large, max-video-preview:-1\" \/>\n<link rel=\"canonical\" href=\"https:\/\/nailknowledge.org\/pt\/politica-de-privacidade-da-licenca-de-grupo\/\" \/>\n<meta property=\"og:locale\" content=\"pt_BR\" \/>\n<meta property=\"og:type\" content=\"article\" \/>\n<meta property=\"og:title\" content=\"Group License Privacy Policy - NailKnowledge\" \/>\n<meta property=\"og:description\" content=\"Introduction Welcome to the Privacy Notice for Group customers relating to the NailKnowledge Online Courses. NailKnowledge is a service provided by Professional Animated Learning Limited. This privacy notice provides further information on how Professional Animated Learning Limited (\u201cPAL\u201d) collects and processes personal data in relation to bookings and the purchase of PAL\u2019s online courses by [&hellip;]\" \/>\n<meta property=\"og:url\" content=\"https:\/\/nailknowledge.org\/pt\/politica-de-privacidade-da-licenca-de-grupo\/\" \/>\n<meta property=\"og:site_name\" content=\"NailKnowledge\" \/>\n<meta property=\"og:image\" content=\"https:\/\/nailknowledge.org\/wp-content\/uploads\/2023\/03\/image002.jpg\" \/>\n\t<meta property=\"og:image:width\" content=\"545\" \/>\n\t<meta property=\"og:image:height\" content=\"295\" \/>\n\t<meta property=\"og:image:type\" content=\"image\/jpeg\" \/>\n<meta name=\"twitter:card\" content=\"summary_large_image\" \/>\n<meta name=\"twitter:label1\" content=\"Est. tempo de leitura\" \/>\n\t<meta name=\"twitter:data1\" content=\"5 minutos\" \/>\n<script type=\"application\/ld+json\" class=\"yoast-schema-graph\">{\"@context\":\"https:\\\/\\\/schema.org\",\"@graph\":[{\"@type\":\"WebPage\",\"@id\":\"https:\\\/\\\/nailknowledge.org\\\/group-license-privacy-policy\",\"url\":\"https:\\\/\\\/nailknowledge.org\\\/group-license-privacy-policy\",\"name\":\"Group License Privacy Policy - NailKnowledge\",\"isPartOf\":{\"@id\":\"https:\\\/\\\/new.nailknowledge.org\\\/#website\"},\"datePublished\":\"2021-01-18T16:33:25+00:00\",\"breadcrumb\":{\"@id\":\"https:\\\/\\\/nailknowledge.org\\\/group-license-privacy-policy#breadcrumb\"},\"inLanguage\":\"pt-BR\",\"potentialAction\":[{\"@type\":\"ReadAction\",\"target\":[\"https:\\\/\\\/nailknowledge.org\\\/group-license-privacy-policy\"]}]},{\"@type\":\"BreadcrumbList\",\"@id\":\"https:\\\/\\\/nailknowledge.org\\\/group-license-privacy-policy#breadcrumb\",\"itemListElement\":[{\"@type\":\"ListItem\",\"position\":1,\"name\":\"Home\",\"item\":\"https:\\\/\\\/nailknowledge.org\\\/\"},{\"@type\":\"ListItem\",\"position\":2,\"name\":\"Group License Privacy Policy\"}]},{\"@type\":\"WebSite\",\"@id\":\"https:\\\/\\\/new.nailknowledge.org\\\/#website\",\"url\":\"https:\\\/\\\/new.nailknowledge.org\\\/\",\"name\":\"NailKnowledge\",\"description\":\"\",\"publisher\":{\"@id\":\"https:\\\/\\\/new.nailknowledge.org\\\/#organization\"},\"potentialAction\":[{\"@type\":\"SearchAction\",\"target\":{\"@type\":\"EntryPoint\",\"urlTemplate\":\"https:\\\/\\\/new.nailknowledge.org\\\/?s={search_term_string}\"},\"query-input\":{\"@type\":\"PropertyValueSpecification\",\"valueRequired\":true,\"valueName\":\"search_term_string\"}}],\"inLanguage\":\"pt-BR\"},{\"@type\":\"Organization\",\"@id\":\"https:\\\/\\\/new.nailknowledge.org\\\/#organization\",\"name\":\"NailKnowledge\",\"url\":\"https:\\\/\\\/new.nailknowledge.org\\\/\",\"logo\":{\"@type\":\"ImageObject\",\"inLanguage\":\"pt-BR\",\"@id\":\"https:\\\/\\\/new.nailknowledge.org\\\/#\\\/schema\\\/logo\\\/image\\\/\",\"url\":\"https:\\\/\\\/nailknowledge.org\\\/wp-content\\\/uploads\\\/2026\\\/03\\\/KN-Logo-1.webp\",\"contentUrl\":\"https:\\\/\\\/nailknowledge.org\\\/wp-content\\\/uploads\\\/2026\\\/03\\\/KN-Logo-1.webp\",\"width\":542,\"height\":100,\"caption\":\"NailKnowledge\"},\"image\":{\"@id\":\"https:\\\/\\\/new.nailknowledge.org\\\/#\\\/schema\\\/logo\\\/image\\\/\"}}]}<\/script>\n<!-- \/ Yoast SEO plugin. -->","yoast_head_json":{"title":"Pol\u00edtica de privacidade da licen\u00e7a de grupo - NailKnowledge","robots":{"index":"index","follow":"follow","max-snippet":"max-snippet:-1","max-image-preview":"max-image-preview:large","max-video-preview":"max-video-preview:-1"},"canonical":"https:\/\/nailknowledge.org\/pt\/politica-de-privacidade-da-licenca-de-grupo\/","og_locale":"pt_BR","og_type":"article","og_title":"Group License Privacy Policy - NailKnowledge","og_description":"Introduction Welcome to the Privacy Notice for Group customers relating to the NailKnowledge Online Courses. NailKnowledge is a service provided by Professional Animated Learning Limited. This privacy notice provides further information on how Professional Animated Learning Limited (\u201cPAL\u201d) collects and processes personal data in relation to bookings and the purchase of PAL\u2019s online courses by [&hellip;]","og_url":"https:\/\/nailknowledge.org\/pt\/politica-de-privacidade-da-licenca-de-grupo\/","og_site_name":"NailKnowledge","og_image":[{"width":545,"height":295,"url":"https:\/\/nailknowledge.org\/wp-content\/uploads\/2023\/03\/image002.jpg","type":"image\/jpeg"}],"twitter_card":"summary_large_image","twitter_misc":{"Est. tempo de leitura":"5 minutos"},"schema":{"@context":"https:\/\/schema.org","@graph":[{"@type":"WebPage","@id":"https:\/\/nailknowledge.org\/group-license-privacy-policy","url":"https:\/\/nailknowledge.org\/group-license-privacy-policy","name":"Pol\u00edtica de privacidade da licen\u00e7a de grupo - NailKnowledge","isPartOf":{"@id":"https:\/\/new.nailknowledge.org\/#website"},"datePublished":"2021-01-18T16:33:25+00:00","breadcrumb":{"@id":"https:\/\/nailknowledge.org\/group-license-privacy-policy#breadcrumb"},"inLanguage":"pt-BR","potentialAction":[{"@type":"ReadAction","target":["https:\/\/nailknowledge.org\/group-license-privacy-policy"]}]},{"@type":"BreadcrumbList","@id":"https:\/\/nailknowledge.org\/group-license-privacy-policy#breadcrumb","itemListElement":[{"@type":"ListItem","position":1,"name":"Home","item":"https:\/\/nailknowledge.org\/"},{"@type":"ListItem","position":2,"name":"Group License Privacy Policy"}]},{"@type":"WebSite","@id":"https:\/\/new.nailknowledge.org\/#website","url":"https:\/\/new.nailknowledge.org\/","name":"NailKnowledge","description":"","publisher":{"@id":"https:\/\/new.nailknowledge.org\/#organization"},"potentialAction":[{"@type":"SearchAction","target":{"@type":"EntryPoint","urlTemplate":"https:\/\/new.nailknowledge.org\/?s={search_term_string}"},"query-input":{"@type":"PropertyValueSpecification","valueRequired":true,"valueName":"search_term_string"}}],"inLanguage":"pt-BR"},{"@type":"Organization","@id":"https:\/\/new.nailknowledge.org\/#organization","name":"NailKnowledge","url":"https:\/\/new.nailknowledge.org\/","logo":{"@type":"ImageObject","inLanguage":"pt-BR","@id":"https:\/\/new.nailknowledge.org\/#\/schema\/logo\/image\/","url":"https:\/\/nailknowledge.org\/wp-content\/uploads\/2026\/03\/KN-Logo-1.webp","contentUrl":"https:\/\/nailknowledge.org\/wp-content\/uploads\/2026\/03\/KN-Logo-1.webp","width":542,"height":100,"caption":"NailKnowledge"},"image":{"@id":"https:\/\/new.nailknowledge.org\/#\/schema\/logo\/image\/"}}]}},"_links":{"self":[{"href":"https:\/\/nailknowledge.org\/pt\/wp-json\/wp\/v2\/pages\/32604","targetHints":{"allow":["GET"]}}],"collection":[{"href":"https:\/\/nailknowledge.org\/pt\/wp-json\/wp\/v2\/pages"}],"about":[{"href":"https:\/\/nailknowledge.org\/pt\/wp-json\/wp\/v2\/types\/page"}],"author":[{"embeddable":true,"href":"https:\/\/nailknowledge.org\/pt\/wp-json\/wp\/v2\/users\/35"}],"replies":[{"embeddable":true,"href":"https:\/\/nailknowledge.org\/pt\/wp-json\/wp\/v2\/comments?post=32604"}],"version-history":[{"count":0,"href":"https:\/\/nailknowledge.org\/pt\/wp-json\/wp\/v2\/pages\/32604\/revisions"}],"wp:attachment":[{"href":"https:\/\/nailknowledge.org\/pt\/wp-json\/wp\/v2\/media?parent=32604"}],"curies":[{"name":"wp","href":"https:\/\/api.w.org\/{rel}","templated":true}]}}