{"id":33039,"date":"2021-01-21T15:18:42","date_gmt":"2021-01-21T15:18:42","guid":{"rendered":"https:\/\/nailknowledge.org\/?page_id=33039"},"modified":"2026-03-11T15:07:35","modified_gmt":"2026-03-11T15:07:35","slug":"perguntas-frequentes-2","status":"publish","type":"page","link":"https:\/\/nailknowledge.org\/pt\/frequently-asked-questions","title":{"rendered":"Perguntas frequentes"},"content":{"rendered":"<div class=\"wp-block-group alignfull has-dark-purple-background-color has-text-color has-background has-link-color wp-elements-db8a7e2d9f72b3d39a7e9b1d074380a8\" style=\"color:#ffffff\"><div class=\"wp-block-group__inner-container is-layout-constrained wp-block-group-is-layout-constrained\">\n<div style=\"height:40px\" aria-hidden=\"true\" class=\"wp-block-spacer\"><\/div>\n\n\n\n<div class=\"wp-block-group container-max-width-1200 mx-auto\"><div class=\"wp-block-group__inner-container is-layout-constrained wp-block-group-is-layout-constrained\">\n<h1 class=\"wp-block-heading has-text-align-center\">Perguntas frequentes<\/h1>\n\n\n\n<h3 class=\"wp-block-heading has-text-align-center\">Here are answers to the most commonly asked questions about our course.<\/h3>\n<\/div><\/div>\n\n\n\n<div style=\"height:40px\" aria-hidden=\"true\" class=\"wp-block-spacer\"><\/div>\n<\/div><\/div>\n\n\n\n<div style=\"height:40px\" aria-hidden=\"true\" class=\"wp-block-spacer\"><\/div>\n\n\n\n<div class=\"wp-block-group container-max-width-1200\"><div class=\"wp-block-group__inner-container is-layout-constrained wp-block-group-is-layout-constrained\">\n<h2 class=\"wp-block-heading\">Por quanto tempo posso ver o curso NailKnowledge?<\/h2>\n\n\n\n<p>Voc\u00ea tem acesso vital\u00edcio ao curso e pode revis\u00e1-lo quantas vezes quiser.<\/p>\n\n\n\n<h2 class=\"wp-block-heading\">Este curso \u00e9 credenciado?<\/h2>\n\n\n\n<p>N\u00e3o.<br>Cursos regulamentados e n\u00e3o regulamentados (credenciados) s\u00e3o Qualifica\u00e7\u00f5es. O NailKnowledge \u00e9 um SUPORTE ou recurso de aprendizado para uma qualifica\u00e7\u00e3o. Trata-se de conhecimento e compreens\u00e3o e n\u00e3o inclui nenhuma pr\u00e1tica ou aplica\u00e7\u00e3o<br>habilidades necess\u00e1rias para qualquer qualifica\u00e7\u00e3o no setor profissional de unhas.<br>A NailKnowledge emite seu pr\u00f3prio diploma, mas ele declara claramente o que foi alcan\u00e7ado. Os t\u00f3picos abordados pela NailKnowledge seguem de perto, se n\u00e3o muito mais, os National Occupational Standards. N\u00e3o h\u00e1 motivo para que a garantia de qualidade das qualifica\u00e7\u00f5es regulamentadas e n\u00e3o regulamentadas n\u00e3o aceite o diploma da NK como prova do conhecimento necess\u00e1rio desses t\u00f3picos.<\/p>\n\n\n\n<h2 class=\"wp-block-heading\">Qual \u00e9 a melhor maneira de aprender com o NailKnowledge?<\/h2>\n\n\n\n<p>O curso foi projetado para abordar todos os estilos de aprendizado: a palavra escrita, o trabalho falado e as anima\u00e7\u00f5es para dar vida aos t\u00f3picos. Sugerimos que voc\u00ea N\u00c3O fa\u00e7a o curso o mais r\u00e1pido poss\u00edvel!  Isso n\u00e3o \u00e9 aproveit\u00e1-lo da melhor maneira poss\u00edvel. V\u00e1 com calma e fa\u00e7a anota\u00e7\u00f5es, desenhe diagramas e n\u00e3o siga em frente at\u00e9 que voc\u00ea acredite ter uma boa compreens\u00e3o do t\u00f3pico abordado. Os Pontos de Conhecimento e as Verifica\u00e7\u00f5es de Conhecimento o ajudar\u00e3o com isso.<br>Voc\u00ea pode revisar as li\u00e7\u00f5es e os segmentos quantas vezes quiser. Em seguida, sugerimos que voc\u00ea fa\u00e7a todo o curso novamente em alguns meses para garantir que o conhecimento permane\u00e7a com voc\u00ea.<\/p>\n\n\n\n<h2 class=\"wp-block-heading\">Qual \u00e9 a dura\u00e7\u00e3o do curso?<\/h2>\n\n\n\n<p>H\u00e1 3 Masterclasses, cada uma com 5 ou 6 aulas, 16 no total. As aulas s\u00e3o de 10 minutos a mais de 30 minutos. Depende de quanto tempo voc\u00ea quer levar para aprender.<br>H\u00e1 mais de 5 horas de v\u00eddeo para aproveitar, mas h\u00e1 muitos pontos de conhecimento e verifica\u00e7\u00f5es de conhecimento para passar antes de poder continuar.<br>Recomendamos que voc\u00ea n\u00e3o tenha pressa e assista \u00e0s aulas algumas vezes para aproveitar ao m\u00e1ximo o curso.<\/p>\n\n\n\n<h2 class=\"wp-block-heading\">O que acontecer\u00e1 se eu perder parte da aula?<\/h2>\n\n\n\n<p>H\u00e1 uma barra de rolagem na parte inferior de cada segmento. Isso permite que voc\u00ea role para tr\u00e1s e para frente em cada segmento. No entanto, ela n\u00e3o permitir\u00e1 que voc\u00ea passe pelos Pontos de Conhecimento nem pela Verifica\u00e7\u00e3o de Conhecimento se ainda n\u00e3o tiver passado por ela.<\/p>\n\n\n\n<h2 class=\"wp-block-heading\">O que s\u00e3o pontos de conhecimento?<\/h2>\n\n\n\n<p>S\u00e3o verifica\u00e7\u00f5es curtas e interativas de aprendizado relacionadas ao segmento que voc\u00ea acabou de assistir. \u00c9 necess\u00e1rio ser aprovado com uma taxa de aprova\u00e7\u00e3o de 100% para passar para o pr\u00f3ximo segmento.<\/p>\n\n\n\n<h2 class=\"wp-block-heading\">O que acontecer\u00e1 se eu n\u00e3o for aprovado no Ponto de Conhecimento?<\/h2>\n\n\n\n<p>Voc\u00ea tem duas tentativas no ponto de conhecimento. Se falhar em ambas, voc\u00ea voltar\u00e1 ao in\u00edcio do segmento para aprend\u00ea-lo novamente.<\/p>\n\n\n\n<h2 class=\"wp-block-heading\">O que s\u00e3o verifica\u00e7\u00f5es de conhecimento?<\/h2>\n\n\n\n<p>Trata-se de um teste de 5 perguntas no final de cada li\u00e7\u00e3o. Ele as marca como \"corretas\" ou \"incorretas\" \u00e0 medida que voc\u00ea responde. Voc\u00ea deve ser aprovado com o 100% antes de passar para a pr\u00f3xima Li\u00e7\u00e3o ou Masterclass.<\/p>\n\n\n\n<h2 class=\"wp-block-heading\">O que acontece se eu n\u00e3o for aprovado na verifica\u00e7\u00e3o de conhecimento?<\/h2>\n\n\n\n<p>Voc\u00ea pode fazer quantas tentativas forem necess\u00e1rias.<\/p>\n\n\n\n<h2 class=\"wp-block-heading\">O que \u00e9 o exame de diploma?<\/h2>\n\n\n\n<p>Este \u00e9 um exame com 30 perguntas sobre cada uma das Masterclasses. Para ser aprovado, voc\u00ea precisa obter o 80%. Ser\u00e1 produzida uma tabela informando como voc\u00ea se saiu em cada t\u00f3pico.<\/p>\n\n\n\n<h2 class=\"wp-block-heading\">O que acontece se eu for reprovado no exame de diploma?<\/h2>\n\n\n\n<p>Ser\u00e1 oferecida outra tentativa e a tabela produzida mostrar\u00e1 em quais \u00e1reas voc\u00ea falhou. Sugerimos que voc\u00ea reveja as li\u00e7\u00f5es espec\u00edficas para ter certeza de que entendeu o t\u00f3pico. Se voc\u00ea for reprovado na segunda tentativa, n\u00e3o poder\u00e1 refaz\u00ea-la por duas semanas, portanto, use esse tempo para voltar ao curso.<\/p>\n\n\n\n<h2 class=\"wp-block-heading\">O que acontece quando sou aprovado no exame de diploma?<\/h2>\n\n\n\n<p>Ser\u00e1 gerado um certificado de diploma que voc\u00ea poder\u00e1 baixar e imprimir.<\/p>\n\n\n\n<h2 class=\"wp-block-heading\">Posso fazer o curso em meu celular ou tablet?<\/h2>\n\n\n\n<p>Sim, voc\u00ea pode, mas sugerimos que use um tablet ou computador e o recurso \"tela cheia\" para obter a melhor experi\u00eancia de aprendizado.<\/p>\n\n\n\n<h2 class=\"wp-block-heading\">O programa n\u00e3o \u00e9 executado corretamente e continua pulando!<\/h2>\n\n\n\n<p>A melhor maneira de assistir a esse programa \u00e9 usando o navegador Chrome. Se ainda n\u00e3o estiver funcionando sem problemas, sugerimos que voc\u00ea limpe o cache, pois isso pode estar causando problemas.  H\u00e1 instru\u00e7\u00f5es mais detalhadas&nbsp;<a href=\"https:\/\/nailknowledge.org\/pt\/base-de-conhecimento-sobre-unhas\/?top-category=support\" target=\"_blank\" rel=\"noopener\">aqui<\/a>&nbsp;para ajud\u00e1-lo com esse problema.<\/p>\n\n\n\n<h2 class=\"wp-block-heading\">Posso enviar este curso para um amigo?<\/h2>\n\n\n\n<p>N\u00e3o, voc\u00ea n\u00e3o pode. Trata-se de um \u00fanico usu\u00e1rio. O sistema detectar\u00e1 que h\u00e1 outro usu\u00e1rio conectado, mas ele n\u00e3o poder\u00e1 fazer uso de todas as verifica\u00e7\u00f5es de conhecimento nem obter seu pr\u00f3prio diploma.<\/p>\n\n\n\n<h2 class=\"wp-block-heading\">E se eu ficar preso durante o programa?<\/h2>\n\n\n\n<p>Se fizer parte de um grupo de alunos com um educador, entre em contato com ele e ele o ajudar\u00e1. Ou, se voc\u00ea for um usu\u00e1rio individual, h\u00e1 um bot\u00e3o de contato para pedir ajuda. Algu\u00e9m do NailKnowledge poder\u00e1 ajud\u00e1-lo.<\/p>\n\n\n\n<h2 class=\"wp-block-heading\">Dificuldades de aprendizado<\/h2>\n\n\n\n<p>Se um aluno da NailKnowledge n\u00e3o tiver o apoio de seu Educador pessoal, a NailKnowledge fornecer\u00e1 ajuda e assist\u00eancia espec\u00edficas para aqueles com dificuldades de aprendizado. Entre em contato conosco por meio do link de e-mail no site.<\/p>\n<\/div><\/div>","protected":false},"excerpt":{"rendered":"<p>Frequently Asked Questions Here are answers to the most commonly asked questions about our course. How long can I see the NailKnowledge course? You have a lifetime access to the course and can revisit it as often as you like. Is this course accredited? No.Regulated and unregulated (accredited) courses are Qualifications. NailKnowledge is a SUPPORT [&hellip;]<\/p>\n","protected":false},"author":35,"featured_media":0,"parent":0,"menu_order":0,"comment_status":"closed","ping_status":"closed","template":"","meta":{"_yoast_wpseo_focuskw":"","_yoast_wpseo_metadesc":"","_genesis_hide_title":false,"_genesis_hide_breadcrumbs":false,"_genesis_hide_singular_image":false,"_genesis_hide_footer_widgets":false,"_genesis_custom_body_class":"","_genesis_custom_post_class":"","_genesis_layout":"","footnotes":""},"class_list":{"0":"post-33039","1":"page","2":"type-page","3":"status-publish","5":"entry"},"yoast_head":"<!-- This site is optimized with the Yoast SEO plugin v27.3 - https:\/\/yoast.com\/product\/yoast-seo-wordpress\/ -->\n<title>Frequently Asked Questions - NailKnowledge<\/title>\n<meta name=\"robots\" content=\"index, follow, max-snippet:-1, max-image-preview:large, max-video-preview:-1\" \/>\n<link rel=\"canonical\" href=\"https:\/\/nailknowledge.org\/pt\/perguntas-frequentes-2\/\" \/>\n<meta property=\"og:locale\" content=\"pt_BR\" \/>\n<meta property=\"og:type\" content=\"article\" \/>\n<meta property=\"og:title\" content=\"Frequently Asked Questions - NailKnowledge\" \/>\n<meta property=\"og:description\" content=\"Frequently Asked Questions Here are answers to the most commonly asked questions about our course. How long can I see the NailKnowledge course? You have a lifetime access to the course and can revisit it as often as you like. Is this course accredited? No.Regulated and unregulated (accredited) courses are Qualifications. NailKnowledge is a SUPPORT [&hellip;]\" \/>\n<meta property=\"og:url\" content=\"https:\/\/nailknowledge.org\/pt\/perguntas-frequentes-2\/\" \/>\n<meta property=\"og:site_name\" content=\"NailKnowledge\" \/>\n<meta property=\"article:modified_time\" content=\"2026-03-11T15:07:35+00:00\" \/>\n<meta name=\"twitter:card\" content=\"summary_large_image\" \/>\n<meta name=\"twitter:label1\" content=\"Est. tempo de leitura\" \/>\n\t<meta name=\"twitter:data1\" content=\"4 minutos\" \/>\n<script type=\"application\/ld+json\" class=\"yoast-schema-graph\">{\"@context\":\"https:\\\/\\\/schema.org\",\"@graph\":[{\"@type\":\"WebPage\",\"@id\":\"https:\\\/\\\/nailknowledge.org\\\/frequently-asked-questions\",\"url\":\"https:\\\/\\\/nailknowledge.org\\\/frequently-asked-questions\",\"name\":\"Frequently Asked Questions - NailKnowledge\",\"isPartOf\":{\"@id\":\"https:\\\/\\\/new.nailknowledge.org\\\/#website\"},\"datePublished\":\"2021-01-21T15:18:42+00:00\",\"dateModified\":\"2026-03-11T15:07:35+00:00\",\"breadcrumb\":{\"@id\":\"https:\\\/\\\/nailknowledge.org\\\/frequently-asked-questions#breadcrumb\"},\"inLanguage\":\"pt-BR\",\"potentialAction\":[{\"@type\":\"ReadAction\",\"target\":[\"https:\\\/\\\/nailknowledge.org\\\/frequently-asked-questions\"]}]},{\"@type\":\"BreadcrumbList\",\"@id\":\"https:\\\/\\\/nailknowledge.org\\\/frequently-asked-questions#breadcrumb\",\"itemListElement\":[{\"@type\":\"ListItem\",\"position\":1,\"name\":\"Home\",\"item\":\"https:\\\/\\\/nailknowledge.org\\\/\"},{\"@type\":\"ListItem\",\"position\":2,\"name\":\"Frequently Asked Questions\"}]},{\"@type\":\"WebSite\",\"@id\":\"https:\\\/\\\/new.nailknowledge.org\\\/#website\",\"url\":\"https:\\\/\\\/new.nailknowledge.org\\\/\",\"name\":\"NailKnowledge\",\"description\":\"\",\"publisher\":{\"@id\":\"https:\\\/\\\/new.nailknowledge.org\\\/#organization\"},\"potentialAction\":[{\"@type\":\"SearchAction\",\"target\":{\"@type\":\"EntryPoint\",\"urlTemplate\":\"https:\\\/\\\/new.nailknowledge.org\\\/?s={search_term_string}\"},\"query-input\":{\"@type\":\"PropertyValueSpecification\",\"valueRequired\":true,\"valueName\":\"search_term_string\"}}],\"inLanguage\":\"pt-BR\"},{\"@type\":\"Organization\",\"@id\":\"https:\\\/\\\/new.nailknowledge.org\\\/#organization\",\"name\":\"NailKnowledge\",\"url\":\"https:\\\/\\\/new.nailknowledge.org\\\/\",\"logo\":{\"@type\":\"ImageObject\",\"inLanguage\":\"pt-BR\",\"@id\":\"https:\\\/\\\/new.nailknowledge.org\\\/#\\\/schema\\\/logo\\\/image\\\/\",\"url\":\"https:\\\/\\\/nailknowledge.org\\\/wp-content\\\/uploads\\\/2026\\\/03\\\/KN-Logo-1.webp\",\"contentUrl\":\"https:\\\/\\\/nailknowledge.org\\\/wp-content\\\/uploads\\\/2026\\\/03\\\/KN-Logo-1.webp\",\"width\":542,\"height\":100,\"caption\":\"NailKnowledge\"},\"image\":{\"@id\":\"https:\\\/\\\/new.nailknowledge.org\\\/#\\\/schema\\\/logo\\\/image\\\/\"}}]}<\/script>\n<!-- \/ Yoast SEO plugin. -->","yoast_head_json":{"title":"Perguntas frequentes - NailKnowledge","robots":{"index":"index","follow":"follow","max-snippet":"max-snippet:-1","max-image-preview":"max-image-preview:large","max-video-preview":"max-video-preview:-1"},"canonical":"https:\/\/nailknowledge.org\/pt\/perguntas-frequentes-2\/","og_locale":"pt_BR","og_type":"article","og_title":"Frequently Asked Questions - NailKnowledge","og_description":"Frequently Asked Questions Here are answers to the most commonly asked questions about our course. How long can I see the NailKnowledge course? You have a lifetime access to the course and can revisit it as often as you like. Is this course accredited? No.Regulated and unregulated (accredited) courses are Qualifications. NailKnowledge is a SUPPORT [&hellip;]","og_url":"https:\/\/nailknowledge.org\/pt\/perguntas-frequentes-2\/","og_site_name":"NailKnowledge","article_modified_time":"2026-03-11T15:07:35+00:00","twitter_card":"summary_large_image","twitter_misc":{"Est. tempo de leitura":"4 minutos"},"schema":{"@context":"https:\/\/schema.org","@graph":[{"@type":"WebPage","@id":"https:\/\/nailknowledge.org\/frequently-asked-questions","url":"https:\/\/nailknowledge.org\/frequently-asked-questions","name":"Perguntas frequentes - NailKnowledge","isPartOf":{"@id":"https:\/\/new.nailknowledge.org\/#website"},"datePublished":"2021-01-21T15:18:42+00:00","dateModified":"2026-03-11T15:07:35+00:00","breadcrumb":{"@id":"https:\/\/nailknowledge.org\/frequently-asked-questions#breadcrumb"},"inLanguage":"pt-BR","potentialAction":[{"@type":"ReadAction","target":["https:\/\/nailknowledge.org\/frequently-asked-questions"]}]},{"@type":"BreadcrumbList","@id":"https:\/\/nailknowledge.org\/frequently-asked-questions#breadcrumb","itemListElement":[{"@type":"ListItem","position":1,"name":"Home","item":"https:\/\/nailknowledge.org\/"},{"@type":"ListItem","position":2,"name":"Frequently Asked Questions"}]},{"@type":"WebSite","@id":"https:\/\/new.nailknowledge.org\/#website","url":"https:\/\/new.nailknowledge.org\/","name":"NailKnowledge","description":"","publisher":{"@id":"https:\/\/new.nailknowledge.org\/#organization"},"potentialAction":[{"@type":"SearchAction","target":{"@type":"EntryPoint","urlTemplate":"https:\/\/new.nailknowledge.org\/?s={search_term_string}"},"query-input":{"@type":"PropertyValueSpecification","valueRequired":true,"valueName":"search_term_string"}}],"inLanguage":"pt-BR"},{"@type":"Organization","@id":"https:\/\/new.nailknowledge.org\/#organization","name":"NailKnowledge","url":"https:\/\/new.nailknowledge.org\/","logo":{"@type":"ImageObject","inLanguage":"pt-BR","@id":"https:\/\/new.nailknowledge.org\/#\/schema\/logo\/image\/","url":"https:\/\/nailknowledge.org\/wp-content\/uploads\/2026\/03\/KN-Logo-1.webp","contentUrl":"https:\/\/nailknowledge.org\/wp-content\/uploads\/2026\/03\/KN-Logo-1.webp","width":542,"height":100,"caption":"NailKnowledge"},"image":{"@id":"https:\/\/new.nailknowledge.org\/#\/schema\/logo\/image\/"}}]}},"_links":{"self":[{"href":"https:\/\/nailknowledge.org\/pt\/wp-json\/wp\/v2\/pages\/33039","targetHints":{"allow":["GET"]}}],"collection":[{"href":"https:\/\/nailknowledge.org\/pt\/wp-json\/wp\/v2\/pages"}],"about":[{"href":"https:\/\/nailknowledge.org\/pt\/wp-json\/wp\/v2\/types\/page"}],"author":[{"embeddable":true,"href":"https:\/\/nailknowledge.org\/pt\/wp-json\/wp\/v2\/users\/35"}],"replies":[{"embeddable":true,"href":"https:\/\/nailknowledge.org\/pt\/wp-json\/wp\/v2\/comments?post=33039"}],"version-history":[{"count":5,"href":"https:\/\/nailknowledge.org\/pt\/wp-json\/wp\/v2\/pages\/33039\/revisions"}],"predecessor-version":[{"id":164191,"href":"https:\/\/nailknowledge.org\/pt\/wp-json\/wp\/v2\/pages\/33039\/revisions\/164191"}],"wp:attachment":[{"href":"https:\/\/nailknowledge.org\/pt\/wp-json\/wp\/v2\/media?parent=33039"}],"curies":[{"name":"wp","href":"https:\/\/api.w.org\/{rel}","templated":true}]}}