{"id":34077,"date":"2021-02-08T10:10:13","date_gmt":"2021-02-08T10:10:13","guid":{"rendered":"https:\/\/nailknowledge.org\/?page_id=34077"},"modified":"2021-02-08T15:41:49","modified_gmt":"2021-02-08T15:41:49","slug":"aula-experimental-2","status":"publish","type":"page","link":"https:\/\/nailknowledge.org\/pt\/taster-lesson","title":{"rendered":"Aula experimental"},"content":{"rendered":"<p><img loading=\"eager\" fetchpriority=\"high\" decoding=\"async\" width=\"1541\" height=\"542\" src=\"https:\/\/nailknowledge.org\/wp-content\/uploads\/2021\/02\/NK-taster-Lesson-no-button-V2.png\" alt=\"Aula experimental\" srcset=\"https:\/\/nailknowledge.org\/wp-content\/uploads\/2021\/02\/NK-taster-Lesson-no-button-V2.png 1541w, https:\/\/nailknowledge.org\/wp-content\/uploads\/2021\/02\/NK-taster-Lesson-no-button-V2-300x106.png 300w, https:\/\/nailknowledge.org\/wp-content\/uploads\/2021\/02\/NK-taster-Lesson-no-button-V2-1024x360.png 1024w, https:\/\/nailknowledge.org\/wp-content\/uploads\/2021\/02\/NK-taster-Lesson-no-button-V2-768x270.png 768w, https:\/\/nailknowledge.org\/wp-content\/uploads\/2021\/02\/NK-taster-Lesson-no-button-V2-1536x540.png 1536w, https:\/\/nailknowledge.org\/wp-content\/uploads\/2021\/02\/NK-taster-Lesson-no-button-V2-400x141.png 400w, https:\/\/nailknowledge.org\/wp-content\/uploads\/2021\/02\/NK-taster-Lesson-no-button-V2-600x211.png 600w\" sizes=\"auto, (max-width: 1541px) 100vw, 1541px\" \/><br \/>\n\t\t\t\t\t\t\t\t\t\t<img decoding=\"async\" width=\"1541\" height=\"542\" src=\"https:\/\/nailknowledge.org\/wp-content\/uploads\/2021\/02\/NK-taster-Lesson-no-button-V2.png\" alt=\"Aula experimental\" loading=\"lazy\" srcset=\"https:\/\/nailknowledge.org\/wp-content\/uploads\/2021\/02\/NK-taster-Lesson-no-button-V2.png 1541w, https:\/\/nailknowledge.org\/wp-content\/uploads\/2021\/02\/NK-taster-Lesson-no-button-V2-300x106.png 300w, https:\/\/nailknowledge.org\/wp-content\/uploads\/2021\/02\/NK-taster-Lesson-no-button-V2-1024x360.png 1024w, https:\/\/nailknowledge.org\/wp-content\/uploads\/2021\/02\/NK-taster-Lesson-no-button-V2-768x270.png 768w, https:\/\/nailknowledge.org\/wp-content\/uploads\/2021\/02\/NK-taster-Lesson-no-button-V2-1536x540.png 1536w, https:\/\/nailknowledge.org\/wp-content\/uploads\/2021\/02\/NK-taster-Lesson-no-button-V2-400x141.png 400w, https:\/\/nailknowledge.org\/wp-content\/uploads\/2021\/02\/NK-taster-Lesson-no-button-V2-600x211.png 600w\" sizes=\"auto, (max-width: 1541px) 100vw, 1541px\" \/><br \/>\n\t\t\t<iframe width=\"100%\" allowfullscreen=\"true\" src=\"https:\/\/nailknowledge.org\/wp-content\/uploads\/taster\/v4\/story.html\"><\/iframe><a href=\"#\">Tela cheia<\/a><br \/>\n<a href=\"#\"><\/a>\t\t<\/p>\n<h2 style=\"text-align: center;\">D\u00ea o pr\u00f3ximo passo em sua carreira de pregoeiro<\/h2>\n<p style=\"text-align: center;\"><strong>Se voc\u00ea est\u00e1 seguindo sua paix\u00e3o, procurando <\/strong><strong>mestre em qu\u00edmica de produtos ou deseja obter mais informa\u00e7\u00f5es <\/strong><strong>qualifica\u00e7\u00f5es que o diferenciem de outros empregos <\/strong><strong>candidatos - o NailKnowledge est\u00e1 aqui para apoi\u00e1-lo.<\/strong><\/p>\n<p>\t\t\t<a href=\"https:\/\/nailknowledge.org\/pt\/cursos\/o-diploma-essencial-para-profissionais-de-unhas\/\" role=\"button\"><br \/>\n\t\t\t\t\t\tComece a aprender<br \/>\n\t\t\t\t\t<\/a><\/p>","protected":false},"excerpt":{"rendered":"<p>Full Screen Take the Next Step in your Nail Career Whether you are following your passion, looking to master Product Chemistry or want some additional qualifications to set you apart from other job applicants &#8211; NailKnowledge is here to support you. Start learning<\/p>","protected":false},"author":35,"featured_media":0,"parent":0,"menu_order":0,"comment_status":"closed","ping_status":"closed","template":"","meta":{"_yoast_wpseo_focuskw":"","_yoast_wpseo_metadesc":"","_genesis_hide_title":false,"_genesis_hide_breadcrumbs":false,"_genesis_hide_singular_image":false,"_genesis_hide_footer_widgets":false,"_genesis_custom_body_class":"","_genesis_custom_post_class":"","_genesis_layout":"","footnotes":""},"class_list":{"0":"post-34077","1":"page","2":"type-page","3":"status-publish","5":"entry"},"yoast_head":"<!-- This site is optimized with the Yoast SEO plugin v27.4 - https:\/\/yoast.com\/product\/yoast-seo-wordpress\/ -->\n<title>Taster Lesson - NailKnowledge<\/title>\n<meta name=\"robots\" content=\"index, follow, max-snippet:-1, max-image-preview:large, max-video-preview:-1\" \/>\n<link rel=\"canonical\" href=\"https:\/\/nailknowledge.org\/pt\/aula-experimental-2\/\" \/>\n<meta property=\"og:locale\" content=\"pt_BR\" \/>\n<meta property=\"og:type\" content=\"article\" \/>\n<meta property=\"og:title\" content=\"Taster Lesson - NailKnowledge\" \/>\n<meta property=\"og:description\" content=\"Full Screen Take the Next Step in your Nail Career Whether you are following your passion, looking to master Product Chemistry or want some additional qualifications to set you apart from other job applicants &#8211; NailKnowledge is here to support you. Start learning\" \/>\n<meta property=\"og:url\" content=\"https:\/\/nailknowledge.org\/pt\/aula-experimental-2\/\" \/>\n<meta property=\"og:site_name\" content=\"NailKnowledge\" \/>\n<meta property=\"article:modified_time\" content=\"2021-02-08T15:41:49+00:00\" \/>\n<meta property=\"og:image\" content=\"https:\/\/nailknowledge.org\/wp-content\/uploads\/2023\/03\/image002.jpg\" \/>\n\t<meta property=\"og:image:width\" content=\"545\" \/>\n\t<meta property=\"og:image:height\" content=\"295\" \/>\n\t<meta property=\"og:image:type\" content=\"image\/jpeg\" \/>\n<meta name=\"twitter:card\" content=\"summary_large_image\" \/>\n<meta name=\"twitter:label1\" content=\"Est. tempo de leitura\" \/>\n\t<meta name=\"twitter:data1\" content=\"1 minuto\" \/>\n<script type=\"application\/ld+json\" class=\"yoast-schema-graph\">{\"@context\":\"https:\\\/\\\/schema.org\",\"@graph\":[{\"@type\":\"WebPage\",\"@id\":\"https:\\\/\\\/nailknowledge.org\\\/taster-lesson\",\"url\":\"https:\\\/\\\/nailknowledge.org\\\/taster-lesson\",\"name\":\"Taster Lesson - NailKnowledge\",\"isPartOf\":{\"@id\":\"https:\\\/\\\/new.nailknowledge.org\\\/#website\"},\"primaryImageOfPage\":{\"@id\":\"https:\\\/\\\/nailknowledge.org\\\/taster-lesson#primaryimage\"},\"image\":{\"@id\":\"https:\\\/\\\/nailknowledge.org\\\/taster-lesson#primaryimage\"},\"thumbnailUrl\":\"https:\\\/\\\/nailknowledge.org\\\/wp-content\\\/uploads\\\/2021\\\/02\\\/NK-taster-Lesson-no-button-V2.png\",\"datePublished\":\"2021-02-08T10:10:13+00:00\",\"dateModified\":\"2021-02-08T15:41:49+00:00\",\"breadcrumb\":{\"@id\":\"https:\\\/\\\/nailknowledge.org\\\/taster-lesson#breadcrumb\"},\"inLanguage\":\"pt-BR\",\"potentialAction\":[{\"@type\":\"ReadAction\",\"target\":[\"https:\\\/\\\/nailknowledge.org\\\/taster-lesson\"]}]},{\"@type\":\"ImageObject\",\"inLanguage\":\"pt-BR\",\"@id\":\"https:\\\/\\\/nailknowledge.org\\\/taster-lesson#primaryimage\",\"url\":\"https:\\\/\\\/nailknowledge.org\\\/wp-content\\\/uploads\\\/2021\\\/02\\\/NK-taster-Lesson-no-button-V2.png\",\"contentUrl\":\"https:\\\/\\\/nailknowledge.org\\\/wp-content\\\/uploads\\\/2021\\\/02\\\/NK-taster-Lesson-no-button-V2.png\"},{\"@type\":\"BreadcrumbList\",\"@id\":\"https:\\\/\\\/nailknowledge.org\\\/taster-lesson#breadcrumb\",\"itemListElement\":[{\"@type\":\"ListItem\",\"position\":1,\"name\":\"Home\",\"item\":\"https:\\\/\\\/nailknowledge.org\\\/\"},{\"@type\":\"ListItem\",\"position\":2,\"name\":\"Taster Lesson\"}]},{\"@type\":\"WebSite\",\"@id\":\"https:\\\/\\\/new.nailknowledge.org\\\/#website\",\"url\":\"https:\\\/\\\/new.nailknowledge.org\\\/\",\"name\":\"NailKnowledge\",\"description\":\"\",\"publisher\":{\"@id\":\"https:\\\/\\\/new.nailknowledge.org\\\/#organization\"},\"potentialAction\":[{\"@type\":\"SearchAction\",\"target\":{\"@type\":\"EntryPoint\",\"urlTemplate\":\"https:\\\/\\\/new.nailknowledge.org\\\/?s={search_term_string}\"},\"query-input\":{\"@type\":\"PropertyValueSpecification\",\"valueRequired\":true,\"valueName\":\"search_term_string\"}}],\"inLanguage\":\"pt-BR\"},{\"@type\":\"Organization\",\"@id\":\"https:\\\/\\\/new.nailknowledge.org\\\/#organization\",\"name\":\"NailKnowledge\",\"url\":\"https:\\\/\\\/new.nailknowledge.org\\\/\",\"logo\":{\"@type\":\"ImageObject\",\"inLanguage\":\"pt-BR\",\"@id\":\"https:\\\/\\\/new.nailknowledge.org\\\/#\\\/schema\\\/logo\\\/image\\\/\",\"url\":\"https:\\\/\\\/nailknowledge.org\\\/wp-content\\\/uploads\\\/2026\\\/03\\\/KN-Logo-1.webp\",\"contentUrl\":\"https:\\\/\\\/nailknowledge.org\\\/wp-content\\\/uploads\\\/2026\\\/03\\\/KN-Logo-1.webp\",\"width\":542,\"height\":100,\"caption\":\"NailKnowledge\"},\"image\":{\"@id\":\"https:\\\/\\\/new.nailknowledge.org\\\/#\\\/schema\\\/logo\\\/image\\\/\"}}]}<\/script>\n<!-- \/ Yoast SEO plugin. -->","yoast_head_json":{"title":"Aula de demonstra\u00e7\u00e3o - NailKnowledge","robots":{"index":"index","follow":"follow","max-snippet":"max-snippet:-1","max-image-preview":"max-image-preview:large","max-video-preview":"max-video-preview:-1"},"canonical":"https:\/\/nailknowledge.org\/pt\/aula-experimental-2\/","og_locale":"pt_BR","og_type":"article","og_title":"Taster Lesson - NailKnowledge","og_description":"Full Screen Take the Next Step in your Nail Career Whether you are following your passion, looking to master Product Chemistry or want some additional qualifications to set you apart from other job applicants &#8211; NailKnowledge is here to support you. Start learning","og_url":"https:\/\/nailknowledge.org\/pt\/aula-experimental-2\/","og_site_name":"NailKnowledge","article_modified_time":"2021-02-08T15:41:49+00:00","og_image":[{"width":545,"height":295,"url":"https:\/\/nailknowledge.org\/wp-content\/uploads\/2023\/03\/image002.jpg","type":"image\/jpeg"}],"twitter_card":"summary_large_image","twitter_misc":{"Est. tempo de leitura":"1 minuto"},"schema":{"@context":"https:\/\/schema.org","@graph":[{"@type":"WebPage","@id":"https:\/\/nailknowledge.org\/taster-lesson","url":"https:\/\/nailknowledge.org\/taster-lesson","name":"Aula de demonstra\u00e7\u00e3o - NailKnowledge","isPartOf":{"@id":"https:\/\/new.nailknowledge.org\/#website"},"primaryImageOfPage":{"@id":"https:\/\/nailknowledge.org\/taster-lesson#primaryimage"},"image":{"@id":"https:\/\/nailknowledge.org\/taster-lesson#primaryimage"},"thumbnailUrl":"https:\/\/nailknowledge.org\/wp-content\/uploads\/2021\/02\/NK-taster-Lesson-no-button-V2.png","datePublished":"2021-02-08T10:10:13+00:00","dateModified":"2021-02-08T15:41:49+00:00","breadcrumb":{"@id":"https:\/\/nailknowledge.org\/taster-lesson#breadcrumb"},"inLanguage":"pt-BR","potentialAction":[{"@type":"ReadAction","target":["https:\/\/nailknowledge.org\/taster-lesson"]}]},{"@type":"ImageObject","inLanguage":"pt-BR","@id":"https:\/\/nailknowledge.org\/taster-lesson#primaryimage","url":"https:\/\/nailknowledge.org\/wp-content\/uploads\/2021\/02\/NK-taster-Lesson-no-button-V2.png","contentUrl":"https:\/\/nailknowledge.org\/wp-content\/uploads\/2021\/02\/NK-taster-Lesson-no-button-V2.png"},{"@type":"BreadcrumbList","@id":"https:\/\/nailknowledge.org\/taster-lesson#breadcrumb","itemListElement":[{"@type":"ListItem","position":1,"name":"Home","item":"https:\/\/nailknowledge.org\/"},{"@type":"ListItem","position":2,"name":"Taster Lesson"}]},{"@type":"WebSite","@id":"https:\/\/new.nailknowledge.org\/#website","url":"https:\/\/new.nailknowledge.org\/","name":"NailKnowledge","description":"","publisher":{"@id":"https:\/\/new.nailknowledge.org\/#organization"},"potentialAction":[{"@type":"SearchAction","target":{"@type":"EntryPoint","urlTemplate":"https:\/\/new.nailknowledge.org\/?s={search_term_string}"},"query-input":{"@type":"PropertyValueSpecification","valueRequired":true,"valueName":"search_term_string"}}],"inLanguage":"pt-BR"},{"@type":"Organization","@id":"https:\/\/new.nailknowledge.org\/#organization","name":"NailKnowledge","url":"https:\/\/new.nailknowledge.org\/","logo":{"@type":"ImageObject","inLanguage":"pt-BR","@id":"https:\/\/new.nailknowledge.org\/#\/schema\/logo\/image\/","url":"https:\/\/nailknowledge.org\/wp-content\/uploads\/2026\/03\/KN-Logo-1.webp","contentUrl":"https:\/\/nailknowledge.org\/wp-content\/uploads\/2026\/03\/KN-Logo-1.webp","width":542,"height":100,"caption":"NailKnowledge"},"image":{"@id":"https:\/\/new.nailknowledge.org\/#\/schema\/logo\/image\/"}}]}},"_links":{"self":[{"href":"https:\/\/nailknowledge.org\/pt\/wp-json\/wp\/v2\/pages\/34077","targetHints":{"allow":["GET"]}}],"collection":[{"href":"https:\/\/nailknowledge.org\/pt\/wp-json\/wp\/v2\/pages"}],"about":[{"href":"https:\/\/nailknowledge.org\/pt\/wp-json\/wp\/v2\/types\/page"}],"author":[{"embeddable":true,"href":"https:\/\/nailknowledge.org\/pt\/wp-json\/wp\/v2\/users\/35"}],"replies":[{"embeddable":true,"href":"https:\/\/nailknowledge.org\/pt\/wp-json\/wp\/v2\/comments?post=34077"}],"version-history":[{"count":0,"href":"https:\/\/nailknowledge.org\/pt\/wp-json\/wp\/v2\/pages\/34077\/revisions"}],"wp:attachment":[{"href":"https:\/\/nailknowledge.org\/pt\/wp-json\/wp\/v2\/media?parent=34077"}],"curies":[{"name":"wp","href":"https:\/\/api.w.org\/{rel}","templated":true}]}}