{"id":40569,"date":"2021-09-16T12:36:07","date_gmt":"2021-09-16T12:36:07","guid":{"rendered":"https:\/\/nailknowledge.org\/?page_id=40569"},"modified":"2025-10-27T17:36:14","modified_gmt":"2025-10-27T17:36:14","slug":"crachas-do-nailknowledge","status":"publish","type":"page","link":"https:\/\/nailknowledge.org\/pt\/nailknowledge-badges","title":{"rendered":"Crach\u00e1s"},"content":{"rendered":"<div style=\"height:40px\" aria-hidden=\"true\" class=\"wp-block-spacer\"><\/div>\n\n\n\n<h1 class=\"wp-block-heading has-text-align-center\">Crach\u00e1s digitais do NailKnowledge<\/h1>\n\n\n\n<div class=\"wp-block-group containter-max-width-1200\"><div class=\"wp-block-group__inner-container is-layout-constrained wp-block-group-is-layout-constrained\">\n<p>Quando voc\u00ea \u00e9 aprovado em um curso do NailKnowledge, sua conquista pode ser mostrada exibindo seu&nbsp;<strong>Distintivo digital NailKnowledge<\/strong>O conhecimento de um assunto \u00e9 uma representa\u00e7\u00e3o visual \u00fanica e verific\u00e1vel da obten\u00e7\u00e3o do n\u00edvel necess\u00e1rio de habilidade e conhecimento no assunto.&nbsp;<\/p>\n\n\n\n<div class=\"wp-block-columns is-layout-flex wp-container-core-columns-is-layout-9d6595d7 wp-block-columns-is-layout-flex\">\n<div class=\"wp-block-column is-layout-flow wp-block-column-is-layout-flow\"><div class=\"wp-block-image\">\n<figure class=\"aligncenter\"><a href=\"https:\/\/nailknowledge.org\/pt\/crachas-do-nailknowledge\/o-cracha-da-unidade-de-unhas\/\"><img loading=\"eager\" fetchpriority=\"high\" decoding=\"async\" src=\"https:\/\/nailknowledge.org\/wp-content\/uploads\/2021\/09\/NailKnowledge_badge_The-Nail-Unit-300x300.png\" alt=\"\"\/><\/a><figcaption class=\"wp-element-caption\">a unidade das unhas<\/figcaption><\/figure>\n<\/div><\/div>\n\n\n\n<div class=\"wp-block-column is-layout-flow wp-block-column-is-layout-flow\"><div class=\"wp-block-image\">\n<figure class=\"aligncenter\"><a href=\"https:\/\/nailknowledge.org\/pt\/crachas-do-nailknowledge\/quimica-do-produto\/\"><img loading=\"lazy\" decoding=\"async\" src=\"https:\/\/nailknowledge.org\/wp-content\/uploads\/2021\/09\/NailKnowledge_badge_Product-Chemistry-1-300x300.png\" alt=\"\"\/><\/a><figcaption class=\"wp-element-caption\">Qu\u00edmica dos produtos<\/figcaption><\/figure>\n<\/div><\/div>\n\n\n\n<div class=\"wp-block-column is-layout-flow wp-block-column-is-layout-flow\"><div class=\"wp-block-image\">\n<figure class=\"aligncenter\"><a href=\"https:\/\/nailknowledge.org\/pt\/crachas-do-nailknowledge\/saude-e-seguranca\/\"><img loading=\"lazy\" decoding=\"async\" src=\"https:\/\/nailknowledge.org\/wp-content\/uploads\/2021\/09\/NailKnowledge_badge_Health-Safety-2-300x300.png\" alt=\"\"\/><\/a><figcaption class=\"wp-element-caption\">Sa\u00fade e seguran\u00e7a<\/figcaption><\/figure>\n<\/div><\/div>\n\n\n\n<div class=\"wp-block-column is-layout-flow wp-block-column-is-layout-flow\"><div class=\"wp-block-image\">\n<figure class=\"aligncenter\"><a href=\"https:\/\/nailknowledge.org\/pt\/crachas-do-nailknowledge\/profissional-certificado-em-conhecimento-de-unhas\/\"><img loading=\"lazy\" decoding=\"async\" src=\"https:\/\/nailknowledge.org\/wp-content\/uploads\/2021\/09\/CERTIFIED-NAIL-KNOWLEDGE-PROFESSIONAL-BADGES-1-300x300.png\" alt=\"\"\/><\/a><figcaption class=\"wp-element-caption\">Profissional certificado do NailKnowledge<\/figcaption><\/figure>\n<\/div><\/div>\n<\/div>\n\n\n\n<div class=\"wp-block-columns is-layout-flex wp-container-core-columns-is-layout-9d6595d7 wp-block-columns-is-layout-flex\">\n<div class=\"wp-block-column is-layout-flow wp-block-column-is-layout-flow\"><\/div>\n\n\n\n<div class=\"wp-block-column is-layout-flow wp-block-column-is-layout-flow\"><div class=\"wp-block-image\">\n<figure class=\"aligncenter\"><a href=\"https:\/\/nailknowledge.org\/pt\/crachas-do-nailknowledge\/energia-uv-e-geis-uv-2\/\"><img loading=\"lazy\" decoding=\"async\" src=\"https:\/\/nailknowledge.org\/wp-content\/uploads\/2022\/04\/NailKnowledge_badge_UV-Energy-Gels-512.png\" alt=\"\"\/><\/a><figcaption class=\"wp-element-caption\">Energia UV e g\u00e9is<\/figcaption><\/figure>\n<\/div><\/div>\n\n\n\n<div class=\"wp-block-column is-layout-flow wp-block-column-is-layout-flow\"><div class=\"wp-block-image\">\n<figure class=\"aligncenter\"><a href=\"https:\/\/nailknowledge.org\/pt\/crachas-do-nailknowledge\/alergias-e-como-elas-ocorrem-cracha-digital\/\"><img loading=\"lazy\" decoding=\"async\" src=\"https:\/\/nailknowledge.org\/wp-content\/uploads\/2022\/06\/NailKnowledge_badge_Nail-Allergies-1.png\" alt=\"\"\/><\/a><figcaption class=\"wp-element-caption\">Alergias e como elas ocorrem<\/figcaption><\/figure>\n<\/div><\/div>\n\n\n\n<div class=\"wp-block-column is-layout-flow wp-block-column-is-layout-flow\"><\/div>\n<\/div>\n\n\n\n<p>Atualmente, temos seis crach\u00e1s digitais que representam cada uma de nossas tr\u00eas masterclasses (Unidade de Unhas, Qu\u00edmica de Produtos e Sa\u00fade e Seguran\u00e7a), nosso diploma NailKnowledge Professional, Alergias e como elas acontecem e nosso curso de curta dura\u00e7\u00e3o de Energia UV e G\u00e9is UV.<\/p>\n\n\n\n<p>Esses crach\u00e1s foram projetados para uso on-line, pois podem ser verificados com um clique do mouse, e foram criados para serem facilmente compartilhados nas m\u00eddias sociais, mas voc\u00ea tamb\u00e9m pode imprimi-los e exibi-los ou inclu\u00ed-los no seu curr\u00edculo.<\/p>\n<\/div><\/div>\n\n\n\n<p><\/p>","protected":false},"excerpt":{"rendered":"<p>NailKnowledge Digital Badges When you successfully pass a NailKnowledge course, your achievement can be shown by displaying your&nbsp;NailKnowledge Digital Badge, a unique and verifiable visual representation of achieving the necessary level of skill and knowledge in the subject matter.&nbsp; We currently have six digital badges representing each of our three masterclasses (the Nail Unit, Product [&hellip;]<\/p>\n","protected":false},"author":35,"featured_media":0,"parent":0,"menu_order":0,"comment_status":"closed","ping_status":"closed","template":"","meta":{"_genesis_hide_title":false,"_genesis_hide_breadcrumbs":false,"_genesis_hide_singular_image":false,"_genesis_hide_footer_widgets":false,"_genesis_custom_body_class":"","_genesis_custom_post_class":"","_genesis_layout":"","footnotes":""},"class_list":{"0":"post-40569","1":"page","2":"type-page","3":"status-publish","5":"entry"},"yoast_head":"<!-- This site is optimized with the Yoast SEO plugin v27.3 - https:\/\/yoast.com\/product\/yoast-seo-wordpress\/ -->\n<title>Badges - NailKnowledge<\/title>\n<meta name=\"robots\" content=\"index, follow, max-snippet:-1, max-image-preview:large, max-video-preview:-1\" \/>\n<link rel=\"canonical\" href=\"https:\/\/nailknowledge.org\/pt\/crachas-do-nailknowledge\/\" \/>\n<meta property=\"og:locale\" content=\"pt_BR\" \/>\n<meta property=\"og:type\" content=\"article\" \/>\n<meta property=\"og:title\" content=\"Badges - NailKnowledge\" \/>\n<meta property=\"og:description\" content=\"NailKnowledge Digital Badges When you successfully pass a NailKnowledge course, your achievement can be shown by displaying your&nbsp;NailKnowledge Digital Badge, a unique and verifiable visual representation of achieving the necessary level of skill and knowledge in the subject matter.&nbsp; We currently have six digital badges representing each of our three masterclasses (the Nail Unit, Product [&hellip;]\" \/>\n<meta property=\"og:url\" content=\"https:\/\/nailknowledge.org\/pt\/crachas-do-nailknowledge\/\" \/>\n<meta property=\"og:site_name\" content=\"NailKnowledge\" \/>\n<meta property=\"article:modified_time\" content=\"2025-10-27T17:36:14+00:00\" \/>\n<meta property=\"og:image\" content=\"https:\/\/nailknowledge.org\/wp-content\/uploads\/2021\/09\/NailKnowledge_badge_The-Nail-Unit-300x300.png\" \/>\n<meta name=\"twitter:card\" content=\"summary_large_image\" \/>\n<meta name=\"twitter:label1\" content=\"Est. tempo de leitura\" \/>\n\t<meta name=\"twitter:data1\" content=\"2 minutos\" \/>\n<script type=\"application\/ld+json\" class=\"yoast-schema-graph\">{\"@context\":\"https:\\\/\\\/schema.org\",\"@graph\":[{\"@type\":\"WebPage\",\"@id\":\"https:\\\/\\\/nailknowledge.org\\\/nailknowledge-badges\",\"url\":\"https:\\\/\\\/nailknowledge.org\\\/nailknowledge-badges\",\"name\":\"Badges - NailKnowledge\",\"isPartOf\":{\"@id\":\"https:\\\/\\\/new.nailknowledge.org\\\/#website\"},\"primaryImageOfPage\":{\"@id\":\"https:\\\/\\\/nailknowledge.org\\\/nailknowledge-badges#primaryimage\"},\"image\":{\"@id\":\"https:\\\/\\\/nailknowledge.org\\\/nailknowledge-badges#primaryimage\"},\"thumbnailUrl\":\"https:\\\/\\\/nailknowledge.org\\\/wp-content\\\/uploads\\\/2021\\\/09\\\/NailKnowledge_badge_The-Nail-Unit-300x300.png\",\"datePublished\":\"2021-09-16T12:36:07+00:00\",\"dateModified\":\"2025-10-27T17:36:14+00:00\",\"breadcrumb\":{\"@id\":\"https:\\\/\\\/nailknowledge.org\\\/nailknowledge-badges#breadcrumb\"},\"inLanguage\":\"pt-BR\",\"potentialAction\":[{\"@type\":\"ReadAction\",\"target\":[\"https:\\\/\\\/nailknowledge.org\\\/nailknowledge-badges\"]}]},{\"@type\":\"ImageObject\",\"inLanguage\":\"pt-BR\",\"@id\":\"https:\\\/\\\/nailknowledge.org\\\/nailknowledge-badges#primaryimage\",\"url\":\"https:\\\/\\\/nailknowledge.org\\\/wp-content\\\/uploads\\\/2021\\\/09\\\/NailKnowledge_badge_The-Nail-Unit-300x300.png\",\"contentUrl\":\"https:\\\/\\\/nailknowledge.org\\\/wp-content\\\/uploads\\\/2021\\\/09\\\/NailKnowledge_badge_The-Nail-Unit-300x300.png\"},{\"@type\":\"BreadcrumbList\",\"@id\":\"https:\\\/\\\/nailknowledge.org\\\/nailknowledge-badges#breadcrumb\",\"itemListElement\":[{\"@type\":\"ListItem\",\"position\":1,\"name\":\"Home\",\"item\":\"https:\\\/\\\/nailknowledge.org\\\/\"},{\"@type\":\"ListItem\",\"position\":2,\"name\":\"Badges\"}]},{\"@type\":\"WebSite\",\"@id\":\"https:\\\/\\\/new.nailknowledge.org\\\/#website\",\"url\":\"https:\\\/\\\/new.nailknowledge.org\\\/\",\"name\":\"NailKnowledge\",\"description\":\"\",\"publisher\":{\"@id\":\"https:\\\/\\\/new.nailknowledge.org\\\/#organization\"},\"potentialAction\":[{\"@type\":\"SearchAction\",\"target\":{\"@type\":\"EntryPoint\",\"urlTemplate\":\"https:\\\/\\\/new.nailknowledge.org\\\/?s={search_term_string}\"},\"query-input\":{\"@type\":\"PropertyValueSpecification\",\"valueRequired\":true,\"valueName\":\"search_term_string\"}}],\"inLanguage\":\"pt-BR\"},{\"@type\":\"Organization\",\"@id\":\"https:\\\/\\\/new.nailknowledge.org\\\/#organization\",\"name\":\"NailKnowledge\",\"url\":\"https:\\\/\\\/new.nailknowledge.org\\\/\",\"logo\":{\"@type\":\"ImageObject\",\"inLanguage\":\"pt-BR\",\"@id\":\"https:\\\/\\\/new.nailknowledge.org\\\/#\\\/schema\\\/logo\\\/image\\\/\",\"url\":\"https:\\\/\\\/nailknowledge.org\\\/wp-content\\\/uploads\\\/2026\\\/03\\\/KN-Logo-1.webp\",\"contentUrl\":\"https:\\\/\\\/nailknowledge.org\\\/wp-content\\\/uploads\\\/2026\\\/03\\\/KN-Logo-1.webp\",\"width\":542,\"height\":100,\"caption\":\"NailKnowledge\"},\"image\":{\"@id\":\"https:\\\/\\\/new.nailknowledge.org\\\/#\\\/schema\\\/logo\\\/image\\\/\"}}]}<\/script>\n<!-- \/ Yoast SEO plugin. -->","yoast_head_json":{"title":"Distintivos - NailKnowledge","robots":{"index":"index","follow":"follow","max-snippet":"max-snippet:-1","max-image-preview":"max-image-preview:large","max-video-preview":"max-video-preview:-1"},"canonical":"https:\/\/nailknowledge.org\/pt\/crachas-do-nailknowledge\/","og_locale":"pt_BR","og_type":"article","og_title":"Badges - NailKnowledge","og_description":"NailKnowledge Digital Badges When you successfully pass a NailKnowledge course, your achievement can be shown by displaying your&nbsp;NailKnowledge Digital Badge, a unique and verifiable visual representation of achieving the necessary level of skill and knowledge in the subject matter.&nbsp; We currently have six digital badges representing each of our three masterclasses (the Nail Unit, Product [&hellip;]","og_url":"https:\/\/nailknowledge.org\/pt\/crachas-do-nailknowledge\/","og_site_name":"NailKnowledge","article_modified_time":"2025-10-27T17:36:14+00:00","og_image":[{"url":"https:\/\/nailknowledge.org\/wp-content\/uploads\/2021\/09\/NailKnowledge_badge_The-Nail-Unit-300x300.png","type":"","width":"","height":""}],"twitter_card":"summary_large_image","twitter_misc":{"Est. tempo de leitura":"2 minutos"},"schema":{"@context":"https:\/\/schema.org","@graph":[{"@type":"WebPage","@id":"https:\/\/nailknowledge.org\/nailknowledge-badges","url":"https:\/\/nailknowledge.org\/nailknowledge-badges","name":"Distintivos - NailKnowledge","isPartOf":{"@id":"https:\/\/new.nailknowledge.org\/#website"},"primaryImageOfPage":{"@id":"https:\/\/nailknowledge.org\/nailknowledge-badges#primaryimage"},"image":{"@id":"https:\/\/nailknowledge.org\/nailknowledge-badges#primaryimage"},"thumbnailUrl":"https:\/\/nailknowledge.org\/wp-content\/uploads\/2021\/09\/NailKnowledge_badge_The-Nail-Unit-300x300.png","datePublished":"2021-09-16T12:36:07+00:00","dateModified":"2025-10-27T17:36:14+00:00","breadcrumb":{"@id":"https:\/\/nailknowledge.org\/nailknowledge-badges#breadcrumb"},"inLanguage":"pt-BR","potentialAction":[{"@type":"ReadAction","target":["https:\/\/nailknowledge.org\/nailknowledge-badges"]}]},{"@type":"ImageObject","inLanguage":"pt-BR","@id":"https:\/\/nailknowledge.org\/nailknowledge-badges#primaryimage","url":"https:\/\/nailknowledge.org\/wp-content\/uploads\/2021\/09\/NailKnowledge_badge_The-Nail-Unit-300x300.png","contentUrl":"https:\/\/nailknowledge.org\/wp-content\/uploads\/2021\/09\/NailKnowledge_badge_The-Nail-Unit-300x300.png"},{"@type":"BreadcrumbList","@id":"https:\/\/nailknowledge.org\/nailknowledge-badges#breadcrumb","itemListElement":[{"@type":"ListItem","position":1,"name":"Home","item":"https:\/\/nailknowledge.org\/"},{"@type":"ListItem","position":2,"name":"Badges"}]},{"@type":"WebSite","@id":"https:\/\/new.nailknowledge.org\/#website","url":"https:\/\/new.nailknowledge.org\/","name":"NailKnowledge","description":"","publisher":{"@id":"https:\/\/new.nailknowledge.org\/#organization"},"potentialAction":[{"@type":"SearchAction","target":{"@type":"EntryPoint","urlTemplate":"https:\/\/new.nailknowledge.org\/?s={search_term_string}"},"query-input":{"@type":"PropertyValueSpecification","valueRequired":true,"valueName":"search_term_string"}}],"inLanguage":"pt-BR"},{"@type":"Organization","@id":"https:\/\/new.nailknowledge.org\/#organization","name":"NailKnowledge","url":"https:\/\/new.nailknowledge.org\/","logo":{"@type":"ImageObject","inLanguage":"pt-BR","@id":"https:\/\/new.nailknowledge.org\/#\/schema\/logo\/image\/","url":"https:\/\/nailknowledge.org\/wp-content\/uploads\/2026\/03\/KN-Logo-1.webp","contentUrl":"https:\/\/nailknowledge.org\/wp-content\/uploads\/2026\/03\/KN-Logo-1.webp","width":542,"height":100,"caption":"NailKnowledge"},"image":{"@id":"https:\/\/new.nailknowledge.org\/#\/schema\/logo\/image\/"}}]}},"_links":{"self":[{"href":"https:\/\/nailknowledge.org\/pt\/wp-json\/wp\/v2\/pages\/40569","targetHints":{"allow":["GET"]}}],"collection":[{"href":"https:\/\/nailknowledge.org\/pt\/wp-json\/wp\/v2\/pages"}],"about":[{"href":"https:\/\/nailknowledge.org\/pt\/wp-json\/wp\/v2\/types\/page"}],"author":[{"embeddable":true,"href":"https:\/\/nailknowledge.org\/pt\/wp-json\/wp\/v2\/users\/35"}],"replies":[{"embeddable":true,"href":"https:\/\/nailknowledge.org\/pt\/wp-json\/wp\/v2\/comments?post=40569"}],"version-history":[{"count":5,"href":"https:\/\/nailknowledge.org\/pt\/wp-json\/wp\/v2\/pages\/40569\/revisions"}],"predecessor-version":[{"id":148094,"href":"https:\/\/nailknowledge.org\/pt\/wp-json\/wp\/v2\/pages\/40569\/revisions\/148094"}],"wp:attachment":[{"href":"https:\/\/nailknowledge.org\/pt\/wp-json\/wp\/v2\/media?parent=40569"}],"curies":[{"name":"wp","href":"https:\/\/api.w.org\/{rel}","templated":true}]}}