{"id":40579,"date":"2021-09-16T12:40:13","date_gmt":"2021-09-16T12:40:13","guid":{"rendered":"https:\/\/nailknowledge.org\/?page_id=40579"},"modified":"2022-05-10T15:44:18","modified_gmt":"2022-05-10T15:44:18","slug":"o-cracha-da-unidade-de-unhas","status":"publish","type":"page","link":"https:\/\/nailknowledge.org\/pt\/nailknowledge-badges\/the-nail-unit-badge","title":{"rendered":"a unidade das unhas"},"content":{"rendered":"<p><img loading=\"eager\" fetchpriority=\"high\" decoding=\"async\" width=\"1024\" height=\"1024\" src=\"https:\/\/nailknowledge.org\/wp-content\/uploads\/2021\/09\/NailKnowledge_badge_The-Nail-Unit-1024x1024.png\" alt=\"\" \/>\t\t\t\t\t\t\t\t\t\t\t\t\t\t<\/p>\n<h1>Distintivo digital da Unidade de Unhas<\/h1>\n<h3>Emitido por NailKnowledge<\/h3>\n<p>O Distintivo Digital da Unidade de Unhas da NailKnowledge indica que o destinat\u00e1rio foi aprovado na Masterclass da Unidade de Unhas e alcan\u00e7ou um n\u00edvel adequado de compet\u00eancia no assunto em anatomia e condi\u00e7\u00f5es das unhas.<\/p>\n<h3>Crit\u00e9rios de aprova\u00e7\u00e3o:<\/h3>\n<ul>\n<li>Concluir uma hora e vinte minutos de ensino \u00e0 dist\u00e2ncia ministrado em seis aulas <\/li>\n<li>Passar com sucesso em 12 pontos de conhecimento, 6 exames de verifica\u00e7\u00e3o de conhecimento, atingindo 100%.<\/li>\n<\/ul>\n<h3>Assuntos abordados:<\/h3>\n<ul>\n<li>Anatomia da unha<\/li>\n<li>Crescimento da placa ungueal<\/li>\n<li>Estrutura da placa ungueal<\/li>\n<li>Leito ungueal e l\u00fanula<\/li>\n<li>Veda\u00e7\u00f5es de pregos<\/li>\n<li>Condi\u00e7\u00f5es das unhas<\/li>\n<\/ul>\n<h3>Sobre o curso:<\/h3>\n<p>A Masterclass sobre a Unidade das Unhas da NailKnowledge \u00e9 o ensino mais abrangente sobre a compreens\u00e3o da unidade das unhas. Ele vai al\u00e9m da educa\u00e7\u00e3o habitual e demonstra, em um formato animado, como funciona a unidade da unha e seus componentes individuais. Saiba mais <a href=\"https:\/\/nailknowledge.org\/pt\/cursos\/nail-unit-masterclass\/\">aqui<\/a>,<\/p>","protected":false},"excerpt":{"rendered":"<p>The Nail Unit Digital Badge Issued by NailKnowledge NailKnowledge\u2019s The Nail Unit Digital Badge indicates the recipient has successfully passed the Nail Unit Masterclass and attained a suitable level of subject competence in nail anatomy and nail conditions. Pass Criteria: Complete one hour twenty minutes of distance learning taught over six lessons Successfully pass 12 [&hellip;]<\/p>\n","protected":false},"author":35,"featured_media":0,"parent":40569,"menu_order":0,"comment_status":"closed","ping_status":"closed","template":"","meta":{"_genesis_hide_title":false,"_genesis_hide_breadcrumbs":false,"_genesis_hide_singular_image":false,"_genesis_hide_footer_widgets":false,"_genesis_custom_body_class":"","_genesis_custom_post_class":"","_genesis_layout":"","footnotes":""},"class_list":{"0":"post-40579","1":"page","2":"type-page","3":"status-publish","5":"entry"},"yoast_head":"<!-- This site is optimized with the Yoast SEO plugin v27.3 - https:\/\/yoast.com\/product\/yoast-seo-wordpress\/ -->\n<title>The Nail Unit - NailKnowledge<\/title>\n<meta name=\"robots\" content=\"index, follow, max-snippet:-1, max-image-preview:large, max-video-preview:-1\" \/>\n<link rel=\"canonical\" href=\"https:\/\/nailknowledge.org\/pt\/crachas-do-nailknowledge\/o-cracha-da-unidade-de-unhas\/\" \/>\n<meta property=\"og:locale\" content=\"pt_BR\" \/>\n<meta property=\"og:type\" content=\"article\" \/>\n<meta property=\"og:title\" content=\"The Nail Unit - NailKnowledge\" \/>\n<meta property=\"og:description\" content=\"The Nail Unit Digital Badge Issued by NailKnowledge NailKnowledge\u2019s The Nail Unit Digital Badge indicates the recipient has successfully passed the Nail Unit Masterclass and attained a suitable level of subject competence in nail anatomy and nail conditions. Pass Criteria: Complete one hour twenty minutes of distance learning taught over six lessons Successfully pass 12 [&hellip;]\" \/>\n<meta property=\"og:url\" content=\"https:\/\/nailknowledge.org\/pt\/crachas-do-nailknowledge\/o-cracha-da-unidade-de-unhas\/\" \/>\n<meta property=\"og:site_name\" content=\"NailKnowledge\" \/>\n<meta property=\"article:modified_time\" content=\"2022-05-10T15:44:18+00:00\" \/>\n<meta property=\"og:image\" content=\"https:\/\/nailknowledge.org\/wp-content\/uploads\/2023\/03\/image002.jpg\" \/>\n\t<meta property=\"og:image:width\" content=\"545\" \/>\n\t<meta property=\"og:image:height\" content=\"295\" \/>\n\t<meta property=\"og:image:type\" content=\"image\/jpeg\" \/>\n<meta name=\"twitter:card\" content=\"summary_large_image\" \/>\n<meta name=\"twitter:label1\" content=\"Est. tempo de leitura\" \/>\n\t<meta name=\"twitter:data1\" content=\"1 minuto\" \/>\n<script type=\"application\/ld+json\" class=\"yoast-schema-graph\">{\"@context\":\"https:\\\/\\\/schema.org\",\"@graph\":[{\"@type\":\"WebPage\",\"@id\":\"https:\\\/\\\/nailknowledge.org\\\/nailknowledge-badges\\\/the-nail-unit-badge\",\"url\":\"https:\\\/\\\/nailknowledge.org\\\/nailknowledge-badges\\\/the-nail-unit-badge\",\"name\":\"The Nail Unit - NailKnowledge\",\"isPartOf\":{\"@id\":\"https:\\\/\\\/new.nailknowledge.org\\\/#website\"},\"primaryImageOfPage\":{\"@id\":\"https:\\\/\\\/nailknowledge.org\\\/nailknowledge-badges\\\/the-nail-unit-badge#primaryimage\"},\"image\":{\"@id\":\"https:\\\/\\\/nailknowledge.org\\\/nailknowledge-badges\\\/the-nail-unit-badge#primaryimage\"},\"thumbnailUrl\":\"https:\\\/\\\/nailknowledge.org\\\/wp-content\\\/uploads\\\/2021\\\/09\\\/NailKnowledge_badge_The-Nail-Unit-1024x1024.png\",\"datePublished\":\"2021-09-16T12:40:13+00:00\",\"dateModified\":\"2022-05-10T15:44:18+00:00\",\"breadcrumb\":{\"@id\":\"https:\\\/\\\/nailknowledge.org\\\/nailknowledge-badges\\\/the-nail-unit-badge#breadcrumb\"},\"inLanguage\":\"pt-BR\",\"potentialAction\":[{\"@type\":\"ReadAction\",\"target\":[\"https:\\\/\\\/nailknowledge.org\\\/nailknowledge-badges\\\/the-nail-unit-badge\"]}]},{\"@type\":\"ImageObject\",\"inLanguage\":\"pt-BR\",\"@id\":\"https:\\\/\\\/nailknowledge.org\\\/nailknowledge-badges\\\/the-nail-unit-badge#primaryimage\",\"url\":\"https:\\\/\\\/nailknowledge.org\\\/wp-content\\\/uploads\\\/2021\\\/09\\\/NailKnowledge_badge_The-Nail-Unit-1024x1024.png\",\"contentUrl\":\"https:\\\/\\\/nailknowledge.org\\\/wp-content\\\/uploads\\\/2021\\\/09\\\/NailKnowledge_badge_The-Nail-Unit-1024x1024.png\"},{\"@type\":\"BreadcrumbList\",\"@id\":\"https:\\\/\\\/nailknowledge.org\\\/nailknowledge-badges\\\/the-nail-unit-badge#breadcrumb\",\"itemListElement\":[{\"@type\":\"ListItem\",\"position\":1,\"name\":\"Home\",\"item\":\"https:\\\/\\\/nailknowledge.org\\\/\"},{\"@type\":\"ListItem\",\"position\":2,\"name\":\"Badges\",\"item\":\"https:\\\/\\\/nailknowledge.org\\\/nailknowledge-badges\"},{\"@type\":\"ListItem\",\"position\":3,\"name\":\"The Nail Unit\"}]},{\"@type\":\"WebSite\",\"@id\":\"https:\\\/\\\/new.nailknowledge.org\\\/#website\",\"url\":\"https:\\\/\\\/new.nailknowledge.org\\\/\",\"name\":\"NailKnowledge\",\"description\":\"\",\"publisher\":{\"@id\":\"https:\\\/\\\/new.nailknowledge.org\\\/#organization\"},\"potentialAction\":[{\"@type\":\"SearchAction\",\"target\":{\"@type\":\"EntryPoint\",\"urlTemplate\":\"https:\\\/\\\/new.nailknowledge.org\\\/?s={search_term_string}\"},\"query-input\":{\"@type\":\"PropertyValueSpecification\",\"valueRequired\":true,\"valueName\":\"search_term_string\"}}],\"inLanguage\":\"pt-BR\"},{\"@type\":\"Organization\",\"@id\":\"https:\\\/\\\/new.nailknowledge.org\\\/#organization\",\"name\":\"NailKnowledge\",\"url\":\"https:\\\/\\\/new.nailknowledge.org\\\/\",\"logo\":{\"@type\":\"ImageObject\",\"inLanguage\":\"pt-BR\",\"@id\":\"https:\\\/\\\/new.nailknowledge.org\\\/#\\\/schema\\\/logo\\\/image\\\/\",\"url\":\"https:\\\/\\\/nailknowledge.org\\\/wp-content\\\/uploads\\\/2026\\\/03\\\/KN-Logo-1.webp\",\"contentUrl\":\"https:\\\/\\\/nailknowledge.org\\\/wp-content\\\/uploads\\\/2026\\\/03\\\/KN-Logo-1.webp\",\"width\":542,\"height\":100,\"caption\":\"NailKnowledge\"},\"image\":{\"@id\":\"https:\\\/\\\/new.nailknowledge.org\\\/#\\\/schema\\\/logo\\\/image\\\/\"}}]}<\/script>\n<!-- \/ Yoast SEO plugin. -->","yoast_head_json":{"title":"A unidade de unhas - NailKnowledge","robots":{"index":"index","follow":"follow","max-snippet":"max-snippet:-1","max-image-preview":"max-image-preview:large","max-video-preview":"max-video-preview:-1"},"canonical":"https:\/\/nailknowledge.org\/pt\/crachas-do-nailknowledge\/o-cracha-da-unidade-de-unhas\/","og_locale":"pt_BR","og_type":"article","og_title":"The Nail Unit - NailKnowledge","og_description":"The Nail Unit Digital Badge Issued by NailKnowledge NailKnowledge\u2019s The Nail Unit Digital Badge indicates the recipient has successfully passed the Nail Unit Masterclass and attained a suitable level of subject competence in nail anatomy and nail conditions. Pass Criteria: Complete one hour twenty minutes of distance learning taught over six lessons Successfully pass 12 [&hellip;]","og_url":"https:\/\/nailknowledge.org\/pt\/crachas-do-nailknowledge\/o-cracha-da-unidade-de-unhas\/","og_site_name":"NailKnowledge","article_modified_time":"2022-05-10T15:44:18+00:00","og_image":[{"width":545,"height":295,"url":"https:\/\/nailknowledge.org\/wp-content\/uploads\/2023\/03\/image002.jpg","type":"image\/jpeg"}],"twitter_card":"summary_large_image","twitter_misc":{"Est. tempo de leitura":"1 minuto"},"schema":{"@context":"https:\/\/schema.org","@graph":[{"@type":"WebPage","@id":"https:\/\/nailknowledge.org\/nailknowledge-badges\/the-nail-unit-badge","url":"https:\/\/nailknowledge.org\/nailknowledge-badges\/the-nail-unit-badge","name":"A unidade de unhas - NailKnowledge","isPartOf":{"@id":"https:\/\/new.nailknowledge.org\/#website"},"primaryImageOfPage":{"@id":"https:\/\/nailknowledge.org\/nailknowledge-badges\/the-nail-unit-badge#primaryimage"},"image":{"@id":"https:\/\/nailknowledge.org\/nailknowledge-badges\/the-nail-unit-badge#primaryimage"},"thumbnailUrl":"https:\/\/nailknowledge.org\/wp-content\/uploads\/2021\/09\/NailKnowledge_badge_The-Nail-Unit-1024x1024.png","datePublished":"2021-09-16T12:40:13+00:00","dateModified":"2022-05-10T15:44:18+00:00","breadcrumb":{"@id":"https:\/\/nailknowledge.org\/nailknowledge-badges\/the-nail-unit-badge#breadcrumb"},"inLanguage":"pt-BR","potentialAction":[{"@type":"ReadAction","target":["https:\/\/nailknowledge.org\/nailknowledge-badges\/the-nail-unit-badge"]}]},{"@type":"ImageObject","inLanguage":"pt-BR","@id":"https:\/\/nailknowledge.org\/nailknowledge-badges\/the-nail-unit-badge#primaryimage","url":"https:\/\/nailknowledge.org\/wp-content\/uploads\/2021\/09\/NailKnowledge_badge_The-Nail-Unit-1024x1024.png","contentUrl":"https:\/\/nailknowledge.org\/wp-content\/uploads\/2021\/09\/NailKnowledge_badge_The-Nail-Unit-1024x1024.png"},{"@type":"BreadcrumbList","@id":"https:\/\/nailknowledge.org\/nailknowledge-badges\/the-nail-unit-badge#breadcrumb","itemListElement":[{"@type":"ListItem","position":1,"name":"Home","item":"https:\/\/nailknowledge.org\/"},{"@type":"ListItem","position":2,"name":"Badges","item":"https:\/\/nailknowledge.org\/nailknowledge-badges"},{"@type":"ListItem","position":3,"name":"The Nail Unit"}]},{"@type":"WebSite","@id":"https:\/\/new.nailknowledge.org\/#website","url":"https:\/\/new.nailknowledge.org\/","name":"NailKnowledge","description":"","publisher":{"@id":"https:\/\/new.nailknowledge.org\/#organization"},"potentialAction":[{"@type":"SearchAction","target":{"@type":"EntryPoint","urlTemplate":"https:\/\/new.nailknowledge.org\/?s={search_term_string}"},"query-input":{"@type":"PropertyValueSpecification","valueRequired":true,"valueName":"search_term_string"}}],"inLanguage":"pt-BR"},{"@type":"Organization","@id":"https:\/\/new.nailknowledge.org\/#organization","name":"NailKnowledge","url":"https:\/\/new.nailknowledge.org\/","logo":{"@type":"ImageObject","inLanguage":"pt-BR","@id":"https:\/\/new.nailknowledge.org\/#\/schema\/logo\/image\/","url":"https:\/\/nailknowledge.org\/wp-content\/uploads\/2026\/03\/KN-Logo-1.webp","contentUrl":"https:\/\/nailknowledge.org\/wp-content\/uploads\/2026\/03\/KN-Logo-1.webp","width":542,"height":100,"caption":"NailKnowledge"},"image":{"@id":"https:\/\/new.nailknowledge.org\/#\/schema\/logo\/image\/"}}]}},"_links":{"self":[{"href":"https:\/\/nailknowledge.org\/pt\/wp-json\/wp\/v2\/pages\/40579","targetHints":{"allow":["GET"]}}],"collection":[{"href":"https:\/\/nailknowledge.org\/pt\/wp-json\/wp\/v2\/pages"}],"about":[{"href":"https:\/\/nailknowledge.org\/pt\/wp-json\/wp\/v2\/types\/page"}],"author":[{"embeddable":true,"href":"https:\/\/nailknowledge.org\/pt\/wp-json\/wp\/v2\/users\/35"}],"replies":[{"embeddable":true,"href":"https:\/\/nailknowledge.org\/pt\/wp-json\/wp\/v2\/comments?post=40579"}],"version-history":[{"count":0,"href":"https:\/\/nailknowledge.org\/pt\/wp-json\/wp\/v2\/pages\/40579\/revisions"}],"up":[{"embeddable":true,"href":"https:\/\/nailknowledge.org\/pt\/wp-json\/wp\/v2\/pages\/40569"}],"wp:attachment":[{"href":"https:\/\/nailknowledge.org\/pt\/wp-json\/wp\/v2\/media?parent=40579"}],"curies":[{"name":"wp","href":"https:\/\/api.w.org\/{rel}","templated":true}]}}