{"id":40603,"date":"2021-09-16T12:42:53","date_gmt":"2021-09-16T12:42:53","guid":{"rendered":"https:\/\/nailknowledge.org\/?page_id=40603"},"modified":"2022-05-10T15:47:38","modified_gmt":"2022-05-10T15:47:38","slug":"quimica-do-produto","status":"publish","type":"page","link":"https:\/\/nailknowledge.org\/pt\/nailknowledge-badges\/product-chemistry","title":{"rendered":"Qu\u00edmica dos produtos"},"content":{"rendered":"<p><img loading=\"eager\" fetchpriority=\"high\" decoding=\"async\" width=\"1024\" height=\"1024\" src=\"https:\/\/nailknowledge.org\/wp-content\/uploads\/2021\/09\/NailKnowledge_badge_Product-Chemistry-1-1024x1024.png\" alt=\"\" \/>\t\t\t\t\t\t\t\t\t\t\t\t\t\t<\/p>\n<h1>Crach\u00e1 digital de qu\u00edmica de produto<\/h1>\n<h3>Emitido por NailKnowledge<\/h3>\n<p>O Distintivo Digital de Qu\u00edmica de Produto do NailKnowledge indica que o destinat\u00e1rio foi aprovado na Masterclass de Qu\u00edmica de Produto e alcan\u00e7ou um n\u00edvel adequado de compet\u00eancia no assunto sobre a ci\u00eancia por tr\u00e1s dos produtos usados no setor de unhas.<\/p>\n<h3>Crit\u00e9rios de aprova\u00e7\u00e3o:<\/h3>\n<ul>\n<li>Concluir mais de duas horas de ensino \u00e0 dist\u00e2ncia ministradas em cinco aulas<\/li>\n<li>Passar com sucesso em 10 pontos de conhecimento, 5 exames de verifica\u00e7\u00e3o de conhecimento, atingindo 100%.<\/li>\n<\/ul>\n<h3>Assuntos abordados:<\/h3>\n<ul>\n<li>O que \u00e9 um produto qu\u00edmico<\/li>\n<li>Lo\u00e7\u00f5es, po\u00e7\u00f5es e esmaltes<\/li>\n<li>Acr\u00edlicos e seu lugar no setor<\/li>\n<li>L\u00edquido e p\u00f3<\/li>\n<li>G\u00e9is UV e outros sistemas<\/li>\n<\/ul>\n<h3>Sobre o curso: <\/h3>\n<p>A Masterclass de Qu\u00edmica de Produtos da NailKnowledge explora a qu\u00edmica dos produtos para unhas e o que est\u00e1 acontecendo nas unhas, explicando o processo de polimeriza\u00e7\u00e3o, acr\u00edlicos, g\u00e9is UV, l\u00edquido e p\u00f3, usando anima\u00e7\u00f5es em 3D poderosas e envolventes para detalhar a ci\u00eancia complexa, para que voc\u00ea entenda as rea\u00e7\u00f5es qu\u00edmicas que est\u00e3o no centro do setor de unhas. Saiba mais\u00a0<a href=\"https:\/\/nailknowledge.org\/pt\/cursos\/product-chemistry-masterclass\/\">aqui<\/a><\/p>","protected":false},"excerpt":{"rendered":"<p>Product Chemistry Digital Badge Issued by NailKnowledge NailKnowledge\u2019s Product Chemistry Digital Badge indicates the recipient has successfully passed the Product Chemistry Masterclass and attained a suitable level of subject competence in the science behind the products used in the nail industry. Pass Criteria: Complete over two hours of distance learning taught over five lessons Successfully [&hellip;]<\/p>\n","protected":false},"author":35,"featured_media":0,"parent":40569,"menu_order":0,"comment_status":"closed","ping_status":"closed","template":"","meta":{"_yoast_wpseo_focuskw":"","_yoast_wpseo_metadesc":"","_genesis_hide_title":false,"_genesis_hide_breadcrumbs":false,"_genesis_hide_singular_image":false,"_genesis_hide_footer_widgets":false,"_genesis_custom_body_class":"","_genesis_custom_post_class":"","_genesis_layout":"","footnotes":""},"class_list":{"0":"post-40603","1":"page","2":"type-page","3":"status-publish","5":"entry"},"yoast_head":"<!-- This site is optimized with the Yoast SEO plugin v27.4 - https:\/\/yoast.com\/product\/yoast-seo-wordpress\/ -->\n<title>Product Chemistry - NailKnowledge<\/title>\n<meta name=\"robots\" content=\"index, follow, max-snippet:-1, max-image-preview:large, max-video-preview:-1\" \/>\n<link rel=\"canonical\" href=\"https:\/\/nailknowledge.org\/pt\/crachas-do-nailknowledge\/quimica-do-produto\/\" \/>\n<meta property=\"og:locale\" content=\"pt_BR\" \/>\n<meta property=\"og:type\" content=\"article\" \/>\n<meta property=\"og:title\" content=\"Product Chemistry - NailKnowledge\" \/>\n<meta property=\"og:description\" content=\"Product Chemistry Digital Badge Issued by NailKnowledge NailKnowledge\u2019s Product Chemistry Digital Badge indicates the recipient has successfully passed the Product Chemistry Masterclass and attained a suitable level of subject competence in the science behind the products used in the nail industry. Pass Criteria: Complete over two hours of distance learning taught over five lessons Successfully [&hellip;]\" \/>\n<meta property=\"og:url\" content=\"https:\/\/nailknowledge.org\/pt\/crachas-do-nailknowledge\/quimica-do-produto\/\" \/>\n<meta property=\"og:site_name\" content=\"NailKnowledge\" \/>\n<meta property=\"article:modified_time\" content=\"2022-05-10T15:47:38+00:00\" \/>\n<meta property=\"og:image\" content=\"https:\/\/nailknowledge.org\/wp-content\/uploads\/2023\/03\/image002.jpg\" \/>\n\t<meta property=\"og:image:width\" content=\"545\" \/>\n\t<meta property=\"og:image:height\" content=\"295\" \/>\n\t<meta property=\"og:image:type\" content=\"image\/jpeg\" \/>\n<meta name=\"twitter:card\" content=\"summary_large_image\" \/>\n<meta name=\"twitter:label1\" content=\"Est. tempo de leitura\" \/>\n\t<meta name=\"twitter:data1\" content=\"1 minuto\" \/>\n<script type=\"application\/ld+json\" class=\"yoast-schema-graph\">{\"@context\":\"https:\\\/\\\/schema.org\",\"@graph\":[{\"@type\":\"WebPage\",\"@id\":\"https:\\\/\\\/nailknowledge.org\\\/nailknowledge-badges\\\/product-chemistry\",\"url\":\"https:\\\/\\\/nailknowledge.org\\\/nailknowledge-badges\\\/product-chemistry\",\"name\":\"Product Chemistry - NailKnowledge\",\"isPartOf\":{\"@id\":\"https:\\\/\\\/new.nailknowledge.org\\\/#website\"},\"primaryImageOfPage\":{\"@id\":\"https:\\\/\\\/nailknowledge.org\\\/nailknowledge-badges\\\/product-chemistry#primaryimage\"},\"image\":{\"@id\":\"https:\\\/\\\/nailknowledge.org\\\/nailknowledge-badges\\\/product-chemistry#primaryimage\"},\"thumbnailUrl\":\"https:\\\/\\\/nailknowledge.org\\\/wp-content\\\/uploads\\\/2021\\\/09\\\/NailKnowledge_badge_Product-Chemistry-1-1024x1024.png\",\"datePublished\":\"2021-09-16T12:42:53+00:00\",\"dateModified\":\"2022-05-10T15:47:38+00:00\",\"breadcrumb\":{\"@id\":\"https:\\\/\\\/nailknowledge.org\\\/nailknowledge-badges\\\/product-chemistry#breadcrumb\"},\"inLanguage\":\"pt-BR\",\"potentialAction\":[{\"@type\":\"ReadAction\",\"target\":[\"https:\\\/\\\/nailknowledge.org\\\/nailknowledge-badges\\\/product-chemistry\"]}]},{\"@type\":\"ImageObject\",\"inLanguage\":\"pt-BR\",\"@id\":\"https:\\\/\\\/nailknowledge.org\\\/nailknowledge-badges\\\/product-chemistry#primaryimage\",\"url\":\"https:\\\/\\\/nailknowledge.org\\\/wp-content\\\/uploads\\\/2021\\\/09\\\/NailKnowledge_badge_Product-Chemistry-1-1024x1024.png\",\"contentUrl\":\"https:\\\/\\\/nailknowledge.org\\\/wp-content\\\/uploads\\\/2021\\\/09\\\/NailKnowledge_badge_Product-Chemistry-1-1024x1024.png\"},{\"@type\":\"BreadcrumbList\",\"@id\":\"https:\\\/\\\/nailknowledge.org\\\/nailknowledge-badges\\\/product-chemistry#breadcrumb\",\"itemListElement\":[{\"@type\":\"ListItem\",\"position\":1,\"name\":\"Home\",\"item\":\"https:\\\/\\\/nailknowledge.org\\\/\"},{\"@type\":\"ListItem\",\"position\":2,\"name\":\"Badges\",\"item\":\"https:\\\/\\\/nailknowledge.org\\\/nailknowledge-badges\"},{\"@type\":\"ListItem\",\"position\":3,\"name\":\"Product Chemistry\"}]},{\"@type\":\"WebSite\",\"@id\":\"https:\\\/\\\/new.nailknowledge.org\\\/#website\",\"url\":\"https:\\\/\\\/new.nailknowledge.org\\\/\",\"name\":\"NailKnowledge\",\"description\":\"\",\"publisher\":{\"@id\":\"https:\\\/\\\/new.nailknowledge.org\\\/#organization\"},\"potentialAction\":[{\"@type\":\"SearchAction\",\"target\":{\"@type\":\"EntryPoint\",\"urlTemplate\":\"https:\\\/\\\/new.nailknowledge.org\\\/?s={search_term_string}\"},\"query-input\":{\"@type\":\"PropertyValueSpecification\",\"valueRequired\":true,\"valueName\":\"search_term_string\"}}],\"inLanguage\":\"pt-BR\"},{\"@type\":\"Organization\",\"@id\":\"https:\\\/\\\/new.nailknowledge.org\\\/#organization\",\"name\":\"NailKnowledge\",\"url\":\"https:\\\/\\\/new.nailknowledge.org\\\/\",\"logo\":{\"@type\":\"ImageObject\",\"inLanguage\":\"pt-BR\",\"@id\":\"https:\\\/\\\/new.nailknowledge.org\\\/#\\\/schema\\\/logo\\\/image\\\/\",\"url\":\"https:\\\/\\\/nailknowledge.org\\\/wp-content\\\/uploads\\\/2026\\\/03\\\/KN-Logo-1.webp\",\"contentUrl\":\"https:\\\/\\\/nailknowledge.org\\\/wp-content\\\/uploads\\\/2026\\\/03\\\/KN-Logo-1.webp\",\"width\":542,\"height\":100,\"caption\":\"NailKnowledge\"},\"image\":{\"@id\":\"https:\\\/\\\/new.nailknowledge.org\\\/#\\\/schema\\\/logo\\\/image\\\/\"}}]}<\/script>\n<!-- \/ Yoast SEO plugin. -->","yoast_head_json":{"title":"Qu\u00edmica do produto - NailKnowledge","robots":{"index":"index","follow":"follow","max-snippet":"max-snippet:-1","max-image-preview":"max-image-preview:large","max-video-preview":"max-video-preview:-1"},"canonical":"https:\/\/nailknowledge.org\/pt\/crachas-do-nailknowledge\/quimica-do-produto\/","og_locale":"pt_BR","og_type":"article","og_title":"Product Chemistry - NailKnowledge","og_description":"Product Chemistry Digital Badge Issued by NailKnowledge NailKnowledge\u2019s Product Chemistry Digital Badge indicates the recipient has successfully passed the Product Chemistry Masterclass and attained a suitable level of subject competence in the science behind the products used in the nail industry. Pass Criteria: Complete over two hours of distance learning taught over five lessons Successfully [&hellip;]","og_url":"https:\/\/nailknowledge.org\/pt\/crachas-do-nailknowledge\/quimica-do-produto\/","og_site_name":"NailKnowledge","article_modified_time":"2022-05-10T15:47:38+00:00","og_image":[{"width":545,"height":295,"url":"https:\/\/nailknowledge.org\/wp-content\/uploads\/2023\/03\/image002.jpg","type":"image\/jpeg"}],"twitter_card":"summary_large_image","twitter_misc":{"Est. tempo de leitura":"1 minuto"},"schema":{"@context":"https:\/\/schema.org","@graph":[{"@type":"WebPage","@id":"https:\/\/nailknowledge.org\/nailknowledge-badges\/product-chemistry","url":"https:\/\/nailknowledge.org\/nailknowledge-badges\/product-chemistry","name":"Qu\u00edmica do produto - NailKnowledge","isPartOf":{"@id":"https:\/\/new.nailknowledge.org\/#website"},"primaryImageOfPage":{"@id":"https:\/\/nailknowledge.org\/nailknowledge-badges\/product-chemistry#primaryimage"},"image":{"@id":"https:\/\/nailknowledge.org\/nailknowledge-badges\/product-chemistry#primaryimage"},"thumbnailUrl":"https:\/\/nailknowledge.org\/wp-content\/uploads\/2021\/09\/NailKnowledge_badge_Product-Chemistry-1-1024x1024.png","datePublished":"2021-09-16T12:42:53+00:00","dateModified":"2022-05-10T15:47:38+00:00","breadcrumb":{"@id":"https:\/\/nailknowledge.org\/nailknowledge-badges\/product-chemistry#breadcrumb"},"inLanguage":"pt-BR","potentialAction":[{"@type":"ReadAction","target":["https:\/\/nailknowledge.org\/nailknowledge-badges\/product-chemistry"]}]},{"@type":"ImageObject","inLanguage":"pt-BR","@id":"https:\/\/nailknowledge.org\/nailknowledge-badges\/product-chemistry#primaryimage","url":"https:\/\/nailknowledge.org\/wp-content\/uploads\/2021\/09\/NailKnowledge_badge_Product-Chemistry-1-1024x1024.png","contentUrl":"https:\/\/nailknowledge.org\/wp-content\/uploads\/2021\/09\/NailKnowledge_badge_Product-Chemistry-1-1024x1024.png"},{"@type":"BreadcrumbList","@id":"https:\/\/nailknowledge.org\/nailknowledge-badges\/product-chemistry#breadcrumb","itemListElement":[{"@type":"ListItem","position":1,"name":"Home","item":"https:\/\/nailknowledge.org\/"},{"@type":"ListItem","position":2,"name":"Badges","item":"https:\/\/nailknowledge.org\/nailknowledge-badges"},{"@type":"ListItem","position":3,"name":"Product Chemistry"}]},{"@type":"WebSite","@id":"https:\/\/new.nailknowledge.org\/#website","url":"https:\/\/new.nailknowledge.org\/","name":"NailKnowledge","description":"","publisher":{"@id":"https:\/\/new.nailknowledge.org\/#organization"},"potentialAction":[{"@type":"SearchAction","target":{"@type":"EntryPoint","urlTemplate":"https:\/\/new.nailknowledge.org\/?s={search_term_string}"},"query-input":{"@type":"PropertyValueSpecification","valueRequired":true,"valueName":"search_term_string"}}],"inLanguage":"pt-BR"},{"@type":"Organization","@id":"https:\/\/new.nailknowledge.org\/#organization","name":"NailKnowledge","url":"https:\/\/new.nailknowledge.org\/","logo":{"@type":"ImageObject","inLanguage":"pt-BR","@id":"https:\/\/new.nailknowledge.org\/#\/schema\/logo\/image\/","url":"https:\/\/nailknowledge.org\/wp-content\/uploads\/2026\/03\/KN-Logo-1.webp","contentUrl":"https:\/\/nailknowledge.org\/wp-content\/uploads\/2026\/03\/KN-Logo-1.webp","width":542,"height":100,"caption":"NailKnowledge"},"image":{"@id":"https:\/\/new.nailknowledge.org\/#\/schema\/logo\/image\/"}}]}},"_links":{"self":[{"href":"https:\/\/nailknowledge.org\/pt\/wp-json\/wp\/v2\/pages\/40603","targetHints":{"allow":["GET"]}}],"collection":[{"href":"https:\/\/nailknowledge.org\/pt\/wp-json\/wp\/v2\/pages"}],"about":[{"href":"https:\/\/nailknowledge.org\/pt\/wp-json\/wp\/v2\/types\/page"}],"author":[{"embeddable":true,"href":"https:\/\/nailknowledge.org\/pt\/wp-json\/wp\/v2\/users\/35"}],"replies":[{"embeddable":true,"href":"https:\/\/nailknowledge.org\/pt\/wp-json\/wp\/v2\/comments?post=40603"}],"version-history":[{"count":0,"href":"https:\/\/nailknowledge.org\/pt\/wp-json\/wp\/v2\/pages\/40603\/revisions"}],"up":[{"embeddable":true,"href":"https:\/\/nailknowledge.org\/pt\/wp-json\/wp\/v2\/pages\/40569"}],"wp:attachment":[{"href":"https:\/\/nailknowledge.org\/pt\/wp-json\/wp\/v2\/media?parent=40603"}],"curies":[{"name":"wp","href":"https:\/\/api.w.org\/{rel}","templated":true}]}}