{"id":40613,"date":"2021-09-16T12:44:31","date_gmt":"2021-09-16T12:44:31","guid":{"rendered":"https:\/\/nailknowledge.org\/?page_id=40613"},"modified":"2022-05-10T15:52:49","modified_gmt":"2022-05-10T15:52:49","slug":"profissional-certificado-em-conhecimento-de-unhas","status":"publish","type":"page","link":"https:\/\/nailknowledge.org\/pt\/nailknowledge-badges\/certified-nail-knowledge-professional","title":{"rendered":"Profissional certificado em conhecimento de unhas"},"content":{"rendered":"<p><img loading=\"eager\" fetchpriority=\"high\" decoding=\"async\" width=\"1000\" height=\"1000\" src=\"https:\/\/nailknowledge.org\/wp-content\/uploads\/2021\/09\/CERTIFIED-NAIL-KNOWLEDGE-PROFESSIONAL-BADGES-1.png\" alt=\"\" \/>\t\t\t\t\t\t\t\t\t\t\t\t\t\t<\/p>\n<h1>Crach\u00e1 digital do Essential Nail Professional<\/h1>\n<h3>Emitido por NailKnowledge<\/h3>\n<p>O emblema digital Essential Nail Professional da NailKnowledge demonstra que o titular foi aprovado na teoria essencial necess\u00e1ria para uma carreira como profissional de unhas e alcan\u00e7ou um n\u00edvel adequado de compet\u00eancia nos tr\u00eas assuntos te\u00f3ricos da Masterclass.<\/p>\n<h3>Crit\u00e9rios de aprova\u00e7\u00e3o:<\/h3>\n<ul>\n<li>Conclua seis horas de ensino \u00e0 dist\u00e2ncia ministradas em dezesseis li\u00e7\u00f5es que abrangem os tr\u00eas t\u00f3picos te\u00f3ricos - A Unidade de Unhas, Qu\u00edmica do Produto e Sa\u00fade e Seguran\u00e7a.<\/li>\n<li>Passar com \u00eaxito em 32 pontos de conhecimento, 16 exames de verifica\u00e7\u00e3o de conhecimento e um exame especializado de m\u00faltipla escolha com 30 perguntas, obtendo 100% de aproveitamento.<\/li>\n<\/ul>\n<h3>Assuntos abordados:<\/h3>\n<ul>\n<li><strong>a unidade das unhas<\/strong> - estudar as estruturas da unha, como a placa ungueal cresce e as condi\u00e7\u00f5es comuns das unhas<\/li>\n<li><strong>Qu\u00edmica dos produtos<\/strong> - concluir a aula magistral sobre a qu\u00edmica b\u00e1sica do produto e o processo de polimeriza\u00e7\u00e3o que est\u00e1 no centro do setor de unhas<\/li>\n<li><strong>Sa\u00fade e seguran\u00e7a<\/strong> - aprender as t\u00e9cnicas de sa\u00fade e seguran\u00e7a para manter voc\u00ea e seus clientes seguros, com estrat\u00e9gias para minimizar os riscos de poeira, vapores e produtos<\/li>\n<\/ul>\n<h3>Sobre o curso:<\/h3>\n<p>O Essential Nail Professional Diploma da NailKnowledge abrange os tr\u00eas t\u00f3picos essenciais da teoria das unhas - a unidade da unha, a qu\u00edmica do produto e a sa\u00fade e seguran\u00e7a - para complementar seu treinamento pr\u00e1tico, usando anima\u00e7\u00f5es envolventes de especialistas para explicar a ci\u00eancia. Saiba mais sobre o curso\u00a0<a href=\"https:\/\/nailknowledge.org\/pt\/cursos\/o-diploma-essencial-para-profissionais-de-unhas\/\">aqui<\/a><\/p>","protected":false},"excerpt":{"rendered":"<p>Essential Nail Professional Digital Badge Issued by NailKnowledge NailKnowledge\u2019s Essential Nail Professional Digital Badge demonstrates the holder has passed the essential theory necessary for a career as a nail professional, and attained a suitable level of subject competence across the three Masterclass theory subjects. Pass Criteria: Complete six hours of distance learning taught over sixteen [&hellip;]<\/p>\n","protected":false},"author":35,"featured_media":0,"parent":40569,"menu_order":0,"comment_status":"closed","ping_status":"closed","template":"","meta":{"_genesis_hide_title":false,"_genesis_hide_breadcrumbs":false,"_genesis_hide_singular_image":false,"_genesis_hide_footer_widgets":false,"_genesis_custom_body_class":"","_genesis_custom_post_class":"","_genesis_layout":"","footnotes":""},"class_list":{"0":"post-40613","1":"page","2":"type-page","3":"status-publish","5":"entry"},"yoast_head":"<!-- This site is optimized with the Yoast SEO plugin v27.3 - https:\/\/yoast.com\/product\/yoast-seo-wordpress\/ -->\n<title>Certified Nail Knowledge Professional - NailKnowledge<\/title>\n<meta name=\"robots\" content=\"index, follow, max-snippet:-1, max-image-preview:large, max-video-preview:-1\" \/>\n<link rel=\"canonical\" href=\"https:\/\/nailknowledge.org\/pt\/crachas-do-nailknowledge\/profissional-certificado-em-conhecimento-de-unhas\/\" \/>\n<meta property=\"og:locale\" content=\"pt_BR\" \/>\n<meta property=\"og:type\" content=\"article\" \/>\n<meta property=\"og:title\" content=\"Certified Nail Knowledge Professional - NailKnowledge\" \/>\n<meta property=\"og:description\" content=\"Essential Nail Professional Digital Badge Issued by NailKnowledge NailKnowledge\u2019s Essential Nail Professional Digital Badge demonstrates the holder has passed the essential theory necessary for a career as a nail professional, and attained a suitable level of subject competence across the three Masterclass theory subjects. Pass Criteria: Complete six hours of distance learning taught over sixteen [&hellip;]\" \/>\n<meta property=\"og:url\" content=\"https:\/\/nailknowledge.org\/pt\/crachas-do-nailknowledge\/profissional-certificado-em-conhecimento-de-unhas\/\" \/>\n<meta property=\"og:site_name\" content=\"NailKnowledge\" \/>\n<meta property=\"article:modified_time\" content=\"2022-05-10T15:52:49+00:00\" \/>\n<meta property=\"og:image\" content=\"https:\/\/nailknowledge.org\/wp-content\/uploads\/2023\/03\/image002.jpg\" \/>\n\t<meta property=\"og:image:width\" content=\"545\" \/>\n\t<meta property=\"og:image:height\" content=\"295\" \/>\n\t<meta property=\"og:image:type\" content=\"image\/jpeg\" \/>\n<meta name=\"twitter:card\" content=\"summary_large_image\" \/>\n<meta name=\"twitter:label1\" content=\"Est. tempo de leitura\" \/>\n\t<meta name=\"twitter:data1\" content=\"2 minutos\" \/>\n<script type=\"application\/ld+json\" class=\"yoast-schema-graph\">{\"@context\":\"https:\\\/\\\/schema.org\",\"@graph\":[{\"@type\":\"WebPage\",\"@id\":\"https:\\\/\\\/nailknowledge.org\\\/nailknowledge-badges\\\/certified-nail-knowledge-professional\",\"url\":\"https:\\\/\\\/nailknowledge.org\\\/nailknowledge-badges\\\/certified-nail-knowledge-professional\",\"name\":\"Certified Nail Knowledge Professional - NailKnowledge\",\"isPartOf\":{\"@id\":\"https:\\\/\\\/new.nailknowledge.org\\\/#website\"},\"primaryImageOfPage\":{\"@id\":\"https:\\\/\\\/nailknowledge.org\\\/nailknowledge-badges\\\/certified-nail-knowledge-professional#primaryimage\"},\"image\":{\"@id\":\"https:\\\/\\\/nailknowledge.org\\\/nailknowledge-badges\\\/certified-nail-knowledge-professional#primaryimage\"},\"thumbnailUrl\":\"https:\\\/\\\/nailknowledge.org\\\/wp-content\\\/uploads\\\/2021\\\/09\\\/CERTIFIED-NAIL-KNOWLEDGE-PROFESSIONAL-BADGES-1.png\",\"datePublished\":\"2021-09-16T12:44:31+00:00\",\"dateModified\":\"2022-05-10T15:52:49+00:00\",\"breadcrumb\":{\"@id\":\"https:\\\/\\\/nailknowledge.org\\\/nailknowledge-badges\\\/certified-nail-knowledge-professional#breadcrumb\"},\"inLanguage\":\"pt-BR\",\"potentialAction\":[{\"@type\":\"ReadAction\",\"target\":[\"https:\\\/\\\/nailknowledge.org\\\/nailknowledge-badges\\\/certified-nail-knowledge-professional\"]}]},{\"@type\":\"ImageObject\",\"inLanguage\":\"pt-BR\",\"@id\":\"https:\\\/\\\/nailknowledge.org\\\/nailknowledge-badges\\\/certified-nail-knowledge-professional#primaryimage\",\"url\":\"https:\\\/\\\/nailknowledge.org\\\/wp-content\\\/uploads\\\/2021\\\/09\\\/CERTIFIED-NAIL-KNOWLEDGE-PROFESSIONAL-BADGES-1.png\",\"contentUrl\":\"https:\\\/\\\/nailknowledge.org\\\/wp-content\\\/uploads\\\/2021\\\/09\\\/CERTIFIED-NAIL-KNOWLEDGE-PROFESSIONAL-BADGES-1.png\"},{\"@type\":\"BreadcrumbList\",\"@id\":\"https:\\\/\\\/nailknowledge.org\\\/nailknowledge-badges\\\/certified-nail-knowledge-professional#breadcrumb\",\"itemListElement\":[{\"@type\":\"ListItem\",\"position\":1,\"name\":\"Home\",\"item\":\"https:\\\/\\\/nailknowledge.org\\\/\"},{\"@type\":\"ListItem\",\"position\":2,\"name\":\"Badges\",\"item\":\"https:\\\/\\\/nailknowledge.org\\\/nailknowledge-badges\"},{\"@type\":\"ListItem\",\"position\":3,\"name\":\"Certified Nail Knowledge Professional\"}]},{\"@type\":\"WebSite\",\"@id\":\"https:\\\/\\\/new.nailknowledge.org\\\/#website\",\"url\":\"https:\\\/\\\/new.nailknowledge.org\\\/\",\"name\":\"NailKnowledge\",\"description\":\"\",\"publisher\":{\"@id\":\"https:\\\/\\\/new.nailknowledge.org\\\/#organization\"},\"potentialAction\":[{\"@type\":\"SearchAction\",\"target\":{\"@type\":\"EntryPoint\",\"urlTemplate\":\"https:\\\/\\\/new.nailknowledge.org\\\/?s={search_term_string}\"},\"query-input\":{\"@type\":\"PropertyValueSpecification\",\"valueRequired\":true,\"valueName\":\"search_term_string\"}}],\"inLanguage\":\"pt-BR\"},{\"@type\":\"Organization\",\"@id\":\"https:\\\/\\\/new.nailknowledge.org\\\/#organization\",\"name\":\"NailKnowledge\",\"url\":\"https:\\\/\\\/new.nailknowledge.org\\\/\",\"logo\":{\"@type\":\"ImageObject\",\"inLanguage\":\"pt-BR\",\"@id\":\"https:\\\/\\\/new.nailknowledge.org\\\/#\\\/schema\\\/logo\\\/image\\\/\",\"url\":\"https:\\\/\\\/nailknowledge.org\\\/wp-content\\\/uploads\\\/2026\\\/03\\\/KN-Logo-1.webp\",\"contentUrl\":\"https:\\\/\\\/nailknowledge.org\\\/wp-content\\\/uploads\\\/2026\\\/03\\\/KN-Logo-1.webp\",\"width\":542,\"height\":100,\"caption\":\"NailKnowledge\"},\"image\":{\"@id\":\"https:\\\/\\\/new.nailknowledge.org\\\/#\\\/schema\\\/logo\\\/image\\\/\"}}]}<\/script>\n<!-- \/ Yoast SEO plugin. -->","yoast_head_json":{"title":"Profissional certificado em conhecimento de unhas - NailKnowledge","robots":{"index":"index","follow":"follow","max-snippet":"max-snippet:-1","max-image-preview":"max-image-preview:large","max-video-preview":"max-video-preview:-1"},"canonical":"https:\/\/nailknowledge.org\/pt\/crachas-do-nailknowledge\/profissional-certificado-em-conhecimento-de-unhas\/","og_locale":"pt_BR","og_type":"article","og_title":"Certified Nail Knowledge Professional - NailKnowledge","og_description":"Essential Nail Professional Digital Badge Issued by NailKnowledge NailKnowledge\u2019s Essential Nail Professional Digital Badge demonstrates the holder has passed the essential theory necessary for a career as a nail professional, and attained a suitable level of subject competence across the three Masterclass theory subjects. Pass Criteria: Complete six hours of distance learning taught over sixteen [&hellip;]","og_url":"https:\/\/nailknowledge.org\/pt\/crachas-do-nailknowledge\/profissional-certificado-em-conhecimento-de-unhas\/","og_site_name":"NailKnowledge","article_modified_time":"2022-05-10T15:52:49+00:00","og_image":[{"width":545,"height":295,"url":"https:\/\/nailknowledge.org\/wp-content\/uploads\/2023\/03\/image002.jpg","type":"image\/jpeg"}],"twitter_card":"summary_large_image","twitter_misc":{"Est. tempo de leitura":"2 minutos"},"schema":{"@context":"https:\/\/schema.org","@graph":[{"@type":"WebPage","@id":"https:\/\/nailknowledge.org\/nailknowledge-badges\/certified-nail-knowledge-professional","url":"https:\/\/nailknowledge.org\/nailknowledge-badges\/certified-nail-knowledge-professional","name":"Profissional certificado em conhecimento de unhas - NailKnowledge","isPartOf":{"@id":"https:\/\/new.nailknowledge.org\/#website"},"primaryImageOfPage":{"@id":"https:\/\/nailknowledge.org\/nailknowledge-badges\/certified-nail-knowledge-professional#primaryimage"},"image":{"@id":"https:\/\/nailknowledge.org\/nailknowledge-badges\/certified-nail-knowledge-professional#primaryimage"},"thumbnailUrl":"https:\/\/nailknowledge.org\/wp-content\/uploads\/2021\/09\/CERTIFIED-NAIL-KNOWLEDGE-PROFESSIONAL-BADGES-1.png","datePublished":"2021-09-16T12:44:31+00:00","dateModified":"2022-05-10T15:52:49+00:00","breadcrumb":{"@id":"https:\/\/nailknowledge.org\/nailknowledge-badges\/certified-nail-knowledge-professional#breadcrumb"},"inLanguage":"pt-BR","potentialAction":[{"@type":"ReadAction","target":["https:\/\/nailknowledge.org\/nailknowledge-badges\/certified-nail-knowledge-professional"]}]},{"@type":"ImageObject","inLanguage":"pt-BR","@id":"https:\/\/nailknowledge.org\/nailknowledge-badges\/certified-nail-knowledge-professional#primaryimage","url":"https:\/\/nailknowledge.org\/wp-content\/uploads\/2021\/09\/CERTIFIED-NAIL-KNOWLEDGE-PROFESSIONAL-BADGES-1.png","contentUrl":"https:\/\/nailknowledge.org\/wp-content\/uploads\/2021\/09\/CERTIFIED-NAIL-KNOWLEDGE-PROFESSIONAL-BADGES-1.png"},{"@type":"BreadcrumbList","@id":"https:\/\/nailknowledge.org\/nailknowledge-badges\/certified-nail-knowledge-professional#breadcrumb","itemListElement":[{"@type":"ListItem","position":1,"name":"Home","item":"https:\/\/nailknowledge.org\/"},{"@type":"ListItem","position":2,"name":"Badges","item":"https:\/\/nailknowledge.org\/nailknowledge-badges"},{"@type":"ListItem","position":3,"name":"Certified Nail Knowledge Professional"}]},{"@type":"WebSite","@id":"https:\/\/new.nailknowledge.org\/#website","url":"https:\/\/new.nailknowledge.org\/","name":"NailKnowledge","description":"","publisher":{"@id":"https:\/\/new.nailknowledge.org\/#organization"},"potentialAction":[{"@type":"SearchAction","target":{"@type":"EntryPoint","urlTemplate":"https:\/\/new.nailknowledge.org\/?s={search_term_string}"},"query-input":{"@type":"PropertyValueSpecification","valueRequired":true,"valueName":"search_term_string"}}],"inLanguage":"pt-BR"},{"@type":"Organization","@id":"https:\/\/new.nailknowledge.org\/#organization","name":"NailKnowledge","url":"https:\/\/new.nailknowledge.org\/","logo":{"@type":"ImageObject","inLanguage":"pt-BR","@id":"https:\/\/new.nailknowledge.org\/#\/schema\/logo\/image\/","url":"https:\/\/nailknowledge.org\/wp-content\/uploads\/2026\/03\/KN-Logo-1.webp","contentUrl":"https:\/\/nailknowledge.org\/wp-content\/uploads\/2026\/03\/KN-Logo-1.webp","width":542,"height":100,"caption":"NailKnowledge"},"image":{"@id":"https:\/\/new.nailknowledge.org\/#\/schema\/logo\/image\/"}}]}},"_links":{"self":[{"href":"https:\/\/nailknowledge.org\/pt\/wp-json\/wp\/v2\/pages\/40613","targetHints":{"allow":["GET"]}}],"collection":[{"href":"https:\/\/nailknowledge.org\/pt\/wp-json\/wp\/v2\/pages"}],"about":[{"href":"https:\/\/nailknowledge.org\/pt\/wp-json\/wp\/v2\/types\/page"}],"author":[{"embeddable":true,"href":"https:\/\/nailknowledge.org\/pt\/wp-json\/wp\/v2\/users\/35"}],"replies":[{"embeddable":true,"href":"https:\/\/nailknowledge.org\/pt\/wp-json\/wp\/v2\/comments?post=40613"}],"version-history":[{"count":0,"href":"https:\/\/nailknowledge.org\/pt\/wp-json\/wp\/v2\/pages\/40613\/revisions"}],"up":[{"embeddable":true,"href":"https:\/\/nailknowledge.org\/pt\/wp-json\/wp\/v2\/pages\/40569"}],"wp:attachment":[{"href":"https:\/\/nailknowledge.org\/pt\/wp-json\/wp\/v2\/media?parent=40613"}],"curies":[{"name":"wp","href":"https:\/\/api.w.org\/{rel}","templated":true}]}}