{"id":46166,"date":"2022-05-06T12:15:55","date_gmt":"2022-05-06T12:15:55","guid":{"rendered":"https:\/\/nailknowledge.org\/?page_id=46166"},"modified":"2022-05-17T11:34:27","modified_gmt":"2022-05-17T11:34:27","slug":"energia-uv-e-geis-uv-2","status":"publish","type":"page","link":"https:\/\/nailknowledge.org\/pt\/nailknowledge-badges\/uv-energy-and-uv-gels","title":{"rendered":"Crach\u00e1 digital de energia UV e g\u00e9is UV"},"content":{"rendered":"<p><img loading=\"eager\" fetchpriority=\"high\" decoding=\"async\" width=\"512\" height=\"512\" src=\"https:\/\/nailknowledge.org\/wp-content\/uploads\/2022\/04\/NailKnowledge_badge_UV-Energy-Gels-512.png\" alt=\"\" \/>\t\t\t\t\t\t\t\t\t\t\t\t\t\t<\/p>\n<h1>Crach\u00e1 digital de energia UV e g\u00e9is UV<\/h1>\n<h3>Emitido por NailKnowledge<\/h3>\n<p>Esse crach\u00e1 digital certifica a conclus\u00e3o bem-sucedida da Aula Avan\u00e7ada de Energia UV e G\u00e9is UV do NailKnowledge, indicando que o destinat\u00e1rio atingiu um n\u00edvel adequado de compet\u00eancia no assunto.<\/p>\n<h3>Crit\u00e9rios de aprova\u00e7\u00e3o:<\/h3>\n<ul>\n<li>Concluir um curso \u00e0 dist\u00e2ncia de uma hora sobre energia UV, g\u00e9is UV e alergias<\/li>\n<li>Passe em dois pontos de conhecimento interativos que testam a compreens\u00e3o do t\u00f3pico<\/li>\n<li>Obter uma nota de 100% em um exame de m\u00faltipla escolha<\/li>\n<\/ul>\n<h3>Assuntos abordados:<\/h3>\n<ul>\n<li>O processo de polimeriza\u00e7\u00e3o<\/li>\n<li>G\u00e9is UV e l\u00e2mpadas UV<\/li>\n<li>Cura inadequada \/ cura adequada<\/li>\n<li>Alergias<\/li>\n<\/ul>\n<h3>Sobre o curso:<\/h3>\n<p>A li\u00e7\u00e3o do NailKnowledge sobre Energia UV e G\u00e9is UV fornece a ci\u00eancia por tr\u00e1s desse popular sistema de unhas e mostra como reduzir o risco de alergias. Saiba mais sobre o assunto\u00a0<a href=\"https:\/\/nailknowledge.org\/pt\/produto\/energia-uv-e-geis-uv-2\/\">aqui<\/a><\/p>","protected":false},"excerpt":{"rendered":"<p>UV Energy and UV Gels Digital Badge Issued by NailKnowledge This digital badge certifies the holder\u2019s successful completion of NailKnowledge\u2019s UV Energy and UV Gels Advanced Lesson, indicating the recipient has attained a suitable level of subject competence. Pass Criteria: Complete a one-hour distance learning on UV energy, UV gels and allergies Pass two interactive [&hellip;]<\/p>\n","protected":false},"author":35,"featured_media":0,"parent":40569,"menu_order":0,"comment_status":"closed","ping_status":"closed","template":"","meta":{"_yoast_wpseo_focuskw":"","_yoast_wpseo_metadesc":"","_genesis_hide_title":false,"_genesis_hide_breadcrumbs":false,"_genesis_hide_singular_image":false,"_genesis_hide_footer_widgets":false,"_genesis_custom_body_class":"","_genesis_custom_post_class":"","_genesis_layout":"","footnotes":""},"class_list":{"0":"post-46166","1":"page","2":"type-page","3":"status-publish","5":"entry"},"yoast_head":"<!-- This site is optimized with the Yoast SEO plugin v27.4 - https:\/\/yoast.com\/product\/yoast-seo-wordpress\/ -->\n<title>UV Energy and UV Gels Digital Badge - NailKnowledge<\/title>\n<meta name=\"robots\" content=\"index, follow, max-snippet:-1, max-image-preview:large, max-video-preview:-1\" \/>\n<link rel=\"canonical\" href=\"https:\/\/nailknowledge.org\/pt\/crachas-do-nailknowledge\/energia-uv-e-geis-uv-2\/\" \/>\n<meta property=\"og:locale\" content=\"pt_BR\" \/>\n<meta property=\"og:type\" content=\"article\" \/>\n<meta property=\"og:title\" content=\"UV Energy and UV Gels Digital Badge - NailKnowledge\" \/>\n<meta property=\"og:description\" content=\"UV Energy and UV Gels Digital Badge Issued by NailKnowledge This digital badge certifies the holder\u2019s successful completion of NailKnowledge\u2019s UV Energy and UV Gels Advanced Lesson, indicating the recipient has attained a suitable level of subject competence. Pass Criteria: Complete a one-hour distance learning on UV energy, UV gels and allergies Pass two interactive [&hellip;]\" \/>\n<meta property=\"og:url\" content=\"https:\/\/nailknowledge.org\/pt\/crachas-do-nailknowledge\/energia-uv-e-geis-uv-2\/\" \/>\n<meta property=\"og:site_name\" content=\"NailKnowledge\" \/>\n<meta property=\"article:modified_time\" content=\"2022-05-17T11:34:27+00:00\" \/>\n<meta property=\"og:image\" content=\"https:\/\/nailknowledge.org\/wp-content\/uploads\/2023\/03\/image002.jpg\" \/>\n\t<meta property=\"og:image:width\" content=\"545\" \/>\n\t<meta property=\"og:image:height\" content=\"295\" \/>\n\t<meta property=\"og:image:type\" content=\"image\/jpeg\" \/>\n<meta name=\"twitter:card\" content=\"summary_large_image\" \/>\n<meta name=\"twitter:label1\" content=\"Est. tempo de leitura\" \/>\n\t<meta name=\"twitter:data1\" content=\"1 minuto\" \/>\n<script type=\"application\/ld+json\" class=\"yoast-schema-graph\">{\"@context\":\"https:\\\/\\\/schema.org\",\"@graph\":[{\"@type\":\"WebPage\",\"@id\":\"https:\\\/\\\/nailknowledge.org\\\/nailknowledge-badges\\\/uv-energy-and-uv-gels\",\"url\":\"https:\\\/\\\/nailknowledge.org\\\/nailknowledge-badges\\\/uv-energy-and-uv-gels\",\"name\":\"UV Energy and UV Gels Digital Badge - NailKnowledge\",\"isPartOf\":{\"@id\":\"https:\\\/\\\/new.nailknowledge.org\\\/#website\"},\"primaryImageOfPage\":{\"@id\":\"https:\\\/\\\/nailknowledge.org\\\/nailknowledge-badges\\\/uv-energy-and-uv-gels#primaryimage\"},\"image\":{\"@id\":\"https:\\\/\\\/nailknowledge.org\\\/nailknowledge-badges\\\/uv-energy-and-uv-gels#primaryimage\"},\"thumbnailUrl\":\"https:\\\/\\\/nailknowledge.org\\\/wp-content\\\/uploads\\\/2022\\\/04\\\/NailKnowledge_badge_UV-Energy-Gels-512.png\",\"datePublished\":\"2022-05-06T12:15:55+00:00\",\"dateModified\":\"2022-05-17T11:34:27+00:00\",\"breadcrumb\":{\"@id\":\"https:\\\/\\\/nailknowledge.org\\\/nailknowledge-badges\\\/uv-energy-and-uv-gels#breadcrumb\"},\"inLanguage\":\"pt-BR\",\"potentialAction\":[{\"@type\":\"ReadAction\",\"target\":[\"https:\\\/\\\/nailknowledge.org\\\/nailknowledge-badges\\\/uv-energy-and-uv-gels\"]}]},{\"@type\":\"ImageObject\",\"inLanguage\":\"pt-BR\",\"@id\":\"https:\\\/\\\/nailknowledge.org\\\/nailknowledge-badges\\\/uv-energy-and-uv-gels#primaryimage\",\"url\":\"https:\\\/\\\/nailknowledge.org\\\/wp-content\\\/uploads\\\/2022\\\/04\\\/NailKnowledge_badge_UV-Energy-Gels-512.png\",\"contentUrl\":\"https:\\\/\\\/nailknowledge.org\\\/wp-content\\\/uploads\\\/2022\\\/04\\\/NailKnowledge_badge_UV-Energy-Gels-512.png\"},{\"@type\":\"BreadcrumbList\",\"@id\":\"https:\\\/\\\/nailknowledge.org\\\/nailknowledge-badges\\\/uv-energy-and-uv-gels#breadcrumb\",\"itemListElement\":[{\"@type\":\"ListItem\",\"position\":1,\"name\":\"Home\",\"item\":\"https:\\\/\\\/nailknowledge.org\\\/\"},{\"@type\":\"ListItem\",\"position\":2,\"name\":\"Badges\",\"item\":\"https:\\\/\\\/nailknowledge.org\\\/nailknowledge-badges\"},{\"@type\":\"ListItem\",\"position\":3,\"name\":\"UV Energy and UV Gels Digital Badge\"}]},{\"@type\":\"WebSite\",\"@id\":\"https:\\\/\\\/new.nailknowledge.org\\\/#website\",\"url\":\"https:\\\/\\\/new.nailknowledge.org\\\/\",\"name\":\"NailKnowledge\",\"description\":\"\",\"publisher\":{\"@id\":\"https:\\\/\\\/new.nailknowledge.org\\\/#organization\"},\"potentialAction\":[{\"@type\":\"SearchAction\",\"target\":{\"@type\":\"EntryPoint\",\"urlTemplate\":\"https:\\\/\\\/new.nailknowledge.org\\\/?s={search_term_string}\"},\"query-input\":{\"@type\":\"PropertyValueSpecification\",\"valueRequired\":true,\"valueName\":\"search_term_string\"}}],\"inLanguage\":\"pt-BR\"},{\"@type\":\"Organization\",\"@id\":\"https:\\\/\\\/new.nailknowledge.org\\\/#organization\",\"name\":\"NailKnowledge\",\"url\":\"https:\\\/\\\/new.nailknowledge.org\\\/\",\"logo\":{\"@type\":\"ImageObject\",\"inLanguage\":\"pt-BR\",\"@id\":\"https:\\\/\\\/new.nailknowledge.org\\\/#\\\/schema\\\/logo\\\/image\\\/\",\"url\":\"https:\\\/\\\/nailknowledge.org\\\/wp-content\\\/uploads\\\/2026\\\/03\\\/KN-Logo-1.webp\",\"contentUrl\":\"https:\\\/\\\/nailknowledge.org\\\/wp-content\\\/uploads\\\/2026\\\/03\\\/KN-Logo-1.webp\",\"width\":542,\"height\":100,\"caption\":\"NailKnowledge\"},\"image\":{\"@id\":\"https:\\\/\\\/new.nailknowledge.org\\\/#\\\/schema\\\/logo\\\/image\\\/\"}}]}<\/script>\n<!-- \/ Yoast SEO plugin. -->","yoast_head_json":{"title":"Crach\u00e1 digital de energia UV e g\u00e9is UV - NailKnowledge","robots":{"index":"index","follow":"follow","max-snippet":"max-snippet:-1","max-image-preview":"max-image-preview:large","max-video-preview":"max-video-preview:-1"},"canonical":"https:\/\/nailknowledge.org\/pt\/crachas-do-nailknowledge\/energia-uv-e-geis-uv-2\/","og_locale":"pt_BR","og_type":"article","og_title":"UV Energy and UV Gels Digital Badge - NailKnowledge","og_description":"UV Energy and UV Gels Digital Badge Issued by NailKnowledge This digital badge certifies the holder\u2019s successful completion of NailKnowledge\u2019s UV Energy and UV Gels Advanced Lesson, indicating the recipient has attained a suitable level of subject competence. Pass Criteria: Complete a one-hour distance learning on UV energy, UV gels and allergies Pass two interactive [&hellip;]","og_url":"https:\/\/nailknowledge.org\/pt\/crachas-do-nailknowledge\/energia-uv-e-geis-uv-2\/","og_site_name":"NailKnowledge","article_modified_time":"2022-05-17T11:34:27+00:00","og_image":[{"width":545,"height":295,"url":"https:\/\/nailknowledge.org\/wp-content\/uploads\/2023\/03\/image002.jpg","type":"image\/jpeg"}],"twitter_card":"summary_large_image","twitter_misc":{"Est. tempo de leitura":"1 minuto"},"schema":{"@context":"https:\/\/schema.org","@graph":[{"@type":"WebPage","@id":"https:\/\/nailknowledge.org\/nailknowledge-badges\/uv-energy-and-uv-gels","url":"https:\/\/nailknowledge.org\/nailknowledge-badges\/uv-energy-and-uv-gels","name":"Crach\u00e1 digital de energia UV e g\u00e9is UV - NailKnowledge","isPartOf":{"@id":"https:\/\/new.nailknowledge.org\/#website"},"primaryImageOfPage":{"@id":"https:\/\/nailknowledge.org\/nailknowledge-badges\/uv-energy-and-uv-gels#primaryimage"},"image":{"@id":"https:\/\/nailknowledge.org\/nailknowledge-badges\/uv-energy-and-uv-gels#primaryimage"},"thumbnailUrl":"https:\/\/nailknowledge.org\/wp-content\/uploads\/2022\/04\/NailKnowledge_badge_UV-Energy-Gels-512.png","datePublished":"2022-05-06T12:15:55+00:00","dateModified":"2022-05-17T11:34:27+00:00","breadcrumb":{"@id":"https:\/\/nailknowledge.org\/nailknowledge-badges\/uv-energy-and-uv-gels#breadcrumb"},"inLanguage":"pt-BR","potentialAction":[{"@type":"ReadAction","target":["https:\/\/nailknowledge.org\/nailknowledge-badges\/uv-energy-and-uv-gels"]}]},{"@type":"ImageObject","inLanguage":"pt-BR","@id":"https:\/\/nailknowledge.org\/nailknowledge-badges\/uv-energy-and-uv-gels#primaryimage","url":"https:\/\/nailknowledge.org\/wp-content\/uploads\/2022\/04\/NailKnowledge_badge_UV-Energy-Gels-512.png","contentUrl":"https:\/\/nailknowledge.org\/wp-content\/uploads\/2022\/04\/NailKnowledge_badge_UV-Energy-Gels-512.png"},{"@type":"BreadcrumbList","@id":"https:\/\/nailknowledge.org\/nailknowledge-badges\/uv-energy-and-uv-gels#breadcrumb","itemListElement":[{"@type":"ListItem","position":1,"name":"Home","item":"https:\/\/nailknowledge.org\/"},{"@type":"ListItem","position":2,"name":"Badges","item":"https:\/\/nailknowledge.org\/nailknowledge-badges"},{"@type":"ListItem","position":3,"name":"UV Energy and UV Gels Digital Badge"}]},{"@type":"WebSite","@id":"https:\/\/new.nailknowledge.org\/#website","url":"https:\/\/new.nailknowledge.org\/","name":"NailKnowledge","description":"","publisher":{"@id":"https:\/\/new.nailknowledge.org\/#organization"},"potentialAction":[{"@type":"SearchAction","target":{"@type":"EntryPoint","urlTemplate":"https:\/\/new.nailknowledge.org\/?s={search_term_string}"},"query-input":{"@type":"PropertyValueSpecification","valueRequired":true,"valueName":"search_term_string"}}],"inLanguage":"pt-BR"},{"@type":"Organization","@id":"https:\/\/new.nailknowledge.org\/#organization","name":"NailKnowledge","url":"https:\/\/new.nailknowledge.org\/","logo":{"@type":"ImageObject","inLanguage":"pt-BR","@id":"https:\/\/new.nailknowledge.org\/#\/schema\/logo\/image\/","url":"https:\/\/nailknowledge.org\/wp-content\/uploads\/2026\/03\/KN-Logo-1.webp","contentUrl":"https:\/\/nailknowledge.org\/wp-content\/uploads\/2026\/03\/KN-Logo-1.webp","width":542,"height":100,"caption":"NailKnowledge"},"image":{"@id":"https:\/\/new.nailknowledge.org\/#\/schema\/logo\/image\/"}}]}},"_links":{"self":[{"href":"https:\/\/nailknowledge.org\/pt\/wp-json\/wp\/v2\/pages\/46166","targetHints":{"allow":["GET"]}}],"collection":[{"href":"https:\/\/nailknowledge.org\/pt\/wp-json\/wp\/v2\/pages"}],"about":[{"href":"https:\/\/nailknowledge.org\/pt\/wp-json\/wp\/v2\/types\/page"}],"author":[{"embeddable":true,"href":"https:\/\/nailknowledge.org\/pt\/wp-json\/wp\/v2\/users\/35"}],"replies":[{"embeddable":true,"href":"https:\/\/nailknowledge.org\/pt\/wp-json\/wp\/v2\/comments?post=46166"}],"version-history":[{"count":0,"href":"https:\/\/nailknowledge.org\/pt\/wp-json\/wp\/v2\/pages\/46166\/revisions"}],"up":[{"embeddable":true,"href":"https:\/\/nailknowledge.org\/pt\/wp-json\/wp\/v2\/pages\/40569"}],"wp:attachment":[{"href":"https:\/\/nailknowledge.org\/pt\/wp-json\/wp\/v2\/media?parent=46166"}],"curies":[{"name":"wp","href":"https:\/\/api.w.org\/{rel}","templated":true}]}}