{"id":48963,"date":"2022-06-14T12:24:23","date_gmt":"2022-06-14T12:24:23","guid":{"rendered":"https:\/\/nailknowledge.org\/?page_id=48963"},"modified":"2022-06-14T12:26:12","modified_gmt":"2022-06-14T12:26:12","slug":"alergias-e-como-elas-ocorrem-cracha-digital","status":"publish","type":"page","link":"https:\/\/nailknowledge.org\/pt\/nailknowledge-badges\/allergies-and-how-they-happen-digital-badge","title":{"rendered":"Distintivo digital \"Allergies and How They Happen\" (Alergias e como elas ocorrem)"},"content":{"rendered":"<p><img loading=\"eager\" fetchpriority=\"high\" decoding=\"async\" width=\"512\" height=\"512\" src=\"https:\/\/nailknowledge.org\/wp-content\/uploads\/2022\/06\/NailKnowledge_badge_Nail-Allergies-1.png\" alt=\"\" \/>\t\t\t\t\t\t\t\t\t\t\t\t\t\t<\/p>\n<h1>Distintivo digital \"Allergies and How They Happen\" (Alergias e como elas ocorrem)<\/h1>\n<h3>Emitido por NailKnowledge<\/h3>\n<p>Esse selo digital do NailKnowledge indica que o destinat\u00e1rio concluiu com \u00eaxito a atualiza\u00e7\u00e3o \"Allergies and How They Happen\" (Alergias e como elas ocorrem) e atingiu um n\u00edvel adequado de compet\u00eancia no assunto sobre a causa e a preven\u00e7\u00e3o de alergias no setor de unhas.<\/p>\n<h3>Crit\u00e9rios de aprova\u00e7\u00e3o:<\/h3>\n<ul>\n<li>Concluir o microcurso \"Allergies and How They Happen\" (Alergias e como elas ocorrem)<\/li>\n<li>Passar com sucesso em um ponto de conhecimento, atingindo 100%.<\/li>\n<\/ul>\n<h3>Assuntos abordados:<\/h3>\n<ul>\n<li>O aumento das rea\u00e7\u00f5es al\u00e9rgicas<\/li>\n<li >Mon\u00f4meros, cura e polimeriza\u00e7\u00e3o<\/li>\n<li >Lipof\u00edlico e hidrof\u00edlico<\/li>\n<li >Como evitar al\u00e9rgenos<\/li>\n<\/ul>\n<h3>Sobre o curso:<\/h3>\n<p>A publica\u00e7\u00e3o \"Allergies and How They Happen\" (Alergias e como elas ocorrem) do NailKnowledge \u00e9 uma atualiza\u00e7\u00e3o do setor que fornece os dados cient\u00edficos mais recentes sobre a epidemia de alergias que ocorre no setor de unhas.<\/p>","protected":false},"excerpt":{"rendered":"<p>Allergies and How They Happen Digital Badge Issued by NailKnowledge This NailKnowledge\u2019s Digital Badge indicates the recipient has successfully completed the \u2018Allergies and How They Happen\u2019 update and attained a suitable level of subject competence in the cause and prevention of allergies in the nail industry. Pass Criteria: Complete the \u2018Allergies and How They Happen\u2019 [&hellip;]<\/p>\n","protected":false},"author":35,"featured_media":0,"parent":40569,"menu_order":0,"comment_status":"closed","ping_status":"closed","template":"","meta":{"_yoast_wpseo_focuskw":"","_yoast_wpseo_metadesc":"","_genesis_hide_title":false,"_genesis_hide_breadcrumbs":false,"_genesis_hide_singular_image":false,"_genesis_hide_footer_widgets":false,"_genesis_custom_body_class":"","_genesis_custom_post_class":"","_genesis_layout":"","footnotes":""},"class_list":{"0":"post-48963","1":"page","2":"type-page","3":"status-publish","5":"entry"},"yoast_head":"<!-- This site is optimized with the Yoast SEO plugin v27.4 - https:\/\/yoast.com\/product\/yoast-seo-wordpress\/ -->\n<title>Allergies and How They Happen Digital Badge - NailKnowledge<\/title>\n<meta name=\"robots\" content=\"index, follow, max-snippet:-1, max-image-preview:large, max-video-preview:-1\" \/>\n<link rel=\"canonical\" href=\"https:\/\/nailknowledge.org\/pt\/crachas-do-nailknowledge\/alergias-e-como-elas-ocorrem-cracha-digital\/\" \/>\n<meta property=\"og:locale\" content=\"pt_BR\" \/>\n<meta property=\"og:type\" content=\"article\" \/>\n<meta property=\"og:title\" content=\"Allergies and How They Happen Digital Badge - NailKnowledge\" \/>\n<meta property=\"og:description\" content=\"Allergies and How They Happen Digital Badge Issued by NailKnowledge This NailKnowledge\u2019s Digital Badge indicates the recipient has successfully completed the \u2018Allergies and How They Happen\u2019 update and attained a suitable level of subject competence in the cause and prevention of allergies in the nail industry. Pass Criteria: Complete the \u2018Allergies and How They Happen\u2019 [&hellip;]\" \/>\n<meta property=\"og:url\" content=\"https:\/\/nailknowledge.org\/pt\/crachas-do-nailknowledge\/alergias-e-como-elas-ocorrem-cracha-digital\/\" \/>\n<meta property=\"og:site_name\" content=\"NailKnowledge\" \/>\n<meta property=\"article:modified_time\" content=\"2022-06-14T12:26:12+00:00\" \/>\n<meta property=\"og:image\" content=\"https:\/\/nailknowledge.org\/wp-content\/uploads\/2023\/03\/image002.jpg\" \/>\n\t<meta property=\"og:image:width\" content=\"545\" \/>\n\t<meta property=\"og:image:height\" content=\"295\" \/>\n\t<meta property=\"og:image:type\" content=\"image\/jpeg\" \/>\n<meta name=\"twitter:card\" content=\"summary_large_image\" \/>\n<meta name=\"twitter:label1\" content=\"Est. tempo de leitura\" \/>\n\t<meta name=\"twitter:data1\" content=\"1 minuto\" \/>\n<script type=\"application\/ld+json\" class=\"yoast-schema-graph\">{\"@context\":\"https:\\\/\\\/schema.org\",\"@graph\":[{\"@type\":\"WebPage\",\"@id\":\"https:\\\/\\\/nailknowledge.org\\\/nailknowledge-badges\\\/allergies-and-how-they-happen-digital-badge\",\"url\":\"https:\\\/\\\/nailknowledge.org\\\/nailknowledge-badges\\\/allergies-and-how-they-happen-digital-badge\",\"name\":\"Allergies and How They Happen Digital Badge - NailKnowledge\",\"isPartOf\":{\"@id\":\"https:\\\/\\\/new.nailknowledge.org\\\/#website\"},\"primaryImageOfPage\":{\"@id\":\"https:\\\/\\\/nailknowledge.org\\\/nailknowledge-badges\\\/allergies-and-how-they-happen-digital-badge#primaryimage\"},\"image\":{\"@id\":\"https:\\\/\\\/nailknowledge.org\\\/nailknowledge-badges\\\/allergies-and-how-they-happen-digital-badge#primaryimage\"},\"thumbnailUrl\":\"https:\\\/\\\/nailknowledge.org\\\/wp-content\\\/uploads\\\/2022\\\/06\\\/NailKnowledge_badge_Nail-Allergies-1.png\",\"datePublished\":\"2022-06-14T12:24:23+00:00\",\"dateModified\":\"2022-06-14T12:26:12+00:00\",\"breadcrumb\":{\"@id\":\"https:\\\/\\\/nailknowledge.org\\\/nailknowledge-badges\\\/allergies-and-how-they-happen-digital-badge#breadcrumb\"},\"inLanguage\":\"pt-BR\",\"potentialAction\":[{\"@type\":\"ReadAction\",\"target\":[\"https:\\\/\\\/nailknowledge.org\\\/nailknowledge-badges\\\/allergies-and-how-they-happen-digital-badge\"]}]},{\"@type\":\"ImageObject\",\"inLanguage\":\"pt-BR\",\"@id\":\"https:\\\/\\\/nailknowledge.org\\\/nailknowledge-badges\\\/allergies-and-how-they-happen-digital-badge#primaryimage\",\"url\":\"https:\\\/\\\/nailknowledge.org\\\/wp-content\\\/uploads\\\/2022\\\/06\\\/NailKnowledge_badge_Nail-Allergies-1.png\",\"contentUrl\":\"https:\\\/\\\/nailknowledge.org\\\/wp-content\\\/uploads\\\/2022\\\/06\\\/NailKnowledge_badge_Nail-Allergies-1.png\"},{\"@type\":\"BreadcrumbList\",\"@id\":\"https:\\\/\\\/nailknowledge.org\\\/nailknowledge-badges\\\/allergies-and-how-they-happen-digital-badge#breadcrumb\",\"itemListElement\":[{\"@type\":\"ListItem\",\"position\":1,\"name\":\"Home\",\"item\":\"https:\\\/\\\/nailknowledge.org\\\/\"},{\"@type\":\"ListItem\",\"position\":2,\"name\":\"Badges\",\"item\":\"https:\\\/\\\/nailknowledge.org\\\/nailknowledge-badges\"},{\"@type\":\"ListItem\",\"position\":3,\"name\":\"Allergies and How They Happen Digital Badge\"}]},{\"@type\":\"WebSite\",\"@id\":\"https:\\\/\\\/new.nailknowledge.org\\\/#website\",\"url\":\"https:\\\/\\\/new.nailknowledge.org\\\/\",\"name\":\"NailKnowledge\",\"description\":\"\",\"publisher\":{\"@id\":\"https:\\\/\\\/new.nailknowledge.org\\\/#organization\"},\"potentialAction\":[{\"@type\":\"SearchAction\",\"target\":{\"@type\":\"EntryPoint\",\"urlTemplate\":\"https:\\\/\\\/new.nailknowledge.org\\\/?s={search_term_string}\"},\"query-input\":{\"@type\":\"PropertyValueSpecification\",\"valueRequired\":true,\"valueName\":\"search_term_string\"}}],\"inLanguage\":\"pt-BR\"},{\"@type\":\"Organization\",\"@id\":\"https:\\\/\\\/new.nailknowledge.org\\\/#organization\",\"name\":\"NailKnowledge\",\"url\":\"https:\\\/\\\/new.nailknowledge.org\\\/\",\"logo\":{\"@type\":\"ImageObject\",\"inLanguage\":\"pt-BR\",\"@id\":\"https:\\\/\\\/new.nailknowledge.org\\\/#\\\/schema\\\/logo\\\/image\\\/\",\"url\":\"https:\\\/\\\/nailknowledge.org\\\/wp-content\\\/uploads\\\/2026\\\/03\\\/KN-Logo-1.webp\",\"contentUrl\":\"https:\\\/\\\/nailknowledge.org\\\/wp-content\\\/uploads\\\/2026\\\/03\\\/KN-Logo-1.webp\",\"width\":542,\"height\":100,\"caption\":\"NailKnowledge\"},\"image\":{\"@id\":\"https:\\\/\\\/new.nailknowledge.org\\\/#\\\/schema\\\/logo\\\/image\\\/\"}}]}<\/script>\n<!-- \/ Yoast SEO plugin. -->","yoast_head_json":{"title":"Distintivo digital de alergias e como elas ocorrem - NailKnowledge","robots":{"index":"index","follow":"follow","max-snippet":"max-snippet:-1","max-image-preview":"max-image-preview:large","max-video-preview":"max-video-preview:-1"},"canonical":"https:\/\/nailknowledge.org\/pt\/crachas-do-nailknowledge\/alergias-e-como-elas-ocorrem-cracha-digital\/","og_locale":"pt_BR","og_type":"article","og_title":"Allergies and How They Happen Digital Badge - NailKnowledge","og_description":"Allergies and How They Happen Digital Badge Issued by NailKnowledge This NailKnowledge\u2019s Digital Badge indicates the recipient has successfully completed the \u2018Allergies and How They Happen\u2019 update and attained a suitable level of subject competence in the cause and prevention of allergies in the nail industry. Pass Criteria: Complete the \u2018Allergies and How They Happen\u2019 [&hellip;]","og_url":"https:\/\/nailknowledge.org\/pt\/crachas-do-nailknowledge\/alergias-e-como-elas-ocorrem-cracha-digital\/","og_site_name":"NailKnowledge","article_modified_time":"2022-06-14T12:26:12+00:00","og_image":[{"width":545,"height":295,"url":"https:\/\/nailknowledge.org\/wp-content\/uploads\/2023\/03\/image002.jpg","type":"image\/jpeg"}],"twitter_card":"summary_large_image","twitter_misc":{"Est. tempo de leitura":"1 minuto"},"schema":{"@context":"https:\/\/schema.org","@graph":[{"@type":"WebPage","@id":"https:\/\/nailknowledge.org\/nailknowledge-badges\/allergies-and-how-they-happen-digital-badge","url":"https:\/\/nailknowledge.org\/nailknowledge-badges\/allergies-and-how-they-happen-digital-badge","name":"Distintivo digital de alergias e como elas ocorrem - NailKnowledge","isPartOf":{"@id":"https:\/\/new.nailknowledge.org\/#website"},"primaryImageOfPage":{"@id":"https:\/\/nailknowledge.org\/nailknowledge-badges\/allergies-and-how-they-happen-digital-badge#primaryimage"},"image":{"@id":"https:\/\/nailknowledge.org\/nailknowledge-badges\/allergies-and-how-they-happen-digital-badge#primaryimage"},"thumbnailUrl":"https:\/\/nailknowledge.org\/wp-content\/uploads\/2022\/06\/NailKnowledge_badge_Nail-Allergies-1.png","datePublished":"2022-06-14T12:24:23+00:00","dateModified":"2022-06-14T12:26:12+00:00","breadcrumb":{"@id":"https:\/\/nailknowledge.org\/nailknowledge-badges\/allergies-and-how-they-happen-digital-badge#breadcrumb"},"inLanguage":"pt-BR","potentialAction":[{"@type":"ReadAction","target":["https:\/\/nailknowledge.org\/nailknowledge-badges\/allergies-and-how-they-happen-digital-badge"]}]},{"@type":"ImageObject","inLanguage":"pt-BR","@id":"https:\/\/nailknowledge.org\/nailknowledge-badges\/allergies-and-how-they-happen-digital-badge#primaryimage","url":"https:\/\/nailknowledge.org\/wp-content\/uploads\/2022\/06\/NailKnowledge_badge_Nail-Allergies-1.png","contentUrl":"https:\/\/nailknowledge.org\/wp-content\/uploads\/2022\/06\/NailKnowledge_badge_Nail-Allergies-1.png"},{"@type":"BreadcrumbList","@id":"https:\/\/nailknowledge.org\/nailknowledge-badges\/allergies-and-how-they-happen-digital-badge#breadcrumb","itemListElement":[{"@type":"ListItem","position":1,"name":"Home","item":"https:\/\/nailknowledge.org\/"},{"@type":"ListItem","position":2,"name":"Badges","item":"https:\/\/nailknowledge.org\/nailknowledge-badges"},{"@type":"ListItem","position":3,"name":"Allergies and How They Happen Digital Badge"}]},{"@type":"WebSite","@id":"https:\/\/new.nailknowledge.org\/#website","url":"https:\/\/new.nailknowledge.org\/","name":"NailKnowledge","description":"","publisher":{"@id":"https:\/\/new.nailknowledge.org\/#organization"},"potentialAction":[{"@type":"SearchAction","target":{"@type":"EntryPoint","urlTemplate":"https:\/\/new.nailknowledge.org\/?s={search_term_string}"},"query-input":{"@type":"PropertyValueSpecification","valueRequired":true,"valueName":"search_term_string"}}],"inLanguage":"pt-BR"},{"@type":"Organization","@id":"https:\/\/new.nailknowledge.org\/#organization","name":"NailKnowledge","url":"https:\/\/new.nailknowledge.org\/","logo":{"@type":"ImageObject","inLanguage":"pt-BR","@id":"https:\/\/new.nailknowledge.org\/#\/schema\/logo\/image\/","url":"https:\/\/nailknowledge.org\/wp-content\/uploads\/2026\/03\/KN-Logo-1.webp","contentUrl":"https:\/\/nailknowledge.org\/wp-content\/uploads\/2026\/03\/KN-Logo-1.webp","width":542,"height":100,"caption":"NailKnowledge"},"image":{"@id":"https:\/\/new.nailknowledge.org\/#\/schema\/logo\/image\/"}}]}},"_links":{"self":[{"href":"https:\/\/nailknowledge.org\/pt\/wp-json\/wp\/v2\/pages\/48963","targetHints":{"allow":["GET"]}}],"collection":[{"href":"https:\/\/nailknowledge.org\/pt\/wp-json\/wp\/v2\/pages"}],"about":[{"href":"https:\/\/nailknowledge.org\/pt\/wp-json\/wp\/v2\/types\/page"}],"author":[{"embeddable":true,"href":"https:\/\/nailknowledge.org\/pt\/wp-json\/wp\/v2\/users\/35"}],"replies":[{"embeddable":true,"href":"https:\/\/nailknowledge.org\/pt\/wp-json\/wp\/v2\/comments?post=48963"}],"version-history":[{"count":0,"href":"https:\/\/nailknowledge.org\/pt\/wp-json\/wp\/v2\/pages\/48963\/revisions"}],"up":[{"embeddable":true,"href":"https:\/\/nailknowledge.org\/pt\/wp-json\/wp\/v2\/pages\/40569"}],"wp:attachment":[{"href":"https:\/\/nailknowledge.org\/pt\/wp-json\/wp\/v2\/media?parent=48963"}],"curies":[{"name":"wp","href":"https:\/\/api.w.org\/{rel}","templated":true}]}}