{"id":62041,"date":"2023-03-30T12:53:48","date_gmt":"2023-03-30T12:53:48","guid":{"rendered":"https:\/\/nailknowledge.org\/?page_id=62041"},"modified":"2024-03-04T16:45:27","modified_gmt":"2024-03-04T16:45:27","slug":"assinatura-para-pessoas-fisicas","status":"publish","type":"page","link":"https:\/\/nailknowledge.org\/pt\/subsciption-for-individuals","title":{"rendered":"Assinatura para pessoas f\u00edsicas"},"content":{"rendered":"<div class=\"wp-block-group mx-auto container-max-width-1200 py-2\"><div class=\"wp-block-group__inner-container is-layout-constrained wp-block-group-is-layout-constrained\">\n<h2 class=\"wp-block-heading has-text-align-center\">Aprimore suas habilidades e fique \u00e0 frente da curva <\/h2>\n\n\n<div class=\"wp-block-image\">\n<figure class=\"aligncenter size-full\"><a href=\"https:\/\/learn.nailknowledge.org\/subscriptions\/D9470L7g2O?lang=pt_br\"><img loading=\"eager\" fetchpriority=\"high\" decoding=\"async\" width=\"1024\" height=\"546\" src=\"https:\/\/nailknowledge.org\/wp-content\/uploads\/2024\/03\/Brazil-Subscribe-2.jpg\" alt=\"\" class=\"wp-image-113080\" srcset=\"https:\/\/nailknowledge.org\/wp-content\/uploads\/2024\/03\/Brazil-Subscribe-2.jpg 1024w, https:\/\/nailknowledge.org\/wp-content\/uploads\/2024\/03\/Brazil-Subscribe-2-600x320.jpg 600w, https:\/\/nailknowledge.org\/wp-content\/uploads\/2024\/03\/Brazil-Subscribe-2-300x160.jpg 300w, https:\/\/nailknowledge.org\/wp-content\/uploads\/2024\/03\/Brazil-Subscribe-2-768x410.jpg 768w, https:\/\/nailknowledge.org\/wp-content\/uploads\/2024\/03\/Brazil-Subscribe-2-18x10.jpg 18w, https:\/\/nailknowledge.org\/wp-content\/uploads\/2024\/03\/Brazil-Subscribe-2-50x27.jpg 50w, https:\/\/nailknowledge.org\/wp-content\/uploads\/2024\/03\/Brazil-Subscribe-2-200x107.jpg 200w, https:\/\/nailknowledge.org\/wp-content\/uploads\/2024\/03\/Brazil-Subscribe-2-100x53.jpg 100w\" sizes=\"auto, (max-width: 1024px) 100vw, 1024px\" \/><\/a><\/figure>\n<\/div>\n\n\n<h4 class=\"wp-block-heading\">Fique por dentro das tend\u00eancias do setor com uma assinatura de 1 ano<\/h4>\n\n\n\n<p>Voc\u00ea ter\u00e1 acesso instant\u00e2neo a todos os produtos NailKnowledge <a href=\"https:\/\/nailknowledge.org\/pt\/loja\/\">Livros eletr\u00f4nicos <\/a>e cursos, incluindo o <a href=\"https:\/\/nailknowledge.org\/pt\/cursos-profissionais-de-unhas\/o-diploma-essencial-para-profissionais-de-unhas\/\">Diploma Essencial de Unhas<\/a>, <a href=\"https:\/\/nailknowledge.org\/pt\/cursos-profissionais-de-unhas\/energia-uv-e-geis-uv-2\/\">Energia UV e g\u00e9is UV<\/a> e <a href=\"https:\/\/nailknowledge.org\/pt\/cursos-profissionais-de-unhas\/alergias-e-como-elas-ocorrem\/\">Alergias e como elas ocorrem.<\/a><\/p>\n\n\n\n<p>Esse treinamento abrangente e aprovado por especialistas garante que voc\u00ea esteja sempre bem informado e preparado para se destacar em seus esfor\u00e7os de cuidados com as unhas.<\/p>\n\n\n\n<h2 class=\"wp-block-heading has-text-align-center\">eBooks do NailKnowledge<\/h2>\n\n\n\n<p>Todos esses <a href=\"https:\/\/nailknowledge.org\/pt\/loja\/\">Livros eletr\u00f4nicos<\/a>incluindo a s\u00e9rie best-seller Face-to-Face, de autoria de Doug Schoon, est\u00e3o inclu\u00eddos em sua assinatura.<\/p>\n\n\n\n<figure class=\"wp-block-image size-large\"><a href=\"https:\/\/nailknowledge.org\/pt\/loja\/\"><img loading=\"lazy\" decoding=\"async\" width=\"1024\" height=\"546\" src=\"https:\/\/nailknowledge.org\/wp-content\/uploads\/2023\/11\/Face-to-Face-UK-1-1024x546.jpg\" alt=\"eBooks do Nailknowledge\" class=\"wp-image-92676\" srcset=\"https:\/\/nailknowledge.org\/wp-content\/uploads\/2023\/11\/Face-to-Face-UK-1-1024x546.jpg 1024w, https:\/\/nailknowledge.org\/wp-content\/uploads\/2023\/11\/Face-to-Face-UK-1-600x320.jpg 600w, https:\/\/nailknowledge.org\/wp-content\/uploads\/2023\/11\/Face-to-Face-UK-1-300x160.jpg 300w, https:\/\/nailknowledge.org\/wp-content\/uploads\/2023\/11\/Face-to-Face-UK-1-768x409.jpg 768w, https:\/\/nailknowledge.org\/wp-content\/uploads\/2023\/11\/Face-to-Face-UK-1-18x10.jpg 18w, https:\/\/nailknowledge.org\/wp-content\/uploads\/2023\/11\/Face-to-Face-UK-1.jpg 1280w\" sizes=\"auto, (max-width: 1024px) 100vw, 1024px\" \/><\/a><\/figure>\n\n\n\n<h4 class=\"wp-block-heading\">Diploma Essencial de Unhas da NailKnowledge: Mais do que apenas um certificado<\/h4>\n\n\n\n<p>Talvez voc\u00ea j\u00e1 tenha suas qualifica\u00e7\u00f5es, mas o setor de unhas est\u00e1 em constante evolu\u00e7\u00e3o. As <strong>NailKnowledge Essential Nail Diploma<\/strong> vai al\u00e9m do b\u00e1sico, oferecendo a voc\u00ea treinamento te\u00f3rico avan\u00e7ado em Anatomia das Unhas, Qu\u00edmica de Produtos e Sa\u00fade e Seguran\u00e7a. Mantenha-se atualizado sobre as \u00faltimas tend\u00eancias e t\u00e9cnicas, tornando-se um ativo inestim\u00e1vel no setor de cuidados com as unhas.<\/p>\n\n\n\n<h4 class=\"wp-block-heading\">Supere o plat\u00f4 e alcance novos patamares<\/h4>\n\n\n\n<p>At\u00e9 mesmo os t\u00e9cnicos de unhas qualificados podem se beneficiar do aprendizado cont\u00ednuo. Os cursos oferecidos pelo NailKnowledge foram criados para ajud\u00e1-lo a aprimorar suas habilidades atuais, dominar novas t\u00e9cnicas e proporcionar uma experi\u00eancia superior aos seus clientes. Nunca pare de crescer e veja como sua carreira floresce.<\/p>\n\n\n\n<h4 class=\"wp-block-heading\">Pregoeiros de verdade, sucesso real<\/h4>\n\n\n\n<p>N\u00e3o acredite apenas em nossa palavra. Veja o que outros t\u00e9cnicos de unhas t\u00eam a dizer sobre o programa NailKnowledge:<\/p>\n\n\n\n<p>\"Eu achava que sabia tudo, mas o NailKnowledge abriu meus olhos para novas t\u00e9cnicas e tend\u00eancias. Meus clientes notaram a melhora e minha agenda de compromissos est\u00e1 sempre cheia!\" - <em>Sue Mcglashan, t\u00e9cnica de unhas<\/em><\/p>\n\n\n\n<p>\"O NailKnowledge foi um divisor de \u00e1guas em minha carreira. Estou mais confiante e bem informada, e os sal\u00f5es est\u00e3o ansiosos para me ter em sua equipe.\" - Emily Geer<em>, Pregoeiro<\/em> e educador<\/p>\n\n\n\n<h4 class=\"wp-block-heading\">N\u00e3o perca a oportunidade<\/h4>\n\n\n\n<p>Aproveite essa oportunidade para aprimorar seus conhecimentos sobre unhas, seja voc\u00ea um profissional, estudante ou entusiasta, e ofere\u00e7a a experi\u00eancia excepcional que as unhas merecem.<\/p>\n\n\n\n<div class=\"wp-block-buttons is-layout-flex wp-block-buttons-is-layout-flex\">\n<div class=\"wp-block-button has-custom-width wp-block-button__width-100 has-custom-font-size\" style=\"font-size:24px\"><a class=\"wp-block-button__link has-background wp-element-button\" href=\"https:\/\/learn.nailknowledge.org\/subscriptions\/D9470L7g2O?lang=pt_br\" style=\"border-radius:10px;background:linear-gradient(320deg,rgb(0,212,91) 0%,rgb(35,164,85) 100%)\"><strong>Assine agora e obtenha acesso instant\u00e2neo<\/strong><\/a><\/div>\n<\/div>\n\n\n\n<p>Aproveite essa oportunidade para investir em sua jornada de cuidados com as unhas e elevar suas habilidades, atendendo aos padr\u00f5es excepcionais que as unhas merecem.<\/p>\n\n\n\n<p><\/p>\n<\/div><\/div>","protected":false},"excerpt":{"rendered":"<p>Elevate Your Skills and Stay Ahead of the Curve Stay on Top of Industry Trends with a 1-Year Subscription You&#8217;ll gain instant access to all NailKnowledge eBooks and courses, including the Essential Nail Diploma, UV Energy &amp; UV Gels and Allergies and how they Happen. This comprehensive and expert-endorsed training ensures that you&#8217;re always well-informed [&hellip;]<\/p>\n","protected":false},"author":2,"featured_media":0,"parent":0,"menu_order":0,"comment_status":"closed","ping_status":"closed","template":"","meta":{"_yoast_wpseo_focuskw":"","_yoast_wpseo_metadesc":"","_genesis_hide_title":false,"_genesis_hide_breadcrumbs":false,"_genesis_hide_singular_image":false,"_genesis_hide_footer_widgets":false,"_genesis_custom_body_class":"","_genesis_custom_post_class":"","_genesis_layout":"","footnotes":""},"class_list":{"0":"post-62041","1":"page","2":"type-page","3":"status-publish","5":"entry"},"yoast_head":"<!-- This site is optimized with the Yoast SEO plugin v27.4 - https:\/\/yoast.com\/product\/yoast-seo-wordpress\/ -->\n<title>Subscription for individuals - NailKnowledge<\/title>\n<meta name=\"robots\" content=\"index, follow, max-snippet:-1, max-image-preview:large, max-video-preview:-1\" \/>\n<link rel=\"canonical\" href=\"https:\/\/nailknowledge.org\/pt\/assinatura-para-pessoas-fisicas\/\" \/>\n<meta property=\"og:locale\" content=\"pt_BR\" \/>\n<meta property=\"og:type\" content=\"article\" \/>\n<meta property=\"og:title\" content=\"Subscription for individuals - NailKnowledge\" \/>\n<meta property=\"og:description\" content=\"Elevate Your Skills and Stay Ahead of the Curve Stay on Top of Industry Trends with a 1-Year Subscription You&#8217;ll gain instant access to all NailKnowledge eBooks and courses, including the Essential Nail Diploma, UV Energy &amp; UV Gels and Allergies and how they Happen. This comprehensive and expert-endorsed training ensures that you&#8217;re always well-informed [&hellip;]\" \/>\n<meta property=\"og:url\" content=\"https:\/\/nailknowledge.org\/pt\/assinatura-para-pessoas-fisicas\/\" \/>\n<meta property=\"og:site_name\" content=\"NailKnowledge\" \/>\n<meta property=\"article:modified_time\" content=\"2024-03-04T16:45:27+00:00\" \/>\n<meta property=\"og:image\" content=\"https:\/\/nailknowledge.org\/wp-content\/uploads\/2024\/03\/Subscribe-Now-Subscription-2.jpg\" \/>\n<meta name=\"twitter:card\" content=\"summary_large_image\" \/>\n<meta name=\"twitter:label1\" content=\"Est. tempo de leitura\" \/>\n\t<meta name=\"twitter:data1\" content=\"2 minutos\" \/>\n<script type=\"application\/ld+json\" class=\"yoast-schema-graph\">{\"@context\":\"https:\\\/\\\/schema.org\",\"@graph\":[{\"@type\":\"WebPage\",\"@id\":\"https:\\\/\\\/nailknowledge.org\\\/subsciption-for-individuals\",\"url\":\"https:\\\/\\\/nailknowledge.org\\\/subsciption-for-individuals\",\"name\":\"Subscription for individuals - NailKnowledge\",\"isPartOf\":{\"@id\":\"https:\\\/\\\/new.nailknowledge.org\\\/#website\"},\"primaryImageOfPage\":{\"@id\":\"https:\\\/\\\/nailknowledge.org\\\/subsciption-for-individuals#primaryimage\"},\"image\":{\"@id\":\"https:\\\/\\\/nailknowledge.org\\\/subsciption-for-individuals#primaryimage\"},\"thumbnailUrl\":\"https:\\\/\\\/nailknowledge.org\\\/wp-content\\\/uploads\\\/2024\\\/03\\\/Subscribe-Now-Subscription-2.jpg\",\"datePublished\":\"2023-03-30T12:53:48+00:00\",\"dateModified\":\"2024-03-04T16:45:27+00:00\",\"breadcrumb\":{\"@id\":\"https:\\\/\\\/nailknowledge.org\\\/subsciption-for-individuals#breadcrumb\"},\"inLanguage\":\"pt-BR\",\"potentialAction\":[{\"@type\":\"ReadAction\",\"target\":[\"https:\\\/\\\/nailknowledge.org\\\/subsciption-for-individuals\"]}]},{\"@type\":\"ImageObject\",\"inLanguage\":\"pt-BR\",\"@id\":\"https:\\\/\\\/nailknowledge.org\\\/subsciption-for-individuals#primaryimage\",\"url\":\"https:\\\/\\\/nailknowledge.org\\\/wp-content\\\/uploads\\\/2024\\\/03\\\/Subscribe-Now-Subscription-2.jpg\",\"contentUrl\":\"https:\\\/\\\/nailknowledge.org\\\/wp-content\\\/uploads\\\/2024\\\/03\\\/Subscribe-Now-Subscription-2.jpg\"},{\"@type\":\"BreadcrumbList\",\"@id\":\"https:\\\/\\\/nailknowledge.org\\\/subsciption-for-individuals#breadcrumb\",\"itemListElement\":[{\"@type\":\"ListItem\",\"position\":1,\"name\":\"Home\",\"item\":\"https:\\\/\\\/nailknowledge.org\\\/\"},{\"@type\":\"ListItem\",\"position\":2,\"name\":\"Subscription for individuals\"}]},{\"@type\":\"WebSite\",\"@id\":\"https:\\\/\\\/new.nailknowledge.org\\\/#website\",\"url\":\"https:\\\/\\\/new.nailknowledge.org\\\/\",\"name\":\"NailKnowledge\",\"description\":\"\",\"publisher\":{\"@id\":\"https:\\\/\\\/new.nailknowledge.org\\\/#organization\"},\"potentialAction\":[{\"@type\":\"SearchAction\",\"target\":{\"@type\":\"EntryPoint\",\"urlTemplate\":\"https:\\\/\\\/new.nailknowledge.org\\\/?s={search_term_string}\"},\"query-input\":{\"@type\":\"PropertyValueSpecification\",\"valueRequired\":true,\"valueName\":\"search_term_string\"}}],\"inLanguage\":\"pt-BR\"},{\"@type\":\"Organization\",\"@id\":\"https:\\\/\\\/new.nailknowledge.org\\\/#organization\",\"name\":\"NailKnowledge\",\"url\":\"https:\\\/\\\/new.nailknowledge.org\\\/\",\"logo\":{\"@type\":\"ImageObject\",\"inLanguage\":\"pt-BR\",\"@id\":\"https:\\\/\\\/new.nailknowledge.org\\\/#\\\/schema\\\/logo\\\/image\\\/\",\"url\":\"https:\\\/\\\/nailknowledge.org\\\/wp-content\\\/uploads\\\/2026\\\/03\\\/KN-Logo-1.webp\",\"contentUrl\":\"https:\\\/\\\/nailknowledge.org\\\/wp-content\\\/uploads\\\/2026\\\/03\\\/KN-Logo-1.webp\",\"width\":542,\"height\":100,\"caption\":\"NailKnowledge\"},\"image\":{\"@id\":\"https:\\\/\\\/new.nailknowledge.org\\\/#\\\/schema\\\/logo\\\/image\\\/\"}}]}<\/script>\n<!-- \/ Yoast SEO plugin. -->","yoast_head_json":{"title":"Assinatura para pessoas f\u00edsicas - NailKnowledge","robots":{"index":"index","follow":"follow","max-snippet":"max-snippet:-1","max-image-preview":"max-image-preview:large","max-video-preview":"max-video-preview:-1"},"canonical":"https:\/\/nailknowledge.org\/pt\/assinatura-para-pessoas-fisicas\/","og_locale":"pt_BR","og_type":"article","og_title":"Subscription for individuals - NailKnowledge","og_description":"Elevate Your Skills and Stay Ahead of the Curve Stay on Top of Industry Trends with a 1-Year Subscription You&#8217;ll gain instant access to all NailKnowledge eBooks and courses, including the Essential Nail Diploma, UV Energy &amp; UV Gels and Allergies and how they Happen. This comprehensive and expert-endorsed training ensures that you&#8217;re always well-informed [&hellip;]","og_url":"https:\/\/nailknowledge.org\/pt\/assinatura-para-pessoas-fisicas\/","og_site_name":"NailKnowledge","article_modified_time":"2024-03-04T16:45:27+00:00","og_image":[{"url":"https:\/\/nailknowledge.org\/wp-content\/uploads\/2024\/03\/Subscribe-Now-Subscription-2.jpg","type":"","width":"","height":""}],"twitter_card":"summary_large_image","twitter_misc":{"Est. tempo de leitura":"2 minutos"},"schema":{"@context":"https:\/\/schema.org","@graph":[{"@type":"WebPage","@id":"https:\/\/nailknowledge.org\/subsciption-for-individuals","url":"https:\/\/nailknowledge.org\/subsciption-for-individuals","name":"Assinatura para pessoas f\u00edsicas - NailKnowledge","isPartOf":{"@id":"https:\/\/new.nailknowledge.org\/#website"},"primaryImageOfPage":{"@id":"https:\/\/nailknowledge.org\/subsciption-for-individuals#primaryimage"},"image":{"@id":"https:\/\/nailknowledge.org\/subsciption-for-individuals#primaryimage"},"thumbnailUrl":"https:\/\/nailknowledge.org\/wp-content\/uploads\/2024\/03\/Subscribe-Now-Subscription-2.jpg","datePublished":"2023-03-30T12:53:48+00:00","dateModified":"2024-03-04T16:45:27+00:00","breadcrumb":{"@id":"https:\/\/nailknowledge.org\/subsciption-for-individuals#breadcrumb"},"inLanguage":"pt-BR","potentialAction":[{"@type":"ReadAction","target":["https:\/\/nailknowledge.org\/subsciption-for-individuals"]}]},{"@type":"ImageObject","inLanguage":"pt-BR","@id":"https:\/\/nailknowledge.org\/subsciption-for-individuals#primaryimage","url":"https:\/\/nailknowledge.org\/wp-content\/uploads\/2024\/03\/Subscribe-Now-Subscription-2.jpg","contentUrl":"https:\/\/nailknowledge.org\/wp-content\/uploads\/2024\/03\/Subscribe-Now-Subscription-2.jpg"},{"@type":"BreadcrumbList","@id":"https:\/\/nailknowledge.org\/subsciption-for-individuals#breadcrumb","itemListElement":[{"@type":"ListItem","position":1,"name":"Home","item":"https:\/\/nailknowledge.org\/"},{"@type":"ListItem","position":2,"name":"Subscription for individuals"}]},{"@type":"WebSite","@id":"https:\/\/new.nailknowledge.org\/#website","url":"https:\/\/new.nailknowledge.org\/","name":"NailKnowledge","description":"","publisher":{"@id":"https:\/\/new.nailknowledge.org\/#organization"},"potentialAction":[{"@type":"SearchAction","target":{"@type":"EntryPoint","urlTemplate":"https:\/\/new.nailknowledge.org\/?s={search_term_string}"},"query-input":{"@type":"PropertyValueSpecification","valueRequired":true,"valueName":"search_term_string"}}],"inLanguage":"pt-BR"},{"@type":"Organization","@id":"https:\/\/new.nailknowledge.org\/#organization","name":"NailKnowledge","url":"https:\/\/new.nailknowledge.org\/","logo":{"@type":"ImageObject","inLanguage":"pt-BR","@id":"https:\/\/new.nailknowledge.org\/#\/schema\/logo\/image\/","url":"https:\/\/nailknowledge.org\/wp-content\/uploads\/2026\/03\/KN-Logo-1.webp","contentUrl":"https:\/\/nailknowledge.org\/wp-content\/uploads\/2026\/03\/KN-Logo-1.webp","width":542,"height":100,"caption":"NailKnowledge"},"image":{"@id":"https:\/\/new.nailknowledge.org\/#\/schema\/logo\/image\/"}}]}},"_links":{"self":[{"href":"https:\/\/nailknowledge.org\/pt\/wp-json\/wp\/v2\/pages\/62041","targetHints":{"allow":["GET"]}}],"collection":[{"href":"https:\/\/nailknowledge.org\/pt\/wp-json\/wp\/v2\/pages"}],"about":[{"href":"https:\/\/nailknowledge.org\/pt\/wp-json\/wp\/v2\/types\/page"}],"author":[{"embeddable":true,"href":"https:\/\/nailknowledge.org\/pt\/wp-json\/wp\/v2\/users\/2"}],"replies":[{"embeddable":true,"href":"https:\/\/nailknowledge.org\/pt\/wp-json\/wp\/v2\/comments?post=62041"}],"version-history":[{"count":0,"href":"https:\/\/nailknowledge.org\/pt\/wp-json\/wp\/v2\/pages\/62041\/revisions"}],"wp:attachment":[{"href":"https:\/\/nailknowledge.org\/pt\/wp-json\/wp\/v2\/media?parent=62041"}],"curies":[{"name":"wp","href":"https:\/\/api.w.org\/{rel}","templated":true}]}}