{"id":67611,"date":"2023-05-12T12:38:30","date_gmt":"2023-05-12T12:38:30","guid":{"rendered":"https:\/\/nailknowledge.org\/?page_id=67611"},"modified":"2023-05-25T10:49:13","modified_gmt":"2023-05-25T10:49:13","slug":"aula-experimental-2","status":"publish","type":"page","link":"https:\/\/nailknowledge.org\/pt\/professional-nail-courses\/taster-lesson","title":{"rendered":"Aula experimental"},"content":{"rendered":"<div class=\"wp-block-columns is-layout-flex wp-container-core-columns-is-layout-9d6595d7 wp-block-columns-is-layout-flex\">\n<div class=\"wp-block-column is-layout-flow wp-block-column-is-layout-flow\" style=\"flex-basis:33.33%\">\n<figure class=\"wp-block-image size-large\"><img loading=\"eager\" fetchpriority=\"high\" decoding=\"async\" width=\"1024\" height=\"576\" src=\"https:\/\/nailknowledge.org\/wp-content\/uploads\/2020\/08\/magazin-image-with-nk-logo-300dpiv3-1024x576.jpg\" alt=\"\" class=\"wp-image-32305\" srcset=\"https:\/\/nailknowledge.org\/wp-content\/uploads\/2020\/08\/magazin-image-with-nk-logo-300dpiv3-1024x576.jpg 1024w, https:\/\/nailknowledge.org\/wp-content\/uploads\/2020\/08\/magazin-image-with-nk-logo-300dpiv3-600x338.jpg 600w, https:\/\/nailknowledge.org\/wp-content\/uploads\/2020\/08\/magazin-image-with-nk-logo-300dpiv3-300x169.jpg 300w, https:\/\/nailknowledge.org\/wp-content\/uploads\/2020\/08\/magazin-image-with-nk-logo-300dpiv3-768x432.jpg 768w, https:\/\/nailknowledge.org\/wp-content\/uploads\/2020\/08\/magazin-image-with-nk-logo-300dpiv3-1536x864.jpg 1536w, https:\/\/nailknowledge.org\/wp-content\/uploads\/2020\/08\/magazin-image-with-nk-logo-300dpiv3-400x225.jpg 400w, https:\/\/nailknowledge.org\/wp-content\/uploads\/2020\/08\/magazin-image-with-nk-logo-300dpiv3-100x56.jpg 100w, https:\/\/nailknowledge.org\/wp-content\/uploads\/2020\/08\/magazin-image-with-nk-logo-300dpiv3.jpg 1920w\" sizes=\"auto, (max-width: 1024px) 100vw, 1024px\" \/><\/figure>\n\n\n\n<p><\/p>\n<\/div>\n\n\n\n<div class=\"wp-block-column is-vertically-aligned-center is-layout-flow wp-block-column-is-layout-flow\" style=\"flex-basis:66.66%\">\n<h2 class=\"wp-block-heading has-text-align-center kn-course-section-title\">Aula experimental<\/h2>\n\n\n\n<div class=\"wp-block-columns is-layout-flex wp-container-core-columns-is-layout-9d6595d7 wp-block-columns-is-layout-flex\">\n<div class=\"wp-block-column is-vertically-aligned-top is-layout-flow wp-block-column-is-layout-flow\">\n<p class=\"has-text-align-center mb-0 has-text-color has-large-font-size\" style=\"color:#e93f9a\"><strong>AULA GRATUITA<\/strong><\/p>\n<\/div>\n\n\n\n<div class=\"wp-block-column is-vertically-aligned-center is-layout-flow wp-block-column-is-layout-flow\">\n<div class=\"wp-block-buttons alignfull is-horizontal is-content-justification-center is-layout-flex wp-container-core-buttons-is-layout-499968f5 wp-block-buttons-is-layout-flex\">\n<div class=\"wp-block-button\"><a class=\"wp-block-button__link wp-element-button\" href=\"https:\/\/learn.nailknowledge.org\/direct-customers\/?course=3W6qA4KOjd\">Fa\u00e7a a li\u00e7\u00e3o agora!<\/a><\/div>\n<\/div>\n<\/div>\n<\/div>\n<\/div>\n<\/div>\n\n\n\n<p>Descubra por que milhares de profissionais de unhas est\u00e3o elogiando o curso Diploma NailKnowledge<\/p>\n\n\n\n<h3 class=\"wp-block-heading has-text-align-center has-text-color\" style=\"color:#e93f9a\"><strong>Assista ao v\u00eddeo abaixo e registre-se para receber sua aula GRATUITA.<\/strong><\/h3>\n\n\n\n<figure class=\"wp-block-embed is-type-video is-provider-vimeo wp-block-embed-vimeo wp-embed-aspect-16-9 wp-has-aspect-ratio\"><div class=\"wp-block-embed__wrapper\">\n<iframe loading=\"lazy\" title=\"Introdu\u00e7\u00e3o ao NailKnowledge\" src=\"https:\/\/player.vimeo.com\/video\/492205416?dnt=1&amp;app_id=122963\" width=\"500\" height=\"281\" frameborder=\"0\" allow=\"autoplay; fullscreen; picture-in-picture; clipboard-write\"><\/iframe>\n<\/div><\/figure>\n\n\n\n<div style=\"height:40px\" aria-hidden=\"true\" class=\"wp-block-spacer\"><\/div>\n\n\n\n<div class=\"wp-block-columns is-layout-flex wp-container-core-columns-is-layout-9d6595d7 wp-block-columns-is-layout-flex\">\n<div class=\"wp-block-column is-layout-flow wp-block-column-is-layout-flow\" style=\"flex-basis:33.33%\">\n<figure class=\"wp-block-image size-large\"><img loading=\"lazy\" decoding=\"async\" width=\"1024\" height=\"576\" src=\"https:\/\/nailknowledge.org\/wp-content\/uploads\/2020\/08\/magazin-image-with-nk-logo-300dpiv3-1024x576.jpg\" alt=\"\" class=\"wp-image-32305\" srcset=\"https:\/\/nailknowledge.org\/wp-content\/uploads\/2020\/08\/magazin-image-with-nk-logo-300dpiv3-1024x576.jpg 1024w, https:\/\/nailknowledge.org\/wp-content\/uploads\/2020\/08\/magazin-image-with-nk-logo-300dpiv3-600x338.jpg 600w, https:\/\/nailknowledge.org\/wp-content\/uploads\/2020\/08\/magazin-image-with-nk-logo-300dpiv3-300x169.jpg 300w, https:\/\/nailknowledge.org\/wp-content\/uploads\/2020\/08\/magazin-image-with-nk-logo-300dpiv3-768x432.jpg 768w, https:\/\/nailknowledge.org\/wp-content\/uploads\/2020\/08\/magazin-image-with-nk-logo-300dpiv3-1536x864.jpg 1536w, https:\/\/nailknowledge.org\/wp-content\/uploads\/2020\/08\/magazin-image-with-nk-logo-300dpiv3-400x225.jpg 400w, https:\/\/nailknowledge.org\/wp-content\/uploads\/2020\/08\/magazin-image-with-nk-logo-300dpiv3-100x56.jpg 100w, https:\/\/nailknowledge.org\/wp-content\/uploads\/2020\/08\/magazin-image-with-nk-logo-300dpiv3.jpg 1920w\" sizes=\"auto, (max-width: 1024px) 100vw, 1024px\" \/><\/figure>\n\n\n\n<p><\/p>\n<\/div>\n\n\n\n<div class=\"wp-block-column is-vertically-aligned-center is-layout-flow wp-block-column-is-layout-flow\" style=\"flex-basis:66.66%\">\n<h2 class=\"wp-block-heading has-text-align-center kn-course-section-title\">Aula experimental<\/h2>\n\n\n\n<div class=\"wp-block-columns is-layout-flex wp-container-core-columns-is-layout-9d6595d7 wp-block-columns-is-layout-flex\">\n<div class=\"wp-block-column is-vertically-aligned-top is-layout-flow wp-block-column-is-layout-flow\">\n<p class=\"has-text-align-center mb-0 has-text-color has-large-font-size\" style=\"color:#e93f9a\"><strong>GR\u00c1TIS<\/strong><\/p>\n<\/div>\n\n\n\n<div class=\"wp-block-column is-vertically-aligned-center is-layout-flow wp-block-column-is-layout-flow\">\n<div class=\"wp-block-buttons alignfull is-horizontal is-content-justification-center is-layout-flex wp-container-core-buttons-is-layout-499968f5 wp-block-buttons-is-layout-flex\">\n<div class=\"wp-block-button\"><a class=\"wp-block-button__link wp-element-button\" href=\"https:\/\/learn.nailknowledge.org\/direct-customers\/?course=3W6qA4KOjd\">Fa\u00e7a a li\u00e7\u00e3o agora!<\/a><\/div>\n<\/div>\n<\/div>\n<\/div>\n<\/div>\n<\/div>","protected":false},"excerpt":{"rendered":"<p>Aula de demonstra\u00e7\u00e3o LI\u00c7\u00c3O GRATUITA Descubra por que milhares de profissionais de unhas est\u00e3o entusiasmados com o curso de Diploma do NailKnowledge Assista ao v\u00eddeo abaixo e depois registre-se para sua aula GRATUITA. Aula de teste GRATUITA<\/p>","protected":false},"author":35,"featured_media":0,"parent":39235,"menu_order":0,"comment_status":"closed","ping_status":"closed","template":"","meta":{"_genesis_hide_title":false,"_genesis_hide_breadcrumbs":false,"_genesis_hide_singular_image":false,"_genesis_hide_footer_widgets":false,"_genesis_custom_body_class":"","_genesis_custom_post_class":"","_genesis_layout":"","footnotes":""},"class_list":{"0":"post-67611","1":"page","2":"type-page","3":"status-publish","5":"entry"},"yoast_head":"<!-- This site is optimized with the Yoast SEO plugin v27.3 - https:\/\/yoast.com\/product\/yoast-seo-wordpress\/ -->\n<title>Taster Lesson - NailKnowledge<\/title>\n<meta name=\"robots\" content=\"index, follow, max-snippet:-1, max-image-preview:large, max-video-preview:-1\" \/>\n<link rel=\"canonical\" href=\"https:\/\/nailknowledge.org\/pt\/cursos-profissionais-de-unhas\/aula-experimental-2\/\" \/>\n<meta property=\"og:locale\" content=\"pt_BR\" \/>\n<meta property=\"og:type\" content=\"article\" \/>\n<meta property=\"og:title\" content=\"Taster Lesson - NailKnowledge\" \/>\n<meta property=\"og:description\" content=\"Taster Lesson FREE LESSON Find out why thousands of Nail Professionals are raving about the NailKnowledge Diploma course Watch the video below and then register for your FREE lesson. Taster Lesson FREE\" \/>\n<meta property=\"og:url\" content=\"https:\/\/nailknowledge.org\/pt\/cursos-profissionais-de-unhas\/aula-experimental-2\/\" \/>\n<meta property=\"og:site_name\" content=\"NailKnowledge\" \/>\n<meta property=\"article:modified_time\" content=\"2023-05-25T10:49:13+00:00\" \/>\n<meta property=\"og:image\" content=\"https:\/\/nailknowledge.org\/wp-content\/uploads\/2023\/03\/image002.jpg\" \/>\n\t<meta property=\"og:image:width\" content=\"545\" \/>\n\t<meta property=\"og:image:height\" content=\"295\" \/>\n\t<meta property=\"og:image:type\" content=\"image\/jpeg\" \/>\n<meta name=\"twitter:card\" content=\"summary_large_image\" \/>\n<meta name=\"twitter:label1\" content=\"Est. tempo de leitura\" \/>\n\t<meta name=\"twitter:data1\" content=\"1 minuto\" \/>\n<script type=\"application\/ld+json\" class=\"yoast-schema-graph\">{\"@context\":\"https:\\\/\\\/schema.org\",\"@graph\":[{\"@type\":\"WebPage\",\"@id\":\"https:\\\/\\\/nailknowledge.org\\\/professional-nail-courses\\\/taster-lesson\",\"url\":\"https:\\\/\\\/nailknowledge.org\\\/professional-nail-courses\\\/taster-lesson\",\"name\":\"Taster Lesson - NailKnowledge\",\"isPartOf\":{\"@id\":\"https:\\\/\\\/new.nailknowledge.org\\\/#website\"},\"primaryImageOfPage\":{\"@id\":\"https:\\\/\\\/nailknowledge.org\\\/professional-nail-courses\\\/taster-lesson#primaryimage\"},\"image\":{\"@id\":\"https:\\\/\\\/nailknowledge.org\\\/professional-nail-courses\\\/taster-lesson#primaryimage\"},\"thumbnailUrl\":\"https:\\\/\\\/nailknowledge.org\\\/wp-content\\\/uploads\\\/2020\\\/08\\\/magazin-image-with-nk-logo-300dpiv3-1024x576.jpg\",\"datePublished\":\"2023-05-12T12:38:30+00:00\",\"dateModified\":\"2023-05-25T10:49:13+00:00\",\"breadcrumb\":{\"@id\":\"https:\\\/\\\/nailknowledge.org\\\/professional-nail-courses\\\/taster-lesson#breadcrumb\"},\"inLanguage\":\"pt-BR\",\"potentialAction\":[{\"@type\":\"ReadAction\",\"target\":[\"https:\\\/\\\/nailknowledge.org\\\/professional-nail-courses\\\/taster-lesson\"]}]},{\"@type\":\"ImageObject\",\"inLanguage\":\"pt-BR\",\"@id\":\"https:\\\/\\\/nailknowledge.org\\\/professional-nail-courses\\\/taster-lesson#primaryimage\",\"url\":\"https:\\\/\\\/nailknowledge.org\\\/wp-content\\\/uploads\\\/2020\\\/08\\\/magazin-image-with-nk-logo-300dpiv3-1024x576.jpg\",\"contentUrl\":\"https:\\\/\\\/nailknowledge.org\\\/wp-content\\\/uploads\\\/2020\\\/08\\\/magazin-image-with-nk-logo-300dpiv3-1024x576.jpg\"},{\"@type\":\"BreadcrumbList\",\"@id\":\"https:\\\/\\\/nailknowledge.org\\\/professional-nail-courses\\\/taster-lesson#breadcrumb\",\"itemListElement\":[{\"@type\":\"ListItem\",\"position\":1,\"name\":\"Home\",\"item\":\"https:\\\/\\\/nailknowledge.org\\\/\"},{\"@type\":\"ListItem\",\"position\":2,\"name\":\"Professional Nail Courses\",\"item\":\"https:\\\/\\\/nailknowledge.org\\\/professional-nail-courses\"},{\"@type\":\"ListItem\",\"position\":3,\"name\":\"Taster Lesson\"}]},{\"@type\":\"WebSite\",\"@id\":\"https:\\\/\\\/new.nailknowledge.org\\\/#website\",\"url\":\"https:\\\/\\\/new.nailknowledge.org\\\/\",\"name\":\"NailKnowledge\",\"description\":\"\",\"publisher\":{\"@id\":\"https:\\\/\\\/new.nailknowledge.org\\\/#organization\"},\"potentialAction\":[{\"@type\":\"SearchAction\",\"target\":{\"@type\":\"EntryPoint\",\"urlTemplate\":\"https:\\\/\\\/new.nailknowledge.org\\\/?s={search_term_string}\"},\"query-input\":{\"@type\":\"PropertyValueSpecification\",\"valueRequired\":true,\"valueName\":\"search_term_string\"}}],\"inLanguage\":\"pt-BR\"},{\"@type\":\"Organization\",\"@id\":\"https:\\\/\\\/new.nailknowledge.org\\\/#organization\",\"name\":\"NailKnowledge\",\"url\":\"https:\\\/\\\/new.nailknowledge.org\\\/\",\"logo\":{\"@type\":\"ImageObject\",\"inLanguage\":\"pt-BR\",\"@id\":\"https:\\\/\\\/new.nailknowledge.org\\\/#\\\/schema\\\/logo\\\/image\\\/\",\"url\":\"https:\\\/\\\/nailknowledge.org\\\/wp-content\\\/uploads\\\/2026\\\/03\\\/KN-Logo-1.webp\",\"contentUrl\":\"https:\\\/\\\/nailknowledge.org\\\/wp-content\\\/uploads\\\/2026\\\/03\\\/KN-Logo-1.webp\",\"width\":542,\"height\":100,\"caption\":\"NailKnowledge\"},\"image\":{\"@id\":\"https:\\\/\\\/new.nailknowledge.org\\\/#\\\/schema\\\/logo\\\/image\\\/\"}}]}<\/script>\n<!-- \/ Yoast SEO plugin. -->","yoast_head_json":{"title":"Aula de demonstra\u00e7\u00e3o - NailKnowledge","robots":{"index":"index","follow":"follow","max-snippet":"max-snippet:-1","max-image-preview":"max-image-preview:large","max-video-preview":"max-video-preview:-1"},"canonical":"https:\/\/nailknowledge.org\/pt\/cursos-profissionais-de-unhas\/aula-experimental-2\/","og_locale":"pt_BR","og_type":"article","og_title":"Taster Lesson - NailKnowledge","og_description":"Taster Lesson FREE LESSON Find out why thousands of Nail Professionals are raving about the NailKnowledge Diploma course Watch the video below and then register for your FREE lesson. Taster Lesson FREE","og_url":"https:\/\/nailknowledge.org\/pt\/cursos-profissionais-de-unhas\/aula-experimental-2\/","og_site_name":"NailKnowledge","article_modified_time":"2023-05-25T10:49:13+00:00","og_image":[{"width":545,"height":295,"url":"https:\/\/nailknowledge.org\/wp-content\/uploads\/2023\/03\/image002.jpg","type":"image\/jpeg"}],"twitter_card":"summary_large_image","twitter_misc":{"Est. tempo de leitura":"1 minuto"},"schema":{"@context":"https:\/\/schema.org","@graph":[{"@type":"WebPage","@id":"https:\/\/nailknowledge.org\/professional-nail-courses\/taster-lesson","url":"https:\/\/nailknowledge.org\/professional-nail-courses\/taster-lesson","name":"Aula de demonstra\u00e7\u00e3o - NailKnowledge","isPartOf":{"@id":"https:\/\/new.nailknowledge.org\/#website"},"primaryImageOfPage":{"@id":"https:\/\/nailknowledge.org\/professional-nail-courses\/taster-lesson#primaryimage"},"image":{"@id":"https:\/\/nailknowledge.org\/professional-nail-courses\/taster-lesson#primaryimage"},"thumbnailUrl":"https:\/\/nailknowledge.org\/wp-content\/uploads\/2020\/08\/magazin-image-with-nk-logo-300dpiv3-1024x576.jpg","datePublished":"2023-05-12T12:38:30+00:00","dateModified":"2023-05-25T10:49:13+00:00","breadcrumb":{"@id":"https:\/\/nailknowledge.org\/professional-nail-courses\/taster-lesson#breadcrumb"},"inLanguage":"pt-BR","potentialAction":[{"@type":"ReadAction","target":["https:\/\/nailknowledge.org\/professional-nail-courses\/taster-lesson"]}]},{"@type":"ImageObject","inLanguage":"pt-BR","@id":"https:\/\/nailknowledge.org\/professional-nail-courses\/taster-lesson#primaryimage","url":"https:\/\/nailknowledge.org\/wp-content\/uploads\/2020\/08\/magazin-image-with-nk-logo-300dpiv3-1024x576.jpg","contentUrl":"https:\/\/nailknowledge.org\/wp-content\/uploads\/2020\/08\/magazin-image-with-nk-logo-300dpiv3-1024x576.jpg"},{"@type":"BreadcrumbList","@id":"https:\/\/nailknowledge.org\/professional-nail-courses\/taster-lesson#breadcrumb","itemListElement":[{"@type":"ListItem","position":1,"name":"Home","item":"https:\/\/nailknowledge.org\/"},{"@type":"ListItem","position":2,"name":"Professional Nail Courses","item":"https:\/\/nailknowledge.org\/professional-nail-courses"},{"@type":"ListItem","position":3,"name":"Taster Lesson"}]},{"@type":"WebSite","@id":"https:\/\/new.nailknowledge.org\/#website","url":"https:\/\/new.nailknowledge.org\/","name":"NailKnowledge","description":"","publisher":{"@id":"https:\/\/new.nailknowledge.org\/#organization"},"potentialAction":[{"@type":"SearchAction","target":{"@type":"EntryPoint","urlTemplate":"https:\/\/new.nailknowledge.org\/?s={search_term_string}"},"query-input":{"@type":"PropertyValueSpecification","valueRequired":true,"valueName":"search_term_string"}}],"inLanguage":"pt-BR"},{"@type":"Organization","@id":"https:\/\/new.nailknowledge.org\/#organization","name":"NailKnowledge","url":"https:\/\/new.nailknowledge.org\/","logo":{"@type":"ImageObject","inLanguage":"pt-BR","@id":"https:\/\/new.nailknowledge.org\/#\/schema\/logo\/image\/","url":"https:\/\/nailknowledge.org\/wp-content\/uploads\/2026\/03\/KN-Logo-1.webp","contentUrl":"https:\/\/nailknowledge.org\/wp-content\/uploads\/2026\/03\/KN-Logo-1.webp","width":542,"height":100,"caption":"NailKnowledge"},"image":{"@id":"https:\/\/new.nailknowledge.org\/#\/schema\/logo\/image\/"}}]}},"_links":{"self":[{"href":"https:\/\/nailknowledge.org\/pt\/wp-json\/wp\/v2\/pages\/67611","targetHints":{"allow":["GET"]}}],"collection":[{"href":"https:\/\/nailknowledge.org\/pt\/wp-json\/wp\/v2\/pages"}],"about":[{"href":"https:\/\/nailknowledge.org\/pt\/wp-json\/wp\/v2\/types\/page"}],"author":[{"embeddable":true,"href":"https:\/\/nailknowledge.org\/pt\/wp-json\/wp\/v2\/users\/35"}],"replies":[{"embeddable":true,"href":"https:\/\/nailknowledge.org\/pt\/wp-json\/wp\/v2\/comments?post=67611"}],"version-history":[{"count":0,"href":"https:\/\/nailknowledge.org\/pt\/wp-json\/wp\/v2\/pages\/67611\/revisions"}],"up":[{"embeddable":true,"href":"https:\/\/nailknowledge.org\/pt\/wp-json\/wp\/v2\/pages\/39235"}],"wp:attachment":[{"href":"https:\/\/nailknowledge.org\/pt\/wp-json\/wp\/v2\/media?parent=67611"}],"curies":[{"name":"wp","href":"https:\/\/api.w.org\/{rel}","templated":true}]}}