{"id":79642,"date":"2023-08-25T13:23:30","date_gmt":"2023-08-25T13:23:30","guid":{"rendered":"https:\/\/nailknowledge.org\/?page_id=79642"},"modified":"2023-08-25T13:23:30","modified_gmt":"2023-08-25T13:23:30","slug":"alergias-e-como-elas-acontecem","status":"publish","type":"page","link":"https:\/\/nailknowledge.org\/pt\/professional-nail-courses\/alergias-e-como-elas-acontecem","title":{"rendered":"Alergias e Como Elas Acontecem"},"content":{"rendered":"<div class=\"wp-block-columns is-layout-flex wp-container-core-columns-is-layout-9d6595d7 wp-block-columns-is-layout-flex\">\n<div class=\"wp-block-column is-layout-flow wp-block-column-is-layout-flow\" style=\"flex-basis:33.33%\">\n<figure class=\"wp-block-image size-full\"><img loading=\"eager\" fetchpriority=\"high\" decoding=\"async\" width=\"654\" height=\"361\" src=\"https:\/\/nailknowledge.org\/wp-content\/uploads\/2022\/06\/image003.jpg\" alt=\"\" class=\"wp-image-49055\" srcset=\"https:\/\/nailknowledge.org\/wp-content\/uploads\/2022\/06\/image003.jpg 654w, https:\/\/nailknowledge.org\/wp-content\/uploads\/2022\/06\/image003-600x331.jpg 600w, https:\/\/nailknowledge.org\/wp-content\/uploads\/2022\/06\/image003-300x166.jpg 300w, https:\/\/nailknowledge.org\/wp-content\/uploads\/2022\/06\/image003-400x221.jpg 400w\" sizes=\"auto, (max-width: 654px) 100vw, 654px\" \/><\/figure>\n\n\n\n<p><\/p>\n<\/div>\n\n\n\n<div class=\"wp-block-column is-vertically-aligned-center is-layout-flow wp-block-column-is-layout-flow\" style=\"flex-basis:66.66%\">\n<h2 class=\"wp-block-heading has-text-align-center kn-course-section-title\">Alergias e Como Elas Acontecem<\/h2>\n\n\n\n<div class=\"wp-block-columns is-layout-flex wp-container-core-columns-is-layout-9d6595d7 wp-block-columns-is-layout-flex\">\n<div class=\"wp-block-column is-vertically-aligned-top is-layout-flow wp-block-column-is-layout-flow\">\n<p class=\"has-text-align-center mb-0 has-text-color has-large-font-size\" style=\"color:#e93f9a\"><strong><strong>Li\u00e7\u00e3o Gr\u00e1tis<\/strong><\/strong><\/p>\n<\/div>\n\n\n\n<div class=\"wp-block-column is-vertically-aligned-center is-layout-flow wp-block-column-is-layout-flow\">\n<div class=\"wp-block-buttons alignfull is-horizontal is-content-justification-center is-layout-flex wp-container-core-buttons-is-layout-499968f5 wp-block-buttons-is-layout-flex\">\n<div class=\"wp-block-button\"><a class=\"wp-block-button__link wp-element-button\" href=\"https:\/\/learn.nailknowledge.org\/direct-customers\/?course=EwyVM87NJQ\">fa\u00e7a agora!<\/a><\/div>\n<\/div>\n<\/div>\n<\/div>\n<\/div>\n<\/div>\n\n\n\n<p>'Alergias e como elas acontecem', do NailKnowledge, \u00e9 uma atualiza\u00e7\u00e3o indispens\u00e1vel explicando a ci\u00eancia por tr\u00e1s da epidemia de alergias que est\u00e1 ocorrendo na ind\u00fastria de unhas.<\/p>\n\n\n\n<h3 class=\"wp-block-heading has-text-align-center has-text-color\" style=\"color:#e93f9a\"><strong>Os mecanismos em a\u00e7\u00e3o para algumas das alergias que est\u00e3o se tornando predominantes<\/strong>.<\/h3>\n\n\n\n<ul class=\"wp-block-list\">\n<li>Todos sabemos que os produtos para unhas n\u00e3o devem tocar a pele<\/li>\n\n\n\n<li>Mas e se voc\u00ea estiver tomando o cuidado poss\u00edvel, e mesmo assim ainda observar algumas rea\u00e7\u00f5es al\u00e9rgicas?<\/li>\n\n\n\n<li>Quando voc\u00ea compreender os mecanismos, ter\u00e1 uma ideia melhor de como evitar rea\u00e7\u00f5es indesejadas<\/li>\n<\/ul>\n\n\n\n<p>Esta li\u00e7\u00e3o explica detalhadamente o que pode estar acontecendo.<\/p>\n\n\n\n<div class=\"wp-block-columns is-layout-flex wp-container-core-columns-is-layout-9d6595d7 wp-block-columns-is-layout-flex\">\n<div class=\"wp-block-column is-layout-flow wp-block-column-is-layout-flow\"><\/div>\n\n\n\n<div class=\"wp-block-column is-layout-flow wp-block-column-is-layout-flow\">\n<figure class=\"wp-block-image size-full\"><img loading=\"lazy\" decoding=\"async\" width=\"512\" height=\"512\" src=\"https:\/\/nailknowledge.org\/wp-content\/uploads\/2023\/08\/NailKnowledge_badge_allergies-brazil.png\" alt=\"\" class=\"wp-image-79643\" srcset=\"https:\/\/nailknowledge.org\/wp-content\/uploads\/2023\/08\/NailKnowledge_badge_allergies-brazil.png 512w, https:\/\/nailknowledge.org\/wp-content\/uploads\/2023\/08\/NailKnowledge_badge_allergies-brazil-300x300.png 300w, https:\/\/nailknowledge.org\/wp-content\/uploads\/2023\/08\/NailKnowledge_badge_allergies-brazil-180x180.png 180w, https:\/\/nailknowledge.org\/wp-content\/uploads\/2023\/08\/NailKnowledge_badge_allergies-brazil-150x150.png 150w\" sizes=\"auto, (max-width: 512px) 100vw, 512px\" \/><\/figure>\n\n\n\n<h3 class=\"wp-block-heading mb-0 kn-course-title\"><strong><strong>Ganhe seu diferencial digital<\/strong><\/strong><\/h3>\n\n\n\n<p>Mostre seu conhecimento com um distintivo digital que comprova seu aprendizado mais profundo sobre esse importante t\u00f3pico.<\/p>\n<\/div>\n\n\n\n<div class=\"wp-block-column is-layout-flow wp-block-column-is-layout-flow\"><\/div>\n<\/div>\n\n\n\n<div style=\"height:100px\" aria-hidden=\"true\" class=\"wp-block-spacer\"><\/div>\n\n\n\n<div class=\"wp-block-columns is-layout-flex wp-container-core-columns-is-layout-9d6595d7 wp-block-columns-is-layout-flex\">\n<div class=\"wp-block-column is-layout-flow wp-block-column-is-layout-flow\" style=\"flex-basis:33.33%\">\n<figure class=\"wp-block-image size-full\"><img loading=\"lazy\" decoding=\"async\" width=\"654\" height=\"361\" src=\"https:\/\/nailknowledge.org\/wp-content\/uploads\/2022\/06\/image003.jpg\" alt=\"\" class=\"wp-image-49055\" srcset=\"https:\/\/nailknowledge.org\/wp-content\/uploads\/2022\/06\/image003.jpg 654w, https:\/\/nailknowledge.org\/wp-content\/uploads\/2022\/06\/image003-600x331.jpg 600w, https:\/\/nailknowledge.org\/wp-content\/uploads\/2022\/06\/image003-300x166.jpg 300w, https:\/\/nailknowledge.org\/wp-content\/uploads\/2022\/06\/image003-400x221.jpg 400w\" sizes=\"auto, (max-width: 654px) 100vw, 654px\" \/><\/figure>\n\n\n\n<p><\/p>\n<\/div>\n\n\n\n<div class=\"wp-block-column is-vertically-aligned-center is-layout-flow wp-block-column-is-layout-flow\" style=\"flex-basis:66.66%\">\n<h2 class=\"wp-block-heading has-text-align-center kn-course-section-title\">Alergias e Como Elas Acontecem<\/h2>\n\n\n\n<div class=\"wp-block-columns is-layout-flex wp-container-core-columns-is-layout-9d6595d7 wp-block-columns-is-layout-flex\">\n<div class=\"wp-block-column is-vertically-aligned-top is-layout-flow wp-block-column-is-layout-flow\">\n<p class=\"has-text-align-center mb-0 has-text-color has-large-font-size\" style=\"color:#e93f9a\"><strong><strong>Li\u00e7\u00e3o Gr\u00e1tis<\/strong><\/strong><\/p>\n<\/div>\n\n\n\n<div class=\"wp-block-column is-vertically-aligned-center is-layout-flow wp-block-column-is-layout-flow\">\n<div class=\"wp-block-buttons alignfull is-horizontal is-content-justification-center is-layout-flex wp-container-core-buttons-is-layout-499968f5 wp-block-buttons-is-layout-flex\">\n<div class=\"wp-block-button\"><a class=\"wp-block-button__link wp-element-button\" href=\"https:\/\/learn.nailknowledge.org\/direct-customers\/?course=EwyVM87NJQ\">fa\u00e7a agora!<\/a><\/div>\n<\/div>\n<\/div>\n<\/div>\n<\/div>\n<\/div>","protected":false},"excerpt":{"rendered":"<p>Alergias e Como Elas Acontecem Li\u00e7\u00e3o Gr\u00e1tis &#8216;Alergias e como elas acontecem&#8217;, do NailKnowledge, \u00e9 uma atualiza\u00e7\u00e3o indispens\u00e1vel explicando a ci\u00eancia por tr\u00e1s da epidemia de alergias que esta ocorrendo na ind\u00fastria de unhas. Os mecanismos em a\u00e7\u00e3o para algumas das alergias que est\u00e3o se tornando predominantes. Esta li\u00e7\u00e3o explica detalhadamente o que pode estar [&hellip;]<\/p>\n","protected":false},"author":35,"featured_media":0,"parent":39235,"menu_order":0,"comment_status":"closed","ping_status":"closed","template":"","meta":{"_yoast_wpseo_focuskw":"","_yoast_wpseo_metadesc":"","_genesis_hide_title":false,"_genesis_hide_breadcrumbs":false,"_genesis_hide_singular_image":false,"_genesis_hide_footer_widgets":false,"_genesis_custom_body_class":"","_genesis_custom_post_class":"","_genesis_layout":"","footnotes":""},"class_list":{"0":"post-79642","1":"page","2":"type-page","3":"status-publish","5":"entry"},"yoast_head":"<!-- This site is optimized with the Yoast SEO plugin v27.3 - https:\/\/yoast.com\/product\/yoast-seo-wordpress\/ -->\n<title>Alergias e Como Elas Acontecem - NailKnowledge<\/title>\n<meta name=\"robots\" content=\"index, follow, max-snippet:-1, max-image-preview:large, max-video-preview:-1\" \/>\n<link rel=\"canonical\" href=\"https:\/\/nailknowledge.org\/pt\/cursos-profissionais-de-unhas\/alergias-e-como-elas-acontecem\/\" \/>\n<meta property=\"og:locale\" content=\"pt_BR\" \/>\n<meta property=\"og:type\" content=\"article\" \/>\n<meta property=\"og:title\" content=\"Alergias e Como Elas Acontecem - NailKnowledge\" \/>\n<meta property=\"og:description\" content=\"Alergias e Como Elas Acontecem Li\u00e7\u00e3o Gr\u00e1tis &#8216;Alergias e como elas acontecem&#8217;, do NailKnowledge, \u00e9 uma atualiza\u00e7\u00e3o indispens\u00e1vel explicando a ci\u00eancia por tr\u00e1s da epidemia de alergias que esta ocorrendo na ind\u00fastria de unhas. Os mecanismos em a\u00e7\u00e3o para algumas das alergias que est\u00e3o se tornando predominantes. Esta li\u00e7\u00e3o explica detalhadamente o que pode estar [&hellip;]\" \/>\n<meta property=\"og:url\" content=\"https:\/\/nailknowledge.org\/pt\/cursos-profissionais-de-unhas\/alergias-e-como-elas-acontecem\/\" \/>\n<meta property=\"og:site_name\" content=\"NailKnowledge\" \/>\n<meta property=\"og:image\" content=\"https:\/\/nailknowledge.org\/wp-content\/uploads\/2023\/03\/image002.jpg\" \/>\n\t<meta property=\"og:image:width\" content=\"545\" \/>\n\t<meta property=\"og:image:height\" content=\"295\" \/>\n\t<meta property=\"og:image:type\" content=\"image\/jpeg\" \/>\n<meta name=\"twitter:card\" content=\"summary_large_image\" \/>\n<meta name=\"twitter:label1\" content=\"Est. tempo de leitura\" \/>\n\t<meta name=\"twitter:data1\" content=\"2 minutos\" \/>\n<script type=\"application\/ld+json\" class=\"yoast-schema-graph\">{\"@context\":\"https:\\\/\\\/schema.org\",\"@graph\":[{\"@type\":\"WebPage\",\"@id\":\"https:\\\/\\\/nailknowledge.org\\\/professional-nail-courses\\\/alergias-e-como-elas-acontecem\",\"url\":\"https:\\\/\\\/nailknowledge.org\\\/professional-nail-courses\\\/alergias-e-como-elas-acontecem\",\"name\":\"Alergias e Como Elas Acontecem - NailKnowledge\",\"isPartOf\":{\"@id\":\"https:\\\/\\\/new.nailknowledge.org\\\/#website\"},\"primaryImageOfPage\":{\"@id\":\"https:\\\/\\\/nailknowledge.org\\\/professional-nail-courses\\\/alergias-e-como-elas-acontecem#primaryimage\"},\"image\":{\"@id\":\"https:\\\/\\\/nailknowledge.org\\\/professional-nail-courses\\\/alergias-e-como-elas-acontecem#primaryimage\"},\"thumbnailUrl\":\"https:\\\/\\\/nailknowledge.org\\\/wp-content\\\/uploads\\\/2022\\\/06\\\/image003.jpg\",\"datePublished\":\"2023-08-25T13:23:30+00:00\",\"breadcrumb\":{\"@id\":\"https:\\\/\\\/nailknowledge.org\\\/professional-nail-courses\\\/alergias-e-como-elas-acontecem#breadcrumb\"},\"inLanguage\":\"pt-BR\",\"potentialAction\":[{\"@type\":\"ReadAction\",\"target\":[\"https:\\\/\\\/nailknowledge.org\\\/professional-nail-courses\\\/alergias-e-como-elas-acontecem\"]}]},{\"@type\":\"ImageObject\",\"inLanguage\":\"pt-BR\",\"@id\":\"https:\\\/\\\/nailknowledge.org\\\/professional-nail-courses\\\/alergias-e-como-elas-acontecem#primaryimage\",\"url\":\"https:\\\/\\\/nailknowledge.org\\\/wp-content\\\/uploads\\\/2022\\\/06\\\/image003.jpg\",\"contentUrl\":\"https:\\\/\\\/nailknowledge.org\\\/wp-content\\\/uploads\\\/2022\\\/06\\\/image003.jpg\"},{\"@type\":\"BreadcrumbList\",\"@id\":\"https:\\\/\\\/nailknowledge.org\\\/professional-nail-courses\\\/alergias-e-como-elas-acontecem#breadcrumb\",\"itemListElement\":[{\"@type\":\"ListItem\",\"position\":1,\"name\":\"Home\",\"item\":\"https:\\\/\\\/nailknowledge.org\\\/\"},{\"@type\":\"ListItem\",\"position\":2,\"name\":\"Professional Nail Courses\",\"item\":\"https:\\\/\\\/nailknowledge.org\\\/professional-nail-courses\"},{\"@type\":\"ListItem\",\"position\":3,\"name\":\"Alergias e Como Elas Acontecem\"}]},{\"@type\":\"WebSite\",\"@id\":\"https:\\\/\\\/new.nailknowledge.org\\\/#website\",\"url\":\"https:\\\/\\\/new.nailknowledge.org\\\/\",\"name\":\"NailKnowledge\",\"description\":\"\",\"publisher\":{\"@id\":\"https:\\\/\\\/new.nailknowledge.org\\\/#organization\"},\"potentialAction\":[{\"@type\":\"SearchAction\",\"target\":{\"@type\":\"EntryPoint\",\"urlTemplate\":\"https:\\\/\\\/new.nailknowledge.org\\\/?s={search_term_string}\"},\"query-input\":{\"@type\":\"PropertyValueSpecification\",\"valueRequired\":true,\"valueName\":\"search_term_string\"}}],\"inLanguage\":\"pt-BR\"},{\"@type\":\"Organization\",\"@id\":\"https:\\\/\\\/new.nailknowledge.org\\\/#organization\",\"name\":\"NailKnowledge\",\"url\":\"https:\\\/\\\/new.nailknowledge.org\\\/\",\"logo\":{\"@type\":\"ImageObject\",\"inLanguage\":\"pt-BR\",\"@id\":\"https:\\\/\\\/new.nailknowledge.org\\\/#\\\/schema\\\/logo\\\/image\\\/\",\"url\":\"https:\\\/\\\/nailknowledge.org\\\/wp-content\\\/uploads\\\/2026\\\/03\\\/KN-Logo-1.webp\",\"contentUrl\":\"https:\\\/\\\/nailknowledge.org\\\/wp-content\\\/uploads\\\/2026\\\/03\\\/KN-Logo-1.webp\",\"width\":542,\"height\":100,\"caption\":\"NailKnowledge\"},\"image\":{\"@id\":\"https:\\\/\\\/new.nailknowledge.org\\\/#\\\/schema\\\/logo\\\/image\\\/\"}}]}<\/script>\n<!-- \/ Yoast SEO plugin. -->","yoast_head_json":{"title":"Alergias e Como Elas Acontecem - NailKnowledge","robots":{"index":"index","follow":"follow","max-snippet":"max-snippet:-1","max-image-preview":"max-image-preview:large","max-video-preview":"max-video-preview:-1"},"canonical":"https:\/\/nailknowledge.org\/pt\/cursos-profissionais-de-unhas\/alergias-e-como-elas-acontecem\/","og_locale":"pt_BR","og_type":"article","og_title":"Alergias e Como Elas Acontecem - NailKnowledge","og_description":"Alergias e Como Elas Acontecem Li\u00e7\u00e3o Gr\u00e1tis &#8216;Alergias e como elas acontecem&#8217;, do NailKnowledge, \u00e9 uma atualiza\u00e7\u00e3o indispens\u00e1vel explicando a ci\u00eancia por tr\u00e1s da epidemia de alergias que esta ocorrendo na ind\u00fastria de unhas. Os mecanismos em a\u00e7\u00e3o para algumas das alergias que est\u00e3o se tornando predominantes. Esta li\u00e7\u00e3o explica detalhadamente o que pode estar [&hellip;]","og_url":"https:\/\/nailknowledge.org\/pt\/cursos-profissionais-de-unhas\/alergias-e-como-elas-acontecem\/","og_site_name":"NailKnowledge","og_image":[{"width":545,"height":295,"url":"https:\/\/nailknowledge.org\/wp-content\/uploads\/2023\/03\/image002.jpg","type":"image\/jpeg"}],"twitter_card":"summary_large_image","twitter_misc":{"Est. tempo de leitura":"2 minutos"},"schema":{"@context":"https:\/\/schema.org","@graph":[{"@type":"WebPage","@id":"https:\/\/nailknowledge.org\/professional-nail-courses\/alergias-e-como-elas-acontecem","url":"https:\/\/nailknowledge.org\/professional-nail-courses\/alergias-e-como-elas-acontecem","name":"Alergias e Como Elas Acontecem - NailKnowledge","isPartOf":{"@id":"https:\/\/new.nailknowledge.org\/#website"},"primaryImageOfPage":{"@id":"https:\/\/nailknowledge.org\/professional-nail-courses\/alergias-e-como-elas-acontecem#primaryimage"},"image":{"@id":"https:\/\/nailknowledge.org\/professional-nail-courses\/alergias-e-como-elas-acontecem#primaryimage"},"thumbnailUrl":"https:\/\/nailknowledge.org\/wp-content\/uploads\/2022\/06\/image003.jpg","datePublished":"2023-08-25T13:23:30+00:00","breadcrumb":{"@id":"https:\/\/nailknowledge.org\/professional-nail-courses\/alergias-e-como-elas-acontecem#breadcrumb"},"inLanguage":"pt-BR","potentialAction":[{"@type":"ReadAction","target":["https:\/\/nailknowledge.org\/professional-nail-courses\/alergias-e-como-elas-acontecem"]}]},{"@type":"ImageObject","inLanguage":"pt-BR","@id":"https:\/\/nailknowledge.org\/professional-nail-courses\/alergias-e-como-elas-acontecem#primaryimage","url":"https:\/\/nailknowledge.org\/wp-content\/uploads\/2022\/06\/image003.jpg","contentUrl":"https:\/\/nailknowledge.org\/wp-content\/uploads\/2022\/06\/image003.jpg"},{"@type":"BreadcrumbList","@id":"https:\/\/nailknowledge.org\/professional-nail-courses\/alergias-e-como-elas-acontecem#breadcrumb","itemListElement":[{"@type":"ListItem","position":1,"name":"Home","item":"https:\/\/nailknowledge.org\/"},{"@type":"ListItem","position":2,"name":"Professional Nail Courses","item":"https:\/\/nailknowledge.org\/professional-nail-courses"},{"@type":"ListItem","position":3,"name":"Alergias e Como Elas Acontecem"}]},{"@type":"WebSite","@id":"https:\/\/new.nailknowledge.org\/#website","url":"https:\/\/new.nailknowledge.org\/","name":"NailKnowledge","description":"","publisher":{"@id":"https:\/\/new.nailknowledge.org\/#organization"},"potentialAction":[{"@type":"SearchAction","target":{"@type":"EntryPoint","urlTemplate":"https:\/\/new.nailknowledge.org\/?s={search_term_string}"},"query-input":{"@type":"PropertyValueSpecification","valueRequired":true,"valueName":"search_term_string"}}],"inLanguage":"pt-BR"},{"@type":"Organization","@id":"https:\/\/new.nailknowledge.org\/#organization","name":"NailKnowledge","url":"https:\/\/new.nailknowledge.org\/","logo":{"@type":"ImageObject","inLanguage":"pt-BR","@id":"https:\/\/new.nailknowledge.org\/#\/schema\/logo\/image\/","url":"https:\/\/nailknowledge.org\/wp-content\/uploads\/2026\/03\/KN-Logo-1.webp","contentUrl":"https:\/\/nailknowledge.org\/wp-content\/uploads\/2026\/03\/KN-Logo-1.webp","width":542,"height":100,"caption":"NailKnowledge"},"image":{"@id":"https:\/\/new.nailknowledge.org\/#\/schema\/logo\/image\/"}}]}},"_links":{"self":[{"href":"https:\/\/nailknowledge.org\/pt\/wp-json\/wp\/v2\/pages\/79642","targetHints":{"allow":["GET"]}}],"collection":[{"href":"https:\/\/nailknowledge.org\/pt\/wp-json\/wp\/v2\/pages"}],"about":[{"href":"https:\/\/nailknowledge.org\/pt\/wp-json\/wp\/v2\/types\/page"}],"author":[{"embeddable":true,"href":"https:\/\/nailknowledge.org\/pt\/wp-json\/wp\/v2\/users\/35"}],"replies":[{"embeddable":true,"href":"https:\/\/nailknowledge.org\/pt\/wp-json\/wp\/v2\/comments?post=79642"}],"version-history":[{"count":0,"href":"https:\/\/nailknowledge.org\/pt\/wp-json\/wp\/v2\/pages\/79642\/revisions"}],"up":[{"embeddable":true,"href":"https:\/\/nailknowledge.org\/pt\/wp-json\/wp\/v2\/pages\/39235"}],"wp:attachment":[{"href":"https:\/\/nailknowledge.org\/pt\/wp-json\/wp\/v2\/media?parent=79642"}],"curies":[{"name":"wp","href":"https:\/\/api.w.org\/{rel}","templated":true}]}}