{"id":124540,"date":"2024-05-14T13:31:45","date_gmt":"2024-05-14T13:31:45","guid":{"rendered":"https:\/\/nailknowledge.org\/?page_id=124540"},"modified":"2026-03-11T14:16:16","modified_gmt":"2026-03-11T14:16:16","slug":"cong-dong-nghe-si-lam-mong-nailknowledge-network","status":"publish","type":"page","link":"https:\/\/nailknowledge.org\/vi\/nailknowledge-network-nail-artist-community","title":{"rendered":"NailKnowledge Network \u2013 C\u1ed9ng \u0111\u1ed3ng ngh\u1ec7 s\u0129 l\u00e0m m\u00f3ng"},"content":{"rendered":"<section style=\"background-color:#dfbec1;padding-top:30px;padding-bottom:0px;--hero-pb:0px;box-shadow:0 4px 20px rgba(0,0,0,0.40);z-index:10;\" class=\"nk-hero nk-hero-5525e762 alignfull wp-block-nk-hero\">\r\n\t<div class=\"nk-hero__inner\">\r\n\t\t\t\t<div class=\"nk-hero__content\">\r\n\t\t\t\t\t\t\t<h1 class=\"nk-hero__title\"><strong><strong>M\u1ea1ng l\u01b0\u1edbi ki\u1ebfn th\u1ee9c l\u00e0m m\u00f3ng<\/strong><\/strong><\/h1>\r\n\t\t\t\t\t\t\t\t\t\t\t\t\t<div class=\"nk-hero__text\">\n\n<p>Khi tham gia M\u1ea1ng l\u01b0\u1edbi NailKnowledge, b\u1ea1n kh\u00f4ng ch\u1ec9 \u0111\u0103ng k\u00fd v\u00e0o danh s\u00e1ch c\u00e1c th\u1ee3 l\u00e0m m\u00f3ng.<\/p>\n\n\n\n<p>B\u1ea1n \u0111ang tr\u1edf th\u00e0nh th\u00e0nh vi\u00ean c\u1ee7a trung t\u00e2m uy t\u00edn v\u00e0 h\u00e0ng \u0111\u1ea7u v\u1ec1 chuy\u00ean m\u00f4n l\u00e0m m\u00f3ng, \u0111\u01b0\u1ee3c qu\u1ea3n l\u00fd b\u1edfi c\u00e1c chuy\u00ean gia h\u00e0ng \u0111\u1ea7u th\u1ebf gi\u1edbi trong l\u0129nh v\u1ef1c n\u00e0y.<\/p>\n\n<\/div>\r\n\t\t\t\t\t\t\t\t\t\t<a href=\"https:\/\/nailknowledge.org\/vi\/dang-ky-nghe-si\/\" class=\"nk-hero__button nk-cta-pill\">\r\n\t\t\t\t\tTham gia Elite, \u0110\u0103ng k\u00fd ngay!\t\t\t\t<\/a>\r\n\t\t\t\t\t<\/div>\r\n\t\t\t\t\t<div class=\"nk-hero__image\" style=\"align-self:flex-end;flex:none;width:35%;\">\r\n\t\t\t\t<img loading=\"eager\" fetchpriority=\"high\" width=\"620\" height=\"600\" src=\"https:\/\/nailknowledge.org\/wp-content\/uploads\/2026\/03\/NailKnowledge-Network-1.webp\" class=\"nk-hero__img\" alt=\"\" srcset=\"https:\/\/nailknowledge.org\/wp-content\/uploads\/2026\/03\/NailKnowledge-Network-1.webp 620w, https:\/\/nailknowledge.org\/wp-content\/uploads\/2026\/03\/NailKnowledge-Network-1-300x290.webp 300w, https:\/\/nailknowledge.org\/wp-content\/uploads\/2026\/03\/NailKnowledge-Network-1-12x12.webp 12w, https:\/\/nailknowledge.org\/wp-content\/uploads\/2026\/03\/NailKnowledge-Network-1-600x581.webp 600w, https:\/\/nailknowledge.org\/wp-content\/uploads\/2026\/03\/NailKnowledge-Network-1-50x48.webp 50w, https:\/\/nailknowledge.org\/wp-content\/uploads\/2026\/03\/NailKnowledge-Network-1-200x194.webp 200w, https:\/\/nailknowledge.org\/wp-content\/uploads\/2026\/03\/NailKnowledge-Network-1-100x97.webp 100w\" sizes=\"auto, (max-width: 683px) calc(100vw - 100px), 651px\" decoding=\"async\" \/>\t\t\t<\/div>\r\n\t\t\t<\/div>\r\n<\/section>\r\n\n\n\n<div class=\"wp-block-group mx-auto container-max-width-1200 mb-0 quiz-grid\"><div class=\"wp-block-group__inner-container is-layout-constrained wp-block-group-is-layout-constrained\">\n<div style=\"height:45px\" aria-hidden=\"true\" class=\"wp-block-spacer\"><\/div>\n\n\n\n<h2 class=\"wp-block-heading has-text-align-center\">M\u1edf kh\u00f3a s\u1ee9c m\u1ea1nh c\u1ee7a <strong>Mi\u1ec5n ph\u00ed<\/strong> S\u1ef1 \u0111\u0103ng k\u00fd!<\/h2>\n\n\n\n<p>Kh\u00e1m ph\u00e1 nh\u1eefng l\u00fd do h\u00e0ng \u0111\u1ea7u \u0111\u1ec3 \u0111\u0103ng k\u00fd mi\u1ec5n ph\u00ed v\u00e0 n\u00e2ng cao h\u00e0nh tr\u00ecnh ngh\u1ec1 nghi\u1ec7p c\u1ee7a b\u1ea1n trong ng\u00e0nh l\u00e0m m\u00f3ng:<\/p>\n\n\n\n<p>\ud83c\udf0d <strong>T\u1ea7m nh\u00ecn to\u00e0n c\u1ea7u&nbsp;<\/strong><br>Th\u1ec3 hi\u1ec7n k\u1ef9 n\u0103ng c\u1ee7a b\u1ea1n tr\u00ean m\u1ed9t n\u1ec1n t\u1ea3ng h\u00e0ng \u0111\u1ea7u, thu h\u00fat s\u1ef1 ch\u00fa \u00fd c\u1ee7a kh\u00e1n gi\u1ea3 tr\u00ean to\u00e0n th\u1ebf gi\u1edbi.<\/p>\n\n\n\n<p>\ud83c\udfc6 <strong>N\u1ec1n t\u1ea3ng c\u00f4ng nh\u1eadn&nbsp;<\/strong><br>N\u00eau b\u1eadt nh\u1eefng th\u00e0nh t\u1ef1u v\u00e0 phong c\u00e1ch \u0111\u1ed9c \u0111\u00e1o c\u1ee7a b\u1ea1n tr\u00ean trang h\u1ed3 s\u01a1 chuy\u00ean d\u1ee5ng.<\/p>\n\n\n\n<p>\ud83e\udde0 <strong>Truy c\u1eadp th\u00f4ng tin chuy\u00ean s\u00e2u c\u1ee7a chuy\u00ean gia<\/strong>&nbsp;<br>T\u1eadn d\u1ee5ng tr\u1ef1c ti\u1ebfp nghi\u00ean c\u1ee9u ti\u00ean ti\u1ebfn v\u00e0 chuy\u00ean m\u00f4n t\u1eeb c\u00e1c nh\u00e0 l\u00e3nh \u0111\u1ea1o trong ng\u00e0nh.<\/p>\n\n\n\n<p>\ud83e\udd1d <strong>K\u1ebft n\u1ed1i kh\u00e1ch h\u00e0ng d\u1ec5 d\u00e0ng&nbsp;<\/strong><br>T\u00f9y ch\u1ecdn li\u00ean h\u1ec7 \u0111\u01a1n gi\u1ea3n v\u00e0 li\u00ean k\u1ebft doanh nghi\u1ec7p \u0111\u1ec3 h\u1ee3p l\u00fd h\u00f3a vi\u1ec7c \u0111\u1eb7t ch\u1ed7.<\/p>\n\n\n\n<p>\u2705 <strong>T\u0103ng c\u01b0\u1eddng \u0111\u1ed9 tin c\u1eady&nbsp;<\/strong><\/p>\n\n\n\n<p>T\u0103ng c\u01b0\u1eddng l\u00f2ng tin b\u1eb1ng c\u00e1ch h\u1ee3p t\u00e1c v\u1edbi th\u01b0\u01a1ng hi\u1ec7u NailKnowledge uy t\u00edn.<\/p>\n\n\n\n<p>\ud83d\udd17 <strong>M\u1ea1ng l\u01b0\u1edbi chuy\u00ean nghi\u1ec7p<\/strong>&nbsp;<br>K\u1ebft n\u1ed1i, h\u1ecdc h\u1ecfi v\u00e0 ph\u00e1t tri\u1ec3n v\u1edbi c\u00e1c chuy\u00ean gia l\u00e0m m\u00f3ng h\u00e0ng \u0111\u1ea7u v\u00e0 nh\u1eefng ng\u01b0\u1eddi ti\u00ean phong trong ng\u00e0nh.<\/p>\n\n\n\n<p>\ud83c\udf1f <strong>Th\u01b0\u01a1ng hi\u1ec7u c\u00e1 nh\u00e2n<\/strong>&nbsp;<br>X\u00e2y d\u1ef1ng v\u00e0 th\u1ec3 hi\u1ec7n th\u01b0\u01a1ng hi\u1ec7u c\u00e1 nh\u00e2n m\u1ea1nh m\u1ebd ph\u1ea3n \u00e1nh t\u00ednh chuy\u00ean nghi\u1ec7p c\u1ee7a b\u1ea1n.<\/p>\n\n\n\n<p>\ud83d\udca1 <strong>Ti\u1ebfp th\u1ecb ti\u1ebft ki\u1ec7m chi ph\u00ed&nbsp;<\/strong><br>T\u1eadn d\u1ee5ng ph\u1ea1m vi ti\u1ebfp c\u1eadn v\u00e0 danh ti\u1ebfng c\u1ee7a NailKnowledge \u0111\u1ec3 qu\u1ea3ng b\u00e1 d\u1ecbch v\u1ee5 c\u1ee7a b\u1ea1n v\u1edbi m\u1ee9c gi\u00e1 ph\u1ea3i ch\u0103ng.<\/p>\n\n\n\n<p>\ud83d\udcda <strong>Gi\u00e1o d\u1ee5c n\u00e2ng cao<\/strong><br>Truy c\u1eadp c\u00e1c h\u01b0\u1edbng d\u1eabn, b\u00e0i vi\u1ebft v\u00e0 nghi\u00ean c\u1ee9u to\u00e0n di\u1ec7n v\u1ec1 ph\u01b0\u01a1ng ph\u00e1p ch\u0103m s\u00f3c m\u00f3ng m\u1edbi nh\u1ea5t.<\/p>\n\n\n\n<p>\ud83d\udcc8 <strong>Ph\u00e1t tri\u1ec3n li\u00ean t\u1ee5c&nbsp;<\/strong><br>C\u1eadp nh\u1eadt th\u00f4ng tin v\u1edbi c\u00e1c h\u1ed9i th\u1ea3o v\u00e0 h\u1ed9i th\u1ea3o gi\u00e1o d\u1ee5c \u0111ang di\u1ec5n ra.<\/p>\n\n\n\n<p>Tham gia NailKnowledge ngay h\u00f4m nay! N\u00e2ng cao s\u1ef1 nghi\u1ec7p c\u1ee7a b\u1ea1n trong m\u1ed9t c\u1ed9ng \u0111\u1ed3ng d\u00e0nh ri\u00eang cho s\u1ef1 xu\u1ea5t s\u1eafc v\u00e0 \u0111\u1ed5i m\u1edbi<\/p>\n\n\n\n<h2 class=\"wp-block-heading\"><strong>\u0110\u0103ng k\u00fd v\u00e0 t\u1ecfa s\u00e1ng c\u00f9ng ch\u00fang t\u00f4i!<\/strong><\/h2>\n\n\n\n<p>B\u1ea1n \u0111\u00e3 s\u1eb5n s\u00e0ng \u0111\u1ec3 n\u00e2ng cao ngh\u1ec7 thu\u1eadt l\u00e0m m\u00f3ng c\u1ee7a m\u00ecnh ch\u01b0a? H\u00e3y tham gia c\u1ed9ng \u0111\u1ed3ng s\u00f4i \u0111\u1ed9ng g\u1ed3m nh\u1eefng ngh\u1ec7 s\u0129 l\u00e0m m\u00f3ng t\u00e0i n\u0103ng t\u1eeb kh\u1eafp n\u01a1i tr\u00ean th\u1ebf gi\u1edbi. T\u1ea1o trang chuy\u00ean nghi\u1ec7p c\u1ee7a ri\u00eang b\u1ea1n, chia s\u1ebb ti\u1ec3u s\u1eed, gi\u1edbi thi\u1ec7u c\u00e1c d\u1ecbch v\u1ee5 \u0111\u1ed9c \u0111\u00e1o c\u1ee7a b\u1ea1n v\u00e0 k\u1ebft n\u1ed1i v\u1edbi c\u00e1c kh\u00e1ch h\u00e0ng ti\u1ec1m n\u0103ng. H\u00e3y \u0111\u1ec3 s\u1ef1 s\u00e1ng t\u1ea1o c\u1ee7a b\u1ea1n t\u1ecfa s\u00e1ng v\u00e0 doanh nghi\u1ec7p c\u1ee7a b\u1ea1n ph\u00e1t tri\u1ec3n m\u1ea1nh m\u1ebd!!<\/p>\n\n\n\n<div class=\"wp-block-buttons is-content-justification-center is-layout-flex wp-container-core-buttons-is-layout-16018d1d wp-block-buttons-is-layout-flex\">\n<div class=\"wp-block-button is-style-cta-pill\"><a class=\"wp-block-button__link has-custom-font-size wp-element-button\" href=\"https:\/\/nailknowledge.org\/vi\/dang-ky-nghe-si\/\" style=\"font-size:24px\"><strong>T\u1ea1o h\u1ed3 s\u01a1 ngh\u1ec7 s\u0129 c\u1ee7a b\u1ea1n ngay h\u00f4m nay! <\/strong><\/a><\/div>\n<\/div>\n\n\n\n<div style=\"height:41px\" aria-hidden=\"true\" class=\"wp-block-spacer\"><\/div>\n\n\n\n<p>\u1ea2nh b\u00eca c\u1ee7a Adrienn Barta \u2013 \u0110\u01b0\u1ee3c cung c\u1ea5p b\u1edfi Nailympia<\/p>\n<\/div><\/div>","protected":false},"excerpt":{"rendered":"<p>Unlock the Power of Free Registration! Explore the top reasons to register for free and enhance your professional journey in the nail industry: \ud83c\udf0d Global Visibility&nbsp;Showcase your skills on a premier platform, gaining exposure to a worldwide audience. \ud83c\udfc6 Recognition Platform&nbsp;Highlight your achievements and unique style on your dedicated profile page. \ud83e\udde0 Access Expert Insights&nbsp;Directly [&hellip;]<\/p>\n","protected":false},"author":2,"featured_media":0,"parent":0,"menu_order":0,"comment_status":"closed","ping_status":"closed","template":"","meta":{"_yoast_wpseo_focuskw":"","_yoast_wpseo_metadesc":"","_genesis_hide_title":false,"_genesis_hide_breadcrumbs":false,"_genesis_hide_singular_image":false,"_genesis_hide_footer_widgets":false,"_genesis_custom_body_class":"","_genesis_custom_post_class":"","_genesis_layout":"","footnotes":""},"class_list":{"0":"post-124540","1":"page","2":"type-page","3":"status-publish","5":"entry"},"yoast_head":"<!-- This site is optimized with the Yoast SEO plugin v27.4 - https:\/\/yoast.com\/product\/yoast-seo-wordpress\/ -->\n<title>NailKnowledge Network - Nail Artist Community - NailKnowledge<\/title>\n<meta name=\"robots\" content=\"index, follow, max-snippet:-1, max-image-preview:large, max-video-preview:-1\" \/>\n<link rel=\"canonical\" href=\"https:\/\/nailknowledge.org\/vi\/cong-dong-nghe-si-lam-mong-nailknowledge-network\/\" \/>\n<meta property=\"og:locale\" content=\"vi_VN\" \/>\n<meta property=\"og:type\" content=\"article\" \/>\n<meta property=\"og:title\" content=\"NailKnowledge Network - Nail Artist Community - NailKnowledge\" \/>\n<meta property=\"og:description\" content=\"Unlock the Power of Free Registration! Explore the top reasons to register for free and enhance your professional journey in the nail industry: \ud83c\udf0d Global Visibility&nbsp;Showcase your skills on a premier platform, gaining exposure to a worldwide audience. \ud83c\udfc6 Recognition Platform&nbsp;Highlight your achievements and unique style on your dedicated profile page. \ud83e\udde0 Access Expert Insights&nbsp;Directly [&hellip;]\" \/>\n<meta property=\"og:url\" content=\"https:\/\/nailknowledge.org\/vi\/cong-dong-nghe-si-lam-mong-nailknowledge-network\/\" \/>\n<meta property=\"og:site_name\" content=\"NailKnowledge\" \/>\n<meta property=\"article:modified_time\" content=\"2026-03-11T14:16:16+00:00\" \/>\n<meta name=\"twitter:card\" content=\"summary_large_image\" \/>\n<meta name=\"twitter:label1\" content=\"\u01af\u1edbc t\u00ednh th\u1eddi gian \u0111\u1ecdc\" \/>\n\t<meta name=\"twitter:data1\" content=\"2 ph\u00fat\" \/>\n<script type=\"application\/ld+json\" class=\"yoast-schema-graph\">{\"@context\":\"https:\\\/\\\/schema.org\",\"@graph\":[{\"@type\":\"WebPage\",\"@id\":\"https:\\\/\\\/nailknowledge.org\\\/nailknowledge-network-nail-artist-community\",\"url\":\"https:\\\/\\\/nailknowledge.org\\\/nailknowledge-network-nail-artist-community\",\"name\":\"NailKnowledge Network - Nail Artist Community - NailKnowledge\",\"isPartOf\":{\"@id\":\"https:\\\/\\\/new.nailknowledge.org\\\/#website\"},\"datePublished\":\"2024-05-14T13:31:45+00:00\",\"dateModified\":\"2026-03-11T14:16:16+00:00\",\"breadcrumb\":{\"@id\":\"https:\\\/\\\/nailknowledge.org\\\/nailknowledge-network-nail-artist-community#breadcrumb\"},\"inLanguage\":\"vi\",\"potentialAction\":[{\"@type\":\"ReadAction\",\"target\":[\"https:\\\/\\\/nailknowledge.org\\\/nailknowledge-network-nail-artist-community\"]}]},{\"@type\":\"BreadcrumbList\",\"@id\":\"https:\\\/\\\/nailknowledge.org\\\/nailknowledge-network-nail-artist-community#breadcrumb\",\"itemListElement\":[{\"@type\":\"ListItem\",\"position\":1,\"name\":\"Home\",\"item\":\"https:\\\/\\\/nailknowledge.org\\\/\"},{\"@type\":\"ListItem\",\"position\":2,\"name\":\"NailKnowledge Network &#8211; Nail Artist Community\"}]},{\"@type\":\"WebSite\",\"@id\":\"https:\\\/\\\/new.nailknowledge.org\\\/#website\",\"url\":\"https:\\\/\\\/new.nailknowledge.org\\\/\",\"name\":\"NailKnowledge\",\"description\":\"\",\"publisher\":{\"@id\":\"https:\\\/\\\/new.nailknowledge.org\\\/#organization\"},\"potentialAction\":[{\"@type\":\"SearchAction\",\"target\":{\"@type\":\"EntryPoint\",\"urlTemplate\":\"https:\\\/\\\/new.nailknowledge.org\\\/?s={search_term_string}\"},\"query-input\":{\"@type\":\"PropertyValueSpecification\",\"valueRequired\":true,\"valueName\":\"search_term_string\"}}],\"inLanguage\":\"vi\"},{\"@type\":\"Organization\",\"@id\":\"https:\\\/\\\/new.nailknowledge.org\\\/#organization\",\"name\":\"NailKnowledge\",\"url\":\"https:\\\/\\\/new.nailknowledge.org\\\/\",\"logo\":{\"@type\":\"ImageObject\",\"inLanguage\":\"vi\",\"@id\":\"https:\\\/\\\/new.nailknowledge.org\\\/#\\\/schema\\\/logo\\\/image\\\/\",\"url\":\"https:\\\/\\\/nailknowledge.org\\\/wp-content\\\/uploads\\\/2026\\\/03\\\/KN-Logo-1.webp\",\"contentUrl\":\"https:\\\/\\\/nailknowledge.org\\\/wp-content\\\/uploads\\\/2026\\\/03\\\/KN-Logo-1.webp\",\"width\":542,\"height\":100,\"caption\":\"NailKnowledge\"},\"image\":{\"@id\":\"https:\\\/\\\/new.nailknowledge.org\\\/#\\\/schema\\\/logo\\\/image\\\/\"}}]}<\/script>\n<!-- \/ Yoast SEO plugin. -->","yoast_head_json":{"title":"NailKnowledge Network - C\u1ed9ng \u0111\u1ed3ng ngh\u1ec7 s\u0129 l\u00e0m m\u00f3ng - NailKnowledge","robots":{"index":"index","follow":"follow","max-snippet":"max-snippet:-1","max-image-preview":"max-image-preview:large","max-video-preview":"max-video-preview:-1"},"canonical":"https:\/\/nailknowledge.org\/vi\/cong-dong-nghe-si-lam-mong-nailknowledge-network\/","og_locale":"vi_VN","og_type":"article","og_title":"NailKnowledge Network - Nail Artist Community - NailKnowledge","og_description":"Unlock the Power of Free Registration! Explore the top reasons to register for free and enhance your professional journey in the nail industry: \ud83c\udf0d Global Visibility&nbsp;Showcase your skills on a premier platform, gaining exposure to a worldwide audience. \ud83c\udfc6 Recognition Platform&nbsp;Highlight your achievements and unique style on your dedicated profile page. \ud83e\udde0 Access Expert Insights&nbsp;Directly [&hellip;]","og_url":"https:\/\/nailknowledge.org\/vi\/cong-dong-nghe-si-lam-mong-nailknowledge-network\/","og_site_name":"NailKnowledge","article_modified_time":"2026-03-11T14:16:16+00:00","twitter_card":"summary_large_image","twitter_misc":{"\u01af\u1edbc t\u00ednh th\u1eddi gian \u0111\u1ecdc":"2 ph\u00fat"},"schema":{"@context":"https:\/\/schema.org","@graph":[{"@type":"WebPage","@id":"https:\/\/nailknowledge.org\/nailknowledge-network-nail-artist-community","url":"https:\/\/nailknowledge.org\/nailknowledge-network-nail-artist-community","name":"NailKnowledge Network - C\u1ed9ng \u0111\u1ed3ng ngh\u1ec7 s\u0129 l\u00e0m m\u00f3ng - NailKnowledge","isPartOf":{"@id":"https:\/\/new.nailknowledge.org\/#website"},"datePublished":"2024-05-14T13:31:45+00:00","dateModified":"2026-03-11T14:16:16+00:00","breadcrumb":{"@id":"https:\/\/nailknowledge.org\/nailknowledge-network-nail-artist-community#breadcrumb"},"inLanguage":"vi","potentialAction":[{"@type":"ReadAction","target":["https:\/\/nailknowledge.org\/nailknowledge-network-nail-artist-community"]}]},{"@type":"BreadcrumbList","@id":"https:\/\/nailknowledge.org\/nailknowledge-network-nail-artist-community#breadcrumb","itemListElement":[{"@type":"ListItem","position":1,"name":"Home","item":"https:\/\/nailknowledge.org\/"},{"@type":"ListItem","position":2,"name":"NailKnowledge Network &#8211; Nail Artist Community"}]},{"@type":"WebSite","@id":"https:\/\/new.nailknowledge.org\/#website","url":"https:\/\/new.nailknowledge.org\/","name":"Ki\u1ebfn th\u1ee9c v\u1ec1 m\u00f3ng tay","description":"","publisher":{"@id":"https:\/\/new.nailknowledge.org\/#organization"},"potentialAction":[{"@type":"SearchAction","target":{"@type":"EntryPoint","urlTemplate":"https:\/\/new.nailknowledge.org\/?s={search_term_string}"},"query-input":{"@type":"PropertyValueSpecification","valueRequired":true,"valueName":"search_term_string"}}],"inLanguage":"vi"},{"@type":"Organization","@id":"https:\/\/new.nailknowledge.org\/#organization","name":"Ki\u1ebfn th\u1ee9c v\u1ec1 m\u00f3ng tay","url":"https:\/\/new.nailknowledge.org\/","logo":{"@type":"ImageObject","inLanguage":"vi","@id":"https:\/\/new.nailknowledge.org\/#\/schema\/logo\/image\/","url":"https:\/\/nailknowledge.org\/wp-content\/uploads\/2026\/03\/KN-Logo-1.webp","contentUrl":"https:\/\/nailknowledge.org\/wp-content\/uploads\/2026\/03\/KN-Logo-1.webp","width":542,"height":100,"caption":"NailKnowledge"},"image":{"@id":"https:\/\/new.nailknowledge.org\/#\/schema\/logo\/image\/"}}]}},"_links":{"self":[{"href":"https:\/\/nailknowledge.org\/vi\/wp-json\/wp\/v2\/pages\/124540","targetHints":{"allow":["GET"]}}],"collection":[{"href":"https:\/\/nailknowledge.org\/vi\/wp-json\/wp\/v2\/pages"}],"about":[{"href":"https:\/\/nailknowledge.org\/vi\/wp-json\/wp\/v2\/types\/page"}],"author":[{"embeddable":true,"href":"https:\/\/nailknowledge.org\/vi\/wp-json\/wp\/v2\/users\/2"}],"replies":[{"embeddable":true,"href":"https:\/\/nailknowledge.org\/vi\/wp-json\/wp\/v2\/comments?post=124540"}],"version-history":[{"count":2,"href":"https:\/\/nailknowledge.org\/vi\/wp-json\/wp\/v2\/pages\/124540\/revisions"}],"predecessor-version":[{"id":164150,"href":"https:\/\/nailknowledge.org\/vi\/wp-json\/wp\/v2\/pages\/124540\/revisions\/164150"}],"wp:attachment":[{"href":"https:\/\/nailknowledge.org\/vi\/wp-json\/wp\/v2\/media?parent=124540"}],"curies":[{"name":"wp","href":"https:\/\/api.w.org\/{rel}","templated":true}]}}