{"id":126400,"date":"2025-01-09T16:49:11","date_gmt":"2025-01-09T16:49:11","guid":{"rendered":"https:\/\/nailknowledge.org\/?page_id=126400"},"modified":"2025-01-09T16:52:37","modified_gmt":"2025-01-09T16:52:37","slug":"watch-allergies-and-causes-video","status":"publish","type":"page","link":"https:\/\/nailknowledge.org\/vi\/watch-allergies-and-causes-video","title":{"rendered":"Watch Allergies and Causes Video"},"content":{"rendered":"<div style=\"padding:56.25% 0 0 0;position:relative;\"><iframe src=\"https:\/\/player.vimeo.com\/video\/653630049?h=7ef9f0ce5e&amp;badge=0&amp;autopause=0&amp;player_id=0&amp;app_id=58479\" frameborder=\"0\" allow=\"autoplay; fullscreen; picture-in-picture; clipboard-write; encrypted-media\" style=\"position:absolute;top:0;left:0;width:100%;height:100%; max-height: 500px;\" title=\"D\u1ecb \u1ee9ng v\u00e0 c\u00e1ch ch\u00fang x\u1ea3y ra\"><\/iframe><\/div><script src=\"https:\/\/player.vimeo.com\/api\/player.js\"><\/script>","protected":false},"excerpt":{"rendered":"","protected":false},"author":35,"featured_media":0,"parent":0,"menu_order":0,"comment_status":"closed","ping_status":"closed","template":"","meta":{"_yoast_wpseo_focuskw":"","_yoast_wpseo_metadesc":"","_genesis_hide_title":false,"_genesis_hide_breadcrumbs":false,"_genesis_hide_singular_image":false,"_genesis_hide_footer_widgets":false,"_genesis_custom_body_class":"","_genesis_custom_post_class":"","_genesis_layout":"","footnotes":""},"class_list":{"0":"post-126400","1":"page","2":"type-page","3":"status-publish","5":"entry"},"yoast_head":"<!-- This site is optimized with the Yoast SEO plugin v27.4 - https:\/\/yoast.com\/product\/yoast-seo-wordpress\/ -->\n<title>Watch Allergies and Causes Video - NailKnowledge<\/title>\n<meta name=\"robots\" content=\"index, follow, max-snippet:-1, max-image-preview:large, max-video-preview:-1\" \/>\n<link rel=\"canonical\" href=\"https:\/\/nailknowledge.org\/vi\/watch-allergies-and-causes-video\/\" \/>\n<meta property=\"og:locale\" content=\"vi_VN\" \/>\n<meta property=\"og:type\" content=\"article\" \/>\n<meta property=\"og:title\" content=\"Watch Allergies and Causes Video - NailKnowledge\" \/>\n<meta property=\"og:url\" content=\"https:\/\/nailknowledge.org\/vi\/watch-allergies-and-causes-video\/\" \/>\n<meta property=\"og:site_name\" content=\"NailKnowledge\" \/>\n<meta property=\"article:modified_time\" content=\"2025-01-09T16:52:37+00:00\" \/>\n<meta name=\"twitter:card\" content=\"summary_large_image\" \/>\n<script type=\"application\/ld+json\" class=\"yoast-schema-graph\">{\"@context\":\"https:\\\/\\\/schema.org\",\"@graph\":[{\"@type\":\"WebPage\",\"@id\":\"https:\\\/\\\/nailknowledge.org\\\/watch-allergies-and-causes-video\",\"url\":\"https:\\\/\\\/nailknowledge.org\\\/watch-allergies-and-causes-video\",\"name\":\"Watch Allergies and Causes Video - NailKnowledge\",\"isPartOf\":{\"@id\":\"https:\\\/\\\/new.nailknowledge.org\\\/#website\"},\"datePublished\":\"2025-01-09T16:49:11+00:00\",\"dateModified\":\"2025-01-09T16:52:37+00:00\",\"breadcrumb\":{\"@id\":\"https:\\\/\\\/nailknowledge.org\\\/watch-allergies-and-causes-video#breadcrumb\"},\"inLanguage\":\"vi\",\"potentialAction\":[{\"@type\":\"ReadAction\",\"target\":[\"https:\\\/\\\/nailknowledge.org\\\/watch-allergies-and-causes-video\"]}]},{\"@type\":\"BreadcrumbList\",\"@id\":\"https:\\\/\\\/nailknowledge.org\\\/watch-allergies-and-causes-video#breadcrumb\",\"itemListElement\":[{\"@type\":\"ListItem\",\"position\":1,\"name\":\"Home\",\"item\":\"https:\\\/\\\/nailknowledge.org\\\/\"},{\"@type\":\"ListItem\",\"position\":2,\"name\":\"Watch Allergies and Causes Video\"}]},{\"@type\":\"WebSite\",\"@id\":\"https:\\\/\\\/new.nailknowledge.org\\\/#website\",\"url\":\"https:\\\/\\\/new.nailknowledge.org\\\/\",\"name\":\"NailKnowledge\",\"description\":\"\",\"publisher\":{\"@id\":\"https:\\\/\\\/new.nailknowledge.org\\\/#organization\"},\"potentialAction\":[{\"@type\":\"SearchAction\",\"target\":{\"@type\":\"EntryPoint\",\"urlTemplate\":\"https:\\\/\\\/new.nailknowledge.org\\\/?s={search_term_string}\"},\"query-input\":{\"@type\":\"PropertyValueSpecification\",\"valueRequired\":true,\"valueName\":\"search_term_string\"}}],\"inLanguage\":\"vi\"},{\"@type\":\"Organization\",\"@id\":\"https:\\\/\\\/new.nailknowledge.org\\\/#organization\",\"name\":\"NailKnowledge\",\"url\":\"https:\\\/\\\/new.nailknowledge.org\\\/\",\"logo\":{\"@type\":\"ImageObject\",\"inLanguage\":\"vi\",\"@id\":\"https:\\\/\\\/new.nailknowledge.org\\\/#\\\/schema\\\/logo\\\/image\\\/\",\"url\":\"https:\\\/\\\/nailknowledge.org\\\/wp-content\\\/uploads\\\/2026\\\/03\\\/KN-Logo-1.webp\",\"contentUrl\":\"https:\\\/\\\/nailknowledge.org\\\/wp-content\\\/uploads\\\/2026\\\/03\\\/KN-Logo-1.webp\",\"width\":542,\"height\":100,\"caption\":\"NailKnowledge\"},\"image\":{\"@id\":\"https:\\\/\\\/new.nailknowledge.org\\\/#\\\/schema\\\/logo\\\/image\\\/\"}}]}<\/script>\n<!-- \/ Yoast SEO plugin. -->","yoast_head_json":{"title":"Watch Allergies and Causes Video - NailKnowledge","robots":{"index":"index","follow":"follow","max-snippet":"max-snippet:-1","max-image-preview":"max-image-preview:large","max-video-preview":"max-video-preview:-1"},"canonical":"https:\/\/nailknowledge.org\/vi\/watch-allergies-and-causes-video\/","og_locale":"vi_VN","og_type":"article","og_title":"Watch Allergies and Causes Video - NailKnowledge","og_url":"https:\/\/nailknowledge.org\/vi\/watch-allergies-and-causes-video\/","og_site_name":"NailKnowledge","article_modified_time":"2025-01-09T16:52:37+00:00","twitter_card":"summary_large_image","schema":{"@context":"https:\/\/schema.org","@graph":[{"@type":"WebPage","@id":"https:\/\/nailknowledge.org\/watch-allergies-and-causes-video","url":"https:\/\/nailknowledge.org\/watch-allergies-and-causes-video","name":"Watch Allergies and Causes Video - NailKnowledge","isPartOf":{"@id":"https:\/\/new.nailknowledge.org\/#website"},"datePublished":"2025-01-09T16:49:11+00:00","dateModified":"2025-01-09T16:52:37+00:00","breadcrumb":{"@id":"https:\/\/nailknowledge.org\/watch-allergies-and-causes-video#breadcrumb"},"inLanguage":"vi","potentialAction":[{"@type":"ReadAction","target":["https:\/\/nailknowledge.org\/watch-allergies-and-causes-video"]}]},{"@type":"BreadcrumbList","@id":"https:\/\/nailknowledge.org\/watch-allergies-and-causes-video#breadcrumb","itemListElement":[{"@type":"ListItem","position":1,"name":"Home","item":"https:\/\/nailknowledge.org\/"},{"@type":"ListItem","position":2,"name":"Watch Allergies and Causes Video"}]},{"@type":"WebSite","@id":"https:\/\/new.nailknowledge.org\/#website","url":"https:\/\/new.nailknowledge.org\/","name":"Ki\u1ebfn th\u1ee9c v\u1ec1 m\u00f3ng tay","description":"","publisher":{"@id":"https:\/\/new.nailknowledge.org\/#organization"},"potentialAction":[{"@type":"SearchAction","target":{"@type":"EntryPoint","urlTemplate":"https:\/\/new.nailknowledge.org\/?s={search_term_string}"},"query-input":{"@type":"PropertyValueSpecification","valueRequired":true,"valueName":"search_term_string"}}],"inLanguage":"vi"},{"@type":"Organization","@id":"https:\/\/new.nailknowledge.org\/#organization","name":"Ki\u1ebfn th\u1ee9c v\u1ec1 m\u00f3ng tay","url":"https:\/\/new.nailknowledge.org\/","logo":{"@type":"ImageObject","inLanguage":"vi","@id":"https:\/\/new.nailknowledge.org\/#\/schema\/logo\/image\/","url":"https:\/\/nailknowledge.org\/wp-content\/uploads\/2026\/03\/KN-Logo-1.webp","contentUrl":"https:\/\/nailknowledge.org\/wp-content\/uploads\/2026\/03\/KN-Logo-1.webp","width":542,"height":100,"caption":"NailKnowledge"},"image":{"@id":"https:\/\/new.nailknowledge.org\/#\/schema\/logo\/image\/"}}]}},"_links":{"self":[{"href":"https:\/\/nailknowledge.org\/vi\/wp-json\/wp\/v2\/pages\/126400","targetHints":{"allow":["GET"]}}],"collection":[{"href":"https:\/\/nailknowledge.org\/vi\/wp-json\/wp\/v2\/pages"}],"about":[{"href":"https:\/\/nailknowledge.org\/vi\/wp-json\/wp\/v2\/types\/page"}],"author":[{"embeddable":true,"href":"https:\/\/nailknowledge.org\/vi\/wp-json\/wp\/v2\/users\/35"}],"replies":[{"embeddable":true,"href":"https:\/\/nailknowledge.org\/vi\/wp-json\/wp\/v2\/comments?post=126400"}],"version-history":[{"count":0,"href":"https:\/\/nailknowledge.org\/vi\/wp-json\/wp\/v2\/pages\/126400\/revisions"}],"wp:attachment":[{"href":"https:\/\/nailknowledge.org\/vi\/wp-json\/wp\/v2\/media?parent=126400"}],"curies":[{"name":"wp","href":"https:\/\/api.w.org\/{rel}","templated":true}]}}