{"id":126536,"date":"2025-02-06T10:00:51","date_gmt":"2025-02-06T10:00:51","guid":{"rendered":"https:\/\/nailknowledge.org\/?page_id=126536"},"modified":"2025-02-12T13:32:39","modified_gmt":"2025-02-12T13:32:39","slug":"josh-kew-chuyen-gia-chinh-hinh-ban-chan-tien-tien","status":"publish","type":"page","link":"https:\/\/nailknowledge.org\/vi\/josh-kew-advanced-podiatric-specialist","title":{"rendered":"B\u00e1c s\u0129 chuy\u00ean khoa ch\u1ec9nh h\u00ecnh b\u00e0n ch\u00e2n Josh Kew, chuy\u00ean gia ch\u1ec9nh h\u00ecnh b\u00e0n ch\u00e2n ti\u00ean ti\u1ebfn"},"content":{"rendered":"<div style=\"height:39px\" aria-hidden=\"true\" class=\"wp-block-spacer\"><\/div>\n\n\n\n<h1 class=\"wp-block-heading has-text-align-center\">Josh Kew<\/h1>\n\n\n\n<h3 class=\"wp-block-heading has-text-align-center\">Chuy\u00ean gia ch\u1ec9nh h\u00ecnh b\u00e0n ch\u00e2n ti\u00ean ti\u1ebfn<\/h3>\n\n\n\n<div style=\"height:39px\" aria-hidden=\"true\" class=\"wp-block-spacer\"><\/div>\n\n\n\n<div class=\"wp-block-group\"><div class=\"wp-block-group__inner-container is-layout-constrained wp-block-group-is-layout-constrained\">\n<div class=\"wp-block-group mx-auto container-max-width-1200\"><div class=\"wp-block-group__inner-container is-layout-constrained wp-block-group-is-layout-constrained\"><div class=\"wp-block-image\">\n<figure class=\"alignleft size-woocommerce_single is-resized\"><img loading=\"eager\" fetchpriority=\"high\" decoding=\"async\" src=\"https:\/\/nailknowledge.org\/wp-content\/uploads\/2025\/02\/Josh-Kew-Podiatrist-Specalist-600x800.jpg\" alt=\"Josh Kew Chuy\u00ean gia ch\u1ec9nh h\u00ecnh b\u00e0n ch\u00e2n\" class=\"wp-image-126538\" style=\"object-fit:cover;width:507px;height:auto\"\/><\/figure>\n<\/div>\n\n\n<p>H\u00e0nh tr\u00ecnh c\u1ee7a Josh v\u00e0o ngh\u1ec1 podiatry \u0111\u01b0\u1ee3c th\u00fac \u0111\u1ea9y b\u1edfi ni\u1ec1m \u0111am m\u00ea ban \u0111\u1ea7u c\u1ee7a anh \u0111\u1ed1i v\u1edbi y h\u1ecdc v\u00e0 sinh h\u1ecdc khi c\u00f2n \u0111i h\u1ecdc. Anh b\u1ecb thu h\u00fat b\u1edfi \u00fd t\u01b0\u1edfng c\u00f3 th\u1ec3 tr\u1ef1c ti\u1ebfp c\u1ea3i thi\u1ec7n cu\u1ed9c s\u1ed1ng c\u1ee7a b\u1ec7nh nh\u00e2n. Anh \u0111\u00e3 ch\u1ecdn podiatry v\u00ec c\u01a1 h\u1ed9i \u0111\u1ed9c \u0111\u00e1o c\u1ee7a ngh\u1ec1 n\u00e0y l\u00e0 cung c\u1ea5p s\u1ef1 c\u1ee9u tr\u1ee3 ngay l\u1eadp t\u1ee9c v\u00e0 t\u1eadp trung v\u00e0o vi\u1ec7c ch\u0103m s\u00f3c b\u1ec7nh nh\u00e2n. V\u1edbi da li\u1ec5u l\u00e0 l\u0129nh v\u1ef1c quan t\u00e2m ch\u00ednh, Josh \u0111\u00e3 theo \u0111u\u1ed5i ch\u01b0\u01a1ng tr\u00ecnh \u0111\u00e0o t\u1ea1o n\u00e2ng cao \u0111\u1ec3 lu\u00f4n \u0111i \u0111\u1ea7u trong l\u0129nh v\u1ef1c c\u1ee7a m\u00ecnh.<\/p>\n\n\n\n<p>Josh l\u1ea7n \u0111\u1ea7u ti\u00ean c\u00f3 \u0111\u01b0\u1ee3c kinh nghi\u1ec7m l\u00e0m vi\u1ec7c v\u1edbi c\u00e1c nh\u00f3m \u0111a ng\u00e0nh trong NHS \u0111\u1ec3 ch\u1ed1ng l\u1ea1i c\u00e1c v\u1ebft th\u01b0\u01a1ng do b\u1ec7nh ti\u1ec3u \u0111\u01b0\u1eddng, nh\u01b0ng s\u1ef1 nghi\u1ec7p th\u1ef1c s\u1ef1 c\u1ee7a anh l\u00e0 h\u00e0nh ngh\u1ec1 t\u01b0 nh\u00e2n t\u1eadp trung v\u00e0o y h\u1ecdc ph\u00f2ng ng\u1eeba. Anh \u0111\u00e3 th\u00e0nh l\u1eadp m\u1ed9t ph\u00f2ng kh\u00e1m Podiatry l\u01b0u \u0111\u1ed9ng tr\u01b0\u1edbc khi chuy\u1ec3n sang ch\u0103m s\u00f3c t\u1ea1i ph\u00f2ng kh\u00e1m v\u1edbi vi\u1ec7c mua l\u1ea1i Colebrook Foot Clinic \u1edf Plymouth, n\u01a1i anh \u0111\u01b0\u1ee3c bi\u1ebft \u0111\u1ebfn v\u1edbi chuy\u00ean m\u00f4n v\u1ec1 ph\u1eabu thu\u1eadt m\u00f3ng v\u00e0 c\u00e1ch ti\u1ebfp c\u1eadn \u0111\u1ea7y l\u00f2ng tr\u1eafc \u1ea9n v\u1edbi nh\u1eefng b\u1ec7nh nh\u00e2n lo l\u1eafng, Josh \u0111\u00e3 \u0111\u1ecbnh v\u1ecb ph\u00f2ng kh\u00e1m c\u1ee7a m\u00ecnh l\u00e0 \u0111\u01a1n v\u1ecb d\u1eabn \u0111\u1ea7u trong c\u00e1c ph\u01b0\u01a1ng ph\u00e1p \u0111i\u1ec1u tr\u1ecb s\u00e1ng t\u1ea1o.<\/p>\n\n\n\n<p>Cam k\u1ebft c\u1ee7a \u00f4ng \u0111\u1ed1i v\u1edbi d\u1ecbch v\u1ee5 ch\u0103m s\u00f3c d\u1ec5 ti\u1ebfp c\u1eadn v\u01b0\u1ee3t ra ngo\u00e0i Plymouth khi \u00f4ng th\u01b0\u1eddng xuy\u00ean m\u1edf ph\u00f2ng kh\u00e1m t\u1ea1i Trung t\u00e2m S\u1ee9c kh\u1ecfe \u1edf Liskeard \u0111\u1ec3 h\u1ed7 tr\u1ee3 b\u1ec7nh nh\u00e2n, trong c\u1ed9ng \u0111\u1ed3ng n\u00f4ng th\u00f4n v\u00e0 n\u00f4ng nghi\u1ec7p. V\u1edbi h\u01a1n m\u1ed9t th\u1eadp k\u1ef7 kinh nghi\u1ec7m, Josh c\u0169ng \u0111\u00f3ng vai tr\u00f2 l\u00e0 ng\u01b0\u1eddi c\u1ed1 v\u1ea5n cho c\u00e1c b\u00e1c s\u0129 ch\u1ec9nh h\u00ecnh b\u00e0n ch\u00e2n quay tr\u1edf l\u1ea1i ngh\u1ec1 v\u00e0 th\u01b0\u1eddng xuy\u00ean ph\u00e1t h\u00e0nh n\u1ed9i dung gi\u00e1o d\u1ee5c tr\u00ean c\u00e1c n\u1ec1n t\u1ea3ng truy\u1ec1n th\u00f4ng x\u00e3 h\u1ed9i bao g\u1ed3m: TikTok, Instagram v\u00e0 Facebook. \u00d4ng c\u0169ng \u0111\u00e3 nhi\u1ec1u l\u1ea7n \u0111\u01b0\u1ee3c xu\u1ea5t b\u1ea3n tr\u00ean t\u1ea1p ch\u00ed &#039;&#039;The Podiatrist&#039;&#039;: \u1ea5n ph\u1ea9m ch\u00ednh th\u1ee9c c\u1ee7a Royal College of Podiatry.<\/p>\n\n\n\n<p>Nh\u00ecn v\u1ec1 ph\u00eda tr\u01b0\u1edbc, Josh t\u1eadp trung v\u00e0o vi\u1ec7c m\u1edf r\u1ed9ng m\u1ea1ng l\u01b0\u1edbi ph\u00f2ng kh\u00e1m c\u1ee7a m\u00ecnh tr\u00ean kh\u1eafp T\u00e2y Nam, v\u1edbi m\u1ee5c ti\u00eau thi\u1ebft l\u1eadp c\u00e1c ti\u00eau chu\u1ea9n m\u1edbi cho d\u1ecbch v\u1ee5 ch\u0103m s\u00f3c ch\u1ea5t l\u01b0\u1ee3ng cao.&nbsp;<\/p>\n\n\n\n<p>Ngo\u00e0i ngh\u1ec1 nghi\u1ec7p, Josh l\u00e0 m\u1ed9t v\u1eadn \u0111\u1ed9ng vi\u00ean c\u1eed t\u1ea1 nhi\u1ec7t th\u00e0nh, t\u1eadp luy\u1ec7n nghi\u00eam ng\u1eb7t v\u00e0 tu\u00e2n theo ch\u1ebf \u0111\u1ed9 dinh d\u01b0\u1ee1ng nghi\u00eam ng\u1eb7t. Anh l\u00e0 ng\u01b0\u1eddi \u1ee7ng h\u1ed9 nhi\u1ec7t th\u00e0nh cho vi\u1ec7c c\u1eed t\u1ea1 nh\u01b0 m\u1ed9t c\u00f4ng c\u1ee5 m\u1ea1nh m\u1ebd \u0111\u1ec3 ch\u1ed1ng l\u1ea1i s\u1ef1 y\u1ebfu \u0111u\u1ed1i v\u00e0 duy tr\u00ec kh\u1ea3 n\u0103ng v\u1eadn \u0111\u1ed9ng \u1edf m\u1ecdi l\u1ee9a tu\u1ed5i, th\u1ec3 hi\u1ec7n ni\u1ec1m tin c\u1ee7a anh r\u1eb1ng kh\u00f4ng bao gi\u1edd l\u00e0 qu\u00e1 mu\u1ed9n \u0111\u1ec3 \u0111\u1ea7u t\u01b0 v\u00e0o s\u1ee9c kh\u1ecfe v\u00e0 s\u1ee9c m\u1ea1nh.<\/p>\n\n\n\n<h2 class=\"wp-block-heading\"><strong>Josh, Chuy\u00ean gia ch\u1ec9nh h\u00ecnh b\u00e0n ch\u00e2n ti\u00ean ti\u1ebfn<\/strong><\/h2>\n\n\n\n<p>Josh l\u00e0 m\u1ed9t b\u00e1c s\u0129 chuy\u00ean khoa ch\u1ec9nh h\u00ecnh b\u00e0n ch\u00e2n c\u00f3 tr\u00ecnh \u0111\u1ed9 cao v\u1edbi h\u01a1n 10 n\u0103m kinh nghi\u1ec7m, b\u1eb1ng C\u1eed nh\u00e2n Khoa h\u1ecdc h\u1ea1ng nh\u1ea5t v\u1ec1 Ch\u1ec9nh h\u00ecnh b\u00e0n ch\u00e2n v\u00e0 \u0111\u00e3 \u0111\u0103ng k\u00fd v\u1edbi H\u1ed9i \u0111\u1ed3ng Ngh\u1ec1 nghi\u1ec7p Ch\u0103m s\u00f3c v\u00e0 S\u1ee9c kh\u1ecfe (HCPC). L\u00e0 m\u1ed9t th\u00e0nh vi\u00ean t\u1eadn t\u1ee5y c\u1ee7a Cao \u0111\u1eb3ng Ch\u1ec9nh h\u00ecnh b\u00e0n ch\u00e2n, \u00f4ng li\u00ean t\u1ee5c n\u00e2ng cao chuy\u00ean m\u00f4n c\u1ee7a m\u00ecnh v\u00e0 lu\u00f4n \u0111i \u0111\u1ea7u trong l\u0129nh v\u1ef1c y khoa ch\u1ec9nh h\u00ecnh b\u00e0n ch\u00e2n.<\/p>\n\n\n\n<h2 class=\"wp-block-heading\"><strong>Ch\u1ee9ng ch\u1ec9 n\u00e2ng cao:<\/strong><\/h2>\n\n\n\n<p>Josh c\u00f3 m\u1ed9t s\u1ed1 ch\u1ee9ng ch\u1ec9 uy t\u00edn gi\u00fap n\u00e2ng cao kh\u1ea3 n\u0103ng cung c\u1ea5p d\u1ecbch v\u1ee5 ch\u0103m s\u00f3c h\u00e0ng \u0111\u1ea7u:<\/p>\n\n\n\n<ul class=\"wp-block-list\">\n<li><strong>T\u00e1i t\u1ea1o m\u00f3ng tay LCN:<\/strong> Chuy\u00ean v\u1ec1 c\u00e1c ph\u01b0\u01a1ng ph\u00e1p \u0111i\u1ec1u tr\u1ecb th\u1ea9m m\u1ef9 v\u00e0 ch\u0103m s\u00f3c m\u00f3ng.<\/li>\n\n\n\n<li><strong>Da li\u1ec5u ch\u1ec9nh h\u00ecnh b\u00e0n ch\u00e2n K-Laser:<\/strong> C\u00f3 k\u1ef9 n\u0103ng s\u1eed d\u1ee5ng c\u00f4ng ngh\u1ec7 laser \u0111\u1ec3 \u0111i\u1ec1u tr\u1ecb c\u00e1c b\u1ec7nh v\u1ec1 da v\u00e0 m\u00f3ng.<\/li>\n\n\n\n<li><strong>C\u1eadp nh\u1eadt v\u1ec1 Da li\u1ec5u c\u1ee7a H\u1ecdc vi\u1ec7n Ch\u1ec9nh h\u00ecnh B\u00e0n ch\u00e2n Ho\u00e0ng gia n\u0103m 2022 \u2013 N\u1ed9i soi da: <\/strong>Nh\u1eadn d\u1ea1ng ung th\u01b0 da v\u00e0 c\u00e1c k\u1ef9 thu\u1eadt m\u1edbi nh\u1ea5t trong \u0111i\u1ec1u tr\u1ecb b\u1ec7nh n\u1ea5m m\u00f3ng v\u00e0 m\u1ee5n c\u00f3c \u1edf l\u00f2ng b\u00e0n ch\u00e2n<\/li>\n<\/ul>\n\n\n\n<p>Nh\u1eefng b\u1eb1ng c\u1ea5p n\u00e0y nh\u1ea5n m\u1ea1nh s\u1ef1 t\u1eadn t\u00e2m c\u1ee7a Josh trong vi\u1ec7c cung c\u1ea5p d\u1ecbch v\u1ee5 ch\u0103m s\u00f3c b\u00e0n ch\u00e2n ti\u00ean ti\u1ebfn v\u00e0 cam k\u1ebft c\u1ee7a \u00f4ng \u0111\u1ed1i v\u1edbi s\u1ee9c kh\u1ecfe b\u1ec7nh nh\u00e2n v\u00e0 th\u1ea9m m\u1ef9 b\u00e0n ch\u00e2n.<\/p>\n<\/div><\/div>\n<\/div><\/div>\n\n\n\n<div style=\"height:39px\" aria-hidden=\"true\" class=\"wp-block-spacer\"><\/div>\n\n\n\n<div class=\"wp-block-group mb-0 has-background\" style=\"background-color:#efefef\"><div class=\"wp-block-group__inner-container is-layout-constrained wp-block-group-is-layout-constrained\">\n<div style=\"height:39px\" aria-hidden=\"true\" class=\"wp-block-spacer\"><\/div>\n\n\n\n<div class=\"wp-block-columns mx-auto container-max-width-1200 py-2 is-layout-flex wp-container-core-columns-is-layout-9d6595d7 wp-block-columns-is-layout-flex\">\n<div class=\"wp-block-column is-layout-flow wp-block-column-is-layout-flow\">\n<h2 class=\"wp-block-heading\">C\u00e1c chuy\u00ean gia c\u1ee7a ch\u00fang t\u00f4i \u0111\u00e3 vi\u1ebft nh\u1eefng cu\u1ed1n s\u00e1ch hay nh\u1ea5t v\u1ec1 m\u00f3ng tay<\/h2>\n\n\n\n<p>C\u00e1c chuy\u00ean gia tr\u00ean to\u00e0n th\u1ebf gi\u1edbi c\u1ee7a ch\u00fang t\u00f4i, v\u1edbi h\u01a1n 100 n\u0103m kinh nghi\u1ec7m k\u1ebft h\u1ee3p, l\u00e0 nh\u1eefng chuy\u00ean gia h\u00e0ng \u0111\u1ea7u trong ng\u00e0nh li\u00ean k\u1ebft v\u1edbi NailKnowledge. C\u00f9ng nhau, h\u1ecd \u0111\u00e3 c\u00f3 \u1ea3nh h\u01b0\u1edfng \u0111\u00e1ng k\u1ec3 \u0111\u1ebfn ng\u00e0nh c\u00f4ng nghi\u1ec7p l\u00e0m \u0111\u1eb9p trong su\u1ed1t s\u1ef1 nghi\u1ec7p l\u00e2u d\u00e0i c\u1ee7a m\u00ecnh. Nh\u1eefng \u0111\u00f3ng g\u00f3p c\u1ee7a h\u1ecd bao g\u1ed3m bi\u00ean so\u1ea1n nhi\u1ec1u cu\u1ed1n s\u00e1ch, t\u1ea1o ra c\u00e1c ch\u01b0\u01a1ng tr\u00ecnh \u0111\u00e0o t\u1ea1o video v\u00e0 \u00e2m thanh, v\u00e0 s\u1ea3n xu\u1ea5t h\u00e0ng ch\u1ee5c b\u00e0i b\u00e1o t\u1ea1p ch\u00ed t\u1eadp trung v\u00e0o c\u00e1c s\u1ea3n ph\u1ea9m c\u1ee7a ti\u1ec7m, s\u1ef1 an to\u00e0n v\u00e0 c\u00e1c ph\u01b0\u01a1ng ph\u00e1p t\u1ed1i \u01b0u cho c\u00e1c chuy\u00ean gia th\u1ea9m m\u1ef9 vi\u1ec7n.<\/p>\n\n\n\n<p><\/p>\n\n\n\n<p>M\u1eccI TH\u1ee8 b\u1ea1n c\u1ea7n bi\u1ebft \u0111\u1ec3 tr\u1edf th\u00e0nh b\u1eadc th\u1ea7y th\u1ef1c s\u1ef1 v\u1ec1 l\u00e0m m\u00f3ng. <\/p>\n\n\n\n<div class=\"wp-block-buttons is-layout-flex wp-block-buttons-is-layout-flex\">\n<div class=\"wp-block-button has-custom-width wp-block-button__width-100 has-custom-font-size\" style=\"font-size:24px\"><a class=\"wp-block-button__link has-background wp-element-button\" href=\"https:\/\/nailknowledge.org\/vi\/cua-hang\/\" style=\"border-radius:10px;background:linear-gradient(320deg,rgb(4,130,180) 0%,rgb(4,86,180) 98%)\">\u0110\u00e1nh gi\u00e1 S\u00e1ch \u0111i\u1ec7n t\u1eed c\u1ee7a ch\u00fang t\u00f4i<\/a><\/div>\n<\/div>\n<\/div>\n\n\n\n<div class=\"wp-block-column is-layout-flow wp-block-column-is-layout-flow\">\n<figure class=\"wp-block-image size-full\"><a href=\"https:\/\/nailknowledge.org\/vi\/cua-hang\/\"><img loading=\"lazy\" decoding=\"async\" width=\"1000\" height=\"1000\" src=\"https:\/\/nailknowledge.org\/wp-content\/uploads\/2023\/11\/Doug-Schoon-Face-to-Face.jpg\" alt=\"\" class=\"wp-image-94669\" srcset=\"https:\/\/nailknowledge.org\/wp-content\/uploads\/2023\/11\/Doug-Schoon-Face-to-Face.jpg 1000w, https:\/\/nailknowledge.org\/wp-content\/uploads\/2023\/11\/Doug-Schoon-Face-to-Face-300x300.jpg 300w, https:\/\/nailknowledge.org\/wp-content\/uploads\/2023\/11\/Doug-Schoon-Face-to-Face-180x180.jpg 180w, https:\/\/nailknowledge.org\/wp-content\/uploads\/2023\/11\/Doug-Schoon-Face-to-Face-600x600.jpg 600w, https:\/\/nailknowledge.org\/wp-content\/uploads\/2023\/11\/Doug-Schoon-Face-to-Face-150x150.jpg 150w, https:\/\/nailknowledge.org\/wp-content\/uploads\/2023\/11\/Doug-Schoon-Face-to-Face-768x768.jpg 768w, https:\/\/nailknowledge.org\/wp-content\/uploads\/2023\/11\/Doug-Schoon-Face-to-Face-12x12.jpg 12w\" sizes=\"auto, (max-width: 1000px) 100vw, 1000px\" \/><\/a><\/figure>\n<\/div>\n<\/div>\n\n\n<div class=\"wp-block-image\">\n<figure class=\"aligncenter size-large\"><img loading=\"lazy\" decoding=\"async\" width=\"1024\" height=\"360\" src=\"https:\/\/nailknowledge.org\/wp-content\/uploads\/2021\/01\/ask-the-experts-rectangle-1024x360.png\" alt=\"\" class=\"wp-image-73558\" srcset=\"https:\/\/nailknowledge.org\/wp-content\/uploads\/2021\/01\/ask-the-experts-rectangle-1024x360.png 1024w, https:\/\/nailknowledge.org\/wp-content\/uploads\/2021\/01\/ask-the-experts-rectangle-600x211.png 600w, https:\/\/nailknowledge.org\/wp-content\/uploads\/2021\/01\/ask-the-experts-rectangle-300x106.png 300w, https:\/\/nailknowledge.org\/wp-content\/uploads\/2021\/01\/ask-the-experts-rectangle-768x270.png 768w, https:\/\/nailknowledge.org\/wp-content\/uploads\/2021\/01\/ask-the-experts-rectangle-1536x540.png 1536w, https:\/\/nailknowledge.org\/wp-content\/uploads\/2021\/01\/ask-the-experts-rectangle.png 1541w\" sizes=\"auto, (max-width: 1024px) 100vw, 1024px\" \/><\/figure>\n<\/div>\n\n\n<div style=\"height:39px\" aria-hidden=\"true\" class=\"wp-block-spacer\"><\/div>\n<\/div><\/div>","protected":false},"excerpt":{"rendered":"<p>Josh Kew Advanced Podiatric Specialist Josh\u2019s journey into podiatry was driven by his early passion for medicine and biology in school. He was drawn to the idea of being able to directly improve patients\u2019 lives. He chose podiatry for its unique opportunity to provide immediate relief and focus on patient care. With dermatology as his [&hellip;]<\/p>\n","protected":false},"author":2,"featured_media":0,"parent":0,"menu_order":0,"comment_status":"closed","ping_status":"closed","template":"","meta":{"_genesis_hide_title":false,"_genesis_hide_breadcrumbs":false,"_genesis_hide_singular_image":false,"_genesis_hide_footer_widgets":false,"_genesis_custom_body_class":"","_genesis_custom_post_class":"","_genesis_layout":"","footnotes":""},"class_list":{"0":"post-126536","1":"page","2":"type-page","3":"status-publish","5":"entry"},"yoast_head":"<!-- This site is optimized with the Yoast SEO plugin v27.3 - https:\/\/yoast.com\/product\/yoast-seo-wordpress\/ -->\n<title>Josh Kew Podiatrist, advanced podiatric specialist - NailKnowledge<\/title>\n<meta name=\"robots\" content=\"index, follow, max-snippet:-1, max-image-preview:large, max-video-preview:-1\" \/>\n<link rel=\"canonical\" href=\"https:\/\/nailknowledge.org\/vi\/josh-kew-chuyen-gia-chinh-hinh-ban-chan-tien-tien\/\" \/>\n<meta property=\"og:locale\" content=\"vi_VN\" \/>\n<meta property=\"og:type\" content=\"article\" \/>\n<meta property=\"og:title\" content=\"Josh Kew Podiatrist, advanced podiatric specialist - NailKnowledge\" \/>\n<meta property=\"og:description\" content=\"Josh Kew Advanced Podiatric Specialist Josh\u2019s journey into podiatry was driven by his early passion for medicine and biology in school. He was drawn to the idea of being able to directly improve patients\u2019 lives. He chose podiatry for its unique opportunity to provide immediate relief and focus on patient care. With dermatology as his [&hellip;]\" \/>\n<meta property=\"og:url\" content=\"https:\/\/nailknowledge.org\/vi\/josh-kew-chuyen-gia-chinh-hinh-ban-chan-tien-tien\/\" \/>\n<meta property=\"og:site_name\" content=\"NailKnowledge\" \/>\n<meta property=\"article:modified_time\" content=\"2025-02-12T13:32:39+00:00\" \/>\n<meta property=\"og:image\" content=\"https:\/\/nailknowledge.org\/wp-content\/uploads\/2023\/03\/image002.jpg\" \/>\n\t<meta property=\"og:image:width\" content=\"545\" \/>\n\t<meta property=\"og:image:height\" content=\"295\" \/>\n\t<meta property=\"og:image:type\" content=\"image\/jpeg\" \/>\n<meta name=\"twitter:card\" content=\"summary_large_image\" \/>\n<meta name=\"twitter:label1\" content=\"\u01af\u1edbc t\u00ednh th\u1eddi gian \u0111\u1ecdc\" \/>\n\t<meta name=\"twitter:data1\" content=\"3 ph\u00fat\" \/>\n<script type=\"application\/ld+json\" class=\"yoast-schema-graph\">{\"@context\":\"https:\\\/\\\/schema.org\",\"@graph\":[{\"@type\":\"WebPage\",\"@id\":\"https:\\\/\\\/nailknowledge.org\\\/josh-kew-advanced-podiatric-specialist\",\"url\":\"https:\\\/\\\/nailknowledge.org\\\/josh-kew-advanced-podiatric-specialist\",\"name\":\"Josh Kew Podiatrist, advanced podiatric specialist - NailKnowledge\",\"isPartOf\":{\"@id\":\"https:\\\/\\\/new.nailknowledge.org\\\/#website\"},\"primaryImageOfPage\":{\"@id\":\"https:\\\/\\\/nailknowledge.org\\\/josh-kew-advanced-podiatric-specialist#primaryimage\"},\"image\":{\"@id\":\"https:\\\/\\\/nailknowledge.org\\\/josh-kew-advanced-podiatric-specialist#primaryimage\"},\"thumbnailUrl\":\"https:\\\/\\\/nailknowledge.org\\\/wp-content\\\/uploads\\\/2025\\\/02\\\/Josh-Kew-Podiatrist-Specalist-600x800.jpg\",\"datePublished\":\"2025-02-06T10:00:51+00:00\",\"dateModified\":\"2025-02-12T13:32:39+00:00\",\"breadcrumb\":{\"@id\":\"https:\\\/\\\/nailknowledge.org\\\/josh-kew-advanced-podiatric-specialist#breadcrumb\"},\"inLanguage\":\"vi\",\"potentialAction\":[{\"@type\":\"ReadAction\",\"target\":[\"https:\\\/\\\/nailknowledge.org\\\/josh-kew-advanced-podiatric-specialist\"]}]},{\"@type\":\"ImageObject\",\"inLanguage\":\"vi\",\"@id\":\"https:\\\/\\\/nailknowledge.org\\\/josh-kew-advanced-podiatric-specialist#primaryimage\",\"url\":\"https:\\\/\\\/nailknowledge.org\\\/wp-content\\\/uploads\\\/2025\\\/02\\\/Josh-Kew-Podiatrist-Specalist-600x800.jpg\",\"contentUrl\":\"https:\\\/\\\/nailknowledge.org\\\/wp-content\\\/uploads\\\/2025\\\/02\\\/Josh-Kew-Podiatrist-Specalist-600x800.jpg\"},{\"@type\":\"BreadcrumbList\",\"@id\":\"https:\\\/\\\/nailknowledge.org\\\/josh-kew-advanced-podiatric-specialist#breadcrumb\",\"itemListElement\":[{\"@type\":\"ListItem\",\"position\":1,\"name\":\"Home\",\"item\":\"https:\\\/\\\/nailknowledge.org\\\/\"},{\"@type\":\"ListItem\",\"position\":2,\"name\":\"Josh Kew Podiatrist, advanced podiatric specialist\"}]},{\"@type\":\"WebSite\",\"@id\":\"https:\\\/\\\/new.nailknowledge.org\\\/#website\",\"url\":\"https:\\\/\\\/new.nailknowledge.org\\\/\",\"name\":\"NailKnowledge\",\"description\":\"\",\"publisher\":{\"@id\":\"https:\\\/\\\/new.nailknowledge.org\\\/#organization\"},\"potentialAction\":[{\"@type\":\"SearchAction\",\"target\":{\"@type\":\"EntryPoint\",\"urlTemplate\":\"https:\\\/\\\/new.nailknowledge.org\\\/?s={search_term_string}\"},\"query-input\":{\"@type\":\"PropertyValueSpecification\",\"valueRequired\":true,\"valueName\":\"search_term_string\"}}],\"inLanguage\":\"vi\"},{\"@type\":\"Organization\",\"@id\":\"https:\\\/\\\/new.nailknowledge.org\\\/#organization\",\"name\":\"NailKnowledge\",\"url\":\"https:\\\/\\\/new.nailknowledge.org\\\/\",\"logo\":{\"@type\":\"ImageObject\",\"inLanguage\":\"vi\",\"@id\":\"https:\\\/\\\/new.nailknowledge.org\\\/#\\\/schema\\\/logo\\\/image\\\/\",\"url\":\"https:\\\/\\\/nailknowledge.org\\\/wp-content\\\/uploads\\\/2026\\\/03\\\/KN-Logo-1.webp\",\"contentUrl\":\"https:\\\/\\\/nailknowledge.org\\\/wp-content\\\/uploads\\\/2026\\\/03\\\/KN-Logo-1.webp\",\"width\":542,\"height\":100,\"caption\":\"NailKnowledge\"},\"image\":{\"@id\":\"https:\\\/\\\/new.nailknowledge.org\\\/#\\\/schema\\\/logo\\\/image\\\/\"}}]}<\/script>\n<!-- \/ Yoast SEO plugin. -->","yoast_head_json":{"title":"Josh Kew B\u00e1c s\u0129 chuy\u00ean khoa ch\u1ec9nh h\u00ecnh b\u00e0n ch\u00e2n, chuy\u00ean gia ch\u1ec9nh h\u00ecnh b\u00e0n ch\u00e2n ti\u00ean ti\u1ebfn - NailKnowledge","robots":{"index":"index","follow":"follow","max-snippet":"max-snippet:-1","max-image-preview":"max-image-preview:large","max-video-preview":"max-video-preview:-1"},"canonical":"https:\/\/nailknowledge.org\/vi\/josh-kew-chuyen-gia-chinh-hinh-ban-chan-tien-tien\/","og_locale":"vi_VN","og_type":"article","og_title":"Josh Kew Podiatrist, advanced podiatric specialist - NailKnowledge","og_description":"Josh Kew Advanced Podiatric Specialist Josh\u2019s journey into podiatry was driven by his early passion for medicine and biology in school. He was drawn to the idea of being able to directly improve patients\u2019 lives. He chose podiatry for its unique opportunity to provide immediate relief and focus on patient care. With dermatology as his [&hellip;]","og_url":"https:\/\/nailknowledge.org\/vi\/josh-kew-chuyen-gia-chinh-hinh-ban-chan-tien-tien\/","og_site_name":"NailKnowledge","article_modified_time":"2025-02-12T13:32:39+00:00","og_image":[{"width":545,"height":295,"url":"https:\/\/nailknowledge.org\/wp-content\/uploads\/2023\/03\/image002.jpg","type":"image\/jpeg"}],"twitter_card":"summary_large_image","twitter_misc":{"\u01af\u1edbc t\u00ednh th\u1eddi gian \u0111\u1ecdc":"3 ph\u00fat"},"schema":{"@context":"https:\/\/schema.org","@graph":[{"@type":"WebPage","@id":"https:\/\/nailknowledge.org\/josh-kew-advanced-podiatric-specialist","url":"https:\/\/nailknowledge.org\/josh-kew-advanced-podiatric-specialist","name":"Josh Kew B\u00e1c s\u0129 chuy\u00ean khoa ch\u1ec9nh h\u00ecnh b\u00e0n ch\u00e2n, chuy\u00ean gia ch\u1ec9nh h\u00ecnh b\u00e0n ch\u00e2n ti\u00ean ti\u1ebfn - NailKnowledge","isPartOf":{"@id":"https:\/\/new.nailknowledge.org\/#website"},"primaryImageOfPage":{"@id":"https:\/\/nailknowledge.org\/josh-kew-advanced-podiatric-specialist#primaryimage"},"image":{"@id":"https:\/\/nailknowledge.org\/josh-kew-advanced-podiatric-specialist#primaryimage"},"thumbnailUrl":"https:\/\/nailknowledge.org\/wp-content\/uploads\/2025\/02\/Josh-Kew-Podiatrist-Specalist-600x800.jpg","datePublished":"2025-02-06T10:00:51+00:00","dateModified":"2025-02-12T13:32:39+00:00","breadcrumb":{"@id":"https:\/\/nailknowledge.org\/josh-kew-advanced-podiatric-specialist#breadcrumb"},"inLanguage":"vi","potentialAction":[{"@type":"ReadAction","target":["https:\/\/nailknowledge.org\/josh-kew-advanced-podiatric-specialist"]}]},{"@type":"ImageObject","inLanguage":"vi","@id":"https:\/\/nailknowledge.org\/josh-kew-advanced-podiatric-specialist#primaryimage","url":"https:\/\/nailknowledge.org\/wp-content\/uploads\/2025\/02\/Josh-Kew-Podiatrist-Specalist-600x800.jpg","contentUrl":"https:\/\/nailknowledge.org\/wp-content\/uploads\/2025\/02\/Josh-Kew-Podiatrist-Specalist-600x800.jpg"},{"@type":"BreadcrumbList","@id":"https:\/\/nailknowledge.org\/josh-kew-advanced-podiatric-specialist#breadcrumb","itemListElement":[{"@type":"ListItem","position":1,"name":"Home","item":"https:\/\/nailknowledge.org\/"},{"@type":"ListItem","position":2,"name":"Josh Kew Podiatrist, advanced podiatric specialist"}]},{"@type":"WebSite","@id":"https:\/\/new.nailknowledge.org\/#website","url":"https:\/\/new.nailknowledge.org\/","name":"Ki\u1ebfn th\u1ee9c v\u1ec1 m\u00f3ng tay","description":"","publisher":{"@id":"https:\/\/new.nailknowledge.org\/#organization"},"potentialAction":[{"@type":"SearchAction","target":{"@type":"EntryPoint","urlTemplate":"https:\/\/new.nailknowledge.org\/?s={search_term_string}"},"query-input":{"@type":"PropertyValueSpecification","valueRequired":true,"valueName":"search_term_string"}}],"inLanguage":"vi"},{"@type":"Organization","@id":"https:\/\/new.nailknowledge.org\/#organization","name":"Ki\u1ebfn th\u1ee9c v\u1ec1 m\u00f3ng tay","url":"https:\/\/new.nailknowledge.org\/","logo":{"@type":"ImageObject","inLanguage":"vi","@id":"https:\/\/new.nailknowledge.org\/#\/schema\/logo\/image\/","url":"https:\/\/nailknowledge.org\/wp-content\/uploads\/2026\/03\/KN-Logo-1.webp","contentUrl":"https:\/\/nailknowledge.org\/wp-content\/uploads\/2026\/03\/KN-Logo-1.webp","width":542,"height":100,"caption":"NailKnowledge"},"image":{"@id":"https:\/\/new.nailknowledge.org\/#\/schema\/logo\/image\/"}}]}},"_links":{"self":[{"href":"https:\/\/nailknowledge.org\/vi\/wp-json\/wp\/v2\/pages\/126536","targetHints":{"allow":["GET"]}}],"collection":[{"href":"https:\/\/nailknowledge.org\/vi\/wp-json\/wp\/v2\/pages"}],"about":[{"href":"https:\/\/nailknowledge.org\/vi\/wp-json\/wp\/v2\/types\/page"}],"author":[{"embeddable":true,"href":"https:\/\/nailknowledge.org\/vi\/wp-json\/wp\/v2\/users\/2"}],"replies":[{"embeddable":true,"href":"https:\/\/nailknowledge.org\/vi\/wp-json\/wp\/v2\/comments?post=126536"}],"version-history":[{"count":0,"href":"https:\/\/nailknowledge.org\/vi\/wp-json\/wp\/v2\/pages\/126536\/revisions"}],"wp:attachment":[{"href":"https:\/\/nailknowledge.org\/vi\/wp-json\/wp\/v2\/media?parent=126536"}],"curies":[{"name":"wp","href":"https:\/\/api.w.org\/{rel}","templated":true}]}}