{"id":29276,"date":"2020-09-24T08:40:27","date_gmt":"2020-09-24T08:40:27","guid":{"rendered":"https:\/\/nailpedia.org\/?page_id=29276"},"modified":"2023-01-10T12:23:44","modified_gmt":"2023-01-10T12:23:44","slug":"nailknowledge-training-ethos","status":"publish","type":"page","link":"https:\/\/nailknowledge.org\/vi\/nailknowledge-training-ethos","title":{"rendered":"\u0110\u00e0o t\u1ea1o \u0111\u01b0\u1ee3c x\u00e2y d\u1ef1ng xung quanh b\u1ea1n"},"content":{"rendered":"<h2>\u0110\u00e0o t\u1ea1o \u0111\u01b0\u1ee3c x\u00e2y d\u1ef1ng xung quanh b\u1ea1n<\/h2>\n<p>We designed NailKnowledge&#8217;s ethos around three key values &#8211; <b>h\u1ecdc t\u1eadp linh ho\u1ea1t<\/b> \u0111\u00f3 l\u00e0<b> d\u1ec5 hi\u1ec3u<\/b> V\u00e0 <b>do chuy\u00ean gia ch\u1ec9 \u0111\u1ea1o<\/b> &#8211;\u00a0with the learner at the heart of everything we do.\u00a0<\/p>\n<p>\t\t\t\t\t\t\t\t\t\t\t\t<img loading=\"eager\" fetchpriority=\"high\" decoding=\"async\" width=\"301\" height=\"301\" src=\"https:\/\/nailknowledge.org\/wp-content\/uploads\/2020\/10\/Flexible-Learning.png\" alt=\"\" \/>\t\t\t\t\t\t\t\t\t\t\t\t\t\t<\/p>\n<h2>H\u1ecdc t\u1eadp linh ho\u1ea1t<\/h2>\n<p>We know how busy life is, and the difficulty of finding the time to focus on learning resources. To support you, we have designed NailKnowledge&#8217;s courses to be bite-sized, with the average lesson being 15 minutes long.\u00a0<\/p>\n<p>Kh\u00f4ng c\u00f3 gi\u1edbi h\u1ea1n th\u1eddi gian ho\u1eb7c th\u1eddi gian c\u1ed1 \u0111\u1ecbnh cho vi\u1ec7c tr\u1ea3 l\u1eddi ho\u1eb7c ti\u1ebfn h\u00e0nh kh\u00f3a h\u1ecdc, v\u00ec v\u1eady b\u1ea1n c\u00f3 th\u1ec3 h\u1ecdc theo t\u1ed1c \u0111\u1ed9 c\u1ee7a ri\u00eang m\u00ecnh, v\u00e0o th\u1eddi \u0111i\u1ec3m b\u1ea1n ch\u1ecdn v\u00e0 v\u00ec c\u00e1c kh\u00f3a h\u1ecdc c\u00f3 th\u1ec3 truy c\u1eadp tr\u00ean m\u1ecdi n\u1ec1n t\u1ea3ng n\u00ean b\u1ea1n c\u00f3 th\u1ec3 tham gia c\u00e1c b\u00e0i h\u1ecdc c\u1ee7a ch\u00fang t\u00f4i m\u1ecdi l\u00fac m\u1ecdi n\u01a1i v\u00e0 tr\u00ean m\u1ecdi thi\u1ebft b\u1ecb b\u1ea1n c\u00f3.\u00a0<\/p>\n<p>\t\t\t<a href=\"https:\/\/nailknowledge.org\/vi\/nail-knowledge-flexible-learning\/\" role=\"button\"><br \/>\n\t\t\t\t\t\tT\u00ecm hi\u1ec3u th\u00eam<br \/>\n\t\t\t\t\t<\/a><\/p>\n<h2>B\u00e0i h\u1ecdc d\u1ec5 hi\u1ec3u<\/h2>\n<p>Some of the key information that Nail Technicians have needed to learn in the past &#8211; Anatomy, Product Chemistry, and Health and Safety &#8211; have been through static, paper-based content.\u00a0<\/p>\n<p>Khi n\u00f3i \u0111\u1ebfn nh\u1eefng m\u00f4n h\u1ecdc \u0111\u1ea7y th\u1eed th\u00e1ch nh\u01b0 hi\u1ec3u c\u00e1ch l\u1eafp r\u00e1p c\u00e1c b\u1ed9 ph\u1eadn c\u1ee7a m\u00f3ng tay, nhi\u1ec1u ng\u01b0\u1eddi h\u1ecdc c\u1ea7n nhi\u1ec1u h\u01a1n m\u1ed9t t\u1edd gi\u1ea5y c\u00f3 s\u01a1 \u0111\u1ed3 v\u1ebd x\u1ea5u.\u00a0<\/p>\n<p>\u0110\u1ec3 gi\u00fap b\u1ea1n hi\u1ec3u v\u00e0 h\u00ecnh dung c\u00e1c ch\u1ee7 \u0111\u1ec1 n\u00e0y m\u1ed9t c\u00e1ch d\u1ec5 d\u00e0ng nh\u1ea5t c\u00f3 th\u1ec3, ch\u00fang t\u00f4i \u0111\u00e3 \u0111\u1ea7u t\u01b0 v\u00e0o ph\u01b0\u01a1ng ph\u00e1p \u0111\u00e0o t\u1ea1o tr\u1ef1c quan cao v\u1edbi h\u01a1n 3 gi\u1edd n\u1ed9i dung ho\u1ea1t h\u00ecnh g\u1ed1c cung c\u1ea5p h\u00ecnh \u1ea3nh 3D v\u1ec1 c\u00e1c ch\u1ee7 \u0111\u1ec1 ch\u00ednh.\u00a0<\/p>\n<p>M\u1ee5c ti\u00eau c\u1ee7a ch\u00fang t\u00f4i l\u00e0 bi\u1ebfn nh\u1eefng \u0111i\u1ec1u ph\u1ee9c t\u1ea1p th\u00e0nh \u0111\u01a1n gi\u1ea3n v\u00e0 c\u1ee7ng c\u1ed1 ki\u1ebfn th\u1ee9c quan tr\u1ecdng th\u00f4ng qua t\u00ednh t\u01b0\u01a1ng t\u00e1c.<\/p>\n<p>\t\t\t\t\t\t\t\t\t\t\t\t<img decoding=\"async\" width=\"301\" height=\"301\" src=\"https:\/\/nailknowledge.org\/wp-content\/uploads\/2020\/10\/Easy-to-Understand.png\" alt=\"\" loading=\"lazy\" \/><br \/>\n\t\t\t<a href=\"https:\/\/nailknowledge.org\/vi\/easy-to-understand-nail-knowledge\/\" role=\"button\"><br \/>\n\t\t\t\t\t\tT\u00ecm hi\u1ec3u th\u00eam<br \/>\n\t\t\t\t\t<\/a><br \/>\n\t\t\t\t\t\t\t\t\t\t\t\t<img decoding=\"async\" width=\"301\" height=\"301\" src=\"https:\/\/nailknowledge.org\/wp-content\/uploads\/2020\/10\/Expert-Led.png\" alt=\"\" loading=\"lazy\" \/>\t\t\t\t\t\t\t\t\t\t\t\t\t\t<\/p>\n<h2>\u0110\u00e0o t\u1ea1o do chuy\u00ean gia h\u01b0\u1edbng d\u1eabn<\/h2>\n<p>Ch\u00fang t\u00f4i mong mu\u1ed1n ch\u01b0\u01a1ng tr\u00ecnh gi\u00e1o d\u1ee5c do NailKnowledge cung c\u1ea5p s\u1ebd c\u00e1ch m\u1ea1ng h\u00f3a vi\u1ec7c \u0111\u00e0o t\u1ea1o K\u1ef9 thu\u1eadt vi\u00ean l\u00e0m m\u00f3ng v\u00e0 t\u1ea1o ra th\u1ebf h\u1ec7 K\u1ef9 thu\u1eadt vi\u00ean l\u00e0m m\u00f3ng m\u1edbi c\u00f3 hi\u1ec3u bi\u1ebft s\u00e2u s\u1eafc h\u01a1n v\u1ec1 b\u1ed9 ph\u1eadn l\u00e0m m\u00f3ng c\u0169ng nh\u01b0 ki\u1ebfn th\u1ee9c v\u1ec1 c\u00e1c ch\u1ee7 \u0111\u1ec1 khoa h\u1ecdc quan tr\u1ecdng v\u00e0 an to\u00e0n.&nbsp;<\/p>\n<p>\u0110\u1ec3 th\u1ef1c hi\u1ec7n \u0111i\u1ec1u n\u00e0y, ch\u00fang t\u00f4i \u0111\u00e3 t\u1eadp h\u1ee3p ba Chuy\u00ean gia v\u1ec1 ch\u1ee7 \u0111\u1ec1 n\u00e0y c\u00f3 uy t\u00edn cao v\u1edbi ki\u1ebfn th\u1ee9c s\u00e2u r\u1ed9ng trong ng\u00e0nh, nh\u1eefng ng\u01b0\u1eddi c\u00f3 th\u1ec3 c\u00f9ng nhau tr\u1edf th\u00e0nh chuy\u00ean gia v\u1ec1 m\u00f3ng v\u00e0 \u0111\u1ea3m b\u1ea3o c\u00e1c b\u00e0i h\u1ecdc c\u1ee7a ch\u00fang t\u00f4i cung c\u1ea5p th\u00f4ng tin m\u1edbi nh\u1ea5t.<\/p>\n<p>\t\t\t<a href=\"https:\/\/nailknowledge.org\/vi\/nail-knowledge-experts\/\" role=\"button\"><br \/>\n\t\t\t\t\t\tT\u00ecm hi\u1ec3u th\u00eam<br \/>\n\t\t\t\t\t<\/a><\/p>\n<h2>M\u1ee5c ti\u00eau \u0111\u00e0o t\u1ea1o c\u1ee7a ch\u00fang t\u00f4i<\/h2>\n<p>Our mission is to ensure we deliver\u00a0industry-leading training, full of\u00a0high quality content\u00a0that provides you with a\u00a0better learning experience.\u00a0<\/p>\n<p>\t\t\t\t\t\t\t\t\t\t\t\t<img decoding=\"async\" width=\"600\" height=\"601\" src=\"https:\/\/nailknowledge.org\/wp-content\/uploads\/2020\/10\/nailpedia-infographic-3.png\" alt=\"\" loading=\"lazy\" \/>\t\t\t\t\t\t\t\t\t\t\t\t\t\t<\/p>\n<h2>C\u1ea5u tr\u00fac kh\u00f3a h\u1ecdc v\u0103n b\u1eb1ng<\/h2>\n<h3>\u0110\u01a1n v\u1ecb l\u00e0m m\u00f3ng <\/h3>\n<p>\t\t\t\t\t\t\t\t\t\t\t\t<img decoding=\"async\" width=\"300\" height=\"300\" src=\"https:\/\/nailknowledge.org\/wp-content\/uploads\/2020\/11\/nail-anatomy.png\" alt=\"Gi\u1ea3i ph\u1eabu m\u00f3ng tay\" loading=\"lazy\" \/>\t\t\t\t\t\t\t\t\t\t\t\t\t\t<\/p>\n<p>T\u00ecm hi\u1ec3u v\u1ec1 c\u1ea5u tr\u00fac c\u1ee7a m\u00f3ng, c\u00e1ch m\u00f3ng ph\u00e1t tri\u1ec3n v\u00e0 c\u1ea5u tr\u00fac c\u1ee7a m\u00f3ng c\u0169ng nh\u01b0 c\u00e1c t\u00ecnh tr\u1ea1ng th\u01b0\u1eddng g\u1eb7p c\u1ee7a m\u00f3ng.<\/p>\n<h4 style=\"margin-top: 0px;\">\u0110\u01a1n v\u1ecb l\u00e0m m\u00f3ng:<\/h4>\n<p>B\u00e0i 1 \u2013 Gi\u1ea3i ph\u1eabu c\u1ee7a b\u1ed9 ph\u1eadn m\u00f3ng\u00a0<br \/>B\u00e0i 2 \u2013 S\u1ef1 ph\u00e1t tri\u1ec3n c\u1ee7a m\u00f3ng<br \/>B\u00e0i 3 \u2013 C\u1ea5u tr\u00fac m\u00f3ng<br \/>B\u00e0i 4 \u2013 N\u1ec1n m\u00f3ng v\u00e0 l\u01b0\u1ee1i li\u1ec1m<br \/>B\u00e0i 5 \u2013 D\u1ea5u ni\u00eam phong c\u1ee7a m\u00f3ng<br \/>B\u00e0i 6 \u2013 T\u00ecnh tr\u1ea1ng m\u00f3ng<\/p>\n<h3>H\u00f3a h\u1ecdc s\u1ea3n ph\u1ea9m<\/h3>\n<p>\t\t\t\t\t\t\t\t\t\t\t\t<img decoding=\"async\" width=\"300\" height=\"300\" src=\"https:\/\/nailknowledge.org\/wp-content\/uploads\/2020\/11\/product-chemistry.png\" alt=\"\" loading=\"lazy\" \/>\t\t\t\t\t\t\t\t\t\t\t\t\t\t<\/p>\n<p>T\u00ecm hi\u1ec3u v\u1ec1 h\u00f3a h\u1ecdc s\u1ea3n ph\u1ea9m c\u01a1 b\u1ea3n v\u00e0 hi\u1ec3u \u0111\u01b0\u1ee3c qu\u00e1 tr\u00ecnh tr\u00f9ng h\u1ee3p \u0111\u00f3ng vai tr\u00f2 quan tr\u1ecdng trong ng\u00e0nh c\u00f4ng nghi\u1ec7p l\u00e0m m\u00f3ng.<\/p>\n<h4 style=\"margin-top: 0px;\">H\u00f3a h\u1ecdc s\u1ea3n ph\u1ea9m:<\/h4>\n<p>B\u00e0i 1 \u2013 H\u00f3a ch\u1ea5t l\u00e0 g\u00ec\u00a0<br \/>B\u00e0i 2 \u2013 C\u00e1c lo\u1ea1i kem d\u01b0\u1ee1ng da, thu\u1ed1c v\u00e0 ch\u1ea5t \u0111\u00e1nh b\u00f3ng<br \/>B\u00e0i 3 \u2013 Acrylic v\u00e0 v\u1ecb tr\u00ed c\u1ee7a ch\u00fang trong ng\u00e0nh<br \/>B\u00e0i 4 \u2013 Ch\u1ea5t l\u1ecfng v\u00e0 b\u1ed9t<br \/>B\u00e0i 5 \u2013 Gel UV v\u00e0 c\u00e1c h\u1ec7 th\u1ed1ng kh\u00e1c<\/p>\n<p>\t\t\t<a href=\"https:\/\/nailknowledge.org\/vi\/khoa-hoc-lam-mong-chuyen-nghiep\/bang-cap-chuyen-nghiep-ve-mong-tay-can-thiet\/\" role=\"button\"><br \/>\n\t\t\t\t\t\tXem th\u00eam<br \/>\n\t\t\t\t\t<\/a><\/p>\n<h3>S\u1ee9c kh\u1ecfe v\u00e0 An to\u00e0n<\/h3>\n<p>\t\t\t\t\t\t\t\t\t\t\t\t<img decoding=\"async\" width=\"300\" height=\"300\" src=\"https:\/\/nailknowledge.org\/wp-content\/uploads\/2020\/11\/nail-conditions.png\" alt=\"\" loading=\"lazy\" \/>\t\t\t\t\t\t\t\t\t\t\t\t\t\t<\/p>\n<p>S\u1ee9c kh\u1ecfe v\u00e0 s\u1ef1 an to\u00e0n thi\u1ebft y\u1ebfu \u0111\u1ec3 gi\u1eef an to\u00e0n cho b\u1ea1n v\u00e0 kh\u00e1ch h\u00e0ng c\u1ee7a b\u1ea1n; v\u1edbi c\u00e1c chi\u1ebfn l\u01b0\u1ee3c gi\u1ea3m thi\u1ec3u r\u1ee7i ro t\u1eeb b\u1ee5i, h\u01a1i v\u00e0 s\u1ea3n ph\u1ea9m.<\/p>\n<h4 style=\"margin-top: 0px;\">S\u1ee9c kh\u1ecfe v\u00e0 An to\u00e0n:<\/h4>\n<p>B\u00e0i 1 \u2013 M\u00f4i tr\u01b0\u1eddng l\u00e0m vi\u1ec7c c\u1ee7a b\u1ea1n\u00a0<br \/>B\u00e0i 2 \u2013 V\u1ec7 sinh<br \/>B\u00e0i 3 \u2013 S\u1eed d\u1ee5ng s\u1ea3n ph\u1ea9m an to\u00e0n<br \/>B\u00e0i 4 \u2013 D\u1ecb \u1ee9ng v\u00e0 k\u00edch \u1ee9ng<br \/>B\u00e0i 5 \u2013 L\u00e0m vi\u1ec7c an to\u00e0n v\u1edbi kh\u00e1ch h\u00e0ng<\/p>","protected":false},"excerpt":{"rendered":"<p>Training that is built around you We designed NailKnowledge&#8217;s ethos around three key values &#8211; flexible learning that was easy to understand and expert-led &#8211;\u00a0with the learner at the heart of everything we do.\u00a0 Flexible Learning We know how busy life is, and the difficulty of finding the time to focus on learning resources. To [&hellip;]<\/p>\n","protected":false},"author":2,"featured_media":0,"parent":0,"menu_order":0,"comment_status":"closed","ping_status":"closed","template":"","meta":{"_yoast_wpseo_focuskw":"","_yoast_wpseo_metadesc":"","_genesis_hide_title":false,"_genesis_hide_breadcrumbs":false,"_genesis_hide_singular_image":false,"_genesis_hide_footer_widgets":false,"_genesis_custom_body_class":"","_genesis_custom_post_class":"","_genesis_layout":"","footnotes":""},"class_list":{"0":"post-29276","1":"page","2":"type-page","3":"status-publish","5":"entry"},"yoast_head":"<!-- This site is optimized with the Yoast SEO plugin v27.4 - https:\/\/yoast.com\/product\/yoast-seo-wordpress\/ -->\n<title>Training Built Around You - NailKnowledge<\/title>\n<meta name=\"robots\" content=\"index, follow, max-snippet:-1, max-image-preview:large, max-video-preview:-1\" \/>\n<link rel=\"canonical\" href=\"https:\/\/nailknowledge.org\/vi\/nailknowledge-training-ethos\/\" \/>\n<meta property=\"og:locale\" content=\"vi_VN\" \/>\n<meta property=\"og:type\" content=\"article\" \/>\n<meta property=\"og:title\" content=\"Training Built Around You - NailKnowledge\" \/>\n<meta property=\"og:description\" content=\"Training that is built around you We designed NailKnowledge&#8217;s ethos around three key values &#8211; flexible learning that was easy to understand and expert-led &#8211;\u00a0with the learner at the heart of everything we do.\u00a0 Flexible Learning We know how busy life is, and the difficulty of finding the time to focus on learning resources. To [&hellip;]\" \/>\n<meta property=\"og:url\" content=\"https:\/\/nailknowledge.org\/vi\/nailknowledge-training-ethos\/\" \/>\n<meta property=\"og:site_name\" content=\"NailKnowledge\" \/>\n<meta property=\"article:modified_time\" content=\"2023-01-10T12:23:44+00:00\" \/>\n<meta property=\"og:image\" content=\"https:\/\/nailknowledge.org\/wp-content\/uploads\/2023\/03\/image002.jpg\" \/>\n\t<meta property=\"og:image:width\" content=\"545\" \/>\n\t<meta property=\"og:image:height\" content=\"295\" \/>\n\t<meta property=\"og:image:type\" content=\"image\/jpeg\" \/>\n<meta name=\"twitter:card\" content=\"summary_large_image\" \/>\n<meta name=\"twitter:label1\" content=\"\u01af\u1edbc t\u00ednh th\u1eddi gian \u0111\u1ecdc\" \/>\n\t<meta name=\"twitter:data1\" content=\"4 ph\u00fat\" \/>\n<script type=\"application\/ld+json\" class=\"yoast-schema-graph\">{\"@context\":\"https:\\\/\\\/schema.org\",\"@graph\":[{\"@type\":\"WebPage\",\"@id\":\"https:\\\/\\\/nailknowledge.org\\\/nailknowledge-training-ethos\",\"url\":\"https:\\\/\\\/nailknowledge.org\\\/nailknowledge-training-ethos\",\"name\":\"Training Built Around You - NailKnowledge\",\"isPartOf\":{\"@id\":\"https:\\\/\\\/new.nailknowledge.org\\\/#website\"},\"primaryImageOfPage\":{\"@id\":\"https:\\\/\\\/nailknowledge.org\\\/nailknowledge-training-ethos#primaryimage\"},\"image\":{\"@id\":\"https:\\\/\\\/nailknowledge.org\\\/nailknowledge-training-ethos#primaryimage\"},\"thumbnailUrl\":\"https:\\\/\\\/nailknowledge.org\\\/wp-content\\\/uploads\\\/2020\\\/10\\\/Flexible-Learning.png\",\"datePublished\":\"2020-09-24T08:40:27+00:00\",\"dateModified\":\"2023-01-10T12:23:44+00:00\",\"breadcrumb\":{\"@id\":\"https:\\\/\\\/nailknowledge.org\\\/nailknowledge-training-ethos#breadcrumb\"},\"inLanguage\":\"vi\",\"potentialAction\":[{\"@type\":\"ReadAction\",\"target\":[\"https:\\\/\\\/nailknowledge.org\\\/nailknowledge-training-ethos\"]}]},{\"@type\":\"ImageObject\",\"inLanguage\":\"vi\",\"@id\":\"https:\\\/\\\/nailknowledge.org\\\/nailknowledge-training-ethos#primaryimage\",\"url\":\"https:\\\/\\\/nailknowledge.org\\\/wp-content\\\/uploads\\\/2020\\\/10\\\/Flexible-Learning.png\",\"contentUrl\":\"https:\\\/\\\/nailknowledge.org\\\/wp-content\\\/uploads\\\/2020\\\/10\\\/Flexible-Learning.png\"},{\"@type\":\"BreadcrumbList\",\"@id\":\"https:\\\/\\\/nailknowledge.org\\\/nailknowledge-training-ethos#breadcrumb\",\"itemListElement\":[{\"@type\":\"ListItem\",\"position\":1,\"name\":\"Home\",\"item\":\"https:\\\/\\\/nailknowledge.org\\\/\"},{\"@type\":\"ListItem\",\"position\":2,\"name\":\"Training Built Around You\"}]},{\"@type\":\"WebSite\",\"@id\":\"https:\\\/\\\/new.nailknowledge.org\\\/#website\",\"url\":\"https:\\\/\\\/new.nailknowledge.org\\\/\",\"name\":\"NailKnowledge\",\"description\":\"\",\"publisher\":{\"@id\":\"https:\\\/\\\/new.nailknowledge.org\\\/#organization\"},\"potentialAction\":[{\"@type\":\"SearchAction\",\"target\":{\"@type\":\"EntryPoint\",\"urlTemplate\":\"https:\\\/\\\/new.nailknowledge.org\\\/?s={search_term_string}\"},\"query-input\":{\"@type\":\"PropertyValueSpecification\",\"valueRequired\":true,\"valueName\":\"search_term_string\"}}],\"inLanguage\":\"vi\"},{\"@type\":\"Organization\",\"@id\":\"https:\\\/\\\/new.nailknowledge.org\\\/#organization\",\"name\":\"NailKnowledge\",\"url\":\"https:\\\/\\\/new.nailknowledge.org\\\/\",\"logo\":{\"@type\":\"ImageObject\",\"inLanguage\":\"vi\",\"@id\":\"https:\\\/\\\/new.nailknowledge.org\\\/#\\\/schema\\\/logo\\\/image\\\/\",\"url\":\"https:\\\/\\\/nailknowledge.org\\\/wp-content\\\/uploads\\\/2026\\\/03\\\/KN-Logo-1.webp\",\"contentUrl\":\"https:\\\/\\\/nailknowledge.org\\\/wp-content\\\/uploads\\\/2026\\\/03\\\/KN-Logo-1.webp\",\"width\":542,\"height\":100,\"caption\":\"NailKnowledge\"},\"image\":{\"@id\":\"https:\\\/\\\/new.nailknowledge.org\\\/#\\\/schema\\\/logo\\\/image\\\/\"}}]}<\/script>\n<!-- \/ Yoast SEO plugin. -->","yoast_head_json":{"title":"Training Built Around You - NailKnowledge","robots":{"index":"index","follow":"follow","max-snippet":"max-snippet:-1","max-image-preview":"max-image-preview:large","max-video-preview":"max-video-preview:-1"},"canonical":"https:\/\/nailknowledge.org\/vi\/nailknowledge-training-ethos\/","og_locale":"vi_VN","og_type":"article","og_title":"Training Built Around You - NailKnowledge","og_description":"Training that is built around you We designed NailKnowledge&#8217;s ethos around three key values &#8211; flexible learning that was easy to understand and expert-led &#8211;\u00a0with the learner at the heart of everything we do.\u00a0 Flexible Learning We know how busy life is, and the difficulty of finding the time to focus on learning resources. To [&hellip;]","og_url":"https:\/\/nailknowledge.org\/vi\/nailknowledge-training-ethos\/","og_site_name":"NailKnowledge","article_modified_time":"2023-01-10T12:23:44+00:00","og_image":[{"width":545,"height":295,"url":"https:\/\/nailknowledge.org\/wp-content\/uploads\/2023\/03\/image002.jpg","type":"image\/jpeg"}],"twitter_card":"summary_large_image","twitter_misc":{"\u01af\u1edbc t\u00ednh th\u1eddi gian \u0111\u1ecdc":"4 ph\u00fat"},"schema":{"@context":"https:\/\/schema.org","@graph":[{"@type":"WebPage","@id":"https:\/\/nailknowledge.org\/nailknowledge-training-ethos","url":"https:\/\/nailknowledge.org\/nailknowledge-training-ethos","name":"Training Built Around You - NailKnowledge","isPartOf":{"@id":"https:\/\/new.nailknowledge.org\/#website"},"primaryImageOfPage":{"@id":"https:\/\/nailknowledge.org\/nailknowledge-training-ethos#primaryimage"},"image":{"@id":"https:\/\/nailknowledge.org\/nailknowledge-training-ethos#primaryimage"},"thumbnailUrl":"https:\/\/nailknowledge.org\/wp-content\/uploads\/2020\/10\/Flexible-Learning.png","datePublished":"2020-09-24T08:40:27+00:00","dateModified":"2023-01-10T12:23:44+00:00","breadcrumb":{"@id":"https:\/\/nailknowledge.org\/nailknowledge-training-ethos#breadcrumb"},"inLanguage":"vi","potentialAction":[{"@type":"ReadAction","target":["https:\/\/nailknowledge.org\/nailknowledge-training-ethos"]}]},{"@type":"ImageObject","inLanguage":"vi","@id":"https:\/\/nailknowledge.org\/nailknowledge-training-ethos#primaryimage","url":"https:\/\/nailknowledge.org\/wp-content\/uploads\/2020\/10\/Flexible-Learning.png","contentUrl":"https:\/\/nailknowledge.org\/wp-content\/uploads\/2020\/10\/Flexible-Learning.png"},{"@type":"BreadcrumbList","@id":"https:\/\/nailknowledge.org\/nailknowledge-training-ethos#breadcrumb","itemListElement":[{"@type":"ListItem","position":1,"name":"Home","item":"https:\/\/nailknowledge.org\/"},{"@type":"ListItem","position":2,"name":"Training Built Around You"}]},{"@type":"WebSite","@id":"https:\/\/new.nailknowledge.org\/#website","url":"https:\/\/new.nailknowledge.org\/","name":"Ki\u1ebfn th\u1ee9c v\u1ec1 m\u00f3ng tay","description":"","publisher":{"@id":"https:\/\/new.nailknowledge.org\/#organization"},"potentialAction":[{"@type":"SearchAction","target":{"@type":"EntryPoint","urlTemplate":"https:\/\/new.nailknowledge.org\/?s={search_term_string}"},"query-input":{"@type":"PropertyValueSpecification","valueRequired":true,"valueName":"search_term_string"}}],"inLanguage":"vi"},{"@type":"Organization","@id":"https:\/\/new.nailknowledge.org\/#organization","name":"Ki\u1ebfn th\u1ee9c v\u1ec1 m\u00f3ng tay","url":"https:\/\/new.nailknowledge.org\/","logo":{"@type":"ImageObject","inLanguage":"vi","@id":"https:\/\/new.nailknowledge.org\/#\/schema\/logo\/image\/","url":"https:\/\/nailknowledge.org\/wp-content\/uploads\/2026\/03\/KN-Logo-1.webp","contentUrl":"https:\/\/nailknowledge.org\/wp-content\/uploads\/2026\/03\/KN-Logo-1.webp","width":542,"height":100,"caption":"NailKnowledge"},"image":{"@id":"https:\/\/new.nailknowledge.org\/#\/schema\/logo\/image\/"}}]}},"_links":{"self":[{"href":"https:\/\/nailknowledge.org\/vi\/wp-json\/wp\/v2\/pages\/29276","targetHints":{"allow":["GET"]}}],"collection":[{"href":"https:\/\/nailknowledge.org\/vi\/wp-json\/wp\/v2\/pages"}],"about":[{"href":"https:\/\/nailknowledge.org\/vi\/wp-json\/wp\/v2\/types\/page"}],"author":[{"embeddable":true,"href":"https:\/\/nailknowledge.org\/vi\/wp-json\/wp\/v2\/users\/2"}],"replies":[{"embeddable":true,"href":"https:\/\/nailknowledge.org\/vi\/wp-json\/wp\/v2\/comments?post=29276"}],"version-history":[{"count":0,"href":"https:\/\/nailknowledge.org\/vi\/wp-json\/wp\/v2\/pages\/29276\/revisions"}],"wp:attachment":[{"href":"https:\/\/nailknowledge.org\/vi\/wp-json\/wp\/v2\/media?parent=29276"}],"curies":[{"name":"wp","href":"https:\/\/api.w.org\/{rel}","templated":true}]}}