{"id":29346,"date":"2020-10-12T10:08:14","date_gmt":"2020-10-12T10:08:14","guid":{"rendered":"https:\/\/nailpedia.org\/?page_id=29346"},"modified":"2025-01-09T11:56:16","modified_gmt":"2025-01-09T11:56:16","slug":"nail-knowledge-experts","status":"publish","type":"page","link":"https:\/\/nailknowledge.org\/vi\/nail-knowledge-experts","title":{"rendered":"C\u00e1c chuy\u00ean gia"},"content":{"rendered":"<h1>\u0110\u00e0o t\u1ea1o do chuy\u00ean gia h\u01b0\u1edbng d\u1eabn<\/h1>\n<p><h3>Our courses have been authored by some of the world&#8217;s most respected Nail experts.\u200b<\/h3>\n<\/p>\n<p>\t\t\t\t\t\t\t\t\t\t\t\t\t<img loading=\"eager\" fetchpriority=\"high\" decoding=\"async\" width=\"301\" height=\"301\" src=\"https:\/\/nailknowledge.org\/wp-content\/uploads\/2020\/10\/Subject-Matter-Expert.png\" alt=\"\" srcset=\"https:\/\/nailknowledge.org\/wp-content\/uploads\/2020\/10\/Subject-Matter-Expert.png 301w, https:\/\/nailknowledge.org\/wp-content\/uploads\/2020\/10\/Subject-Matter-Expert-300x300.png 300w, https:\/\/nailknowledge.org\/wp-content\/uploads\/2020\/10\/Subject-Matter-Expert-100x100.png 100w, https:\/\/nailknowledge.org\/wp-content\/uploads\/2020\/10\/Subject-Matter-Expert-150x150.png 150w\" sizes=\"auto, (max-width: 301px) 100vw, 301px\" \/>\t\t\t\t\t\t\t\t\t\t\t\t\t<\/p>\n<h3>Subject Matter Experts<\/h3>\n<p style=\"text-align: center;\">NailKnowledge\u2019s Essential Nail Professional Diploma has been authored by our three highly respected experts, Marian Newman, Doug Shoon and Vitaly Solomanoff &#8211; each Subject Matter Experts in their respective fields.<\/p>\n<p>\t\t\t\t\t\t\t\t\t\t\t\t\t<img loading=\"lazy\" decoding=\"async\" width=\"301\" height=\"301\" src=\"https:\/\/nailknowledge.org\/wp-content\/uploads\/2020\/10\/Authority-on-Nails.png\" alt=\"\" srcset=\"https:\/\/nailknowledge.org\/wp-content\/uploads\/2020\/10\/Authority-on-Nails.png 301w, https:\/\/nailknowledge.org\/wp-content\/uploads\/2020\/10\/Authority-on-Nails-300x300.png 300w, https:\/\/nailknowledge.org\/wp-content\/uploads\/2020\/10\/Authority-on-Nails-100x100.png 100w, https:\/\/nailknowledge.org\/wp-content\/uploads\/2020\/10\/Authority-on-Nails-150x150.png 150w\" sizes=\"auto, (max-width: 301px) 100vw, 301px\" \/>\t\t\t\t\t\t\t\t\t\t\t\t\t<\/p>\n<h3>The Authority on Nails<br \/>\n<\/h3>\n<p style=\"text-align: center;\">Marian Newman is widely regarded as a global authority on Nails and the Nail Industry.\u00a0Author of The Complete Nail Technician which has guided nail technician education for the last 2 decades. She is also Chair of The Federation of Nail Professionals.<\/p>\n<p>\t\t\t\t\t\t\t\t\t\t\t\t\t<img loading=\"lazy\" decoding=\"async\" width=\"301\" height=\"301\" src=\"https:\/\/nailknowledge.org\/wp-content\/uploads\/2020\/10\/Industry-Knowledge.png\" alt=\"\" srcset=\"https:\/\/nailknowledge.org\/wp-content\/uploads\/2020\/10\/Industry-Knowledge.png 301w, https:\/\/nailknowledge.org\/wp-content\/uploads\/2020\/10\/Industry-Knowledge-300x300.png 300w, https:\/\/nailknowledge.org\/wp-content\/uploads\/2020\/10\/Industry-Knowledge-100x100.png 100w, https:\/\/nailknowledge.org\/wp-content\/uploads\/2020\/10\/Industry-Knowledge-150x150.png 150w\" sizes=\"auto, (max-width: 301px) 100vw, 301px\" \/>\t\t\t\t\t\t\t\t\t\t\t\t\t<\/p>\n<h3>Deep Industry Knowledge<\/h3>\n<p style=\"text-align: center;\">Each of our experts has deep industry knowledge and expertise, which has guided the content selected for the Essential Nail Professional Diploma to ensure it fits in with current brand training and the needs of the Industry as a whole.\u00a0\u00a0<\/p>\n<h2>G\u1eb7p g\u1ee1 c\u00e1c chuy\u00ean gia<\/h2>\n<p style=\"text-align: center;\">We guarantee that our training content remains current, incorporating the latest scientific insights and information, and is authored by prominent experts highly regarded within their respective domains. Each expert will contribute carefully curated content to enrich the overall Nail Knowledge experience, fostering greater understanding and expertise.<\/p>\n<h3>Marian Newman  BEM<\/h3>\n<p>\t\t\t\t\t\t\t\t\t\t\t\t\t<img loading=\"lazy\" decoding=\"async\" width=\"225\" height=\"300\" src=\"https:\/\/nailknowledge.org\/wp-content\/uploads\/2020\/01\/marian-newman-225x300.jpg\" alt=\"m\u00f3ng tay marian newman\" srcset=\"https:\/\/nailknowledge.org\/wp-content\/uploads\/2020\/01\/marian-newman-225x300.jpg 225w, https:\/\/nailknowledge.org\/wp-content\/uploads\/2020\/01\/marian-newman-600x801.jpg 600w, https:\/\/nailknowledge.org\/wp-content\/uploads\/2020\/01\/marian-newman-75x100.jpg 75w, https:\/\/nailknowledge.org\/wp-content\/uploads\/2020\/01\/marian-newman.jpg 749w\" sizes=\"auto, (max-width: 225px) 100vw, 225px\" \/><br \/>\n\t\t\t\t\t<a href=\"https:\/\/nailknowledge.org\/vi\/chuyen-gia-nailknowledge-marian-newman\/\"><br \/>\n\t\t\t\t\t\t\t\t\tG\u1eb7p Marian<br \/>\n\t\t\t\t\t<\/a><\/p>\n<h3>Doug Schoon  (Chemist)<\/h3>\n<p>\t\t\t\t\t\t\t\t\t\t\t\t\t<img loading=\"lazy\" decoding=\"async\" width=\"271\" height=\"300\" src=\"https:\/\/nailknowledge.org\/wp-content\/uploads\/2020\/10\/Doug Schoon Nails-271x300.\" alt=\"Doug Schoon\" srcset=\"https:\/\/nailknowledge.org\/wp-content\/uploads\/2020\/10\/Doug%20Schoon%20Nails-271x300.jpeg 271w, https:\/\/nailknowledge.org\/wp-content\/uploads\/2020\/10\/Doug%20Schoon%20Nails-90x100.jpeg 90w, https:\/\/nailknowledge.org\/wp-content\/uploads\/2020\/10\/Doug%20Schoon%20Nails 450w\" sizes=\"auto, (max-width: 271px) 100vw, 271px\" \/><br \/>\n\t\t\t\t\t<a href=\"https:\/\/nailknowledge.org\/vi\/chuyen-gia-kien-thuc-ve-nail-doug-schoon\/\"><br \/>\n\t\t\t\t\t\t\t\t\tG\u1eb7p Doug<br \/>\n\t\t\t\t\t<\/a><\/p>\n<h3>Vitaly Solomonoff (B\u00e1c s\u0129 da li\u1ec5u)<\/h3>\n<p>\t\t\t\t\t\t\t\t\t\t\t\t\t<img loading=\"lazy\" decoding=\"async\" width=\"252\" height=\"300\" src=\"https:\/\/nailknowledge.org\/wp-content\/uploads\/2020\/10\/Vitaly3-e1602503555590-252x300.jpg\" alt=\"\" srcset=\"https:\/\/nailknowledge.org\/wp-content\/uploads\/2020\/10\/Vitaly3-e1602503555590-252x300.jpg 252w, https:\/\/nailknowledge.org\/wp-content\/uploads\/2020\/10\/Vitaly3-e1602503555590-84x100.jpg 84w, https:\/\/nailknowledge.org\/wp-content\/uploads\/2020\/10\/Vitaly3-e1602503555590.jpg 449w\" sizes=\"auto, (max-width: 252px) 100vw, 252px\" \/><br \/>\n\t\t\t\t\t<a href=\"https:\/\/nailknowledge.org\/vi\/chuyen-gia-nailknowledge-vitaly-solomonoff\/\"><br \/>\n\t\t\t\t\t\t\t\t\tG\u1eb7p g\u1ee1 Vitaly<br \/>\n\t\t\t\t\t<\/a><\/p>\n<h3>Tracy Anne Shelverton<\/h3>\n<p>\t\t\t\t\t\t\t\t\t\t\t\t\t<img loading=\"lazy\" decoding=\"async\" width=\"240\" height=\"300\" src=\"https:\/\/nailknowledge.org\/wp-content\/uploads\/2021\/05\/tracy-anne-shelverton-240x300.jpg\" alt=\"Tracy Anne Shelverton\" srcset=\"https:\/\/nailknowledge.org\/wp-content\/uploads\/2021\/05\/tracy-anne-shelverton-240x300.jpg 240w, https:\/\/nailknowledge.org\/wp-content\/uploads\/2021\/05\/tracy-anne-shelverton-600x750.jpg 600w, https:\/\/nailknowledge.org\/wp-content\/uploads\/2021\/05\/tracy-anne-shelverton-819x1024.jpg 819w, https:\/\/nailknowledge.org\/wp-content\/uploads\/2021\/05\/tracy-anne-shelverton-768x960.jpg 768w, https:\/\/nailknowledge.org\/wp-content\/uploads\/2021\/05\/tracy-anne-shelverton.jpg 1175w\" sizes=\"auto, (max-width: 240px) 100vw, 240px\" \/><br \/>\n\t\t\t\t\t<a href=\"https:\/\/nailknowledge.org\/vi\/tracy-anne-shelverton\/\"><br \/>\n\t\t\t\t\t\t\t\t\tG\u1eb7p g\u1ee1 Tracy<br \/>\n\t\t\t\t\t<\/a><br \/>\n\t\t\t\t\t<a href=\"https:\/\/nailknowledge.org\/vi\/guest-experts\/\"><br \/>\n\t\t\t\t\t\t\t\t\tG\u1eb7p g\u1ee1 c\u00e1c chuy\u00ean gia kh\u00e1ch m\u1eddi c\u1ee7a ch\u00fang t\u00f4i<br \/>\n\t\t\t\t\t<\/a><br \/>\n\t\t\t\t\t\t\t\t\t\t\t\t\t\t<a href=\"https:\/\/nailknowledge.org\/vi\/hoi-cac-chuyen-gia\/\"><br \/>\n\t\t\t\t\t\t\t<img loading=\"lazy\" decoding=\"async\" width=\"1024\" height=\"360\" src=\"https:\/\/nailknowledge.org\/wp-content\/uploads\/2025\/01\/65326b6d-807f-41d6-adf5-b0214f903642-1024x360.png\" alt=\"\" srcset=\"https:\/\/nailknowledge.org\/wp-content\/uploads\/2025\/01\/65326b6d-807f-41d6-adf5-b0214f903642-1024x360.png 1024w, https:\/\/nailknowledge.org\/wp-content\/uploads\/2025\/01\/65326b6d-807f-41d6-adf5-b0214f903642-300x106.png 300w, https:\/\/nailknowledge.org\/wp-content\/uploads\/2025\/01\/65326b6d-807f-41d6-adf5-b0214f903642-768x270.png 768w, https:\/\/nailknowledge.org\/wp-content\/uploads\/2025\/01\/65326b6d-807f-41d6-adf5-b0214f903642-1536x540.png 1536w, https:\/\/nailknowledge.org\/wp-content\/uploads\/2025\/01\/65326b6d-807f-41d6-adf5-b0214f903642-18x6.png 18w, https:\/\/nailknowledge.org\/wp-content\/uploads\/2025\/01\/65326b6d-807f-41d6-adf5-b0214f903642-600x211.png 600w, https:\/\/nailknowledge.org\/wp-content\/uploads\/2025\/01\/65326b6d-807f-41d6-adf5-b0214f903642-50x18.png 50w, https:\/\/nailknowledge.org\/wp-content\/uploads\/2025\/01\/65326b6d-807f-41d6-adf5-b0214f903642-200x70.png 200w, https:\/\/nailknowledge.org\/wp-content\/uploads\/2025\/01\/65326b6d-807f-41d6-adf5-b0214f903642-100x35.png 100w, https:\/\/nailknowledge.org\/wp-content\/uploads\/2025\/01\/65326b6d-807f-41d6-adf5-b0214f903642.png 1541w\" sizes=\"auto, (max-width: 1024px) 100vw, 1024px\" \/>\t\t\t\t\t\t\t\t<\/a><\/p>\n<h2>Further explore our Training Ethos<\/h2>\n<h3>D\u1ec5 hi\u1ec3u<\/h3>\n<p style=\"text-align: center;\">We have\u00a0designed our NailKnowledge courses to be accessible for everyone, with animated and highly visual lessons to help you understand.\u00a0<\/p>\n<p>\t\t\t\t\t<a href=\"https:\/\/nailknowledge.org\/vi\/easy-to-understand-nail-knowledge\/\"><br \/>\n\t\t\t\t\t\t\t\t\tWhat&#8217;s it like?<br \/>\n\t\t\t\t\t<\/a><\/p>\n<h3>H\u1ecdc t\u1eadp linh ho\u1ea1t<\/h3>\n<p style=\"text-align: center;\">We know how busy life is, and the difficulty of finding the time to focus on learning resources, so we have also designed our resources to be consumed when and where is best for you.\u200b<\/p>\n<p>\t\t\t\t\t<a href=\"https:\/\/nailknowledge.org\/vi\/nail-knowledge-flexible-learning\/\"><br \/>\n\t\t\t\t\t\t\t\t\tH\u00e3y cho t\u00f4i bi\u1ebft th\u00eam<br \/>\n\t\t\t\t\t<\/a><\/p>","protected":false},"excerpt":{"rendered":"<p>Expert-led Training Our courses have been authored by some of the world&#8217;s most respected Nail experts.\u200b Subject Matter Experts NailKnowledge\u2019s Essential Nail Professional Diploma has been authored by our three highly respected experts, Marian Newman, Doug Shoon and Vitaly Solomanoff &#8211; each Subject Matter Experts in their respective fields. The Authority on Nails Marian Newman [&hellip;]<\/p>\n","protected":false},"author":2,"featured_media":0,"parent":0,"menu_order":0,"comment_status":"closed","ping_status":"closed","template":"","meta":{"_genesis_hide_title":false,"_genesis_hide_breadcrumbs":false,"_genesis_hide_singular_image":false,"_genesis_hide_footer_widgets":false,"_genesis_custom_body_class":"","_genesis_custom_post_class":"","_genesis_layout":"","footnotes":""},"class_list":{"0":"post-29346","1":"page","2":"type-page","3":"status-publish","5":"entry"},"yoast_head":"<!-- This site is optimized with the Yoast SEO plugin v27.3 - https:\/\/yoast.com\/product\/yoast-seo-wordpress\/ -->\n<title>Experts - NailKnowledge<\/title>\n<meta name=\"robots\" content=\"index, follow, max-snippet:-1, max-image-preview:large, max-video-preview:-1\" \/>\n<link rel=\"canonical\" href=\"https:\/\/nailknowledge.org\/vi\/nail-knowledge-experts\/\" \/>\n<meta property=\"og:locale\" content=\"vi_VN\" \/>\n<meta property=\"og:type\" content=\"article\" \/>\n<meta property=\"og:title\" content=\"Experts - NailKnowledge\" \/>\n<meta property=\"og:description\" content=\"Expert-led Training Our courses have been authored by some of the world&#8217;s most respected Nail experts.\u200b Subject Matter Experts NailKnowledge\u2019s Essential Nail Professional Diploma has been authored by our three highly respected experts, Marian Newman, Doug Shoon and Vitaly Solomanoff &#8211; each Subject Matter Experts in their respective fields. The Authority on Nails Marian Newman [&hellip;]\" \/>\n<meta property=\"og:url\" content=\"https:\/\/nailknowledge.org\/vi\/nail-knowledge-experts\/\" \/>\n<meta property=\"og:site_name\" content=\"NailKnowledge\" \/>\n<meta property=\"article:modified_time\" content=\"2025-01-09T11:56:16+00:00\" \/>\n<meta property=\"og:image\" content=\"https:\/\/nailknowledge.org\/wp-content\/uploads\/2023\/03\/image002.jpg\" \/>\n\t<meta property=\"og:image:width\" content=\"545\" \/>\n\t<meta property=\"og:image:height\" content=\"295\" \/>\n\t<meta property=\"og:image:type\" content=\"image\/jpeg\" \/>\n<meta name=\"twitter:card\" content=\"summary_large_image\" \/>\n<meta name=\"twitter:label1\" content=\"\u01af\u1edbc t\u00ednh th\u1eddi gian \u0111\u1ecdc\" \/>\n\t<meta name=\"twitter:data1\" content=\"3 ph\u00fat\" \/>\n<script type=\"application\/ld+json\" class=\"yoast-schema-graph\">{\"@context\":\"https:\\\/\\\/schema.org\",\"@graph\":[{\"@type\":\"WebPage\",\"@id\":\"https:\\\/\\\/nailknowledge.org\\\/nail-knowledge-experts\",\"url\":\"https:\\\/\\\/nailknowledge.org\\\/nail-knowledge-experts\",\"name\":\"Experts - NailKnowledge\",\"isPartOf\":{\"@id\":\"https:\\\/\\\/new.nailknowledge.org\\\/#website\"},\"primaryImageOfPage\":{\"@id\":\"https:\\\/\\\/nailknowledge.org\\\/nail-knowledge-experts#primaryimage\"},\"image\":{\"@id\":\"https:\\\/\\\/nailknowledge.org\\\/nail-knowledge-experts#primaryimage\"},\"thumbnailUrl\":\"https:\\\/\\\/nailknowledge.org\\\/wp-content\\\/uploads\\\/2020\\\/10\\\/Subject-Matter-Expert.png\",\"datePublished\":\"2020-10-12T10:08:14+00:00\",\"dateModified\":\"2025-01-09T11:56:16+00:00\",\"breadcrumb\":{\"@id\":\"https:\\\/\\\/nailknowledge.org\\\/nail-knowledge-experts#breadcrumb\"},\"inLanguage\":\"vi\",\"potentialAction\":[{\"@type\":\"ReadAction\",\"target\":[\"https:\\\/\\\/nailknowledge.org\\\/nail-knowledge-experts\"]}]},{\"@type\":\"ImageObject\",\"inLanguage\":\"vi\",\"@id\":\"https:\\\/\\\/nailknowledge.org\\\/nail-knowledge-experts#primaryimage\",\"url\":\"https:\\\/\\\/nailknowledge.org\\\/wp-content\\\/uploads\\\/2020\\\/10\\\/Subject-Matter-Expert.png\",\"contentUrl\":\"https:\\\/\\\/nailknowledge.org\\\/wp-content\\\/uploads\\\/2020\\\/10\\\/Subject-Matter-Expert.png\"},{\"@type\":\"BreadcrumbList\",\"@id\":\"https:\\\/\\\/nailknowledge.org\\\/nail-knowledge-experts#breadcrumb\",\"itemListElement\":[{\"@type\":\"ListItem\",\"position\":1,\"name\":\"Home\",\"item\":\"https:\\\/\\\/nailknowledge.org\\\/\"},{\"@type\":\"ListItem\",\"position\":2,\"name\":\"Experts\"}]},{\"@type\":\"WebSite\",\"@id\":\"https:\\\/\\\/new.nailknowledge.org\\\/#website\",\"url\":\"https:\\\/\\\/new.nailknowledge.org\\\/\",\"name\":\"NailKnowledge\",\"description\":\"\",\"publisher\":{\"@id\":\"https:\\\/\\\/new.nailknowledge.org\\\/#organization\"},\"potentialAction\":[{\"@type\":\"SearchAction\",\"target\":{\"@type\":\"EntryPoint\",\"urlTemplate\":\"https:\\\/\\\/new.nailknowledge.org\\\/?s={search_term_string}\"},\"query-input\":{\"@type\":\"PropertyValueSpecification\",\"valueRequired\":true,\"valueName\":\"search_term_string\"}}],\"inLanguage\":\"vi\"},{\"@type\":\"Organization\",\"@id\":\"https:\\\/\\\/new.nailknowledge.org\\\/#organization\",\"name\":\"NailKnowledge\",\"url\":\"https:\\\/\\\/new.nailknowledge.org\\\/\",\"logo\":{\"@type\":\"ImageObject\",\"inLanguage\":\"vi\",\"@id\":\"https:\\\/\\\/new.nailknowledge.org\\\/#\\\/schema\\\/logo\\\/image\\\/\",\"url\":\"https:\\\/\\\/nailknowledge.org\\\/wp-content\\\/uploads\\\/2026\\\/03\\\/KN-Logo-1.webp\",\"contentUrl\":\"https:\\\/\\\/nailknowledge.org\\\/wp-content\\\/uploads\\\/2026\\\/03\\\/KN-Logo-1.webp\",\"width\":542,\"height\":100,\"caption\":\"NailKnowledge\"},\"image\":{\"@id\":\"https:\\\/\\\/new.nailknowledge.org\\\/#\\\/schema\\\/logo\\\/image\\\/\"}}]}<\/script>\n<!-- \/ Yoast SEO plugin. -->","yoast_head_json":{"title":"Experts - NailKnowledge","robots":{"index":"index","follow":"follow","max-snippet":"max-snippet:-1","max-image-preview":"max-image-preview:large","max-video-preview":"max-video-preview:-1"},"canonical":"https:\/\/nailknowledge.org\/vi\/nail-knowledge-experts\/","og_locale":"vi_VN","og_type":"article","og_title":"Experts - NailKnowledge","og_description":"Expert-led Training Our courses have been authored by some of the world&#8217;s most respected Nail experts.\u200b Subject Matter Experts NailKnowledge\u2019s Essential Nail Professional Diploma has been authored by our three highly respected experts, Marian Newman, Doug Shoon and Vitaly Solomanoff &#8211; each Subject Matter Experts in their respective fields. The Authority on Nails Marian Newman [&hellip;]","og_url":"https:\/\/nailknowledge.org\/vi\/nail-knowledge-experts\/","og_site_name":"NailKnowledge","article_modified_time":"2025-01-09T11:56:16+00:00","og_image":[{"width":545,"height":295,"url":"https:\/\/nailknowledge.org\/wp-content\/uploads\/2023\/03\/image002.jpg","type":"image\/jpeg"}],"twitter_card":"summary_large_image","twitter_misc":{"\u01af\u1edbc t\u00ednh th\u1eddi gian \u0111\u1ecdc":"3 ph\u00fat"},"schema":{"@context":"https:\/\/schema.org","@graph":[{"@type":"WebPage","@id":"https:\/\/nailknowledge.org\/nail-knowledge-experts","url":"https:\/\/nailknowledge.org\/nail-knowledge-experts","name":"Experts - NailKnowledge","isPartOf":{"@id":"https:\/\/new.nailknowledge.org\/#website"},"primaryImageOfPage":{"@id":"https:\/\/nailknowledge.org\/nail-knowledge-experts#primaryimage"},"image":{"@id":"https:\/\/nailknowledge.org\/nail-knowledge-experts#primaryimage"},"thumbnailUrl":"https:\/\/nailknowledge.org\/wp-content\/uploads\/2020\/10\/Subject-Matter-Expert.png","datePublished":"2020-10-12T10:08:14+00:00","dateModified":"2025-01-09T11:56:16+00:00","breadcrumb":{"@id":"https:\/\/nailknowledge.org\/nail-knowledge-experts#breadcrumb"},"inLanguage":"vi","potentialAction":[{"@type":"ReadAction","target":["https:\/\/nailknowledge.org\/nail-knowledge-experts"]}]},{"@type":"ImageObject","inLanguage":"vi","@id":"https:\/\/nailknowledge.org\/nail-knowledge-experts#primaryimage","url":"https:\/\/nailknowledge.org\/wp-content\/uploads\/2020\/10\/Subject-Matter-Expert.png","contentUrl":"https:\/\/nailknowledge.org\/wp-content\/uploads\/2020\/10\/Subject-Matter-Expert.png"},{"@type":"BreadcrumbList","@id":"https:\/\/nailknowledge.org\/nail-knowledge-experts#breadcrumb","itemListElement":[{"@type":"ListItem","position":1,"name":"Home","item":"https:\/\/nailknowledge.org\/"},{"@type":"ListItem","position":2,"name":"Experts"}]},{"@type":"WebSite","@id":"https:\/\/new.nailknowledge.org\/#website","url":"https:\/\/new.nailknowledge.org\/","name":"Ki\u1ebfn th\u1ee9c v\u1ec1 m\u00f3ng tay","description":"","publisher":{"@id":"https:\/\/new.nailknowledge.org\/#organization"},"potentialAction":[{"@type":"SearchAction","target":{"@type":"EntryPoint","urlTemplate":"https:\/\/new.nailknowledge.org\/?s={search_term_string}"},"query-input":{"@type":"PropertyValueSpecification","valueRequired":true,"valueName":"search_term_string"}}],"inLanguage":"vi"},{"@type":"Organization","@id":"https:\/\/new.nailknowledge.org\/#organization","name":"Ki\u1ebfn th\u1ee9c v\u1ec1 m\u00f3ng tay","url":"https:\/\/new.nailknowledge.org\/","logo":{"@type":"ImageObject","inLanguage":"vi","@id":"https:\/\/new.nailknowledge.org\/#\/schema\/logo\/image\/","url":"https:\/\/nailknowledge.org\/wp-content\/uploads\/2026\/03\/KN-Logo-1.webp","contentUrl":"https:\/\/nailknowledge.org\/wp-content\/uploads\/2026\/03\/KN-Logo-1.webp","width":542,"height":100,"caption":"NailKnowledge"},"image":{"@id":"https:\/\/new.nailknowledge.org\/#\/schema\/logo\/image\/"}}]}},"_links":{"self":[{"href":"https:\/\/nailknowledge.org\/vi\/wp-json\/wp\/v2\/pages\/29346","targetHints":{"allow":["GET"]}}],"collection":[{"href":"https:\/\/nailknowledge.org\/vi\/wp-json\/wp\/v2\/pages"}],"about":[{"href":"https:\/\/nailknowledge.org\/vi\/wp-json\/wp\/v2\/types\/page"}],"author":[{"embeddable":true,"href":"https:\/\/nailknowledge.org\/vi\/wp-json\/wp\/v2\/users\/2"}],"replies":[{"embeddable":true,"href":"https:\/\/nailknowledge.org\/vi\/wp-json\/wp\/v2\/comments?post=29346"}],"version-history":[{"count":0,"href":"https:\/\/nailknowledge.org\/vi\/wp-json\/wp\/v2\/pages\/29346\/revisions"}],"wp:attachment":[{"href":"https:\/\/nailknowledge.org\/vi\/wp-json\/wp\/v2\/media?parent=29346"}],"curies":[{"name":"wp","href":"https:\/\/api.w.org\/{rel}","templated":true}]}}