{"id":29406,"date":"2020-10-21T08:08:36","date_gmt":"2020-10-21T08:08:36","guid":{"rendered":"https:\/\/nailpedia.org\/?page_id=29406"},"modified":"2020-12-30T13:44:58","modified_gmt":"2020-12-30T13:44:58","slug":"nail-knowledge-flexible-learning","status":"publish","type":"page","link":"https:\/\/nailknowledge.org\/vi\/nail-knowledge-flexible-learning","title":{"rendered":"H\u1ecdc t\u1eadp linh ho\u1ea1t"},"content":{"rendered":"<h1>H\u1ecdc t\u1eadp linh ho\u1ea1t<\/h1>\n<p><h3>Designed with modern life in mind.\u200b<\/h3>\n<\/p>\n<p> Ch\u1ee9ng ch\u1ec9 Chuy\u00ean gia l\u00e0m m\u00f3ng c\u01a1 b\u1ea3n c\u1ee7a ch\u00fang t\u00f4i \u0111\u01b0\u1ee3c cung c\u1ea5p trong 16 b\u00e0i h\u1ecdc ng\u1eafn g\u1ecdn, b\u1ea1n c\u00f3 th\u1ec3 xem v\u00e0 th\u01b0\u1edfng th\u1ee9c theo t\u1ed1c \u0111\u1ed9 c\u1ee7a ri\u00eang m\u00ecnh, \u1edf m\u1ecdi n\u01a1i, m\u1ecdi l\u00fac v\u00e0 tr\u00ean m\u1ecdi thi\u1ebft b\u1ecb. <\/p>\n<p>\t\t\t\t\t\t\t\t\t\t<img loading=\"eager\" fetchpriority=\"high\" decoding=\"async\" width=\"301\" height=\"301\" src=\"https:\/\/nailknowledge.org\/wp-content\/uploads\/2020\/10\/Anywhere-Anytime.png\" alt=\"\" srcset=\"https:\/\/nailknowledge.org\/wp-content\/uploads\/2020\/10\/Anywhere-Anytime.png 301w, https:\/\/nailknowledge.org\/wp-content\/uploads\/2020\/10\/Anywhere-Anytime-150x150.png 150w, https:\/\/nailknowledge.org\/wp-content\/uploads\/2020\/10\/Anywhere-Anytime-100x100.png 100w\" sizes=\"auto, (max-width: 301px) 100vw, 301px\" \/>\t\t\t\t\t\t\t\t\t\t\t<\/p>\n<h3>Anytime, Anywhere<\/h3>\n<p style=\"text-align: center;\">Complete our lessons on a schedule that suits you, with the ability to log on to the system and watch the content from anywhere, at anytime.<\/p>\n<p>\t\t\t\t\t\t\t\t\t\t<img loading=\"lazy\" decoding=\"async\" width=\"300\" height=\"300\" src=\"https:\/\/nailknowledge.org\/wp-content\/uploads\/2020\/10\/Bite-sized-Content.png\" alt=\"\" srcset=\"https:\/\/nailknowledge.org\/wp-content\/uploads\/2020\/10\/Bite-sized-Content.png 301w, https:\/\/nailknowledge.org\/wp-content\/uploads\/2020\/10\/Bite-sized-Content-150x150.png 150w, https:\/\/nailknowledge.org\/wp-content\/uploads\/2020\/10\/Bite-sized-Content-100x100.png 100w\" sizes=\"auto, (max-width: 300px) 100vw, 300px\" \/>\t\t\t\t\t\t\t\t\t\t\t<\/p>\n<h3>Bite-sized Content<\/h3>\n<p style=\"text-align: center;\">We have designed NailKnowledge&#8217;s courses to be bite-sized, with the average lesson being 15 minutes long.<\/p>\n<p>\t\t\t\t\t\t\t\t\t\t<img loading=\"lazy\" decoding=\"async\" width=\"300\" height=\"300\" src=\"https:\/\/nailknowledge.org\/wp-content\/uploads\/2020\/10\/Multiplatform.png\" alt=\"\" srcset=\"https:\/\/nailknowledge.org\/wp-content\/uploads\/2020\/10\/Multiplatform.png 301w, https:\/\/nailknowledge.org\/wp-content\/uploads\/2020\/10\/Multiplatform-150x150.png 150w, https:\/\/nailknowledge.org\/wp-content\/uploads\/2020\/10\/Multiplatform-100x100.png 100w\" sizes=\"auto, (max-width: 300px) 100vw, 300px\" \/>\t\t\t\t\t\t\t\t\t\t\t<\/p>\n<h3>Multi-platform<\/h3>\n<p style=\"text-align: center;\">Watch on a tablet, mobile or PC, NailKnowledge is available across all devices so you can learn on whichever platform suits you.\u00a0<\/p>\n<h2>Further explore our Training Ethos<\/h2>\n<h3>D\u1ec5 hi\u1ec3u<\/h3>\n<p style=\"text-align: center;\">We have\u00a0designed our NailKnowledge courses to be accessible for everyone, with animated and highly visual lessons to help you understand.\u00a0<\/p>\n<p>\t\t\t<a href=\"https:\/\/nailknowledge.org\/vi\/easy-to-understand-nail-knowledge\/\" role=\"button\"><br \/>\n\t\t\t\t\t\tWhat&#8217;s it like?<br \/>\n\t\t\t\t\t<\/a><\/p>\n<h3>\u0110\u00e0o t\u1ea1o do chuy\u00ean gia h\u01b0\u1edbng d\u1eabn<\/h3>\n<p style=\"text-align: center;\">We brought together three highly respected Subject Matter Experts with deep industry knowledge to write the NailKnowledge courses, which are presented by Marian Newman, industry guru and award-winning trainer.<\/p>\n<p>\t\t\t<a href=\"https:\/\/nailknowledge.org\/vi\/nail-knowledge-experts\/\" role=\"button\"><br \/>\n\t\t\t\t\t\tG\u1eb7p g\u1ee1 c\u00e1c chuy\u00ean gia<br \/>\n\t\t\t\t\t<\/a><\/p>","protected":false},"excerpt":{"rendered":"<p>Flexible Learning Designed with modern life in mind.\u200b Our Essential Nail Professional Diploma is delivered in 16 bite-sized lessons, that you can watch and enjoy at your own pace, anyplace, anywhere and on any device. Anytime, Anywhere Complete our lessons on a schedule that suits you, with the ability to log on to the system [&hellip;]<\/p>\n","protected":false},"author":2,"featured_media":0,"parent":0,"menu_order":0,"comment_status":"closed","ping_status":"closed","template":"","meta":{"_yoast_wpseo_focuskw":"","_yoast_wpseo_metadesc":"","_genesis_hide_title":false,"_genesis_hide_breadcrumbs":false,"_genesis_hide_singular_image":false,"_genesis_hide_footer_widgets":false,"_genesis_custom_body_class":"","_genesis_custom_post_class":"","_genesis_layout":"","footnotes":""},"class_list":{"0":"post-29406","1":"page","2":"type-page","3":"status-publish","5":"entry"},"yoast_head":"<!-- This site is optimized with the Yoast SEO plugin v27.4 - https:\/\/yoast.com\/product\/yoast-seo-wordpress\/ -->\n<title>Flexible Learning - NailKnowledge<\/title>\n<meta name=\"robots\" content=\"index, follow, max-snippet:-1, max-image-preview:large, max-video-preview:-1\" \/>\n<link rel=\"canonical\" href=\"https:\/\/nailknowledge.org\/vi\/nail-knowledge-flexible-learning\/\" \/>\n<meta property=\"og:locale\" content=\"vi_VN\" \/>\n<meta property=\"og:type\" content=\"article\" \/>\n<meta property=\"og:title\" content=\"Flexible Learning - NailKnowledge\" \/>\n<meta property=\"og:description\" content=\"Flexible Learning Designed with modern life in mind.\u200b Our Essential Nail Professional Diploma is delivered in 16 bite-sized lessons, that you can watch and enjoy at your own pace, anyplace, anywhere and on any device. Anytime, Anywhere Complete our lessons on a schedule that suits you, with the ability to log on to the system [&hellip;]\" \/>\n<meta property=\"og:url\" content=\"https:\/\/nailknowledge.org\/vi\/nail-knowledge-flexible-learning\/\" \/>\n<meta property=\"og:site_name\" content=\"NailKnowledge\" \/>\n<meta property=\"article:modified_time\" content=\"2020-12-30T13:44:58+00:00\" \/>\n<meta property=\"og:image\" content=\"https:\/\/nailknowledge.org\/wp-content\/uploads\/2023\/03\/image002.jpg\" \/>\n\t<meta property=\"og:image:width\" content=\"545\" \/>\n\t<meta property=\"og:image:height\" content=\"295\" \/>\n\t<meta property=\"og:image:type\" content=\"image\/jpeg\" \/>\n<meta name=\"twitter:card\" content=\"summary_large_image\" \/>\n<meta name=\"twitter:label1\" content=\"\u01af\u1edbc t\u00ednh th\u1eddi gian \u0111\u1ecdc\" \/>\n\t<meta name=\"twitter:data1\" content=\"1 ph\u00fat\" \/>\n<script type=\"application\/ld+json\" class=\"yoast-schema-graph\">{\"@context\":\"https:\\\/\\\/schema.org\",\"@graph\":[{\"@type\":\"WebPage\",\"@id\":\"https:\\\/\\\/nailknowledge.org\\\/nail-knowledge-flexible-learning\",\"url\":\"https:\\\/\\\/nailknowledge.org\\\/nail-knowledge-flexible-learning\",\"name\":\"Flexible Learning - NailKnowledge\",\"isPartOf\":{\"@id\":\"https:\\\/\\\/new.nailknowledge.org\\\/#website\"},\"primaryImageOfPage\":{\"@id\":\"https:\\\/\\\/nailknowledge.org\\\/nail-knowledge-flexible-learning#primaryimage\"},\"image\":{\"@id\":\"https:\\\/\\\/nailknowledge.org\\\/nail-knowledge-flexible-learning#primaryimage\"},\"thumbnailUrl\":\"https:\\\/\\\/nailknowledge.org\\\/wp-content\\\/uploads\\\/2020\\\/10\\\/Anywhere-Anytime.png\",\"datePublished\":\"2020-10-21T08:08:36+00:00\",\"dateModified\":\"2020-12-30T13:44:58+00:00\",\"breadcrumb\":{\"@id\":\"https:\\\/\\\/nailknowledge.org\\\/nail-knowledge-flexible-learning#breadcrumb\"},\"inLanguage\":\"vi\",\"potentialAction\":[{\"@type\":\"ReadAction\",\"target\":[\"https:\\\/\\\/nailknowledge.org\\\/nail-knowledge-flexible-learning\"]}]},{\"@type\":\"ImageObject\",\"inLanguage\":\"vi\",\"@id\":\"https:\\\/\\\/nailknowledge.org\\\/nail-knowledge-flexible-learning#primaryimage\",\"url\":\"https:\\\/\\\/nailknowledge.org\\\/wp-content\\\/uploads\\\/2020\\\/10\\\/Anywhere-Anytime.png\",\"contentUrl\":\"https:\\\/\\\/nailknowledge.org\\\/wp-content\\\/uploads\\\/2020\\\/10\\\/Anywhere-Anytime.png\"},{\"@type\":\"BreadcrumbList\",\"@id\":\"https:\\\/\\\/nailknowledge.org\\\/nail-knowledge-flexible-learning#breadcrumb\",\"itemListElement\":[{\"@type\":\"ListItem\",\"position\":1,\"name\":\"Home\",\"item\":\"https:\\\/\\\/nailknowledge.org\\\/\"},{\"@type\":\"ListItem\",\"position\":2,\"name\":\"Flexible Learning\"}]},{\"@type\":\"WebSite\",\"@id\":\"https:\\\/\\\/new.nailknowledge.org\\\/#website\",\"url\":\"https:\\\/\\\/new.nailknowledge.org\\\/\",\"name\":\"NailKnowledge\",\"description\":\"\",\"publisher\":{\"@id\":\"https:\\\/\\\/new.nailknowledge.org\\\/#organization\"},\"potentialAction\":[{\"@type\":\"SearchAction\",\"target\":{\"@type\":\"EntryPoint\",\"urlTemplate\":\"https:\\\/\\\/new.nailknowledge.org\\\/?s={search_term_string}\"},\"query-input\":{\"@type\":\"PropertyValueSpecification\",\"valueRequired\":true,\"valueName\":\"search_term_string\"}}],\"inLanguage\":\"vi\"},{\"@type\":\"Organization\",\"@id\":\"https:\\\/\\\/new.nailknowledge.org\\\/#organization\",\"name\":\"NailKnowledge\",\"url\":\"https:\\\/\\\/new.nailknowledge.org\\\/\",\"logo\":{\"@type\":\"ImageObject\",\"inLanguage\":\"vi\",\"@id\":\"https:\\\/\\\/new.nailknowledge.org\\\/#\\\/schema\\\/logo\\\/image\\\/\",\"url\":\"https:\\\/\\\/nailknowledge.org\\\/wp-content\\\/uploads\\\/2026\\\/03\\\/KN-Logo-1.webp\",\"contentUrl\":\"https:\\\/\\\/nailknowledge.org\\\/wp-content\\\/uploads\\\/2026\\\/03\\\/KN-Logo-1.webp\",\"width\":542,\"height\":100,\"caption\":\"NailKnowledge\"},\"image\":{\"@id\":\"https:\\\/\\\/new.nailknowledge.org\\\/#\\\/schema\\\/logo\\\/image\\\/\"}}]}<\/script>\n<!-- \/ Yoast SEO plugin. -->","yoast_head_json":{"title":"Flexible Learning - NailKnowledge","robots":{"index":"index","follow":"follow","max-snippet":"max-snippet:-1","max-image-preview":"max-image-preview:large","max-video-preview":"max-video-preview:-1"},"canonical":"https:\/\/nailknowledge.org\/vi\/nail-knowledge-flexible-learning\/","og_locale":"vi_VN","og_type":"article","og_title":"Flexible Learning - NailKnowledge","og_description":"Flexible Learning Designed with modern life in mind.\u200b Our Essential Nail Professional Diploma is delivered in 16 bite-sized lessons, that you can watch and enjoy at your own pace, anyplace, anywhere and on any device. Anytime, Anywhere Complete our lessons on a schedule that suits you, with the ability to log on to the system [&hellip;]","og_url":"https:\/\/nailknowledge.org\/vi\/nail-knowledge-flexible-learning\/","og_site_name":"NailKnowledge","article_modified_time":"2020-12-30T13:44:58+00:00","og_image":[{"width":545,"height":295,"url":"https:\/\/nailknowledge.org\/wp-content\/uploads\/2023\/03\/image002.jpg","type":"image\/jpeg"}],"twitter_card":"summary_large_image","twitter_misc":{"\u01af\u1edbc t\u00ednh th\u1eddi gian \u0111\u1ecdc":"1 ph\u00fat"},"schema":{"@context":"https:\/\/schema.org","@graph":[{"@type":"WebPage","@id":"https:\/\/nailknowledge.org\/nail-knowledge-flexible-learning","url":"https:\/\/nailknowledge.org\/nail-knowledge-flexible-learning","name":"Flexible Learning - NailKnowledge","isPartOf":{"@id":"https:\/\/new.nailknowledge.org\/#website"},"primaryImageOfPage":{"@id":"https:\/\/nailknowledge.org\/nail-knowledge-flexible-learning#primaryimage"},"image":{"@id":"https:\/\/nailknowledge.org\/nail-knowledge-flexible-learning#primaryimage"},"thumbnailUrl":"https:\/\/nailknowledge.org\/wp-content\/uploads\/2020\/10\/Anywhere-Anytime.png","datePublished":"2020-10-21T08:08:36+00:00","dateModified":"2020-12-30T13:44:58+00:00","breadcrumb":{"@id":"https:\/\/nailknowledge.org\/nail-knowledge-flexible-learning#breadcrumb"},"inLanguage":"vi","potentialAction":[{"@type":"ReadAction","target":["https:\/\/nailknowledge.org\/nail-knowledge-flexible-learning"]}]},{"@type":"ImageObject","inLanguage":"vi","@id":"https:\/\/nailknowledge.org\/nail-knowledge-flexible-learning#primaryimage","url":"https:\/\/nailknowledge.org\/wp-content\/uploads\/2020\/10\/Anywhere-Anytime.png","contentUrl":"https:\/\/nailknowledge.org\/wp-content\/uploads\/2020\/10\/Anywhere-Anytime.png"},{"@type":"BreadcrumbList","@id":"https:\/\/nailknowledge.org\/nail-knowledge-flexible-learning#breadcrumb","itemListElement":[{"@type":"ListItem","position":1,"name":"Home","item":"https:\/\/nailknowledge.org\/"},{"@type":"ListItem","position":2,"name":"Flexible Learning"}]},{"@type":"WebSite","@id":"https:\/\/new.nailknowledge.org\/#website","url":"https:\/\/new.nailknowledge.org\/","name":"Ki\u1ebfn th\u1ee9c v\u1ec1 m\u00f3ng tay","description":"","publisher":{"@id":"https:\/\/new.nailknowledge.org\/#organization"},"potentialAction":[{"@type":"SearchAction","target":{"@type":"EntryPoint","urlTemplate":"https:\/\/new.nailknowledge.org\/?s={search_term_string}"},"query-input":{"@type":"PropertyValueSpecification","valueRequired":true,"valueName":"search_term_string"}}],"inLanguage":"vi"},{"@type":"Organization","@id":"https:\/\/new.nailknowledge.org\/#organization","name":"Ki\u1ebfn th\u1ee9c v\u1ec1 m\u00f3ng tay","url":"https:\/\/new.nailknowledge.org\/","logo":{"@type":"ImageObject","inLanguage":"vi","@id":"https:\/\/new.nailknowledge.org\/#\/schema\/logo\/image\/","url":"https:\/\/nailknowledge.org\/wp-content\/uploads\/2026\/03\/KN-Logo-1.webp","contentUrl":"https:\/\/nailknowledge.org\/wp-content\/uploads\/2026\/03\/KN-Logo-1.webp","width":542,"height":100,"caption":"NailKnowledge"},"image":{"@id":"https:\/\/new.nailknowledge.org\/#\/schema\/logo\/image\/"}}]}},"_links":{"self":[{"href":"https:\/\/nailknowledge.org\/vi\/wp-json\/wp\/v2\/pages\/29406","targetHints":{"allow":["GET"]}}],"collection":[{"href":"https:\/\/nailknowledge.org\/vi\/wp-json\/wp\/v2\/pages"}],"about":[{"href":"https:\/\/nailknowledge.org\/vi\/wp-json\/wp\/v2\/types\/page"}],"author":[{"embeddable":true,"href":"https:\/\/nailknowledge.org\/vi\/wp-json\/wp\/v2\/users\/2"}],"replies":[{"embeddable":true,"href":"https:\/\/nailknowledge.org\/vi\/wp-json\/wp\/v2\/comments?post=29406"}],"version-history":[{"count":0,"href":"https:\/\/nailknowledge.org\/vi\/wp-json\/wp\/v2\/pages\/29406\/revisions"}],"wp:attachment":[{"href":"https:\/\/nailknowledge.org\/vi\/wp-json\/wp\/v2\/media?parent=29406"}],"curies":[{"name":"wp","href":"https:\/\/api.w.org\/{rel}","templated":true}]}}