{"id":29594,"date":"2020-10-27T21:46:50","date_gmt":"2020-10-27T21:46:50","guid":{"rendered":"https:\/\/nailpedia.org\/?page_id=29594"},"modified":"2025-10-27T17:48:14","modified_gmt":"2025-10-27T17:48:14","slug":"chinh-sach-cookie","status":"publish","type":"page","link":"https:\/\/nailknowledge.org\/vi\/cookie-policy","title":{"rendered":"Ch\u00ednh s\u00e1ch Cookie"},"content":{"rendered":"<div class=\"wp-block-group container-max-width-1200\"><div class=\"wp-block-group__inner-container is-layout-constrained wp-block-group-is-layout-constrained\">\n<h2 class=\"wp-block-heading\">Ch\u00ednh s\u00e1ch Cookie<\/h2>\n\n\n\n<p>Ch\u00ednh s\u00e1ch Cookie n\u00e0y gi\u1ea3i th\u00edch c\u00e1ch NailKnowledge s\u1eed d\u1ee5ng cookie v\u00e0 c\u00e1c c\u00f4ng ngh\u1ec7 t\u01b0\u01a1ng t\u1ef1 \u0111\u1ec3 nh\u1eadn d\u1ea1ng b\u1ea1n khi b\u1ea1n truy c\u1eadp Trang web c\u1ee7a ch\u00fang t\u00f4i. Ch\u00ednh s\u00e1ch n\u00e0y gi\u1ea3i th\u00edch c\u00e1c c\u00f4ng ngh\u1ec7 n\u00e0y l\u00e0 g\u00ec v\u00e0 t\u1ea1i sao ch\u00fang t\u00f4i s\u1eed d\u1ee5ng ch\u00fang, c\u0169ng nh\u01b0 quy\u1ec1n c\u1ee7a b\u1ea1n trong vi\u1ec7c ki\u1ec3m so\u00e1t vi\u1ec7c ch\u00fang t\u00f4i s\u1eed d\u1ee5ng ch\u00fang.<\/p>\n\n\n\n<p><b>Cookie l\u00e0 g\u00ec?<\/b><\/p>\n\n\n\n<p>Cookie l\u00e0 m\u1ed9t t\u1ec7p nh\u1ecf ch\u1ee9a m\u1ed9t chu\u1ed7i k\u00fd t\u1ef1 \u0111\u01b0\u1ee3c g\u1eedi \u0111\u1ebfn m\u00e1y t\u00ednh c\u1ee7a b\u1ea1n khi b\u1ea1n truy c\u1eadp m\u1ed9t trang web. Khi b\u1ea1n truy c\u1eadp l\u1ea1i trang web, cookie cho ph\u00e9p trang web \u0111\u00f3 nh\u1eadn d\u1ea1ng tr\u00ecnh duy\u1ec7t c\u1ee7a b\u1ea1n. Cookie c\u00f3 th\u1ec3 l\u01b0u tr\u1eef t\u00f9y ch\u1ecdn c\u1ee7a ng\u01b0\u1eddi d\u00f9ng v\u00e0 th\u00f4ng tin kh\u00e1c.<br>Cookie cung c\u1ea5p m\u1ed9t t\u00ednh n\u0103ng ti\u1ec7n l\u1ee3i \u0111\u1ec3 ti\u1ebft ki\u1ec7m th\u1eddi gian cho b\u1ea1n ho\u1eb7c cho m\u00e1y ch\u1ee7 Web bi\u1ebft r\u1eb1ng b\u1ea1n \u0111\u00e3 quay l\u1ea1i m\u1ed9t trang c\u1ee5 th\u1ec3. V\u00ed d\u1ee5, n\u1ebfu b\u1ea1n c\u00e1 nh\u00e2n h\u00f3a c\u00e1c trang tr\u00ean Trang web c\u1ee7a ch\u00fang t\u00f4i ho\u1eb7c \u0111\u0103ng k\u00fd D\u1ecbch v\u1ee5 \u0110\u0103ng k\u00fd, cookie gi\u00fap ch\u00fang t\u00f4i nh\u1edb l\u1ea1i th\u00f4ng tin c\u1ee5 th\u1ec3 c\u1ee7a b\u1ea1n trong nh\u1eefng l\u1ea7n truy c\u1eadp sau. Khi b\u1ea1n quay l\u1ea1i c\u00f9ng m\u1ed9t Trang web, th\u00f4ng tin b\u1ea1n \u0111\u00e3 cung c\u1ea5p tr\u01b0\u1edbc \u0111\u00f3 c\u00f3 th\u1ec3 \u0111\u01b0\u1ee3c truy xu\u1ea5t, do \u0111\u00f3 b\u1ea1n c\u00f3 th\u1ec3 d\u1ec5 d\u00e0ng s\u1eed d\u1ee5ng c\u00e1c t\u00ednh n\u0103ng t\u00f9y ch\u1ec9nh.<br>Cookie do ch\u1ee7 s\u1edf h\u1eefu trang web \u0111\u1eb7t ra \u0111\u01b0\u1ee3c g\u1ecdi l\u00e0 &quot;cookie c\u1ee7a b\u00ean th\u1ee9 nh\u1ea5t&quot;. Cookie do c\u00e1c b\u00ean kh\u00e1c ngo\u00e0i ch\u1ee7 s\u1edf h\u1eefu trang web \u0111\u1eb7t ra \u0111\u01b0\u1ee3c g\u1ecdi l\u00e0 &quot;cookie c\u1ee7a b\u00ean th\u1ee9 ba&quot;. Cookie c\u1ee7a b\u00ean th\u1ee9 ba cho ph\u00e9p c\u00e1c t\u00ednh n\u0103ng ho\u1eb7c ch\u1ee9c n\u0103ng c\u1ee7a b\u00ean th\u1ee9 ba \u0111\u01b0\u1ee3c cung c\u1ea5p tr\u00ean ho\u1eb7c th\u00f4ng qua trang web (v\u00ed d\u1ee5 nh\u01b0 qu\u1ea3ng c\u00e1o, n\u1ed9i dung t\u01b0\u01a1ng t\u00e1c v\u00e0 ph\u00e2n t\u00edch). C\u00e1c b\u00ean \u0111\u1eb7t c\u00e1c cookie c\u1ee7a b\u00ean th\u1ee9 ba n\u00e0y c\u00f3 th\u1ec3 nh\u1eadn ra m\u00e1y t\u00ednh c\u1ee7a b\u1ea1n khi m\u00e1y t\u00ednh truy c\u1eadp trang web \u0111\u00f3 v\u00e0 khi m\u00e1y t\u00ednh truy c\u1eadp m\u1ed9t s\u1ed1 trang web kh\u00e1c.<\/p>\n\n\n\n<p><b>T\u1ea1i sao ch\u00fang t\u00f4i s\u1eed d\u1ee5ng cookie?<\/b><\/p>\n\n\n\n<p>Ch\u00fang t\u00f4i s\u1eed d\u1ee5ng cookie c\u1ee7a b\u00ean th\u1ee9 nh\u1ea5t v\u00e0 b\u00ean th\u1ee9 ba v\u00ec nhi\u1ec1u l\u00fd do. M\u1ed9t s\u1ed1 cookie l\u00e0 b\u1eaft bu\u1ed9c v\u00ec l\u00fd do k\u1ef9 thu\u1eadt \u0111\u1ec3 c\u00e1c Trang web c\u1ee7a ch\u00fang t\u00f4i ho\u1ea1t \u0111\u1ed9ng v\u00e0 ch\u00fang t\u00f4i g\u1ecdi nh\u1eefng cookie n\u00e0y l\u00e0 cookie &quot;thi\u1ebft y\u1ebfu&quot; ho\u1eb7c &quot;ho\u00e0n to\u00e0n c\u1ea7n thi\u1ebft&quot;. C\u00e1c cookie kh\u00e1c c\u0169ng cho ph\u00e9p ch\u00fang t\u00f4i theo d\u00f5i v\u00e0 nh\u1eafm m\u1ee5c ti\u00eau v\u00e0o s\u1edf th\u00edch c\u1ee7a ng\u01b0\u1eddi d\u00f9ng \u0111\u1ec3 n\u00e2ng cao tr\u1ea3i nghi\u1ec7m tr\u00ean c\u00e1c Trang web v\u00e0 D\u1ecbch v\u1ee5 \u0110\u0103ng k\u00fd c\u1ee7a ch\u00fang t\u00f4i. V\u00ed d\u1ee5: ch\u00fang t\u00f4i theo d\u00f5i c\u00e1c Trang web v\u00e0 trang b\u1ea1n truy c\u1eadp trong klood.com, \u0111\u1ec3 x\u00e1c \u0111\u1ecbnh ph\u1ea7n n\u00e0o c\u1ee7a Trang web l\u00e0 ph\u1ed5 bi\u1ebfn nh\u1ea5t ho\u1eb7c \u0111\u01b0\u1ee3c s\u1eed d\u1ee5ng nhi\u1ec1u nh\u1ea5t. D\u1eef li\u1ec7u n\u00e0y \u0111\u01b0\u1ee3c s\u1eed d\u1ee5ng \u0111\u1ec3 cung c\u1ea5p n\u1ed9i dung v\u00e0 ch\u01b0\u01a1ng tr\u00ecnh khuy\u1ebfn m\u1ea1i t\u00f9y ch\u1ec9nh trong Trang web cho nh\u1eefng kh\u00e1ch truy c\u1eadp c\u00f3 h\u00e0nh vi cho th\u1ea5y h\u1ecd quan t\u00e2m \u0111\u1ebfn m\u1ed9t l\u0129nh v\u1ef1c ch\u1ee7 \u0111\u1ec1 c\u1ee5 th\u1ec3. C\u00e1c b\u00ean th\u1ee9 ba cung c\u1ea5p cookie th\u00f4ng qua c\u00e1c Trang web c\u1ee7a ch\u00fang t\u00f4i cho m\u1ee5c \u0111\u00edch qu\u1ea3ng c\u00e1o, ph\u00e2n t\u00edch v\u00e0 c\u00e1c m\u1ee5c \u0111\u00edch kh\u00e1c. \u0110i\u1ec1u n\u00e0y \u0111\u01b0\u1ee3c m\u00f4 t\u1ea3 chi ti\u1ebft h\u01a1n b\u00ean d\u01b0\u1edbi.<br>Ch\u00fang t\u00f4i s\u1eed d\u1ee5ng nh\u1eefng lo\u1ea1i cookie n\u00e0o v\u00e0 s\u1eed d\u1ee5ng ch\u00fang nh\u01b0 th\u1ebf n\u00e0o?<br>C\u00e1c lo\u1ea1i cookie c\u1ee5 th\u1ec3 c\u1ee7a b\u00ean th\u1ee9 nh\u1ea5t v\u00e0 b\u00ean th\u1ee9 ba \u0111\u01b0\u1ee3c cung c\u1ea5p th\u00f4ng qua Trang web c\u1ee7a ch\u00fang t\u00f4i v\u00e0 m\u1ee5c \u0111\u00edch ch\u00fang th\u1ef1c hi\u1ec7n bao g\u1ed3m:<br>Cookie trang web c\u1ea7n thi\u1ebft: Nh\u1eefng cookie n\u00e0y ho\u00e0n to\u00e0n c\u1ea7n thi\u1ebft \u0111\u1ec3 cung c\u1ea5p cho b\u1ea1n c\u00e1c d\u1ecbch v\u1ee5 c\u00f3 s\u1eb5n th\u00f4ng qua Trang web, D\u1ecbch v\u1ee5 \u0111\u0103ng k\u00fd v\u00e0 \u1ee8ng d\u1ee5ng di \u0111\u1ed9ng c\u1ee7a ch\u00fang t\u00f4i v\u00e0 \u0111\u1ec3 s\u1eed d\u1ee5ng m\u1ed9t s\u1ed1 t\u00ednh n\u0103ng c\u1ee7a ch\u00fang, ch\u1eb3ng h\u1ea1n nh\u01b0 truy c\u1eadp v\u00e0o c\u00e1c khu v\u1ef1c an to\u00e0n.<br>Cookie hi\u1ec7u su\u1ea5t v\u00e0 ch\u1ee9c n\u0103ng: C\u00e1c cookie n\u00e0y \u0111\u01b0\u1ee3c s\u1eed d\u1ee5ng \u0111\u1ec3 n\u00e2ng cao hi\u1ec7u su\u1ea5t v\u00e0 ch\u1ee9c n\u0103ng c\u1ee7a c\u00e1c Trang web, D\u1ecbch v\u1ee5 \u0111\u0103ng k\u00fd v\u00e0 \u1ee8ng d\u1ee5ng di \u0111\u1ed9ng c\u1ee7a ch\u00fang t\u00f4i nh\u01b0ng kh\u00f4ng c\u1ea7n thi\u1ebft cho vi\u1ec7c s\u1eed d\u1ee5ng ch\u00fang. Tuy nhi\u00ean, n\u1ebfu kh\u00f4ng c\u00f3 c\u00e1c cookie n\u00e0y, m\u1ed9t s\u1ed1 ch\u1ee9c n\u0103ng nh\u1ea5t \u0111\u1ecbnh c\u00f3 th\u1ec3 kh\u00f4ng kh\u1ea3 d\u1ee5ng.<br>Cookie ph\u00e2n t\u00edch v\u00e0 t\u00f9y ch\u1ec9nh: C\u00e1c cookie n\u00e0y thu th\u1eadp th\u00f4ng tin \u0111\u01b0\u1ee3c s\u1eed d\u1ee5ng d\u01b0\u1edbi d\u1ea1ng t\u1ed5ng h\u1ee3p \u0111\u1ec3 gi\u00fap ch\u00fang t\u00f4i hi\u1ec3u c\u00e1ch c\u00e1c Trang web, D\u1ecbch v\u1ee5 \u0111\u0103ng k\u00fd v\u00e0 \u1ee8ng d\u1ee5ng di \u0111\u1ed9ng c\u1ee7a ch\u00fang t\u00f4i \u0111\u01b0\u1ee3c s\u1eed d\u1ee5ng ho\u1eb7c hi\u1ec7u qu\u1ea3 c\u1ee7a c\u00e1c chi\u1ebfn d\u1ecbch ti\u1ebfp th\u1ecb c\u1ee7a ch\u00fang t\u00f4i, ho\u1eb7c \u0111\u1ec3 gi\u00fap ch\u00fang t\u00f4i t\u00f9y ch\u1ec9nh Trang web c\u1ee7a m\u00ecnh cho b\u1ea1n.<br>Cookie qu\u1ea3ng c\u00e1o: Nh\u1eefng cookie n\u00e0y \u0111\u01b0\u1ee3c s\u1eed d\u1ee5ng \u0111\u1ec3 l\u00e0m cho c\u00e1c th\u00f4ng \u0111i\u1ec7p qu\u1ea3ng c\u00e1o ph\u00f9 h\u1ee3p h\u01a1n v\u1edbi b\u1ea1n. Ch\u00fang th\u1ef1c hi\u1ec7n c\u00e1c ch\u1ee9c n\u0103ng nh\u01b0 ng\u0103n ch\u1eb7n c\u00f9ng m\u1ed9t qu\u1ea3ng c\u00e1o li\u00ean t\u1ee5c xu\u1ea5t hi\u1ec7n l\u1ea1i, \u0111\u1ea3m b\u1ea3o r\u1eb1ng qu\u1ea3ng c\u00e1o \u0111\u01b0\u1ee3c hi\u1ec3n th\u1ecb \u0111\u00fang cho c\u00e1c nh\u00e0 qu\u1ea3ng c\u00e1o v\u00e0 trong m\u1ed9t s\u1ed1 tr\u01b0\u1eddng h\u1ee3p, ch\u1ecdn qu\u1ea3ng c\u00e1o d\u1ef1a tr\u00ean s\u1edf th\u00edch c\u1ee7a b\u1ea1n.<br>Cookie m\u1ea1ng x\u00e3 h\u1ed9i: Nh\u1eefng cookie n\u00e0y \u0111\u01b0\u1ee3c s\u1eed d\u1ee5ng \u0111\u1ec3 cho ph\u00e9p b\u1ea1n chia s\u1ebb c\u00e1c trang v\u00e0 n\u1ed9i dung m\u00e0 b\u1ea1n th\u1ea5y th\u00fa v\u1ecb tr\u00ean c\u00e1c Trang web, D\u1ecbch v\u1ee5 \u0111\u0103ng k\u00fd ho\u1eb7c \u1ee8ng d\u1ee5ng di \u0111\u1ed9ng c\u1ee7a ch\u00fang t\u00f4i th\u00f4ng qua m\u1ea1ng x\u00e3 h\u1ed9i c\u1ee7a b\u00ean th\u1ee9 ba v\u00e0 c\u00e1c trang web kh\u00e1c. Nh\u1eefng cookie n\u00e0y c\u0169ng c\u00f3 th\u1ec3 \u0111\u01b0\u1ee3c s\u1eed d\u1ee5ng cho m\u1ee5c \u0111\u00edch qu\u1ea3ng c\u00e1o.<\/p>\n\n\n\n<p><b style=\"font-style: inherit;\">T\u00f4i c\u00f3 th\u1ec3 ki\u1ec3m so\u00e1t cookie nh\u01b0 th\u1ebf n\u00e0o?<\/b><\/p>\n\n\n\n<p>B\u1ea1n c\u00f3 quy\u1ec1n quy\u1ebft \u0111\u1ecbnh ch\u1ea5p nh\u1eadn hay t\u1eeb ch\u1ed1i cookie. B\u1ea1n c\u00f3 th\u1ec3 th\u1ef1c hi\u1ec7n t\u00f9y ch\u1ecdn cookie c\u1ee7a m\u00ecnh b\u1eb1ng c\u00e1ch nh\u1ea5p v\u00e0o c\u00e1c li\u00ean k\u1ebft t\u1eeb ch\u1ed1i th\u00edch h\u1ee3p \u0111\u01b0\u1ee3c cung c\u1ea5p b\u00ean d\u01b0\u1edbi.<br>B\u1ea1n c\u00f3 th\u1ec3 thi\u1ebft l\u1eadp ho\u1eb7c s\u1eeda \u0111\u1ed5i c\u00e1c \u0111i\u1ec1u khi\u1ec3n tr\u00ecnh duy\u1ec7t web c\u1ee7a m\u00ecnh \u0111\u1ec3 ch\u1ea5p nh\u1eadn ho\u1eb7c t\u1eeb ch\u1ed1i cookie. N\u1ebfu b\u1ea1n ch\u1ecdn t\u1eeb ch\u1ed1i cookie, b\u1ea1n v\u1eabn c\u00f3 th\u1ec3 s\u1eed d\u1ee5ng trang web c\u1ee7a ch\u00fang t\u00f4i m\u1eb7c d\u00f9 quy\u1ec1n truy c\u1eadp c\u1ee7a b\u1ea1n v\u00e0o m\u1ed9t s\u1ed1 ch\u1ee9c n\u0103ng v\u00e0 khu v\u1ef1c tr\u00ean trang web c\u1ee7a ch\u00fang t\u00f4i c\u00f3 th\u1ec3 b\u1ecb h\u1ea1n ch\u1ebf. V\u00ec ph\u01b0\u01a1ng ti\u1ec7n m\u00e0 b\u1ea1n c\u00f3 th\u1ec3 t\u1eeb ch\u1ed1i cookie th\u00f4ng qua c\u00e1c \u0111i\u1ec1u khi\u1ec3n tr\u00ecnh duy\u1ec7t web c\u1ee7a m\u00ecnh kh\u00e1c nhau t\u00f9y theo t\u1eebng tr\u00ecnh duy\u1ec7t, b\u1ea1n n\u00ean truy c\u1eadp menu tr\u1ee3 gi\u00fap c\u1ee7a tr\u00ecnh duy\u1ec7t \u0111\u1ec3 bi\u1ebft th\u00eam th\u00f4ng tin.<br>Ngo\u00e0i ra, h\u1ea7u h\u1ebft c\u00e1c m\u1ea1ng qu\u1ea3ng c\u00e1o \u0111\u1ec1u cung c\u1ea5p cho b\u1ea1n c\u00e1ch \u0111\u1ec3 t\u1eeb ch\u1ed1i qu\u1ea3ng c\u00e1o nh\u1eafm m\u1ee5c ti\u00eau. N\u1ebfu b\u1ea1n mu\u1ed1n t\u00ecm hi\u1ec3u th\u00eam th\u00f4ng tin, vui l\u00f2ng truy c\u1eadp http:\/\/www.aboutads.info\/choices\/ ho\u1eb7c http:\/\/www.youronlinechoices.com. B\u1ea1n c\u00f3 th\u1ec3 t\u1eeb ch\u1ed1i b\u1eb1ng c\u00e1ch nh\u1ea5p v\u00e0o \u0111\u00e2y: http:\/\/preferences.truste.com\/ (ho\u1eb7c n\u1ebfu \u1edf Li\u00ean minh Ch\u00e2u \u00c2u, h\u00e3y nh\u1ea5p v\u00e0o \u0111\u00e2y: http:\/\/www.youronlinechoices.eu\/). Xin l\u01b0u \u00fd r\u1eb1ng \u0111i\u1ec1u n\u00e0y kh\u00f4ng gi\u00fap b\u1ea1n t\u1eeb ch\u1ed1i nh\u1eadn qu\u1ea3ng c\u00e1o. B\u1ea1n s\u1ebd ti\u1ebfp t\u1ee5c nh\u1eadn \u0111\u01b0\u1ee3c qu\u1ea3ng c\u00e1o chung.<br>Cookie trang web thi\u1ebft y\u1ebfu: V\u00ec nh\u1eefng cookie n\u00e0y ho\u00e0n to\u00e0n c\u1ea7n thi\u1ebft \u0111\u1ec3 cung c\u1ea5p Trang web cho b\u1ea1n, b\u1ea1n kh\u00f4ng th\u1ec3 t\u1eeb ch\u1ed1i ch\u00fang. Tuy nhi\u00ean, b\u1ea1n c\u00f3 th\u1ec3 ch\u1eb7n ho\u1eb7c x\u00f3a ch\u00fang b\u1eb1ng c\u00e1ch thay \u0111\u1ed5i c\u00e0i \u0111\u1eb7t tr\u00ecnh duy\u1ec7t c\u1ee7a m\u00ecnh, nh\u01b0 \u0111\u00e3 m\u00f4 t\u1ea3 \u1edf tr\u00ean.<\/p>\n\n\n\n<p><b>B\u1ea1n c\u00f3 ph\u1ee5c v\u1ee5 qu\u1ea3ng c\u00e1o c\u00f3 m\u1ee5c ti\u00eau kh\u00f4ng?<\/b><\/p>\n\n\n\n<p>B\u00ean th\u1ee9 ba c\u00f3 th\u1ec3 ph\u1ee5c v\u1ee5 cookie tr\u00ean m\u00e1y t\u00ednh ho\u1eb7c thi\u1ebft b\u1ecb di \u0111\u1ed9ng c\u1ee7a b\u1ea1n \u0111\u1ec3 ph\u1ee5c v\u1ee5 qu\u1ea3ng c\u00e1o th\u00f4ng qua c\u00e1c Trang web c\u1ee7a ch\u00fang t\u00f4i. C\u00e1c c\u00f4ng ty n\u00e0y c\u00f3 th\u1ec3 s\u1eed d\u1ee5ng th\u00f4ng tin v\u1ec1 c\u00e1c l\u1ea7n b\u1ea1n truy c\u1eadp v\u00e0o trang web n\u00e0y v\u00e0 c\u00e1c trang web kh\u00e1c \u0111\u1ec3 cung c\u1ea5p c\u00e1c qu\u1ea3ng c\u00e1o c\u00f3 li\u00ean quan v\u1ec1 h\u00e0ng h\u00f3a v\u00e0 d\u1ecbch v\u1ee5 m\u00e0 b\u1ea1n c\u00f3 th\u1ec3 quan t\u00e2m. H\u1ecd c\u0169ng c\u00f3 th\u1ec3 s\u1eed d\u1ee5ng c\u00f4ng ngh\u1ec7 \u0111\u01b0\u1ee3c s\u1eed d\u1ee5ng \u0111\u1ec3 \u0111o l\u01b0\u1eddng hi\u1ec7u qu\u1ea3 c\u1ee7a qu\u1ea3ng c\u00e1o. \u0110i\u1ec1u n\u00e0y c\u00f3 th\u1ec3 \u0111\u01b0\u1ee3c th\u1ef1c hi\u1ec7n b\u1eb1ng c\u00e1ch h\u1ecd s\u1eed d\u1ee5ng cookie ho\u1eb7c \u0111\u00e8n hi\u1ec7u web \u0111\u1ec3 thu th\u1eadp th\u00f4ng tin v\u1ec1 c\u00e1c l\u1ea7n b\u1ea1n truy c\u1eadp v\u00e0o trang web n\u00e0y v\u00e0 c\u00e1c trang web kh\u00e1c \u0111\u1ec3 cung c\u1ea5p c\u00e1c qu\u1ea3ng c\u00e1o c\u00f3 li\u00ean quan v\u1ec1 h\u00e0ng h\u00f3a v\u00e0 d\u1ecbch v\u1ee5 m\u00e0 b\u1ea1n c\u00f3 th\u1ec3 quan t\u00e2m. Th\u00f4ng tin \u0111\u01b0\u1ee3c thu th\u1eadp th\u00f4ng qua quy tr\u00ecnh n\u00e0y kh\u00f4ng cho ph\u00e9p ch\u00fang t\u00f4i ho\u1eb7c h\u1ecd x\u00e1c \u0111\u1ecbnh t\u00ean, th\u00f4ng tin li\u00ean h\u1ec7 ho\u1eb7c c\u00e1c th\u00f4ng tin nh\u1eadn d\u1ea1ng c\u00e1 nh\u00e2n kh\u00e1c c\u1ee7a b\u1ea1n tr\u1eeb khi b\u1ea1n ch\u1ecdn cung c\u1ea5p nh\u1eefng th\u00f4ng tin n\u00e0y.<\/p>\n\n\n\n<p><b>B\u1ea1n s\u1ebd c\u1eadp nh\u1eadt Ch\u00ednh s\u00e1ch Cookie n\u00e0y th\u01b0\u1eddng xuy\u00ean nh\u01b0 th\u1ebf n\u00e0o?<\/b><\/p>\n\n\n\n<p>Ch\u00fang t\u00f4i c\u00f3 th\u1ec3 c\u1eadp nh\u1eadt Ch\u00ednh s\u00e1ch Cookie n\u00e0y theo th\u1eddi gian \u0111\u1ec3 ph\u1ea3n \u00e1nh, v\u00ed d\u1ee5, nh\u1eefng thay \u0111\u1ed5i \u0111\u1ed1i v\u1edbi cookie m\u00e0 ch\u00fang t\u00f4i s\u1eed d\u1ee5ng ho\u1eb7c v\u00ec nh\u1eefng l\u00fd do ho\u1ea1t \u0111\u1ed9ng, ph\u00e1p l\u00fd ho\u1eb7c quy \u0111\u1ecbnh kh\u00e1c. Do \u0111\u00f3, vui l\u00f2ng truy c\u1eadp l\u1ea1i Ch\u00ednh s\u00e1ch Cookie n\u00e0y th\u01b0\u1eddng xuy\u00ean \u0111\u1ec3 c\u1eadp nh\u1eadt th\u00f4ng tin v\u1ec1 vi\u1ec7c ch\u00fang t\u00f4i s\u1eed d\u1ee5ng cookie v\u00e0 c\u00e1c c\u00f4ng ngh\u1ec7 li\u00ean quan.<\/p>\n\n\n\n<p><b>T\u00f4i c\u00f3 th\u1ec3 t\u00ecm th\u00eam th\u00f4ng tin \u1edf \u0111\u00e2u?<\/b><\/p>\n\n\n\n<p>N\u1ebfu b\u1ea1n c\u00f3 b\u1ea5t k\u1ef3 c\u00e2u h\u1ecfi n\u00e0o v\u1ec1 vi\u1ec7c ch\u00fang t\u00f4i s\u1eed d\u1ee5ng cookie ho\u1eb7c c\u00e1c c\u00f4ng ngh\u1ec7 kh\u00e1c, vui l\u00f2ng g\u1eedi email cho ch\u00fang t\u00f4i theo \u0111\u1ecba ch\u1ec9 info@nailknowledge.org<\/p>\n<\/div><\/div>","protected":false},"excerpt":{"rendered":"<p>Cookie Policy This Cookie Policy explains how NailKnowledge uses cookies and similar technologies to recognise you when you visit our Website. It explains what these technologies are and why we use them, as well as your rights to control our use of them. What are cookies? A cookie is a small file containing a string [&hellip;]<\/p>\n","protected":false},"author":2,"featured_media":0,"parent":0,"menu_order":0,"comment_status":"closed","ping_status":"closed","template":"","meta":{"_genesis_hide_title":false,"_genesis_hide_breadcrumbs":false,"_genesis_hide_singular_image":false,"_genesis_hide_footer_widgets":false,"_genesis_custom_body_class":"","_genesis_custom_post_class":"","_genesis_layout":"","footnotes":""},"class_list":{"0":"post-29594","1":"page","2":"type-page","3":"status-publish","5":"entry"},"yoast_head":"<!-- This site is optimized with the Yoast SEO plugin v27.3 - https:\/\/yoast.com\/product\/yoast-seo-wordpress\/ -->\n<title>Cookie Policy - NailKnowledge<\/title>\n<meta name=\"robots\" content=\"index, follow, max-snippet:-1, max-image-preview:large, max-video-preview:-1\" \/>\n<link rel=\"canonical\" href=\"https:\/\/nailknowledge.org\/vi\/chinh-sach-cookie\/\" \/>\n<meta property=\"og:locale\" content=\"vi_VN\" \/>\n<meta property=\"og:type\" content=\"article\" \/>\n<meta property=\"og:title\" content=\"Cookie Policy - NailKnowledge\" \/>\n<meta property=\"og:description\" content=\"Cookie Policy This Cookie Policy explains how NailKnowledge uses cookies and similar technologies to recognise you when you visit our Website. It explains what these technologies are and why we use them, as well as your rights to control our use of them. What are cookies? A cookie is a small file containing a string [&hellip;]\" \/>\n<meta property=\"og:url\" content=\"https:\/\/nailknowledge.org\/vi\/chinh-sach-cookie\/\" \/>\n<meta property=\"og:site_name\" content=\"NailKnowledge\" \/>\n<meta property=\"article:modified_time\" content=\"2025-10-27T17:48:14+00:00\" \/>\n<meta name=\"twitter:card\" content=\"summary_large_image\" \/>\n<meta name=\"twitter:label1\" content=\"\u01af\u1edbc t\u00ednh th\u1eddi gian \u0111\u1ecdc\" \/>\n\t<meta name=\"twitter:data1\" content=\"5 ph\u00fat\" \/>\n<script type=\"application\/ld+json\" class=\"yoast-schema-graph\">{\"@context\":\"https:\\\/\\\/schema.org\",\"@graph\":[{\"@type\":\"WebPage\",\"@id\":\"https:\\\/\\\/nailknowledge.org\\\/cookie-policy\",\"url\":\"https:\\\/\\\/nailknowledge.org\\\/cookie-policy\",\"name\":\"Cookie Policy - NailKnowledge\",\"isPartOf\":{\"@id\":\"https:\\\/\\\/new.nailknowledge.org\\\/#website\"},\"datePublished\":\"2020-10-27T21:46:50+00:00\",\"dateModified\":\"2025-10-27T17:48:14+00:00\",\"breadcrumb\":{\"@id\":\"https:\\\/\\\/nailknowledge.org\\\/cookie-policy#breadcrumb\"},\"inLanguage\":\"vi\",\"potentialAction\":[{\"@type\":\"ReadAction\",\"target\":[\"https:\\\/\\\/nailknowledge.org\\\/cookie-policy\"]}]},{\"@type\":\"BreadcrumbList\",\"@id\":\"https:\\\/\\\/nailknowledge.org\\\/cookie-policy#breadcrumb\",\"itemListElement\":[{\"@type\":\"ListItem\",\"position\":1,\"name\":\"Home\",\"item\":\"https:\\\/\\\/nailknowledge.org\\\/\"},{\"@type\":\"ListItem\",\"position\":2,\"name\":\"Cookie Policy\"}]},{\"@type\":\"WebSite\",\"@id\":\"https:\\\/\\\/new.nailknowledge.org\\\/#website\",\"url\":\"https:\\\/\\\/new.nailknowledge.org\\\/\",\"name\":\"NailKnowledge\",\"description\":\"\",\"publisher\":{\"@id\":\"https:\\\/\\\/new.nailknowledge.org\\\/#organization\"},\"potentialAction\":[{\"@type\":\"SearchAction\",\"target\":{\"@type\":\"EntryPoint\",\"urlTemplate\":\"https:\\\/\\\/new.nailknowledge.org\\\/?s={search_term_string}\"},\"query-input\":{\"@type\":\"PropertyValueSpecification\",\"valueRequired\":true,\"valueName\":\"search_term_string\"}}],\"inLanguage\":\"vi\"},{\"@type\":\"Organization\",\"@id\":\"https:\\\/\\\/new.nailknowledge.org\\\/#organization\",\"name\":\"NailKnowledge\",\"url\":\"https:\\\/\\\/new.nailknowledge.org\\\/\",\"logo\":{\"@type\":\"ImageObject\",\"inLanguage\":\"vi\",\"@id\":\"https:\\\/\\\/new.nailknowledge.org\\\/#\\\/schema\\\/logo\\\/image\\\/\",\"url\":\"https:\\\/\\\/nailknowledge.org\\\/wp-content\\\/uploads\\\/2026\\\/03\\\/KN-Logo-1.webp\",\"contentUrl\":\"https:\\\/\\\/nailknowledge.org\\\/wp-content\\\/uploads\\\/2026\\\/03\\\/KN-Logo-1.webp\",\"width\":542,\"height\":100,\"caption\":\"NailKnowledge\"},\"image\":{\"@id\":\"https:\\\/\\\/new.nailknowledge.org\\\/#\\\/schema\\\/logo\\\/image\\\/\"}}]}<\/script>\n<!-- \/ Yoast SEO plugin. -->","yoast_head_json":{"title":"Ch\u00ednh s\u00e1ch Cookie - NailKnowledge","robots":{"index":"index","follow":"follow","max-snippet":"max-snippet:-1","max-image-preview":"max-image-preview:large","max-video-preview":"max-video-preview:-1"},"canonical":"https:\/\/nailknowledge.org\/vi\/chinh-sach-cookie\/","og_locale":"vi_VN","og_type":"article","og_title":"Cookie Policy - NailKnowledge","og_description":"Cookie Policy This Cookie Policy explains how NailKnowledge uses cookies and similar technologies to recognise you when you visit our Website. It explains what these technologies are and why we use them, as well as your rights to control our use of them. What are cookies? A cookie is a small file containing a string [&hellip;]","og_url":"https:\/\/nailknowledge.org\/vi\/chinh-sach-cookie\/","og_site_name":"NailKnowledge","article_modified_time":"2025-10-27T17:48:14+00:00","twitter_card":"summary_large_image","twitter_misc":{"\u01af\u1edbc t\u00ednh th\u1eddi gian \u0111\u1ecdc":"5 ph\u00fat"},"schema":{"@context":"https:\/\/schema.org","@graph":[{"@type":"WebPage","@id":"https:\/\/nailknowledge.org\/cookie-policy","url":"https:\/\/nailknowledge.org\/cookie-policy","name":"Ch\u00ednh s\u00e1ch Cookie - NailKnowledge","isPartOf":{"@id":"https:\/\/new.nailknowledge.org\/#website"},"datePublished":"2020-10-27T21:46:50+00:00","dateModified":"2025-10-27T17:48:14+00:00","breadcrumb":{"@id":"https:\/\/nailknowledge.org\/cookie-policy#breadcrumb"},"inLanguage":"vi","potentialAction":[{"@type":"ReadAction","target":["https:\/\/nailknowledge.org\/cookie-policy"]}]},{"@type":"BreadcrumbList","@id":"https:\/\/nailknowledge.org\/cookie-policy#breadcrumb","itemListElement":[{"@type":"ListItem","position":1,"name":"Home","item":"https:\/\/nailknowledge.org\/"},{"@type":"ListItem","position":2,"name":"Cookie Policy"}]},{"@type":"WebSite","@id":"https:\/\/new.nailknowledge.org\/#website","url":"https:\/\/new.nailknowledge.org\/","name":"Ki\u1ebfn th\u1ee9c v\u1ec1 m\u00f3ng tay","description":"","publisher":{"@id":"https:\/\/new.nailknowledge.org\/#organization"},"potentialAction":[{"@type":"SearchAction","target":{"@type":"EntryPoint","urlTemplate":"https:\/\/new.nailknowledge.org\/?s={search_term_string}"},"query-input":{"@type":"PropertyValueSpecification","valueRequired":true,"valueName":"search_term_string"}}],"inLanguage":"vi"},{"@type":"Organization","@id":"https:\/\/new.nailknowledge.org\/#organization","name":"Ki\u1ebfn th\u1ee9c v\u1ec1 m\u00f3ng tay","url":"https:\/\/new.nailknowledge.org\/","logo":{"@type":"ImageObject","inLanguage":"vi","@id":"https:\/\/new.nailknowledge.org\/#\/schema\/logo\/image\/","url":"https:\/\/nailknowledge.org\/wp-content\/uploads\/2026\/03\/KN-Logo-1.webp","contentUrl":"https:\/\/nailknowledge.org\/wp-content\/uploads\/2026\/03\/KN-Logo-1.webp","width":542,"height":100,"caption":"NailKnowledge"},"image":{"@id":"https:\/\/new.nailknowledge.org\/#\/schema\/logo\/image\/"}}]}},"_links":{"self":[{"href":"https:\/\/nailknowledge.org\/vi\/wp-json\/wp\/v2\/pages\/29594","targetHints":{"allow":["GET"]}}],"collection":[{"href":"https:\/\/nailknowledge.org\/vi\/wp-json\/wp\/v2\/pages"}],"about":[{"href":"https:\/\/nailknowledge.org\/vi\/wp-json\/wp\/v2\/types\/page"}],"author":[{"embeddable":true,"href":"https:\/\/nailknowledge.org\/vi\/wp-json\/wp\/v2\/users\/2"}],"replies":[{"embeddable":true,"href":"https:\/\/nailknowledge.org\/vi\/wp-json\/wp\/v2\/comments?post=29594"}],"version-history":[{"count":2,"href":"https:\/\/nailknowledge.org\/vi\/wp-json\/wp\/v2\/pages\/29594\/revisions"}],"predecessor-version":[{"id":148110,"href":"https:\/\/nailknowledge.org\/vi\/wp-json\/wp\/v2\/pages\/29594\/revisions\/148110"}],"wp:attachment":[{"href":"https:\/\/nailknowledge.org\/vi\/wp-json\/wp\/v2\/media?parent=29594"}],"curies":[{"name":"wp","href":"https:\/\/api.w.org\/{rel}","templated":true}]}}