{"id":29601,"date":"2020-10-27T21:53:45","date_gmt":"2020-10-27T21:53:45","guid":{"rendered":"https:\/\/nailpedia.org\/?page_id=29601"},"modified":"2024-01-23T18:42:17","modified_gmt":"2024-01-23T18:42:17","slug":"chuyen-gia-nailknowledge-marian-newman","status":"publish","type":"page","link":"https:\/\/nailknowledge.org\/vi\/nailknowledge-expert-marian-newman","title":{"rendered":"Marian Newman"},"content":{"rendered":"<div style=\"height:39px\" aria-hidden=\"true\" class=\"wp-block-spacer\"><\/div>\n\n\n\n<h1 class=\"wp-block-heading has-text-align-center\">Marian Newman, BEM<\/h1>\n\n\n\n<h3 class=\"wp-block-heading has-text-align-center\">Chuy\u00ean gia l\u00e0m m\u00f3ng, t\u00e1c gi\u1ea3 v\u00e0 nh\u00e0 gi\u00e1o d\u1ee5c<\/h3>\n\n\n\n<div style=\"height:39px\" aria-hidden=\"true\" class=\"wp-block-spacer\"><\/div>\n\n\n\n<div class=\"wp-block-group\"><div class=\"wp-block-group__inner-container is-layout-constrained wp-block-group-is-layout-constrained\">\n<div class=\"wp-block-group mx-auto container-max-width-1200\"><div class=\"wp-block-group__inner-container is-layout-constrained wp-block-group-is-layout-constrained\"><div class=\"wp-block-image\">\n<figure class=\"alignleft size-woocommerce_single is-resized\"><img loading=\"eager\" fetchpriority=\"high\" decoding=\"async\" width=\"600\" height=\"801\" src=\"https:\/\/nailknowledge.org\/wp-content\/uploads\/2020\/01\/marian-newman-600x801.jpg\" alt=\"m\u00f3ng tay marian newman\" class=\"wp-image-25182\" style=\"object-fit:cover;width:507px;height:auto\" srcset=\"https:\/\/nailknowledge.org\/wp-content\/uploads\/2020\/01\/marian-newman-600x801.jpg 600w, https:\/\/nailknowledge.org\/wp-content\/uploads\/2020\/01\/marian-newman-225x300.jpg 225w, https:\/\/nailknowledge.org\/wp-content\/uploads\/2020\/01\/marian-newman-75x100.jpg 75w, https:\/\/nailknowledge.org\/wp-content\/uploads\/2020\/01\/marian-newman.jpg 749w\" sizes=\"auto, (max-width: 600px) 100vw, 600px\" \/><\/figure>\n<\/div>\n\n\n<p>Marian \u0111\u00e3 l\u00e0m vi\u1ec7c trong m\u1ecdi kh\u00eda c\u1ea1nh c\u1ee7a ng\u00e0nh l\u00e0m m\u00f3ng k\u1ec3 t\u1eeb khi m\u1edf m\u1ed9t ti\u1ec7m l\u00e0m m\u00f3ng v\u00e0o n\u0103m 1987. L\u00e0 m\u1ed9t t\u00e1c gi\u1ea3, gi\u00e1o vi\u00ean, nh\u00e0 \u0111\u00e0o t\u1ea1o v\u1ec1 th\u01b0\u01a1ng hi\u1ec7u, b\u00e0 \u0111\u01b0\u1ee3c coi l\u00e0 m\u1ed9t trong nh\u1eefng chuy\u00ean gia l\u00e0m m\u00f3ng h\u00e0ng \u0111\u1ea7u th\u1ebf gi\u1edbi, v\u1edbi nhi\u1ec1u n\u0103m kinh nghi\u1ec7m l\u00e0m vi\u1ec7c v\u1edbi m\u1ed9t s\u1ed1 nh\u00e0 thi\u1ebft k\u1ebf h\u00e0ng \u0111\u1ea7u th\u1ebf gi\u1edbi, c\u0169ng nh\u01b0 c\u00e1c bu\u1ed5i tr\u00ecnh di\u1ec5n th\u1eddi trang \u1edf London, New York, Milan v\u00e0 Paris.<\/p>\n\n\n\n<p>V\u1edbi h\u01a1n 70 l\u1ea7n xu\u1ea5t hi\u1ec7n tr\u00ean trang b\u00eca t\u1ea1p ch\u00ed Vogue Anh, Marian l\u00e0 m\u1ed9t trong s\u1ed1 \u00edt chuy\u00ean gia l\u00e0m m\u00f3ng c\u00f3 t\u00e1c ph\u1ea9m \u0111\u01b0\u1ee3c xu\u1ea5t hi\u1ec7n h\u1ea7u nh\u01b0 h\u00e0ng tu\u1ea7n tr\u00ean c\u00e1c t\u1ea1p ch\u00ed danh ti\u1ebfng tr\u00ean to\u00e0n th\u1ebf gi\u1edbi.&nbsp;<\/p>\n\n\n\n<p>V\u1edbi t\u01b0 c\u00e1ch l\u00e0 m\u1ed9t hu\u1ea5n luy\u1ec7n vi\u00ean v\u00e0 nh\u00e0 gi\u00e1o d\u1ee5c, b\u00e0 c\u00f3 uy t\u00edn \u0111\u00e1ng n\u1ec3 v\u1ec1 s\u1ef1 xu\u1ea5t s\u1eafc v\u00e0 ch\u1ea5t l\u01b0\u1ee3ng, khi\u1ebfn t\u1ea1p ch\u00ed Tatler m\u00f4 t\u1ea3 b\u00e0 l\u00e0 \u201cKarl Lagerfield\u201d c\u1ee7a ng\u00e0nh l\u00e0m m\u00f3ng.<\/p>\n\n\n\n<p>L\u00e0 ng\u01b0\u1eddi th\u01b0\u1eddng xuy\u00ean \u0111\u00f3ng g\u00f3p cho gi\u1edbi truy\u1ec1n th\u00f4ng, Marian t\u1eebng l\u00e0 Ch\u1ee7 t\u1ecbch Di\u1ec5n \u0111\u00e0n D\u1ecbch v\u1ee5 L\u00e0m m\u00f3ng v\u00e0 \u1ee6y vi\u00ean \u1ee6y ban C\u01a1 quan L\u00e0m \u0111\u1eb9p v\u00e0 L\u00e0m t\u00f3c (Habia) trong nhi\u1ec1u n\u0103m.<\/p>\n\n\n\n<p>Cu\u1ed1n s\u00e1ch &#039;The Complete Nail Technician&#039; c\u1ee7a b\u00e0 l\u00e0 cu\u1ed1n s\u00e1ch gi\u00e1o khoa chu\u1ea9n m\u1ef1c cho ng\u00e0nh n\u00e0y v\u00e0 hi\u1ec7n \u0111\u00e3 xu\u1ea5t b\u1ea3n \u0111\u1ebfn l\u1ea7n th\u1ee9 4.<\/p>\n\n\n\n<p>Nh\u1edd nh\u1eefng \u0111\u00f3ng g\u00f3p cho Ng\u00e0nh c\u00f4ng nghi\u1ec7p l\u00e0m \u0111\u1eb9p trong th\u1eddi k\u1ef3 Covid-19, Marian \u0111\u00e3 \u0111\u01b0\u1ee3c trao t\u1eb7ng Hu\u00e2n ch\u01b0\u01a1ng \u0110\u1ebf qu\u1ed1c Anh trong Danh s\u00e1ch vinh danh nh\u00e2n sinh nh\u1eadt N\u1eef ho\u00e0ng n\u0103m 2020.<\/p>\n<\/div><\/div>\n<\/div><\/div>\n\n\n\n<div style=\"height:39px\" aria-hidden=\"true\" class=\"wp-block-spacer\"><\/div>\n\n\n\n<div class=\"wp-block-group mb-0 has-background\" style=\"background-color:#efefef\"><div class=\"wp-block-group__inner-container is-layout-constrained wp-block-group-is-layout-constrained\">\n<div style=\"height:39px\" aria-hidden=\"true\" class=\"wp-block-spacer\"><\/div>\n\n\n\n<div class=\"wp-block-columns mx-auto container-max-width-1200 py-2 is-layout-flex wp-container-core-columns-is-layout-9d6595d7 wp-block-columns-is-layout-flex\">\n<div class=\"wp-block-column is-layout-flow wp-block-column-is-layout-flow\">\n<h2 class=\"wp-block-heading\">C\u00e1c chuy\u00ean gia c\u1ee7a ch\u00fang t\u00f4i \u0111\u00e3 vi\u1ebft nh\u1eefng cu\u1ed1n s\u00e1ch hay nh\u1ea5t v\u1ec1 m\u00f3ng tay<\/h2>\n\n\n\n<p>C\u00e1c chuy\u00ean gia tr\u00ean to\u00e0n th\u1ebf gi\u1edbi c\u1ee7a ch\u00fang t\u00f4i, v\u1edbi h\u01a1n 100 n\u0103m kinh nghi\u1ec7m k\u1ebft h\u1ee3p, l\u00e0 nh\u1eefng chuy\u00ean gia h\u00e0ng \u0111\u1ea7u trong ng\u00e0nh li\u00ean k\u1ebft v\u1edbi NailKnowledge. C\u00f9ng nhau, h\u1ecd \u0111\u00e3 c\u00f3 \u1ea3nh h\u01b0\u1edfng \u0111\u00e1ng k\u1ec3 \u0111\u1ebfn ng\u00e0nh c\u00f4ng nghi\u1ec7p l\u00e0m \u0111\u1eb9p trong su\u1ed1t s\u1ef1 nghi\u1ec7p l\u00e2u d\u00e0i c\u1ee7a m\u00ecnh. Nh\u1eefng \u0111\u00f3ng g\u00f3p c\u1ee7a h\u1ecd bao g\u1ed3m bi\u00ean so\u1ea1n nhi\u1ec1u cu\u1ed1n s\u00e1ch, t\u1ea1o ra c\u00e1c ch\u01b0\u01a1ng tr\u00ecnh \u0111\u00e0o t\u1ea1o video v\u00e0 \u00e2m thanh, v\u00e0 s\u1ea3n xu\u1ea5t h\u00e0ng ch\u1ee5c b\u00e0i b\u00e1o t\u1ea1p ch\u00ed t\u1eadp trung v\u00e0o c\u00e1c s\u1ea3n ph\u1ea9m c\u1ee7a ti\u1ec7m, s\u1ef1 an to\u00e0n v\u00e0 c\u00e1c ph\u01b0\u01a1ng ph\u00e1p t\u1ed1i \u01b0u cho c\u00e1c chuy\u00ean gia th\u1ea9m m\u1ef9 vi\u1ec7n.<\/p>\n\n\n\n<p><\/p>\n\n\n\n<p>M\u1eccI TH\u1ee8 b\u1ea1n c\u1ea7n bi\u1ebft \u0111\u1ec3 tr\u1edf th\u00e0nh b\u1eadc th\u1ea7y th\u1ef1c s\u1ef1 v\u1ec1 l\u00e0m m\u00f3ng. <\/p>\n\n\n\n<div class=\"wp-block-buttons is-layout-flex wp-block-buttons-is-layout-flex\">\n<div class=\"wp-block-button has-custom-width wp-block-button__width-100 has-custom-font-size\" style=\"font-size:24px\"><a class=\"wp-block-button__link has-background wp-element-button\" href=\"https:\/\/nailknowledge.org\/vi\/cua-hang\/\" style=\"border-radius:10px;background:linear-gradient(320deg,rgb(4,130,180) 0%,rgb(4,86,180) 98%)\">\u0110\u00e1nh gi\u00e1 S\u00e1ch \u0111i\u1ec7n t\u1eed c\u1ee7a ch\u00fang t\u00f4i<\/a><\/div>\n<\/div>\n<\/div>\n\n\n\n<div class=\"wp-block-column is-layout-flow wp-block-column-is-layout-flow\">\n<figure class=\"wp-block-image size-full\"><a href=\"https:\/\/nailknowledge.org\/vi\/cua-hang\/\"><img loading=\"lazy\" decoding=\"async\" width=\"1000\" height=\"1000\" src=\"https:\/\/nailknowledge.org\/wp-content\/uploads\/2023\/11\/Doug-Schoon-Face-to-Face.jpg\" alt=\"\" class=\"wp-image-94669\" srcset=\"https:\/\/nailknowledge.org\/wp-content\/uploads\/2023\/11\/Doug-Schoon-Face-to-Face.jpg 1000w, https:\/\/nailknowledge.org\/wp-content\/uploads\/2023\/11\/Doug-Schoon-Face-to-Face-300x300.jpg 300w, https:\/\/nailknowledge.org\/wp-content\/uploads\/2023\/11\/Doug-Schoon-Face-to-Face-180x180.jpg 180w, https:\/\/nailknowledge.org\/wp-content\/uploads\/2023\/11\/Doug-Schoon-Face-to-Face-600x600.jpg 600w, https:\/\/nailknowledge.org\/wp-content\/uploads\/2023\/11\/Doug-Schoon-Face-to-Face-150x150.jpg 150w, https:\/\/nailknowledge.org\/wp-content\/uploads\/2023\/11\/Doug-Schoon-Face-to-Face-768x768.jpg 768w, https:\/\/nailknowledge.org\/wp-content\/uploads\/2023\/11\/Doug-Schoon-Face-to-Face-12x12.jpg 12w\" sizes=\"auto, (max-width: 1000px) 100vw, 1000px\" \/><\/a><\/figure>\n<\/div>\n<\/div>\n\n\n<div class=\"wp-block-image\">\n<figure class=\"aligncenter size-large\"><img loading=\"lazy\" decoding=\"async\" width=\"1024\" height=\"360\" src=\"https:\/\/nailknowledge.org\/wp-content\/uploads\/2021\/01\/ask-the-experts-rectangle-1024x360.png\" alt=\"\" class=\"wp-image-73558\" srcset=\"https:\/\/nailknowledge.org\/wp-content\/uploads\/2021\/01\/ask-the-experts-rectangle-1024x360.png 1024w, https:\/\/nailknowledge.org\/wp-content\/uploads\/2021\/01\/ask-the-experts-rectangle-600x211.png 600w, https:\/\/nailknowledge.org\/wp-content\/uploads\/2021\/01\/ask-the-experts-rectangle-300x106.png 300w, https:\/\/nailknowledge.org\/wp-content\/uploads\/2021\/01\/ask-the-experts-rectangle-768x270.png 768w, https:\/\/nailknowledge.org\/wp-content\/uploads\/2021\/01\/ask-the-experts-rectangle-1536x540.png 1536w, https:\/\/nailknowledge.org\/wp-content\/uploads\/2021\/01\/ask-the-experts-rectangle.png 1541w\" sizes=\"auto, (max-width: 1024px) 100vw, 1024px\" \/><\/figure>\n<\/div>\n\n\n<div style=\"height:39px\" aria-hidden=\"true\" class=\"wp-block-spacer\"><\/div>\n<\/div><\/div>","protected":false},"excerpt":{"rendered":"<p>Marian Newman, BEM Nail Expert, Author and Educator Marian has worked in every aspect of the nail industry since opening a \u2018nails only\u2019 salon in 1987. Author, teacher, brand educator, she is regarded as one of the top nail practitioners in the world, with a long history of working with some of the world\u2019s leading [&hellip;]<\/p>\n","protected":false},"author":2,"featured_media":0,"parent":0,"menu_order":0,"comment_status":"closed","ping_status":"closed","template":"","meta":{"_yoast_wpseo_focuskw":"","_yoast_wpseo_metadesc":"","_genesis_hide_title":false,"_genesis_hide_breadcrumbs":false,"_genesis_hide_singular_image":false,"_genesis_hide_footer_widgets":false,"_genesis_custom_body_class":"","_genesis_custom_post_class":"","_genesis_layout":"","footnotes":""},"class_list":{"0":"post-29601","1":"page","2":"type-page","3":"status-publish","5":"entry"},"yoast_head":"<!-- This site is optimized with the Yoast SEO plugin v27.4 - https:\/\/yoast.com\/product\/yoast-seo-wordpress\/ -->\n<title>Marian Newman - NailKnowledge<\/title>\n<meta name=\"robots\" content=\"index, follow, max-snippet:-1, max-image-preview:large, max-video-preview:-1\" \/>\n<link rel=\"canonical\" href=\"https:\/\/nailknowledge.org\/vi\/chuyen-gia-nailknowledge-marian-newman\/\" \/>\n<meta property=\"og:locale\" content=\"vi_VN\" \/>\n<meta property=\"og:type\" content=\"article\" \/>\n<meta property=\"og:title\" content=\"Marian Newman - NailKnowledge\" \/>\n<meta property=\"og:description\" content=\"Marian Newman, BEM Nail Expert, Author and Educator Marian has worked in every aspect of the nail industry since opening a \u2018nails only\u2019 salon in 1987. Author, teacher, brand educator, she is regarded as one of the top nail practitioners in the world, with a long history of working with some of the world\u2019s leading [&hellip;]\" \/>\n<meta property=\"og:url\" content=\"https:\/\/nailknowledge.org\/vi\/chuyen-gia-nailknowledge-marian-newman\/\" \/>\n<meta property=\"og:site_name\" content=\"NailKnowledge\" \/>\n<meta property=\"article:modified_time\" content=\"2024-01-23T18:42:17+00:00\" \/>\n<meta property=\"og:image\" content=\"https:\/\/nailknowledge.org\/wp-content\/uploads\/2023\/03\/image002.jpg\" \/>\n\t<meta property=\"og:image:width\" content=\"545\" \/>\n\t<meta property=\"og:image:height\" content=\"295\" \/>\n\t<meta property=\"og:image:type\" content=\"image\/jpeg\" \/>\n<meta name=\"twitter:card\" content=\"summary_large_image\" \/>\n<meta name=\"twitter:label1\" content=\"\u01af\u1edbc t\u00ednh th\u1eddi gian \u0111\u1ecdc\" \/>\n\t<meta name=\"twitter:data1\" content=\"2 ph\u00fat\" \/>\n<script type=\"application\/ld+json\" class=\"yoast-schema-graph\">{\"@context\":\"https:\\\/\\\/schema.org\",\"@graph\":[{\"@type\":\"WebPage\",\"@id\":\"https:\\\/\\\/nailknowledge.org\\\/nailknowledge-expert-marian-newman\",\"url\":\"https:\\\/\\\/nailknowledge.org\\\/nailknowledge-expert-marian-newman\",\"name\":\"Marian Newman - NailKnowledge\",\"isPartOf\":{\"@id\":\"https:\\\/\\\/new.nailknowledge.org\\\/#website\"},\"primaryImageOfPage\":{\"@id\":\"https:\\\/\\\/nailknowledge.org\\\/nailknowledge-expert-marian-newman#primaryimage\"},\"image\":{\"@id\":\"https:\\\/\\\/nailknowledge.org\\\/nailknowledge-expert-marian-newman#primaryimage\"},\"thumbnailUrl\":\"https:\\\/\\\/nailknowledge.org\\\/wp-content\\\/uploads\\\/2020\\\/01\\\/marian-newman-600x801.jpg\",\"datePublished\":\"2020-10-27T21:53:45+00:00\",\"dateModified\":\"2024-01-23T18:42:17+00:00\",\"breadcrumb\":{\"@id\":\"https:\\\/\\\/nailknowledge.org\\\/nailknowledge-expert-marian-newman#breadcrumb\"},\"inLanguage\":\"vi\",\"potentialAction\":[{\"@type\":\"ReadAction\",\"target\":[\"https:\\\/\\\/nailknowledge.org\\\/nailknowledge-expert-marian-newman\"]}]},{\"@type\":\"ImageObject\",\"inLanguage\":\"vi\",\"@id\":\"https:\\\/\\\/nailknowledge.org\\\/nailknowledge-expert-marian-newman#primaryimage\",\"url\":\"https:\\\/\\\/nailknowledge.org\\\/wp-content\\\/uploads\\\/2020\\\/01\\\/marian-newman-600x801.jpg\",\"contentUrl\":\"https:\\\/\\\/nailknowledge.org\\\/wp-content\\\/uploads\\\/2020\\\/01\\\/marian-newman-600x801.jpg\"},{\"@type\":\"BreadcrumbList\",\"@id\":\"https:\\\/\\\/nailknowledge.org\\\/nailknowledge-expert-marian-newman#breadcrumb\",\"itemListElement\":[{\"@type\":\"ListItem\",\"position\":1,\"name\":\"Home\",\"item\":\"https:\\\/\\\/nailknowledge.org\\\/\"},{\"@type\":\"ListItem\",\"position\":2,\"name\":\"Marian Newman\"}]},{\"@type\":\"WebSite\",\"@id\":\"https:\\\/\\\/new.nailknowledge.org\\\/#website\",\"url\":\"https:\\\/\\\/new.nailknowledge.org\\\/\",\"name\":\"NailKnowledge\",\"description\":\"\",\"publisher\":{\"@id\":\"https:\\\/\\\/new.nailknowledge.org\\\/#organization\"},\"potentialAction\":[{\"@type\":\"SearchAction\",\"target\":{\"@type\":\"EntryPoint\",\"urlTemplate\":\"https:\\\/\\\/new.nailknowledge.org\\\/?s={search_term_string}\"},\"query-input\":{\"@type\":\"PropertyValueSpecification\",\"valueRequired\":true,\"valueName\":\"search_term_string\"}}],\"inLanguage\":\"vi\"},{\"@type\":\"Organization\",\"@id\":\"https:\\\/\\\/new.nailknowledge.org\\\/#organization\",\"name\":\"NailKnowledge\",\"url\":\"https:\\\/\\\/new.nailknowledge.org\\\/\",\"logo\":{\"@type\":\"ImageObject\",\"inLanguage\":\"vi\",\"@id\":\"https:\\\/\\\/new.nailknowledge.org\\\/#\\\/schema\\\/logo\\\/image\\\/\",\"url\":\"https:\\\/\\\/nailknowledge.org\\\/wp-content\\\/uploads\\\/2026\\\/03\\\/KN-Logo-1.webp\",\"contentUrl\":\"https:\\\/\\\/nailknowledge.org\\\/wp-content\\\/uploads\\\/2026\\\/03\\\/KN-Logo-1.webp\",\"width\":542,\"height\":100,\"caption\":\"NailKnowledge\"},\"image\":{\"@id\":\"https:\\\/\\\/new.nailknowledge.org\\\/#\\\/schema\\\/logo\\\/image\\\/\"}}]}<\/script>\n<!-- \/ Yoast SEO plugin. -->","yoast_head_json":{"title":"Marian Newman - Ki\u1ebfn th\u1ee9c v\u1ec1 m\u00f3ng tay","robots":{"index":"index","follow":"follow","max-snippet":"max-snippet:-1","max-image-preview":"max-image-preview:large","max-video-preview":"max-video-preview:-1"},"canonical":"https:\/\/nailknowledge.org\/vi\/chuyen-gia-nailknowledge-marian-newman\/","og_locale":"vi_VN","og_type":"article","og_title":"Marian Newman - NailKnowledge","og_description":"Marian Newman, BEM Nail Expert, Author and Educator Marian has worked in every aspect of the nail industry since opening a \u2018nails only\u2019 salon in 1987. Author, teacher, brand educator, she is regarded as one of the top nail practitioners in the world, with a long history of working with some of the world\u2019s leading [&hellip;]","og_url":"https:\/\/nailknowledge.org\/vi\/chuyen-gia-nailknowledge-marian-newman\/","og_site_name":"NailKnowledge","article_modified_time":"2024-01-23T18:42:17+00:00","og_image":[{"width":545,"height":295,"url":"https:\/\/nailknowledge.org\/wp-content\/uploads\/2023\/03\/image002.jpg","type":"image\/jpeg"}],"twitter_card":"summary_large_image","twitter_misc":{"\u01af\u1edbc t\u00ednh th\u1eddi gian \u0111\u1ecdc":"2 ph\u00fat"},"schema":{"@context":"https:\/\/schema.org","@graph":[{"@type":"WebPage","@id":"https:\/\/nailknowledge.org\/nailknowledge-expert-marian-newman","url":"https:\/\/nailknowledge.org\/nailknowledge-expert-marian-newman","name":"Marian Newman - Ki\u1ebfn th\u1ee9c v\u1ec1 m\u00f3ng tay","isPartOf":{"@id":"https:\/\/new.nailknowledge.org\/#website"},"primaryImageOfPage":{"@id":"https:\/\/nailknowledge.org\/nailknowledge-expert-marian-newman#primaryimage"},"image":{"@id":"https:\/\/nailknowledge.org\/nailknowledge-expert-marian-newman#primaryimage"},"thumbnailUrl":"https:\/\/nailknowledge.org\/wp-content\/uploads\/2020\/01\/marian-newman-600x801.jpg","datePublished":"2020-10-27T21:53:45+00:00","dateModified":"2024-01-23T18:42:17+00:00","breadcrumb":{"@id":"https:\/\/nailknowledge.org\/nailknowledge-expert-marian-newman#breadcrumb"},"inLanguage":"vi","potentialAction":[{"@type":"ReadAction","target":["https:\/\/nailknowledge.org\/nailknowledge-expert-marian-newman"]}]},{"@type":"ImageObject","inLanguage":"vi","@id":"https:\/\/nailknowledge.org\/nailknowledge-expert-marian-newman#primaryimage","url":"https:\/\/nailknowledge.org\/wp-content\/uploads\/2020\/01\/marian-newman-600x801.jpg","contentUrl":"https:\/\/nailknowledge.org\/wp-content\/uploads\/2020\/01\/marian-newman-600x801.jpg"},{"@type":"BreadcrumbList","@id":"https:\/\/nailknowledge.org\/nailknowledge-expert-marian-newman#breadcrumb","itemListElement":[{"@type":"ListItem","position":1,"name":"Home","item":"https:\/\/nailknowledge.org\/"},{"@type":"ListItem","position":2,"name":"Marian Newman"}]},{"@type":"WebSite","@id":"https:\/\/new.nailknowledge.org\/#website","url":"https:\/\/new.nailknowledge.org\/","name":"Ki\u1ebfn th\u1ee9c v\u1ec1 m\u00f3ng tay","description":"","publisher":{"@id":"https:\/\/new.nailknowledge.org\/#organization"},"potentialAction":[{"@type":"SearchAction","target":{"@type":"EntryPoint","urlTemplate":"https:\/\/new.nailknowledge.org\/?s={search_term_string}"},"query-input":{"@type":"PropertyValueSpecification","valueRequired":true,"valueName":"search_term_string"}}],"inLanguage":"vi"},{"@type":"Organization","@id":"https:\/\/new.nailknowledge.org\/#organization","name":"Ki\u1ebfn th\u1ee9c v\u1ec1 m\u00f3ng tay","url":"https:\/\/new.nailknowledge.org\/","logo":{"@type":"ImageObject","inLanguage":"vi","@id":"https:\/\/new.nailknowledge.org\/#\/schema\/logo\/image\/","url":"https:\/\/nailknowledge.org\/wp-content\/uploads\/2026\/03\/KN-Logo-1.webp","contentUrl":"https:\/\/nailknowledge.org\/wp-content\/uploads\/2026\/03\/KN-Logo-1.webp","width":542,"height":100,"caption":"NailKnowledge"},"image":{"@id":"https:\/\/new.nailknowledge.org\/#\/schema\/logo\/image\/"}}]}},"_links":{"self":[{"href":"https:\/\/nailknowledge.org\/vi\/wp-json\/wp\/v2\/pages\/29601","targetHints":{"allow":["GET"]}}],"collection":[{"href":"https:\/\/nailknowledge.org\/vi\/wp-json\/wp\/v2\/pages"}],"about":[{"href":"https:\/\/nailknowledge.org\/vi\/wp-json\/wp\/v2\/types\/page"}],"author":[{"embeddable":true,"href":"https:\/\/nailknowledge.org\/vi\/wp-json\/wp\/v2\/users\/2"}],"replies":[{"embeddable":true,"href":"https:\/\/nailknowledge.org\/vi\/wp-json\/wp\/v2\/comments?post=29601"}],"version-history":[{"count":0,"href":"https:\/\/nailknowledge.org\/vi\/wp-json\/wp\/v2\/pages\/29601\/revisions"}],"wp:attachment":[{"href":"https:\/\/nailknowledge.org\/vi\/wp-json\/wp\/v2\/media?parent=29601"}],"curies":[{"name":"wp","href":"https:\/\/api.w.org\/{rel}","templated":true}]}}